{"id":13973,"date":"2023-11-08T15:53:54","date_gmt":"2023-11-08T15:53:54","guid":{"rendered":"https:\/\/moverdb.com\/freight-forwarder\/freight-forwarding-uk\/nuneaton-freight-forwarder\/"},"modified":"2026-01-08T13:17:41","modified_gmt":"2026-01-08T13:17:41","slug":"nuneaton-freight-forwarder","status":"publish","type":"page","link":"https:\/\/moverdb.com\/es\/freight-forwarder\/freight-forwarding-uk\/nuneaton-freight-forwarder\/","title":{"rendered":"3 mejores empresas de transporte de mercanc\u00edas de Nuneaton (2024)"},"content":{"rendered":"<p>A continuaci\u00f3n examinamos los 3 <em>\"mejor\"<\/em> Empresas de transporte de mercanc\u00edas en Nuneaton de 4.<\/p>\n<p>Para saber m\u00e1s sobre c\u00f3mo elegimos a los mejores, consulte nuestra secci\u00f3n de preguntas frecuentes al final.<\/p>\n<p><em>Tenga en cuenta que los siguientes listados no siguen ning\u00fan orden en particular y que no recomendamos ninguna empresa en concreto.<\/em><\/p>\n<div id=\"ez-toc-container\" class=\"ez-toc-v2_0_82_2 ez-toc-wrap-left counter-hierarchy ez-toc-counter ez-toc-transparent ez-toc-container-direction\">\n<div class=\"ez-toc-title-container\">\n<p class=\"ez-toc-title\" style=\"cursor:inherit\">Secciones<\/p>\n<span class=\"ez-toc-title-toggle\"><a href=\"#\" class=\"ez-toc-pull-right ez-toc-btn ez-toc-btn-xs ez-toc-btn-default ez-toc-toggle\" aria-label=\"Alternar tabla de contenidos\"><span class=\"ez-toc-js-icon-con\"><span class=\"\"><span class=\"eztoc-hide\" style=\"display:none;\">Toggle<\/span><span class=\"ez-toc-icon-toggle-span\"><svg style=\"fill: #999;color:#999\" xmlns=\"http:\/\/www.w3.org\/2000\/svg\" class=\"list-377408\" width=\"20px\" height=\"20px\" viewbox=\"0 0 24 24\" fill=\"none\"><path d=\"M6 6H4v2h2V6zm14 0H8v2h12V6zM4 11h2v2H4v-2zm16 0H8v2h12v-2zM4 16h2v2H4v-2zm16 0H8v2h12v-2z\" fill=\"currentColor\"><\/path><\/svg><svg style=\"fill: #999;color:#999\" class=\"arrow-unsorted-368013\" xmlns=\"http:\/\/www.w3.org\/2000\/svg\" width=\"10px\" height=\"10px\" viewbox=\"0 0 24 24\" version=\"1.2\" baseprofile=\"tiny\"><path d=\"M18.2 9.3l-6.2-6.3-6.2 6.3c-.2.2-.3.4-.3.7s.1.5.3.7c.2.2.4.3.7.3h11c.3 0 .5-.1.7-.3.2-.2.3-.5.3-.7s-.1-.5-.3-.7zM5.8 14.7l6.2 6.3 6.2-6.3c.2-.2.3-.5.3-.7s-.1-.5-.3-.7c-.2-.2-.4-.3-.7-.3h-11c-.3 0-.5.1-.7.3-.2.2-.3.5-.3.7s.1.5.3.7z\"\/><\/svg><\/span><\/span><\/span><\/a><\/span><\/div>\n<nav><ul class='ez-toc-list ez-toc-list-level-1 eztoc-toggle-hide-by-default' ><li class='ez-toc-page-1 ez-toc-heading-level-2'><a class=\"ez-toc-link ez-toc-heading-1\" href=\"https:\/\/moverdb.com\/es\/freight-forwarder\/freight-forwarding-uk\/nuneaton-freight-forwarder\/#DB_Schenker_Ltd\" >DB Schenker Ltd<\/a><\/li><li class='ez-toc-page-1 ez-toc-heading-level-2'><a class=\"ez-toc-link ez-toc-heading-2\" href=\"https:\/\/moverdb.com\/es\/freight-forwarder\/freight-forwarding-uk\/nuneaton-freight-forwarder\/#Independent_Freight\" >Carga independiente<\/a><\/li><li class='ez-toc-page-1 ez-toc-heading-level-2'><a class=\"ez-toc-link ez-toc-heading-3\" href=\"https:\/\/moverdb.com\/es\/freight-forwarder\/freight-forwarding-uk\/nuneaton-freight-forwarder\/#DB_Schenker\" >DB Schenker<\/a><\/li><li class='ez-toc-page-1 ez-toc-heading-level-2'><a class=\"ez-toc-link ez-toc-heading-4\" href=\"https:\/\/moverdb.com\/es\/freight-forwarder\/freight-forwarding-uk\/nuneaton-freight-forwarder\/#How_we_picked_the_best_Nuneaton_Freight_Forwarding_Companies\" >C\u00f3mo hemos elegido las mejores empresas de transporte de Nuneaton<\/a><\/li><\/ul><\/nav><\/div>\n<h2><span class=\"ez-toc-section\" id=\"DB_Schenker_Ltd\"><\/span>DB Schenker Ltd<span class=\"ez-toc-section-end\"><\/span><\/h2>\n<p><img decoding=\"async\" src=\"https:\/\/moverdb.com\/wp-content\/uploads\/AF1QipNIqwxI0DjqO1A71FKu0afmGM-j_kuvclQ0wSkWw408-h544-k-no.jpg\" alt='DB Schenker Ltd' class=\"aligncenter\"><\/p>\n<p><strong>Descripci\u00f3n de la empresa: <\/strong>Ninguno<\/p>\n<p><strong>Servicios adicionales:<\/strong><\/p>\n<p>Ninguno<\/p>\n<p><strong>Direcci\u00f3n:<\/strong> Kelsey Cl, Nuneaton CV11 6XN<\/p>\n<p><a href=\"https:\/\/www.dbschenker.com\/global\" target=\"_new\" rel=\"noopener\">Sitio web de DB Schenker Ltd<\/a><\/p>\n<p><strong>Puntuaci\u00f3n de la revisi\u00f3n: <\/strong>4<br \/> <strong>N\u00famero de rese\u00f1as:<\/strong> 20<br \/><a href=\"https:\/\/www.google.co.uk\/maps?cid=1896760158951115487&#038;hl=en&#038;gl=GB\" target=\"_new\" rel=\"noopener\">Leer comentarios<\/a><\/p>\n<h2><span class=\"ez-toc-section\" id=\"Independent_Freight\"><\/span>Carga independiente<span class=\"ez-toc-section-end\"><\/span><\/h2>\n<p><img decoding=\"async\" src=\"https:\/\/moverdb.com\/wp-content\/uploads\/AF1QipPWmv3E8RJE8Ze1pohjiN8_YI9tjeZKeMgLH9ilw432-h240-k-no.png\" alt='Carga independiente' class=\"aligncenter\"><\/p>\n<p><strong>Descripci\u00f3n de la empresa: <\/strong>Invirtiendo personalmente en su viaje de carga.<\/p>\n<p> Como empresa transitaria, ofrecemos una amplia gama de servicios de transporte y aduanas, que har\u00e1n que su gesti\u00f3n log\u00edstica sea m\u00e1s rentable y sin complicaciones.<\/p>\n<p>\u00e2\u20ac\u00a2 Flete, a\u00c3\u00a9reo, mar\u00c3timo o por carretera<br \/>\n\u00e2\u20ac\u00a2 Agente de aduanas<br \/>\n\u00e2\u20ac\u00a2 Tr\u00c3\u00a1mites de importaci\u00c3\u00b3n y exportaci\u00c3\u00b3n<br \/>\n\u00e2\u20ac\u00a2 Servicio de mensajer\u00c3a<br \/>\nEmbalaje para exportaci\u00f3n<br \/>\n\u00e2\u20ac\u00a2 Seguros<\/p>\n<p><strong>Servicios adicionales:<\/strong><\/p>\n<p>Servicio de mensajer\u00eda<\/p>\n<p>Agente de aduanas<\/p>\n<p>Consultor aduanero<\/p>\n<p>Empresa de mensajer\u00eda<\/p>\n<p>Servicio de env\u00edo<\/p>\n<p><strong>Direcci\u00f3n:<\/strong> 5-6 Alliance Cl, Attleborough Fields Industrial Estate, Nuneaton CV11 6SD<\/p>\n<p><a href=\"https:\/\/independent-freight.com\/\" target=\"_new\" rel=\"noopener\">P\u00e1gina web de Independent Freight<\/a><\/p>\n<p><strong>Puntuaci\u00f3n de la revisi\u00f3n: <\/strong>5<br \/> <strong>N\u00famero de rese\u00f1as:<\/strong> 2<br \/><a href=\"https:\/\/www.google.co.uk\/maps?cid=354453516850828276&#038;hl=en&#038;gl=GB\" target=\"_new\" rel=\"noopener\">Leer comentarios<\/a><\/p>\n<h2><span class=\"ez-toc-section\" id=\"DB_Schenker\"><\/span>DB Schenker<span class=\"ez-toc-section-end\"><\/span><\/h2>\n<p><img decoding=\"async\" src=\"https:\/\/moverdb.com\/wp-content\/uploads\/AF1QipPTT4KsiEfA8QnNWwfRYLwJ93JX7yU8KN01ArgNw408-h306-k-no.jpg\" alt='DB Schenker' class=\"aligncenter\"><\/p>\n<p><strong>Descripci\u00f3n de la empresa: <\/strong>Ninguno<\/p>\n<p><strong>Servicios adicionales:<\/strong><\/p>\n<p>Empresa de mensajer\u00eda<\/p>\n<p><strong>Direcci\u00f3n:<\/strong> Kelsey Close Attleborough Fields Ind Estate, Nuneaton CV11 6XN<\/p>\n<p><a href=\"http:\/\/www.dbschenker.com\/uk\" target=\"_new\" rel=\"noopener\">Sitio web de DB Schenker<\/a><\/p>\n<p><strong>Puntuaci\u00f3n de la revisi\u00f3n: <\/strong>3.6<br \/> <strong>N\u00famero de rese\u00f1as:<\/strong> 107<br \/><a href=\"https:\/\/www.google.co.uk\/maps?cid=1896760158951115487&#038;hl=en&#038;gl=GB\" target=\"_new\" rel=\"noopener\">Leer comentarios<\/a><\/p>\n<h2><span class=\"ez-toc-section\" id=\"How_we_picked_the_best_Nuneaton_Freight_Forwarding_Companies\"><\/span>C\u00f3mo hemos elegido las mejores empresas de transporte de Nuneaton<span class=\"ez-toc-section-end\"><\/span><\/h2>\n<p>Empezamos con un conjunto de datos de 4 empresas de transporte de mercanc\u00edas de Nuneaton que pudimos encontrar a trav\u00e9s de Google Maps y lo redujimos a las 3 mejores.<\/p>\n<p>Para ello eliminamos cualquier empresa que:<\/p>\n<ul>\n<li> No ten\u00eda p\u00e1gina web<\/li>\n<li> No ten\u00eda cr\u00edticas<\/li>\n<li> Tiene una puntuaci\u00f3n media inferior a 2,0<\/li>\n<\/ul>\n<p>En ese momento, si ten\u00edamos 17 o menos transportistas, los enumer\u00e1bamos todos.<\/p>\n<p>En las ciudades en las que nos quedamos con m\u00e1s de 17 expedidores, realizamos nuevas revisiones, bien aumentando la puntuaci\u00f3n de la revisi\u00f3n requerida (por ejemplo, pasando de un m\u00ednimo de 2,0 a 4,0) y\/o aumentando el n\u00famero m\u00ednimo de revisiones requeridas (por ejemplo, pasando de al menos 1 revisi\u00f3n a al menos 10).<\/p>\n<p>Tenga en cuenta que s\u00f3lo utilizamos datos de revisi\u00f3n de Google Maps y no de otros sitios web de terceros.<\/p>\n<p>M\u00e1s ciudades:<\/p>\n<p><a href=\"https:\/\/moverdb.com\/es\/transitario\/freight-forwarding-uk\/belvedere-freight-forwarder\/\">Belvedere Freight Forwarder<\/a><br \/><a href=\"https:\/\/moverdb.com\/es\/transitario\/freight-forwarding-uk\/portsmouth-freight-forwarder\/\">Portsmouth Transitario<\/a><br \/><a href=\"https:\/\/moverdb.com\/es\/transitario\/freight-forwarding-uk\/dagenham-freight-forwarder\/\">Dagenham Freight Forwarder<\/a><br \/><a href=\"https:\/\/moverdb.com\/es\/transitario\/freight-forwarding-uk\/renfrew-freight-forwarder\/\">Transitario Renfrew<\/a><br \/><a href=\"https:\/\/moverdb.com\/es\/transitario\/freight-forwarding-uk\/maldon-freight-forwarder\/\">Transitario Maldon<\/a><\/p>","protected":false},"excerpt":{"rendered":"<p>Below we look at the 3 &#8220;best&#8221; Freight Forwarding companies in Nuneaton out of 4. To learn more about how we chose the best please consult our FAQ section at the end. Please not the following listings are in no particular order and we are not making any recommendations for any particular company. DB Schenker [&hellip;]<\/p>\n","protected":false},"author":1,"featured_media":0,"parent":13427,"menu_order":0,"comment_status":"open","ping_status":"open","template":"","meta":{"_genesis_hide_title":false,"_genesis_hide_breadcrumbs":false,"_genesis_hide_singular_image":false,"_genesis_hide_footer_widgets":false,"_genesis_custom_body_class":"","_genesis_custom_post_class":"","_genesis_layout":"","footnotes":""},"class_list":{"0":"post-13973","1":"page","2":"type-page","3":"status-publish","5":"entry"},"_links":{"self":[{"href":"https:\/\/moverdb.com\/es\/wp-json\/wp\/v2\/pages\/13973","targetHints":{"allow":["GET"]}}],"collection":[{"href":"https:\/\/moverdb.com\/es\/wp-json\/wp\/v2\/pages"}],"about":[{"href":"https:\/\/moverdb.com\/es\/wp-json\/wp\/v2\/types\/page"}],"author":[{"embeddable":true,"href":"https:\/\/moverdb.com\/es\/wp-json\/wp\/v2\/users\/1"}],"replies":[{"embeddable":true,"href":"https:\/\/moverdb.com\/es\/wp-json\/wp\/v2\/comments?post=13973"}],"version-history":[{"count":1,"href":"https:\/\/moverdb.com\/es\/wp-json\/wp\/v2\/pages\/13973\/revisions"}],"predecessor-version":[{"id":15774,"href":"https:\/\/moverdb.com\/es\/wp-json\/wp\/v2\/pages\/13973\/revisions\/15774"}],"up":[{"embeddable":true,"href":"https:\/\/moverdb.com\/es\/wp-json\/wp\/v2\/pages\/13427"}],"wp:attachment":[{"href":"https:\/\/moverdb.com\/es\/wp-json\/wp\/v2\/media?parent=13973"}],"curies":[{"name":"wp","href":"https:\/\/api.w.org\/{rel}","templated":true}]}}