{"id":13911,"date":"2023-11-08T15:53:26","date_gmt":"2023-11-08T15:53:26","guid":{"rendered":"https:\/\/moverdb.com\/freight-forwarder\/freight-forwarding-uk\/grimsby-freight-forwarder\/"},"modified":"2026-01-08T13:17:50","modified_gmt":"2026-01-08T13:17:50","slug":"grimsby-freight-forwarder","status":"publish","type":"page","link":"https:\/\/moverdb.com\/es\/freight-forwarder\/freight-forwarding-uk\/grimsby-freight-forwarder\/","title":{"rendered":"Las 4 mejores empresas de transporte de mercanc\u00edas de Grimsby (2024)"},"content":{"rendered":"<p>A continuaci\u00f3n examinamos los 4 <em>\"mejor\"<\/em> Empresas de transporte de mercanc\u00edas en Grimsby de un total de 11.<\/p>\n<p>Para saber m\u00e1s sobre c\u00f3mo elegimos a los mejores, consulte nuestra secci\u00f3n de preguntas frecuentes al final.<\/p>\n<p><em>Tenga en cuenta que los siguientes listados no siguen ning\u00fan orden en particular y que no recomendamos ninguna empresa en concreto.<\/em><\/p>\n<div id=\"ez-toc-container\" class=\"ez-toc-v2_0_82_2 ez-toc-wrap-left counter-hierarchy ez-toc-counter ez-toc-transparent ez-toc-container-direction\">\n<div class=\"ez-toc-title-container\">\n<p class=\"ez-toc-title\" style=\"cursor:inherit\">Secciones<\/p>\n<span class=\"ez-toc-title-toggle\"><a href=\"#\" class=\"ez-toc-pull-right ez-toc-btn ez-toc-btn-xs ez-toc-btn-default ez-toc-toggle\" aria-label=\"Alternar tabla de contenidos\"><span class=\"ez-toc-js-icon-con\"><span class=\"\"><span class=\"eztoc-hide\" style=\"display:none;\">Toggle<\/span><span class=\"ez-toc-icon-toggle-span\"><svg style=\"fill: #999;color:#999\" xmlns=\"http:\/\/www.w3.org\/2000\/svg\" class=\"list-377408\" width=\"20px\" height=\"20px\" viewbox=\"0 0 24 24\" fill=\"none\"><path d=\"M6 6H4v2h2V6zm14 0H8v2h12V6zM4 11h2v2H4v-2zm16 0H8v2h12v-2zM4 16h2v2H4v-2zm16 0H8v2h12v-2z\" fill=\"currentColor\"><\/path><\/svg><svg style=\"fill: #999;color:#999\" class=\"arrow-unsorted-368013\" xmlns=\"http:\/\/www.w3.org\/2000\/svg\" width=\"10px\" height=\"10px\" viewbox=\"0 0 24 24\" version=\"1.2\" baseprofile=\"tiny\"><path d=\"M18.2 9.3l-6.2-6.3-6.2 6.3c-.2.2-.3.4-.3.7s.1.5.3.7c.2.2.4.3.7.3h11c.3 0 .5-.1.7-.3.2-.2.3-.5.3-.7s-.1-.5-.3-.7zM5.8 14.7l6.2 6.3 6.2-6.3c.2-.2.3-.5.3-.7s-.1-.5-.3-.7c-.2-.2-.4-.3-.7-.3h-11c-.3 0-.5.1-.7.3-.2.2-.3.5-.3.7s.1.5.3.7z\"\/><\/svg><\/span><\/span><\/span><\/a><\/span><\/div>\n<nav><ul class='ez-toc-list ez-toc-list-level-1 eztoc-toggle-hide-by-default' ><li class='ez-toc-page-1 ez-toc-heading-level-2'><a class=\"ez-toc-link ez-toc-heading-1\" href=\"https:\/\/moverdb.com\/es\/freight-forwarder\/freight-forwarding-uk\/grimsby-freight-forwarder\/#Omega_UK_Ltd\" >Omega UK Ltd<\/a><\/li><li class='ez-toc-page-1 ez-toc-heading-level-2'><a class=\"ez-toc-link ez-toc-heading-2\" href=\"https:\/\/moverdb.com\/es\/freight-forwarder\/freight-forwarding-uk\/grimsby-freight-forwarder\/#GB_Shipping_Forwarding\" >GB Shipping &amp; Forwarding<\/a><\/li><li class='ez-toc-page-1 ez-toc-heading-level-2'><a class=\"ez-toc-link ez-toc-heading-3\" href=\"https:\/\/moverdb.com\/es\/freight-forwarder\/freight-forwarding-uk\/grimsby-freight-forwarder\/#RMS_Immingham_Grimsby\" >RMS Immingham \/ Grimsby<\/a><\/li><li class='ez-toc-page-1 ez-toc-heading-level-2'><a class=\"ez-toc-link ez-toc-heading-4\" href=\"https:\/\/moverdb.com\/es\/freight-forwarder\/freight-forwarding-uk\/grimsby-freight-forwarder\/#Andrew_James_Forwarding_Ltd\" >Andrew James Forwarding Ltd<\/a><\/li><li class='ez-toc-page-1 ez-toc-heading-level-2'><a class=\"ez-toc-link ez-toc-heading-5\" href=\"https:\/\/moverdb.com\/es\/freight-forwarder\/freight-forwarding-uk\/grimsby-freight-forwarder\/#How_we_picked_the_best_Grimsby_Freight_Forwarding_Companies\" >C\u00f3mo hemos elegido las mejores empresas transitarias de Grimsby<\/a><\/li><\/ul><\/nav><\/div>\n<h2><span class=\"ez-toc-section\" id=\"Omega_UK_Ltd\"><\/span>Omega UK Ltd<span class=\"ez-toc-section-end\"><\/span><\/h2>\n<p><img decoding=\"async\" src=\"https:\/\/moverdb.com\/wp-content\/uploads\/thumbnailpanoiddZfC_O_3S8RXAJzskWGv5gcb_clientsearch.gws-prod.gpsw408h240yaw224.jpg\" alt='Omega UK Ltd' class=\"aligncenter\"><\/p>\n<p><strong>Descripci\u00f3n de la empresa: <\/strong>Ninguno<\/p>\n<p><strong>Servicios adicionales:<\/strong><\/p>\n<p>Ninguno<\/p>\n<p><strong>Direcci\u00f3n:<\/strong> The Innovation Centre, Europarc, Innovation Way, Healing, Grimsby DN37 9TT<\/p>\n<p><a href=\"https:\/\/www.omega.co.uk\/\" target=\"_new\" rel=\"noopener\">Sitio web de Omega UK Ltd<\/a><\/p>\n<p><strong>Puntuaci\u00f3n de la revisi\u00f3n: <\/strong>5<br \/> <strong>N\u00famero de rese\u00f1as:<\/strong> 1<br \/><a href=\"https:\/\/www.google.co.uk\/maps?cid=13835199806131266652&#038;hl=en&#038;gl=GB\" target=\"_new\" rel=\"noopener\">Leer comentarios<\/a><\/p>\n<h2><span class=\"ez-toc-section\" id=\"GB_Shipping_Forwarding\"><\/span>GB Shipping &amp; Forwarding<span class=\"ez-toc-section-end\"><\/span><\/h2>\n<p><img decoding=\"async\" src=\"\" alt=\"GB Shipping &amp; Forwarding\" class=\"aligncenter\"><\/p>\n<p><strong>Descripci\u00f3n de la empresa: <\/strong>Ninguno<\/p>\n<p><strong>Servicios adicionales:<\/strong><\/p>\n<p>Empresa de mensajer\u00eda<\/p>\n<p><strong>Direcci\u00f3n:<\/strong> 1st Floor, Euroterminal Building, Alexandra Dock North, Grimsby DN31 3TD<\/p>\n<p><a href=\"http:\/\/www.gbagroup.com\/\" target=\"_new\" rel=\"noopener\">Sitio web de GB Shipping &amp; Forwarding<\/a><\/p>\n<p><strong>Puntuaci\u00f3n de la revisi\u00f3n: <\/strong>5<br \/> <strong>N\u00famero de rese\u00f1as:<\/strong> 1<br \/><a href=\"https:\/\/www.google.co.uk\/maps?cid=10615481206320769511&#038;hl=en&#038;gl=GB\" target=\"_new\" rel=\"noopener\">Leer comentarios<\/a><\/p>\n<h2><span class=\"ez-toc-section\" id=\"RMS_Immingham_Grimsby\"><\/span>RMS Immingham \/ Grimsby<span class=\"ez-toc-section-end\"><\/span><\/h2>\n<p><img decoding=\"async\" src=\"https:\/\/moverdb.com\/wp-content\/uploads\/AF1QipMTk4tcM3SsXkID5az8TabKWP0raV3u5WJ7gLr4w493-h240-k-no.jpg\" alt='RMS Immingham \/ Grimsby' class=\"aligncenter\"><\/p>\n<p><strong>Descripci\u00f3n de la empresa: <\/strong>Ninguno<\/p>\n<p><strong>Servicios adicionales:<\/strong><\/p>\n<p>Ninguno<\/p>\n<p><strong>Direcci\u00f3n:<\/strong> Alexandra Dock North, West Side Road, Grimsby DN31 3TD<\/p>\n<p><a href=\"http:\/\/www.rms-humber.co.uk\/the-humber\/rms-immingham-grimsby\" target=\"_new\" rel=\"noopener\">Sitio web del RMS Immingham \/ Grimsby<\/a><\/p>\n<p><strong>Puntuaci\u00f3n de la revisi\u00f3n: <\/strong>4.5<br \/> <strong>N\u00famero de rese\u00f1as:<\/strong> 33<br \/><a href=\"https:\/\/www.google.co.uk\/maps?cid=6761905291142039023&#038;hl=en&#038;gl=GB\" target=\"_new\" rel=\"noopener\">Leer comentarios<\/a><\/p>\n<h2><span class=\"ez-toc-section\" id=\"Andrew_James_Forwarding_Ltd\"><\/span>Andrew James Forwarding Ltd<span class=\"ez-toc-section-end\"><\/span><\/h2>\n<p><img decoding=\"async\" src=\"https:\/\/moverdb.com\/wp-content\/uploads\/AF1QipOSuIUOmoMmETXAGY9WS_Ro9u-tU2Lb2LWeEjIIw408-h406-k-no.jpg\" alt='Andrew James Forwarding Ltd' class=\"aligncenter\"><\/p>\n<p><strong>Descripci\u00f3n de la empresa: <\/strong>Somos una empresa de log\u00edstica con sede en <a href=\"https:\/\/moverdb.com\/es\/moving-to-the-uk\/\" data-internallinksmanager029f6b8e52c=\"93\" title=\"\u00bfSe muda al Reino Unido? 2026 Costes de vida y consejos de reubicaci\u00f3n\">REINO UNIDO<\/a> prestaci\u00f3n de servicios de transporte mar\u00edtimo de importaci\u00f3n y exportaci\u00f3n.<\/p>\n<p> AJF lleva m\u00e1s de una d\u00e9cada gestionando la log\u00edstica de la mayor\u00eda de las regiones del mundo, incluido Oriente Medio, <a href=\"https:\/\/moverdb.com\/es\/moving-to-india\/\" data-internallinksmanager029f6b8e52c=\"356\" title=\"\u00bfSe muda a la India? 2026 Coste de la vida y consejos para el traslado\">India<\/a>, <a href=\"https:\/\/moverdb.com\/es\/moving-to-vietnam\/\" data-internallinksmanager029f6b8e52c=\"390\" title=\"\u00bfSe muda a Vietnam? 2026 Coste de la vida y consejos para el traslado\">Vietnam<\/a> y <a href=\"https:\/\/moverdb.com\/es\/moving-to-australia\/living-in-australia\/\" data-internallinksmanager029f6b8e52c=\"240\" title=\"21 secretos sobre la vida en Australia que debes conocer antes de mudarte\">Australia<\/a>.<\/p>\n<p> Nuestros servicios de almacenamiento, entrega de pedidos a terceros y distribuci\u00f3n cubren todo el Reino Unido.<\/p>\n<p> Disponemos de completas instalaciones de despacho de aduanas, incluida la gesti\u00f3n de los requisitos de documentaci\u00f3n de la UE tras el Brexit.<\/p>\n<p> Contamos con conocimientos especializados en la manipulaci\u00f3n de cargas de proyecto y fuera de g\u00e1libo para su carga en flat racks o que requieran fletamentos parciales de buques.<\/p>\n<p> Nuestros socios de Oriente Medio operan desde Jebal Ali, <a href=\"https:\/\/moverdb.com\/es\/moving-to-the-uae\/\" data-internallinksmanager029f6b8e52c=\"329\" title=\"\u00bfMudarse a los Emiratos \u00c1rabes Unidos (EAU)? 2026 Coste de la vida y consejos para el traslado\">EAU<\/a> permitir <a href=\"https:\/\/moverdb.com\/es\/moving-to-the-united-states\/\" data-internallinksmanager029f6b8e52c=\"94\" title=\"\u00bfSe muda a Estados Unidos? 2026 Costes de vida y consejos de reubicaci\u00f3n\">us<\/a> ofrecer servicios de transbordo y consolidaci\u00f3n a todos los pa\u00edses de esta regi\u00f3n.<\/p>\n<p><strong>Servicios adicionales:<\/strong><\/p>\n<p>Agente de aduanas<\/p>\n<p>Empresa de importaci\u00f3n y exportaci\u00f3n<\/p>\n<p>Servicio log\u00edstico<\/p>\n<p>Almac\u00e9n<\/p>\n<p><strong>Direcci\u00f3n:<\/strong> Kiln Lane Trading Estate, Stallingborough, Grimsby DN41 8DY<\/p>\n<p><a href=\"https:\/\/www.andrewjamesforwarding.com\/\" target=\"_new\" rel=\"noopener\">Sitio web de Andrew James Forwarding Ltd<\/a><\/p>\n<p><strong>Puntuaci\u00f3n de la revisi\u00f3n: <\/strong>4.8<br \/> <strong>N\u00famero de rese\u00f1as:<\/strong> 4<br \/><a href=\"https:\/\/www.google.co.uk\/maps?cid=245963377216776452&#038;hl=en&#038;gl=GB\" target=\"_new\" rel=\"noopener\">Leer comentarios<\/a><\/p>\n<h2><span class=\"ez-toc-section\" id=\"How_we_picked_the_best_Grimsby_Freight_Forwarding_Companies\"><\/span>C\u00f3mo hemos elegido las mejores empresas transitarias de Grimsby<span class=\"ez-toc-section-end\"><\/span><\/h2>\n<p>Empezamos con un conjunto de datos de 11 empresas de transporte de mercanc\u00edas de Grimsby que pudimos encontrar a trav\u00e9s de Google Maps y lo redujimos a las 4 mejores.<\/p>\n<p>Para ello eliminamos cualquier empresa que:<\/p>\n<ul>\n<li> No ten\u00eda p\u00e1gina web<\/li>\n<li> No ten\u00eda cr\u00edticas<\/li>\n<li> Tiene una puntuaci\u00f3n media inferior a 2,0<\/li>\n<\/ul>\n<p>En ese momento, si ten\u00edamos 17 o menos transportistas, los enumer\u00e1bamos todos.<\/p>\n<p>En las ciudades en las que nos quedamos con m\u00e1s de 17 expedidores, realizamos nuevas revisiones, bien aumentando la puntuaci\u00f3n de la revisi\u00f3n requerida (por ejemplo, pasando de un m\u00ednimo de 2,0 a 4,0) y\/o aumentando el n\u00famero m\u00ednimo de revisiones requeridas (por ejemplo, pasando de al menos 1 revisi\u00f3n a al menos 10).<\/p>\n<p>Tenga en cuenta que s\u00f3lo utilizamos datos de revisi\u00f3n de Google Maps y no de otros sitios web de terceros.<\/p>\n<p>M\u00e1s ciudades:<\/p>\n<p><a href=\"https:\/\/moverdb.com\/es\/transitario\/freight-forwarding-uk\/cardiff-freight-forwarder\/\">Transitario en Cardiff<\/a><br \/><a href=\"https:\/\/moverdb.com\/es\/transitario\/freight-forwarding-uk\/luton-freight-forwarder\/\">Transitario en Luton<\/a><br \/><a href=\"https:\/\/moverdb.com\/es\/transitario\/freight-forwarding-uk\/milton-keynes-freight-forwarder\/\">Milton Keynes Transitario<\/a><br \/><a href=\"https:\/\/moverdb.com\/es\/transitario\/freight-forwarding-uk\/aberdeen-freight-forwarder\/\">Aberdeen Freight Forwarder<\/a><br \/><a href=\"https:\/\/moverdb.com\/es\/transitario\/freight-forwarding-uk\/heywood-freight-forwarder\/\">Heywood Freight Forwarder<\/a><\/p>","protected":false},"excerpt":{"rendered":"<p>Below we look at the 4 &#8220;best&#8221; Freight Forwarding companies in Grimsby out of 11. To learn more about how we chose the best please consult our FAQ section at the end. Please not the following listings are in no particular order and we are not making any recommendations for any particular company. Omega UK [&hellip;]<\/p>\n","protected":false},"author":1,"featured_media":0,"parent":13427,"menu_order":0,"comment_status":"open","ping_status":"open","template":"","meta":{"_genesis_hide_title":false,"_genesis_hide_breadcrumbs":false,"_genesis_hide_singular_image":false,"_genesis_hide_footer_widgets":false,"_genesis_custom_body_class":"","_genesis_custom_post_class":"","_genesis_layout":"","footnotes":""},"class_list":{"0":"post-13911","1":"page","2":"type-page","3":"status-publish","5":"entry"},"_links":{"self":[{"href":"https:\/\/moverdb.com\/es\/wp-json\/wp\/v2\/pages\/13911","targetHints":{"allow":["GET"]}}],"collection":[{"href":"https:\/\/moverdb.com\/es\/wp-json\/wp\/v2\/pages"}],"about":[{"href":"https:\/\/moverdb.com\/es\/wp-json\/wp\/v2\/types\/page"}],"author":[{"embeddable":true,"href":"https:\/\/moverdb.com\/es\/wp-json\/wp\/v2\/users\/1"}],"replies":[{"embeddable":true,"href":"https:\/\/moverdb.com\/es\/wp-json\/wp\/v2\/comments?post=13911"}],"version-history":[{"count":1,"href":"https:\/\/moverdb.com\/es\/wp-json\/wp\/v2\/pages\/13911\/revisions"}],"predecessor-version":[{"id":15783,"href":"https:\/\/moverdb.com\/es\/wp-json\/wp\/v2\/pages\/13911\/revisions\/15783"}],"up":[{"embeddable":true,"href":"https:\/\/moverdb.com\/es\/wp-json\/wp\/v2\/pages\/13427"}],"wp:attachment":[{"href":"https:\/\/moverdb.com\/es\/wp-json\/wp\/v2\/media?parent=13911"}],"curies":[{"name":"wp","href":"https:\/\/api.w.org\/{rel}","templated":true}]}}