{"id":13821,"date":"2023-11-08T15:52:42","date_gmt":"2023-11-08T15:52:42","guid":{"rendered":"https:\/\/moverdb.com\/freight-forwarder\/freight-forwarding-uk\/sunbury-on-thames-freight-forwarder\/"},"modified":"2026-01-08T13:18:10","modified_gmt":"2026-01-08T13:18:10","slug":"sunbury-on-thames-freight-forwarder","status":"publish","type":"page","link":"https:\/\/moverdb.com\/es\/freight-forwarder\/freight-forwarding-uk\/sunbury-on-thames-freight-forwarder\/","title":{"rendered":"7 mejores empresas de transporte de Sunbury-on-Thames (2024)"},"content":{"rendered":"<p>A continuaci\u00f3n examinamos los 7 <em>\"mejor\"<\/em> Empresas de transporte de mercanc\u00edas en Sunbury-on-Thames de 10.<\/p>\n<p>Para saber m\u00e1s sobre c\u00f3mo elegimos a los mejores, consulte nuestra secci\u00f3n de preguntas frecuentes al final.<\/p>\n<p><em>Tenga en cuenta que los siguientes listados no siguen ning\u00fan orden en particular y que no recomendamos ninguna empresa en concreto.<\/em><\/p>\n<div id=\"ez-toc-container\" class=\"ez-toc-v2_0_82_2 ez-toc-wrap-left counter-hierarchy ez-toc-counter ez-toc-transparent ez-toc-container-direction\">\n<div class=\"ez-toc-title-container\">\n<p class=\"ez-toc-title\" style=\"cursor:inherit\">Secciones<\/p>\n<span class=\"ez-toc-title-toggle\"><a href=\"#\" class=\"ez-toc-pull-right ez-toc-btn ez-toc-btn-xs ez-toc-btn-default ez-toc-toggle\" aria-label=\"Alternar tabla de contenidos\"><span class=\"ez-toc-js-icon-con\"><span class=\"\"><span class=\"eztoc-hide\" style=\"display:none;\">Toggle<\/span><span class=\"ez-toc-icon-toggle-span\"><svg style=\"fill: #999;color:#999\" xmlns=\"http:\/\/www.w3.org\/2000\/svg\" class=\"list-377408\" width=\"20px\" height=\"20px\" viewbox=\"0 0 24 24\" fill=\"none\"><path d=\"M6 6H4v2h2V6zm14 0H8v2h12V6zM4 11h2v2H4v-2zm16 0H8v2h12v-2zM4 16h2v2H4v-2zm16 0H8v2h12v-2z\" fill=\"currentColor\"><\/path><\/svg><svg style=\"fill: #999;color:#999\" class=\"arrow-unsorted-368013\" xmlns=\"http:\/\/www.w3.org\/2000\/svg\" width=\"10px\" height=\"10px\" viewbox=\"0 0 24 24\" version=\"1.2\" baseprofile=\"tiny\"><path d=\"M18.2 9.3l-6.2-6.3-6.2 6.3c-.2.2-.3.4-.3.7s.1.5.3.7c.2.2.4.3.7.3h11c.3 0 .5-.1.7-.3.2-.2.3-.5.3-.7s-.1-.5-.3-.7zM5.8 14.7l6.2 6.3 6.2-6.3c.2-.2.3-.5.3-.7s-.1-.5-.3-.7c-.2-.2-.4-.3-.7-.3h-11c-.3 0-.5.1-.7.3-.2.2-.3.5-.3.7s.1.5.3.7z\"\/><\/svg><\/span><\/span><\/span><\/a><\/span><\/div>\n<nav><ul class='ez-toc-list ez-toc-list-level-1 eztoc-toggle-hide-by-default' ><li class='ez-toc-page-1 ez-toc-heading-level-2'><a class=\"ez-toc-link ez-toc-heading-1\" href=\"https:\/\/moverdb.com\/es\/freight-forwarder\/freight-forwarding-uk\/sunbury-on-thames-freight-forwarder\/#deugro_UK_Limited\" >deugro (UK) Limited<\/a><\/li><li class='ez-toc-page-1 ez-toc-heading-level-2'><a class=\"ez-toc-link ez-toc-heading-2\" href=\"https:\/\/moverdb.com\/es\/freight-forwarder\/freight-forwarding-uk\/sunbury-on-thames-freight-forwarder\/#LP_Customs_Clearance_Ltd\" >LP Customs Clearance Ltd<\/a><\/li><li class='ez-toc-page-1 ez-toc-heading-level-2'><a class=\"ez-toc-link ez-toc-heading-3\" href=\"https:\/\/moverdb.com\/es\/freight-forwarder\/freight-forwarding-uk\/sunbury-on-thames-freight-forwarder\/#Angel_Freight_Ltd\" >Angel Freight Ltd<\/a><\/li><li class='ez-toc-page-1 ez-toc-heading-level-2'><a class=\"ez-toc-link ez-toc-heading-4\" href=\"https:\/\/moverdb.com\/es\/freight-forwarder\/freight-forwarding-uk\/sunbury-on-thames-freight-forwarder\/#U-Freight_UK_Limited\" >U-Freight (UK) Limited<\/a><\/li><li class='ez-toc-page-1 ez-toc-heading-level-2'><a class=\"ez-toc-link ez-toc-heading-5\" href=\"https:\/\/moverdb.com\/es\/freight-forwarder\/freight-forwarding-uk\/sunbury-on-thames-freight-forwarder\/#World_Express_Freight_Ltd\" >World Express Freight Ltd<\/a><\/li><li class='ez-toc-page-1 ez-toc-heading-level-2'><a class=\"ez-toc-link ez-toc-heading-6\" href=\"https:\/\/moverdb.com\/es\/freight-forwarder\/freight-forwarding-uk\/sunbury-on-thames-freight-forwarder\/#RIF_Group\" >Grupo RIF<\/a><\/li><li class='ez-toc-page-1 ez-toc-heading-level-2'><a class=\"ez-toc-link ez-toc-heading-7\" href=\"https:\/\/moverdb.com\/es\/freight-forwarder\/freight-forwarding-uk\/sunbury-on-thames-freight-forwarder\/#JD_Freight\" >JD Freight<\/a><\/li><li class='ez-toc-page-1 ez-toc-heading-level-2'><a class=\"ez-toc-link ez-toc-heading-8\" href=\"https:\/\/moverdb.com\/es\/freight-forwarder\/freight-forwarding-uk\/sunbury-on-thames-freight-forwarder\/#How_we_picked_the_best_Sunbury-on-Thames_Freight_Forwarding_Companies\" >C\u00f3mo hemos elegido las mejores empresas de transporte de Sunbury-on-Thames<\/a><\/li><\/ul><\/nav><\/div>\n<h2><span class=\"ez-toc-section\" id=\"deugro_UK_Limited\"><\/span>deugro (UK) Limited<span class=\"ez-toc-section-end\"><\/span><\/h2>\n<p><img decoding=\"async\" src=\"https:\/\/moverdb.com\/wp-content\/uploads\/thumbnailpanoideO8VqVn8oAVZe1TLpD0D5Qcb_clientsearch.gws-prod.gpsw408h240yaw193.jpg\" alt='deugro (UK) Limited' class=\"aligncenter\"><\/p>\n<p><strong>Descripci\u00f3n de la empresa: <\/strong>Ninguno<\/p>\n<p><strong>Servicios adicionales:<\/strong><\/p>\n<p>Ninguno<\/p>\n<p><strong>Direcci\u00f3n:<\/strong> Unidad 8, Windmill Business Village, Brooklands Cl, Sunbury-on-Thames TW16 7DY<\/p>\n<p><a href=\"https:\/\/deugro.com\/contact\/uk\/\" target=\"_new\" rel=\"noopener\">Sitio web de deugro (UK) Limited<\/a><\/p>\n<p><strong>Puntuaci\u00f3n de la revisi\u00f3n: <\/strong>4.7<br \/> <strong>N\u00famero de rese\u00f1as:<\/strong> 3<br \/><a href=\"https:\/\/www.google.co.uk\/maps?cid=5530544321020453157&#038;hl=en&#038;gl=GB\" target=\"_new\" rel=\"noopener\">Leer comentarios<\/a><\/p>\n<h2><span class=\"ez-toc-section\" id=\"LP_Customs_Clearance_Ltd\"><\/span>LP Customs Clearance Ltd<span class=\"ez-toc-section-end\"><\/span><\/h2>\n<p><img decoding=\"async\" src=\"https:\/\/moverdb.com\/wp-content\/uploads\/AF1QipNXhpvxiGx9qqQQqMFVhqESzTOyCgFWPfOoUO4Tw408-h544-k-no.jpg\" alt='LP Customs Clearance Ltd' class=\"aligncenter\"><\/p>\n<p><strong>Descripci\u00f3n de la empresa: <\/strong>LP Customs Clearance Ltd est\u00e1 aqu\u00ed para ayudar con todos los modos de procesos de importaci\u00f3n o exportaci\u00f3n sin problemas con nuestro equipo r\u00e1pido, eficiente y experimentado le damos todas las opciones para la mejor manera de procesar sus env\u00edos ya sea por aire, carretera o mar estamos aqu\u00ed para usted.<\/p>\n<p><strong>Servicios adicionales:<\/strong><\/p>\n<p>Agente de aduanas<\/p>\n<p>Dep\u00f3sito aduanero<\/p>\n<p>Empresa de importaci\u00f3n y exportaci\u00f3n<\/p>\n<p><strong>Direcci\u00f3n:<\/strong> REAR OF, 33 Hanworth Rd, Sunbury-on-Thames TW16 5DA<\/p>\n<p><a href=\"https:\/\/www.lpclearance.co.uk\/\" target=\"_new\" rel=\"noopener\">Sitio web de LP Customs Clearance Ltd<\/a><\/p>\n<p><strong>Puntuaci\u00f3n de la revisi\u00f3n: <\/strong>4<br \/> <strong>N\u00famero de rese\u00f1as:<\/strong> 8<br \/><a href=\"https:\/\/www.google.co.uk\/maps?cid=5729067304931526576&#038;hl=en&#038;gl=GB\" target=\"_new\" rel=\"noopener\">Leer comentarios<\/a><\/p>\n<h2><span class=\"ez-toc-section\" id=\"Angel_Freight_Ltd\"><\/span>Angel Freight Ltd<span class=\"ez-toc-section-end\"><\/span><\/h2>\n<p><img decoding=\"async\" src=\"https:\/\/moverdb.com\/wp-content\/uploads\/thumbnailpanoidzytGCIn19VXWUyErQXTjxgcb_clientsearch.gws-prod.gpsw408h240yaw109.jpg\" alt='Angel Freight Ltd' class=\"aligncenter\"><\/p>\n<p><strong>Descripci\u00f3n de la empresa: <\/strong>Somos una empresa transitaria multimodal con m\u00e1s de 25 a\u00f1os de experiencia en el transporte de mercanc\u00edas con representaci\u00f3n en todas las grandes ciudades o <a href=\"https:\/\/moverdb.com\/es\/top-49-container-ports\/\" data-internallinksmanager029f6b8e52c=\"80\" title=\"Los 49 puertos de contenedores m\u00e1s grandes y activos en 2025\">puerto<\/a> en todo el mundo.<\/p>\n<p>Nuestro objetivo es ofrecerle el mejor servicio de atenci\u00f3n al cliente a la vez que trasladamos sus env\u00edos a los precios m\u00e1s competitivos del sector.<\/p>\n<p><strong>Servicios adicionales:<\/strong><\/p>\n<p>Ninguno<\/p>\n<p><strong>Direcci\u00f3n:<\/strong> 69-71 Windmill Rd, Sunbury-on-Thames TW16 7DT<\/p>\n<p><a href=\"https:\/\/angelfreight.co.uk\/\" target=\"_new\" rel=\"noopener\">Sitio web de Angel Freight Ltd<\/a><\/p>\n<p><strong>Puntuaci\u00f3n de la revisi\u00f3n: <\/strong>2.1<br \/> <strong>N\u00famero de rese\u00f1as:<\/strong> 7<br \/><a href=\"https:\/\/www.google.co.uk\/maps?cid=5208495247117539929&#038;hl=en&#038;gl=GB\" target=\"_new\" rel=\"noopener\">Leer comentarios<\/a><\/p>\n<h2><span class=\"ez-toc-section\" id=\"U-Freight_UK_Limited\"><\/span>U-Freight (UK) Limited<span class=\"ez-toc-section-end\"><\/span><\/h2>\n<p><img decoding=\"async\" src=\"https:\/\/moverdb.com\/wp-content\/uploads\/thumbnailpanoidTDBQ3DbFrWPvwkZLAhr0jAcb_clientsearch.gws-prod.gpsw408h240yaw1.jpg\" alt='U-Freight (UK) Limited' class=\"aligncenter\"><\/p>\n<p><strong>Descripci\u00f3n de la empresa: <\/strong>Ninguno<\/p>\n<p><strong>Servicios adicionales:<\/strong><\/p>\n<p>Ninguno<\/p>\n<p><strong>Direcci\u00f3n:<\/strong> Unidades 8, 9 Brooklands Cl, Sunbury-on-Thames TW16 7DX<\/p>\n<p><a href=\"http:\/\/www.ufreight.com\/\" target=\"_new\" rel=\"noopener\">Sitio web de U-Freight (UK) Limited<\/a><\/p>\n<p><strong>Puntuaci\u00f3n de la revisi\u00f3n: <\/strong>5<br \/> <strong>N\u00famero de rese\u00f1as:<\/strong> 4<br \/><a href=\"https:\/\/www.google.co.uk\/maps?cid=8872454568932163827&#038;hl=en&#038;gl=GB\" target=\"_new\" rel=\"noopener\">Leer comentarios<\/a><\/p>\n<h2><span class=\"ez-toc-section\" id=\"World_Express_Freight_Ltd\"><\/span>World Express Freight Ltd<span class=\"ez-toc-section-end\"><\/span><\/h2>\n<p><img decoding=\"async\" src=\"https:\/\/moverdb.com\/wp-content\/uploads\/thumbnailpanoidG8fONxJ41BzMowIUb37DOAcb_clientsearch.gws-prod.gpsw408h240yaw103.jpg\" alt='World Express Freight Ltd' class=\"aligncenter\"><\/p>\n<p><strong>Descripci\u00f3n de la empresa: <\/strong>Ninguno<\/p>\n<p><strong>Servicios adicionales:<\/strong><\/p>\n<p>Ninguno<\/p>\n<p><strong>Direcci\u00f3n:<\/strong> Dolphin Estate, Windmill Rd W, Sunbury-on-Thames TW16 7HE<\/p>\n<p><a href=\"https:\/\/wefl.co.uk\/\" target=\"_new\" rel=\"noopener\">Sitio web de World Express Freight Ltd<\/a><\/p>\n<p><strong>Puntuaci\u00f3n de la revisi\u00f3n: <\/strong>5<br \/> <strong>N\u00famero de rese\u00f1as:<\/strong> 2<br \/><a href=\"https:\/\/www.google.co.uk\/maps?cid=12996291089348836165&#038;hl=en&#038;gl=GB\" target=\"_new\" rel=\"noopener\">Leer comentarios<\/a><\/p>\n<h2><span class=\"ez-toc-section\" id=\"RIF_Group\"><\/span>Grupo RIF<span class=\"ez-toc-section-end\"><\/span><\/h2>\n<p><img decoding=\"async\" src=\"https:\/\/moverdb.com\/wp-content\/uploads\/AF1QipOwyn1ufhBwjXId9BPx5kBCR3Nj_LepuvbG-75Aw408-h270-k-no.jpg\" alt='Grupo RIF' class=\"aligncenter\"><\/p>\n<p><strong>Descripci\u00f3n de la empresa: <\/strong>RIF Worldwide Plc es una de las empresas de m\u00e1s r\u00e1pido crecimiento del mundo. <a href=\"https:\/\/moverdb.com\/es\/moving-to-the-uk\/\" data-internallinksmanager029f6b8e52c=\"93\" title=\"\u00bfSe muda al Reino Unido? 2026 Costes de vida y consejos de reubicaci\u00f3n\">REINO UNIDO<\/a>La empresa ofrece un servicio galardonado en m\u00faltiples ocasiones y una amplia gama de productos y funciones dise\u00f1ados para simplificar y desarrollar el comercio internacional de nuestros clientes.<\/p>\n<p>Estamos especializados en la prestaci\u00f3n de servicios de transporte internacional, desde y hacia todos los puntos del mundo, por v\u00eda a\u00e9rea, mar\u00edtima y terrestre.<\/p>\n<p><strong>Servicios adicionales:<\/strong><\/p>\n<p>Ninguno<\/p>\n<p><strong>Direcci\u00f3n:<\/strong> Planta 1, Brooklands Cl, Sunbury-on-Thames TW16 7DX<\/p>\n<p><a href=\"https:\/\/www.rifgroup.co.uk\/\" target=\"_new\" rel=\"noopener\">Sitio web del Grupo RIF<\/a><\/p>\n<p><strong>Puntuaci\u00f3n de la revisi\u00f3n: <\/strong>4.2<br \/> <strong>N\u00famero de rese\u00f1as:<\/strong> 19<br \/><a href=\"https:\/\/www.google.co.uk\/maps?cid=5297496747632796655&#038;hl=en&#038;gl=GB\" target=\"_new\" rel=\"noopener\">Leer comentarios<\/a><\/p>\n<h2><span class=\"ez-toc-section\" id=\"JD_Freight\"><\/span>JD Freight<span class=\"ez-toc-section-end\"><\/span><\/h2>\n<p><img decoding=\"async\" src=\"https:\/\/moverdb.com\/wp-content\/uploads\/thumbnailpanoidq21kdBjsFEz8LAGbOE9H3gcb_clientsearch.gws-prod.gpsw408h240yaw314.jpg\" alt='JD Freight' class=\"aligncenter\"><\/p>\n<p><strong>Descripci\u00f3n de la empresa: <\/strong>Ninguno<\/p>\n<p><strong>Servicios adicionales:<\/strong><\/p>\n<p>Ninguno<\/p>\n<p><strong>Direcci\u00f3n:<\/strong> Unidad 2, pol\u00edgono industrial Trade City, Sunbury-on-Thames TW16 7FD<\/p>\n<p><a href=\"http:\/\/www.jdfreight.co.uk\/\" target=\"_new\" rel=\"noopener\">Sitio web de JD Freight<\/a><\/p>\n<p><strong>Puntuaci\u00f3n de la revisi\u00f3n: <\/strong>4.6<br \/> <strong>N\u00famero de rese\u00f1as:<\/strong> 7<br \/><a href=\"https:\/\/www.google.co.uk\/maps?cid=17493338994248367708&#038;hl=en&#038;gl=GB\" target=\"_new\" rel=\"noopener\">Leer comentarios<\/a><\/p>\n<h2><span class=\"ez-toc-section\" id=\"How_we_picked_the_best_Sunbury-on-Thames_Freight_Forwarding_Companies\"><\/span>C\u00f3mo hemos elegido las mejores empresas de transporte de Sunbury-on-Thames<span class=\"ez-toc-section-end\"><\/span><\/h2>\n<p>Empezamos con un conjunto de datos de 10 empresas de transporte de Sunbury-on-Thames que pudimos encontrar a trav\u00e9s de Google Maps y lo redujimos a las 7 mejores.<\/p>\n<p>Para ello eliminamos cualquier empresa que:<\/p>\n<ul>\n<li> No ten\u00eda p\u00e1gina web<\/li>\n<li> No ten\u00eda cr\u00edticas<\/li>\n<li> Tiene una puntuaci\u00f3n media inferior a 2,0<\/li>\n<\/ul>\n<p>En ese momento, si ten\u00edamos 17 o menos transportistas, los enumer\u00e1bamos todos.<\/p>\n<p>En las ciudades en las que nos quedamos con m\u00e1s de 17 expedidores, realizamos nuevas revisiones, bien aumentando la puntuaci\u00f3n de la revisi\u00f3n requerida (por ejemplo, pasando de un m\u00ednimo de 2,0 a 4,0) y\/o aumentando el n\u00famero m\u00ednimo de revisiones requeridas (por ejemplo, pasando de al menos 1 revisi\u00f3n a al menos 10).<\/p>\n<p>Tenga en cuenta que s\u00f3lo utilizamos datos de revisi\u00f3n de Google Maps y no de otros sitios web de terceros.<\/p>\n<p>M\u00e1s ciudades:<\/p>\n<p><a href=\"https:\/\/moverdb.com\/es\/transitario\/freight-forwarding-uk\/hull-freight-forwarder\/\">Transitario de casco<\/a><br \/><a href=\"https:\/\/moverdb.com\/es\/transitario\/freight-forwarding-uk\/witham-freight-forwarder\/\">Witham Freight Forwarder<\/a><br \/><a href=\"https:\/\/moverdb.com\/es\/transitario\/freight-forwarding-uk\/paisley-freight-forwarder\/\">Paisley Freight Forwarder<\/a><br \/><a href=\"https:\/\/moverdb.com\/es\/transitario\/freight-forwarding-uk\/tamworth-freight-forwarder\/\">Tamworth Freight Forwarder<\/a><br \/><a href=\"https:\/\/moverdb.com\/es\/transitario\/freight-forwarding-uk\/exeter-freight-forwarder\/\">Transitario Exeter<\/a><\/p>","protected":false},"excerpt":{"rendered":"<p>Below we look at the 7 &#8220;best&#8221; Freight Forwarding companies in Sunbury-on-Thames out of 10. To learn more about how we chose the best please consult our FAQ section at the end. Please not the following listings are in no particular order and we are not making any recommendations for any particular company. deugro (UK) [&hellip;]<\/p>\n","protected":false},"author":1,"featured_media":0,"parent":13427,"menu_order":0,"comment_status":"open","ping_status":"open","template":"","meta":{"_genesis_hide_title":false,"_genesis_hide_breadcrumbs":false,"_genesis_hide_singular_image":false,"_genesis_hide_footer_widgets":false,"_genesis_custom_body_class":"","_genesis_custom_post_class":"","_genesis_layout":"","footnotes":""},"class_list":{"0":"post-13821","1":"page","2":"type-page","3":"status-publish","5":"entry"},"_links":{"self":[{"href":"https:\/\/moverdb.com\/es\/wp-json\/wp\/v2\/pages\/13821","targetHints":{"allow":["GET"]}}],"collection":[{"href":"https:\/\/moverdb.com\/es\/wp-json\/wp\/v2\/pages"}],"about":[{"href":"https:\/\/moverdb.com\/es\/wp-json\/wp\/v2\/types\/page"}],"author":[{"embeddable":true,"href":"https:\/\/moverdb.com\/es\/wp-json\/wp\/v2\/users\/1"}],"replies":[{"embeddable":true,"href":"https:\/\/moverdb.com\/es\/wp-json\/wp\/v2\/comments?post=13821"}],"version-history":[{"count":1,"href":"https:\/\/moverdb.com\/es\/wp-json\/wp\/v2\/pages\/13821\/revisions"}],"predecessor-version":[{"id":15800,"href":"https:\/\/moverdb.com\/es\/wp-json\/wp\/v2\/pages\/13821\/revisions\/15800"}],"up":[{"embeddable":true,"href":"https:\/\/moverdb.com\/es\/wp-json\/wp\/v2\/pages\/13427"}],"wp:attachment":[{"href":"https:\/\/moverdb.com\/es\/wp-json\/wp\/v2\/media?parent=13821"}],"curies":[{"name":"wp","href":"https:\/\/api.w.org\/{rel}","templated":true}]}}