{"id":13796,"date":"2023-11-08T15:52:42","date_gmt":"2023-11-08T15:52:42","guid":{"rendered":"https:\/\/moverdb.com\/freight-forwarder\/freight-forwarding-uk\/leicester-freight-forwarder\/"},"modified":"2026-01-08T13:18:15","modified_gmt":"2026-01-08T13:18:15","slug":"leicester-freight-forwarder","status":"publish","type":"page","link":"https:\/\/moverdb.com\/es\/freight-forwarder\/freight-forwarding-uk\/leicester-freight-forwarder\/","title":{"rendered":"Las 8 mejores empresas de transporte de mercanc\u00edas de Leicester (2024)"},"content":{"rendered":"<p>A continuaci\u00f3n examinamos los 8 <em>\"mejor\"<\/em> Empresas de transporte de mercanc\u00edas en Leicester de un total de 21.<\/p>\n<p>Para saber m\u00e1s sobre c\u00f3mo elegimos a los mejores, consulte nuestra secci\u00f3n de preguntas frecuentes al final.<\/p>\n<p><em>Tenga en cuenta que los siguientes listados no siguen ning\u00fan orden en particular y que no recomendamos ninguna empresa en concreto.<\/em><\/p>\n<div id=\"ez-toc-container\" class=\"ez-toc-v2_0_82_2 ez-toc-wrap-left counter-hierarchy ez-toc-counter ez-toc-transparent ez-toc-container-direction\">\n<div class=\"ez-toc-title-container\">\n<p class=\"ez-toc-title\" style=\"cursor:inherit\">Secciones<\/p>\n<span class=\"ez-toc-title-toggle\"><a href=\"#\" class=\"ez-toc-pull-right ez-toc-btn ez-toc-btn-xs ez-toc-btn-default ez-toc-toggle\" aria-label=\"Alternar tabla de contenidos\"><span class=\"ez-toc-js-icon-con\"><span class=\"\"><span class=\"eztoc-hide\" style=\"display:none;\">Toggle<\/span><span class=\"ez-toc-icon-toggle-span\"><svg style=\"fill: #999;color:#999\" xmlns=\"http:\/\/www.w3.org\/2000\/svg\" class=\"list-377408\" width=\"20px\" height=\"20px\" viewbox=\"0 0 24 24\" fill=\"none\"><path d=\"M6 6H4v2h2V6zm14 0H8v2h12V6zM4 11h2v2H4v-2zm16 0H8v2h12v-2zM4 16h2v2H4v-2zm16 0H8v2h12v-2z\" fill=\"currentColor\"><\/path><\/svg><svg style=\"fill: #999;color:#999\" class=\"arrow-unsorted-368013\" xmlns=\"http:\/\/www.w3.org\/2000\/svg\" width=\"10px\" height=\"10px\" viewbox=\"0 0 24 24\" version=\"1.2\" baseprofile=\"tiny\"><path d=\"M18.2 9.3l-6.2-6.3-6.2 6.3c-.2.2-.3.4-.3.7s.1.5.3.7c.2.2.4.3.7.3h11c.3 0 .5-.1.7-.3.2-.2.3-.5.3-.7s-.1-.5-.3-.7zM5.8 14.7l6.2 6.3 6.2-6.3c.2-.2.3-.5.3-.7s-.1-.5-.3-.7c-.2-.2-.4-.3-.7-.3h-11c-.3 0-.5.1-.7.3-.2.2-.3.5-.3.7s.1.5.3.7z\"\/><\/svg><\/span><\/span><\/span><\/a><\/span><\/div>\n<nav><ul class='ez-toc-list ez-toc-list-level-1 eztoc-toggle-hide-by-default' ><li class='ez-toc-page-1 ez-toc-heading-level-2'><a class=\"ez-toc-link ez-toc-heading-1\" href=\"https:\/\/moverdb.com\/es\/freight-forwarder\/freight-forwarding-uk\/leicester-freight-forwarder\/#United_Pallet_Network\" >Red de paletas unidas<\/a><\/li><li class='ez-toc-page-1 ez-toc-heading-level-2'><a class=\"ez-toc-link ez-toc-heading-2\" href=\"https:\/\/moverdb.com\/es\/freight-forwarder\/freight-forwarding-uk\/leicester-freight-forwarder\/#Pinnacle_International_Freight_Ltd\" >Pinnacle International Freight Ltd<\/a><\/li><li class='ez-toc-page-1 ez-toc-heading-level-2'><a class=\"ez-toc-link ez-toc-heading-3\" href=\"https:\/\/moverdb.com\/es\/freight-forwarder\/freight-forwarding-uk\/leicester-freight-forwarder\/#Coedma_Freight_International_Ltd\" >Coedma Freight International Ltd<\/a><\/li><li class='ez-toc-page-1 ez-toc-heading-level-2'><a class=\"ez-toc-link ez-toc-heading-4\" href=\"https:\/\/moverdb.com\/es\/freight-forwarder\/freight-forwarding-uk\/leicester-freight-forwarder\/#Al-Noor_Logistics_Ltd\" >Al-Noor Logistics Ltd<\/a><\/li><li class='ez-toc-page-1 ez-toc-heading-level-2'><a class=\"ez-toc-link ez-toc-heading-5\" href=\"https:\/\/moverdb.com\/es\/freight-forwarder\/freight-forwarding-uk\/leicester-freight-forwarder\/#DTDC_Courier_Cargo_Ltd\" >DTDC Courier &amp; Cargo Ltd<\/a><\/li><li class='ez-toc-page-1 ez-toc-heading-level-2'><a class=\"ez-toc-link ez-toc-heading-6\" href=\"https:\/\/moverdb.com\/es\/freight-forwarder\/freight-forwarding-uk\/leicester-freight-forwarder\/#Apex_Cargo_Office\" >Oficina de carga Apex<\/a><\/li><li class='ez-toc-page-1 ez-toc-heading-level-2'><a class=\"ez-toc-link ez-toc-heading-7\" href=\"https:\/\/moverdb.com\/es\/freight-forwarder\/freight-forwarding-uk\/leicester-freight-forwarder\/#Apex_Cargo_Warehouse\" >Almac\u00e9n de carga Apex<\/a><\/li><li class='ez-toc-page-1 ez-toc-heading-level-2'><a class=\"ez-toc-link ez-toc-heading-8\" href=\"https:\/\/moverdb.com\/es\/freight-forwarder\/freight-forwarding-uk\/leicester-freight-forwarder\/#CLA_UK_Ltd\" >CLA UK Ltd<\/a><\/li><li class='ez-toc-page-1 ez-toc-heading-level-2'><a class=\"ez-toc-link ez-toc-heading-9\" href=\"https:\/\/moverdb.com\/es\/freight-forwarder\/freight-forwarding-uk\/leicester-freight-forwarder\/#How_we_picked_the_best_Leicester_Freight_Forwarding_Companies\" >C\u00f3mo hemos elegido las mejores empresas transitarias de Leicester<\/a><\/li><\/ul><\/nav><\/div>\n<h2><span class=\"ez-toc-section\" id=\"United_Pallet_Network\"><\/span>Red de paletas unidas<span class=\"ez-toc-section-end\"><\/span><\/h2>\n<p><img decoding=\"async\" src=\"https:\/\/moverdb.com\/wp-content\/uploads\/thumbnailpanoidHUForZabvUoKg1en1qa_cgcb_clientsearch.gws-prod.gpsw408h240yaw147.jpg\" alt='Red de paletas unidas' class=\"aligncenter\"><\/p>\n<p><strong>Descripci\u00f3n de la empresa: <\/strong>Ninguno<\/p>\n<p><strong>Servicios adicionales:<\/strong><\/p>\n<p>Ninguno<\/p>\n<p><strong>Direcci\u00f3n:<\/strong> Vantage Business Park, 8 High View Cl, Leicester LE4 9LJ<\/p>\n<p><a href=\"https:\/\/www.upn.co.uk\/\" target=\"_new\" rel=\"noopener\">Sitio web de United Pallet Network<\/a><\/p>\n<p><strong>Puntuaci\u00f3n de la revisi\u00f3n: <\/strong>5<br \/> <strong>N\u00famero de rese\u00f1as:<\/strong> 1<br \/><a href=\"https:\/\/www.google.co.uk\/maps?cid=3603698490243004051&#038;hl=en&#038;gl=GB\" target=\"_new\" rel=\"noopener\">Leer comentarios<\/a><\/p>\n<h2><span class=\"ez-toc-section\" id=\"Pinnacle_International_Freight_Ltd\"><\/span>Pinnacle International Freight Ltd<span class=\"ez-toc-section-end\"><\/span><\/h2>\n<p><img decoding=\"async\" src=\"https:\/\/lh5.googleusercontent.com\/p\/AF1QipO-3htqxL83v2kb1oQf5MWZib2Hyc9zXU3hHXlX=w408-h297-k-no\" alt=\"Pinnacle International Freight Ltd\" class=\"aligncenter\"><\/p>\n<p><strong>Descripci\u00f3n de la empresa: <\/strong>Pinnacle, de propiedad privada desde 1972, es una empresa transitaria de calidad con oficinas y almacenes en los Estados Unidos. <a href=\"https:\/\/moverdb.com\/es\/moving-to-the-uk\/\" data-internallinksmanager029f6b8e52c=\"93\" title=\"\u00bfSe muda al Reino Unido? 2026 Costes de vida y consejos de reubicaci\u00f3n\">REINO UNIDO<\/a> y <a href=\"https:\/\/moverdb.com\/es\/moving-to-the-united-states\/\" data-internallinksmanager029f6b8e52c=\"94\" title=\"\u00bfSe muda a Estados Unidos? 2026 Costes de vida y consejos de reubicaci\u00f3n\">EE.UU.<\/a>.<\/p>\n<p> Pinnacle ayuda a las empresas en sus operaciones de importaci\u00f3n, exportaci\u00f3n, comercio cruzado, almacenamiento y distribuci\u00f3n.<\/p>\n<p>Ofrecemos servicios de transporte de mercanc\u00edas para una gran variedad de cargas, incluidos art\u00edculos fuera de g\u00e1libo y pesados.<\/p>\n<p> Tambi\u00e9n ofrecemos un servicio interno de embalaje de alta calidad para la exportaci\u00f3n y podemos manipular mercanc\u00edas peligrosas, incluida la carga radiactiva.<\/p>\n<p>Nuestros servicios clave:<br \/>\nTransporte a\u00e9reo<br \/>\nTransporte mar\u00edtimo<br \/>\nAlmacenamiento (almacenamiento, cumplimiento, comercio electr\u00f3nico, integraci\u00f3n de sistemas)<br \/>\nEmbalaje para exportaci\u00f3n<br \/>\nTransporte mar\u00edtimo transatl\u00e1ntico<br \/>\nEmbalaje y transporte de mercanc\u00edas peligrosas<br \/>\nLog\u00edstica aeroespacial y de defensa<br \/>\nProyectos especiales<\/p>\n<p>P\u00f3ngase en contacto con nuestro equipo para obtener m\u00e1s informaci\u00f3n.<\/p>\n<p><strong>Servicios adicionales:<\/strong><\/p>\n<p>Servicio de comercio electr\u00f3nico<\/p>\n<p>Empresa de importaci\u00f3n y exportaci\u00f3n<\/p>\n<p>Maquinaria de envasado<\/p>\n<p>Almac\u00e9n<\/p>\n<p><strong>Direcci\u00f3n:<\/strong> 1 Swannington Rd, Cottage Lane Industrial Estate, Leicester LE9 6TU<\/p>\n<p><a href=\"https:\/\/www.pinnaclefreight.com\/\" target=\"_new\" rel=\"noopener\">Sitio web de Pinnacle International Freight Ltd<\/a><\/p>\n<p><strong>Puntuaci\u00f3n de la revisi\u00f3n: <\/strong>4.4<br \/> <strong>N\u00famero de rese\u00f1as:<\/strong> 22<br \/><a href=\"https:\/\/www.google.co.uk\/maps?cid=10859720116746224536&#038;hl=en&#038;gl=GB\" target=\"_new\" rel=\"noopener\">Leer comentarios<\/a><\/p>\n<h2><span class=\"ez-toc-section\" id=\"Coedma_Freight_International_Ltd\"><\/span>Coedma Freight International Ltd<span class=\"ez-toc-section-end\"><\/span><\/h2>\n<p><img decoding=\"async\" src=\"https:\/\/moverdb.com\/wp-content\/uploads\/AF1QipP8WGcbuB23ZdwnwbtBnjObo9c4oryvSdFaMR4_w408-h306-k-no.jpg\" alt='Coedma Freight International Ltd' class=\"aligncenter\"><\/p>\n<p><strong>Descripci\u00f3n de la empresa: <\/strong>Ninguno<\/p>\n<p><strong>Servicios adicionales:<\/strong><\/p>\n<p>Ninguno<\/p>\n<p><strong>Direcci\u00f3n:<\/strong> 8 Eldon St, Leicester LE1 3QL<\/p>\n<p><a href=\"http:\/\/www.coedmafreight.com\/\" target=\"_new\" rel=\"noopener\">Sitio web de Coedma Freight International Ltd<\/a><\/p>\n<p><strong>Puntuaci\u00f3n de la revisi\u00f3n: <\/strong>4.2<br \/> <strong>N\u00famero de rese\u00f1as:<\/strong> 63<br \/><a href=\"https:\/\/www.google.co.uk\/maps?cid=2698514720895051628&#038;hl=en&#038;gl=GB\" target=\"_new\" rel=\"noopener\">Leer comentarios<\/a><\/p>\n<h2><span class=\"ez-toc-section\" id=\"Al-Noor_Logistics_Ltd\"><\/span>Al-Noor Logistics Ltd<span class=\"ez-toc-section-end\"><\/span><\/h2>\n<p><img decoding=\"async\" src=\"https:\/\/moverdb.com\/wp-content\/uploads\/AF1QipMtAEadfQ9Va3ZQAb5JymQKmlITShC_bpHp6BAbw408-h544-k-no.jpg\" alt='Al-Noor Logistics Ltd' class=\"aligncenter\"><\/p>\n<p><strong>Descripci\u00f3n de la empresa: <\/strong>Al-Noor Logistics Ltd ofrece flete mar\u00edtimo, mensajer\u00eda, transporte y servicios de env\u00edo a Gambia y en el Reino Unido y la UE que siempre se puede confiar.<\/p>\n<p> Disponer de un equipo fiable permite a nuestra empresa tratar a cada cliente y cada carga con paciencia y cuidado.<\/p>\n<p> Al-Noor Logistics Ltd tambi\u00e9n ofrece servicios personalizados para cada cliente.<\/p>\n<p> As\u00ed se garantiza que la informaci\u00f3n y los servicios se presten a tiempo.<\/p>\n<p><strong>Servicios adicionales:<\/strong><\/p>\n<p>Servicio de mensajer\u00eda<\/p>\n<p>Servicio de mudanzas<\/p>\n<p><strong>Direcci\u00f3n:<\/strong> 12A Navigation St, Leicester LE1 3UR<\/p>\n<p><a href=\"https:\/\/www.al-noorlogistics.com\/\" target=\"_new\" rel=\"noopener\">Sitio web de Al-Noor Logistics Ltd<\/a><\/p>\n<p><strong>Puntuaci\u00f3n de la revisi\u00f3n: <\/strong>5<br \/> <strong>N\u00famero de rese\u00f1as:<\/strong> 1<br \/><a href=\"https:\/\/www.google.co.uk\/maps?cid=13842802265785484999&#038;hl=en&#038;gl=GB\" target=\"_new\" rel=\"noopener\">Leer comentarios<\/a><\/p>\n<h2><span class=\"ez-toc-section\" id=\"DTDC_Courier_Cargo_Ltd\"><\/span>DTDC Courier &amp; Cargo Ltd<span class=\"ez-toc-section-end\"><\/span><\/h2>\n<p><img decoding=\"async\" src=\"https:\/\/moverdb.com\/wp-content\/uploads\/thumbnailpanoidvZ8q_uBB_32CgH8HAuWo9gcb_clientsearch.gws-prod.gpsw408h240yaw286.jpg\" alt='DTDC Courier &amp; Cargo Ltd' class=\"aligncenter\"><\/p>\n<p><strong>Descripci\u00f3n de la empresa: <\/strong>Enviar paquete \/ Enviar carga a\u00e9rea \/ Enviar mensajer\u00eda \/ Enviar documentos \/ Enviar carga \/ Enviar carga mar\u00edtima \/ Enviar papeleo urgente \/ Enviar sobre \/ Enviar carta tama\u00f1o A4 a <a href=\"https:\/\/moverdb.com\/es\/moving-to-india\/\" data-internallinksmanager029f6b8e52c=\"356\" title=\"\u00bfSe muda a la India? 2026 Coste de la vida y consejos para el traslado\">India<\/a>Pakist\u00e1n, <a href=\"https:\/\/moverdb.com\/es\/moving-to-dubai\/\" data-internallinksmanager029f6b8e52c=\"246\" title=\"\u00bfMudarse a Dubai? 2026 Coste de la vida y consejos para el traslado\">Dubai<\/a>, Srilanka, <a href=\"https:\/\/moverdb.com\/es\/moving-companies\/moving-companies-kenya\/\" data-internallinksmanager029f6b8e52c=\"305\" title=\"4 mejores empresas de mudanzas internacionales en Kenia\">Kenia<\/a>Tanzania, Zambia, Estados Unidos, <a href=\"https:\/\/moverdb.com\/es\/moving-to-canada\/\" data-internallinksmanager029f6b8e52c=\"265\" title=\"\u00bfMudarse a Canad\u00e1? 2026 Coste de la vida y consejos para la reubicaci\u00f3n\">Canad\u00e1<\/a>, <a href=\"https:\/\/moverdb.com\/es\/moving-to-australia\/living-in-australia\/\" data-internallinksmanager029f6b8e52c=\"240\" title=\"21 secretos sobre la vida en Australia que debes conocer antes de mudarte\">Australia<\/a>, <a href=\"https:\/\/moverdb.com\/es\/moving-to-new-zealand\/\" data-internallinksmanager029f6b8e52c=\"324\" title=\"\u00bfSe muda a Nueva Zelanda? 2026 Coste de la vida y consejos de reubicaci\u00f3n\">Nueva Zelanda<\/a>, <a href=\"https:\/\/moverdb.com\/es\/moving-to-germany\/\" data-internallinksmanager029f6b8e52c=\"321\" title=\"\u00bfSe muda a Alemania? 2026 Coste de la vida y consejos para el traslado\">Alemania<\/a>, <a href=\"https:\/\/moverdb.com\/es\/moving-to-switzerland\/\" data-internallinksmanager029f6b8e52c=\"327\" title=\"\u00bfSe muda a Suiza? 2026 Coste de la vida y consejos para el traslado\">Suiza<\/a>, <a href=\"https:\/\/moverdb.com\/es\/moving-to-italy\/\" data-internallinksmanager029f6b8e52c=\"346\" title=\"\u00bfSe muda a Italia? 2026 Coste de la vida y consejos para el traslado\">Italia<\/a>, <a href=\"https:\/\/moverdb.com\/es\/moving-to-spain\/\" data-internallinksmanager029f6b8e52c=\"266\" title=\"\u00bfSe muda a Espa\u00f1a? 2026 Coste de la vida y consejos de reubicaci\u00f3n\">Espa\u00f1a<\/a>, <a href=\"https:\/\/moverdb.com\/es\/moving-companies\/moving-companies-nigeria\/\" data-internallinksmanager029f6b8e52c=\"280\" title=\"10 mejores empresas de mudanzas internacionales en Nigeria\">Nigeria<\/a>, <a href=\"https:\/\/moverdb.com\/es\/moving-companies\/moving-companies-ghana\/\" data-internallinksmanager029f6b8e52c=\"228\" title=\"2 Mejores Empresas de Mudanzas Internacionales en Ghana\">Ghana<\/a>, <a href=\"https:\/\/moverdb.com\/es\/moving-to-portugal\/\" data-internallinksmanager029f6b8e52c=\"316\" title=\"\u00bfSe muda a Portugal? 2026 Coste de la vida y consejos para el traslado\">Portugal<\/a>Ruman\u00eda, <a href=\"https:\/\/moverdb.com\/es\/moving-to-norway\/\" data-internallinksmanager029f6b8e52c=\"325\" title=\"\u00bfSe muda a Noruega? 2026 Coste de la vida y consejos de reubicaci\u00f3n\">Noruega<\/a>, <a href=\"https:\/\/moverdb.com\/es\/moving-to-bulgaria\/\" data-internallinksmanager029f6b8e52c=\"322\" title=\"\u00bfSe muda a Bulgaria? 2026 Coste de la vida y consejos para el traslado\">Bulgaria<\/a>, <a href=\"https:\/\/moverdb.com\/es\/moving-to-belgium\/\" data-internallinksmanager029f6b8e52c=\"323\" title=\"\u00bfSe muda a B\u00e9lgica? 2026 Coste de la vida y consejos de reubicaci\u00f3n\">B\u00e9lgica<\/a>, <a href=\"https:\/\/moverdb.com\/es\/moving-to-the-netherlands\/\" data-internallinksmanager029f6b8e52c=\"328\" title=\"\u00bfSe muda a los Pa\u00edses Bajos? 2026 Coste de la vida y consejos para el traslado\">Pa\u00edses Bajos<\/a>, <a href=\"https:\/\/moverdb.com\/es\/moving-to-ireland\/\" data-internallinksmanager029f6b8e52c=\"320\" title=\"\u00bfSe muda a Irlanda? 2026 Coste de la vida y consejos para el traslado\">Irlanda<\/a>, <a href=\"https:\/\/moverdb.com\/es\/moving-to-hong-kong\/\" data-internallinksmanager029f6b8e52c=\"350\" title=\"\u00bfSe muda a Hong Kong? 2026 Coste de la vida y consejos para el traslado\">Hong Kong<\/a>.<\/p>\n<p>lo hacemos todo con un precio competitivo y un excelente servicio de entrega.<\/p>\n<p>Servicio de entrega urgente de paquetes en todo el mundo.<\/p>\n<p>Despacho aduanero de importaci\u00f3n.<\/p>\n<p>Exceso de equipaje.<\/p>\n<p>Flete a\u00e9reo Exportaci\u00f3n Mudanzas internacionales a domicilio.<\/p>\n<p>Transporte europeo por carretera.<\/p>\n<p>Servicio especializado de paqueter\u00eda a la India, EE.UU, <a href=\"https:\/\/moverdb.com\/es\/moving-to-china\/\" data-internallinksmanager029f6b8e52c=\"357\" title=\"\u00bfSe muda a China? 2026 Coste de la vida y consejos para el traslado\">China<\/a>Hong Kong, Kenia, Tanzania, Sri Lanka y Dubai, <a href=\"https:\/\/moverdb.com\/es\/moving-to-the-uae\/\" data-internallinksmanager029f6b8e52c=\"329\" title=\"\u00bfMudarse a los Emiratos \u00c1rabes Unidos (EAU)? 2026 Coste de la vida y consejos para el traslado\">EAU<\/a>Pakist\u00e1n, <a href=\"https:\/\/moverdb.com\/es\/moving-companies\/moving-companies-nepal\/\" data-internallinksmanager029f6b8e52c=\"283\" title=\"Las mejores empresas de mudanzas internacionales en Nepal\">Nepal<\/a> y en todo el mundo.<\/p>\n<p><strong>Servicios adicionales:<\/strong><\/p>\n<p>Servicio de mensajer\u00eda<\/p>\n<p>Servicio log\u00edstico<\/p>\n<p>Empresa de mensajer\u00eda<\/p>\n<p><strong>Direcci\u00f3n:<\/strong> Junto a Domino\u00e2\u20ac\u2122s Pizza, 30c Melton Rd, Leicester LE4 5EA<\/p>\n<p><a href=\"http:\/\/dtdexpress.co.uk\/\" target=\"_new\" rel=\"noopener\">Sitio web de DTDC Courier &amp; Cargo Ltd<\/a><\/p>\n<p><strong>Puntuaci\u00f3n de la revisi\u00f3n: <\/strong>4.1<br \/> <strong>N\u00famero de rese\u00f1as:<\/strong> 23<br \/><a href=\"https:\/\/www.google.co.uk\/maps?cid=76148574372916641&#038;hl=en&#038;gl=GB\" target=\"_new\" rel=\"noopener\">Leer comentarios<\/a><\/p>\n<h2><span class=\"ez-toc-section\" id=\"Apex_Cargo_Office\"><\/span>Oficina de carga Apex<span class=\"ez-toc-section-end\"><\/span><\/h2>\n<p><img decoding=\"async\" src=\"https:\/\/moverdb.com\/wp-content\/uploads\/AF1QipM8vh-2Tw_s8sO4CitLdq-oeZwgV31Jl1JTVMcyw648-h240-k-no.jpg\" alt='Oficina de carga Apex' class=\"aligncenter\"><\/p>\n<p><strong>Descripci\u00f3n de la empresa: <\/strong>Agentes de transporte comercial y personal con sede en Leicester, Reino Unido.<\/p>\n<p> Estamos aqu\u00ed para todas sus necesidades a\u00e9reas, mar\u00edtimas, de mensajer\u00eda, RORO y de embalaje.<\/p>\n<p><strong>Servicios adicionales:<\/strong><\/p>\n<p>Ninguno<\/p>\n<p><strong>Direcci\u00f3n:<\/strong> 93 Evington Rd, Leicester LE2 1QH<\/p>\n<p><a href=\"http:\/\/www.apexcargo.co.uk\/\" target=\"_new\" rel=\"noopener\">Sitio web de Apex Cargo Office<\/a><\/p>\n<p><strong>Puntuaci\u00f3n de la revisi\u00f3n: <\/strong>4.7<br \/> <strong>N\u00famero de rese\u00f1as:<\/strong> 143<br \/><a href=\"https:\/\/www.google.co.uk\/maps?cid=5683667821203236023&#038;hl=en&#038;gl=GB\" target=\"_new\" rel=\"noopener\">Leer comentarios<\/a><\/p>\n<h2><span class=\"ez-toc-section\" id=\"Apex_Cargo_Warehouse\"><\/span>Almac\u00e9n de carga Apex<span class=\"ez-toc-section-end\"><\/span><\/h2>\n<p><img decoding=\"async\" src=\"https:\/\/moverdb.com\/wp-content\/uploads\/AF1QipN5VJnTa3s9DusD7tnTtF1LdkY-oD6z8kqOS0ZGw408-h327-k-no.jpg\" alt='Almac\u00e9n de carga Apex' class=\"aligncenter\"><\/p>\n<p><strong>Descripci\u00f3n de la empresa: <\/strong>Agentes mar\u00edtimos comerciales y personales con sede en Leicester, Reino Unido.<\/p>\n<p> Estamos aqu\u00ed para todas sus necesidades a\u00e9reas, mar\u00edtimas, de mensajer\u00eda, RORO y de embalaje.<\/p>\n<p><strong>Servicios adicionales:<\/strong><\/p>\n<p>Ninguno<\/p>\n<p><strong>Direcci\u00f3n:<\/strong> Unidad 3 Wheat St, Leicester LE1 2AG<\/p>\n<p><a href=\"https:\/\/apexcargo.co.uk\/\" target=\"_new\" rel=\"noopener\">Sitio web de Apex Cargo Warehouse<\/a><\/p>\n<p><strong>Puntuaci\u00f3n de la revisi\u00f3n: <\/strong>5<br \/> <strong>N\u00famero de rese\u00f1as:<\/strong> 6<br \/><a href=\"https:\/\/www.google.co.uk\/maps?cid=13453460755086086291&#038;hl=en&#038;gl=GB\" target=\"_new\" rel=\"noopener\">Leer comentarios<\/a><\/p>\n<h2><span class=\"ez-toc-section\" id=\"CLA_UK_Ltd\"><\/span>CLA UK Ltd<span class=\"ez-toc-section-end\"><\/span><\/h2>\n<p><img decoding=\"async\" src=\"https:\/\/moverdb.com\/wp-content\/uploads\/AF1QipPYmWVhQ4mONrV_yzKPziNFhOGqzBVZFoyv7yr_w408-h408-k-no.jpg\" alt='CLA UK Ltd' class=\"aligncenter\"><\/p>\n<p><strong>Descripci\u00f3n de la empresa: <\/strong>Servicios de transporte especializados en log\u00edstica paneuropea<\/p>\n<p><strong>Servicios adicionales:<\/strong><\/p>\n<p>Ninguno<\/p>\n<p><strong>Direcci\u00f3n:<\/strong> 15 Nursery Ct, Kibworth Harcourt, Leicester LE8 0EX<\/p>\n<p><a href=\"http:\/\/www.cla-uk.com\/\" target=\"_new\" rel=\"noopener\">Sitio web de CLA UK Ltd<\/a><\/p>\n<p><strong>Puntuaci\u00f3n de la revisi\u00f3n: <\/strong>5<br \/> <strong>N\u00famero de rese\u00f1as:<\/strong> 1<br \/><a href=\"https:\/\/www.google.co.uk\/maps?cid=12756722996247192377&#038;hl=en&#038;gl=GB\" target=\"_new\" rel=\"noopener\">Leer comentarios<\/a><\/p>\n<h2><span class=\"ez-toc-section\" id=\"How_we_picked_the_best_Leicester_Freight_Forwarding_Companies\"><\/span>C\u00f3mo hemos elegido las mejores empresas transitarias de Leicester<span class=\"ez-toc-section-end\"><\/span><\/h2>\n<p>Empezamos con un conjunto de datos de 21 empresas transitarias de Leicester que pudimos encontrar a trav\u00e9s de Google Maps y lo redujimos a las 8 mejores.<\/p>\n<p>Para ello eliminamos cualquier empresa que:<\/p>\n<ul>\n<li> No ten\u00eda p\u00e1gina web<\/li>\n<li> No ten\u00eda cr\u00edticas<\/li>\n<li> Tiene una puntuaci\u00f3n media inferior a 2,0<\/li>\n<\/ul>\n<p>En ese momento, si ten\u00edamos 17 o menos transportistas, los enumer\u00e1bamos todos.<\/p>\n<p>En las ciudades en las que nos quedamos con m\u00e1s de 17 expedidores, realizamos nuevas revisiones, bien aumentando la puntuaci\u00f3n de la revisi\u00f3n requerida (por ejemplo, pasando de un m\u00ednimo de 2,0 a 4,0) y\/o aumentando el n\u00famero m\u00ednimo de revisiones requeridas (por ejemplo, pasando de al menos 1 revisi\u00f3n a al menos 10).<\/p>\n<p>Tenga en cuenta que s\u00f3lo utilizamos datos de revisi\u00f3n de Google Maps y no de otros sitios web de terceros.<\/p>\n<p>M\u00e1s ciudades:<\/p>\n<p><a href=\"https:\/\/moverdb.com\/es\/transitario\/freight-forwarding-uk\/dartford-freight-forwarder\/\">Dartford Freight Forwarder<\/a><br \/><a href=\"https:\/\/moverdb.com\/es\/transitario\/freight-forwarding-uk\/grays-freight-forwarder\/\">Grays Freight Forwarder<\/a><br \/><a href=\"https:\/\/moverdb.com\/es\/transitario\/freight-forwarding-uk\/sunbury-on-thames-freight-forwarder\/\">Sunbury-on-Thames Transitario<\/a><br \/><a href=\"https:\/\/moverdb.com\/es\/transitario\/freight-forwarding-uk\/hull-freight-forwarder\/\">Transitario de casco<\/a><br \/><a href=\"https:\/\/moverdb.com\/es\/transitario\/freight-forwarding-uk\/witham-freight-forwarder\/\">Witham Freight Forwarder<\/a><\/p>","protected":false},"excerpt":{"rendered":"<p>Below we look at the 8 &#8220;best&#8221; Freight Forwarding companies in Leicester out of 21. To learn more about how we chose the best please consult our FAQ section at the end. Please not the following listings are in no particular order and we are not making any recommendations for any particular company. United Pallet [&hellip;]<\/p>\n","protected":false},"author":1,"featured_media":0,"parent":13427,"menu_order":0,"comment_status":"open","ping_status":"open","template":"","meta":{"_genesis_hide_title":false,"_genesis_hide_breadcrumbs":false,"_genesis_hide_singular_image":false,"_genesis_hide_footer_widgets":false,"_genesis_custom_body_class":"","_genesis_custom_post_class":"","_genesis_layout":"","footnotes":""},"class_list":{"0":"post-13796","1":"page","2":"type-page","3":"status-publish","5":"entry"},"_links":{"self":[{"href":"https:\/\/moverdb.com\/es\/wp-json\/wp\/v2\/pages\/13796","targetHints":{"allow":["GET"]}}],"collection":[{"href":"https:\/\/moverdb.com\/es\/wp-json\/wp\/v2\/pages"}],"about":[{"href":"https:\/\/moverdb.com\/es\/wp-json\/wp\/v2\/types\/page"}],"author":[{"embeddable":true,"href":"https:\/\/moverdb.com\/es\/wp-json\/wp\/v2\/users\/1"}],"replies":[{"embeddable":true,"href":"https:\/\/moverdb.com\/es\/wp-json\/wp\/v2\/comments?post=13796"}],"version-history":[{"count":1,"href":"https:\/\/moverdb.com\/es\/wp-json\/wp\/v2\/pages\/13796\/revisions"}],"predecessor-version":[{"id":15805,"href":"https:\/\/moverdb.com\/es\/wp-json\/wp\/v2\/pages\/13796\/revisions\/15805"}],"up":[{"embeddable":true,"href":"https:\/\/moverdb.com\/es\/wp-json\/wp\/v2\/pages\/13427"}],"wp:attachment":[{"href":"https:\/\/moverdb.com\/es\/wp-json\/wp\/v2\/media?parent=13796"}],"curies":[{"name":"wp","href":"https:\/\/api.w.org\/{rel}","templated":true}]}}