{"id":13771,"date":"2023-11-08T15:52:42","date_gmt":"2023-11-08T15:52:42","guid":{"rendered":"https:\/\/moverdb.com\/freight-forwarder\/freight-forwarding-uk\/glasgow-freight-forwarder\/"},"modified":"2026-01-08T13:18:13","modified_gmt":"2026-01-08T13:18:13","slug":"glasgow-freight-forwarder","status":"publish","type":"page","link":"https:\/\/moverdb.com\/es\/freight-forwarder\/freight-forwarding-uk\/glasgow-freight-forwarder\/","title":{"rendered":"Las 8 mejores empresas de transporte de mercanc\u00edas de Glasgow (2024)"},"content":{"rendered":"<p>A continuaci\u00f3n examinamos los 8 <em>\"mejor\"<\/em> Empresas transitarias en <a href=\"\" data-internallinksmanager029f6b8e52c=\"46\" title=\"Glasgow\">Glasgow<\/a> de 27.<\/p>\n<p>Para saber m\u00e1s sobre c\u00f3mo elegimos a los mejores, consulte nuestra secci\u00f3n de preguntas frecuentes al final.<\/p>\n<p><em>Tenga en cuenta que los siguientes listados no siguen ning\u00fan orden en particular y que no recomendamos ninguna empresa en concreto.<\/em><\/p>\n<div id=\"ez-toc-container\" class=\"ez-toc-v2_0_82_2 ez-toc-wrap-left counter-hierarchy ez-toc-counter ez-toc-transparent ez-toc-container-direction\">\n<div class=\"ez-toc-title-container\">\n<p class=\"ez-toc-title\" style=\"cursor:inherit\">Secciones<\/p>\n<span class=\"ez-toc-title-toggle\"><a href=\"#\" class=\"ez-toc-pull-right ez-toc-btn ez-toc-btn-xs ez-toc-btn-default ez-toc-toggle\" aria-label=\"Alternar tabla de contenidos\"><span class=\"ez-toc-js-icon-con\"><span class=\"\"><span class=\"eztoc-hide\" style=\"display:none;\">Toggle<\/span><span class=\"ez-toc-icon-toggle-span\"><svg style=\"fill: #999;color:#999\" xmlns=\"http:\/\/www.w3.org\/2000\/svg\" class=\"list-377408\" width=\"20px\" height=\"20px\" viewbox=\"0 0 24 24\" fill=\"none\"><path d=\"M6 6H4v2h2V6zm14 0H8v2h12V6zM4 11h2v2H4v-2zm16 0H8v2h12v-2zM4 16h2v2H4v-2zm16 0H8v2h12v-2z\" fill=\"currentColor\"><\/path><\/svg><svg style=\"fill: #999;color:#999\" class=\"arrow-unsorted-368013\" xmlns=\"http:\/\/www.w3.org\/2000\/svg\" width=\"10px\" height=\"10px\" viewbox=\"0 0 24 24\" version=\"1.2\" baseprofile=\"tiny\"><path d=\"M18.2 9.3l-6.2-6.3-6.2 6.3c-.2.2-.3.4-.3.7s.1.5.3.7c.2.2.4.3.7.3h11c.3 0 .5-.1.7-.3.2-.2.3-.5.3-.7s-.1-.5-.3-.7zM5.8 14.7l6.2 6.3 6.2-6.3c.2-.2.3-.5.3-.7s-.1-.5-.3-.7c-.2-.2-.4-.3-.7-.3h-11c-.3 0-.5.1-.7.3-.2.2-.3.5-.3.7s.1.5.3.7z\"\/><\/svg><\/span><\/span><\/span><\/a><\/span><\/div>\n<nav><ul class='ez-toc-list ez-toc-list-level-1 eztoc-toggle-hide-by-default' ><li class='ez-toc-page-1 ez-toc-heading-level-2'><a class=\"ez-toc-link ez-toc-heading-1\" href=\"https:\/\/moverdb.com\/es\/freight-forwarder\/freight-forwarding-uk\/glasgow-freight-forwarder\/#DB_Schenker\" >DB Schenker<\/a><\/li><li class='ez-toc-page-1 ez-toc-heading-level-2'><a class=\"ez-toc-link ez-toc-heading-2\" href=\"https:\/\/moverdb.com\/es\/freight-forwarder\/freight-forwarding-uk\/glasgow-freight-forwarder\/#Accentric_Freights_Services\" >Accentric Freights Services<\/a><\/li><li class='ez-toc-page-1 ez-toc-heading-level-2'><a class=\"ez-toc-link ez-toc-heading-3\" href=\"https:\/\/moverdb.com\/es\/freight-forwarder\/freight-forwarding-uk\/glasgow-freight-forwarder\/#Galaxy_Transport\" >Transporte Galaxy<\/a><\/li><li class='ez-toc-page-1 ez-toc-heading-level-2'><a class=\"ez-toc-link ez-toc-heading-4\" href=\"https:\/\/moverdb.com\/es\/freight-forwarder\/freight-forwarding-uk\/glasgow-freight-forwarder\/#JSM_Logistics_LTD\" >JSM Logistics LTD<\/a><\/li><li class='ez-toc-page-1 ez-toc-heading-level-2'><a class=\"ez-toc-link ez-toc-heading-5\" href=\"https:\/\/moverdb.com\/es\/freight-forwarder\/freight-forwarding-uk\/glasgow-freight-forwarder\/#Customs_Clearance_Agent_UK_AAA_Freight_Services_Ltd\" >Agente de aduanas Reino Unido AAA Freight Services Ltd<\/a><\/li><li class='ez-toc-page-1 ez-toc-heading-level-2'><a class=\"ez-toc-link ez-toc-heading-6\" href=\"https:\/\/moverdb.com\/es\/freight-forwarder\/freight-forwarding-uk\/glasgow-freight-forwarder\/#Matrix_Transport_Services_Ltd\" >Matrix Transport Services Ltd<\/a><\/li><li class='ez-toc-page-1 ez-toc-heading-level-2'><a class=\"ez-toc-link ez-toc-heading-7\" href=\"https:\/\/moverdb.com\/es\/freight-forwarder\/freight-forwarding-uk\/glasgow-freight-forwarder\/#DHL\" >DHL<\/a><\/li><li class='ez-toc-page-1 ez-toc-heading-level-2'><a class=\"ez-toc-link ez-toc-heading-8\" href=\"https:\/\/moverdb.com\/es\/freight-forwarder\/freight-forwarding-uk\/glasgow-freight-forwarder\/#Seabourne_Logistics_Glasgow\" >Seabourne Logistics Glasgow<\/a><\/li><li class='ez-toc-page-1 ez-toc-heading-level-2'><a class=\"ez-toc-link ez-toc-heading-9\" href=\"https:\/\/moverdb.com\/es\/freight-forwarder\/freight-forwarding-uk\/glasgow-freight-forwarder\/#How_we_picked_the_best_Glasgow_Freight_Forwarding_Companies\" >C\u00f3mo hemos elegido las mejores empresas transitarias de Glasgow<\/a><\/li><\/ul><\/nav><\/div>\n<h2><span class=\"ez-toc-section\" id=\"DB_Schenker\"><\/span>DB Schenker<span class=\"ez-toc-section-end\"><\/span><\/h2>\n<p><img decoding=\"async\" src=\"https:\/\/moverdb.com\/wp-content\/uploads\/thumbnailpanoid-eEBmM7MppI0GGwkkHiVUwcb_clientsearch.gws-prod.gpsw408h240yaw287.jpg\" alt='DB Schenker' class=\"aligncenter\"><\/p>\n<p><strong>Descripci\u00f3n de la empresa: <\/strong>Ninguno<\/p>\n<p><strong>Servicios adicionales:<\/strong><\/p>\n<p>Empresa de camiones<\/p>\n<p><strong>Direcci\u00f3n:<\/strong> 25 Colquhoun Ave, Hillington, Glasgow G52 4BN<\/p>\n<p><a href=\"http:\/\/www.dbschenker.com\/uk\" target=\"_new\" rel=\"noopener\">Sitio web de DB Schenker<\/a><\/p>\n<p><strong>Puntuaci\u00f3n de la revisi\u00f3n: <\/strong>5<br \/> <strong>N\u00famero de rese\u00f1as:<\/strong> 3<br \/><a href=\"https:\/\/www.google.co.uk\/maps?cid=16787027518432455449&#038;hl=en&#038;gl=GB\" target=\"_new\" rel=\"noopener\">Leer comentarios<\/a><\/p>\n<h2><span class=\"ez-toc-section\" id=\"Accentric_Freights_Services\"><\/span>Accentric Freights Services<span class=\"ez-toc-section-end\"><\/span><\/h2>\n<p><img decoding=\"async\" src=\"https:\/\/moverdb.com\/wp-content\/uploads\/AF1QipPFj4KIMmS-GOL2qn80ShEYKUcVVrIFIQep8qlYw408-h306-k-no.jpg\" alt='Accentric Freights Services' class=\"aligncenter\"><\/p>\n<p><strong>Descripci\u00f3n de la empresa: <\/strong>Ninguno<\/p>\n<p><strong>Servicios adicionales:<\/strong><\/p>\n<p>Ninguno<\/p>\n<p><strong>Direcci\u00f3n:<\/strong> 94 David St, Glasgow G40 2UH<\/p>\n<p><a href=\"https:\/\/accentricfreights.com\/\" target=\"_new\" rel=\"noopener\">Sitio web de Accentric Freights Services<\/a><\/p>\n<p><strong>Puntuaci\u00f3n de la revisi\u00f3n: <\/strong>4<br \/> <strong>N\u00famero de rese\u00f1as:<\/strong> 1<br \/><a href=\"https:\/\/www.google.co.uk\/maps?cid=5672521677482953891&#038;hl=en&#038;gl=GB\" target=\"_new\" rel=\"noopener\">Leer comentarios<\/a><\/p>\n<h2><span class=\"ez-toc-section\" id=\"Galaxy_Transport\"><\/span>Transporte Galaxy<span class=\"ez-toc-section-end\"><\/span><\/h2>\n<p><img decoding=\"async\" src=\"https:\/\/moverdb.com\/wp-content\/uploads\/AF1QipONXwkiZnepusc0mfLTQBaVU_o_iMjH6VFWHvbvw480-h240-k-no.png\" alt='Transporte Galaxy' class=\"aligncenter\"><\/p>\n<p><strong>Descripci\u00f3n de la empresa: <\/strong>Empresa de transporte y carga con sede en Escocia.<\/p>\n<p> Nuestro equipo lleva 30 a\u00f1os trabajando en el transporte de mercanc\u00edas por carretera y recogemos y entregamos cargas para clientes de todo el mundo. <a href=\"https:\/\/moverdb.com\/es\/moving-to-the-uk\/\" data-internallinksmanager029f6b8e52c=\"93\" title=\"\u00bfSe muda al Reino Unido? 2026 Costes de vida y consejos de reubicaci\u00f3n\">REINO UNIDO<\/a> y m\u00e1s all\u00e1<\/p>\n<p><strong>Servicios adicionales:<\/strong><\/p>\n<p>Ninguno<\/p>\n<p><strong>Direcci\u00f3n:<\/strong> Unidad, 2b Orbital Ct, East Kilbride, Glasgow G74 5PH<\/p>\n<p><a href=\"http:\/\/www.galaxytransport.co.uk\/\" target=\"_new\" rel=\"noopener\">P\u00e1gina web de Galaxy Transport<\/a><\/p>\n<p><strong>Puntuaci\u00f3n de la revisi\u00f3n: <\/strong>4.7<br \/> <strong>N\u00famero de rese\u00f1as:<\/strong> 15<br \/><a href=\"https:\/\/www.google.co.uk\/maps?cid=7690291507517147497&#038;hl=en&#038;gl=GB\" target=\"_new\" rel=\"noopener\">Leer comentarios<\/a><\/p>\n<h2><span class=\"ez-toc-section\" id=\"JSM_Logistics_LTD\"><\/span>JSM Logistics LTD<span class=\"ez-toc-section-end\"><\/span><\/h2>\n<p><img decoding=\"async\" src=\"https:\/\/moverdb.com\/wp-content\/uploads\/AF1QipMSeWV0tOt2z4v7jbzfdajt24OGuGyHY5Kvn3b0w480-h240-k-no.png\" alt='JSM Logistics LTD' class=\"aligncenter\"><\/p>\n<p><strong>Descripci\u00f3n de la empresa: <\/strong>En JSM ofrecemos servicios de transporte de mercanc\u00edas de calidad a precios competitivos.<\/p>\n<p> Sea cual sea su necesidad de carga, p\u00f3ngase en contacto con nosotros y le garantizaremos el mejor servicio posible.<\/p>\n<p><strong>Servicios adicionales:<\/strong><\/p>\n<p>Ninguno<\/p>\n<p><strong>Direcci\u00f3n:<\/strong> Unit C, Coalburn Rd, Bothwell, Glasgow G71 8DA<\/p>\n<p><a href=\"https:\/\/jsmglasgow.com\/\" target=\"_new\" rel=\"noopener\">Sitio web de JSM Logistics LTD<\/a><\/p>\n<p><strong>Puntuaci\u00f3n de la revisi\u00f3n: <\/strong>3<br \/> <strong>N\u00famero de rese\u00f1as:<\/strong> 2<br \/><a href=\"https:\/\/www.google.co.uk\/maps?cid=1596017489974594862&#038;hl=en&#038;gl=GB\" target=\"_new\" rel=\"noopener\">Leer comentarios<\/a><\/p>\n<h2><span class=\"ez-toc-section\" id=\"Customs_Clearance_Agent_UK_AAA_Freight_Services_Ltd\"><\/span>Agente de aduanas Reino Unido AAA Freight Services Ltd<span class=\"ez-toc-section-end\"><\/span><\/h2>\n<p><img decoding=\"async\" src=\"https:\/\/moverdb.com\/wp-content\/uploads\/AF1QipMlCQ7NHcDkXxDBT1xyvqJ0iwZZRZuXt34YJQH9w408-h271-k-no.jpg\" alt='Agente de aduanas Reino Unido AAA Freight Services Ltd' class=\"aligncenter\"><\/p>\n<p><strong>Descripci\u00f3n de la empresa: <\/strong>24\/7 Agente de aduanas oficial del Reino Unido, m\u00e1s de 10 a\u00f1os.<\/p>\n<p>Tr\u00e1mites de importaci\u00f3n y exportaci\u00f3n de su carga en los principales puertos del Reino Unido <a href=\"https:\/\/moverdb.com\/es\/top-49-container-ports\/\" data-internallinksmanager029f6b8e52c=\"80\" title=\"Los 49 puertos de contenedores m\u00e1s grandes y activos en 2025\">puertos<\/a>.<\/p>\n<p>Presupuesto gratuito<br \/>\nCarga A\u00e9rea, Mar\u00edtima y Terrestre Despacho de Palets, Contenedores o Camiones desde \u00c2\u00a329.<\/p>\n<p><strong>Servicios adicionales:<\/strong><\/p>\n<p>Agente de aduanas<\/p>\n<p>Empresa de mensajer\u00eda<\/p>\n<p>Servicio de transporte<\/p>\n<p><strong>Direcci\u00f3n:<\/strong> Suite 2\/3, 48 W George St, Glasgow G2 1BP<\/p>\n<p><a href=\"https:\/\/customsclearance.business.site\/?utm_source=gmb&#038;utm_medium=referral\" target=\"_new\" rel=\"noopener\">Agente de aduanas UK AAA Freight Services Ltd website<\/a><\/p>\n<p><strong>Puntuaci\u00f3n de la revisi\u00f3n: <\/strong>4.7<br \/> <strong>N\u00famero de rese\u00f1as:<\/strong> 159<br \/><a href=\"https:\/\/www.google.co.uk\/maps?cid=3863162467023301009&#038;hl=en&#038;gl=GB\" target=\"_new\" rel=\"noopener\">Leer comentarios<\/a><\/p>\n<h2><span class=\"ez-toc-section\" id=\"Matrix_Transport_Services_Ltd\"><\/span>Matrix Transport Services Ltd<span class=\"ez-toc-section-end\"><\/span><\/h2>\n<p><img decoding=\"async\" src=\"https:\/\/moverdb.com\/wp-content\/uploads\/thumbnailpanoidp1K188GFI2qxoOzc2WWfxgcb_clientsearch.gws-prod.gpsw408h240yaw98.jpg\" alt='Matrix Transport Services Ltd' class=\"aligncenter\"><\/p>\n<p><strong>Descripci\u00f3n de la empresa: <\/strong>Ninguno<\/p>\n<p><strong>Servicios adicionales:<\/strong><\/p>\n<p>Ninguno<\/p>\n<p><strong>Direcci\u00f3n:<\/strong> Baltic Chambers, 50 Wellington St, Glasgow G2 6HJ<\/p>\n<p><a href=\"http:\/\/www.matrixtransport.co.uk\/\" target=\"_new\" rel=\"noopener\">Sitio web de Matrix Transport Services Ltd<\/a><\/p>\n<p><strong>Puntuaci\u00f3n de la revisi\u00f3n: <\/strong>5<br \/> <strong>N\u00famero de rese\u00f1as:<\/strong> 2<br \/><a href=\"https:\/\/www.google.co.uk\/maps?cid=9794949509380083414&#038;hl=en&#038;gl=GB\" target=\"_new\" rel=\"noopener\">Leer comentarios<\/a><\/p>\n<h2><span class=\"ez-toc-section\" id=\"DHL\"><\/span>DHL<span class=\"ez-toc-section-end\"><\/span><\/h2>\n<p><img decoding=\"async\" src=\"https:\/\/moverdb.com\/wp-content\/uploads\/thumbnailpanoidAw6RXmW2QMfnEciN3MtPnwcb_clientsearch.gws-prod.gpsw408h240yaw266.jpg\" alt='DHL' class=\"aligncenter\"><\/p>\n<p><strong>Descripci\u00f3n de la empresa: <\/strong>Ninguno<\/p>\n<p><strong>Servicios adicionales:<\/strong><\/p>\n<p>Almac\u00e9n<\/p>\n<p><strong>Direcci\u00f3n:<\/strong> Hurlawcrook Rd, East Kilbride, Glasgow G75 0ZZ<\/p>\n<p><a href=\"http:\/\/www.dhl.co.uk\/\" target=\"_new\" rel=\"noopener\">Sitio web de DHL<\/a><\/p>\n<p><strong>Puntuaci\u00f3n de la revisi\u00f3n: <\/strong>3.7<br \/> <strong>N\u00famero de rese\u00f1as:<\/strong> 10<br \/><a href=\"https:\/\/www.google.co.uk\/maps?cid=2667478489477151152&#038;hl=en&#038;gl=GB\" target=\"_new\" rel=\"noopener\">Leer comentarios<\/a><\/p>\n<h2><span class=\"ez-toc-section\" id=\"Seabourne_Logistics_Glasgow\"><\/span>Seabourne Logistics Glasgow<span class=\"ez-toc-section-end\"><\/span><\/h2>\n<p><img decoding=\"async\" src=\"https:\/\/moverdb.com\/wp-content\/uploads\/thumbnailpanoidAAIRTHEpOkAXE8_LrHU3TQcb_clientsearch.gws-prod.gpsw408h240yaw113.jpg\" alt='Seabourne Logistics Glasgow' class=\"aligncenter\"><\/p>\n<p><strong>Descripci\u00f3n de la empresa: <\/strong>Seabourne Logistics, operador log\u00edstico independiente l\u00edder con oficinas en el Reino Unido, El <a href=\"https:\/\/moverdb.com\/es\/moving-to-the-netherlands\/\" data-internallinksmanager029f6b8e52c=\"328\" title=\"\u00bfSe muda a los Pa\u00edses Bajos? 2026 Coste de la vida y consejos para el traslado\">Pa\u00edses Bajos<\/a>, <a href=\"https:\/\/moverdb.com\/es\/moving-to-france\/\" data-internallinksmanager029f6b8e52c=\"315\" title=\"\u00bfSe muda a Francia? 2026 Coste de la vida y consejos para el traslado\">Francia<\/a>y <a href=\"https:\/\/moverdb.com\/es\/moving-to-south-africa\/\" data-internallinksmanager029f6b8e52c=\"347\" title=\"\u00bfSe muda a Sud\u00e1frica? 2026 Coste de la vida y consejos para el traslado\">Sud\u00e1frica<\/a> ofreciendo soluciones globales hol\u00edsticas a trav\u00e9s de sus 6 divisiones: Almacenamiento, E-Fulfilment, Servicios de Mensajer\u00eda, Servicios de Carga, Soluciones de Correo y Servicios de Aduanas.<\/p>\n<p> Son bien conocidos por su enfoque personal y pr\u00e1ctico y se han forjado una reputaci\u00f3n excepcional en la que la buena comunicaci\u00f3n, la flexibilidad y el compromiso son la esencia de lo que hacen.<\/p>\n<p> Seabourne tiene experiencia en nichos de mercado y ofrece amplias soluciones personalizadas de Log\u00edstica de Terceros (3PL).<\/p>\n<p><strong>Servicios adicionales:<\/strong><\/p>\n<p>Servicio de mensajer\u00eda<\/p>\n<p>Servicio log\u00edstico<\/p>\n<p><strong>Direcci\u00f3n:<\/strong> Deanside Rd, Glasgow G52 4XB<\/p>\n<p><a href=\"https:\/\/uk.seabournelogistics.com\/\" target=\"_new\" rel=\"noopener\">P\u00e1gina web de Seabourne Logistics Glasgow<\/a><\/p>\n<p><strong>Puntuaci\u00f3n de la revisi\u00f3n: <\/strong>5<br \/> <strong>N\u00famero de rese\u00f1as:<\/strong> 2<br \/><a href=\"https:\/\/www.google.co.uk\/maps?cid=16458991865367399256&#038;hl=en&#038;gl=GB\" target=\"_new\" rel=\"noopener\">Leer comentarios<\/a><\/p>\n<h2><span class=\"ez-toc-section\" id=\"How_we_picked_the_best_Glasgow_Freight_Forwarding_Companies\"><\/span>C\u00f3mo hemos elegido las mejores empresas transitarias de Glasgow<span class=\"ez-toc-section-end\"><\/span><\/h2>\n<p>Empezamos con un conjunto de datos de 27 empresas de transporte de mercanc\u00edas de Glasgow que pudimos encontrar a trav\u00e9s de Google Maps y lo redujimos a las 8 mejores.<\/p>\n<p>Para ello eliminamos cualquier empresa que:<\/p>\n<ul>\n<li> No ten\u00eda p\u00e1gina web<\/li>\n<li> No ten\u00eda cr\u00edticas<\/li>\n<li> Tiene una puntuaci\u00f3n media inferior a 2,0<\/li>\n<\/ul>\n<p>En ese momento, si ten\u00edamos 17 o menos transportistas, los enumer\u00e1bamos todos.<\/p>\n<p>En las ciudades en las que nos quedamos con m\u00e1s de 17 expedidores, realizamos nuevas revisiones, bien aumentando la puntuaci\u00f3n de la revisi\u00f3n requerida (por ejemplo, pasando de un m\u00ednimo de 2,0 a 4,0) y\/o aumentando el n\u00famero m\u00ednimo de revisiones requeridas (por ejemplo, pasando de al menos 1 revisi\u00f3n a al menos 10).<\/p>\n<p>Tenga en cuenta que s\u00f3lo utilizamos datos de revisi\u00f3n de Google Maps y no de otros sitios web de terceros.<\/p>\n<p>M\u00e1s ciudades:<\/p>\n<p><a href=\"https:\/\/moverdb.com\/es\/transitario\/freight-forwarding-uk\/barking-freight-forwarder\/\">Barking Freight Forwarder<\/a><br \/><a href=\"https:\/\/moverdb.com\/es\/transitario\/freight-forwarding-uk\/staines-freight-forwarder\/\">Transitario Staines<\/a><br \/><a href=\"https:\/\/moverdb.com\/es\/transitario\/freight-forwarding-uk\/leicester-freight-forwarder\/\">Transitario en Leicester<\/a><br \/><a href=\"https:\/\/moverdb.com\/es\/transitario\/freight-forwarding-uk\/dartford-freight-forwarder\/\">Dartford Freight Forwarder<\/a><br \/><a href=\"https:\/\/moverdb.com\/es\/transitario\/freight-forwarding-uk\/grays-freight-forwarder\/\">Grays Freight Forwarder<\/a><\/p>","protected":false},"excerpt":{"rendered":"<p>Below we look at the 8 &#8220;best&#8221; Freight Forwarding companies in Glasgow out of 27. To learn more about how we chose the best please consult our FAQ section at the end. Please not the following listings are in no particular order and we are not making any recommendations for any particular company. DB Schenker [&hellip;]<\/p>\n","protected":false},"author":1,"featured_media":0,"parent":13427,"menu_order":0,"comment_status":"open","ping_status":"open","template":"","meta":{"_genesis_hide_title":false,"_genesis_hide_breadcrumbs":false,"_genesis_hide_singular_image":false,"_genesis_hide_footer_widgets":false,"_genesis_custom_body_class":"","_genesis_custom_post_class":"","_genesis_layout":"","footnotes":""},"class_list":{"0":"post-13771","1":"page","2":"type-page","3":"status-publish","5":"entry"},"_links":{"self":[{"href":"https:\/\/moverdb.com\/es\/wp-json\/wp\/v2\/pages\/13771","targetHints":{"allow":["GET"]}}],"collection":[{"href":"https:\/\/moverdb.com\/es\/wp-json\/wp\/v2\/pages"}],"about":[{"href":"https:\/\/moverdb.com\/es\/wp-json\/wp\/v2\/types\/page"}],"author":[{"embeddable":true,"href":"https:\/\/moverdb.com\/es\/wp-json\/wp\/v2\/users\/1"}],"replies":[{"embeddable":true,"href":"https:\/\/moverdb.com\/es\/wp-json\/wp\/v2\/comments?post=13771"}],"version-history":[{"count":1,"href":"https:\/\/moverdb.com\/es\/wp-json\/wp\/v2\/pages\/13771\/revisions"}],"predecessor-version":[{"id":15803,"href":"https:\/\/moverdb.com\/es\/wp-json\/wp\/v2\/pages\/13771\/revisions\/15803"}],"up":[{"embeddable":true,"href":"https:\/\/moverdb.com\/es\/wp-json\/wp\/v2\/pages\/13427"}],"wp:attachment":[{"href":"https:\/\/moverdb.com\/es\/wp-json\/wp\/v2\/media?parent=13771"}],"curies":[{"name":"wp","href":"https:\/\/api.w.org\/{rel}","templated":true}]}}