{"id":13744,"date":"2023-11-08T15:52:42","date_gmt":"2023-11-08T15:52:42","guid":{"rendered":"https:\/\/moverdb.com\/freight-forwarder\/freight-forwarding-uk\/southall-freight-forwarder\/"},"modified":"2026-01-08T13:18:19","modified_gmt":"2026-01-08T13:18:19","slug":"southall-freight-forwarder","status":"publish","type":"page","link":"https:\/\/moverdb.com\/es\/freight-forwarder\/freight-forwarding-uk\/southall-freight-forwarder\/","title":{"rendered":"9 mejores empresas de transporte de mercanc\u00edas de Southall (2024)"},"content":{"rendered":"<p>A continuaci\u00f3n examinamos los 9 <em>\"mejor\"<\/em> Empresas transitarias en Southall de un total de 16.<\/p>\n<p>Para saber m\u00e1s sobre c\u00f3mo elegimos a los mejores, consulte nuestra secci\u00f3n de preguntas frecuentes al final.<\/p>\n<p><em>Tenga en cuenta que los siguientes listados no siguen ning\u00fan orden en particular y que no recomendamos ninguna empresa en concreto.<\/em><\/p>\n<div id=\"ez-toc-container\" class=\"ez-toc-v2_0_82_2 ez-toc-wrap-left counter-hierarchy ez-toc-counter ez-toc-transparent ez-toc-container-direction\">\n<div class=\"ez-toc-title-container\">\n<p class=\"ez-toc-title\" style=\"cursor:inherit\">Secciones<\/p>\n<span class=\"ez-toc-title-toggle\"><a href=\"#\" class=\"ez-toc-pull-right ez-toc-btn ez-toc-btn-xs ez-toc-btn-default ez-toc-toggle\" aria-label=\"Alternar tabla de contenidos\"><span class=\"ez-toc-js-icon-con\"><span class=\"\"><span class=\"eztoc-hide\" style=\"display:none;\">Toggle<\/span><span class=\"ez-toc-icon-toggle-span\"><svg style=\"fill: #999;color:#999\" xmlns=\"http:\/\/www.w3.org\/2000\/svg\" class=\"list-377408\" width=\"20px\" height=\"20px\" viewbox=\"0 0 24 24\" fill=\"none\"><path d=\"M6 6H4v2h2V6zm14 0H8v2h12V6zM4 11h2v2H4v-2zm16 0H8v2h12v-2zM4 16h2v2H4v-2zm16 0H8v2h12v-2z\" fill=\"currentColor\"><\/path><\/svg><svg style=\"fill: #999;color:#999\" class=\"arrow-unsorted-368013\" xmlns=\"http:\/\/www.w3.org\/2000\/svg\" width=\"10px\" height=\"10px\" viewbox=\"0 0 24 24\" version=\"1.2\" baseprofile=\"tiny\"><path d=\"M18.2 9.3l-6.2-6.3-6.2 6.3c-.2.2-.3.4-.3.7s.1.5.3.7c.2.2.4.3.7.3h11c.3 0 .5-.1.7-.3.2-.2.3-.5.3-.7s-.1-.5-.3-.7zM5.8 14.7l6.2 6.3 6.2-6.3c.2-.2.3-.5.3-.7s-.1-.5-.3-.7c-.2-.2-.4-.3-.7-.3h-11c-.3 0-.5.1-.7.3-.2.2-.3.5-.3.7s.1.5.3.7z\"\/><\/svg><\/span><\/span><\/span><\/a><\/span><\/div>\n<nav><ul class='ez-toc-list ez-toc-list-level-1 eztoc-toggle-hide-by-default' ><li class='ez-toc-page-1 ez-toc-heading-level-2'><a class=\"ez-toc-link ez-toc-heading-1\" href=\"https:\/\/moverdb.com\/es\/freight-forwarder\/freight-forwarding-uk\/southall-freight-forwarder\/#SMS_Dhaliwal_Transport_Ltd\" >SMS Dhaliwal Transport Ltd<\/a><\/li><li class='ez-toc-page-1 ez-toc-heading-level-2'><a class=\"ez-toc-link ez-toc-heading-2\" href=\"https:\/\/moverdb.com\/es\/freight-forwarder\/freight-forwarding-uk\/southall-freight-forwarder\/#TRIPLE_A_GLOBAL_CARGO_LOGISTICS_LTD\" >TRIPLE A GLOBAL CARGO LOGISTICS LTD<\/a><\/li><li class='ez-toc-page-1 ez-toc-heading-level-2'><a class=\"ez-toc-link ez-toc-heading-3\" href=\"https:\/\/moverdb.com\/es\/freight-forwarder\/freight-forwarding-uk\/southall-freight-forwarder\/#Fast_Cargo_Ltd\" >Fast Cargo Ltd<\/a><\/li><li class='ez-toc-page-1 ez-toc-heading-level-2'><a class=\"ez-toc-link ez-toc-heading-4\" href=\"https:\/\/moverdb.com\/es\/freight-forwarder\/freight-forwarding-uk\/southall-freight-forwarder\/#Hodan_Cargo_Ltd\" >Hodan Cargo Ltd<\/a><\/li><li class='ez-toc-page-1 ez-toc-heading-level-2'><a class=\"ez-toc-link ez-toc-heading-5\" href=\"https:\/\/moverdb.com\/es\/freight-forwarder\/freight-forwarding-uk\/southall-freight-forwarder\/#Freight_Line_Services_LTD\" >Freight Line Services LTD<\/a><\/li><li class='ez-toc-page-1 ez-toc-heading-level-2'><a class=\"ez-toc-link ez-toc-heading-6\" href=\"https:\/\/moverdb.com\/es\/freight-forwarder\/freight-forwarding-uk\/southall-freight-forwarder\/#Parcel_world_Limited\" >Parcel world Limited<\/a><\/li><li class='ez-toc-page-1 ez-toc-heading-level-2'><a class=\"ez-toc-link ez-toc-heading-7\" href=\"https:\/\/moverdb.com\/es\/freight-forwarder\/freight-forwarding-uk\/southall-freight-forwarder\/#Fast_Cargo_Services_Ltd\" >Fast Cargo Services Ltd<\/a><\/li><li class='ez-toc-page-1 ez-toc-heading-level-2'><a class=\"ez-toc-link ez-toc-heading-8\" href=\"https:\/\/moverdb.com\/es\/freight-forwarder\/freight-forwarding-uk\/southall-freight-forwarder\/#BLMG_LTD\" >BLMG LTD<\/a><\/li><li class='ez-toc-page-1 ez-toc-heading-level-2'><a class=\"ez-toc-link ez-toc-heading-9\" href=\"https:\/\/moverdb.com\/es\/freight-forwarder\/freight-forwarding-uk\/southall-freight-forwarder\/#MDFreight\" >M.D.Freight<\/a><\/li><li class='ez-toc-page-1 ez-toc-heading-level-2'><a class=\"ez-toc-link ez-toc-heading-10\" href=\"https:\/\/moverdb.com\/es\/freight-forwarder\/freight-forwarding-uk\/southall-freight-forwarder\/#How_we_picked_the_best_Southall_Freight_Forwarding_Companies\" >C\u00f3mo hemos elegido las mejores empresas transitarias de Southall<\/a><\/li><\/ul><\/nav><\/div>\n<h2><span class=\"ez-toc-section\" id=\"SMS_Dhaliwal_Transport_Ltd\"><\/span>SMS Dhaliwal Transport Ltd<span class=\"ez-toc-section-end\"><\/span><\/h2>\n<p><img decoding=\"async\" src=\"https:\/\/moverdb.com\/wp-content\/uploads\/thumbnailpanoidU40fBLvrEQnowa1fPAaGmgcb_clientsearch.gws-prod.gpsw408h240yaw232.jpg\" alt='SMS Dhaliwal Transport Ltd' class=\"aligncenter\"><\/p>\n<p><strong>Descripci\u00f3n de la empresa: <\/strong>SMS Dhaliwal Transport Ltd es uno de los mayores transportistas en <a href=\"https:\/\/moverdb.com\/es\/moving-to-the-uk\/\" data-internallinksmanager029f6b8e52c=\"93\" title=\"\u00bfSe muda al Reino Unido? 2026 Costes de vida y consejos de reubicaci\u00f3n\">Reino Unido<\/a> y con sede en Southall.<\/p>\n<p> Ser transportista de mercanc\u00edas y <a href=\"https:\/\/moverdb.com\/es\/freight-forwarder\/\" data-internallinksmanager029f6b8e52c=\"17\" title=\"Gu\u00eda de empresas y costes internacionales de transitarios y NVOCC\">Transportista<\/a>Disponemos de veh\u00edculos comerciales, camioneros, transporte pesado, log\u00edstica de transporte y servicio de distribuci\u00f3n de camiones.<\/p>\n<p> Gozamos de una reputaci\u00f3n inigualable en materia de seguridad, fiabilidad y atenci\u00f3n al cliente en todo el sector, lo que nos ha llevado a <a href=\"https:\/\/moverdb.com\/es\/moving-to-the-united-states\/\" data-internallinksmanager029f6b8e52c=\"94\" title=\"\u00bfSe muda a Estados Unidos? 2026 Costes de vida y consejos de reubicaci\u00f3n\">us<\/a> siendo la primera opci\u00f3n para algunas de las mayores empresas de construcci\u00f3n, alquiler y servicios p\u00fablicos del pa\u00eds.<\/p>\n<p> Desde sencillos traslados puntuales hasta complejos ascensores, cargas sobredimensionadas e instalaciones de edificios modulares, lo tenemos todo cubierto.<\/p>\n<p><strong>Servicios adicionales:<\/strong><\/p>\n<p>Servicio log\u00edstico<\/p>\n<p>Empresa de camiones<\/p>\n<p><strong>Direcci\u00f3n:<\/strong> 67 Brent Rd, Southall UB2 5LA<\/p>\n<p><a href=\"http:\/\/smsdhaliwal.co.uk\/\" target=\"_new\" rel=\"noopener\">Sitio web de SMS Dhaliwal Transport Ltd<\/a><\/p>\n<p><strong>Puntuaci\u00f3n de la revisi\u00f3n: <\/strong>5<br \/> <strong>N\u00famero de rese\u00f1as:<\/strong> 2<br \/><a href=\"https:\/\/www.google.co.uk\/maps?cid=8101554762267100004&#038;hl=en&#038;gl=GB\" target=\"_new\" rel=\"noopener\">Leer comentarios<\/a><\/p>\n<h2><span class=\"ez-toc-section\" id=\"TRIPLE_A_GLOBAL_CARGO_LOGISTICS_LTD\"><\/span>TRIPLE A GLOBAL CARGO LOGISTICS LTD<span class=\"ez-toc-section-end\"><\/span><\/h2>\n<p><img decoding=\"async\" src=\"https:\/\/moverdb.com\/wp-content\/uploads\/AF1QipPqs6Ojtm6XYwWGIDaI2L92G9zsRsAhwzVpf1sEw426-h240-k-no.jpg\" alt='TRIPLE A GLOBAL CARGO LOGISTICS LTD' class=\"aligncenter\"><\/p>\n<p><strong>Descripci\u00f3n de la empresa: <\/strong>Triple A Global Cargo Logistics es su principal socio log\u00edstico preferido para el env\u00edo racionalizado desde el Reino Unido a <a href=\"https:\/\/moverdb.com\/es\/moving-companies\/moving-companies-kenya\/\" data-internallinksmanager029f6b8e52c=\"305\" title=\"4 mejores empresas de mudanzas internacionales en Kenia\">Kenia<\/a>.<\/p>\n<p> Nuestros servicios incluyen env\u00edos puerta a puerta, carga expr\u00e9s a\u00e9rea y mar\u00edtima <a href=\"https:\/\/moverdb.com\/es\/container-shipping\/\" data-internallinksmanager029f6b8e52c=\"3\" title=\"Tabla de tarifas de transporte mar\u00edtimo internacional de contenedores: Abril 2026\">env\u00edo de contenedores<\/a>Despacho de aduanas, aprovisionamiento de equipos y mercanc\u00edas, asistencia a los residentes que regresan e instalaciones de almacenamiento.<\/p>\n<p> Con tarifas competitivas y un servicio de atenci\u00f3n al cliente excepcional, garantizamos una entrega r\u00e1pida y eficaz.<\/p>\n<p> Nos enorgullecemos de nuestro compromiso con la satisfacci\u00f3n del cliente, dando prioridad a una comunicaci\u00f3n clara, un servicio receptivo y una entrega fiable.<\/p>\n<p> Entendiendo las necesidades de nuestros clientes y proporcion\u00e1ndoles soluciones de transporte a medida, nuestro objetivo es establecer relaciones a largo plazo y convertirnos en un socio de confianza en la log\u00edstica de carga.<\/p>\n<p> P\u00f3ngase en contacto con nosotros hoy mismo para obtener m\u00e1s informaci\u00f3n<\/p>\n<p><strong>Servicios adicionales:<\/strong><\/p>\n<p>Servicio log\u00edstico<\/p>\n<p>Servicio de env\u00edo<\/p>\n<p><strong>Direcci\u00f3n:<\/strong> UNIT Z01, 8A Canal Yard, Hayes Rd, Hounslow, Southall UB2 5NA<\/p>\n<p><a href=\"http:\/\/www.tripleafreight.co.uk\/\" target=\"_new\" rel=\"noopener\">Sitio web de TRIPLE A GLOBAL CARGO LOGISTICS LTD<\/a><\/p>\n<p><strong>Puntuaci\u00f3n de la revisi\u00f3n: <\/strong>5<br \/> <strong>N\u00famero de rese\u00f1as:<\/strong> 24<br \/><a href=\"https:\/\/www.google.co.uk\/maps?cid=6900515453734720060&#038;hl=en&#038;gl=GB\" target=\"_new\" rel=\"noopener\">Leer comentarios<\/a><\/p>\n<h2><span class=\"ez-toc-section\" id=\"Fast_Cargo_Ltd\"><\/span>Fast Cargo Ltd<span class=\"ez-toc-section-end\"><\/span><\/h2>\n<p><img decoding=\"async\" src=\"https:\/\/moverdb.com\/wp-content\/uploads\/thumbnailpanoidZszgS4EG6t8soRqkqEr-AAcb_clientsearch.gws-prod.gpsw408h240yaw188.jpg\" alt='Fast Cargo Ltd' class=\"aligncenter\"><\/p>\n<p><strong>Descripci\u00f3n de la empresa: <\/strong>Ninguno<\/p>\n<p><strong>Servicios adicionales:<\/strong><\/p>\n<p>Servicio de mensajer\u00eda<\/p>\n<p>Servicio log\u00edstico<\/p>\n<p>Empresa de mensajer\u00eda<\/p>\n<p><strong>Direcci\u00f3n:<\/strong> Canalside Gardens, Southall UB2 5TJ<\/p>\n<p><a href=\"http:\/\/www.fastcargoservicesltd.com\/\" target=\"_new\" rel=\"noopener\">Sitio web de Fast Cargo Ltd<\/a><\/p>\n<p><strong>Puntuaci\u00f3n de la revisi\u00f3n: <\/strong>4<br \/> <strong>N\u00famero de rese\u00f1as:<\/strong> 6<br \/><a href=\"https:\/\/www.google.co.uk\/maps?cid=17136849923592829230&#038;hl=en&#038;gl=GB\" target=\"_new\" rel=\"noopener\">Leer comentarios<\/a><\/p>\n<h2><span class=\"ez-toc-section\" id=\"Hodan_Cargo_Ltd\"><\/span>Hodan Cargo Ltd<span class=\"ez-toc-section-end\"><\/span><\/h2>\n<p><img decoding=\"async\" src=\"https:\/\/moverdb.com\/wp-content\/uploads\/thumbnailpanoidTeNPkID55nbJbTvzKjkcdAcb_clientsearch.gws-prod.gpsw408h240yaw18.jpg\" alt='Hodan Cargo Ltd' class=\"aligncenter\"><\/p>\n<p><strong>Descripci\u00f3n de la empresa: <\/strong>Hodan Cargo Ltd es expresa <a href=\"https:\/\/moverdb.com\/es\/shipping-companies\/\" data-internallinksmanager029f6b8e52c=\"4\" title=\"Las 10 mejores empresas de transporte internacional de contenedores\">empresa de transporte<\/a> con sede en el Reino Unido y oficinas en Kenia, Somalia, Somalilandia, Uganda y Tanzania.<\/p>\n<p> Enviamos paquetes de Europa a \u00c1frica Oriental.<\/p>\n<p> los clientes que quieran comprar en amazon, ebay y todos los principales sitios\/marcas europeos pueden enviar su paquete a nuestro almac\u00e9n en londres y se lo entregaremos en seis d\u00edas.<\/p>\n<p> hacemos carga a\u00e9rea y mar\u00edtima.<\/p>\n<p> Tambi\u00e9n podemos comprar en su nombre o ponerle en contacto con todos los proveedores europeos, tanto si es para usted como para su empresa.<\/p>\n<p><strong>Servicios adicionales:<\/strong><\/p>\n<p>Ninguno<\/p>\n<p><strong>Direcci\u00f3n:<\/strong> Unidad Z01 C\/O Hodan Cargo 8a Canal Yard, Hayes Rd, Southall UB2 5NA<\/p>\n<p><a href=\"http:\/\/www.hodancargo.com\/\" target=\"_new\" rel=\"noopener\">Sitio web de Hodan Cargo Ltd<\/a><\/p>\n<p><strong>Puntuaci\u00f3n de la revisi\u00f3n: <\/strong>5<br \/> <strong>N\u00famero de rese\u00f1as:<\/strong> 2<br \/><a href=\"https:\/\/www.google.co.uk\/maps?cid=3990577677848957395&#038;hl=en&#038;gl=GB\" target=\"_new\" rel=\"noopener\">Leer comentarios<\/a><\/p>\n<h2><span class=\"ez-toc-section\" id=\"Freight_Line_Services_LTD\"><\/span>Freight Line Services LTD<span class=\"ez-toc-section-end\"><\/span><\/h2>\n<p><img decoding=\"async\" src=\"https:\/\/moverdb.com\/wp-content\/uploads\/AF1QipPtN8oi0L7myggj51rZPfY_RliE50SrJZxHGxttw408-h272-k-no.jpg\" alt='Freight Line Services LTD' class=\"aligncenter\"><\/p>\n<p><strong>Descripci\u00f3n de la empresa: <\/strong>Ninguno<\/p>\n<p><strong>Servicios adicionales:<\/strong><\/p>\n<p>Ninguno<\/p>\n<p><strong>Direcci\u00f3n:<\/strong> Unidad 5H, Charles House, Bridge Rd, Southall UB2 4BD<\/p>\n<p><a href=\"http:\/\/www.freightlines.co.uk\/\" target=\"_new\" rel=\"noopener\">Sitio web de Freight Line Services LTD<\/a><\/p>\n<p><strong>Puntuaci\u00f3n de la revisi\u00f3n: <\/strong>5<br \/> <strong>N\u00famero de rese\u00f1as:<\/strong> 1<br \/><a href=\"https:\/\/www.google.co.uk\/maps?cid=14431999574836574694&#038;hl=en&#038;gl=GB\" target=\"_new\" rel=\"noopener\">Leer comentarios<\/a><\/p>\n<h2><span class=\"ez-toc-section\" id=\"Parcel_world_Limited\"><\/span>Parcel world Limited<span class=\"ez-toc-section-end\"><\/span><\/h2>\n<p><img decoding=\"async\" src=\"https:\/\/moverdb.com\/wp-content\/uploads\/AF1QipNBfzF9GBP3u80QI97y7M4S-JpNWNKjc8I8UfQ_w426-h240-k-no.jpg\" alt='Parcel world Limited' class=\"aligncenter\"><\/p>\n<p><strong>Descripci\u00f3n de la empresa: <\/strong>Ninguno<\/p>\n<p><strong>Servicios adicionales:<\/strong><\/p>\n<p>Ninguno<\/p>\n<p><strong>Direcci\u00f3n:<\/strong> Unidad 18, Enterprise Centre, Bridge Rd, Southall UB2 4AE<\/p>\n<p><a href=\"http:\/\/www.parcelworldltd.co.uk\/\" target=\"_new\" rel=\"noopener\">Sitio web de Parcel world Limited<\/a><\/p>\n<p><strong>Puntuaci\u00f3n de la revisi\u00f3n: <\/strong>2.6<br \/> <strong>N\u00famero de rese\u00f1as:<\/strong> 10<br \/><a href=\"https:\/\/www.google.co.uk\/maps?cid=8578209696165819131&#038;hl=en&#038;gl=GB\" target=\"_new\" rel=\"noopener\">Leer comentarios<\/a><\/p>\n<h2><span class=\"ez-toc-section\" id=\"Fast_Cargo_Services_Ltd\"><\/span>Fast Cargo Services Ltd<span class=\"ez-toc-section-end\"><\/span><\/h2>\n<p><img decoding=\"async\" src=\"https:\/\/moverdb.com\/wp-content\/uploads\/AF1QipPUuyrO2yFluTZac0IY5ETVH6ENmwvoPgJlAKF0w428-h240-k-no.png\" alt='Fast Cargo Services Ltd' class=\"aligncenter\"><\/p>\n<p><strong>Descripci\u00f3n de la empresa: <\/strong>Fast Cargo Services Ltd se enorgullece de ofrecer servicios de transporte fiables, flexibles y rentables a clientes de todo el Reino Unido, que pueden adaptarse a sus necesidades y requisitos de transporte individuales.<\/p>\n<p>Nuestros servicios de carga son insuperables y proporcionan una forma fiable y flexible para que una empresa env\u00ede sus productos a Pakist\u00e1n o desde Pakist\u00e1n al Reino Unido.<\/p>\n<p><strong>Servicios adicionales:<\/strong><\/p>\n<p>Servicio de mensajer\u00eda<\/p>\n<p>Empresa de mensajer\u00eda<\/p>\n<p><strong>Direcci\u00f3n:<\/strong> 65A South Rd, Southall UB1 1SQ<\/p>\n<p><a href=\"http:\/\/www.fastcargoservicesltd.com\/\" target=\"_new\" rel=\"noopener\">Sitio web de Fast Cargo Services Ltd<\/a><\/p>\n<p><strong>Puntuaci\u00f3n de la revisi\u00f3n: <\/strong>4<br \/> <strong>N\u00famero de rese\u00f1as:<\/strong> 152<br \/><a href=\"https:\/\/www.google.co.uk\/maps?cid=2045029359146269528&#038;hl=en&#038;gl=GB\" target=\"_new\" rel=\"noopener\">Leer comentarios<\/a><\/p>\n<h2><span class=\"ez-toc-section\" id=\"BLMG_LTD\"><\/span>BLMG LTD<span class=\"ez-toc-section-end\"><\/span><\/h2>\n<p><img decoding=\"async\" src=\"https:\/\/moverdb.com\/wp-content\/uploads\/AF1QipNWDhKFilLxFpXHGtOsB-aoc07oN3AXtmQoJsH4w408-h544-k-no.jpg\" alt='BLMG LTD' class=\"aligncenter\"><\/p>\n<p><strong>Descripci\u00f3n de la empresa: <\/strong>Ninguno<\/p>\n<p><strong>Servicios adicionales:<\/strong><\/p>\n<p>Ninguno<\/p>\n<p><strong>Direcci\u00f3n:<\/strong> Old Manor Rd, Southall UB2 5JN<\/p>\n<p><a href=\"http:\/\/www.blmgltd.co.uk\/\" target=\"_new\" rel=\"noopener\">Sitio web de BLMG LTD<\/a><\/p>\n<p><strong>Puntuaci\u00f3n de la revisi\u00f3n: <\/strong>5<br \/> <strong>N\u00famero de rese\u00f1as:<\/strong> 7<br \/><a href=\"https:\/\/www.google.co.uk\/maps?cid=14646947985281151984&#038;hl=en&#038;gl=GB\" target=\"_new\" rel=\"noopener\">Leer comentarios<\/a><\/p>\n<h2><span class=\"ez-toc-section\" id=\"MDFreight\"><\/span>M.D.Freight<span class=\"ez-toc-section-end\"><\/span><\/h2>\n<p><img decoding=\"async\" src=\"https:\/\/moverdb.com\/wp-content\/uploads\/thumbnailpanoidSm815cK3YwKcxQzm7DccBAcb_clientsearch.gws-prod.gpsw408h240yaw39.jpg\" alt='M.D.Freight' class=\"aligncenter\"><\/p>\n<p><strong>Descripci\u00f3n de la empresa: <\/strong>Ninguno<\/p>\n<p><strong>Servicios adicionales:<\/strong><\/p>\n<p>Ninguno<\/p>\n<p><strong>Direcci\u00f3n:<\/strong> 4 Christopher Rd, Hounslow, Southall UB2 5YG<\/p>\n<p><a href=\"http:\/\/www.mdfreight.co.uk\/\" target=\"_new\" rel=\"noopener\">P\u00e1gina web de M.D.Freight<\/a><\/p>\n<p><strong>Puntuaci\u00f3n de la revisi\u00f3n: <\/strong>5<br \/> <strong>N\u00famero de rese\u00f1as:<\/strong> 1<br \/><a href=\"https:\/\/www.google.co.uk\/maps?cid=18131493015880467154&#038;hl=en&#038;gl=GB\" target=\"_new\" rel=\"noopener\">Leer comentarios<\/a><\/p>\n<h2><span class=\"ez-toc-section\" id=\"How_we_picked_the_best_Southall_Freight_Forwarding_Companies\"><\/span>C\u00f3mo hemos elegido las mejores empresas transitarias de Southall<span class=\"ez-toc-section-end\"><\/span><\/h2>\n<p>Empezamos con un conjunto de datos de 16 empresas transitarias de Southall que pudimos encontrar a trav\u00e9s de Google Maps y lo redujimos a las 9 mejores.<\/p>\n<p>Para ello eliminamos cualquier empresa que:<\/p>\n<ul>\n<li> No ten\u00eda p\u00e1gina web<\/li>\n<li> No ten\u00eda cr\u00edticas<\/li>\n<li> Tiene una puntuaci\u00f3n media inferior a 2,0<\/li>\n<\/ul>\n<p>En ese momento, si ten\u00edamos 17 o menos transportistas, los enumer\u00e1bamos todos.<\/p>\n<p>En las ciudades en las que nos quedamos con m\u00e1s de 17 expedidores, realizamos nuevas revisiones, bien aumentando la puntuaci\u00f3n de la revisi\u00f3n requerida (por ejemplo, pasando de un m\u00ednimo de 2,0 a 4,0) y\/o aumentando el n\u00famero m\u00ednimo de revisiones requeridas (por ejemplo, pasando de al menos 1 revisi\u00f3n a al menos 10).<\/p>\n<p>Tenga en cuenta que s\u00f3lo utilizamos datos de revisi\u00f3n de Google Maps y no de otros sitios web de terceros.<\/p>\n<p>M\u00e1s ciudades:<\/p>\n<p><a href=\"https:\/\/moverdb.com\/es\/transitario\/freight-forwarding-uk\/coventry-freight-forwarder\/\">Coventry Transitario<\/a><br \/><a href=\"https:\/\/moverdb.com\/es\/transitario\/freight-forwarding-uk\/west-drayton-freight-forwarder\/\">Transitario West Drayton<\/a><br \/><a href=\"https:\/\/moverdb.com\/es\/transitario\/freight-forwarding-uk\/glasgow-freight-forwarder\/\">Transitario en Glasgow<\/a><br \/><a href=\"https:\/\/moverdb.com\/es\/transitario\/freight-forwarding-uk\/barking-freight-forwarder\/\">Barking Freight Forwarder<\/a><br \/><a href=\"https:\/\/moverdb.com\/es\/transitario\/freight-forwarding-uk\/staines-freight-forwarder\/\">Transitario Staines<\/a><\/p>","protected":false},"excerpt":{"rendered":"<p>Below we look at the 9 &#8220;best&#8221; Freight Forwarding companies in Southall out of 16. To learn more about how we chose the best please consult our FAQ section at the end. Please not the following listings are in no particular order and we are not making any recommendations for any particular company. SMS Dhaliwal [&hellip;]<\/p>\n","protected":false},"author":1,"featured_media":0,"parent":13427,"menu_order":0,"comment_status":"open","ping_status":"open","template":"","meta":{"_genesis_hide_title":false,"_genesis_hide_breadcrumbs":false,"_genesis_hide_singular_image":false,"_genesis_hide_footer_widgets":false,"_genesis_custom_body_class":"","_genesis_custom_post_class":"","_genesis_layout":"","footnotes":""},"class_list":{"0":"post-13744","1":"page","2":"type-page","3":"status-publish","5":"entry"},"_links":{"self":[{"href":"https:\/\/moverdb.com\/es\/wp-json\/wp\/v2\/pages\/13744","targetHints":{"allow":["GET"]}}],"collection":[{"href":"https:\/\/moverdb.com\/es\/wp-json\/wp\/v2\/pages"}],"about":[{"href":"https:\/\/moverdb.com\/es\/wp-json\/wp\/v2\/types\/page"}],"author":[{"embeddable":true,"href":"https:\/\/moverdb.com\/es\/wp-json\/wp\/v2\/users\/1"}],"replies":[{"embeddable":true,"href":"https:\/\/moverdb.com\/es\/wp-json\/wp\/v2\/comments?post=13744"}],"version-history":[{"count":1,"href":"https:\/\/moverdb.com\/es\/wp-json\/wp\/v2\/pages\/13744\/revisions"}],"predecessor-version":[{"id":15809,"href":"https:\/\/moverdb.com\/es\/wp-json\/wp\/v2\/pages\/13744\/revisions\/15809"}],"up":[{"embeddable":true,"href":"https:\/\/moverdb.com\/es\/wp-json\/wp\/v2\/pages\/13427"}],"wp:attachment":[{"href":"https:\/\/moverdb.com\/es\/wp-json\/wp\/v2\/media?parent=13744"}],"curies":[{"name":"wp","href":"https:\/\/api.w.org\/{rel}","templated":true}]}}