{"id":13734,"date":"2023-11-08T15:52:42","date_gmt":"2023-11-08T15:52:42","guid":{"rendered":"https:\/\/moverdb.com\/freight-forwarder\/freight-forwarding-uk\/derby-freight-forwarder\/"},"modified":"2026-01-08T14:55:25","modified_gmt":"2026-01-08T14:55:25","slug":"derby-freight-forwarder","status":"publish","type":"page","link":"https:\/\/moverdb.com\/es\/freight-forwarder\/freight-forwarding-uk\/derby-freight-forwarder\/","title":{"rendered":"Las 10 mejores empresas de transporte de mercanc\u00edas en Derby (2024)"},"content":{"rendered":"<p>A continuaci\u00f3n examinamos los 10 <em>\"mejor\"<\/em> Empresas transitarias en Derby de un total de 18.<\/p>\n<p>Para saber m\u00e1s sobre c\u00f3mo elegimos a los mejores, consulte nuestra secci\u00f3n de preguntas frecuentes al final.<\/p>\n<p><em>Tenga en cuenta que los siguientes listados no siguen ning\u00fan orden en particular y que no recomendamos ninguna empresa en concreto.<\/em><\/p>\n<div id=\"ez-toc-container\" class=\"ez-toc-v2_0_82_2 ez-toc-wrap-left counter-hierarchy ez-toc-counter ez-toc-transparent ez-toc-container-direction\">\n<div class=\"ez-toc-title-container\">\n<p class=\"ez-toc-title\" style=\"cursor:inherit\">Secciones<\/p>\n<span class=\"ez-toc-title-toggle\"><a href=\"#\" class=\"ez-toc-pull-right ez-toc-btn ez-toc-btn-xs ez-toc-btn-default ez-toc-toggle\" aria-label=\"Alternar tabla de contenidos\"><span class=\"ez-toc-js-icon-con\"><span class=\"\"><span class=\"eztoc-hide\" style=\"display:none;\">Toggle<\/span><span class=\"ez-toc-icon-toggle-span\"><svg style=\"fill: #999;color:#999\" xmlns=\"http:\/\/www.w3.org\/2000\/svg\" class=\"list-377408\" width=\"20px\" height=\"20px\" viewbox=\"0 0 24 24\" fill=\"none\"><path d=\"M6 6H4v2h2V6zm14 0H8v2h12V6zM4 11h2v2H4v-2zm16 0H8v2h12v-2zM4 16h2v2H4v-2zm16 0H8v2h12v-2z\" fill=\"currentColor\"><\/path><\/svg><svg style=\"fill: #999;color:#999\" class=\"arrow-unsorted-368013\" xmlns=\"http:\/\/www.w3.org\/2000\/svg\" width=\"10px\" height=\"10px\" viewbox=\"0 0 24 24\" version=\"1.2\" baseprofile=\"tiny\"><path d=\"M18.2 9.3l-6.2-6.3-6.2 6.3c-.2.2-.3.4-.3.7s.1.5.3.7c.2.2.4.3.7.3h11c.3 0 .5-.1.7-.3.2-.2.3-.5.3-.7s-.1-.5-.3-.7zM5.8 14.7l6.2 6.3 6.2-6.3c.2-.2.3-.5.3-.7s-.1-.5-.3-.7c-.2-.2-.4-.3-.7-.3h-11c-.3 0-.5.1-.7.3-.2.2-.3.5-.3.7s.1.5.3.7z\"\/><\/svg><\/span><\/span><\/span><\/a><\/span><\/div>\n<nav><ul class='ez-toc-list ez-toc-list-level-1 eztoc-toggle-hide-by-default' ><li class='ez-toc-page-1 ez-toc-heading-level-2'><a class=\"ez-toc-link ez-toc-heading-1\" href=\"https:\/\/moverdb.com\/es\/freight-forwarder\/freight-forwarding-uk\/derby-freight-forwarder\/#CH_Robinson\" >C.H. Robinson<\/a><\/li><li class='ez-toc-page-1 ez-toc-heading-level-2'><a class=\"ez-toc-link ez-toc-heading-2\" href=\"https:\/\/moverdb.com\/es\/freight-forwarder\/freight-forwarding-uk\/derby-freight-forwarder\/#CCL_Logistics_Technology\" >CCL Log\u00edstica y Tecnolog\u00eda<\/a><\/li><li class='ez-toc-page-1 ez-toc-heading-level-2'><a class=\"ez-toc-link ez-toc-heading-3\" href=\"https:\/\/moverdb.com\/es\/freight-forwarder\/freight-forwarding-uk\/derby-freight-forwarder\/#Expeditors\" >Expedidores<\/a><\/li><li class='ez-toc-page-1 ez-toc-heading-level-2'><a class=\"ez-toc-link ez-toc-heading-4\" href=\"https:\/\/moverdb.com\/es\/freight-forwarder\/freight-forwarding-uk\/derby-freight-forwarder\/#KWE_Kintetsu_World_Express_UK_Ltd_East_Midlands\" >KWE, Kintetsu World Express (U.K.) Ltd. Midlands Orientales<\/a><\/li><li class='ez-toc-page-1 ez-toc-heading-level-2'><a class=\"ez-toc-link ez-toc-heading-5\" href=\"https:\/\/moverdb.com\/es\/freight-forwarder\/freight-forwarding-uk\/derby-freight-forwarder\/#M_I_E_S_International_Ltd\" >M I E S International Ltd<\/a><\/li><li class='ez-toc-page-1 ez-toc-heading-level-2'><a class=\"ez-toc-link ez-toc-heading-6\" href=\"https:\/\/moverdb.com\/es\/freight-forwarder\/freight-forwarding-uk\/derby-freight-forwarder\/#Evolution_Time_Critical\" >Evoluci\u00f3n Tiempo cr\u00edtico<\/a><\/li><li class='ez-toc-page-1 ez-toc-heading-level-2'><a class=\"ez-toc-link ez-toc-heading-7\" href=\"https:\/\/moverdb.com\/es\/freight-forwarder\/freight-forwarding-uk\/derby-freight-forwarder\/#Seabourne_Logistics_UK_Forwarding\" >Seabourne Logistics UK Forwarding<\/a><\/li><li class='ez-toc-page-1 ez-toc-heading-level-2'><a class=\"ez-toc-link ez-toc-heading-8\" href=\"https:\/\/moverdb.com\/es\/freight-forwarder\/freight-forwarding-uk\/derby-freight-forwarder\/#UPS_Supply_Chain_Solutions_Derby\" >UPS Supply Chain Solutions Derby<\/a><\/li><li class='ez-toc-page-1 ez-toc-heading-level-2'><a class=\"ez-toc-link ez-toc-heading-9\" href=\"https:\/\/moverdb.com\/es\/freight-forwarder\/freight-forwarding-uk\/derby-freight-forwarder\/#DHL_Freight_East_Midlands_Airport\" >DHL Freight Aeropuerto East Midlands<\/a><\/li><li class='ez-toc-page-1 ez-toc-heading-level-2'><a class=\"ez-toc-link ez-toc-heading-10\" href=\"https:\/\/moverdb.com\/es\/freight-forwarder\/freight-forwarding-uk\/derby-freight-forwarder\/#HAE_EMSA\" >HAE \/ EMSA<\/a><\/li><li class='ez-toc-page-1 ez-toc-heading-level-2'><a class=\"ez-toc-link ez-toc-heading-11\" href=\"https:\/\/moverdb.com\/es\/freight-forwarder\/freight-forwarding-uk\/derby-freight-forwarder\/#How_we_picked_the_best_Derby_Freight_Forwarding_Companies\" >C\u00f3mo hemos elegido las mejores empresas de transporte de Derby<\/a><\/li><\/ul><\/nav><\/div>\n<h2><span class=\"ez-toc-section\" id=\"CH_Robinson\"><\/span>C.H. Robinson<span class=\"ez-toc-section-end\"><\/span><\/h2>\n<p><img decoding=\"async\" src=\"https:\/\/moverdb.com\/wp-content\/uploads\/AF1QipPhMz8-qlcS_nx0vOhLUx_nNtbR34mvf1h4zh4w408-h305-k-no.jpg\" alt='C.H. Robinson' class=\"aligncenter\"><\/p>\n<p><strong>Descripci\u00f3n de la empresa: <\/strong>Ninguno<\/p>\n<p><strong>Servicios adicionales:<\/strong><\/p>\n<p>Ninguno<\/p>\n<p><strong>Direcci\u00f3n:<\/strong> Unidad 1B Glencar Close, Derby Commercial Park, Derby DE21 7HZ<\/p>\n<p><a href=\"https:\/\/www.chrobinson.com\/en-uk\/\" target=\"_new\" rel=\"noopener\">Sitio web de C.H. Robinson<\/a><\/p>\n<p><strong>Puntuaci\u00f3n de la revisi\u00f3n: <\/strong>4.6<br \/> <strong>N\u00famero de rese\u00f1as:<\/strong> 17<br \/><a href=\"https:\/\/www.google.co.uk\/maps?cid=14794037340248810420&#038;hl=en&#038;gl=GB\" target=\"_new\" rel=\"noopener\">Leer comentarios<\/a><\/p>\n<h2><span class=\"ez-toc-section\" id=\"CCL_Logistics_Technology\"><\/span>CCL Log\u00edstica y Tecnolog\u00eda<span class=\"ez-toc-section-end\"><\/span><\/h2>\n<p><img decoding=\"async\" src=\"https:\/\/moverdb.com\/wp-content\/uploads\/thumbnailpanoidKI8k-3CGLIos_UegyCrtrQcb_clientsearch.gws-prod.gpsw408h240yaw268.jpg\" alt='CCL Log\u00edstica y Tecnolog\u00eda' class=\"aligncenter\"><\/p>\n<p><strong>Descripci\u00f3n de la empresa: <\/strong>Proporcionamos una gama inigualable de servicios log\u00edsticos y tecnolog\u00eda de valor a\u00f1adido para ayudar a fabricantes, distribuidores, mayoristas y minoristas a simplificar su cadena de suministro, mejorar la productividad y reducir significativamente el coste global de sus negocios.<\/p>\n<p><strong>Servicios adicionales:<\/strong><\/p>\n<p>Ninguno<\/p>\n<p><strong>Direcci\u00f3n:<\/strong> Willow Farm Business Park, Unidad 6E, Boundary Court, Castle Donington DE74 2NN<\/p>\n<p><a href=\"https:\/\/www.ccl-logistics.com\/?utm_source=googlemaps&#038;utm_medium=derby\" target=\"_new\" rel=\"noopener\">Sitio web de CCL Logistics &amp; Technology<\/a><\/p>\n<p><strong>Puntuaci\u00f3n de la revisi\u00f3n: <\/strong>3.6<br \/> <strong>N\u00famero de rese\u00f1as:<\/strong> 9<br \/><a href=\"https:\/\/www.google.co.uk\/maps?cid=5270224964504635166&#038;hl=en&#038;gl=GB\" target=\"_new\" rel=\"noopener\">Leer comentarios<\/a><\/p>\n<h2><span class=\"ez-toc-section\" id=\"Expeditors\"><\/span>Expedidores<span class=\"ez-toc-section-end\"><\/span><\/h2>\n<p><img decoding=\"async\" src=\"https:\/\/moverdb.com\/wp-content\/uploads\/AF1QipNWk4GOxW3zdlhHpgE7uIoJ_qTwoHHLqLfHLAshw426-h240-k-no.jpg\" alt='Expedidores' class=\"aligncenter\"><\/p>\n<p><strong>Descripci\u00f3n de la empresa: <\/strong>Ninguno<\/p>\n<p><strong>Servicios adicionales:<\/strong><\/p>\n<p>Ninguno<\/p>\n<p><strong>Direcci\u00f3n:<\/strong> Willow Farm Business Park, Sills Rd, Castle Donington, Derby DE74 2US<\/p>\n<p><a href=\"http:\/\/www.expeditors.com\/\" target=\"_new\" rel=\"noopener\">P\u00e1gina web de los expedidores<\/a><\/p>\n<p><strong>Puntuaci\u00f3n de la revisi\u00f3n: <\/strong>4.1<br \/> <strong>N\u00famero de rese\u00f1as:<\/strong> 15<br \/><a href=\"https:\/\/www.google.co.uk\/maps?cid=12115655813888450581&#038;hl=en&#038;gl=GB\" target=\"_new\" rel=\"noopener\">Leer comentarios<\/a><\/p>\n<h2><span class=\"ez-toc-section\" id=\"KWE_Kintetsu_World_Express_UK_Ltd_East_Midlands\"><\/span>KWE, Kintetsu World Express (U.K.) Ltd. Midlands Orientales<span class=\"ez-toc-section-end\"><\/span><\/h2>\n<p><img decoding=\"async\" src=\"\" alt=\"KWE, Kintetsu World Express (U.K.) Ltd. Midlands Orientales\" class=\"aligncenter\"><\/p>\n<p><strong>Descripci\u00f3n de la empresa: <\/strong>Sede central en Tokio , <a href=\"https:\/\/moverdb.com\/es\/moving-to-japan\/\" data-internallinksmanager029f6b8e52c=\"342\" title=\"\u00bfSe muda a Jap\u00f3n? 2026 Coste de la vida y consejos para el traslado\">Jap\u00f3n<\/a>KWE, Kintetsu World Express, se fund\u00f3 en 1948 y se ha convertido en uno de los 15 principales actores mundiales del sector log\u00edstico.<\/p>\n<p>Socio log\u00edstico global integrado que ofrece servicios galardonados de gesti\u00f3n de la cadena de suministro: aprovisionamiento, gesti\u00f3n de proveedores, transporte mar\u00edtimo y a\u00e9reo, almacenamiento 3PL, transporte y despacho de aduanas.<\/p>\n<p>La KWE tiene m\u00e1s de 18.<\/p>\n<p>000 empleados, y opera en 46 pa\u00edses con m\u00e1s de 850 centros<\/p>\n<p>KWE es especialista en log\u00edstica de automoci\u00f3n, farmac\u00e9utica y sanitaria, aeroespacial, electr\u00f3nica y minorista.<\/p>\n<p>En mayo de 2015, KWE adquiri\u00f3 APL Logistics, que reforz\u00f3 a\u00fan m\u00e1s la cartera de servicios log\u00edsticos<\/p>\n<p><strong>Servicios adicionales:<\/strong><\/p>\n<p>Servicio log\u00edstico<\/p>\n<p>Empresa de mensajer\u00eda<\/p>\n<p><strong>Direcci\u00f3n:<\/strong> B1 Maple Rd, Castle Donington, Derby DE74 2UT<\/p>\n<p><a href=\"http:\/\/www.kwe.com\/\" target=\"_new\" rel=\"noopener\">KWE, Kintetsu World Express (U.K.) Ltd. Sitio web de East Midlands<\/a><\/p>\n<p><strong>Puntuaci\u00f3n de la revisi\u00f3n: <\/strong>4.8<br \/> <strong>N\u00famero de rese\u00f1as:<\/strong> 5<br \/><a href=\"https:\/\/www.google.co.uk\/maps?cid=1486898843947594172&#038;hl=en&#038;gl=GB\" target=\"_new\" rel=\"noopener\">Leer comentarios<\/a><\/p>\n<h2><span class=\"ez-toc-section\" id=\"M_I_E_S_International_Ltd\"><\/span>M I E S International Ltd<span class=\"ez-toc-section-end\"><\/span><\/h2>\n<p><img decoding=\"async\" src=\"https:\/\/moverdb.com\/wp-content\/uploads\/thumbnailpanoid29xOmIIUK2IMXMPBD0ZePgcb_clientsearch.gws-prod.gpsw408h240yaw169.jpg\" alt='M I E S International Ltd' class=\"aligncenter\"><\/p>\n<p><strong>Descripci\u00f3n de la empresa: <\/strong>Ninguno<\/p>\n<p><strong>Servicios adicionales:<\/strong><\/p>\n<p>Ninguno<\/p>\n<p><strong>Direcci\u00f3n:<\/strong> 1 Trent Ln, Castle Donington, Derby DE74 2PY<\/p>\n<p><a href=\"https:\/\/www.mies.co.uk\/\" target=\"_new\" rel=\"noopener\">Sitio web de M I E S International Ltd<\/a><\/p>\n<p><strong>Puntuaci\u00f3n de la revisi\u00f3n: <\/strong>4.1<br \/> <strong>N\u00famero de rese\u00f1as:<\/strong> 8<br \/><a href=\"https:\/\/www.google.co.uk\/maps?cid=13175560030870517614&#038;hl=en&#038;gl=GB\" target=\"_new\" rel=\"noopener\">Leer comentarios<\/a><\/p>\n<h2><span class=\"ez-toc-section\" id=\"Evolution_Time_Critical\"><\/span>Evoluci\u00f3n Tiempo cr\u00edtico<span class=\"ez-toc-section-end\"><\/span><\/h2>\n<p><img decoding=\"async\" src=\"https:\/\/moverdb.com\/wp-content\/uploads\/thumbnailpanoiduB9YyRaWNRCF_7iK80WTvQcb_clientsearch.gws-prod.gpsw408h240yaw152.jpg\" alt='Evoluci\u00f3n Tiempo cr\u00edtico' class=\"aligncenter\"><\/p>\n<p><strong>Descripci\u00f3n de la empresa: <\/strong>Ninguno<\/p>\n<p><strong>Servicios adicionales:<\/strong><\/p>\n<p>Consultor<\/p>\n<p>Servicio log\u00edstico<\/p>\n<p><strong>Direcci\u00f3n:<\/strong> Bezant House, Bradgate Pk Vw, Chellaston, Derby DE73 5UH<\/p>\n<p><a href=\"http:\/\/www.evolution-timecritical.com\/\" target=\"_new\" rel=\"noopener\">Evoluci\u00f3n Sitio web de tiempo cr\u00edtico<\/a><\/p>\n<p><strong>Puntuaci\u00f3n de la revisi\u00f3n: <\/strong>3.5<br \/> <strong>N\u00famero de rese\u00f1as:<\/strong> 4<br \/><a href=\"https:\/\/www.google.co.uk\/maps?cid=562191449095100638&#038;hl=en&#038;gl=GB\" target=\"_new\" rel=\"noopener\">Leer comentarios<\/a><\/p>\n<h2><span class=\"ez-toc-section\" id=\"Seabourne_Logistics_UK_Forwarding\"><\/span>Seabourne Logistics UK Forwarding<span class=\"ez-toc-section-end\"><\/span><\/h2>\n<p><img decoding=\"async\" src=\"https:\/\/lh5.googleusercontent.com\/p\/AF1QipPRz-XHZWUpwXBCEvlC1ustTASQMuSpHocwWZSq=w408-h291-k-no\" alt=\"Seabourne Logistics UK Forwarding\" class=\"aligncenter\"><\/p>\n<p><strong>Descripci\u00f3n de la empresa: <\/strong>Seabourne Logistics, operador log\u00edstico independiente l\u00edder con oficinas en el <a href=\"https:\/\/moverdb.com\/es\/moving-to-the-uk\/\" data-internallinksmanager029f6b8e52c=\"93\" title=\"\u00bfSe muda al Reino Unido? 2026 Costes de vida y consejos de reubicaci\u00f3n\">REINO UNIDO<\/a>, El <a href=\"https:\/\/moverdb.com\/es\/moving-to-the-netherlands\/\" data-internallinksmanager029f6b8e52c=\"328\" title=\"\u00bfSe muda a los Pa\u00edses Bajos? 2026 Coste de la vida y consejos para el traslado\">Pa\u00edses Bajos<\/a>, <a href=\"https:\/\/moverdb.com\/es\/moving-to-france\/\" data-internallinksmanager029f6b8e52c=\"315\" title=\"\u00bfSe muda a Francia? 2026 Coste de la vida y consejos para el traslado\">Francia<\/a>y <a href=\"https:\/\/moverdb.com\/es\/moving-to-south-africa\/\" data-internallinksmanager029f6b8e52c=\"347\" title=\"\u00bfSe muda a Sud\u00e1frica? 2026 Coste de la vida y consejos para el traslado\">Sud\u00e1frica<\/a> ofreciendo soluciones globales hol\u00edsticas a trav\u00e9s de sus 6 divisiones: Almacenamiento, E-Fulfilment, Servicios de Mensajer\u00eda, Servicios de Carga, Soluciones de Correo y Servicios de Aduanas.<\/p>\n<p> Son bien conocidos por su enfoque personal y pr\u00e1ctico y se han forjado una reputaci\u00f3n excepcional en la que la buena comunicaci\u00f3n, la flexibilidad y el compromiso son la esencia de lo que hacen.<\/p>\n<p> Ofrecen nichos de especializaci\u00f3n y amplias soluciones personalizadas de log\u00edstica de terceros (3PL).<\/p>\n<p><strong>Servicios adicionales:<\/strong><\/p>\n<p>Servicio log\u00edstico<\/p>\n<p><strong>Direcci\u00f3n:<\/strong> Regus House Herald Way, Castle Donington, Derby DE74 2TZ<\/p>\n<p><a href=\"http:\/\/www.seabournelogistics.com\/\" target=\"_new\" rel=\"noopener\">P\u00e1gina web de Seabourne Logistics UK Forwarding<\/a><\/p>\n<p><strong>Puntuaci\u00f3n de la revisi\u00f3n: <\/strong>5<br \/> <strong>N\u00famero de rese\u00f1as:<\/strong> 1<br \/><a href=\"https:\/\/www.google.co.uk\/maps?cid=11040171400694942647&#038;hl=en&#038;gl=GB\" target=\"_new\" rel=\"noopener\">Leer comentarios<\/a><\/p>\n<h2><span class=\"ez-toc-section\" id=\"UPS_Supply_Chain_Solutions_Derby\"><\/span>UPS Supply Chain Solutions Derby<span class=\"ez-toc-section-end\"><\/span><\/h2>\n<p><img decoding=\"async\" src=\"https:\/\/moverdb.com\/wp-content\/uploads\/AF1QipM2UF-9SW9bJsltV_sqSQ3iBj28hlxaLA866wilw426-h240-k-no.jpg\" alt='UPS Supply Chain Solutions Derby' class=\"aligncenter\"><\/p>\n<p><strong>Descripci\u00f3n de la empresa: <\/strong>Ninguno<\/p>\n<p><strong>Servicios adicionales:<\/strong><\/p>\n<p>Servicio log\u00edstico<\/p>\n<p><strong>Direcci\u00f3n:<\/strong> Wincanton Close, Off Ascot Drive, Derby DE24 8NB<\/p>\n<p><a href=\"https:\/\/www.ups.com\/gb\/en\/services\/shipping\/freight.page\" target=\"_new\" rel=\"noopener\">Sitio web de UPS Supply Chain Solutions Derby<\/a><\/p>\n<p><strong>Puntuaci\u00f3n de la revisi\u00f3n: <\/strong>3.8<br \/> <strong>N\u00famero de rese\u00f1as:<\/strong> 98<br \/><a href=\"https:\/\/www.google.co.uk\/maps?cid=3053902978470391964&#038;hl=en&#038;gl=GB\" target=\"_new\" rel=\"noopener\">Leer comentarios<\/a><\/p>\n<h2><span class=\"ez-toc-section\" id=\"DHL_Freight_East_Midlands_Airport\"><\/span>DHL Freight Aeropuerto East Midlands<span class=\"ez-toc-section-end\"><\/span><\/h2>\n<p><img decoding=\"async\" src=\"https:\/\/moverdb.com\/wp-content\/uploads\/AF1QipOabvr0K6hA3_eLfcM7ASRDqa99A65XTv3vWGI6w408-h240-k-no-pi0-ya340-ro-0-fo100.jpg\" alt='DHL Freight Aeropuerto East Midlands' class=\"aligncenter\"><\/p>\n<p><strong>Descripci\u00f3n de la empresa: <\/strong>Ninguno<\/p>\n<p><strong>Servicios adicionales:<\/strong><\/p>\n<p>Ninguno<\/p>\n<p><strong>Direcci\u00f3n:<\/strong> Castle Donington, Derby DE74 2SA<\/p>\n<p><a href=\"https:\/\/dhlguide.co.uk\/shipping-with-dhl\/dhl-express-service-centres\/\" target=\"_new\" rel=\"noopener\">Sitio web de DHL Freight East Midlands Airport<\/a><\/p>\n<p><strong>Puntuaci\u00f3n de la revisi\u00f3n: <\/strong>4.5<br \/> <strong>N\u00famero de rese\u00f1as:<\/strong> 127<br \/><a href=\"https:\/\/www.google.co.uk\/maps?cid=3973794515770161131&#038;hl=en&#038;gl=GB\" target=\"_new\" rel=\"noopener\">Leer comentarios<\/a><\/p>\n<h2><span class=\"ez-toc-section\" id=\"HAE_EMSA\"><\/span>HAE \/ EMSA<span class=\"ez-toc-section-end\"><\/span><\/h2>\n<p><img decoding=\"async\" src=\"https:\/\/moverdb.com\/wp-content\/uploads\/AF1QipMMx8p4WL2HiDiZ98g-3NbS60OR0vSAQyplqiDtw408-h544-k-no.jpg\" alt='HAE \/ EMSA' class=\"aligncenter\"><\/p>\n<p><strong>Descripci\u00f3n de la empresa: <\/strong>Ninguno<\/p>\n<p><strong>Servicios adicionales:<\/strong><\/p>\n<p>Ninguno<\/p>\n<p><strong>Direcci\u00f3n:<\/strong> Aeropuerto de East Midlands, Beverley Rd, Derby DE74 2SA<\/p>\n<p><a href=\"http:\/\/www.haegroup.com\/\" target=\"_new\" rel=\"noopener\">Sitio web de HAE \/ EMSA<\/a><\/p>\n<p><strong>Puntuaci\u00f3n de la revisi\u00f3n: <\/strong>3.7<br \/> <strong>N\u00famero de rese\u00f1as:<\/strong> 38<br \/><a href=\"https:\/\/www.google.co.uk\/maps?cid=1084884569409257823&#038;hl=en&#038;gl=GB\" target=\"_new\" rel=\"noopener\">Leer comentarios<\/a><\/p>\n<h2><span class=\"ez-toc-section\" id=\"How_we_picked_the_best_Derby_Freight_Forwarding_Companies\"><\/span>C\u00f3mo hemos elegido las mejores empresas de transporte de Derby<span class=\"ez-toc-section-end\"><\/span><\/h2>\n<p>Empezamos con un conjunto de datos de 18 empresas transitarias de Derby que pudimos encontrar a trav\u00e9s de Google Maps y lo redujimos a las 10 mejores.<\/p>\n<p>Para ello eliminamos cualquier empresa que:<\/p>\n<ul>\n<li> No ten\u00eda p\u00e1gina web<\/li>\n<li> No ten\u00eda cr\u00edticas<\/li>\n<li> Tiene una puntuaci\u00f3n media inferior a 2,0<\/li>\n<\/ul>\n<p>En ese momento, si ten\u00edamos 17 o menos transportistas, los enumer\u00e1bamos todos.<\/p>\n<p>En las ciudades en las que nos quedamos con m\u00e1s de 17 expedidores, realizamos nuevas revisiones, bien aumentando la puntuaci\u00f3n de la revisi\u00f3n requerida (por ejemplo, pasando de un m\u00ednimo de 2,0 a 4,0) y\/o aumentando el n\u00famero m\u00ednimo de revisiones requeridas (por ejemplo, pasando de al menos 1 revisi\u00f3n a al menos 10).<\/p>\n<p>Tenga en cuenta que s\u00f3lo utilizamos datos de revisi\u00f3n de Google Maps y no de otros sitios web de terceros.<\/p>\n<p>M\u00e1s ciudades:<\/p>\n<p><a href=\"https:\/\/moverdb.com\/es\/transitario\/freight-forwarding-uk\/southall-freight-forwarder\/\">Southall Freight Forwarder<\/a><br \/><a href=\"https:\/\/moverdb.com\/es\/transitario\/freight-forwarding-uk\/coventry-freight-forwarder\/\">Coventry Transitario<\/a><br \/><a href=\"https:\/\/moverdb.com\/es\/transitario\/freight-forwarding-uk\/west-drayton-freight-forwarder\/\">Transitario West Drayton<\/a><br \/><a href=\"https:\/\/moverdb.com\/es\/transitario\/freight-forwarding-uk\/glasgow-freight-forwarder\/\">Transitario en Glasgow<\/a><br \/><a href=\"https:\/\/moverdb.com\/es\/transitario\/freight-forwarding-uk\/barking-freight-forwarder\/\">Barking Freight Forwarder<\/a><\/p>","protected":false},"excerpt":{"rendered":"<p>Below we look at the 10 &#8220;best&#8221; Freight Forwarding companies in Derby out of 18. To learn more about how we chose the best please consult our FAQ section at the end. Please not the following listings are in no particular order and we are not making any recommendations for any particular company. C.H. Robinson [&hellip;]<\/p>\n","protected":false},"author":1,"featured_media":0,"parent":13427,"menu_order":0,"comment_status":"open","ping_status":"open","template":"","meta":{"_genesis_hide_title":false,"_genesis_hide_breadcrumbs":false,"_genesis_hide_singular_image":false,"_genesis_hide_footer_widgets":false,"_genesis_custom_body_class":"","_genesis_custom_post_class":"","_genesis_layout":"","footnotes":""},"class_list":{"0":"post-13734","1":"page","2":"type-page","3":"status-publish","5":"entry"},"_links":{"self":[{"href":"https:\/\/moverdb.com\/es\/wp-json\/wp\/v2\/pages\/13734","targetHints":{"allow":["GET"]}}],"collection":[{"href":"https:\/\/moverdb.com\/es\/wp-json\/wp\/v2\/pages"}],"about":[{"href":"https:\/\/moverdb.com\/es\/wp-json\/wp\/v2\/types\/page"}],"author":[{"embeddable":true,"href":"https:\/\/moverdb.com\/es\/wp-json\/wp\/v2\/users\/1"}],"replies":[{"embeddable":true,"href":"https:\/\/moverdb.com\/es\/wp-json\/wp\/v2\/comments?post=13734"}],"version-history":[{"count":1,"href":"https:\/\/moverdb.com\/es\/wp-json\/wp\/v2\/pages\/13734\/revisions"}],"predecessor-version":[{"id":15679,"href":"https:\/\/moverdb.com\/es\/wp-json\/wp\/v2\/pages\/13734\/revisions\/15679"}],"up":[{"embeddable":true,"href":"https:\/\/moverdb.com\/es\/wp-json\/wp\/v2\/pages\/13427"}],"wp:attachment":[{"href":"https:\/\/moverdb.com\/es\/wp-json\/wp\/v2\/media?parent=13734"}],"curies":[{"name":"wp","href":"https:\/\/api.w.org\/{rel}","templated":true}]}}