{"id":13725,"date":"2023-11-08T15:51:25","date_gmt":"2023-11-08T15:51:25","guid":{"rendered":"https:\/\/moverdb.com\/freight-forwarder\/freight-forwarding-uk\/bradford-freight-forwarder\/"},"modified":"2026-01-08T14:55:27","modified_gmt":"2026-01-08T14:55:27","slug":"bradford-freight-forwarder","status":"publish","type":"page","link":"https:\/\/moverdb.com\/es\/freight-forwarder\/freight-forwarding-uk\/bradford-freight-forwarder\/","title":{"rendered":"Las 11 mejores empresas de transporte de mercanc\u00edas de Bradford (2024)"},"content":{"rendered":"<p>A continuaci\u00f3n examinamos los 11 <em>\"mejor\"<\/em> Empresas de transporte de mercanc\u00edas en Bradford de un total de 23.<\/p>\n<p>Para saber m\u00e1s sobre c\u00f3mo elegimos a los mejores, consulte nuestra secci\u00f3n de preguntas frecuentes al final.<\/p>\n<p><em>Tenga en cuenta que los siguientes listados no siguen ning\u00fan orden en particular y que no recomendamos ninguna empresa en concreto.<\/em><\/p>\n<div id=\"ez-toc-container\" class=\"ez-toc-v2_0_82_2 ez-toc-wrap-left counter-hierarchy ez-toc-counter ez-toc-transparent ez-toc-container-direction\">\n<div class=\"ez-toc-title-container\">\n<p class=\"ez-toc-title\" style=\"cursor:inherit\">Secciones<\/p>\n<span class=\"ez-toc-title-toggle\"><a href=\"#\" class=\"ez-toc-pull-right ez-toc-btn ez-toc-btn-xs ez-toc-btn-default ez-toc-toggle\" aria-label=\"Alternar tabla de contenidos\"><span class=\"ez-toc-js-icon-con\"><span class=\"\"><span class=\"eztoc-hide\" style=\"display:none;\">Toggle<\/span><span class=\"ez-toc-icon-toggle-span\"><svg style=\"fill: #999;color:#999\" xmlns=\"http:\/\/www.w3.org\/2000\/svg\" class=\"list-377408\" width=\"20px\" height=\"20px\" viewbox=\"0 0 24 24\" fill=\"none\"><path d=\"M6 6H4v2h2V6zm14 0H8v2h12V6zM4 11h2v2H4v-2zm16 0H8v2h12v-2zM4 16h2v2H4v-2zm16 0H8v2h12v-2z\" fill=\"currentColor\"><\/path><\/svg><svg style=\"fill: #999;color:#999\" class=\"arrow-unsorted-368013\" xmlns=\"http:\/\/www.w3.org\/2000\/svg\" width=\"10px\" height=\"10px\" viewbox=\"0 0 24 24\" version=\"1.2\" baseprofile=\"tiny\"><path d=\"M18.2 9.3l-6.2-6.3-6.2 6.3c-.2.2-.3.4-.3.7s.1.5.3.7c.2.2.4.3.7.3h11c.3 0 .5-.1.7-.3.2-.2.3-.5.3-.7s-.1-.5-.3-.7zM5.8 14.7l6.2 6.3 6.2-6.3c.2-.2.3-.5.3-.7s-.1-.5-.3-.7c-.2-.2-.4-.3-.7-.3h-11c-.3 0-.5.1-.7.3-.2.2-.3.5-.3.7s.1.5.3.7z\"\/><\/svg><\/span><\/span><\/span><\/a><\/span><\/div>\n<nav><ul class='ez-toc-list ez-toc-list-level-1 eztoc-toggle-hide-by-default' ><li class='ez-toc-page-1 ez-toc-heading-level-2'><a class=\"ez-toc-link ez-toc-heading-1\" href=\"https:\/\/moverdb.com\/es\/freight-forwarder\/freight-forwarding-uk\/bradford-freight-forwarder\/#Rhenus_Logistics_Ltd\" >Rhenus Logistics Ltd<\/a><\/li><li class='ez-toc-page-1 ez-toc-heading-level-2'><a class=\"ez-toc-link ez-toc-heading-2\" href=\"https:\/\/moverdb.com\/es\/freight-forwarder\/freight-forwarding-uk\/bradford-freight-forwarder\/#Vantage_Cargo\" >Vantage Cargo<\/a><\/li><li class='ez-toc-page-1 ez-toc-heading-level-2'><a class=\"ez-toc-link ez-toc-heading-3\" href=\"https:\/\/moverdb.com\/es\/freight-forwarder\/freight-forwarding-uk\/bradford-freight-forwarder\/#A_H_SPRINTERS_LTD\" >A &amp; H SPRINTERS LTD<\/a><\/li><li class='ez-toc-page-1 ez-toc-heading-level-2'><a class=\"ez-toc-link ez-toc-heading-4\" href=\"https:\/\/moverdb.com\/es\/freight-forwarder\/freight-forwarding-uk\/bradford-freight-forwarder\/#Uniexpress_Limited\" >Uniexpress Limited<\/a><\/li><li class='ez-toc-page-1 ez-toc-heading-level-2'><a class=\"ez-toc-link ez-toc-heading-5\" href=\"https:\/\/moverdb.com\/es\/freight-forwarder\/freight-forwarding-uk\/bradford-freight-forwarder\/#Vantage_Trdaing_Ltd\" >Vantage Trdaing Ltd<\/a><\/li><li class='ez-toc-page-1 ez-toc-heading-level-2'><a class=\"ez-toc-link ez-toc-heading-6\" href=\"https:\/\/moverdb.com\/es\/freight-forwarder\/freight-forwarding-uk\/bradford-freight-forwarder\/#Transmec_Bradford\" >Transmec Bradford<\/a><\/li><li class='ez-toc-page-1 ez-toc-heading-level-2'><a class=\"ez-toc-link ez-toc-heading-7\" href=\"https:\/\/moverdb.com\/es\/freight-forwarder\/freight-forwarding-uk\/bradford-freight-forwarder\/#Circle_Express\" >C\u00edrculo Express<\/a><\/li><li class='ez-toc-page-1 ez-toc-heading-level-2'><a class=\"ez-toc-link ez-toc-heading-8\" href=\"https:\/\/moverdb.com\/es\/freight-forwarder\/freight-forwarding-uk\/bradford-freight-forwarder\/#CMI_Logistics_Ltd\" >CMI Logistics Ltd<\/a><\/li><li class='ez-toc-page-1 ez-toc-heading-level-2'><a class=\"ez-toc-link ez-toc-heading-9\" href=\"https:\/\/moverdb.com\/es\/freight-forwarder\/freight-forwarding-uk\/bradford-freight-forwarder\/#MC_Logistics_Ltd\" >MC Logistics Ltd<\/a><\/li><li class='ez-toc-page-1 ez-toc-heading-level-2'><a class=\"ez-toc-link ez-toc-heading-10\" href=\"https:\/\/moverdb.com\/es\/freight-forwarder\/freight-forwarding-uk\/bradford-freight-forwarder\/#PAK_Asia_Cargo_Services_Ltd\" >PAK Asia Cargo Services Ltd<\/a><\/li><li class='ez-toc-page-1 ez-toc-heading-level-2'><a class=\"ez-toc-link ez-toc-heading-11\" href=\"https:\/\/moverdb.com\/es\/freight-forwarder\/freight-forwarding-uk\/bradford-freight-forwarder\/#Andante_Freight_Ltd\" >Andante Freight Ltd<\/a><\/li><li class='ez-toc-page-1 ez-toc-heading-level-2'><a class=\"ez-toc-link ez-toc-heading-12\" href=\"https:\/\/moverdb.com\/es\/freight-forwarder\/freight-forwarding-uk\/bradford-freight-forwarder\/#How_we_picked_the_best_Bradford_Freight_Forwarding_Companies\" >C\u00f3mo hemos elegido las mejores empresas transitarias de Bradford<\/a><\/li><\/ul><\/nav><\/div>\n<h2><span class=\"ez-toc-section\" id=\"Rhenus_Logistics_Ltd\"><\/span>Rhenus Logistics Ltd<span class=\"ez-toc-section-end\"><\/span><\/h2>\n<p><img decoding=\"async\" src=\"https:\/\/moverdb.com\/wp-content\/uploads\/AF1QipP8m7fh1rLI-Cdro-YIqDmbeTJrEh44sSMMzk_Ww408-h252-k-no.jpg\" alt='Rhenus Logistics Ltd' class=\"aligncenter\"><\/p>\n<p><strong>Descripci\u00f3n de la empresa: <\/strong>Ofrecemos soluciones log\u00edsticas de carga rentables y de alta calidad para exportadores e importadores.<\/p>\n<p> Con 75 a\u00f1os de rendimiento probado, el compromiso con los resultados ha consolidado a Rhenus Logistics como un importante operador, directo a los mercados terrestres, y ahora con servicios adicionales a destinos globales.<\/p>\n<p> Tenemos una envidiable reputaci\u00f3n de servicio r\u00e1pido, flexible, frecuente y amable.<\/p>\n<p><strong>Servicios adicionales:<\/strong><\/p>\n<p>Servicio de distribuci\u00f3n<\/p>\n<p>Servicio log\u00edstico<\/p>\n<p>Empresa de mensajer\u00eda<\/p>\n<p>Servicio de transporte<\/p>\n<p><strong>Direcci\u00f3n:<\/strong> Brighouse Rd, Low Moor, Bradford BD12 0QF<\/p>\n<p><a href=\"https:\/\/www.rhenus.group\/uk\/en\/\" target=\"_new\" rel=\"noopener\">Sitio web de Rhenus Logistics Ltd<\/a><\/p>\n<p><strong>Puntuaci\u00f3n de la revisi\u00f3n: <\/strong>3.4<br \/> <strong>N\u00famero de rese\u00f1as:<\/strong> 198<br \/><a href=\"https:\/\/www.google.co.uk\/maps?cid=7795098104302593572&#038;hl=en&#038;gl=GB\" target=\"_new\" rel=\"noopener\">Leer comentarios<\/a><\/p>\n<h2><span class=\"ez-toc-section\" id=\"Vantage_Cargo\"><\/span>Vantage Cargo<span class=\"ez-toc-section-end\"><\/span><\/h2>\n<p><img decoding=\"async\" src=\"https:\/\/moverdb.com\/wp-content\/uploads\/AF1QipOMzSTB6Cz9m4OeigEXyPbKm33o5qiz1TdMdRMaw408-h306-k-no.jpg\" alt='Vantage Cargo' class=\"aligncenter\"><\/p>\n<p><strong>Descripci\u00f3n de la empresa: <\/strong>Ninguno<\/p>\n<p><strong>Servicios adicionales:<\/strong><\/p>\n<p>Ninguno<\/p>\n<p><strong>Direcci\u00f3n:<\/strong> UNIT 55, Listerhills Science Park, Campus Road, Bradford BD7 1HR<\/p>\n<p><a href=\"http:\/\/www.vantagecargo.com\/\" target=\"_new\" rel=\"noopener\">P\u00e1gina web de Vantage Cargo<\/a><\/p>\n<p><strong>Puntuaci\u00f3n de la revisi\u00f3n: <\/strong>4.8<br \/> <strong>N\u00famero de rese\u00f1as:<\/strong> 4<br \/><a href=\"https:\/\/www.google.co.uk\/maps?cid=7008974209818324067&#038;hl=en&#038;gl=GB\" target=\"_new\" rel=\"noopener\">Leer comentarios<\/a><\/p>\n<h2><span class=\"ez-toc-section\" id=\"A_H_SPRINTERS_LTD\"><\/span>A &amp; H SPRINTERS LTD<span class=\"ez-toc-section-end\"><\/span><\/h2>\n<p><img decoding=\"async\" src=\"https:\/\/moverdb.com\/wp-content\/uploads\/thumbnailpanoidy9Te__xK62aTIaec47C1vgcb_clientsearch.gws-prod.gpsw408h240yaw83.jpg\" alt='A &amp; H SPRINTERS LTD' class=\"aligncenter\"><\/p>\n<p><strong>Descripci\u00f3n de la empresa: <\/strong>Somos especialistas en servicios de mensajer\u00eda en el mismo d\u00eda y al d\u00eda siguiente en todo el mundo. <a href=\"https:\/\/moverdb.com\/es\/moving-to-the-uk\/\" data-internallinksmanager029f6b8e52c=\"93\" title=\"\u00bfSe muda al Reino Unido? 2026 Costes de vida y consejos de reubicaci\u00f3n\">REINO UNIDO<\/a> y en todo el pa\u00eds, atendemos desde b2b hasta usuarios finales.<\/p>\n<p>Cualquier cosa, en cualquier momento y en cualquier lugar, podemos hacerlo por usted con s\u00f3lo una llamada.<\/p>\n<p><strong>Servicios adicionales:<\/strong><\/p>\n<p>Ninguno<\/p>\n<p><strong>Direcci\u00f3n:<\/strong> 5 Hedge Cl, Bradford BD8 0AB<\/p>\n<p><a href=\"http:\/\/www.anhsprinters.com\/\" target=\"_new\" rel=\"noopener\">Sitio web de A &amp; H SPRINTERS LTD<\/a><\/p>\n<p><strong>Puntuaci\u00f3n de la revisi\u00f3n: <\/strong>5<br \/> <strong>N\u00famero de rese\u00f1as:<\/strong> 5<br \/><a href=\"https:\/\/www.google.co.uk\/maps?cid=16732559495961320132&#038;hl=en&#038;gl=GB\" target=\"_new\" rel=\"noopener\">Leer comentarios<\/a><\/p>\n<h2><span class=\"ez-toc-section\" id=\"Uniexpress_Limited\"><\/span>Uniexpress Limited<span class=\"ez-toc-section-end\"><\/span><\/h2>\n<p><img decoding=\"async\" src=\"https:\/\/moverdb.com\/wp-content\/uploads\/AF1QipOq-OIQ5ff5uOldLm9v98W1tG4Prt8V98ZgmTtzw662-h240-k-no.jpg\" alt='Uniexpress Limited' class=\"aligncenter\"><\/p>\n<p><strong>Descripci\u00f3n de la empresa: <\/strong>Ninguno<\/p>\n<p><strong>Servicios adicionales:<\/strong><\/p>\n<p>Ninguno<\/p>\n<p><strong>Direcci\u00f3n:<\/strong> Navigation Point, 30 North St, Bradford BD1 4EW<\/p>\n<p><a href=\"https:\/\/uniexpress.co.uk\/\" target=\"_new\" rel=\"noopener\">Sitio web de Uniexpress Limited<\/a><\/p>\n<p><strong>Puntuaci\u00f3n de la revisi\u00f3n: <\/strong>3.7<br \/> <strong>N\u00famero de rese\u00f1as:<\/strong> 12<br \/><a href=\"https:\/\/www.google.co.uk\/maps?cid=5416788757439321935&#038;hl=en&#038;gl=GB\" target=\"_new\" rel=\"noopener\">Leer comentarios<\/a><\/p>\n<h2><span class=\"ez-toc-section\" id=\"Vantage_Trdaing_Ltd\"><\/span>Vantage Trdaing Ltd<span class=\"ez-toc-section-end\"><\/span><\/h2>\n<p><img decoding=\"async\" src=\"https:\/\/moverdb.com\/wp-content\/uploads\/thumbnailpanoidVimcEANIeEE48O1E_Z0xpQcb_clientsearch.gws-prod.gpsw408h240yaw3.jpg\" alt='Vantage Trdaing Ltd' class=\"aligncenter\"><\/p>\n<p><strong>Descripci\u00f3n de la empresa: <\/strong>Vantage Tarding Aka Vantage Cargo es un nombre de confianza en el transporte internacional de mercanc\u00edas y despacho de aduanas.<\/p>\n<p> Prestamos asistencia en la exportaci\u00f3n e importaci\u00f3n de mercanc\u00edas y ofrecemos servicios de transporte y aduanas por aire, mar y carretera.<\/p>\n<p><strong>Servicios adicionales:<\/strong><\/p>\n<p>Consultor aduanero<\/p>\n<p>Servicio log\u00edstico<\/p>\n<p><strong>Direcci\u00f3n:<\/strong> Unidad 55, Parque Cient\u00edfico de Listerhills, Campus Rd, Bradford BD7 1HR<\/p>\n<p><a href=\"https:\/\/vantagecargo.com\/\" target=\"_new\" rel=\"noopener\">Sitio web de Vantage Trdaing Ltd<\/a><\/p>\n<p><strong>Puntuaci\u00f3n de la revisi\u00f3n: <\/strong>5<br \/> <strong>N\u00famero de rese\u00f1as:<\/strong> 1<br \/><a href=\"https:\/\/www.google.co.uk\/maps?cid=8597106068897191230&#038;hl=en&#038;gl=GB\" target=\"_new\" rel=\"noopener\">Leer comentarios<\/a><\/p>\n<h2><span class=\"ez-toc-section\" id=\"Transmec_Bradford\"><\/span>Transmec Bradford<span class=\"ez-toc-section-end\"><\/span><\/h2>\n<p><img decoding=\"async\" src=\"https:\/\/moverdb.com\/wp-content\/uploads\/AF1QipPBF2gPenbaUEb_Sh61s4APdtFNolsMP3bExFCZw700-h240-k-no.jpg\" alt='Transmec Bradford' class=\"aligncenter\"><\/p>\n<p><strong>Descripci\u00f3n de la empresa: <\/strong>Ninguno<\/p>\n<p><strong>Servicios adicionales:<\/strong><\/p>\n<p>Servicio log\u00edstico<\/p>\n<p>Empresa de mensajer\u00eda<\/p>\n<p>Empresa de camiones<\/p>\n<p><strong>Direcci\u00f3n:<\/strong> Woodroyd Industrial Estate, Dealburn Rd, Low Moor, Bradford BD12 0RG<\/p>\n<p><a href=\"http:\/\/www.transmecgroup.com\/\" target=\"_new\" rel=\"noopener\">Sitio web de Transmec Bradford<\/a><\/p>\n<p><strong>Puntuaci\u00f3n de la revisi\u00f3n: <\/strong>4.6<br \/> <strong>N\u00famero de rese\u00f1as:<\/strong> 63<br \/><a href=\"https:\/\/www.google.co.uk\/maps?cid=15368583186989161569&#038;hl=en&#038;gl=GB\" target=\"_new\" rel=\"noopener\">Leer comentarios<\/a><\/p>\n<h2><span class=\"ez-toc-section\" id=\"Circle_Express\"><\/span>C\u00edrculo Express<span class=\"ez-toc-section-end\"><\/span><\/h2>\n<p><img decoding=\"async\" src=\"https:\/\/moverdb.com\/wp-content\/uploads\/thumbnailpanoidvlSehEvrEl7hsC1_SDqKywcb_clientsearch.gws-prod.gpsw408h240yaw240.jpg\" alt='C\u00edrculo Express' class=\"aligncenter\"><\/p>\n<p><strong>Descripci\u00f3n de la empresa: <\/strong>Ninguno<\/p>\n<p><strong>Servicios adicionales:<\/strong><\/p>\n<p>Log\u00edstica<\/p>\n<p><strong>Direcci\u00f3n:<\/strong> 8 Wharfedale Rd, Euroway Industrial Estate, Bradford BD4 6SG<\/p>\n<p><a href=\"https:\/\/www.circleexpress.co.uk\/\" target=\"_new\" rel=\"noopener\">P\u00e1gina web de Circle Express<\/a><\/p>\n<p><strong>Puntuaci\u00f3n de la revisi\u00f3n: <\/strong>2.6<br \/> <strong>N\u00famero de rese\u00f1as:<\/strong> 5<br \/><a href=\"https:\/\/www.google.co.uk\/maps?cid=11390195525846399046&#038;hl=en&#038;gl=GB\" target=\"_new\" rel=\"noopener\">Leer comentarios<\/a><\/p>\n<h2><span class=\"ez-toc-section\" id=\"CMI_Logistics_Ltd\"><\/span>CMI Logistics Ltd<span class=\"ez-toc-section-end\"><\/span><\/h2>\n<p><img decoding=\"async\" src=\"https:\/\/moverdb.com\/wp-content\/uploads\/AF1QipN2BTmrtNkRm59mHNRraJcrdIaG2ZqSk6Js9AWew408-h306-k-no.jpg\" alt='CMI Logistics Ltd' class=\"aligncenter\"><\/p>\n<p><strong>Descripci\u00f3n de la empresa: <\/strong>Internacional <a href=\"https:\/\/moverdb.com\/es\/freight-forwarder\/\" data-internallinksmanager029f6b8e52c=\"17\" title=\"Gu\u00eda de empresas y costes internacionales de transitarios y NVOCC\">Transportista<\/a><\/p>\n<p><strong>Servicios adicionales:<\/strong><\/p>\n<p>Servicio de mensajer\u00eda<\/p>\n<p>Agente de aduanas<\/p>\n<p>Empresa de importaci\u00f3n y exportaci\u00f3n<\/p>\n<p>Servicio log\u00edstico<\/p>\n<p>Empresa de mensajer\u00eda<\/p>\n<p>Servicio de env\u00edo<\/p>\n<p>Almac\u00e9n<\/p>\n<p><strong>Direcci\u00f3n:<\/strong> Sapphire House, Albion Rd, Greengates, Bradford BD10 9TQ<\/p>\n<p><a href=\"http:\/\/www.cmilogistics.co.uk\/\" target=\"_new\" rel=\"noopener\">Sitio web de CMI Logistics Ltd<\/a><\/p>\n<p><strong>Puntuaci\u00f3n de la revisi\u00f3n: <\/strong>4.2<br \/> <strong>N\u00famero de rese\u00f1as:<\/strong> 11<br \/><a href=\"https:\/\/www.google.co.uk\/maps?cid=5455479875644729029&#038;hl=en&#038;gl=GB\" target=\"_new\" rel=\"noopener\">Leer comentarios<\/a><\/p>\n<h2><span class=\"ez-toc-section\" id=\"MC_Logistics_Ltd\"><\/span>MC Logistics Ltd<span class=\"ez-toc-section-end\"><\/span><\/h2>\n<p><img decoding=\"async\" src=\"https:\/\/moverdb.com\/wp-content\/uploads\/AF1QipMCm8X_Y7UGF0mp1-QAdWai80hmi62wH09t-OWfw408-h306-k-no.jpg\" alt='MC Logistics Ltd' class=\"aligncenter\"><\/p>\n<p><strong>Descripci\u00f3n de la empresa: <\/strong>Ninguno<\/p>\n<p><strong>Servicios adicionales:<\/strong><\/p>\n<p>Contratistas y servicios de envasado<\/p>\n<p>Empresa de mensajer\u00eda<\/p>\n<p><strong>Direcci\u00f3n:<\/strong> MacLean House, New Works Rd, Low Moor, Bradford BD12 0LZ<\/p>\n<p><a href=\"http:\/\/www.mc3logistics.com\/\" target=\"_new\" rel=\"noopener\">Sitio web de MC Logistics Ltd<\/a><\/p>\n<p><strong>Puntuaci\u00f3n de la revisi\u00f3n: <\/strong>4<br \/> <strong>N\u00famero de rese\u00f1as:<\/strong> 3<br \/><a href=\"https:\/\/www.google.co.uk\/maps?cid=5476343764991484590&#038;hl=en&#038;gl=GB\" target=\"_new\" rel=\"noopener\">Leer comentarios<\/a><\/p>\n<h2><span class=\"ez-toc-section\" id=\"PAK_Asia_Cargo_Services_Ltd\"><\/span>PAK Asia Cargo Services Ltd<span class=\"ez-toc-section-end\"><\/span><\/h2>\n<p><img decoding=\"async\" src=\"https:\/\/moverdb.com\/wp-content\/uploads\/AF1QipMJr3orvg_FkMHKiznDoJJ8VHIXtHIfDw3Fxf4yw426-h240-k-no.jpg\" alt='PAK Asia Cargo Services Ltd' class=\"aligncenter\"><\/p>\n<p><strong>Descripci\u00f3n de la empresa: <\/strong>carga a Pakist\u00e1n<\/p>\n<p><strong>Servicios adicionales:<\/strong><\/p>\n<p>Ninguno<\/p>\n<p><strong>Direcci\u00f3n:<\/strong> 74A Lumb Ln, Bradford BD8 8JZ<\/p>\n<p><a href=\"http:\/\/www.pakasiacargoservice.co.uk\/\" target=\"_new\" rel=\"noopener\">Sitio web de PAK Asia Cargo Services Ltd<\/a><\/p>\n<p><strong>Puntuaci\u00f3n de la revisi\u00f3n: <\/strong>4<br \/> <strong>N\u00famero de rese\u00f1as:<\/strong> 4<br \/><a href=\"https:\/\/www.google.co.uk\/maps?cid=14078454204797251788&#038;hl=en&#038;gl=GB\" target=\"_new\" rel=\"noopener\">Leer comentarios<\/a><\/p>\n<h2><span class=\"ez-toc-section\" id=\"Andante_Freight_Ltd\"><\/span>Andante Freight Ltd<span class=\"ez-toc-section-end\"><\/span><\/h2>\n<p><img decoding=\"async\" src=\"https:\/\/moverdb.com\/wp-content\/uploads\/thumbnailpanoidCDa-NU-iq_6I0XBrpsKeawcb_clientsearch.gws-prod.gpsw408h240yaw157.jpg\" alt='Andante Freight Ltd' class=\"aligncenter\"><\/p>\n<p><strong>Descripci\u00f3n de la empresa: <\/strong>Ninguno<\/p>\n<p><strong>Servicios adicionales:<\/strong><\/p>\n<p>Empresa de mensajer\u00eda<\/p>\n<p>Servicio de transporte<\/p>\n<p><strong>Direcci\u00f3n:<\/strong> 183 Thornton Rd, Bradford BD1 2JD<\/p>\n<p><a href=\"http:\/\/www.andantefreight.com\/\" target=\"_new\" rel=\"noopener\">Sitio web de Andante Freight Ltd<\/a><\/p>\n<p><strong>Puntuaci\u00f3n de la revisi\u00f3n: <\/strong>4.1<br \/> <strong>N\u00famero de rese\u00f1as:<\/strong> 27<br \/><a href=\"https:\/\/www.google.co.uk\/maps?cid=15644654208551577984&#038;hl=en&#038;gl=GB\" target=\"_new\" rel=\"noopener\">Leer comentarios<\/a><\/p>\n<h2><span class=\"ez-toc-section\" id=\"How_we_picked_the_best_Bradford_Freight_Forwarding_Companies\"><\/span>C\u00f3mo hemos elegido las mejores empresas transitarias de Bradford<span class=\"ez-toc-section-end\"><\/span><\/h2>\n<p>Empezamos con un conjunto de datos de 23 empresas transitarias de Bradford que pudimos encontrar a trav\u00e9s de Google Maps y lo redujimos a las 11 mejores.<\/p>\n<p>Para ello eliminamos cualquier empresa que:<\/p>\n<ul>\n<li> No ten\u00eda p\u00e1gina web<\/li>\n<li> No ten\u00eda cr\u00edticas<\/li>\n<li> Tiene una puntuaci\u00f3n media inferior a 2,0<\/li>\n<\/ul>\n<p>En ese momento, si ten\u00edamos 17 o menos transportistas, los enumer\u00e1bamos todos.<\/p>\n<p>En las ciudades en las que nos quedamos con m\u00e1s de 17 expedidores, realizamos nuevas revisiones, bien aumentando la puntuaci\u00f3n de la revisi\u00f3n requerida (por ejemplo, pasando de un m\u00ednimo de 2,0 a 4,0) y\/o aumentando el n\u00famero m\u00ednimo de revisiones requeridas (por ejemplo, pasando de al menos 1 revisi\u00f3n a al menos 10).<\/p>\n<p>Tenga en cuenta que s\u00f3lo utilizamos datos de revisi\u00f3n de Google Maps y no de otros sitios web de terceros.<\/p>\n<p>M\u00e1s ciudades:<\/p>\n<p><a href=\"https:\/\/moverdb.com\/es\/transitario\/freight-forwarding-uk\/derby-freight-forwarder\/\">Derby Freight Forwarder<\/a><br \/><a href=\"https:\/\/moverdb.com\/es\/transitario\/freight-forwarding-uk\/southall-freight-forwarder\/\">Southall Freight Forwarder<\/a><br \/><a href=\"https:\/\/moverdb.com\/es\/transitario\/freight-forwarding-uk\/coventry-freight-forwarder\/\">Coventry Transitario<\/a><br \/><a href=\"https:\/\/moverdb.com\/es\/transitario\/freight-forwarding-uk\/west-drayton-freight-forwarder\/\">Transitario West Drayton<\/a><br \/><a href=\"https:\/\/moverdb.com\/es\/transitario\/freight-forwarding-uk\/glasgow-freight-forwarder\/\">Transitario en Glasgow<\/a><\/p>","protected":false},"excerpt":{"rendered":"<p>Below we look at the 11 &#8220;best&#8221; Freight Forwarding companies in Bradford out of 23. To learn more about how we chose the best please consult our FAQ section at the end. Please not the following listings are in no particular order and we are not making any recommendations for any particular company. Rhenus Logistics [&hellip;]<\/p>\n","protected":false},"author":1,"featured_media":0,"parent":13427,"menu_order":0,"comment_status":"open","ping_status":"open","template":"","meta":{"_genesis_hide_title":false,"_genesis_hide_breadcrumbs":false,"_genesis_hide_singular_image":false,"_genesis_hide_footer_widgets":false,"_genesis_custom_body_class":"","_genesis_custom_post_class":"","_genesis_layout":"","footnotes":""},"class_list":{"0":"post-13725","1":"page","2":"type-page","3":"status-publish","5":"entry"},"_links":{"self":[{"href":"https:\/\/moverdb.com\/es\/wp-json\/wp\/v2\/pages\/13725","targetHints":{"allow":["GET"]}}],"collection":[{"href":"https:\/\/moverdb.com\/es\/wp-json\/wp\/v2\/pages"}],"about":[{"href":"https:\/\/moverdb.com\/es\/wp-json\/wp\/v2\/types\/page"}],"author":[{"embeddable":true,"href":"https:\/\/moverdb.com\/es\/wp-json\/wp\/v2\/users\/1"}],"replies":[{"embeddable":true,"href":"https:\/\/moverdb.com\/es\/wp-json\/wp\/v2\/comments?post=13725"}],"version-history":[{"count":1,"href":"https:\/\/moverdb.com\/es\/wp-json\/wp\/v2\/pages\/13725\/revisions"}],"predecessor-version":[{"id":15681,"href":"https:\/\/moverdb.com\/es\/wp-json\/wp\/v2\/pages\/13725\/revisions\/15681"}],"up":[{"embeddable":true,"href":"https:\/\/moverdb.com\/es\/wp-json\/wp\/v2\/pages\/13427"}],"wp:attachment":[{"href":"https:\/\/moverdb.com\/es\/wp-json\/wp\/v2\/media?parent=13725"}],"curies":[{"name":"wp","href":"https:\/\/api.w.org\/{rel}","templated":true}]}}