{"id":13679,"date":"2023-11-08T15:51:25","date_gmt":"2023-11-08T15:51:25","guid":{"rendered":"https:\/\/moverdb.com\/freight-forwarder\/freight-forwarding-uk\/egham-freight-forwarder\/"},"modified":"2026-01-08T14:55:28","modified_gmt":"2026-01-08T14:55:28","slug":"egham-freight-forwarder","status":"publish","type":"page","link":"https:\/\/moverdb.com\/es\/freight-forwarder\/freight-forwarding-uk\/egham-freight-forwarder\/","title":{"rendered":"Las 11 mejores empresas de transporte de Egham (2024)"},"content":{"rendered":"<p>A continuaci\u00f3n examinamos los 11 <em>\"mejor\"<\/em> Empresas de transporte de mercanc\u00edas en Egham de un total de 17.<\/p>\n<p>Para saber m\u00e1s sobre c\u00f3mo elegimos a los mejores, consulte nuestra secci\u00f3n de preguntas frecuentes al final.<\/p>\n<p><em>Tenga en cuenta que los siguientes listados no siguen ning\u00fan orden en particular y que no recomendamos ninguna empresa en concreto.<\/em><\/p>\n<div id=\"ez-toc-container\" class=\"ez-toc-v2_0_82_2 ez-toc-wrap-left counter-hierarchy ez-toc-counter ez-toc-transparent ez-toc-container-direction\">\n<div class=\"ez-toc-title-container\">\n<p class=\"ez-toc-title\" style=\"cursor:inherit\">Secciones<\/p>\n<span class=\"ez-toc-title-toggle\"><a href=\"#\" class=\"ez-toc-pull-right ez-toc-btn ez-toc-btn-xs ez-toc-btn-default ez-toc-toggle\" aria-label=\"Alternar tabla de contenidos\"><span class=\"ez-toc-js-icon-con\"><span class=\"\"><span class=\"eztoc-hide\" style=\"display:none;\">Toggle<\/span><span class=\"ez-toc-icon-toggle-span\"><svg style=\"fill: #999;color:#999\" xmlns=\"http:\/\/www.w3.org\/2000\/svg\" class=\"list-377408\" width=\"20px\" height=\"20px\" viewbox=\"0 0 24 24\" fill=\"none\"><path d=\"M6 6H4v2h2V6zm14 0H8v2h12V6zM4 11h2v2H4v-2zm16 0H8v2h12v-2zM4 16h2v2H4v-2zm16 0H8v2h12v-2z\" fill=\"currentColor\"><\/path><\/svg><svg style=\"fill: #999;color:#999\" class=\"arrow-unsorted-368013\" xmlns=\"http:\/\/www.w3.org\/2000\/svg\" width=\"10px\" height=\"10px\" viewbox=\"0 0 24 24\" version=\"1.2\" baseprofile=\"tiny\"><path d=\"M18.2 9.3l-6.2-6.3-6.2 6.3c-.2.2-.3.4-.3.7s.1.5.3.7c.2.2.4.3.7.3h11c.3 0 .5-.1.7-.3.2-.2.3-.5.3-.7s-.1-.5-.3-.7zM5.8 14.7l6.2 6.3 6.2-6.3c.2-.2.3-.5.3-.7s-.1-.5-.3-.7c-.2-.2-.4-.3-.7-.3h-11c-.3 0-.5.1-.7.3-.2.2-.3.5-.3.7s.1.5.3.7z\"\/><\/svg><\/span><\/span><\/span><\/a><\/span><\/div>\n<nav><ul class='ez-toc-list ez-toc-list-level-1 eztoc-toggle-hide-by-default' ><li class='ez-toc-page-1 ez-toc-heading-level-2'><a class=\"ez-toc-link ez-toc-heading-1\" href=\"https:\/\/moverdb.com\/es\/freight-forwarder\/freight-forwarding-uk\/egham-freight-forwarder\/#MIQ_Logistics\" >Log\u00edstica MIQ<\/a><\/li><li class='ez-toc-page-1 ez-toc-heading-level-2'><a class=\"ez-toc-link ez-toc-heading-2\" href=\"https:\/\/moverdb.com\/es\/freight-forwarder\/freight-forwarding-uk\/egham-freight-forwarder\/#Yes_2_Ship_Ltd\" >S\u00ed 2 Ship Ltd<\/a><\/li><li class='ez-toc-page-1 ez-toc-heading-level-2'><a class=\"ez-toc-link ez-toc-heading-3\" href=\"https:\/\/moverdb.com\/es\/freight-forwarder\/freight-forwarding-uk\/egham-freight-forwarder\/#AGS_Global_Forwarding_Ltd\" >AGS Global Forwarding Ltd<\/a><\/li><li class='ez-toc-page-1 ez-toc-heading-level-2'><a class=\"ez-toc-link ez-toc-heading-4\" href=\"https:\/\/moverdb.com\/es\/freight-forwarder\/freight-forwarding-uk\/egham-freight-forwarder\/#ASG_Logistics_Ltd\" >ASG Logistics Ltd<\/a><\/li><li class='ez-toc-page-1 ez-toc-heading-level-2'><a class=\"ez-toc-link ez-toc-heading-5\" href=\"https:\/\/moverdb.com\/es\/freight-forwarder\/freight-forwarding-uk\/egham-freight-forwarder\/#Cargo_Gateway\" >Pasarela de carga<\/a><\/li><li class='ez-toc-page-1 ez-toc-heading-level-2'><a class=\"ez-toc-link ez-toc-heading-6\" href=\"https:\/\/moverdb.com\/es\/freight-forwarder\/freight-forwarding-uk\/egham-freight-forwarder\/#Active_Freight_Management_Ltd\" >Active Freight Management Ltd<\/a><\/li><li class='ez-toc-page-1 ez-toc-heading-level-2'><a class=\"ez-toc-link ez-toc-heading-7\" href=\"https:\/\/moverdb.com\/es\/freight-forwarder\/freight-forwarding-uk\/egham-freight-forwarder\/#World_Cargo_Logistics\" >World Cargo Logistics<\/a><\/li><li class='ez-toc-page-1 ez-toc-heading-level-2'><a class=\"ez-toc-link ez-toc-heading-8\" href=\"https:\/\/moverdb.com\/es\/freight-forwarder\/freight-forwarding-uk\/egham-freight-forwarder\/#E_F_M_Global_Logistics\" >E F M Global Logistics<\/a><\/li><li class='ez-toc-page-1 ez-toc-heading-level-2'><a class=\"ez-toc-link ez-toc-heading-9\" href=\"https:\/\/moverdb.com\/es\/freight-forwarder\/freight-forwarding-uk\/egham-freight-forwarder\/#Blackthorne\" >Blackthorne<\/a><\/li><li class='ez-toc-page-1 ez-toc-heading-level-2'><a class=\"ez-toc-link ez-toc-heading-10\" href=\"https:\/\/moverdb.com\/es\/freight-forwarder\/freight-forwarding-uk\/egham-freight-forwarder\/#Connoisseur_International_Distribution_Ltd\" >Connoisseur International Distribution Ltd<\/a><\/li><li class='ez-toc-page-1 ez-toc-heading-level-2'><a class=\"ez-toc-link ez-toc-heading-11\" href=\"https:\/\/moverdb.com\/es\/freight-forwarder\/freight-forwarding-uk\/egham-freight-forwarder\/#XPand_Logistics_Ltd_F_FA_Division_London\" >XPand Logistics Ltd F&amp;FA Division Londres<\/a><\/li><li class='ez-toc-page-1 ez-toc-heading-level-2'><a class=\"ez-toc-link ez-toc-heading-12\" href=\"https:\/\/moverdb.com\/es\/freight-forwarder\/freight-forwarding-uk\/egham-freight-forwarder\/#How_we_picked_the_best_Egham_Freight_Forwarding_Companies\" >C\u00f3mo hemos elegido las mejores empresas transitarias de Egham<\/a><\/li><\/ul><\/nav><\/div>\n<h2><span class=\"ez-toc-section\" id=\"MIQ_Logistics\"><\/span>Log\u00edstica MIQ<span class=\"ez-toc-section-end\"><\/span><\/h2>\n<p><img decoding=\"async\" src=\"https:\/\/moverdb.com\/wp-content\/uploads\/AF1QipOSeo5W5dbelMsxZx8EbOq4iTE_N2C_UMmkI5A5w408-h271-k-no.jpg\" alt='Log\u00edstica MIQ' class=\"aligncenter\"><\/p>\n<p><strong>Descripci\u00f3n de la empresa: <\/strong>Noatum Logistics (antes MIQ Logistics), junto con su red mundial de socios, presta servicios de transporte (servicios nacionales de expedici\u00f3n de mercanc\u00edas y carga de camiones), servicios de distribuci\u00f3n (log\u00edstica de contratos y gesti\u00f3n de almacenes) y servicios globales (expedici\u00f3n internacional de mercanc\u00edas y corretaje de aduanas).<\/p>\n<p> Con el apoyo de la tecnolog\u00eda nativa de la Web y las capacidades de gesti\u00f3n log\u00edstica global, MIQ Logistics atiende a clientes en la miner\u00eda &amp;<\/p>\n<p><strong>Servicios adicionales:<\/strong><\/p>\n<p>Ninguno<\/p>\n<p><strong>Direcci\u00f3n:<\/strong> Thorpe Industrial Park, 1, Alpha Way, Egham TW20 8RZ<\/p>\n<p><a href=\"https:\/\/www.miq.com\/\" target=\"_new\" rel=\"noopener\">Sitio web de MIQ Logistics<\/a><\/p>\n<p><strong>Puntuaci\u00f3n de la revisi\u00f3n: <\/strong>3.7<br \/> <strong>N\u00famero de rese\u00f1as:<\/strong> 23<br \/><a href=\"https:\/\/www.google.co.uk\/maps?cid=5562970237620117984&#038;hl=en&#038;gl=GB\" target=\"_new\" rel=\"noopener\">Leer comentarios<\/a><\/p>\n<h2><span class=\"ez-toc-section\" id=\"Yes_2_Ship_Ltd\"><\/span>S\u00ed 2 Ship Ltd<span class=\"ez-toc-section-end\"><\/span><\/h2>\n<p><img decoding=\"async\" src=\"https:\/\/moverdb.com\/wp-content\/uploads\/thumbnailpanoidi2hlSeWB-Y3XQQJMF3mWowcb_clientsearch.gws-prod.gpsw408h240yaw327.jpg\" alt='S\u00ed 2 Ship Ltd' class=\"aligncenter\"><\/p>\n<p><strong>Descripci\u00f3n de la empresa: <\/strong>Empresa de log\u00edstica y cadena de suministro.<\/p>\n<p> Servicios de carga y despacho de aduanas, as\u00ed como mudanzas y efectos personales, que operan por v\u00eda a\u00e9rea, terrestre y mar\u00edtima.<\/p>\n<p> Un socio estrat\u00e9gico de DHL.<\/p>\n<p> Despachos de importaci\u00f3n y exportaci\u00f3n, T1, EORI, Carnet, FOB, ExWorks y servicios puerta a puerta.<\/p>\n<p> Servicios de env\u00edo: env\u00edos peligrosos, env\u00edos de bater\u00edas de litio, env\u00edos de autom\u00f3viles, env\u00edos veterinarios y equinos.<\/p>\n<p> Yes 2 Ship colabora estrechamente con la industria farmac\u00e9utica y las casas de acci\u00f3n art\u00edstica.<\/p>\n<p> Servicios adicionales: cajas y retractilado gratuitos, embalaje, empaquetado y entrega en cami\u00f3n y seguimiento.<\/p>\n<p> Tambi\u00e9n se ofrecen servicios europeos de conducci\u00f3n directa.<\/p>\n<p> Facilitar todas las <a href=\"https:\/\/moverdb.com\/es\/top-49-container-ports\/\" data-internallinksmanager029f6b8e52c=\"80\" title=\"Los 49 puertos de contenedores m\u00e1s grandes y activos en 2025\">puertos<\/a> y aeropuertos de todo el <a href=\"https:\/\/moverdb.com\/es\/moving-to-the-uk\/\" data-internallinksmanager029f6b8e52c=\"93\" title=\"\u00bfSe muda al Reino Unido? 2026 Costes de vida y consejos de reubicaci\u00f3n\">REINO UNIDO<\/a>.<\/p>\n<p> Oficinas principales: Heathrow, Aberdeen, Southend, <a href=\"\" data-internallinksmanager029f6b8e52c=\"52\" title=\"Manchester\">Manchester<\/a>Southampton, Felixstowe.<\/p>\n<p><strong>Servicios adicionales:<\/strong><\/p>\n<p>Ninguno<\/p>\n<p><strong>Direcci\u00f3n:<\/strong> Unidad 2, Eversley Way, Pol\u00edgono Industrial Thorpe, Egham TW20 8RG<\/p>\n<p><a href=\"http:\/\/www.yes2ship.com\/\" target=\"_new\" rel=\"noopener\">S\u00ed 2 Ship Ltd website<\/a><\/p>\n<p><strong>Puntuaci\u00f3n de la revisi\u00f3n: <\/strong>4.3<br \/> <strong>N\u00famero de rese\u00f1as:<\/strong> 3<br \/><a href=\"https:\/\/www.google.co.uk\/maps?cid=11958752916968499684&#038;hl=en&#038;gl=GB\" target=\"_new\" rel=\"noopener\">Leer comentarios<\/a><\/p>\n<h2><span class=\"ez-toc-section\" id=\"AGS_Global_Forwarding_Ltd\"><\/span>AGS Global Forwarding Ltd<span class=\"ez-toc-section-end\"><\/span><\/h2>\n<p><img decoding=\"async\" src=\"https:\/\/moverdb.com\/wp-content\/uploads\/AF1QipOkqaLI3fEcCDdE06bXZQPSFTuSwA_SDJZksWkgw408-h272-k-no.jpg\" alt='AGS Global Forwarding Ltd' class=\"aligncenter\"><\/p>\n<p><strong>Descripci\u00f3n de la empresa: <\/strong>Somos una empresa de transporte internacional de mercanc\u00edas y log\u00edstica, especializada en el movimiento de env\u00edos comerciales por v\u00eda a\u00e9rea, mar\u00edtima y terrestre.<\/p>\n<p><strong>Servicios adicionales:<\/strong><\/p>\n<p>Ninguno<\/p>\n<p><strong>Direcci\u00f3n:<\/strong> 01 Meadlake Place, Thorpe Lea Rd, Egham TW20 8HE<\/p>\n<p><a href=\"http:\/\/www.ags-global.co.uk\/\" target=\"_new\" rel=\"noopener\">Sitio web de AGS Global Forwarding Ltd<\/a><\/p>\n<p><strong>Puntuaci\u00f3n de la revisi\u00f3n: <\/strong>3.7<br \/> <strong>N\u00famero de rese\u00f1as:<\/strong> 6<br \/><a href=\"https:\/\/www.google.co.uk\/maps?cid=9870884105096212840&#038;hl=en&#038;gl=GB\" target=\"_new\" rel=\"noopener\">Leer comentarios<\/a><\/p>\n<h2><span class=\"ez-toc-section\" id=\"ASG_Logistics_Ltd\"><\/span>ASG Logistics Ltd<span class=\"ez-toc-section-end\"><\/span><\/h2>\n<p><img decoding=\"async\" src=\"https:\/\/moverdb.com\/wp-content\/uploads\/thumbnailpanoid3JBSMhHuPZdNblR9AJIbPgcb_clientsearch.gws-prod.gpsw408h240yaw175.jpg\" alt='ASG Logistics Ltd' class=\"aligncenter\"><\/p>\n<p><strong>Descripci\u00f3n de la empresa: <\/strong>Ninguno<\/p>\n<p><strong>Servicios adicionales:<\/strong><\/p>\n<p>Ninguno<\/p>\n<p><strong>Direcci\u00f3n:<\/strong> 188 High St, Egham TW20 9ED, Reino Unido<\/p>\n<p><a href=\"http:\/\/www.asglogistics.com\/\" target=\"_new\" rel=\"noopener\">Sitio web de ASG Logistics Ltd<\/a><\/p>\n<p><strong>Puntuaci\u00f3n de la revisi\u00f3n: <\/strong>4.2<br \/> <strong>N\u00famero de rese\u00f1as:<\/strong> 5<br \/><a href=\"https:\/\/www.google.com.om\/maps?cid=9184323499148826419&#038;hl=en&#038;gl=OM\" target=\"_new\" rel=\"noopener\">Leer comentarios<\/a><\/p>\n<h2><span class=\"ez-toc-section\" id=\"Cargo_Gateway\"><\/span>Pasarela de carga<span class=\"ez-toc-section-end\"><\/span><\/h2>\n<p><img decoding=\"async\" src=\"https:\/\/moverdb.com\/wp-content\/uploads\/AF1QipNzLo0oQLg_C55tPkOaoPCuX4tQK_qkgfvadEqSw426-h240-k-no.jpg\" alt='Pasarela de carga' class=\"aligncenter\"><\/p>\n<p><strong>Descripci\u00f3n de la empresa: <\/strong>Internacional y nacional <a href=\"https:\/\/moverdb.com\/es\/freight-forwarder\/\" data-internallinksmanager029f6b8e52c=\"17\" title=\"Gu\u00eda de empresas y costes internacionales de transitarios y NVOCC\">Transportista<\/a><\/p>\n<p><strong>Servicios adicionales:<\/strong><\/p>\n<p>Ninguno<\/p>\n<p><strong>Direcci\u00f3n:<\/strong> 01 Meadlake Place, Thorpe Lea Rd, Egham TW20 8HE<\/p>\n<p><a href=\"https:\/\/cargo-gateway.business.site\/?utm_source=gmb&#038;utm_medium=referral\" target=\"_new\" rel=\"noopener\">P\u00e1gina web de Cargo Gateway<\/a><\/p>\n<p><strong>Puntuaci\u00f3n de la revisi\u00f3n: <\/strong>5<br \/> <strong>N\u00famero de rese\u00f1as:<\/strong> 1<br \/><a href=\"https:\/\/www.google.co.uk\/maps?cid=16110619947648318940&#038;hl=en&#038;gl=GB\" target=\"_new\" rel=\"noopener\">Leer comentarios<\/a><\/p>\n<h2><span class=\"ez-toc-section\" id=\"Active_Freight_Management_Ltd\"><\/span>Active Freight Management Ltd<span class=\"ez-toc-section-end\"><\/span><\/h2>\n<p><img decoding=\"async\" src=\"https:\/\/moverdb.com\/wp-content\/uploads\/AF1QipNmjcFHpyJwCdwSaejGmG82kmN7yOpkcziJ6XWAw426-h240-k-no.jpg\" alt='Active Freight Management Ltd' class=\"aligncenter\"><\/p>\n<p><strong>Descripci\u00f3n de la empresa: <\/strong>Su soluci\u00f3n integral para la gesti\u00f3n del transporte de mercanc\u00edas<\/p>\n<p><strong>Servicios adicionales:<\/strong><\/p>\n<p>Empresa de importaci\u00f3n y exportaci\u00f3n<\/p>\n<p>Empresa de mensajer\u00eda<\/p>\n<p><strong>Direcci\u00f3n:<\/strong> Crabtree Office Village, Monarch House, Eversley Way, Egham TW20 8RY<\/p>\n<p><a href=\"http:\/\/www.active-freight.com\/\" target=\"_new\" rel=\"noopener\">Sitio web de Active Freight Management Ltd<\/a><\/p>\n<p><strong>Puntuaci\u00f3n de la revisi\u00f3n: <\/strong>5<br \/> <strong>N\u00famero de rese\u00f1as:<\/strong> 2<br \/><a href=\"https:\/\/www.google.co.uk\/maps?cid=3699698523008123537&#038;hl=en&#038;gl=GB\" target=\"_new\" rel=\"noopener\">Leer comentarios<\/a><\/p>\n<h2><span class=\"ez-toc-section\" id=\"World_Cargo_Logistics\"><\/span>World Cargo Logistics<span class=\"ez-toc-section-end\"><\/span><\/h2>\n<p><img decoding=\"async\" src=\"https:\/\/moverdb.com\/wp-content\/uploads\/thumbnailpanoidSSVwK9ZQ0ejIyasli8Fegwcb_clientsearch.gws-prod.gpsw408h240yaw355.jpg\" alt='World Cargo Logistics' class=\"aligncenter\"><\/p>\n<p><strong>Descripci\u00f3n de la empresa: <\/strong>Ninguno<\/p>\n<p><strong>Servicios adicionales:<\/strong><\/p>\n<p>Ninguno<\/p>\n<p><strong>Direcci\u00f3n:<\/strong> Unidad 5 Beta Way, Egham TW20 8RE<\/p>\n<p><a href=\"http:\/\/worldcargologistics.co.uk\/\" target=\"_new\" rel=\"noopener\">Sitio web de World Cargo Logistics<\/a><\/p>\n<p><strong>Puntuaci\u00f3n de la revisi\u00f3n: <\/strong>5<br \/> <strong>N\u00famero de rese\u00f1as:<\/strong> 1<br \/><a href=\"https:\/\/www.google.co.uk\/maps?cid=14974545255904536802&#038;hl=en&#038;gl=GB\" target=\"_new\" rel=\"noopener\">Leer comentarios<\/a><\/p>\n<h2><span class=\"ez-toc-section\" id=\"E_F_M_Global_Logistics\"><\/span>E F M Global Logistics<span class=\"ez-toc-section-end\"><\/span><\/h2>\n<p><img decoding=\"async\" src=\"https:\/\/moverdb.com\/wp-content\/uploads\/AF1QipORc7VCsaq4UmjzP6IJaY3iNkVdGcEiL46zJWwMw408-h725-k-no.jpg\" alt='E F M Global Logistics' class=\"aligncenter\"><\/p>\n<p><strong>Descripci\u00f3n de la empresa: <\/strong>Ninguno<\/p>\n<p><strong>Servicios adicionales:<\/strong><\/p>\n<p>Ninguno<\/p>\n<p><strong>Direcci\u00f3n:<\/strong> 3 Alpha Way Thorpe Industrial Park, Egham TW20 8RZ<\/p>\n<p><a href=\"http:\/\/www.efm.global\/\" target=\"_new\" rel=\"noopener\">Sitio web de E F M Global Logistics<\/a><\/p>\n<p><strong>Puntuaci\u00f3n de la revisi\u00f3n: <\/strong>4.9<br \/> <strong>N\u00famero de rese\u00f1as:<\/strong> 15<br \/><a href=\"https:\/\/www.google.co.uk\/maps?cid=10224418366743576394&#038;hl=en&#038;gl=GB\" target=\"_new\" rel=\"noopener\">Leer comentarios<\/a><\/p>\n<h2><span class=\"ez-toc-section\" id=\"Blackthorne\"><\/span>Blackthorne<span class=\"ez-toc-section-end\"><\/span><\/h2>\n<p><img decoding=\"async\" src=\"https:\/\/moverdb.com\/wp-content\/uploads\/AF1QipNMhlx2IHsQ_K9jhbeeqfHmBMWRacudcQlC1kH-w408-h306-k-no.jpg\" alt='Blackthorne' class=\"aligncenter\"><\/p>\n<p><strong>Descripci\u00f3n de la empresa: <\/strong>Blackthorne es uno de los principales socios log\u00edsticos de la cadena de suministro mundial.<\/p>\n<p> Por lo general, trabajamos con empresas tecnol\u00f3gicas que necesitan realizar actividades de servicio y reparaci\u00f3n de productos inform\u00e1ticos en mercados de todo el mundo.<\/p>\n<p>Blackthorne ofrece un servicio puerta a puerta para empresas tecnol\u00f3gicas reacias al riesgo que exigen el cumplimiento de la normativa 100%, los m\u00e1s altos est\u00e1ndares de ejecuci\u00f3n de entregas y un socio experimentado en todos los aspectos de la log\u00edstica de la cadena de suministro global, garantizando la entrega del producto correcto, al destinatario correcto, a tiempo y cumpliendo o superando las expectativas de los clientes.<\/p>\n<p>Importador registrado<br \/>\nLlevamos m\u00e1s de 20 a\u00f1os actuando como Importador de Registro para empresas que venden productos tecnol\u00f3gicos<\/p>\n<p><strong>Servicios adicionales:<\/strong><\/p>\n<p>Ninguno<\/p>\n<p><strong>Direcci\u00f3n:<\/strong> Unidad 6, Sky Busines Park, Eversley Way, Thorpe TW20 8RF<\/p>\n<p><a href=\"https:\/\/blackthorneit.com\/\" target=\"_new\" rel=\"noopener\">Sitio web de Blackthorne<\/a><\/p>\n<p><strong>Puntuaci\u00f3n de la revisi\u00f3n: <\/strong>4.7<br \/> <strong>N\u00famero de rese\u00f1as:<\/strong> 6<br \/><a href=\"https:\/\/www.google.co.uk\/maps?cid=10922239003545285032&#038;hl=en&#038;gl=GB\" target=\"_new\" rel=\"noopener\">Leer comentarios<\/a><\/p>\n<h2><span class=\"ez-toc-section\" id=\"Connoisseur_International_Distribution_Ltd\"><\/span>Connoisseur International Distribution Ltd<span class=\"ez-toc-section-end\"><\/span><\/h2>\n<p><img decoding=\"async\" src=\"https:\/\/moverdb.com\/wp-content\/uploads\/AF1QipPd9XWMz1lgbYNiuvG6xskioC06SqeYGBLSjkzTw426-h240-k-no.jpg\" alt='Connoisseur International Distribution Ltd' class=\"aligncenter\"><\/p>\n<p><strong>Descripci\u00f3n de la empresa: <\/strong>Connoisseur International se constituy\u00f3 en 1997.<\/p>\n<p> Los directores, cada uno con m\u00e1s de 25 a\u00f1os en el sector, compart\u00edan la visi\u00f3n de crear una empresa de transporte multimodal y log\u00edstica para el siglo XXI.<\/p>\n<p> Los principios b\u00e1sicos de la empresa consist\u00edan en ofrecer a los clientes un servicio de gran experiencia y calidad, adaptado a las necesidades y expectativas de nuestros clientes.<\/p>\n<p>Servicios mundiales de carga a\u00e9rea - Exportaci\u00f3n e importaci\u00f3n<br \/>\nServicios mar\u00edtimos LCL\/FCL en todo el mundo - Exportaci\u00f3n e importaci\u00f3n<br \/>\nServicios terrestres TIR a Europa<br \/>\nCorreo urgente puerta a puerta<br \/>\nEntregas nacionales de paquetes y pal\u00e9s en el Reino Unido<br \/>\nCarga de proyecto\/ Fletamento\/ Carga de ayuda de emergencia\/ AOG\/ Productos perecederos\/ Fuera de g\u00e1libo\/ Mercanc\u00edas peligrosas<br \/>\nTraslado<br \/>\nDespacho de aduanas interno<br \/>\nEmbalaje especializado (in situ si es necesario)<\/p>\n<p><strong>Servicios adicionales:<\/strong><\/p>\n<p>Empresa de importaci\u00f3n y exportaci\u00f3n<\/p>\n<p><strong>Direcci\u00f3n:<\/strong> Unidad 9, Parque Empresarial, Ten Acre Ln, Egham TW20 8EY<\/p>\n<p><a href=\"https:\/\/cid.uk.com\/\" target=\"_new\" rel=\"noopener\">Sitio web de Connoisseur International Distribution Ltd<\/a><\/p>\n<p><strong>Puntuaci\u00f3n de la revisi\u00f3n: <\/strong>4.3<br \/> <strong>N\u00famero de rese\u00f1as:<\/strong> 17<br \/><a href=\"https:\/\/www.google.co.uk\/maps?cid=7427439335860303979&#038;hl=en&#038;gl=GB\" target=\"_new\" rel=\"noopener\">Leer comentarios<\/a><\/p>\n<h2><span class=\"ez-toc-section\" id=\"XPand_Logistics_Ltd_F_FA_Division_London\"><\/span>XPand Logistics Ltd F&amp;FA Division Londres<span class=\"ez-toc-section-end\"><\/span><\/h2>\n<p><img decoding=\"async\" src=\"https:\/\/moverdb.com\/wp-content\/uploads\/AF1QipOLNmMwyY-6gL2NQCjvXfdc7gl9sewrnLTpDVSmw658-h240-k-no.jpg\" alt='XPand Logistics Ltd F&amp;FA Division Londres' class=\"aligncenter\"><\/p>\n<p><strong>Descripci\u00f3n de la empresa: <\/strong>Fundada en 2000, XPand Logistics Ltd es considerada hoy en d\u00eda como una de las pocas empresas transitarias del Reino Unido especializadas en ofrecer un verdadero servicio a sus clientes.<\/p>\n<p>Con m\u00e1s de 20 a\u00f1os de experiencia con los principales transitarios y compa\u00f1\u00edas a\u00e9reas, ofrecemos servicios log\u00edsticos profesionales a empresas de todo el Reino Unido y el resto del mundo.<\/p>\n<p> Los servicios incluyen: Transporte a\u00e9reo, transporte mar\u00edtimo, transporte por carretera, log\u00edstica de contratos, despacho de aduanas, servicios consulares y almacenamiento en almac\u00e9n.<\/p>\n<p>Con oficinas en Londres, Basildon, West Horndon, Manchester &amp; <a href=\"\" data-internallinksmanager029f6b8e52c=\"46\" title=\"Glasgow\">Glasgow<\/a> ofrecemos soluciones integrales para todas sus necesidades de transporte.<\/p>\n<p><strong>Servicios adicionales:<\/strong><\/p>\n<p>Servicio log\u00edstico<\/p>\n<p>Servicio de env\u00edo<\/p>\n<p>Almac\u00e9n<\/p>\n<p><strong>Direcci\u00f3n:<\/strong> Unidad 10, Parque Empresarial, Ten Acre Ln, Egham TW20 8EY<\/p>\n<p><a href=\"https:\/\/www.xpandlogistics.co.uk\/\" target=\"_new\" rel=\"noopener\">Sitio web de XPand Logistics Ltd F&amp;FA Division London<\/a><\/p>\n<p><strong>Puntuaci\u00f3n de la revisi\u00f3n: <\/strong>3<br \/> <strong>N\u00famero de rese\u00f1as:<\/strong> 2<br \/><a href=\"https:\/\/www.google.co.uk\/maps?cid=5572790693109703307&#038;hl=en&#038;gl=GB\" target=\"_new\" rel=\"noopener\">Leer comentarios<\/a><\/p>\n<h2><span class=\"ez-toc-section\" id=\"How_we_picked_the_best_Egham_Freight_Forwarding_Companies\"><\/span>C\u00f3mo hemos elegido las mejores empresas transitarias de Egham<span class=\"ez-toc-section-end\"><\/span><\/h2>\n<p>Empezamos con un conjunto de datos de 17 empresas transitarias de Egham que pudimos encontrar a trav\u00e9s de Google Maps y lo redujimos a las 11 mejores.<\/p>\n<p>Para ello eliminamos cualquier empresa que:<\/p>\n<ul>\n<li> No ten\u00eda p\u00e1gina web<\/li>\n<li> No ten\u00eda cr\u00edticas<\/li>\n<li> Tiene una puntuaci\u00f3n media inferior a 2,0<\/li>\n<\/ul>\n<p>En ese momento, si ten\u00edamos 17 o menos transportistas, los enumer\u00e1bamos todos.<\/p>\n<p>En las ciudades en las que nos quedamos con m\u00e1s de 17 expedidores, realizamos nuevas revisiones, bien aumentando la puntuaci\u00f3n de la revisi\u00f3n requerida (por ejemplo, pasando de un m\u00ednimo de 2,0 a 4,0) y\/o aumentando el n\u00famero m\u00ednimo de revisiones requeridas (por ejemplo, pasando de al menos 1 revisi\u00f3n a al menos 10).<\/p>\n<p>Tenga en cuenta que s\u00f3lo utilizamos datos de revisi\u00f3n de Google Maps y no de otros sitios web de terceros.<\/p>\n<p>M\u00e1s ciudades:<\/p>\n<p><a href=\"https:\/\/moverdb.com\/es\/transitario\/freight-forwarding-uk\/leeds-freight-forwarder\/\">Leeds Freight Forwarder<\/a><br \/><a href=\"https:\/\/moverdb.com\/es\/transitario\/freight-forwarding-uk\/belfast-freight-forwarder\/\">Transitario en Belfast<\/a><br \/><a href=\"https:\/\/moverdb.com\/es\/transitario\/freight-forwarding-uk\/hayes-freight-forwarder\/\">Transitario Hayes<\/a><br \/><a href=\"https:\/\/moverdb.com\/es\/transitario\/freight-forwarding-uk\/bradford-freight-forwarder\/\">Bradford Freight Forwarder<\/a><br \/><a href=\"https:\/\/moverdb.com\/es\/transitario\/freight-forwarding-uk\/derby-freight-forwarder\/\">Derby Freight Forwarder<\/a><\/p>","protected":false},"excerpt":{"rendered":"<p>Below we look at the 11 &#8220;best&#8221; Freight Forwarding companies in Egham out of 17. To learn more about how we chose the best please consult our FAQ section at the end. Please not the following listings are in no particular order and we are not making any recommendations for any particular company. MIQ Logistics [&hellip;]<\/p>\n","protected":false},"author":1,"featured_media":0,"parent":13427,"menu_order":0,"comment_status":"open","ping_status":"open","template":"","meta":{"_genesis_hide_title":false,"_genesis_hide_breadcrumbs":false,"_genesis_hide_singular_image":false,"_genesis_hide_footer_widgets":false,"_genesis_custom_body_class":"","_genesis_custom_post_class":"","_genesis_layout":"","footnotes":""},"class_list":{"0":"post-13679","1":"page","2":"type-page","3":"status-publish","5":"entry"},"_links":{"self":[{"href":"https:\/\/moverdb.com\/es\/wp-json\/wp\/v2\/pages\/13679","targetHints":{"allow":["GET"]}}],"collection":[{"href":"https:\/\/moverdb.com\/es\/wp-json\/wp\/v2\/pages"}],"about":[{"href":"https:\/\/moverdb.com\/es\/wp-json\/wp\/v2\/types\/page"}],"author":[{"embeddable":true,"href":"https:\/\/moverdb.com\/es\/wp-json\/wp\/v2\/users\/1"}],"replies":[{"embeddable":true,"href":"https:\/\/moverdb.com\/es\/wp-json\/wp\/v2\/comments?post=13679"}],"version-history":[{"count":1,"href":"https:\/\/moverdb.com\/es\/wp-json\/wp\/v2\/pages\/13679\/revisions"}],"predecessor-version":[{"id":15682,"href":"https:\/\/moverdb.com\/es\/wp-json\/wp\/v2\/pages\/13679\/revisions\/15682"}],"up":[{"embeddable":true,"href":"https:\/\/moverdb.com\/es\/wp-json\/wp\/v2\/pages\/13427"}],"wp:attachment":[{"href":"https:\/\/moverdb.com\/es\/wp-json\/wp\/v2\/media?parent=13679"}],"curies":[{"name":"wp","href":"https:\/\/api.w.org\/{rel}","templated":true}]}}