{"id":11671,"date":"2023-11-29T10:19:29","date_gmt":"2023-11-29T10:19:29","guid":{"rendered":"https:\/\/moverdb.com\/?page_id=11671"},"modified":"2026-01-08T15:23:52","modified_gmt":"2026-01-08T15:23:52","slug":"moving-companies-us-utah","status":"publish","type":"page","link":"https:\/\/moverdb.com\/es\/moving-companies\/moving-companies-us-utah\/","title":{"rendered":"2 Mejores Empresas de Mudanzas Internacionales en Utah"},"content":{"rendered":"<p>Una mudanza puede ser uno de los momentos m\u00e1s estresantes de la vida, as\u00ed que \u00bfpor qu\u00e9 no contar con la ayuda de un especialista en mudanzas? <a href=\"https:\/\/moverdb.com\/es\/moving-companies\/\" data-internallinksmanager029f6b8e52c=\"79\" title=\"Las 25 mejores empresas de mudanzas internacionales en l\u00ednea\">empresa de mudanzas<\/a> \u00bfpara reducir la presi\u00f3n? Una empresa de mudanzas puede planificar su traslado, organizar el transporte y embalar sus pertenencias, as\u00ed como ocuparse de las aduanas si se traslada de pa\u00eds. A continuaci\u00f3n hemos recopilado una lista de <a href=\"https:\/\/moverdb.com\/es\/moving-to-the-united-states\/moving-to-utah\/\" data-internallinksmanager029f6b8e52c=\"439\" title=\"\u00bfSe muda a Utah? 2026 Coste de la vida y consejos de reubicaci\u00f3n\">Utah<\/a> basado en <a href=\"https:\/\/moverdb.com\/es\/international-removals\/\" data-internallinksmanager029f6b8e52c=\"27\" title=\"36 mejores empresas de mudanzas internacionales del Reino Unido\">empresas de mudanzas<\/a> que son miembros de la <a href=\"https:\/\/moverdb.com\/es\/iam\/\" data-internallinksmanager029f6b8e52c=\"23\" title=\"Explicaci\u00f3n de la Asociaci\u00f3n Internacional de Empresas de Mudanzas (IAM)\">Asociaci\u00f3n Internacional de Empresas de Mudanzas<\/a> (IAM) y\/o <a href=\"https:\/\/moverdb.com\/es\/fidi-faim\/\" data-internallinksmanager029f6b8e52c=\"16\" title=\"Explicaci\u00f3n del FIDI y del FAIM (FIDI Accredited International Mover)\">FIDI<\/a> Empresa de mudanzas internacionales acreditada (FAIM) que podr\u00eda ayudarle con su mudanza.<\/p>\n<h2><strong>1. Legado Mudanzas<\/strong><\/h2>\n<p><img loading=\"lazy\" decoding=\"async\" class=\"alignnone size-full wp-image-11363\" src=\"https:\/\/moverdb.com\/wp-content\/uploads\/Legacy-Moving-international-moving-company.png\" alt=\"Legacy Moving empresa de mudanzas internacionales\" width=\"1440\" height=\"675\" data-wp-pid=\"11363\" srcset=\"https:\/\/moverdb.com\/wp-content\/uploads\/Legacy-Moving-international-moving-company.png 1440w, https:\/\/moverdb.com\/wp-content\/uploads\/Legacy-Moving-international-moving-company-300x141.png 300w, https:\/\/moverdb.com\/wp-content\/uploads\/Legacy-Moving-international-moving-company-1024x480.png 1024w, https:\/\/moverdb.com\/wp-content\/uploads\/Legacy-Moving-international-moving-company-18x8.png 18w, https:\/\/moverdb.com\/wp-content\/uploads\/Legacy-Moving-international-moving-company-600x281.png 600w\" sizes=\"auto, (max-width: 1440px) 100vw, 1440px\" \/><\/p>\n<ul>\n<li>Movimientos nacionales<\/li>\n<li>Traslados internacionales<\/li>\n<li>Mudanzas residenciales<\/li>\n<li>Mudanzas comerciales y de oficinas<\/li>\n<li>Servicios integrales de mudanzas<\/li>\n<li>Servicio de embalaje<\/li>\n<li>Organizaci\u00f3n del transporte<\/li>\n<li>Consultores experimentados<\/li>\n<li>Asegurado<\/li>\n<li>Almacenamiento seguro<\/li>\n<\/ul>\n<p>Legacy Moving es una empresa de mudanzas y almacenamiento con sede en St George. Son miembros de IAM con seis a\u00f1os de experiencia, lo que les proporciona una red nacional e internacional de empresas de mudanzas con las que trabajar.<\/p>\n<p>Legacy Moving ofrece mudanzas residenciales, comerciales y de oficina de larga distancia e internacionales. Ofrecen un servicio de embalaje que utiliza material de embalaje profesional y personal cualificado para garantizar que sus pertenencias se embalan de forma segura. Cuentan con asesores experimentados que le ayudar\u00e1n en su mudanza y sus servicios est\u00e1n autorizados y asegurados. Tambi\u00e9n proporcionan instalaciones de almacenamiento seguro si las necesita cuando se mude o antes de mudarse.<\/p>\n<p>P\u00e1gina web: <a href=\"https:\/\/legacymovingstgeorge.com\/\" target=\"_blank\" rel=\"noopener\">https:\/\/legacymovingstgeorge.com\/<\/a><\/p>\n<h2><strong>2. Mesa Moving &amp; Storage<\/strong><\/h2>\n<p><img loading=\"lazy\" decoding=\"async\" class=\"alignnone size-full wp-image-11375\" src=\"https:\/\/moverdb.com\/wp-content\/uploads\/Mesa-Moving-Storage-international-moving-company.png\" alt=\"Mesa Moving &amp; Storage empresa de mudanzas internacionales\" width=\"1440\" height=\"678\" data-wp-pid=\"11375\" srcset=\"https:\/\/moverdb.com\/wp-content\/uploads\/Mesa-Moving-Storage-international-moving-company.png 1440w, https:\/\/moverdb.com\/wp-content\/uploads\/Mesa-Moving-Storage-international-moving-company-300x141.png 300w, https:\/\/moverdb.com\/wp-content\/uploads\/Mesa-Moving-Storage-international-moving-company-1024x482.png 1024w, https:\/\/moverdb.com\/wp-content\/uploads\/Mesa-Moving-Storage-international-moving-company-18x8.png 18w, https:\/\/moverdb.com\/wp-content\/uploads\/Mesa-Moving-Storage-international-moving-company-600x283.png 600w\" sizes=\"auto, (max-width: 1440px) 100vw, 1440px\" \/><\/p>\n<ul>\n<li>Traslados locales<\/li>\n<li>Mudanzas de larga distancia<\/li>\n<li>Mudanzas dom\u00e9sticas<\/li>\n<li>Traslados de oficinas y locales comerciales<\/li>\n<li>Servicio de embalaje<\/li>\n<li>Medios de transporte<\/li>\n<li>Arte y manipulaci\u00f3n de antig\u00fcedades<\/li>\n<li><a href=\"https:\/\/moverdb.com\/es\/car-transport-shipping\/\" data-internallinksmanager029f6b8e52c=\"2\" title=\"2026 Cotizaciones de transporte internacional de coches y env\u00edo de veh\u00edculos\">Env\u00edo de veh\u00edculos<\/a><\/li>\n<li>Instalaciones de almacenamiento<\/li>\n<\/ul>\n<p>Mesa Moving &amp; Storage es una empresa de mudanzas fundada en 1981 con oficinas en Salt Lake City, <a href=\"https:\/\/moverdb.com\/es\/moving-to-the-united-states\/moving-to-colorado\/\" data-internallinksmanager029f6b8e52c=\"399\" title=\"\u00bfSe muda a Colorado? 2026 Coste de vida y consejos de reubicaci\u00f3n\">Colorado<\/a> <a href=\"https:\/\/moverdb.com\/es\/moving-to-the-united-states\/moving-to-idaho\/\" data-internallinksmanager029f6b8e52c=\"405\" title=\"\u00bfSe muda a Idaho? 2026 Coste de la vida y consejos de reubicaci\u00f3n\">Idaho<\/a> y <a href=\"https:\/\/moverdb.com\/es\/moving-to-the-united-states\/moving-to-montana\/\" data-internallinksmanager029f6b8e52c=\"461\" title=\"\u00bfSe muda a Montana? 2026 Coste de vida y consejos de reubicaci\u00f3n\">Montana<\/a>. Son agentes de United Van Lines, lo que les proporciona una red de empresas de mudanzas nacionales con las que trabajar. Son miembros de IAM con 12 a\u00f1os de experiencia y est\u00e1n acreditados por FIDI.<\/p>\n<p>Mesa Moving &amp; Storage ofrece servicios de mudanzas para hogares y oficinas a nivel local y nacional. Proporcionan un servicio de embalaje profesional con mozos de mudanzas cualificados y formados que se asegurar\u00e1n de que sus art\u00edculos est\u00e9n embalados de forma adecuada y segura para el tr\u00e1nsito, independientemente de su forma y tama\u00f1o.<\/p>\n<p>P\u00e1gina web: <a href=\"https:\/\/mesamoving.com\/\" target=\"_blank\" rel=\"noopener\">https:\/\/mesamoving.com\/<\/a><\/p>","protected":false},"excerpt":{"rendered":"<p>Moving can be one of the most stressful times in your life, so why not enlist the support of a moving company to reduce the pressure? A moving company can plan your move, arrange transportation and pack your belongings as well as handle customs if moving countries. Below we have compiled a list of Utah [&hellip;]<\/p>\n","protected":false},"author":4,"featured_media":11363,"parent":190,"menu_order":0,"comment_status":"closed","ping_status":"closed","template":"","meta":{"_genesis_hide_title":false,"_genesis_hide_breadcrumbs":false,"_genesis_hide_singular_image":false,"_genesis_hide_footer_widgets":false,"_genesis_custom_body_class":"","_genesis_custom_post_class":"","_genesis_layout":"","footnotes":""},"class_list":{"0":"post-11671","1":"page","2":"type-page","3":"status-publish","4":"has-post-thumbnail","6":"entry"},"_links":{"self":[{"href":"https:\/\/moverdb.com\/es\/wp-json\/wp\/v2\/pages\/11671","targetHints":{"allow":["GET"]}}],"collection":[{"href":"https:\/\/moverdb.com\/es\/wp-json\/wp\/v2\/pages"}],"about":[{"href":"https:\/\/moverdb.com\/es\/wp-json\/wp\/v2\/types\/page"}],"author":[{"embeddable":true,"href":"https:\/\/moverdb.com\/es\/wp-json\/wp\/v2\/users\/4"}],"replies":[{"embeddable":true,"href":"https:\/\/moverdb.com\/es\/wp-json\/wp\/v2\/comments?post=11671"}],"version-history":[{"count":1,"href":"https:\/\/moverdb.com\/es\/wp-json\/wp\/v2\/pages\/11671\/revisions"}],"predecessor-version":[{"id":11672,"href":"https:\/\/moverdb.com\/es\/wp-json\/wp\/v2\/pages\/11671\/revisions\/11672"}],"up":[{"embeddable":true,"href":"https:\/\/moverdb.com\/es\/wp-json\/wp\/v2\/pages\/190"}],"wp:featuredmedia":[{"embeddable":true,"href":"https:\/\/moverdb.com\/es\/wp-json\/wp\/v2\/media\/11363"}],"wp:attachment":[{"href":"https:\/\/moverdb.com\/es\/wp-json\/wp\/v2\/media?parent=11671"}],"curies":[{"name":"wp","href":"https:\/\/api.w.org\/{rel}","templated":true}]}}