{"id":11668,"date":"2023-11-29T10:49:05","date_gmt":"2023-11-29T10:49:05","guid":{"rendered":"https:\/\/moverdb.com\/?page_id=11668"},"modified":"2026-01-08T15:29:30","modified_gmt":"2026-01-08T15:29:30","slug":"moving-companies-us-texas","status":"publish","type":"page","link":"https:\/\/moverdb.com\/es\/moving-companies\/moving-companies-us-texas\/","title":{"rendered":"7 Mejores Empresas de Mudanzas Internacionales en Texas"},"content":{"rendered":"<p>Planificar una mudanza puede ser un momento estresante, as\u00ed que \u00bfpor qu\u00e9 no recurrir a la ayuda de un <a href=\"https:\/\/moverdb.com\/es\/moving-companies\/\" data-internallinksmanager029f6b8e52c=\"79\" title=\"Las 25 mejores empresas de mudanzas internacionales en l\u00ednea\">empresa de mudanzas<\/a> para iluminar su carga? Pueden ayudarle con la planificaci\u00f3n, embalar sus pertenencias y organizar el transporte, as\u00ed como ocuparse de las aduanas si se traslada al extranjero. A continuaci\u00f3n hemos recopilado una lista de <a href=\"https:\/\/moverdb.com\/es\/moving-to-the-united-states\/moving-to-texas\/\" data-internallinksmanager029f6b8e52c=\"397\" title=\"\u00bfMudarse a Texas? 2026 Coste de la vida y consejos para la reubicaci\u00f3n\">Texas<\/a> basado en <a href=\"https:\/\/moverdb.com\/es\/international-removals\/\" data-internallinksmanager029f6b8e52c=\"27\" title=\"36 mejores empresas de mudanzas internacionales del Reino Unido\">empresas de mudanzas<\/a> que son miembros de la <a href=\"https:\/\/moverdb.com\/es\/iam\/\" data-internallinksmanager029f6b8e52c=\"23\" title=\"Explicaci\u00f3n de la Asociaci\u00f3n Internacional de Empresas de Mudanzas (IAM)\">Asociaci\u00f3n Internacional de Empresas de Mudanzas<\/a> (IAM) y\/o <a href=\"https:\/\/moverdb.com\/es\/fidi-faim\/\" data-internallinksmanager029f6b8e52c=\"16\" title=\"Explicaci\u00f3n del FIDI y del FAIM (FIDI Accredited International Mover)\">FIDI<\/a> Empresa de mudanzas internacionales acreditada (FAIM) que podr\u00eda ayudarle con su mudanza.<\/p>\n<div id=\"ez-toc-container\" class=\"ez-toc-v2_0_82_2 ez-toc-wrap-left counter-hierarchy ez-toc-counter ez-toc-transparent ez-toc-container-direction\">\n<div class=\"ez-toc-title-container\">\n<p class=\"ez-toc-title\" style=\"cursor:inherit\">Secciones<\/p>\n<span class=\"ez-toc-title-toggle\"><a href=\"#\" class=\"ez-toc-pull-right ez-toc-btn ez-toc-btn-xs ez-toc-btn-default ez-toc-toggle\" aria-label=\"Alternar tabla de contenidos\"><span class=\"ez-toc-js-icon-con\"><span class=\"\"><span class=\"eztoc-hide\" style=\"display:none;\">Toggle<\/span><span class=\"ez-toc-icon-toggle-span\"><svg style=\"fill: #999;color:#999\" xmlns=\"http:\/\/www.w3.org\/2000\/svg\" class=\"list-377408\" width=\"20px\" height=\"20px\" viewbox=\"0 0 24 24\" fill=\"none\"><path d=\"M6 6H4v2h2V6zm14 0H8v2h12V6zM4 11h2v2H4v-2zm16 0H8v2h12v-2zM4 16h2v2H4v-2zm16 0H8v2h12v-2z\" fill=\"currentColor\"><\/path><\/svg><svg style=\"fill: #999;color:#999\" class=\"arrow-unsorted-368013\" xmlns=\"http:\/\/www.w3.org\/2000\/svg\" width=\"10px\" height=\"10px\" viewbox=\"0 0 24 24\" version=\"1.2\" baseprofile=\"tiny\"><path d=\"M18.2 9.3l-6.2-6.3-6.2 6.3c-.2.2-.3.4-.3.7s.1.5.3.7c.2.2.4.3.7.3h11c.3 0 .5-.1.7-.3.2-.2.3-.5.3-.7s-.1-.5-.3-.7zM5.8 14.7l6.2 6.3 6.2-6.3c.2-.2.3-.5.3-.7s-.1-.5-.3-.7c-.2-.2-.4-.3-.7-.3h-11c-.3 0-.5.1-.7.3-.2.2-.3.5-.3.7s.1.5.3.7z\"\/><\/svg><\/span><\/span><\/span><\/a><\/span><\/div>\n<nav><ul class='ez-toc-list ez-toc-list-level-1 eztoc-toggle-hide-by-default' ><li class='ez-toc-page-1 ez-toc-heading-level-2'><a class=\"ez-toc-link ez-toc-heading-1\" href=\"https:\/\/moverdb.com\/es\/moving-companies\/moving-companies-us-texas\/#1_A-1_Freeman_Moving_Group\" >1. A-1 Freeman Moving Group<\/a><\/li><li class='ez-toc-page-1 ez-toc-heading-level-2'><a class=\"ez-toc-link ez-toc-heading-2\" href=\"https:\/\/moverdb.com\/es\/moving-companies\/moving-companies-us-texas\/#2_Central_Transportation_Systems\" >2. Sistemas centrales de transporte<\/a><\/li><li class='ez-toc-page-1 ez-toc-heading-level-2'><a class=\"ez-toc-link ez-toc-heading-3\" href=\"https:\/\/moverdb.com\/es\/moving-companies\/moving-companies-us-texas\/#3_Daryl_Flood_Moving_Storage\" >3. Daryl Flood Moving &amp; Storage<\/a><\/li><li class='ez-toc-page-1 ez-toc-heading-level-2'><a class=\"ez-toc-link ez-toc-heading-4\" href=\"https:\/\/moverdb.com\/es\/moving-companies\/moving-companies-us-texas\/#4_Firefighters_Finest_Moving_Storage\" >4. Firefighter's Finest Moving &amp; Storage<\/a><\/li><li class='ez-toc-page-1 ez-toc-heading-level-2'><a class=\"ez-toc-link ez-toc-heading-5\" href=\"https:\/\/moverdb.com\/es\/moving-companies\/moving-companies-us-texas\/#5_Scobey_Moving_Storage\" >5. Scobey Moving &amp; Storage<\/a><\/li><li class='ez-toc-page-1 ez-toc-heading-level-2'><a class=\"ez-toc-link ez-toc-heading-6\" href=\"https:\/\/moverdb.com\/es\/moving-companies\/moving-companies-us-texas\/#6_Trans_Global_Auto_Logistics\" >6. Trans Global Auto Logistics<\/a><\/li><li class='ez-toc-page-1 ez-toc-heading-level-2'><a class=\"ez-toc-link ez-toc-heading-7\" href=\"https:\/\/moverdb.com\/es\/moving-companies\/moving-companies-us-texas\/#7_Transportation_Worldwide\" >7. Transporte en todo el mundo<\/a><\/li><\/ul><\/nav><\/div>\n<h2><span class=\"ez-toc-section\" id=\"1_A-1_Freeman_Moving_Group\"><\/span><strong>1. A-1 Freeman Moving Group<\/strong><span class=\"ez-toc-section-end\"><\/span><\/h2>\n<p><img loading=\"lazy\" decoding=\"async\" class=\"alignnone size-full wp-image-11236\" src=\"https:\/\/moverdb.com\/wp-content\/uploads\/A1-Freeman-Moving-Group-international-moving-company.png\" alt=\"A1 Freeman Moving Group empresa de mudanzas internacionales\" width=\"1440\" height=\"675\" data-wp-pid=\"11236\" srcset=\"https:\/\/moverdb.com\/wp-content\/uploads\/A1-Freeman-Moving-Group-international-moving-company.png 1440w, https:\/\/moverdb.com\/wp-content\/uploads\/A1-Freeman-Moving-Group-international-moving-company-300x141.png 300w, https:\/\/moverdb.com\/wp-content\/uploads\/A1-Freeman-Moving-Group-international-moving-company-1024x480.png 1024w, https:\/\/moverdb.com\/wp-content\/uploads\/A1-Freeman-Moving-Group-international-moving-company-18x8.png 18w, https:\/\/moverdb.com\/wp-content\/uploads\/A1-Freeman-Moving-Group-international-moving-company-600x281.png 600w\" sizes=\"auto, (max-width: 1440px) 100vw, 1440px\" \/><\/p>\n<ul>\n<li>Mudanzas locales y de larga distancia<\/li>\n<li>Traslados internacionales<\/li>\n<li>Mudanzas residenciales<\/li>\n<li>Mudanzas comerciales<\/li>\n<li>Desplazamientos de empresas<\/li>\n<li>Asistencia previa a la mudanza<\/li>\n<li>Opciones de embalaje<\/li>\n<li>Despacho de aduanas<\/li>\n<li>Transporte de veh\u00edculos<\/li>\n<li>Instalaciones de almacenamiento<\/li>\n<\/ul>\n<p>A-1 Freeman Moving Group es una empresa de mudanzas, traslados y transportes fundada en 1974 con 12 sedes en todo el pa\u00eds. <a href=\"https:\/\/moverdb.com\/es\/moving-to-the-united-states\/\" data-internallinksmanager029f6b8e52c=\"94\" title=\"\u00bfSe muda a Estados Unidos? 2026 Costes de vida y consejos de reubicaci\u00f3n\">EE.UU.<\/a> incluyendo seis en Texas en <a href=\"https:\/\/moverdb.com\/es\/moving-to-dallas\/\" data-internallinksmanager029f6b8e52c=\"41\" title=\"\u00bfSe muda a Dallas? 2026 Costes de vida y consejos de reubicaci\u00f3n\">Dallas<\/a>El Paso, <a href=\"https:\/\/moverdb.com\/es\/moving-to-houston\/\" data-internallinksmanager029f6b8e52c=\"47\" title=\"\u00bfSe muda a Houston? 2026 Costes de vida y consejos de reubicaci\u00f3n\">Houston<\/a>San Antonio, Wichita Falls y Nolanville. Son un agente de North American Van Lines que les proporciona una red de agentes de mudanzas para trabajar. Son miembros de IAM con 33 a\u00f1os de experiencia.<\/p>\n<p>A-1 Freeman Moving Group le ofrece un presupuesto gratuito y le ayudar\u00e1 en la planificaci\u00f3n previa. Cuentan con un equipo totalmente formado y cualificado que ofrece servicios de embalaje profesionales y personalizados, con opciones de servicio completo de embalaje, embalaje solo para objetos fr\u00e1giles y autoembalaje.<\/p>\n<p>P\u00e1gina web: <a href=\"https:\/\/www.a-1freeman.com\/\" target=\"_blank\" rel=\"noopener\">https:\/\/www.a-1freeman.com\/<\/a><\/p>\n<h2><span class=\"ez-toc-section\" id=\"2_Central_Transportation_Systems\"><\/span><strong>2. Sistemas centrales de transporte<\/strong><span class=\"ez-toc-section-end\"><\/span><\/h2>\n<p><img loading=\"lazy\" decoding=\"async\" class=\"alignnone size-full wp-image-11283\" src=\"https:\/\/moverdb.com\/wp-content\/uploads\/Central-Transportation-Systems-international-moving-company.png\" alt=\"Central Transportation Systems empresa internacional de mudanzas\" width=\"1440\" height=\"676\" data-wp-pid=\"11283\" srcset=\"https:\/\/moverdb.com\/wp-content\/uploads\/Central-Transportation-Systems-international-moving-company.png 1440w, https:\/\/moverdb.com\/wp-content\/uploads\/Central-Transportation-Systems-international-moving-company-300x141.png 300w, https:\/\/moverdb.com\/wp-content\/uploads\/Central-Transportation-Systems-international-moving-company-1024x481.png 1024w, https:\/\/moverdb.com\/wp-content\/uploads\/Central-Transportation-Systems-international-moving-company-18x8.png 18w, https:\/\/moverdb.com\/wp-content\/uploads\/Central-Transportation-Systems-international-moving-company-600x282.png 600w\" sizes=\"auto, (max-width: 1440px) 100vw, 1440px\" \/><\/p>\n<ul>\n<li>Mudanzas locales y de larga distancia<\/li>\n<li>Traslados internacionales<\/li>\n<li>Mudanzas residenciales<\/li>\n<li>Mudanzas comerciales<\/li>\n<li>Servicio puerta a puerta<\/li>\n<li>Coordinadores de mudanzas dedicados<\/li>\n<li>Servicio de embalaje<\/li>\n<li>Despacho de aduanas<\/li>\n<li>Seguro a todo riesgo<\/li>\n<li>Almacenamiento a corto y largo plazo<\/li>\n<\/ul>\n<p>Central Transportation Systems es una empresa de mudanzas y almacenamiento con sedes en El Paso, Austin, Killeen y Waco. Son un agente de United Van Lines, y tienen una red profesional de asociaciones que proporcionan log\u00edstica de terceros y les ayudan en la prestaci\u00f3n de sus servicios. Son miembros de IAM con 96 a\u00f1os de experiencia.<\/p>\n<p>Central Transportation Systems ofrece servicios de mudanza puerta a puerta con un coordinador de mudanzas cualificado que elaborar\u00e1 un plan de mudanza personalizado que se ajuste a sus necesidades y presupuesto. Ofrecen un servicio completo de mudanzas con un equipo de expertos que embalar\u00e1n y empaquetar\u00e1n sus pertenencias y se encargar\u00e1n del despacho de aduanas.<\/p>\n<p>P\u00e1gina web: <a href=\"http:\/\/www.centralsystems.com\" target=\"_blank\" rel=\"noopener\">http:\/\/www.centralsystems.com<\/a><\/p>\n<h2><span class=\"ez-toc-section\" id=\"3_Daryl_Flood_Moving_Storage\"><\/span><strong>3. Daryl Flood Moving &amp; Storage<\/strong><span class=\"ez-toc-section-end\"><\/span><\/h2>\n<p><img loading=\"lazy\" decoding=\"async\" class=\"alignnone size-full wp-image-11303\" src=\"https:\/\/moverdb.com\/wp-content\/uploads\/Daryl-Flood-Moving-Storage-international-moving-company.png\" alt=\"Daryl Flood Moving &amp; Storage empresa de mudanzas internacionales\" width=\"1440\" height=\"675\" data-wp-pid=\"11303\" srcset=\"https:\/\/moverdb.com\/wp-content\/uploads\/Daryl-Flood-Moving-Storage-international-moving-company.png 1440w, https:\/\/moverdb.com\/wp-content\/uploads\/Daryl-Flood-Moving-Storage-international-moving-company-300x141.png 300w, https:\/\/moverdb.com\/wp-content\/uploads\/Daryl-Flood-Moving-Storage-international-moving-company-1024x480.png 1024w, https:\/\/moverdb.com\/wp-content\/uploads\/Daryl-Flood-Moving-Storage-international-moving-company-18x8.png 18w, https:\/\/moverdb.com\/wp-content\/uploads\/Daryl-Flood-Moving-Storage-international-moving-company-600x281.png 600w\" sizes=\"auto, (max-width: 1440px) 100vw, 1440px\" \/><\/p>\n<ul>\n<li>Mudanzas locales y de larga distancia<\/li>\n<li>Traslados internacionales<\/li>\n<li>Mudanzas residenciales<\/li>\n<li>Traslado de oficinas<\/li>\n<li>Coordinador especializado en mudanzas internacionales<\/li>\n<li>Servicio puerta a puerta<\/li>\n<li>Servicio de embalaje<\/li>\n<li>Apoyo aduanero<\/li>\n<li>Servicios de instalaci\u00f3n<\/li>\n<li>Servicios de almacenamiento seguro<\/li>\n<\/ul>\n<p>Daryl Flood Moving &amp; Storage es una empresa de mudanzas fundada en 1982 con sedes en Austin y Dallas, <a href=\"https:\/\/moverdb.com\/es\/moving-to-fort-worth\/\" data-internallinksmanager029f6b8e52c=\"45\" title=\"\u00bfSe muda a Fort Worth? 2026 Costes de vida y consejos de reubicaci\u00f3n\">Fort Worth<\/a>Houston y San Antonio. Son agentes de Mayflower Van Lines, lo que les proporciona una red m\u00e1s amplia de empresas de mudanzas con las que trabajar en todo Estados Unidos para prestar sus servicios. Est\u00e1n acreditados por la FIDI.<\/p>\n<p>Daryl Flood Moving &amp; Storage ofrece servicios de mudanzas puerta a puerta personalizados con opciones de embalaje de servicio completo o de bricolaje. Proporcionan equipos de mudanza profesionales, cualificados y formados, que pueden embalar total o parcialmente sus pertenencias utilizando materiales de embalaje de alta calidad. Ofrecen servicios de instalaci\u00f3n que incluyen b\u00fasqueda de vivienda y escuela, orientaci\u00f3n y alojamiento temporal.<\/p>\n<p>P\u00e1gina web: <a href=\"http:\/\/www.darylflood.com\" target=\"_blank\" rel=\"noopener\">http:\/\/www.darylflood.com<\/a><\/p>\n<h2><span class=\"ez-toc-section\" id=\"4_Firefighters_Finest_Moving_Storage\"><\/span><strong>4. Firefighter's Finest Moving &amp; Storage<\/strong><span class=\"ez-toc-section-end\"><\/span><\/h2>\n<p><img loading=\"lazy\" decoding=\"async\" class=\"alignnone size-full wp-image-11320\" src=\"https:\/\/moverdb.com\/wp-content\/uploads\/Firefightings-Finest-Moving-Storage-international-moving-company.png\" alt=\"Firefightings Finest Moving &amp; Storage empresa de mudanzas internacionales\" width=\"1440\" height=\"676\" data-wp-pid=\"11320\" srcset=\"https:\/\/moverdb.com\/wp-content\/uploads\/Firefightings-Finest-Moving-Storage-international-moving-company.png 1440w, https:\/\/moverdb.com\/wp-content\/uploads\/Firefightings-Finest-Moving-Storage-international-moving-company-300x141.png 300w, https:\/\/moverdb.com\/wp-content\/uploads\/Firefightings-Finest-Moving-Storage-international-moving-company-1024x481.png 1024w, https:\/\/moverdb.com\/wp-content\/uploads\/Firefightings-Finest-Moving-Storage-international-moving-company-18x8.png 18w, https:\/\/moverdb.com\/wp-content\/uploads\/Firefightings-Finest-Moving-Storage-international-moving-company-600x282.png 600w\" sizes=\"auto, (max-width: 1440px) 100vw, 1440px\" \/><\/p>\n<ul>\n<li>Traslados locales<\/li>\n<li>Mudanzas de larga distancia<\/li>\n<li>Mudanzas dom\u00e9sticas<\/li>\n<li>Movimientos de negocios<\/li>\n<li>Presupuesto gratuito<\/li>\n<li>Servicio de embalaje<\/li>\n<li>Organizaci\u00f3n del transporte<\/li>\n<li>Bellas artes y manipulaci\u00f3n de antig\u00fcedades<\/li>\n<li>Servicio de desembalaje<\/li>\n<li>Almacenamiento a corto y largo plazo<\/li>\n<\/ul>\n<p>Firefighting's Finest Moving &amp; Storage es una empresa de mudanzas fundada en 2001 por dos bomberos fuera de servicio que se ha expandido para tener ubicaciones en Fort Worth, Dallas, Houston y Austin. Son miembros de IAM con 19 a\u00f1os de experiencia que les proporciona una red de empresas de mudanzas para trabajar.<\/p>\n<p>Firefighting's Finest Moving &amp; Storage ofrece un servicio gratuito de <a href=\"https:\/\/moverdb.com\/es\/quotes\/\" data-internallinksmanager029f6b8e52c=\"26\" title=\"Presupuestos de mudanzas internacionales: 12 preguntas que debe hacer a su empresa de mudanzas\">presupuesto de mudanza<\/a> y le ayudar\u00e1n a planificar su mudanza. Disponen de equipos de mudanzas profesionales de alta calidad que le proporcionar\u00e1n acolchado, film estirable, carros y otros equipos para proteger sus objetos durante el transporte, especialmente los m\u00e1s fr\u00e1giles.<\/p>\n<p>P\u00e1gina web: <a href=\"http:\/\/www.firefightermovers.com\" target=\"_blank\" rel=\"noopener\">http:\/\/www.firefightermovers.com<\/a><\/p>\n<h2><span class=\"ez-toc-section\" id=\"5_Scobey_Moving_Storage\"><\/span><strong>5. Scobey Moving &amp; Storage<\/strong><span class=\"ez-toc-section-end\"><\/span><\/h2>\n<p><img loading=\"lazy\" decoding=\"async\" class=\"alignnone size-full wp-image-11436\" src=\"https:\/\/moverdb.com\/wp-content\/uploads\/Scobey-Moving-Storage-international-moving-company.png\" alt=\"Scobey Moving &amp; Storage empresa de mudanzas internacionales\" width=\"1440\" height=\"675\" data-wp-pid=\"11436\" srcset=\"https:\/\/moverdb.com\/wp-content\/uploads\/Scobey-Moving-Storage-international-moving-company.png 1440w, https:\/\/moverdb.com\/wp-content\/uploads\/Scobey-Moving-Storage-international-moving-company-300x141.png 300w, https:\/\/moverdb.com\/wp-content\/uploads\/Scobey-Moving-Storage-international-moving-company-1024x480.png 1024w, https:\/\/moverdb.com\/wp-content\/uploads\/Scobey-Moving-Storage-international-moving-company-18x8.png 18w, https:\/\/moverdb.com\/wp-content\/uploads\/Scobey-Moving-Storage-international-moving-company-600x281.png 600w\" sizes=\"auto, (max-width: 1440px) 100vw, 1440px\" \/><\/p>\n<ul>\n<li>Mudanzas locales y de larga distancia<\/li>\n<li>Traslados internacionales<\/li>\n<li>Mudanzas dom\u00e9sticas<\/li>\n<li>Mudanzas comerciales<\/li>\n<li>Traslados militares y gubernamentales<\/li>\n<li>Servicios personalizados<\/li>\n<li>Mudanzas integrales<\/li>\n<li>Opciones de embalaje<\/li>\n<li>Seguimiento del env\u00edo<\/li>\n<li>Almacenamiento a corto y largo plazo<\/li>\n<\/ul>\n<p>Scobey Moving &amp; Storage es una empresa de servicios de mudanzas con sedes en Killeen, El Paso y San Antonio. Est\u00e1n afiliados con Mayflower Transit y tienen una red diversa de empresas de mudanzas para apoyarlos en la prestaci\u00f3n de servicios de mudanzas y almacenamiento. Son miembros de IAM con 110 a\u00f1os de experiencia.<\/p>\n<p>Scobey Moving &amp; Storage ofrece un estudio en persona o virtual para evaluar sus necesidades de mudanza y proporcionarle un presupuesto. Ofrecen una selecci\u00f3n de servicios de embalaje u opciones de autoembalaje. Proporcionan un servicio de mudanzas puerta a puerta personalizado con un coordinador de mudanzas para ayudarle. Ofrecen servicios de embalaje con cajas a medida y cobertura total del valor de reposici\u00f3n.<\/p>\n<p>P\u00e1gina web: <a href=\"http:\/\/www.scobeymoving.com\/\" target=\"_blank\" rel=\"noopener\">http:\/\/www.scobeymoving.com\/<\/a><\/p>\n<h2><span class=\"ez-toc-section\" id=\"6_Trans_Global_Auto_Logistics\"><\/span><strong>6. Trans Global Auto Logistics<\/strong><span class=\"ez-toc-section-end\"><\/span><\/h2>\n<p><img loading=\"lazy\" decoding=\"async\" class=\"alignnone size-full wp-image-11459\" src=\"https:\/\/moverdb.com\/wp-content\/uploads\/Trans-Global-Auto-Logistics-international-moving-company.png\" alt=\"Trans Global Auto Logistics empresa de mudanzas internacionales\" width=\"1440\" height=\"655\" data-wp-pid=\"11459\" srcset=\"https:\/\/moverdb.com\/wp-content\/uploads\/Trans-Global-Auto-Logistics-international-moving-company.png 1440w, https:\/\/moverdb.com\/wp-content\/uploads\/Trans-Global-Auto-Logistics-international-moving-company-300x136.png 300w, https:\/\/moverdb.com\/wp-content\/uploads\/Trans-Global-Auto-Logistics-international-moving-company-1024x466.png 1024w, https:\/\/moverdb.com\/wp-content\/uploads\/Trans-Global-Auto-Logistics-international-moving-company-18x8.png 18w, https:\/\/moverdb.com\/wp-content\/uploads\/Trans-Global-Auto-Logistics-international-moving-company-600x273.png 600w\" sizes=\"auto, (max-width: 1440px) 100vw, 1440px\" \/><\/p>\n<ul>\n<li>Movimientos nacionales<\/li>\n<li>Traslados internacionales<\/li>\n<li>Mudanzas dom\u00e9sticas<\/li>\n<li>Mudanzas comerciales<\/li>\n<li>Transporte en coche<\/li>\n<li>Transporte en barco<\/li>\n<li>Transporte de maquinaria pesada<\/li>\n<li>Opci\u00f3n de transporte abierto o cerrado<\/li>\n<li>Transporte terrestre, a\u00e9reo y mar\u00edtimo<\/li>\n<li>Despacho de aduanas<\/li>\n<\/ul>\n<p>Trans Global Auto Logistics es una empresa de log\u00edstica de autom\u00f3viles y mercanc\u00edas pesadas <a href=\"https:\/\/moverdb.com\/es\/shipping-companies\/\" data-internallinksmanager029f6b8e52c=\"4\" title=\"Las 10 mejores empresas de transporte internacional de contenedores\">empresa de transporte<\/a> que sea un transportista com\u00fan no armador autorizado y asegurado (<a href=\"https:\/\/moverdb.com\/es\/freight-forwarder\/\" data-internallinksmanager029f6b8e52c=\"17\" title=\"Gu\u00eda de empresas y costes internacionales de transitarios y NVOCC\">NVOCC<\/a>) que tiene sedes en Arlington, Orlando y Charleston, <a href=\"https:\/\/moverdb.com\/es\/moving-to-the-united-states\/moving-to-new-jersey\/\" data-internallinksmanager029f6b8e52c=\"417\" title=\"\u00bfSe muda a Nueva Jersey? 2026 Costes de vida y consejos para la reubicaci\u00f3n\">Nueva Jersey<\/a> y Savannah. Tambi\u00e9n ofrecen transporte de enseres dom\u00e9sticos solamente. Son miembros de IAM.<\/p>\n<p>Trans Global Auto Logistics ofrece un presupuesto gratuito para el traslado de su carga y sus especialistas en transporte trabajar\u00e1n con usted para entender sus necesidades y proporcionarle un presupuesto preciso. Pueden trasladar una amplia gama de veh\u00edculos, desde coches cl\u00e1sicos hasta barcos y equipos industriales pesados, con la opci\u00f3n de transporte abierto o cerrado.<\/p>\n<p>P\u00e1gina web: <a href=\"http:\/\/www.tgal.us\" target=\"_blank\" rel=\"noopener\">http:\/\/www.tgal.us<\/a><\/p>\n<h2><span class=\"ez-toc-section\" id=\"7_Transportation_Worldwide\"><\/span><strong>7. Transporte en todo el mundo<\/strong><span class=\"ez-toc-section-end\"><\/span><\/h2>\n<p><img loading=\"lazy\" decoding=\"async\" class=\"alignnone size-full wp-image-11460\" src=\"https:\/\/moverdb.com\/wp-content\/uploads\/Transportation-Worldwide-international-moving-company.png\" alt=\"Transporte Empresa mundial de mudanzas internacionales\" width=\"1440\" height=\"654\" data-wp-pid=\"11460\" srcset=\"https:\/\/moverdb.com\/wp-content\/uploads\/Transportation-Worldwide-international-moving-company.png 1440w, https:\/\/moverdb.com\/wp-content\/uploads\/Transportation-Worldwide-international-moving-company-300x136.png 300w, https:\/\/moverdb.com\/wp-content\/uploads\/Transportation-Worldwide-international-moving-company-1024x465.png 1024w, https:\/\/moverdb.com\/wp-content\/uploads\/Transportation-Worldwide-international-moving-company-18x8.png 18w, https:\/\/moverdb.com\/wp-content\/uploads\/Transportation-Worldwide-international-moving-company-600x273.png 600w\" sizes=\"auto, (max-width: 1440px) 100vw, 1440px\" \/><\/p>\n<ul>\n<li>Movimientos nacionales<\/li>\n<li>Traslados internacionales<\/li>\n<li>Mudanzas dom\u00e9sticas<\/li>\n<li>Desplazamientos de empresas<\/li>\n<li>Punto de contacto \u00fanico<\/li>\n<li>Gesti\u00f3n de la mudanza<\/li>\n<li>Seguimiento del env\u00edo<\/li>\n<li>Apoyo aduanero<\/li>\n<li>Almacenamiento seguro<\/li>\n<\/ul>\n<p>Transportation Worldwide es una empresa de mudanzas y transportes con m\u00e1s de 30 a\u00f1os de experiencia y sede en Katy. Proporcionan servicios de mudanzas internacionales a m\u00e1s de 135 pa\u00edses de todo el mundo que entregan en asociaci\u00f3n con relaciones cuidadosamente desarrolladas. Son miembros de IAM con 36 a\u00f1os de experiencia y est\u00e1n acreditados por FIDI.<\/p>\n<p>Transportation Worldwide ofrece apoyo a particulares que se mudan y a empresas que trasladan a sus empleados, lo que puede incluir asistencia con pol\u00edticas, an\u00e1lisis de presupuestos y seguimiento del progreso de m\u00faltiples mudanzas y elaboraci\u00f3n de informes al respecto. Ayudan a las empresas de mudanzas internacionales con sus amplios conocimientos y experiencia en mudanzas a diversos pa\u00edses.<\/p>\n<p>P\u00e1gina web: <a href=\"https:\/\/www.twwmove.com\/\" target=\"_blank\" rel=\"noopener\">https:\/\/www.twwmove.com\/<\/a><\/p>","protected":false},"excerpt":{"rendered":"<p>Planning a move can be a stressful time, so why not enlist the help of a moving company to enlighten your load? They can assist with the planning, can pack your belongings and arrange transportation as well as deal with customs if moving internationally. Below we have compiled a list of Texas based removal companies [&hellip;]<\/p>\n","protected":false},"author":4,"featured_media":11236,"parent":190,"menu_order":0,"comment_status":"closed","ping_status":"closed","template":"","meta":{"_genesis_hide_title":false,"_genesis_hide_breadcrumbs":false,"_genesis_hide_singular_image":false,"_genesis_hide_footer_widgets":false,"_genesis_custom_body_class":"","_genesis_custom_post_class":"","_genesis_layout":"","footnotes":""},"class_list":{"0":"post-11668","1":"page","2":"type-page","3":"status-publish","4":"has-post-thumbnail","6":"entry"},"_links":{"self":[{"href":"https:\/\/moverdb.com\/es\/wp-json\/wp\/v2\/pages\/11668","targetHints":{"allow":["GET"]}}],"collection":[{"href":"https:\/\/moverdb.com\/es\/wp-json\/wp\/v2\/pages"}],"about":[{"href":"https:\/\/moverdb.com\/es\/wp-json\/wp\/v2\/types\/page"}],"author":[{"embeddable":true,"href":"https:\/\/moverdb.com\/es\/wp-json\/wp\/v2\/users\/4"}],"replies":[{"embeddable":true,"href":"https:\/\/moverdb.com\/es\/wp-json\/wp\/v2\/comments?post=11668"}],"version-history":[{"count":2,"href":"https:\/\/moverdb.com\/es\/wp-json\/wp\/v2\/pages\/11668\/revisions"}],"predecessor-version":[{"id":11670,"href":"https:\/\/moverdb.com\/es\/wp-json\/wp\/v2\/pages\/11668\/revisions\/11670"}],"up":[{"embeddable":true,"href":"https:\/\/moverdb.com\/es\/wp-json\/wp\/v2\/pages\/190"}],"wp:featuredmedia":[{"embeddable":true,"href":"https:\/\/moverdb.com\/es\/wp-json\/wp\/v2\/media\/11236"}],"wp:attachment":[{"href":"https:\/\/moverdb.com\/es\/wp-json\/wp\/v2\/media?parent=11668"}],"curies":[{"name":"wp","href":"https:\/\/api.w.org\/{rel}","templated":true}]}}