{"id":11648,"date":"2023-11-29T10:50:54","date_gmt":"2023-11-29T10:50:54","guid":{"rendered":"https:\/\/moverdb.com\/?page_id=11648"},"modified":"2026-01-08T15:29:25","modified_gmt":"2026-01-08T15:29:25","slug":"moving-companies-us-ohio","status":"publish","type":"page","link":"https:\/\/moverdb.com\/es\/moving-companies\/moving-companies-us-ohio\/","title":{"rendered":"6 Mejores Empresas de Mudanzas Internacionales en Ohio"},"content":{"rendered":"<p>\u00bfEst\u00e1 planeando una mudanza? Entonces quiz\u00e1 le interese contratar los servicios de un <a href=\"https:\/\/moverdb.com\/es\/moving-companies\/\" data-internallinksmanager029f6b8e52c=\"79\" title=\"Las 25 mejores empresas de mudanzas internacionales en l\u00ednea\">empresa de mudanzas<\/a> para reducir la carga de trabajo y la presi\u00f3n de la mudanza. Pueden organizar, embalar y transportar sus pertenencias, as\u00ed como ocuparse de las aduanas si se traslada de pa\u00eds. A continuaci\u00f3n hemos recopilado una lista de <a href=\"https:\/\/moverdb.com\/es\/moving-to-the-united-states\/moving-to-ohio\/\" data-internallinksmanager029f6b8e52c=\"409\" title=\"\u00bfSe muda a Ohio? 2026 Coste de la vida y consejos para el traslado\">Ohio<\/a> basado en <a href=\"https:\/\/moverdb.com\/es\/international-removals\/\" data-internallinksmanager029f6b8e52c=\"27\" title=\"36 mejores empresas de mudanzas internacionales del Reino Unido\">empresas de mudanzas<\/a> que son miembros de la <a href=\"https:\/\/moverdb.com\/es\/iam\/\" data-internallinksmanager029f6b8e52c=\"23\" title=\"Explicaci\u00f3n de la Asociaci\u00f3n Internacional de Empresas de Mudanzas (IAM)\">Asociaci\u00f3n Internacional de Empresas de Mudanzas<\/a> (IAM) y\/o <a href=\"https:\/\/moverdb.com\/es\/fidi-faim\/\" data-internallinksmanager029f6b8e52c=\"16\" title=\"Explicaci\u00f3n del FIDI y del FAIM (FIDI Accredited International Mover)\">FIDI<\/a> Empresa de mudanzas internacionales acreditada (FAIM) que podr\u00eda ayudarle con su mudanza.<\/p>\n<div id=\"ez-toc-container\" class=\"ez-toc-v2_0_83 ez-toc-wrap-left counter-hierarchy ez-toc-counter ez-toc-transparent ez-toc-container-direction\">\n<div class=\"ez-toc-title-container\">\n<p class=\"ez-toc-title\" style=\"cursor:inherit\">Secciones<\/p>\n<span class=\"ez-toc-title-toggle\"><a href=\"#\" class=\"ez-toc-pull-right ez-toc-btn ez-toc-btn-xs ez-toc-btn-default ez-toc-toggle\" aria-label=\"Alternar tabla de contenidos\"><span class=\"ez-toc-js-icon-con\"><span class=\"\"><span class=\"eztoc-hide\" style=\"display:none;\">Toggle<\/span><span class=\"ez-toc-icon-toggle-span\"><svg style=\"fill: #999;color:#999\" xmlns=\"http:\/\/www.w3.org\/2000\/svg\" class=\"list-377408\" width=\"20px\" height=\"20px\" viewbox=\"0 0 24 24\" fill=\"none\"><path d=\"M6 6H4v2h2V6zm14 0H8v2h12V6zM4 11h2v2H4v-2zm16 0H8v2h12v-2zM4 16h2v2H4v-2zm16 0H8v2h12v-2z\" fill=\"currentColor\"><\/path><\/svg><svg style=\"fill: #999;color:#999\" class=\"arrow-unsorted-368013\" xmlns=\"http:\/\/www.w3.org\/2000\/svg\" width=\"10px\" height=\"10px\" viewbox=\"0 0 24 24\" version=\"1.2\" baseprofile=\"tiny\"><path d=\"M18.2 9.3l-6.2-6.3-6.2 6.3c-.2.2-.3.4-.3.7s.1.5.3.7c.2.2.4.3.7.3h11c.3 0 .5-.1.7-.3.2-.2.3-.5.3-.7s-.1-.5-.3-.7zM5.8 14.7l6.2 6.3 6.2-6.3c.2-.2.3-.5.3-.7s-.1-.5-.3-.7c-.2-.2-.4-.3-.7-.3h-11c-.3 0-.5.1-.7.3-.2.2-.3.5-.3.7s.1.5.3.7z\"\/><\/svg><\/span><\/span><\/span><\/a><\/span><\/div>\n<nav><ul class='ez-toc-list ez-toc-list-level-1 eztoc-toggle-hide-by-default' ><li class='ez-toc-page-1 ez-toc-heading-level-2'><a class=\"ez-toc-link ez-toc-heading-1\" href=\"https:\/\/moverdb.com\/es\/moving-companies\/moving-companies-us-ohio\/#1_Andrews_Moving_Storage\" >1. Andrews Moving &amp; Storage<\/a><\/li><li class='ez-toc-page-1 ez-toc-heading-level-2'><a class=\"ez-toc-link ez-toc-heading-2\" href=\"https:\/\/moverdb.com\/es\/moving-companies\/moving-companies-us-ohio\/#2_Corrigan_Moving_Systems\" >2. Sistemas de mudanzas Corrigan<\/a><\/li><li class='ez-toc-page-1 ez-toc-heading-level-2'><a class=\"ez-toc-link ez-toc-heading-3\" href=\"https:\/\/moverdb.com\/es\/moving-companies\/moving-companies-us-ohio\/#3_CSNS_Relocation_Services\" >3. Servicios de reubicaci\u00f3n del CSNS<\/a><\/li><li class='ez-toc-page-1 ez-toc-heading-level-2'><a class=\"ez-toc-link ez-toc-heading-4\" href=\"https:\/\/moverdb.com\/es\/moving-companies\/moving-companies-us-ohio\/#4_Letz_Get_Moving\" >4. Letz Get Moving<\/a><\/li><li class='ez-toc-page-1 ez-toc-heading-level-2'><a class=\"ez-toc-link ez-toc-heading-5\" href=\"https:\/\/moverdb.com\/es\/moving-companies\/moving-companies-us-ohio\/#5_Moving_Ahead_Services\" >5. Servicios de Moving Ahead<\/a><\/li><li class='ez-toc-page-1 ez-toc-heading-level-2'><a class=\"ez-toc-link ez-toc-heading-6\" href=\"https:\/\/moverdb.com\/es\/moving-companies\/moving-companies-us-ohio\/#6_Planes_Moving_Storage\" >6. Planes Moving &amp; Storage<\/a><\/li><\/ul><\/nav><\/div>\n<h2><span class=\"ez-toc-section\" id=\"1_Andrews_Moving_Storage\"><\/span><strong>1. Andrews Moving &amp; Storage<\/strong><span class=\"ez-toc-section-end\"><\/span><\/h2>\n<p><img loading=\"lazy\" decoding=\"async\" class=\"alignnone size-full wp-image-11255\" src=\"https:\/\/moverdb.com\/wp-content\/uploads\/Andrews-Moving-Storage-international-moving-company.png\" alt=\"Andrews Moving &amp; Storage empresa de mudanzas internacionales\" width=\"1440\" height=\"679\" data-wp-pid=\"11255\" srcset=\"https:\/\/moverdb.com\/wp-content\/uploads\/Andrews-Moving-Storage-international-moving-company.png 1440w, https:\/\/moverdb.com\/wp-content\/uploads\/Andrews-Moving-Storage-international-moving-company-300x141.png 300w, https:\/\/moverdb.com\/wp-content\/uploads\/Andrews-Moving-Storage-international-moving-company-1024x483.png 1024w, https:\/\/moverdb.com\/wp-content\/uploads\/Andrews-Moving-Storage-international-moving-company-18x8.png 18w, https:\/\/moverdb.com\/wp-content\/uploads\/Andrews-Moving-Storage-international-moving-company-600x283.png 600w\" sizes=\"auto, (max-width: 1440px) 100vw, 1440px\" \/><\/p>\n<ul>\n<li>Mudanzas locales y de larga distancia<\/li>\n<li>Traslados internacionales<\/li>\n<li>Mudanzas residenciales<\/li>\n<li>Mudanzas comerciales y de oficinas<\/li>\n<li>Reubicaci\u00f3n de empleados<\/li>\n<li>Servicio de embalaje<\/li>\n<li>Medios de transporte<\/li>\n<li>Apoyo aduanero<\/li>\n<li>Seguimiento del env\u00edo<\/li>\n<li>Almacenamiento a corto y largo plazo<\/li>\n<\/ul>\n<p>Andrews Moving &amp; Storage es una empresa familiar de mudanzas fundada en 1908 y con sede en Streetsboro. Son un agente de United Van Lines que tiene una red mundial de agentes de mudanzas que operan en altos est\u00e1ndares para que trabajen. Son miembros de IAM.<\/p>\n<p>Andrews Moving &amp; Storage ofrece servicios de mudanza personalizados que gestionar\u00e1n toda su mudanza. Proporcionan un servicio completo de embalaje para proteger sus pertenencias durante el transporte con equipos de embalaje formados. Al llegar a su destino, tambi\u00e9n desembalar\u00e1n sus pertenencias. Organizar\u00e1n el transporte de sus pertenencias con asistencia aduanera y le proporcionar\u00e1n seguimiento online.<\/p>\n<p>P\u00e1gina web: <a href=\"http:\/\/www.andrewsmoving.com\" target=\"_blank\" rel=\"noopener\">http:\/\/www.andrewsmoving.com<\/a><\/p>\n<h2><span class=\"ez-toc-section\" id=\"2_Corrigan_Moving_Systems\"><\/span><strong>2. Sistemas de mudanzas Corrigan<\/strong><span class=\"ez-toc-section-end\"><\/span><\/h2>\n<p><img loading=\"lazy\" decoding=\"async\" class=\"alignnone size-full wp-image-11297\" src=\"https:\/\/moverdb.com\/wp-content\/uploads\/Corrigan-Moving-Systems-international-moving-company.png\" alt=\"Corrigan Moving Systems empresa de mudanzas internacionales\" width=\"1440\" height=\"675\" data-wp-pid=\"11297\" srcset=\"https:\/\/moverdb.com\/wp-content\/uploads\/Corrigan-Moving-Systems-international-moving-company.png 1440w, https:\/\/moverdb.com\/wp-content\/uploads\/Corrigan-Moving-Systems-international-moving-company-300x141.png 300w, https:\/\/moverdb.com\/wp-content\/uploads\/Corrigan-Moving-Systems-international-moving-company-1024x480.png 1024w, https:\/\/moverdb.com\/wp-content\/uploads\/Corrigan-Moving-Systems-international-moving-company-18x8.png 18w, https:\/\/moverdb.com\/wp-content\/uploads\/Corrigan-Moving-Systems-international-moving-company-600x281.png 600w\" sizes=\"auto, (max-width: 1440px) 100vw, 1440px\" \/><\/p>\n<ul>\n<li>Mudanzas locales y de larga distancia<\/li>\n<li>Traslados internacionales<\/li>\n<li>Mudanzas residenciales<\/li>\n<li>Mudanzas comerciales<\/li>\n<li>Desplazamientos de empresas<\/li>\n<li>Servicio puerta a puerta<\/li>\n<li>Servicio de embalaje<\/li>\n<li>Apoyo aduanero<\/li>\n<li><a href=\"https:\/\/moverdb.com\/es\/car-transport-shipping\/\" data-internallinksmanager029f6b8e52c=\"2\" title=\"2026 Cotizaciones de transporte internacional de coches y env\u00edo de veh\u00edculos\">Env\u00edo de veh\u00edculos<\/a><\/li>\n<li>Servicios de almacenamiento<\/li>\n<\/ul>\n<p>Corrigan Moving Systems es una empresa de servicios integrales de mudanzas y log\u00edstica fundada en 1929 con 13 sedes en Ohio, <a href=\"https:\/\/moverdb.com\/es\/moving-to-the-united-states\/moving-to-michigan\/\" data-internallinksmanager029f6b8e52c=\"414\" title=\"\u00bfMudarse a Michigan? 2026 Coste de la vida y consejos para la reubicaci\u00f3n\">Michigan<\/a>, <a href=\"https:\/\/moverdb.com\/es\/moving-to-the-united-states\/moving-to-new-york\/\" data-internallinksmanager029f6b8e52c=\"332\" title=\"\u00bfSe muda a Nueva York? 2026 Coste de vida y consejos de reubicaci\u00f3n\">Nueva York<\/a> y <a href=\"https:\/\/moverdb.com\/es\/moving-to-the-united-states\/moving-to-pennsylvania\/\" data-internallinksmanager029f6b8e52c=\"404\" title=\"\u00bfSe muda a Pensilvania? 2026 Coste de la vida y consejos de reubicaci\u00f3n\">Pensilvania<\/a>. Sus oficinas en Ohio se encuentran en Cleveland y Toledo. Forman parte de United Van Lines, lo que les proporciona una red de agentes de mudanzas con los que trabajar. Son miembros de IAM con 75 a\u00f1os de experiencia y est\u00e1n acreditados por FIDI.<\/p>\n<p>Corrigan Moving Systems ofrece servicios de mudanzas puerta a puerta para clientes residenciales y comerciales. Ofrecen paquetes de mudanzas personalizados y su coordinador de mudanzas adaptar\u00e1 una estrategia de mudanzas a su situaci\u00f3n. Todo empieza con un presupuesto gratuito y un estudio in situ o virtual.<\/p>\n<p>P\u00e1gina web: <a href=\"https:\/\/www.corriganmoving.com\/\" target=\"_blank\" rel=\"noopener\">https:\/\/www.corriganmoving.com\/<\/a><\/p>\n<h2><span class=\"ez-toc-section\" id=\"3_CSNS_Relocation_Services\"><\/span><strong>3. Servicios de reubicaci\u00f3n del CSNS<\/strong><span class=\"ez-toc-section-end\"><\/span><\/h2>\n<p><img loading=\"lazy\" decoding=\"async\" class=\"alignnone size-full wp-image-11301\" src=\"https:\/\/moverdb.com\/wp-content\/uploads\/CSNS-Relocation-Services-international-moving-company.png\" alt=\"CSNS Relocation Services empresa de mudanzas internacionales\" width=\"1440\" height=\"680\" data-wp-pid=\"11301\" srcset=\"https:\/\/moverdb.com\/wp-content\/uploads\/CSNS-Relocation-Services-international-moving-company.png 1440w, https:\/\/moverdb.com\/wp-content\/uploads\/CSNS-Relocation-Services-international-moving-company-300x142.png 300w, https:\/\/moverdb.com\/wp-content\/uploads\/CSNS-Relocation-Services-international-moving-company-1024x484.png 1024w, https:\/\/moverdb.com\/wp-content\/uploads\/CSNS-Relocation-Services-international-moving-company-18x9.png 18w, https:\/\/moverdb.com\/wp-content\/uploads\/CSNS-Relocation-Services-international-moving-company-600x283.png 600w\" sizes=\"auto, (max-width: 1440px) 100vw, 1440px\" \/><\/p>\n<ul>\n<li>Servicios nacionales de reubicaci\u00f3n<\/li>\n<li>Servicios de traslado de hogares<\/li>\n<li>Servicios de origen<\/li>\n<li>Servicios en destino<\/li>\n<li>Embalaje profesional<\/li>\n<li>Desmontaje y montaje de muebles<\/li>\n<li>Servicios de instalaci\u00f3n<\/li>\n<li>Servicio de limpieza<\/li>\n<li>Retirada de escombros<\/li>\n<\/ul>\n<p>CSNS Relocation Services es una empresa nacional de servicios de reubicaci\u00f3n fundada en 2002 en <a href=\"https:\/\/moverdb.com\/es\/moving-to-dublin\/\" data-internallinksmanager029f6b8e52c=\"260\" title=\"\u00bfSe muda a Dubl\u00edn? 2026 Coste de la vida y consejos para el traslado\">Dubl\u00edn<\/a>. Disponen de una amplia red de empresas de mudanzas con las que trabajan para prestar sus servicios. Son miembros de IAM con 21 a\u00f1os de experiencia.<\/p>\n<p>CSNS Relocation Services ofrece servicios de reubicaci\u00f3n de terceros para ayudarle tanto en su origen como en su destino dentro de la <a href=\"https:\/\/moverdb.com\/es\/moving-to-the-united-states\/\" data-internallinksmanager029f6b8e52c=\"94\" title=\"\u00bfSe muda a Estados Unidos? 2026 Costes de vida y consejos de reubicaci\u00f3n\">EE.UU.<\/a>. Ofrecen una amplia gama de servicios que las empresas de mudanzas no suelen prestar para ayudarle a preparar la mudanza o a instalarse en su nuevo hogar, como la instalaci\u00f3n de electrodom\u00e9sticos, la configuraci\u00f3n de equipos audiovisuales, la colocaci\u00f3n de enseres y los servicios de limpieza.<\/p>\n<p>P\u00e1gina web: <a href=\"http:\/\/www.csnsrelo.com\" target=\"_blank\" rel=\"noopener\">http:\/\/www.csnsrelo.com<\/a><\/p>\n<h2><span class=\"ez-toc-section\" id=\"4_Letz_Get_Moving\"><\/span><strong>4. Letz Get Moving<\/strong><span class=\"ez-toc-section-end\"><\/span><\/h2>\n<p><img loading=\"lazy\" decoding=\"async\" class=\"alignnone size-full wp-image-11364\" src=\"https:\/\/moverdb.com\/wp-content\/uploads\/Letz-Get-Moving-international-moving-company.png\" alt=\"Letz Get Moving empresa de mudanzas internacionales\" width=\"1440\" height=\"674\" data-wp-pid=\"11364\" srcset=\"https:\/\/moverdb.com\/wp-content\/uploads\/Letz-Get-Moving-international-moving-company.png 1440w, https:\/\/moverdb.com\/wp-content\/uploads\/Letz-Get-Moving-international-moving-company-300x140.png 300w, https:\/\/moverdb.com\/wp-content\/uploads\/Letz-Get-Moving-international-moving-company-1024x479.png 1024w, https:\/\/moverdb.com\/wp-content\/uploads\/Letz-Get-Moving-international-moving-company-18x8.png 18w, https:\/\/moverdb.com\/wp-content\/uploads\/Letz-Get-Moving-international-moving-company-600x281.png 600w\" sizes=\"auto, (max-width: 1440px) 100vw, 1440px\" \/><\/p>\n<ul>\n<li>Desplazamientos nacionales<\/li>\n<li>Desplazamientos internacionales<\/li>\n<li>Traslado de hogares<\/li>\n<li>Servicio puerta a puerta<\/li>\n<li>Servicio de embalaje<\/li>\n<li>Transporte<\/li>\n<li>Opciones de contenedores<\/li>\n<li>Despacho de aduanas<\/li>\n<li>Transporte de veh\u00edculos<\/li>\n<li>Almacenamiento seguro<\/li>\n<\/ul>\n<p>Letz Get Moving es una empresa de reubicaci\u00f3n interurbana e internacional con 10 a\u00f1os de experiencia y tiene sedes en Twinsburg, Baltimore y <a href=\"https:\/\/moverdb.com\/es\/moving-to-los-angeles\/\" data-internallinksmanager029f6b8e52c=\"51\" title=\"\u00bfSe muda a Los \u00c1ngeles? 2026 Coste de la vida en Los \u00c1ngeles y consejos de reubicaci\u00f3n\">Los \u00c1ngeles<\/a>. Son miembros de IAM con seis a\u00f1os de experiencia.<\/p>\n<p>Letz Get Moving ofrece servicios integrales de reubicaci\u00f3n que gestionar\u00e1n su traslado de principio a fin. Proporcionan un punto de contacto principal que coordinar\u00e1 y planificar\u00e1 su mudanza. Embalar\u00e1n profesionalmente sus pertenencias y ofrecer\u00e1n servicios de embalaje a medida. Etiquetar\u00e1n sus pertenencias y elaborar\u00e1n una lista de inventario. A su llegada, desembalar\u00e1n y montar\u00e1n los muebles y retirar\u00e1n cualquier resto.<\/p>\n<p>P\u00e1gina web: <a href=\"http:\/\/www.letzgetmoving.com\" target=\"_blank\" rel=\"noopener\">http:\/\/www.letzgetmoving.com<\/a><\/p>\n<h2><span class=\"ez-toc-section\" id=\"5_Moving_Ahead_Services\"><\/span><strong>5. Servicios de Moving Ahead<\/strong><span class=\"ez-toc-section-end\"><\/span><\/h2>\n<p><img loading=\"lazy\" decoding=\"async\" class=\"alignnone size-full wp-image-11387\" src=\"https:\/\/moverdb.com\/wp-content\/uploads\/Moving-Ahead-Services-international-moving-company.png\" alt=\"Moving Ahead Services empresa de mudanzas internacionales\" width=\"1440\" height=\"672\" data-wp-pid=\"11387\" srcset=\"https:\/\/moverdb.com\/wp-content\/uploads\/Moving-Ahead-Services-international-moving-company.png 1440w, https:\/\/moverdb.com\/wp-content\/uploads\/Moving-Ahead-Services-international-moving-company-300x140.png 300w, https:\/\/moverdb.com\/wp-content\/uploads\/Moving-Ahead-Services-international-moving-company-1024x478.png 1024w, https:\/\/moverdb.com\/wp-content\/uploads\/Moving-Ahead-Services-international-moving-company-18x8.png 18w, https:\/\/moverdb.com\/wp-content\/uploads\/Moving-Ahead-Services-international-moving-company-600x280.png 600w\" sizes=\"auto, (max-width: 1440px) 100vw, 1440px\" \/><\/p>\n<ul>\n<li>Mudanzas locales y de larga distancia<\/li>\n<li>Traslados internacionales<\/li>\n<li>Mudanzas dom\u00e9sticas<\/li>\n<li>Mudanzas comerciales<\/li>\n<li>Desplazamientos de empresas<\/li>\n<li>Plan de mudanza personalizado<\/li>\n<li>Opci\u00f3n de servicio completo o s\u00f3lo mano de obra<\/li>\n<li>Servicios de embalaje<\/li>\n<li>Organizaci\u00f3n del transporte<\/li>\n<li>Instalaciones de almacenamiento<\/li>\n<\/ul>\n<p>Moving Ahead Services es una empresa de mudanzas con sedes en Cleveland, Columbus, Cincinnati, Charlotte y Pittsburgh. Son miembros de IAM con 18 a\u00f1os de experiencia, lo que les proporciona acceso a una red de agentes de mudanzas con los que trabajar.<\/p>\n<p>Moving Ahead Services completar\u00e1 un formulario en l\u00ednea o por tel\u00e9fono. <a href=\"https:\/\/moverdb.com\/es\/quotes\/\" data-internallinksmanager029f6b8e52c=\"26\" title=\"Presupuestos de mudanzas internacionales: 12 preguntas que debe hacer a su empresa de mudanzas\">presupuesto de mudanza<\/a>. Crear\u00e1n un plan de mudanza personalizado que se adapte a sus necesidades. Ofrecen desde servicio completo hasta opciones de s\u00f3lo mano de obra para embalaje y almacenamiento, as\u00ed como una selecci\u00f3n de servicios adicionales. Su representante de atenci\u00f3n al cliente le orientar\u00e1 sobre la mudanza y las opciones disponibles.<\/p>\n<p>P\u00e1gina web: <a href=\"https:\/\/movingaheadservices.com\/\" target=\"_blank\" rel=\"noopener\">https:\/\/movingaheadservices.com\/<\/a><\/p>\n<h2><span class=\"ez-toc-section\" id=\"6_Planes_Moving_Storage\"><\/span><strong>6. Planes Moving &amp; Storage<\/strong><span class=\"ez-toc-section-end\"><\/span><\/h2>\n<p><img loading=\"lazy\" decoding=\"async\" class=\"alignnone size-full wp-image-11410\" src=\"https:\/\/moverdb.com\/wp-content\/uploads\/Planes-Moving-Storage-international-moving-company.png\" alt=\"Planes Moving &amp; Storage empresa de mudanzas internacionales\" width=\"1440\" height=\"660\" data-wp-pid=\"11410\" srcset=\"https:\/\/moverdb.com\/wp-content\/uploads\/Planes-Moving-Storage-international-moving-company.png 1440w, https:\/\/moverdb.com\/wp-content\/uploads\/Planes-Moving-Storage-international-moving-company-300x138.png 300w, https:\/\/moverdb.com\/wp-content\/uploads\/Planes-Moving-Storage-international-moving-company-1024x469.png 1024w, https:\/\/moverdb.com\/wp-content\/uploads\/Planes-Moving-Storage-international-moving-company-18x8.png 18w, https:\/\/moverdb.com\/wp-content\/uploads\/Planes-Moving-Storage-international-moving-company-600x275.png 600w\" sizes=\"auto, (max-width: 1440px) 100vw, 1440px\" \/><\/p>\n<ul>\n<li>Mudanzas locales y de larga distancia<\/li>\n<li>Traslados internacionales<\/li>\n<li>Mudanza dom\u00e9stica<\/li>\n<li>Movimientos de negocios<\/li>\n<li>Gesti\u00f3n de la mudanza<\/li>\n<li>Servicio de embalaje<\/li>\n<li>Transporte a\u00e9reo, mar\u00edtimo y ferroviario<\/li>\n<li>Soporte documental<\/li>\n<li>Transporte de veh\u00edculos<\/li>\n<li>Instalaciones de almacenamiento<\/li>\n<\/ul>\n<p>Planes Moving &amp; Storage es una empresa de mudanzas fundada en 1921 con sedes en Cincinnati, Dayton y Columbus en Ohio, as\u00ed como en Indian\u00e1polis y <a href=\"https:\/\/moverdb.com\/es\/moving-to-chicago\/\" data-internallinksmanager029f6b8e52c=\"39\" title=\"\u00bfSe muda a Chicago? 2026 Costes de vida y consejos de reubicaci\u00f3n\">Chicago<\/a>.  Son socios de United Van Lines y cuentan con una s\u00f3lida cadena de suministro de socios para prestar sus servicios a escala internacional. Son miembros de IAM con 103 a\u00f1os de experiencia y est\u00e1n acreditados por FIDI.<\/p>\n<p>Planes Moving &amp; Storage proporciona un coordinador de mudanzas con experiencia para trabajar con usted y desarrollar un plan de mudanza personalizado para satisfacer sus necesidades. Ofrecen un servicio completo de embalaje con equipos de embalaje capacitados y proteger\u00e1n los art\u00edculos fr\u00e1giles y de alto valor.<\/p>\n<p>P\u00e1gina web: <a href=\"http:\/\/www.planescompanies.com\/\" target=\"_blank\" rel=\"noopener\">http:\/\/www.planescompanies.com\/<\/a><\/p>","protected":false},"excerpt":{"rendered":"<p>Are you planning a move? Then you may want to engage the services of a moving company to reduce the workload and pressure of moving. They can organise, pack and transport your belongings as well as handle customs if you are moving country. Below we have compiled a list of Ohio based removal companies that [&hellip;]<\/p>\n","protected":false},"author":4,"featured_media":11255,"parent":190,"menu_order":0,"comment_status":"closed","ping_status":"closed","template":"","meta":{"_genesis_hide_title":false,"_genesis_hide_breadcrumbs":false,"_genesis_hide_singular_image":false,"_genesis_hide_footer_widgets":false,"_genesis_custom_body_class":"","_genesis_custom_post_class":"","_genesis_layout":"","footnotes":""},"class_list":{"0":"post-11648","1":"page","2":"type-page","3":"status-publish","4":"has-post-thumbnail","6":"entry"},"_links":{"self":[{"href":"https:\/\/moverdb.com\/es\/wp-json\/wp\/v2\/pages\/11648","targetHints":{"allow":["GET"]}}],"collection":[{"href":"https:\/\/moverdb.com\/es\/wp-json\/wp\/v2\/pages"}],"about":[{"href":"https:\/\/moverdb.com\/es\/wp-json\/wp\/v2\/types\/page"}],"author":[{"embeddable":true,"href":"https:\/\/moverdb.com\/es\/wp-json\/wp\/v2\/users\/4"}],"replies":[{"embeddable":true,"href":"https:\/\/moverdb.com\/es\/wp-json\/wp\/v2\/comments?post=11648"}],"version-history":[{"count":2,"href":"https:\/\/moverdb.com\/es\/wp-json\/wp\/v2\/pages\/11648\/revisions"}],"predecessor-version":[{"id":11650,"href":"https:\/\/moverdb.com\/es\/wp-json\/wp\/v2\/pages\/11648\/revisions\/11650"}],"up":[{"embeddable":true,"href":"https:\/\/moverdb.com\/es\/wp-json\/wp\/v2\/pages\/190"}],"wp:featuredmedia":[{"embeddable":true,"href":"https:\/\/moverdb.com\/es\/wp-json\/wp\/v2\/media\/11255"}],"wp:attachment":[{"href":"https:\/\/moverdb.com\/es\/wp-json\/wp\/v2\/media?parent=11648"}],"curies":[{"name":"wp","href":"https:\/\/api.w.org\/{rel}","templated":true}]}}