{"id":11645,"date":"2023-11-29T10:51:46","date_gmt":"2023-11-29T10:51:46","guid":{"rendered":"https:\/\/moverdb.com\/?page_id=11645"},"modified":"2026-01-08T15:29:00","modified_gmt":"2026-01-08T15:29:00","slug":"moving-companies-us-north-carolina","status":"publish","type":"page","link":"https:\/\/moverdb.com\/es\/moving-companies\/moving-companies-us-north-carolina\/","title":{"rendered":"5 Mejores Empresas de Mudanzas Internacionales en Carolina del Norte"},"content":{"rendered":"<p>La mudanza puede ser uno de los momentos m\u00e1s estresantes de su vida, as\u00ed que \u00bfpor qu\u00e9 no reducir la presi\u00f3n contratando a un <a href=\"https:\/\/moverdb.com\/es\/moving-companies\/\" data-internallinksmanager029f6b8e52c=\"79\" title=\"Las 25 mejores empresas de mudanzas internacionales en l\u00ednea\">empresa de mudanzas<\/a> que haga parte del trabajo por usted? Esto puede incluir la planificaci\u00f3n de la mudanza, el embalaje de sus pertenencias, la organizaci\u00f3n del transporte y la gesti\u00f3n de aduanas. A continuaci\u00f3n hemos recopilado una lista de <a href=\"https:\/\/moverdb.com\/es\/moving-to-the-united-states\/moving-to-north-carolina\/\" data-internallinksmanager029f6b8e52c=\"411\" title=\"\u00bfMudarse a Carolina del Norte? 2026 Coste de la vida y consejos para la reubicaci\u00f3n\">Carolina del Norte<\/a> basado en <a href=\"https:\/\/moverdb.com\/es\/international-removals\/\" data-internallinksmanager029f6b8e52c=\"27\" title=\"36 mejores empresas de mudanzas internacionales del Reino Unido\">empresas de mudanzas<\/a> que son miembros de la <a href=\"https:\/\/moverdb.com\/es\/iam\/\" data-internallinksmanager029f6b8e52c=\"23\" title=\"Explicaci\u00f3n de la Asociaci\u00f3n Internacional de Empresas de Mudanzas (IAM)\">Asociaci\u00f3n Internacional de Empresas de Mudanzas<\/a> (IAM) y\/o <a href=\"https:\/\/moverdb.com\/es\/fidi-faim\/\" data-internallinksmanager029f6b8e52c=\"16\" title=\"Explicaci\u00f3n del FIDI y del FAIM (FIDI Accredited International Mover)\">FIDI<\/a> Empresa de mudanzas internacionales acreditada (FAIM) que podr\u00eda ayudarle con su mudanza.<\/p>\n<div id=\"ez-toc-container\" class=\"ez-toc-v2_0_82_2 ez-toc-wrap-left counter-hierarchy ez-toc-counter ez-toc-transparent ez-toc-container-direction\">\n<div class=\"ez-toc-title-container\">\n<p class=\"ez-toc-title\" style=\"cursor:inherit\">Secciones<\/p>\n<span class=\"ez-toc-title-toggle\"><a href=\"#\" class=\"ez-toc-pull-right ez-toc-btn ez-toc-btn-xs ez-toc-btn-default ez-toc-toggle\" aria-label=\"Alternar tabla de contenidos\"><span class=\"ez-toc-js-icon-con\"><span class=\"\"><span class=\"eztoc-hide\" style=\"display:none;\">Toggle<\/span><span class=\"ez-toc-icon-toggle-span\"><svg style=\"fill: #999;color:#999\" xmlns=\"http:\/\/www.w3.org\/2000\/svg\" class=\"list-377408\" width=\"20px\" height=\"20px\" viewbox=\"0 0 24 24\" fill=\"none\"><path d=\"M6 6H4v2h2V6zm14 0H8v2h12V6zM4 11h2v2H4v-2zm16 0H8v2h12v-2zM4 16h2v2H4v-2zm16 0H8v2h12v-2z\" fill=\"currentColor\"><\/path><\/svg><svg style=\"fill: #999;color:#999\" class=\"arrow-unsorted-368013\" xmlns=\"http:\/\/www.w3.org\/2000\/svg\" width=\"10px\" height=\"10px\" viewbox=\"0 0 24 24\" version=\"1.2\" baseprofile=\"tiny\"><path d=\"M18.2 9.3l-6.2-6.3-6.2 6.3c-.2.2-.3.4-.3.7s.1.5.3.7c.2.2.4.3.7.3h11c.3 0 .5-.1.7-.3.2-.2.3-.5.3-.7s-.1-.5-.3-.7zM5.8 14.7l6.2 6.3 6.2-6.3c.2-.2.3-.5.3-.7s-.1-.5-.3-.7c-.2-.2-.4-.3-.7-.3h-11c-.3 0-.5.1-.7.3-.2.2-.3.5-.3.7s.1.5.3.7z\"\/><\/svg><\/span><\/span><\/span><\/a><\/span><\/div>\n<nav><ul class='ez-toc-list ez-toc-list-level-1 eztoc-toggle-hide-by-default' ><li class='ez-toc-page-1 ez-toc-heading-level-2'><a class=\"ez-toc-link ez-toc-heading-1\" href=\"https:\/\/moverdb.com\/es\/moving-companies\/moving-companies-us-north-carolina\/#1_All_American_Relocation\" >1. All American Relocation<\/a><\/li><li class='ez-toc-page-1 ez-toc-heading-level-2'><a class=\"ez-toc-link ez-toc-heading-2\" href=\"https:\/\/moverdb.com\/es\/moving-companies\/moving-companies-us-north-carolina\/#2_Hilldrup\" >2. Hilldrup<\/a><\/li><li class='ez-toc-page-1 ez-toc-heading-level-2'><a class=\"ez-toc-link ez-toc-heading-3\" href=\"https:\/\/moverdb.com\/es\/moving-companies\/moving-companies-us-north-carolina\/#3_Sandhills_Moving_Storage\" >3. Sandhills Moving &amp; Storage<\/a><\/li><li class='ez-toc-page-1 ez-toc-heading-level-2'><a class=\"ez-toc-link ez-toc-heading-4\" href=\"https:\/\/moverdb.com\/es\/moving-companies\/moving-companies-us-north-carolina\/#4_Seacorp\" >4. Seacorp<\/a><\/li><li class='ez-toc-page-1 ez-toc-heading-level-2'><a class=\"ez-toc-link ez-toc-heading-5\" href=\"https:\/\/moverdb.com\/es\/moving-companies\/moving-companies-us-north-carolina\/#5_Zippy_Shell\" >5. Concha Zippy<\/a><\/li><\/ul><\/nav><\/div>\n<h2><span class=\"ez-toc-section\" id=\"1_All_American_Relocation\"><\/span><strong>1. All American Relocation<\/strong><span class=\"ez-toc-section-end\"><\/span><\/h2>\n<p><img loading=\"lazy\" decoding=\"async\" class=\"alignnone size-full wp-image-11251\" src=\"https:\/\/moverdb.com\/wp-content\/uploads\/All-American-Relocation-international-moving-company.png\" alt=\"All American Relocation empresa de mudanzas internacionales\" width=\"1440\" height=\"675\" data-wp-pid=\"11251\" srcset=\"https:\/\/moverdb.com\/wp-content\/uploads\/All-American-Relocation-international-moving-company.png 1440w, https:\/\/moverdb.com\/wp-content\/uploads\/All-American-Relocation-international-moving-company-300x141.png 300w, https:\/\/moverdb.com\/wp-content\/uploads\/All-American-Relocation-international-moving-company-1024x480.png 1024w, https:\/\/moverdb.com\/wp-content\/uploads\/All-American-Relocation-international-moving-company-18x8.png 18w, https:\/\/moverdb.com\/wp-content\/uploads\/All-American-Relocation-international-moving-company-600x281.png 600w\" sizes=\"auto, (max-width: 1440px) 100vw, 1440px\" \/><\/p>\n<ul>\n<li>Mudanzas locales y de larga distancia<\/li>\n<li>Traslados internacionales<\/li>\n<li>Mudanzas residenciales<\/li>\n<li>Traslado de oficinas<\/li>\n<li>Traslado de empleados<\/li>\n<li>Servicio puerta a puerta<\/li>\n<li>Servicio de embalaje<\/li>\n<li>Transporte a\u00e9reo, mar\u00edtimo y terrestre<\/li>\n<li><a href=\"https:\/\/moverdb.com\/es\/car-transport-shipping\/\" data-internallinksmanager029f6b8e52c=\"2\" title=\"2026 Cotizaciones de transporte internacional de coches y env\u00edo de veh\u00edculos\">Env\u00edo de veh\u00edculos<\/a><\/li>\n<li>Almacenamiento a corto y largo plazo<\/li>\n<\/ul>\n<p>All American Relocation es una empresa de mudanzas de servicio completo con oficinas en Rayleigh y Charlotte. Son un agente de Mayflower que les proporciona una red de agentes de mudanzas para trabajar. Son miembros de IAM con 25 a\u00f1os de experiencia.<\/p>\n<p>All American Relocation ofrece un <a href=\"https:\/\/moverdb.com\/es\/quotes\/\" data-internallinksmanager029f6b8e52c=\"26\" title=\"Presupuestos de mudanzas internacionales: 12 preguntas que debe hacer a su empresa de mudanzas\">presupuesto de mudanza<\/a> y una encuesta por v\u00eddeo para evaluar sus necesidades. Proporcionan un servicio puerta a puerta con un coordinador de mudanzas dedicado a gestionar su mudanza. Proporcionan un equipo de embalaje formado que utiliza materiales de embalaje de la m\u00e1s alta calidad que cumplen las normas internacionales. Tambi\u00e9n ofrecen transporte de veh\u00edculos, servicios de origen y destino en Carolina del Norte e instalaciones de almacenamiento.<\/p>\n<p>P\u00e1gina web: <a href=\"http:\/\/www.aarelocation.com\" target=\"_blank\" rel=\"noopener\">http:\/\/www.aarelocation.com<\/a><\/p>\n<h2><span class=\"ez-toc-section\" id=\"2_Hilldrup\"><\/span><strong>2. Hilldrup<\/strong><span class=\"ez-toc-section-end\"><\/span><\/h2>\n<p><img loading=\"lazy\" decoding=\"async\" class=\"alignnone size-full wp-image-11339\" src=\"https:\/\/moverdb.com\/wp-content\/uploads\/Hilldrup-international-moving-company.png\" alt=\"Empresa de mudanzas internacionales Hilldrup\" width=\"1440\" height=\"674\" data-wp-pid=\"11339\" srcset=\"https:\/\/moverdb.com\/wp-content\/uploads\/Hilldrup-international-moving-company.png 1440w, https:\/\/moverdb.com\/wp-content\/uploads\/Hilldrup-international-moving-company-300x140.png 300w, https:\/\/moverdb.com\/wp-content\/uploads\/Hilldrup-international-moving-company-1024x479.png 1024w, https:\/\/moverdb.com\/wp-content\/uploads\/Hilldrup-international-moving-company-18x8.png 18w, https:\/\/moverdb.com\/wp-content\/uploads\/Hilldrup-international-moving-company-600x281.png 600w\" sizes=\"auto, (max-width: 1440px) 100vw, 1440px\" \/><\/p>\n<ul>\n<li>Mudanzas locales y de larga distancia<\/li>\n<li>Desplazamientos internacionales<\/li>\n<li>Mudanzas residenciales<\/li>\n<li>Mudanzas comerciales y de oficinas<\/li>\n<li>Reubicaci\u00f3n de empleados<\/li>\n<li>Consejero especializado en mudanzas<\/li>\n<li>Encuesta virtual<\/li>\n<li>Servicio de embalaje<\/li>\n<li>Proteja su hogar<\/li>\n<li>Almacenamiento a corto y largo plazo<\/li>\n<\/ul>\n<p>Hilldrup es una empresa de mudanzas, almacenamiento y log\u00edstica fundada en 1903 con 10 sucursales, incluidas Charlotte y Garner en Carolina del Norte. Est\u00e1n afiliados con United Van Lines y Mayflower Transit que les da una amplia red de agentes para trabajar. Son miembros de IAM con 120 a\u00f1os de experiencia y est\u00e1n acreditados por FIDI.<\/p>\n<p>Hilldrup ofrece soluciones de mudanza adaptadas a sus necesidades, con una gama de servicios que incluye desde servicios completos de embalaje hasta opciones de bricolaje. Disponen de un asesor de mudanzas como \u00fanico punto de contacto durante todo el proceso. Su servicio de embalaje utiliza los mejores materiales y embala y encajona a medida los objetos fr\u00e1giles.<\/p>\n<p>P\u00e1gina web: <a href=\"https:\/\/www.hilldrup.com\/\" target=\"_blank\" rel=\"noopener\">https:\/\/www.hilldrup.com\/\/<\/a><\/p>\n<h2><span class=\"ez-toc-section\" id=\"3_Sandhills_Moving_Storage\"><\/span><strong>3. Sandhills Moving &amp; Storage<\/strong><span class=\"ez-toc-section-end\"><\/span><\/h2>\n<p><img loading=\"lazy\" decoding=\"async\" class=\"alignnone size-full wp-image-11433\" src=\"https:\/\/moverdb.com\/wp-content\/uploads\/Sandhill-Moving-Storage-international-moving-company.png\" alt=\"Sandhill Moving &amp; Storage empresa de mudanzas internacionales\" width=\"1440\" height=\"676\" data-wp-pid=\"11433\" srcset=\"https:\/\/moverdb.com\/wp-content\/uploads\/Sandhill-Moving-Storage-international-moving-company.png 1440w, https:\/\/moverdb.com\/wp-content\/uploads\/Sandhill-Moving-Storage-international-moving-company-300x141.png 300w, https:\/\/moverdb.com\/wp-content\/uploads\/Sandhill-Moving-Storage-international-moving-company-1024x481.png 1024w, https:\/\/moverdb.com\/wp-content\/uploads\/Sandhill-Moving-Storage-international-moving-company-18x8.png 18w, https:\/\/moverdb.com\/wp-content\/uploads\/Sandhill-Moving-Storage-international-moving-company-600x282.png 600w\" sizes=\"auto, (max-width: 1440px) 100vw, 1440px\" \/><\/p>\n<ul>\n<li>Mudanzas locales y de larga distancia<\/li>\n<li>Traslados internacionales<\/li>\n<li>Mudanzas residenciales<\/li>\n<li>Mudanzas comerciales y de oficinas<\/li>\n<li>Coordinador de mudanzas personales<\/li>\n<li>Servicio de embalaje<\/li>\n<li>Medios de transporte<\/li>\n<li>Apoyo aduanero<\/li>\n<li>Seguimiento del env\u00edo<\/li>\n<li>Instalaciones de almacenamiento<\/li>\n<\/ul>\n<p>Sandhills Moving &amp; Storage es una empresa de mudanzas especializada en transporte y almacenamiento con sedes en Southern Pines, Sanford y Pittsboro. Son una empresa de mudanzas Mayflower de servicio completo que les da acceso a una red internacional de agentes de mudanzas en m\u00e1s de 180 pa\u00edses, y son miembros de IAM.<\/p>\n<p>Sandhills Moving &amp; Storage ofrece servicios integrales de gesti\u00f3n de mudanzas y le asignar\u00e1 un coordinador de mudanzas personal que le ayudar\u00e1 durante todo el proceso. Ofrecen servicios de mudanza personalizados que incluyen servicios de embalaje, organizaci\u00f3n del transporte y gesti\u00f3n de documentaci\u00f3n y aduanas. Tambi\u00e9n ofrecen opciones de almacenamiento a corto plazo.<\/p>\n<p>P\u00e1gina web: <a href=\"http:\/\/www.sandhillsmoving.com\" target=\"_blank\" rel=\"noopener\">http:\/\/www.sandhillsmoving.com<\/a><\/p>\n<h2><span class=\"ez-toc-section\" id=\"4_Seacorp\"><\/span><strong>4. Seacorp<\/strong><span class=\"ez-toc-section-end\"><\/span><\/h2>\n<p><img loading=\"lazy\" decoding=\"async\" class=\"alignnone size-full wp-image-11438\" src=\"https:\/\/moverdb.com\/wp-content\/uploads\/Seacorp-international-moving-company.png\" alt=\"Empresa de mudanzas internacionales Seacorp\" width=\"1440\" height=\"676\" data-wp-pid=\"11438\" srcset=\"https:\/\/moverdb.com\/wp-content\/uploads\/Seacorp-international-moving-company.png 1440w, https:\/\/moverdb.com\/wp-content\/uploads\/Seacorp-international-moving-company-300x141.png 300w, https:\/\/moverdb.com\/wp-content\/uploads\/Seacorp-international-moving-company-1024x481.png 1024w, https:\/\/moverdb.com\/wp-content\/uploads\/Seacorp-international-moving-company-18x8.png 18w, https:\/\/moverdb.com\/wp-content\/uploads\/Seacorp-international-moving-company-600x282.png 600w\" sizes=\"auto, (max-width: 1440px) 100vw, 1440px\" \/><\/p>\n<ul>\n<li>Transporte nacional de mercanc\u00edas<\/li>\n<li>Transporte internacional de mercanc\u00edas<\/li>\n<li>Log\u00edstica puerta a puerta<\/li>\n<li>Gesti\u00f3n de env\u00edos<\/li>\n<li>Embalaje y paletizaci\u00f3n<\/li>\n<li>Transporte a\u00e9reo, mar\u00edtimo y por cami\u00f3n<\/li>\n<li>Seguimiento del env\u00edo<\/li>\n<li>Despacho de aduanas<\/li>\n<li>Importaci\u00f3n y exportaci\u00f3n<\/li>\n<li>Seguros<\/li>\n<\/ul>\n<p>Seacorp es una empresa de log\u00edstica creada en 1998 y con sede en Lincolnton, Carolina del Norte. Disponen de una amplia red mundial de agentes que les ayudan a prestar sus servicios en todo el mundo. Es miembro de IAM y cuenta con 25 a\u00f1os de experiencia.<\/p>\n<p>Seacorp buscar\u00e1 las tarifas m\u00e1s competitivas y los mejores tiempos de tr\u00e1nsito disponibles para su env\u00edo. Pueden organizar el transporte por aire, mar o cami\u00f3n. Ofrecen varias opciones de contenedores, incluidos contenedores completos y contenedores de menos de un contenedor completo. Sus servicios incluyen despacho de exportaci\u00f3n y seguro mar\u00edtimo.<\/p>\n<p>P\u00e1gina web: <a href=\"http:\/\/www.seacorpnc.com\" target=\"_blank\" rel=\"noopener\">http:\/\/www.seacorpnc.com<\/a><\/p>\n<h2><span class=\"ez-toc-section\" id=\"5_Zippy_Shell\"><\/span><strong>5. Concha Zippy<\/strong><span class=\"ez-toc-section-end\"><\/span><\/h2>\n<p><img loading=\"lazy\" decoding=\"async\" class=\"alignnone size-full wp-image-11483\" src=\"https:\/\/moverdb.com\/wp-content\/uploads\/Zippy-Shell-international-moving-company.png\" alt=\"Empresa de mudanzas internacionales Zippy Shell\" width=\"1440\" height=\"676\" data-wp-pid=\"11483\" srcset=\"https:\/\/moverdb.com\/wp-content\/uploads\/Zippy-Shell-international-moving-company.png 1440w, https:\/\/moverdb.com\/wp-content\/uploads\/Zippy-Shell-international-moving-company-300x141.png 300w, https:\/\/moverdb.com\/wp-content\/uploads\/Zippy-Shell-international-moving-company-1024x481.png 1024w, https:\/\/moverdb.com\/wp-content\/uploads\/Zippy-Shell-international-moving-company-18x8.png 18w, https:\/\/moverdb.com\/wp-content\/uploads\/Zippy-Shell-international-moving-company-600x282.png 600w\" sizes=\"auto, (max-width: 1440px) 100vw, 1440px\" \/><\/p>\n<ul>\n<li>Traslados locales<\/li>\n<li>Mudanzas de larga distancia<\/li>\n<li>Mudanzas residenciales<\/li>\n<li>Desplazamientos de empresas<\/li>\n<li>Punto de contacto \u00fanico<\/li>\n<li>Servicio puerta a puerta<\/li>\n<li>Servicios de embalaje a trav\u00e9s de terceros<\/li>\n<li>Entrega de camiones<\/li>\n<li>Transporte en coche<\/li>\n<li>Soluciones de almacenamiento seguro<\/li>\n<\/ul>\n<p>Zippy Shell es una empresa de mudanzas y almacenamiento con sede en Wake Forest. Ofrecen mudanzas locales y de larga distancia y soluciones de almacenamiento en el <a href=\"https:\/\/moverdb.com\/es\/moving-to-the-united-states\/\" data-internallinksmanager029f6b8e52c=\"94\" title=\"\u00bfSe muda a Estados Unidos? 2026 Costes de vida y consejos de reubicaci\u00f3n\">EE.UU.<\/a> utilizando sus propios camiones y contenedores. Son miembros de IAM con 14 a\u00f1os de experiencia.<\/p>\n<p>Zippy Shell ofrece soluciones de mudanza y almacenamiento \u00fanicas y port\u00e1tiles, ya que le entregan un contenedor port\u00e1til y le permiten hasta tres d\u00edas para embalarlo usted mismo o utilizar un servicio de embalaje de terceros. Recoger\u00e1n el contenedor port\u00e1til y lo llevar\u00e1n a su destino o lo almacenar\u00e1n en sus instalaciones seguras en todo el pa\u00eds a corto o largo plazo.<\/p>\n<p>P\u00e1gina web: <a href=\"http:\/\/zippyshell.com\" target=\"_blank\" rel=\"noopener\">http:\/\/zippyshell.com<\/a><\/p>","protected":false},"excerpt":{"rendered":"<p>Moving can be one of the most stressful times in your life so why not reduce the pressure by employing a moving company to do some of the work for you? This can include planning the move, packing your belongings, arranging transport and handling customs. Below we have compiled a list of North Carolina based [&hellip;]<\/p>\n","protected":false},"author":4,"featured_media":11251,"parent":190,"menu_order":0,"comment_status":"closed","ping_status":"closed","template":"","meta":{"_genesis_hide_title":false,"_genesis_hide_breadcrumbs":false,"_genesis_hide_singular_image":false,"_genesis_hide_footer_widgets":false,"_genesis_custom_body_class":"","_genesis_custom_post_class":"","_genesis_layout":"","footnotes":""},"class_list":{"0":"post-11645","1":"page","2":"type-page","3":"status-publish","4":"has-post-thumbnail","6":"entry"},"_links":{"self":[{"href":"https:\/\/moverdb.com\/es\/wp-json\/wp\/v2\/pages\/11645","targetHints":{"allow":["GET"]}}],"collection":[{"href":"https:\/\/moverdb.com\/es\/wp-json\/wp\/v2\/pages"}],"about":[{"href":"https:\/\/moverdb.com\/es\/wp-json\/wp\/v2\/types\/page"}],"author":[{"embeddable":true,"href":"https:\/\/moverdb.com\/es\/wp-json\/wp\/v2\/users\/4"}],"replies":[{"embeddable":true,"href":"https:\/\/moverdb.com\/es\/wp-json\/wp\/v2\/comments?post=11645"}],"version-history":[{"count":2,"href":"https:\/\/moverdb.com\/es\/wp-json\/wp\/v2\/pages\/11645\/revisions"}],"predecessor-version":[{"id":11647,"href":"https:\/\/moverdb.com\/es\/wp-json\/wp\/v2\/pages\/11645\/revisions\/11647"}],"up":[{"embeddable":true,"href":"https:\/\/moverdb.com\/es\/wp-json\/wp\/v2\/pages\/190"}],"wp:featuredmedia":[{"embeddable":true,"href":"https:\/\/moverdb.com\/es\/wp-json\/wp\/v2\/media\/11251"}],"wp:attachment":[{"href":"https:\/\/moverdb.com\/es\/wp-json\/wp\/v2\/media?parent=11645"}],"curies":[{"name":"wp","href":"https:\/\/api.w.org\/{rel}","templated":true}]}}