{"id":11624,"date":"2023-11-22T15:50:03","date_gmt":"2023-11-22T15:50:03","guid":{"rendered":"https:\/\/moverdb.com\/?page_id=11624"},"modified":"2026-01-08T15:30:12","modified_gmt":"2026-01-08T15:30:12","slug":"moving-companies-nevada","status":"publish","type":"page","link":"https:\/\/moverdb.com\/es\/moving-companies\/moving-companies-nevada\/","title":{"rendered":"Las mejores empresas de mudanzas internacionales en Nevada"},"content":{"rendered":"<p>Una mudanza puede ser uno de los momentos m\u00e1s estresantes de la vida, as\u00ed que \u00bfpor qu\u00e9 intentarlo todo uno mismo? A <a href=\"https:\/\/moverdb.com\/es\/moving-companies\/\" data-internallinksmanager029f6b8e52c=\"79\" title=\"Las 25 mejores empresas de mudanzas internacionales en l\u00ednea\">empresa de mudanzas<\/a> puede encargarse de muchas de las tareas, como organizar la mudanza, organizar el transporte, embalar y completar el papeleo. A continuaci\u00f3n hemos recopilado una lista de <a href=\"https:\/\/moverdb.com\/es\/moving-to-the-united-states\/moving-to-nevada\/\" data-internallinksmanager029f6b8e52c=\"457\" title=\"\u00bfMudarse a Nevada? 2026 Coste de la vida y consejos de reubicaci\u00f3n\">Nevada<\/a> basado en <a href=\"https:\/\/moverdb.com\/es\/international-removals\/\" data-internallinksmanager029f6b8e52c=\"27\" title=\"36 mejores empresas de mudanzas internacionales del Reino Unido\">empresas de mudanzas<\/a> que son miembros de la <a href=\"https:\/\/moverdb.com\/es\/iam\/\" data-internallinksmanager029f6b8e52c=\"23\" title=\"Explicaci\u00f3n de la Asociaci\u00f3n Internacional de Empresas de Mudanzas (IAM)\">Asociaci\u00f3n Internacional de Empresas de Mudanzas<\/a> (IAM) y\/o <a href=\"https:\/\/moverdb.com\/es\/fidi-faim\/\" data-internallinksmanager029f6b8e52c=\"16\" title=\"Explicaci\u00f3n del FIDI y del FAIM (FIDI Accredited International Mover)\">FIDI<\/a> Empresa de mudanzas internacionales acreditada (FAIM) que podr\u00eda ayudarle con su mudanza.<\/p>\n<h2><strong>RenoRelo<\/strong><\/h2>\n<p><img loading=\"lazy\" decoding=\"async\" class=\"alignnone size-full wp-image-11423\" src=\"https:\/\/moverdb.com\/wp-content\/uploads\/RenoRelo-international-moving-company.png\" alt=\"RenoRelo empresa de mudanzas internacionales\" width=\"1440\" height=\"679\" data-wp-pid=\"11423\" srcset=\"https:\/\/moverdb.com\/wp-content\/uploads\/RenoRelo-international-moving-company.png 1440w, https:\/\/moverdb.com\/wp-content\/uploads\/RenoRelo-international-moving-company-300x141.png 300w, https:\/\/moverdb.com\/wp-content\/uploads\/RenoRelo-international-moving-company-1024x483.png 1024w, https:\/\/moverdb.com\/wp-content\/uploads\/RenoRelo-international-moving-company-18x8.png 18w, https:\/\/moverdb.com\/wp-content\/uploads\/RenoRelo-international-moving-company-600x283.png 600w\" sizes=\"auto, (max-width: 1440px) 100vw, 1440px\" \/><\/p>\n<ul>\n<li>Traslados locales y nacionales<\/li>\n<li>Traslados en todo el mundo<\/li>\n<li>Mudanzas residenciales<\/li>\n<li>Mudanzas comerciales y de oficinas<\/li>\n<li>Desplazamientos de empresas<\/li>\n<li>Soluciones integrales<\/li>\n<li>Servicio de embalaje<\/li>\n<li>Embalaje<\/li>\n<li>Medios de transporte<\/li>\n<li>Instalaciones de almacenamiento<\/li>\n<\/ul>\n<p>RenoRelo es una empresa de mudanzas de servicio completo con sedes en Reno, Spokane y Boise. Son un agente de United Van Lines que les da una red de empresas de mudanzas para trabajar con ellos para ofrecer sus servicios fuera de sus \u00e1reas de operaci\u00f3n. Son miembros de IAM con cinco a\u00f1os de experiencia.<\/p>\n<p>RenoRelo ofrece soluciones completas de mudanzas residenciales, comerciales y de oficinas, as\u00ed como traslados corporativos dentro de la <a href=\"https:\/\/moverdb.com\/es\/moving-to-the-united-states\/\" data-internallinksmanager029f6b8e52c=\"94\" title=\"\u00bfSe muda a Estados Unidos? 2026 Costes de vida y consejos de reubicaci\u00f3n\">EE.UU.<\/a> e internacionalmente. Proporcionan servicios de embalaje y empaquetado para proteger sus pertenencias en tr\u00e1nsito. Organizar\u00e1n el transporte de sus pertenencias y se coordinar\u00e1n con terceros para su entrega en destino.<\/p>\n<p>P\u00e1gina web: <a href=\"http:\/\/renoreloww.com\" target=\"_blank\" rel=\"noopener\">http:\/\/renoreloww.com<\/a><\/p>\n<h2>Otras gu\u00edas \u00fatiles sobre Estados Unidos<\/h2>\n<ul>\n<li> <a href=\"https:\/\/moverdb.com\/es\/mudanza-a-los-estados-unidos-2022-costes-de-la-vivienda-consejos-para-el-traslado\/moving-to-las-vegas\/\">\u00bfSe muda a Las Vegas? 2026 Coste de la vida y consejos para el traslado<\/a><\/li>\n<li> <a href=\"https:\/\/moverdb.com\/es\/mudanza-a-los-estados-unidos-2022-costes-de-la-vivienda-consejos-para-el-traslado\/moving-to-nevada\/\">\u00bfMudarse a Nevada? 2026 Coste de la vida y consejos de reubicaci\u00f3n<\/a><\/li>\n<li> <a href=\"https:\/\/moverdb.com\/es\/mudanza-a-los-estados-unidos-2022-costes-de-la-vivienda-consejos-para-el-traslado\/movers-cost\/\">\u00bfCu\u00e1nto cuesta contratar una mudanza? Gu\u00eda del ahorro en EE.UU. 2024<\/a><\/li>\n<li> <a href=\"https:\/\/moverdb.com\/es\/mudanza-a-los-estados-unidos-2022-costes-de-la-vivienda-consejos-para-el-traslado\/\">\u00bfSe muda a Estados Unidos? 2026 Costes de vida y consejos de reubicaci\u00f3n<\/a><\/li>\n<li> <a href=\"https:\/\/moverdb.com\/es\/mudanza-a-los-estados-unidos-2022-costes-de-la-vivienda-consejos-para-el-traslado\/places-to-live-in-the-us\/\">Los 13 mejores lugares para vivir en Estados Unidos<\/a><\/li>\n<li> <a href=\"https:\/\/moverdb.com\/es\/mudanza-a-los-estados-unidos-2022-costes-de-la-vivienda-consejos-para-el-traslado\/vivir-2\/\">21 secretos sobre la vida en Estados Unidos que hay que conocer antes de mudarse<\/a><\/li>\n<\/ul>","protected":false},"excerpt":{"rendered":"<p>Moving can be one of the most stressful times in your life so why try to do it all by yourself? A moving company can take on many of the tasks such as organising the move, arranging transport, packing and completing paperwork. Below we have compiled a list of Nevada based removal companies that are [&hellip;]<\/p>\n","protected":false},"author":4,"featured_media":11423,"parent":190,"menu_order":0,"comment_status":"closed","ping_status":"closed","template":"","meta":{"_genesis_hide_title":false,"_genesis_hide_breadcrumbs":false,"_genesis_hide_singular_image":false,"_genesis_hide_footer_widgets":false,"_genesis_custom_body_class":"","_genesis_custom_post_class":"","_genesis_layout":"","footnotes":""},"class_list":{"0":"post-11624","1":"page","2":"type-page","3":"status-publish","4":"has-post-thumbnail","6":"entry"},"_links":{"self":[{"href":"https:\/\/moverdb.com\/es\/wp-json\/wp\/v2\/pages\/11624","targetHints":{"allow":["GET"]}}],"collection":[{"href":"https:\/\/moverdb.com\/es\/wp-json\/wp\/v2\/pages"}],"about":[{"href":"https:\/\/moverdb.com\/es\/wp-json\/wp\/v2\/types\/page"}],"author":[{"embeddable":true,"href":"https:\/\/moverdb.com\/es\/wp-json\/wp\/v2\/users\/4"}],"replies":[{"embeddable":true,"href":"https:\/\/moverdb.com\/es\/wp-json\/wp\/v2\/comments?post=11624"}],"version-history":[{"count":4,"href":"https:\/\/moverdb.com\/es\/wp-json\/wp\/v2\/pages\/11624\/revisions"}],"predecessor-version":[{"id":17660,"href":"https:\/\/moverdb.com\/es\/wp-json\/wp\/v2\/pages\/11624\/revisions\/17660"}],"up":[{"embeddable":true,"href":"https:\/\/moverdb.com\/es\/wp-json\/wp\/v2\/pages\/190"}],"wp:featuredmedia":[{"embeddable":true,"href":"https:\/\/moverdb.com\/es\/wp-json\/wp\/v2\/media\/11423"}],"wp:attachment":[{"href":"https:\/\/moverdb.com\/es\/wp-json\/wp\/v2\/media?parent=11624"}],"curies":[{"name":"wp","href":"https:\/\/api.w.org\/{rel}","templated":true}]}}