{"id":11617,"date":"2023-11-29T10:32:37","date_gmt":"2023-11-29T10:32:37","guid":{"rendered":"https:\/\/moverdb.com\/?page_id=11617"},"modified":"2026-01-08T15:24:23","modified_gmt":"2026-01-08T15:24:23","slug":"moving-companies-us-minnesota","status":"publish","type":"page","link":"https:\/\/moverdb.com\/es\/moving-companies\/moving-companies-us-minnesota\/","title":{"rendered":"3 Mejores Empresas de Mudanzas Internacionales en Minnesota"},"content":{"rendered":"<p>Una mudanza puede suponer un gran trastorno y hay mucho que organizar, as\u00ed que \u00bfpor qu\u00e9 no se quita un poco de presi\u00f3n dejando que un <a href=\"https:\/\/moverdb.com\/es\/moving-companies\/\" data-internallinksmanager029f6b8e52c=\"79\" title=\"Las 25 mejores empresas de mudanzas internacionales en l\u00ednea\">empresa de mudanzas<\/a> encargarse de sus pertenencias? Pueden organizar la log\u00edstica de su mudanza, as\u00ed como el embalaje y ocuparse de los tr\u00e1mites aduaneros si es necesario. A continuaci\u00f3n hemos recopilado una lista de <a href=\"https:\/\/moverdb.com\/es\/moving-to-the-united-states\/moving-to-minnesota\/\" data-internallinksmanager029f6b8e52c=\"443\" title=\"\u00bfMudarse a Minnesota? 2026 Coste de la vida y consejos para la reubicaci\u00f3n\">Minnesota<\/a> basado en <a href=\"https:\/\/moverdb.com\/es\/international-removals\/\" data-internallinksmanager029f6b8e52c=\"27\" title=\"36 mejores empresas de mudanzas internacionales del Reino Unido\">empresas de mudanzas<\/a> que son miembros de la <a href=\"https:\/\/moverdb.com\/es\/iam\/\" data-internallinksmanager029f6b8e52c=\"23\" title=\"Explicaci\u00f3n de la Asociaci\u00f3n Internacional de Empresas de Mudanzas (IAM)\">Asociaci\u00f3n Internacional de Empresas de Mudanzas<\/a> (IAM) y\/o <a href=\"https:\/\/moverdb.com\/es\/fidi-faim\/\" data-internallinksmanager029f6b8e52c=\"16\" title=\"Explicaci\u00f3n del FIDI y del FAIM (FIDI Accredited International Mover)\">FIDI<\/a> Empresa de mudanzas internacionales acreditada (FAIM) que podr\u00eda ayudarle con su mudanza.<\/p>\n<h2><strong>1. Action Moving Services<\/strong><\/h2>\n<p><img loading=\"lazy\" decoding=\"async\" class=\"alignnone size-full wp-image-11242\" src=\"https:\/\/moverdb.com\/wp-content\/uploads\/Action-Moving-Services-international-moving-company.png\" alt=\"Action Moving Services empresa de mudanzas internacionales\" width=\"1440\" height=\"678\" data-wp-pid=\"11242\" srcset=\"https:\/\/moverdb.com\/wp-content\/uploads\/Action-Moving-Services-international-moving-company.png 1440w, https:\/\/moverdb.com\/wp-content\/uploads\/Action-Moving-Services-international-moving-company-300x141.png 300w, https:\/\/moverdb.com\/wp-content\/uploads\/Action-Moving-Services-international-moving-company-1024x482.png 1024w, https:\/\/moverdb.com\/wp-content\/uploads\/Action-Moving-Services-international-moving-company-18x8.png 18w, https:\/\/moverdb.com\/wp-content\/uploads\/Action-Moving-Services-international-moving-company-600x283.png 600w\" sizes=\"auto, (max-width: 1440px) 100vw, 1440px\" \/><\/p>\n<ul>\n<li>Mudanzas locales y de larga distancia<\/li>\n<li>Traslados internacionales<\/li>\n<li>Mudanzas dom\u00e9sticas<\/li>\n<li>Mudanzas de oficinas e industriales<\/li>\n<li>Desplazamientos de empresas<\/li>\n<li>Soluciones integrales<\/li>\n<li>Servicio de embalaje<\/li>\n<li>Apoyo aduanero<\/li>\n<li>Manipulaci\u00f3n de obras de arte<\/li>\n<li>Servicios de almacenamiento<\/li>\n<\/ul>\n<p>Action Moving Services es una empresa de mudanzas locales e internacionales con sede en el sur de Burnsville. Son un agente interestatal para Atlas Van Lines que les proporciona una red nacional e internacional de agentes en movimiento para trabajar. Son miembros de IAM con 42 a\u00f1os de experiencia.<\/p>\n<p>Action Moving Services ofrece servicios integrales de mudanza y traslado que se encargar\u00e1n de todos los aspectos de su mudanza. Sus servicios incluyen embalar sus pertenencias de forma segura para el tr\u00e1nsito y desembalarlas al llegar a su destino. Organizar\u00e1n el transporte de sus pertenencias y le ayudar\u00e1n con los tr\u00e1mites de aduana.<\/p>\n<p>P\u00e1gina web: <a href=\"http:\/\/actionmoving.com\/\" target=\"_blank\" rel=\"noopener\">http:\/\/actionmoving.com\/<\/a><\/p>\n<h2><strong>2. Beltmann Mudanzas y Guardamuebles<\/strong><\/h2>\n<p><img loading=\"lazy\" decoding=\"async\" class=\"alignnone size-full wp-image-11269\" src=\"https:\/\/moverdb.com\/wp-content\/uploads\/Beltmann-Relocation-Group-international-moving-company.png\" alt=\"Empresa de mudanzas internacionales Beltmann Relocation Group\" width=\"1440\" height=\"682\" data-wp-pid=\"11269\" srcset=\"https:\/\/moverdb.com\/wp-content\/uploads\/Beltmann-Relocation-Group-international-moving-company.png 1440w, https:\/\/moverdb.com\/wp-content\/uploads\/Beltmann-Relocation-Group-international-moving-company-300x142.png 300w, https:\/\/moverdb.com\/wp-content\/uploads\/Beltmann-Relocation-Group-international-moving-company-1024x485.png 1024w, https:\/\/moverdb.com\/wp-content\/uploads\/Beltmann-Relocation-Group-international-moving-company-18x9.png 18w, https:\/\/moverdb.com\/wp-content\/uploads\/Beltmann-Relocation-Group-international-moving-company-600x284.png 600w\" sizes=\"auto, (max-width: 1440px) 100vw, 1440px\" \/><\/p>\n<ul>\n<li>Traslados locales y nacionales<\/li>\n<li>Traslados internacionales<\/li>\n<li>Mudanzas residenciales<\/li>\n<li>Traslado de oficinas<\/li>\n<li>Desplazamientos de empresas<\/li>\n<li>Coordinador de mudanzas<\/li>\n<li>Servicio de embalaje<\/li>\n<li>Organizaci\u00f3n del transporte<\/li>\n<li>Tramitaci\u00f3n aduanera<\/li>\n<li>Almacenamiento seguro a corto y largo plazo<\/li>\n<\/ul>\n<p>Beltmann Moving &amp; Storage es una empresa de mudanzas que opera desde 1923 y que cuenta con 11 centros en toda Espa\u00f1a. <a href=\"https:\/\/moverdb.com\/es\/moving-to-the-united-states\/\" data-internallinksmanager029f6b8e52c=\"94\" title=\"\u00bfSe muda a Estados Unidos? 2026 Costes de vida y consejos de reubicaci\u00f3n\">EE.UU.<\/a> incluyendo Roseville. Son un agente de North American Van Lines que les da acceso a una red global de empresas de mudanzas y almacenamiento. Son miembros de IAM con 25 a\u00f1os de experiencia.<\/p>\n<p>Beltmann Moving &amp; Storage le ayudar\u00e1 a agilizar su mudanza empezando por programar un presupuesto de mudanza gratuito. Disponen de un coordinador de mudanzas para ayudarle y personalizar\u00e1n sus servicios para satisfacer sus necesidades. Ofrecen un servicio de embalaje que incluye el desmontaje y montaje de muebles, y el desembalaje a la llegada.<\/p>\n<p>P\u00e1gina web: <a href=\"http:\/\/www.beltmann.com\" target=\"_blank\" rel=\"noopener\">http:\/\/www.beltmann.com<\/a><\/p>\n<h2><strong>3. Berger Mudanzas y Guardamuebles<\/strong><\/h2>\n<p><img loading=\"lazy\" decoding=\"async\" class=\"alignnone size-full wp-image-11270\" src=\"https:\/\/moverdb.com\/wp-content\/uploads\/Berger-Moving-Storage-international-moving-company.png\" alt=\"Berger Moving &amp; Storage empresa de mudanzas internacionales\" width=\"1440\" height=\"677\" data-wp-pid=\"11270\" srcset=\"https:\/\/moverdb.com\/wp-content\/uploads\/Berger-Moving-Storage-international-moving-company.png 1440w, https:\/\/moverdb.com\/wp-content\/uploads\/Berger-Moving-Storage-international-moving-company-300x141.png 300w, https:\/\/moverdb.com\/wp-content\/uploads\/Berger-Moving-Storage-international-moving-company-1024x481.png 1024w, https:\/\/moverdb.com\/wp-content\/uploads\/Berger-Moving-Storage-international-moving-company-18x8.png 18w, https:\/\/moverdb.com\/wp-content\/uploads\/Berger-Moving-Storage-international-moving-company-600x282.png 600w\" sizes=\"auto, (max-width: 1440px) 100vw, 1440px\" \/><\/p>\n<ul>\n<li>Mudanzas locales y de larga distancia<\/li>\n<li>Traslados internacionales<\/li>\n<li>Mudanzas dom\u00e9sticas<\/li>\n<li>Mudanzas comerciales<\/li>\n<li>Coordinador de traslados<\/li>\n<li>Servicio de embalaje<\/li>\n<li>Inventario de art\u00edculos<\/li>\n<li>Organizaci\u00f3n del transporte<\/li>\n<li>Despacho de aduanas<\/li>\n<li>Almacenamiento a corto plazo<\/li>\n<\/ul>\n<p>Berger Moving &amp; Storage es una empresa de servicios de transporte fundada en 1910 y con sede en Saint Paul que cuenta con una red de 16 centros en todo el pa\u00eds. Son un agente de Allied Van Lines que es una red internacional de agentes de mudanzas. Son miembros de IAM con 113 a\u00f1os de experiencia.<\/p>\n<p>Berger Moving &amp; Storage ofrece un presupuesto gratuito de mudanza a domicilio o virtual con un asesor de mudanzas internacionales. Un coordinador de mudanzas le guiar\u00e1 a lo largo del proceso e identificar\u00e1 los tr\u00e1mites necesarios. Su servicio de embalaje utiliza m\u00e9todos y materiales de embalaje internacionales para proteger sus art\u00edculos y crear\u00e1 un inventario.<\/p>\n<p>P\u00e1gina web: <a href=\"https:\/\/www.bergerallied.com\" target=\"_blank\" rel=\"noopener\">https:\/\/www.bergerallied.com<\/a><\/p>","protected":false},"excerpt":{"rendered":"<p>Moving can be a big upheaval and there is a lot to arrange, so why not take some of the pressure off by letting a moving company handle your belongings? They can organise the logistics of your move as well as packing and deal with customs if needed. Below we have compiled a list of [&hellip;]<\/p>\n","protected":false},"author":4,"featured_media":11242,"parent":190,"menu_order":0,"comment_status":"closed","ping_status":"closed","template":"","meta":{"_genesis_hide_title":false,"_genesis_hide_breadcrumbs":false,"_genesis_hide_singular_image":false,"_genesis_hide_footer_widgets":false,"_genesis_custom_body_class":"","_genesis_custom_post_class":"","_genesis_layout":"","footnotes":""},"class_list":{"0":"post-11617","1":"page","2":"type-page","3":"status-publish","4":"has-post-thumbnail","6":"entry"},"_links":{"self":[{"href":"https:\/\/moverdb.com\/es\/wp-json\/wp\/v2\/pages\/11617","targetHints":{"allow":["GET"]}}],"collection":[{"href":"https:\/\/moverdb.com\/es\/wp-json\/wp\/v2\/pages"}],"about":[{"href":"https:\/\/moverdb.com\/es\/wp-json\/wp\/v2\/types\/page"}],"author":[{"embeddable":true,"href":"https:\/\/moverdb.com\/es\/wp-json\/wp\/v2\/users\/4"}],"replies":[{"embeddable":true,"href":"https:\/\/moverdb.com\/es\/wp-json\/wp\/v2\/comments?post=11617"}],"version-history":[{"count":1,"href":"https:\/\/moverdb.com\/es\/wp-json\/wp\/v2\/pages\/11617\/revisions"}],"predecessor-version":[{"id":11618,"href":"https:\/\/moverdb.com\/es\/wp-json\/wp\/v2\/pages\/11617\/revisions\/11618"}],"up":[{"embeddable":true,"href":"https:\/\/moverdb.com\/es\/wp-json\/wp\/v2\/pages\/190"}],"wp:featuredmedia":[{"embeddable":true,"href":"https:\/\/moverdb.com\/es\/wp-json\/wp\/v2\/media\/11242"}],"wp:attachment":[{"href":"https:\/\/moverdb.com\/es\/wp-json\/wp\/v2\/media?parent=11617"}],"curies":[{"name":"wp","href":"https:\/\/api.w.org\/{rel}","templated":true}]}}