{"id":11602,"date":"2023-11-29T10:33:42","date_gmt":"2023-11-29T10:33:42","guid":{"rendered":"https:\/\/moverdb.com\/?page_id=11602"},"modified":"2026-01-08T15:24:17","modified_gmt":"2026-01-08T15:24:17","slug":"moving-companies-us-jacksonville","status":"publish","type":"page","link":"https:\/\/moverdb.com\/es\/moving-companies\/moving-companies-us-jacksonville\/","title":{"rendered":"3 Mejores Empresas de Mudanzas Internacionales en Jacksonville"},"content":{"rendered":"<p>Si est\u00e1 planeando una mudanza local, nacional o internacional desde o hacia Jacksonville, es posible que necesite ayuda. <a href=\"https:\/\/moverdb.com\/es\/moving-companies\/\" data-internallinksmanager029f6b8e52c=\"79\" title=\"Las 25 mejores empresas de mudanzas internacionales en l\u00ednea\">Empresas de mudanzas<\/a> ofrecen una gran variedad de ayuda que incluye servicios de planificaci\u00f3n, embalaje, transporte, tramitaci\u00f3n aduanera y desembalaje. A continuaci\u00f3n hemos recopilado una lista de empresas con sede en Jacksonville <a href=\"https:\/\/moverdb.com\/es\/international-removals\/\" data-internallinksmanager029f6b8e52c=\"27\" title=\"36 mejores empresas de mudanzas internacionales del Reino Unido\">empresas de mudanzas<\/a> que son miembros de la <a href=\"https:\/\/moverdb.com\/es\/iam\/\" data-internallinksmanager029f6b8e52c=\"23\" title=\"Explicaci\u00f3n de la Asociaci\u00f3n Internacional de Empresas de Mudanzas (IAM)\">Asociaci\u00f3n Internacional de Empresas de Mudanzas<\/a> (IAM) y\/o <a href=\"https:\/\/moverdb.com\/es\/fidi-faim\/\" data-internallinksmanager029f6b8e52c=\"16\" title=\"Explicaci\u00f3n del FIDI y del FAIM (FIDI Accredited International Mover)\">FIDI<\/a> Empresa de mudanzas internacionales acreditada (FAIM) que podr\u00eda ayudarle con su mudanza.<\/p>\n<h2><strong>1. Conser Moving &amp; Storage<\/strong><\/h2>\n<p><img loading=\"lazy\" decoding=\"async\" class=\"alignnone size-full wp-image-11292\" src=\"https:\/\/moverdb.com\/wp-content\/uploads\/Conser-Moving-Storage-international-moving-company.png\" alt=\"Conser Moving &amp; Storage empresa de mudanzas internacionales\" width=\"1440\" height=\"681\" data-wp-pid=\"11292\" srcset=\"https:\/\/moverdb.com\/wp-content\/uploads\/Conser-Moving-Storage-international-moving-company.png 1440w, https:\/\/moverdb.com\/wp-content\/uploads\/Conser-Moving-Storage-international-moving-company-300x142.png 300w, https:\/\/moverdb.com\/wp-content\/uploads\/Conser-Moving-Storage-international-moving-company-1024x484.png 1024w, https:\/\/moverdb.com\/wp-content\/uploads\/Conser-Moving-Storage-international-moving-company-18x9.png 18w, https:\/\/moverdb.com\/wp-content\/uploads\/Conser-Moving-Storage-international-moving-company-600x284.png 600w\" sizes=\"auto, (max-width: 1440px) 100vw, 1440px\" \/><\/p>\n<ul>\n<li>Traslados locales<\/li>\n<li>Mudanzas de larga distancia<\/li>\n<li>Mudanzas residenciales<\/li>\n<li>Traslado de oficinas<\/li>\n<li>Servicio personalizado<\/li>\n<li>Opciones de mudanza<\/li>\n<li>Gesti\u00f3n de la mudanza<\/li>\n<li>Organizaci\u00f3n del transporte<\/li>\n<li>Mover la protecci\u00f3n<\/li>\n<li>Instalaciones de almacenamiento<\/li>\n<\/ul>\n<p>Conser Moving &amp; Storage es una empresa de mudanzas y traslados especializada en mudanzas dom\u00e9sticas y militares con sede en Jacksonville. Son agentes de Mayflower Transit, que lleva m\u00e1s de 90 a\u00f1os prestando servicios de mudanzas. Son miembros de IAM con 11 a\u00f1os de experiencia.<\/p>\n<p>Conser Moving &amp; Storage le proporcionar\u00e1 todo el apoyo que necesite para su mudanza, permiti\u00e9ndole elaborar un plan de mudanza con opciones personalizables para los servicios que necesite. Le ayudar\u00e1n a encontrar el plan de mudanza que mejor se adapte a sus necesidades, presupuesto y calendario.<\/p>\n<p>P\u00e1gina web: <a href=\"https:\/\/consermoving.com\" target=\"_blank\" rel=\"noopener\">https:\/\/consermoving.com<\/a><\/p>\n<h2><strong>2. DN Van Lines<\/strong><\/h2>\n<p><img loading=\"lazy\" decoding=\"async\" class=\"alignnone size-full wp-image-11307\" src=\"https:\/\/moverdb.com\/wp-content\/uploads\/DN-Van-Lines-international-moving-company.png\" alt=\"DN Van Lines empresa de mudanzas internacionales\" width=\"1440\" height=\"670\" data-wp-pid=\"11307\" srcset=\"https:\/\/moverdb.com\/wp-content\/uploads\/DN-Van-Lines-international-moving-company.png 1440w, https:\/\/moverdb.com\/wp-content\/uploads\/DN-Van-Lines-international-moving-company-300x140.png 300w, https:\/\/moverdb.com\/wp-content\/uploads\/DN-Van-Lines-international-moving-company-1024x476.png 1024w, https:\/\/moverdb.com\/wp-content\/uploads\/DN-Van-Lines-international-moving-company-18x8.png 18w, https:\/\/moverdb.com\/wp-content\/uploads\/DN-Van-Lines-international-moving-company-600x279.png 600w\" sizes=\"auto, (max-width: 1440px) 100vw, 1440px\" \/><\/p>\n<ul>\n<li>Mudanzas locales e interestatales<\/li>\n<li>Traslados internacionales<\/li>\n<li>Mudanzas dom\u00e9sticas<\/li>\n<li>Traslados de oficinas y locales comerciales<\/li>\n<li>Gestor personal de reubicaci\u00f3n<\/li>\n<li>Servicios de embalaje<\/li>\n<li>Gesti\u00f3n de inventarios<\/li>\n<li>Organizaci\u00f3n del transporte<\/li>\n<li>Seguros<\/li>\n<li>Servicios de almacenamiento<\/li>\n<\/ul>\n<p>DN Van Lines es una empresa de mudanzas y almacenamiento fundada en 2001 con sedes en Jacksonville, <a href=\"https:\/\/moverdb.com\/es\/moving-to-the-united-states\/moving-to-massachusetts\/\" data-internallinksmanager029f6b8e52c=\"412\" title=\"\u00bfSe muda a Massachusetts? 2026 Costes de vida y consejos de reubicaci\u00f3n\">Massachusetts<\/a> y <a href=\"https:\/\/moverdb.com\/es\/moving-to-the-united-states\/moving-to-virginia\/\" data-internallinksmanager029f6b8e52c=\"442\" title=\"\u00bfMudarse a Virginia? 2026 Coste de la vida y consejos para la reubicaci\u00f3n\">Virginia<\/a>. Trabajan con una red de confianza de proveedores de servicios de mudanzas de todo el mundo para ayudarles. Son miembros de IAM con 14 a\u00f1os de experiencia.<\/p>\n<p>DN Van Lines ofrece un presupuesto gratuito y un estudio a domicilio o virtual para evaluar sus necesidades de mudanza. Proporcionan un gestor de reubicaci\u00f3n personal que crear\u00e1 un plan de mudanza detallado adaptado a sus necesidades y le asistir\u00e1 durante toda la mudanza. Proporcionan un servicio de embalaje que incluir\u00e1 un inventario detallado de sus art\u00edculos.<\/p>\n<p>P\u00e1gina web: <a href=\"http:\/\/www.dnvanlines.com\" target=\"_blank\" rel=\"noopener\">http:\/\/www.dnvanlines.com<\/a><\/p>\n<h2><strong>3. Suddath<\/strong><\/h2>\n<p><img loading=\"lazy\" decoding=\"async\" class=\"alignnone size-full wp-image-11450\" src=\"https:\/\/moverdb.com\/wp-content\/uploads\/Suddath-international-moving-company.png\" alt=\"Empresa de mudanzas internacionales Suddath\" width=\"1440\" height=\"677\" data-wp-pid=\"11450\" srcset=\"https:\/\/moverdb.com\/wp-content\/uploads\/Suddath-international-moving-company.png 1440w, https:\/\/moverdb.com\/wp-content\/uploads\/Suddath-international-moving-company-300x141.png 300w, https:\/\/moverdb.com\/wp-content\/uploads\/Suddath-international-moving-company-1024x481.png 1024w, https:\/\/moverdb.com\/wp-content\/uploads\/Suddath-international-moving-company-18x8.png 18w, https:\/\/moverdb.com\/wp-content\/uploads\/Suddath-international-moving-company-600x282.png 600w\" sizes=\"auto, (max-width: 1440px) 100vw, 1440px\" \/><\/p>\n<ul>\n<li>Mudanzas locales y de larga distancia<\/li>\n<li>Traslados internacionales<\/li>\n<li>Mudanzas dom\u00e9sticas<\/li>\n<li>Mudanzas comerciales<\/li>\n<li>Servicio integral<\/li>\n<li>Servicio de embalaje<\/li>\n<li>Apoyo aduanero<\/li>\n<li>Transporte de veh\u00edculos y mascotas<\/li>\n<li>Seguros<\/li>\n<li>Almacenamiento a corto y largo plazo<\/li>\n<\/ul>\n<p>Suddath es una empresa de mudanzas y log\u00edstica fundada en 1919 en Jacksonville y que cuenta con 19 sedes m\u00e1s en el <a href=\"https:\/\/moverdb.com\/es\/moving-to-the-united-states\/\" data-internallinksmanager029f6b8e52c=\"94\" title=\"\u00bfSe muda a Estados Unidos? 2026 Costes de vida y consejos de reubicaci\u00f3n\">EE.UU.<\/a>. Cuentan con una red mundial de socios formada por empresas acreditadas que les ayuda a prestar servicios integrales en 180 pa\u00edses de todo el mundo. Son miembros de IAM y cuentan con 104 a\u00f1os de experiencia.<\/p>\n<p>Suddath le ofrece una ventanilla \u00fanica para todas sus necesidades de mudanza, con un asesor especializado en mudanzas que le ayudar\u00e1 en cada paso y dentro de su presupuesto. Ofrecen un enfoque personalizado y le guiar\u00e1n en los tr\u00e1mites de aduanas, documentaci\u00f3n y seguros. Tambi\u00e9n ofrecen servicios adicionales, como la instalaci\u00f3n y el servicio de limpieza.<\/p>\n<p>P\u00e1gina web: <a href=\"https:\/\/suddath.com\" target=\"_blank\" rel=\"noopener\">https:\/\/suddath.com<\/a><\/p>","protected":false},"excerpt":{"rendered":"<p>If you are planning a move locally, nationally or internationally to or from Jacksonville you may want some assistance. Moving companies offer a variety of help including planning, packing, transportation, customs handling and unpacking services. Below we have compiled a list of Jacksonville based removal companies that are members of the International Association of Movers [&hellip;]<\/p>\n","protected":false},"author":4,"featured_media":11292,"parent":190,"menu_order":0,"comment_status":"closed","ping_status":"closed","template":"","meta":{"_genesis_hide_title":false,"_genesis_hide_breadcrumbs":false,"_genesis_hide_singular_image":false,"_genesis_hide_footer_widgets":false,"_genesis_custom_body_class":"","_genesis_custom_post_class":"","_genesis_layout":"","footnotes":""},"class_list":{"0":"post-11602","1":"page","2":"type-page","3":"status-publish","4":"has-post-thumbnail","6":"entry"},"_links":{"self":[{"href":"https:\/\/moverdb.com\/es\/wp-json\/wp\/v2\/pages\/11602","targetHints":{"allow":["GET"]}}],"collection":[{"href":"https:\/\/moverdb.com\/es\/wp-json\/wp\/v2\/pages"}],"about":[{"href":"https:\/\/moverdb.com\/es\/wp-json\/wp\/v2\/types\/page"}],"author":[{"embeddable":true,"href":"https:\/\/moverdb.com\/es\/wp-json\/wp\/v2\/users\/4"}],"replies":[{"embeddable":true,"href":"https:\/\/moverdb.com\/es\/wp-json\/wp\/v2\/comments?post=11602"}],"version-history":[{"count":1,"href":"https:\/\/moverdb.com\/es\/wp-json\/wp\/v2\/pages\/11602\/revisions"}],"predecessor-version":[{"id":11603,"href":"https:\/\/moverdb.com\/es\/wp-json\/wp\/v2\/pages\/11602\/revisions\/11603"}],"up":[{"embeddable":true,"href":"https:\/\/moverdb.com\/es\/wp-json\/wp\/v2\/pages\/190"}],"wp:featuredmedia":[{"embeddable":true,"href":"https:\/\/moverdb.com\/es\/wp-json\/wp\/v2\/media\/11292"}],"wp:attachment":[{"href":"https:\/\/moverdb.com\/es\/wp-json\/wp\/v2\/media?parent=11602"}],"curies":[{"name":"wp","href":"https:\/\/api.w.org\/{rel}","templated":true}]}}