{"id":11574,"date":"2023-11-29T10:39:50","date_gmt":"2023-11-29T10:39:50","guid":{"rendered":"https:\/\/moverdb.com\/?page_id=11574"},"modified":"2026-01-08T15:24:45","modified_gmt":"2026-01-08T15:24:45","slug":"moving-companies-in-honolulu-usa","status":"publish","type":"page","link":"https:\/\/moverdb.com\/es\/moving-companies\/moving-companies-in-honolulu-usa\/","title":{"rendered":"4 Mejores Empresas de Mudanzas Internacionales en Honolulu"},"content":{"rendered":"<p>Planificar una mudanza local o de larga distancia puede ser complicado y estresante, por lo que implicar a un <a href=\"https:\/\/moverdb.com\/es\/moving-companies\/\" data-internallinksmanager029f6b8e52c=\"79\" title=\"Las 25 mejores empresas de mudanzas internacionales en l\u00ednea\">empresa de mudanzas<\/a> asumir algunas de las funciones puede ser de gran ayuda. A continuaci\u00f3n hemos recopilado una lista de empresas con sede en Honolulu <a href=\"https:\/\/moverdb.com\/es\/international-removals\/\" data-internallinksmanager029f6b8e52c=\"27\" title=\"36 mejores empresas de mudanzas internacionales del Reino Unido\">empresas de mudanzas<\/a> que son miembros de la <a href=\"https:\/\/moverdb.com\/es\/iam\/\" data-internallinksmanager029f6b8e52c=\"23\" title=\"Explicaci\u00f3n de la Asociaci\u00f3n Internacional de Empresas de Mudanzas (IAM)\">Asociaci\u00f3n Internacional de Empresas de Mudanzas<\/a> (IAM) y\/o <a href=\"https:\/\/moverdb.com\/es\/fidi-faim\/\" data-internallinksmanager029f6b8e52c=\"16\" title=\"Explicaci\u00f3n del FIDI y del FAIM (FIDI Accredited International Mover)\">FIDI<\/a> Empresa de mudanzas internacionales acreditada (FAIM) que podr\u00eda ayudarle con su mudanza.<\/p>\n<div id=\"ez-toc-container\" class=\"ez-toc-v2_0_82_2 ez-toc-wrap-left counter-hierarchy ez-toc-counter ez-toc-transparent ez-toc-container-direction\">\n<div class=\"ez-toc-title-container\">\n<p class=\"ez-toc-title\" style=\"cursor:inherit\">Secciones<\/p>\n<span class=\"ez-toc-title-toggle\"><a href=\"#\" class=\"ez-toc-pull-right ez-toc-btn ez-toc-btn-xs ez-toc-btn-default ez-toc-toggle\" aria-label=\"Alternar tabla de contenidos\"><span class=\"ez-toc-js-icon-con\"><span class=\"\"><span class=\"eztoc-hide\" style=\"display:none;\">Toggle<\/span><span class=\"ez-toc-icon-toggle-span\"><svg style=\"fill: #999;color:#999\" xmlns=\"http:\/\/www.w3.org\/2000\/svg\" class=\"list-377408\" width=\"20px\" height=\"20px\" viewbox=\"0 0 24 24\" fill=\"none\"><path d=\"M6 6H4v2h2V6zm14 0H8v2h12V6zM4 11h2v2H4v-2zm16 0H8v2h12v-2zM4 16h2v2H4v-2zm16 0H8v2h12v-2z\" fill=\"currentColor\"><\/path><\/svg><svg style=\"fill: #999;color:#999\" class=\"arrow-unsorted-368013\" xmlns=\"http:\/\/www.w3.org\/2000\/svg\" width=\"10px\" height=\"10px\" viewbox=\"0 0 24 24\" version=\"1.2\" baseprofile=\"tiny\"><path d=\"M18.2 9.3l-6.2-6.3-6.2 6.3c-.2.2-.3.4-.3.7s.1.5.3.7c.2.2.4.3.7.3h11c.3 0 .5-.1.7-.3.2-.2.3-.5.3-.7s-.1-.5-.3-.7zM5.8 14.7l6.2 6.3 6.2-6.3c.2-.2.3-.5.3-.7s-.1-.5-.3-.7c-.2-.2-.4-.3-.7-.3h-11c-.3 0-.5.1-.7.3-.2.2-.3.5-.3.7s.1.5.3.7z\"\/><\/svg><\/span><\/span><\/span><\/a><\/span><\/div>\n<nav><ul class='ez-toc-list ez-toc-list-level-1 eztoc-toggle-hide-by-default' ><li class='ez-toc-page-1 ez-toc-heading-level-2'><a class=\"ez-toc-link ez-toc-heading-1\" href=\"https:\/\/moverdb.com\/es\/moving-companies\/moving-companies-in-honolulu-usa\/#1_Island_Movers\" >1. Mudanzas Island<\/a><\/li><li class='ez-toc-page-1 ez-toc-heading-level-2'><a class=\"ez-toc-link ez-toc-heading-2\" href=\"https:\/\/moverdb.com\/es\/moving-companies\/moving-companies-in-honolulu-usa\/#2_Royal_Hawaiian_Movers\" >2. Royal Hawaiian Movers<\/a><\/li><li class='ez-toc-page-1 ez-toc-heading-level-2'><a class=\"ez-toc-link ez-toc-heading-3\" href=\"https:\/\/moverdb.com\/es\/moving-companies\/moving-companies-in-honolulu-usa\/#3_WestPac_International\" >3. WestPac Internacional<\/a><\/li><li class='ez-toc-page-1 ez-toc-heading-level-2'><a class=\"ez-toc-link ez-toc-heading-4\" href=\"https:\/\/moverdb.com\/es\/moving-companies\/moving-companies-in-honolulu-usa\/#4_World_Wide_Movers_Inc\" >4. World Wide Movers Inc<\/a><\/li><\/ul><\/nav><\/div>\n<h2><span class=\"ez-toc-section\" id=\"1_Island_Movers\"><\/span><strong>1. Mudanzas Island<\/strong><span class=\"ez-toc-section-end\"><\/span><\/h2>\n<p><img loading=\"lazy\" decoding=\"async\" class=\"alignnone size-full wp-image-11354\" src=\"https:\/\/moverdb.com\/wp-content\/uploads\/Island-Movers-international-moving-company.png\" alt=\"Island Movers empresa de mudanzas internacionales\" width=\"1440\" height=\"676\" data-wp-pid=\"11354\" srcset=\"https:\/\/moverdb.com\/wp-content\/uploads\/Island-Movers-international-moving-company.png 1440w, https:\/\/moverdb.com\/wp-content\/uploads\/Island-Movers-international-moving-company-300x141.png 300w, https:\/\/moverdb.com\/wp-content\/uploads\/Island-Movers-international-moving-company-1024x481.png 1024w, https:\/\/moverdb.com\/wp-content\/uploads\/Island-Movers-international-moving-company-18x8.png 18w, https:\/\/moverdb.com\/wp-content\/uploads\/Island-Movers-international-moving-company-600x282.png 600w\" sizes=\"auto, (max-width: 1440px) 100vw, 1440px\" \/><\/p>\n<ul>\n<li>Traslados locales y nacionales<\/li>\n<li>Traslados internacionales<\/li>\n<li>Mudanzas residenciales<\/li>\n<li>Movimientos de negocios<\/li>\n<li>Gesti\u00f3n de la mudanza<\/li>\n<li>Puerta a puerta o puerta a<a href=\"https:\/\/moverdb.com\/es\/top-49-container-ports\/\" data-internallinksmanager029f6b8e52c=\"80\" title=\"Los 49 puertos de contenedores m\u00e1s grandes y activos en 2025\">puerto<\/a> servicio<\/li>\n<li>Presupuesto gratuito<\/li>\n<li>Opciones de servicio de embalaje<\/li>\n<li>Medios de transporte<\/li>\n<li>Almacenamiento a corto y largo plazo<\/li>\n<\/ul>\n<p>Island Movers es una empresa de mudanzas y transporte de mercanc\u00edas fundada en 1958 y con sede en Honolulu. Trabajan con agentes asociados de todo el mundo para prestar servicios de mudanzas en todo el mundo hacia o desde <a href=\"https:\/\/moverdb.com\/es\/moving-to-the-united-states\/moving-to-hawaii\/\" data-internallinksmanager029f6b8e52c=\"403\" title=\"\u00bfSe muda a Hawai? 2026 Coste de la vida y consejos de reubicaci\u00f3n\">Haw\u00e1i<\/a>. Son miembros de IAM con 65 a\u00f1os de experiencia.<\/p>\n<p>Island Movers ofrece servicios de mudanza para la parte hawaiana de su mudanza y trabaja con socios o con la empresa de mudanzas elegida en su ubicaci\u00f3n actual para coordinar su mudanza. Para las mudanzas a Hawaii ofrecen servicios de embalaje, o puede embalar usted mismo. Ofrecen soluciones de almacenaje en Hawaii con la opci\u00f3n de almacenaje a largo o corto plazo en almacenes seguros o contenedores de 20' o 40'.<\/p>\n<p>P\u00e1gina web: <a href=\"https:\/\/www.islandmovers.com\/\" target=\"_blank\" rel=\"noopener\">https:\/\/www.islandmovers.com\/<\/a><\/p>\n<h2><span class=\"ez-toc-section\" id=\"2_Royal_Hawaiian_Movers\"><\/span><strong>2. Royal Hawaiian Movers<\/strong><span class=\"ez-toc-section-end\"><\/span><\/h2>\n<p><img loading=\"lazy\" decoding=\"async\" class=\"alignnone size-full wp-image-11429\" src=\"https:\/\/moverdb.com\/wp-content\/uploads\/Royal-Hawaiian-Movers-international-moving-company.png\" alt=\"Royal Hawaiian Movers empresa de mudanzas internacionales\" width=\"1440\" height=\"683\" data-wp-pid=\"11429\" srcset=\"https:\/\/moverdb.com\/wp-content\/uploads\/Royal-Hawaiian-Movers-international-moving-company.png 1440w, https:\/\/moverdb.com\/wp-content\/uploads\/Royal-Hawaiian-Movers-international-moving-company-300x142.png 300w, https:\/\/moverdb.com\/wp-content\/uploads\/Royal-Hawaiian-Movers-international-moving-company-1024x486.png 1024w, https:\/\/moverdb.com\/wp-content\/uploads\/Royal-Hawaiian-Movers-international-moving-company-18x9.png 18w, https:\/\/moverdb.com\/wp-content\/uploads\/Royal-Hawaiian-Movers-international-moving-company-600x285.png 600w\" sizes=\"auto, (max-width: 1440px) 100vw, 1440px\" \/><\/p>\n<ul>\n<li>Traslados locales y nacionales<\/li>\n<li>Traslados internacionales<\/li>\n<li>Mudanzas dom\u00e9sticas<\/li>\n<li>Traslado de empresas<\/li>\n<li>Servicios personalizados<\/li>\n<li>Servicio de embalaje<\/li>\n<li>Medios de transporte<\/li>\n<li>Apoyo aduanero<\/li>\n<li>Transporte de veh\u00edculos<\/li>\n<li>Instalaciones de almacenamiento<\/li>\n<\/ul>\n<p>Royal Hawaiian Movers es una empresa de mudanzas y transportes fundada en 1982 con oficinas en Honolulu, Kahului, Keaau, Kailua y Lihue. Forman parte de la familia The DeWitt Companies que cuenta con una red integrada de servicios de mudanzas y almacenaje. Son miembros de IAM con 41 a\u00f1os de experiencia.<\/p>\n<p>Royal Hawaiian Movers ofrece un servicio presencial o virtual de estudio y planificaci\u00f3n previo a la mudanza para organizar su traslado, ya sea de puerta a puerta o de puerto a puerto. Proporcionan un servicio personalizado adaptado a sus necesidades y le ayudar\u00e1n con todos los aspectos de su mudanza, incluido el embalaje de sus pertenencias, la descarga y el montaje de su hogar, el transporte y el asesoramiento cultural y aduanero.<\/p>\n<p>P\u00e1gina web: <a href=\"https:\/\/www.royalhawaiianmovers.com\/\" target=\"_blank\" rel=\"noopener\">https:\/\/www.royalhawaiianmovers.com\/<\/a><\/p>\n<h2><span class=\"ez-toc-section\" id=\"3_WestPac_International\"><\/span><strong>3. WestPac Internacional<\/strong><span class=\"ez-toc-section-end\"><\/span><\/h2>\n<p><img loading=\"lazy\" decoding=\"async\" class=\"alignnone size-full wp-image-11477\" src=\"https:\/\/moverdb.com\/wp-content\/uploads\/WestPac-International-moving-company.png\" alt=\"Empresa de mudanzas WestPac International\" width=\"1440\" height=\"682\" data-wp-pid=\"11477\" srcset=\"https:\/\/moverdb.com\/wp-content\/uploads\/WestPac-International-moving-company.png 1440w, https:\/\/moverdb.com\/wp-content\/uploads\/WestPac-International-moving-company-300x142.png 300w, https:\/\/moverdb.com\/wp-content\/uploads\/WestPac-International-moving-company-1024x485.png 1024w, https:\/\/moverdb.com\/wp-content\/uploads\/WestPac-International-moving-company-18x9.png 18w, https:\/\/moverdb.com\/wp-content\/uploads\/WestPac-International-moving-company-600x284.png 600w\" sizes=\"auto, (max-width: 1440px) 100vw, 1440px\" \/><\/p>\n<ul>\n<li>Traslados locales y nacionales<\/li>\n<li>Traslados internacionales<\/li>\n<li>Mudanzas residenciales<\/li>\n<li>Traslado de oficinas<\/li>\n<li>Servicio puerta a puerta<\/li>\n<li>Empaquetado y embalaje<\/li>\n<li>Materiales de embalaje de alta calidad<\/li>\n<li>Organizaci\u00f3n del transporte<\/li>\n<li>Seguros<\/li>\n<li>Almacenamiento seguro a corto y largo plazo<\/li>\n<\/ul>\n<p>WestPac International es una empresa de mudanzas internacionales con m\u00e1s de 25 a\u00f1os de experiencia y sede en Honolulu. Son miembros de IAM con 23 a\u00f1os de experiencia, lo que les da acceso a una red internacional de empresas de mudanzas que pueden apoyarles con servicios de mudanzas en todo el mundo.<\/p>\n<p>WestPac International ofrece un presupuesto gratuito y buscar\u00e1 la mejor opci\u00f3n y precio para su mudanza. Proporcionan un servicio de embalaje y empaquetado que utiliza materiales de mudanza de alta calidad, o bien puede empaquetar usted mismo con los materiales de embalaje proporcionados. Organizar\u00e1n el transporte de sus pertenencias hasta su destino y le proporcionar\u00e1n cobertura de seguro.<\/p>\n<p>P\u00e1gina web: <a href=\"https:\/\/www.westpacinternational.com\/\" target=\"_blank\" rel=\"noopener\">https:\/\/www.westpacinternational.com\/<\/a><\/p>\n<h2><span class=\"ez-toc-section\" id=\"4_World_Wide_Movers_Inc\"><\/span><strong>4. World Wide Movers Inc<\/strong><span class=\"ez-toc-section-end\"><\/span><\/h2>\n<p><img loading=\"lazy\" decoding=\"async\" class=\"alignnone size-full wp-image-11480\" src=\"https:\/\/moverdb.com\/wp-content\/uploads\/World-Wide-Movers-Inc-international-moving-company.png\" alt=\"World Wide Movers Inc empresa de mudanzas internacionales\" width=\"1440\" height=\"678\" data-wp-pid=\"11480\" srcset=\"https:\/\/moverdb.com\/wp-content\/uploads\/World-Wide-Movers-Inc-international-moving-company.png 1440w, https:\/\/moverdb.com\/wp-content\/uploads\/World-Wide-Movers-Inc-international-moving-company-300x141.png 300w, https:\/\/moverdb.com\/wp-content\/uploads\/World-Wide-Movers-Inc-international-moving-company-1024x482.png 1024w, https:\/\/moverdb.com\/wp-content\/uploads\/World-Wide-Movers-Inc-international-moving-company-18x8.png 18w, https:\/\/moverdb.com\/wp-content\/uploads\/World-Wide-Movers-Inc-international-moving-company-600x283.png 600w\" sizes=\"auto, (max-width: 1440px) 100vw, 1440px\" \/><\/p>\n<ul>\n<li>Traslados locales y nacionales<\/li>\n<li>Desplazamientos internacionales<\/li>\n<li>Mudanzas residenciales<\/li>\n<li>Desplazamientos de empresas<\/li>\n<li>Plan de mudanza personalizado<\/li>\n<li>Servicio de embalaje<\/li>\n<li>Medios de transporte<\/li>\n<li><a href=\"https:\/\/moverdb.com\/es\/car-transport-shipping\/\" data-internallinksmanager029f6b8e52c=\"2\" title=\"2026 Cotizaciones de transporte internacional de coches y env\u00edo de veh\u00edculos\">Transporte de veh\u00edculos<\/a><\/li>\n<li>Seguros<\/li>\n<li>Instalaciones de almacenamiento<\/li>\n<\/ul>\n<p>World Wide Movers Inc es una empresa de mudanzas y almacenamiento fundada en 1963 y con sede en Honolulu. Son agentes de United Van Lines, Mayflower Transit y UniGroup. Son miembros de IAM con 60 a\u00f1os de experiencia.<\/p>\n<p>World Wide Movers Inc ofrece un presupuesto gratuito y crear\u00e1 un plan de mudanza personalizado para satisfacer sus necesidades, horario y presupuesto. Ofrecen opciones de embalaje para darle flexibilidad sobre cu\u00e1nto desea participar en la mudanza: servicio de embalaje completo, embalaje fr\u00e1gil y embalaje de bricolaje. Su equipo profesional de mudanzas utiliza materiales y m\u00e9todos est\u00e1ndar del sector para proteger los objetos y puede proporcionar cajas a medida.<\/p>\n<p>P\u00e1gina web: <a href=\"https:\/\/world-widemovers.com\/honolulu-hawaii-moving-company\/\" target=\"_blank\" rel=\"noopener\">https:\/\/world-widemovers.com\/honolulu-hawaii-moving-company\/<\/a><\/p>","protected":false},"excerpt":{"rendered":"<p>Planning a move locally or long distance can be complicated and stressful so involving a moving company to take on some of the roles can really help. Below we have compiled a list of Honolulu based removal companies that are members of the International Association of Movers (IAM) and\/or FIDI Accredited International Mover (FAIM) who [&hellip;]<\/p>\n","protected":false},"author":4,"featured_media":11354,"parent":190,"menu_order":0,"comment_status":"closed","ping_status":"closed","template":"","meta":{"_genesis_hide_title":false,"_genesis_hide_breadcrumbs":false,"_genesis_hide_singular_image":false,"_genesis_hide_footer_widgets":false,"_genesis_custom_body_class":"","_genesis_custom_post_class":"","_genesis_layout":"","footnotes":""},"class_list":{"0":"post-11574","1":"page","2":"type-page","3":"status-publish","4":"has-post-thumbnail","6":"entry"},"_links":{"self":[{"href":"https:\/\/moverdb.com\/es\/wp-json\/wp\/v2\/pages\/11574","targetHints":{"allow":["GET"]}}],"collection":[{"href":"https:\/\/moverdb.com\/es\/wp-json\/wp\/v2\/pages"}],"about":[{"href":"https:\/\/moverdb.com\/es\/wp-json\/wp\/v2\/types\/page"}],"author":[{"embeddable":true,"href":"https:\/\/moverdb.com\/es\/wp-json\/wp\/v2\/users\/4"}],"replies":[{"embeddable":true,"href":"https:\/\/moverdb.com\/es\/wp-json\/wp\/v2\/comments?post=11574"}],"version-history":[{"count":1,"href":"https:\/\/moverdb.com\/es\/wp-json\/wp\/v2\/pages\/11574\/revisions"}],"predecessor-version":[{"id":11575,"href":"https:\/\/moverdb.com\/es\/wp-json\/wp\/v2\/pages\/11574\/revisions\/11575"}],"up":[{"embeddable":true,"href":"https:\/\/moverdb.com\/es\/wp-json\/wp\/v2\/pages\/190"}],"wp:featuredmedia":[{"embeddable":true,"href":"https:\/\/moverdb.com\/es\/wp-json\/wp\/v2\/media\/11354"}],"wp:attachment":[{"href":"https:\/\/moverdb.com\/es\/wp-json\/wp\/v2\/media?parent=11574"}],"curies":[{"name":"wp","href":"https:\/\/api.w.org\/{rel}","templated":true}]}}