{"id":11560,"date":"2023-11-29T10:28:15","date_gmt":"2023-11-29T10:28:15","guid":{"rendered":"https:\/\/moverdb.com\/?page_id=11560"},"modified":"2026-01-08T15:24:13","modified_gmt":"2026-01-08T15:24:13","slug":"moving-companies-in-el-paso-usa","status":"publish","type":"page","link":"https:\/\/moverdb.com\/es\/moving-companies\/moving-companies-in-el-paso-usa\/","title":{"rendered":"3 Mejores Empresas de Mudanzas Internacionales en El Paso"},"content":{"rendered":"<p>\u00bfPiensa mudarse dentro de El Paso, a El Paso o desde El Paso? Entonces solicite la ayuda de un <a href=\"https:\/\/moverdb.com\/es\/moving-companies\/\" data-internallinksmanager029f6b8e52c=\"79\" title=\"Las 25 mejores empresas de mudanzas internacionales en l\u00ednea\">empresa de mudanzas<\/a> para embalar, organizar el transporte y gestionar las aduanas de las mudanzas internacionales puede reducir el estr\u00e9s. A continuaci\u00f3n hemos recopilado una lista de empresas con sede en El Paso <a href=\"https:\/\/moverdb.com\/es\/international-removals\/\" data-internallinksmanager029f6b8e52c=\"27\" title=\"36 mejores empresas de mudanzas internacionales del Reino Unido\">empresas de mudanzas<\/a> que son miembros de la <a href=\"https:\/\/moverdb.com\/es\/iam\/\" data-internallinksmanager029f6b8e52c=\"23\" title=\"Explicaci\u00f3n de la Asociaci\u00f3n Internacional de Empresas de Mudanzas (IAM)\">Asociaci\u00f3n Internacional de Empresas de Mudanzas<\/a> (IAM) y\/o <a href=\"https:\/\/moverdb.com\/es\/fidi-faim\/\" data-internallinksmanager029f6b8e52c=\"16\" title=\"Explicaci\u00f3n del FIDI y del FAIM (FIDI Accredited International Mover)\">FIDI<\/a> Empresa de mudanzas internacionales acreditada (FAIM) que podr\u00eda ayudarle con su mudanza.<\/p>\n<h2><strong>1. Deseret International Forwarding<\/strong><\/h2>\n<p><img loading=\"lazy\" decoding=\"async\" class=\"alignnone size-full wp-image-11305\" src=\"https:\/\/moverdb.com\/wp-content\/uploads\/Deseret-International-Forwarding-moving-company.png\" alt=\"Empresa de mudanzas Deseret International Forwarding\" width=\"1440\" height=\"676\" data-wp-pid=\"11305\" srcset=\"https:\/\/moverdb.com\/wp-content\/uploads\/Deseret-International-Forwarding-moving-company.png 1440w, https:\/\/moverdb.com\/wp-content\/uploads\/Deseret-International-Forwarding-moving-company-300x141.png 300w, https:\/\/moverdb.com\/wp-content\/uploads\/Deseret-International-Forwarding-moving-company-1024x481.png 1024w, https:\/\/moverdb.com\/wp-content\/uploads\/Deseret-International-Forwarding-moving-company-18x8.png 18w, https:\/\/moverdb.com\/wp-content\/uploads\/Deseret-International-Forwarding-moving-company-600x282.png 600w\" sizes=\"auto, (max-width: 1440px) 100vw, 1440px\" \/><\/p>\n<ul>\n<li>Traslados internacionales<\/li>\n<li>Mudanzas dom\u00e9sticas<\/li>\n<li>Movimientos corporativos<\/li>\n<li>Puerta a puerta o <a href=\"https:\/\/moverdb.com\/es\/top-49-container-ports\/\" data-internallinksmanager029f6b8e52c=\"80\" title=\"Los 49 puertos de contenedores m\u00e1s grandes y activos en 2025\">puerto<\/a>-servicio a domicilio<\/li>\n<li>Coordinador de mudanzas personales<\/li>\n<li>Servicio de embalaje<\/li>\n<li>Transporte a\u00e9reo, mar\u00edtimo y terrestre<\/li>\n<li>Seguimiento del env\u00edo en l\u00ednea<\/li>\n<li>Seguro a todo riesgo<\/li>\n<li>Almacenamiento seguro<\/li>\n<\/ul>\n<p>Deseret International Forwarding se dedica al transporte internacional de enseres dom\u00e9sticos y tiene su sede en El Paso. Tienen una red fiable de relaciones globales con otros agentes de mudanzas para ofrecer servicios de mudanzas internacionales. Son miembros de IAM con 31 a\u00f1os de experiencia.<\/p>\n<p>Los coordinadores personales de mudanzas de Deseret International Forwarding le apoyar\u00e1n durante todo el traslado y le ayudar\u00e1n a seleccionar la mejor forma de mudarse a su nuevo hogar. Ofrecen un servicio puerta a puerta o puerto a puerta que puede incluir el embalaje de sus pertenencias. Organizar\u00e1n el transporte seguro de sus pertenencias por aire, mar o tierra.<\/p>\n<p>P\u00e1gina web: <a href=\"http:\/\/www.deseret-intl.com\/\" target=\"_blank\" rel=\"noopener\">http:\/\/www.deseret-intl.com\/<\/a><\/p>\n<h2><strong>2. ITO<\/strong><\/h2>\n<p><img loading=\"lazy\" decoding=\"async\" class=\"alignnone size-full wp-image-11355\" src=\"https:\/\/moverdb.com\/wp-content\/uploads\/ITO-El-Paso-international-moving-company.png\" alt=\"ITO El Paso empresa de mudanzas internacionales\" width=\"1440\" height=\"683\" data-wp-pid=\"11355\" srcset=\"https:\/\/moverdb.com\/wp-content\/uploads\/ITO-El-Paso-international-moving-company.png 1440w, https:\/\/moverdb.com\/wp-content\/uploads\/ITO-El-Paso-international-moving-company-300x142.png 300w, https:\/\/moverdb.com\/wp-content\/uploads\/ITO-El-Paso-international-moving-company-1024x486.png 1024w, https:\/\/moverdb.com\/wp-content\/uploads\/ITO-El-Paso-international-moving-company-18x9.png 18w, https:\/\/moverdb.com\/wp-content\/uploads\/ITO-El-Paso-international-moving-company-600x285.png 600w\" sizes=\"auto, (max-width: 1440px) 100vw, 1440px\" \/><\/p>\n<ul>\n<li>Movimientos nacionales<\/li>\n<li>Traslados internacionales<\/li>\n<li>Traslado de hogares<\/li>\n<li>Traslado de oficinas<\/li>\n<li>Consulta inicial<\/li>\n<li>Servicio de embalaje<\/li>\n<li>Medios de transporte<\/li>\n<li>Despacho de aduanas<\/li>\n<li>Servicios artesanales<\/li>\n<li>Almacenamiento seguro<\/li>\n<\/ul>\n<p>ITO es una empresa internacional de mudanzas con sucursales en el <a href=\"https:\/\/moverdb.com\/es\/moving-to-the-united-states\/\" data-internallinksmanager029f6b8e52c=\"94\" title=\"\u00bfSe muda a Estados Unidos? 2026 Costes de vida y consejos de reubicaci\u00f3n\">EE.UU.<\/a>, <a href=\"https:\/\/moverdb.com\/es\/moving-to-germany\/\" data-internallinksmanager029f6b8e52c=\"321\" title=\"\u00bfSe muda a Alemania? 2026 Coste de la vida y consejos para el traslado\">Alemania<\/a> y \u00c1frica. Sus oficinas estadounidenses est\u00e1n en El Paso, Wichita Falls y Norfolk. Trabajan a escala internacional utilizando sus propias sucursales y su red de socios internacionales. Son miembros de IAM y cuentan con 47 a\u00f1os de experiencia.<\/p>\n<p>ITO ofrece una consulta inicial y asesoramiento para que est\u00e9 preparado. Proporcionan embalaje est\u00e1ndar y especializado para proteger sus pertenencias, as\u00ed como desmontaje y montaje de muebles. Tambi\u00e9n pueden ofrecer servicios de artesan\u00eda si es necesario. Ofrecen diversas opciones de transporte, incluidos contenedores colectivos para algunas regiones.<\/p>\n<p>P\u00e1gina web: <a href=\"https:\/\/www.ito-movers.de\/?lang=en\" target=\"_blank\" rel=\"noopener\">https:\/\/www.ito-movers.de\/?lang=en<\/a><\/p>\n<h2><strong>3. TIS en el mundo<\/strong><\/h2>\n<p><img loading=\"lazy\" decoding=\"async\" class=\"alignnone size-full wp-image-11456\" src=\"https:\/\/moverdb.com\/wp-content\/uploads\/TIS-Worldwide-international-moving-company.png\" alt=\"TIS Worldwide empresa de mudanzas internacionales\" width=\"1440\" height=\"682\" data-wp-pid=\"11456\" srcset=\"https:\/\/moverdb.com\/wp-content\/uploads\/TIS-Worldwide-international-moving-company.png 1440w, https:\/\/moverdb.com\/wp-content\/uploads\/TIS-Worldwide-international-moving-company-300x142.png 300w, https:\/\/moverdb.com\/wp-content\/uploads\/TIS-Worldwide-international-moving-company-1024x485.png 1024w, https:\/\/moverdb.com\/wp-content\/uploads\/TIS-Worldwide-international-moving-company-18x9.png 18w, https:\/\/moverdb.com\/wp-content\/uploads\/TIS-Worldwide-international-moving-company-600x284.png 600w\" sizes=\"auto, (max-width: 1440px) 100vw, 1440px\" \/><\/p>\n<ul>\n<li>Servicios de transporte de mercanc\u00edas<\/li>\n<li>Transporte internacional<\/li>\n<li>Log\u00edstica gestionada<\/li>\n<li>Servicio a medida<\/li>\n<li>Servicio puerta a puerta<\/li>\n<li>Servicio puerto a puerto<\/li>\n<li>Transporte por cami\u00f3n, ferrocarril, carretera y mar\u00edtimo<\/li>\n<li>Cargas completas y cargas inferiores a la carga completa<\/li>\n<li>Seguimiento de la carga<\/li>\n<li>Instalaciones de almacenamiento<\/li>\n<\/ul>\n<p>TIS Worldwide es un proveedor de servicios log\u00edsticos de primera calidad constituido en 1976 y con sede en El Paso. Disponen de una red mundial de agentes en la mayor\u00eda de los pa\u00edses del mundo que les ayudan a prestar servicios internacionales. Es miembro de IAM y cuenta con 47 a\u00f1os de experiencia.<\/p>\n<p>TIS Worldwide ofrece un servicio personalizado y buscar\u00e1 las mejores opciones de transporte para su env\u00edo con el fin de obtener los costes m\u00e1s competitivos y un servicio de calidad. Ofrecen una amplia gama de opciones de transporte, incluidos servicios puerta a puerta y puerto a puerto para cargas de contenedores completos y no tan completos, as\u00ed como cargas de proyecto.<\/p>\n<p>P\u00e1gina web: <a href=\"https:\/\/www.tis-shipping.com\/\" target=\"_blank\" rel=\"noopener\">https:\/\/www.tis-shipping.com\/<\/a><\/p>","protected":false},"excerpt":{"rendered":"<p>Are you planning on moving within, to or from El Paso? Then enlisting the help of a moving company to pack, arrange transport and handle customs for international moves can reduce the stress. Below we have compiled a list of El Paso based removal companies that are members of the International Association of Movers (IAM) [&hellip;]<\/p>\n","protected":false},"author":4,"featured_media":11305,"parent":190,"menu_order":0,"comment_status":"closed","ping_status":"closed","template":"","meta":{"_genesis_hide_title":false,"_genesis_hide_breadcrumbs":false,"_genesis_hide_singular_image":false,"_genesis_hide_footer_widgets":false,"_genesis_custom_body_class":"","_genesis_custom_post_class":"","_genesis_layout":"","footnotes":""},"class_list":{"0":"post-11560","1":"page","2":"type-page","3":"status-publish","4":"has-post-thumbnail","6":"entry"},"_links":{"self":[{"href":"https:\/\/moverdb.com\/es\/wp-json\/wp\/v2\/pages\/11560","targetHints":{"allow":["GET"]}}],"collection":[{"href":"https:\/\/moverdb.com\/es\/wp-json\/wp\/v2\/pages"}],"about":[{"href":"https:\/\/moverdb.com\/es\/wp-json\/wp\/v2\/types\/page"}],"author":[{"embeddable":true,"href":"https:\/\/moverdb.com\/es\/wp-json\/wp\/v2\/users\/4"}],"replies":[{"embeddable":true,"href":"https:\/\/moverdb.com\/es\/wp-json\/wp\/v2\/comments?post=11560"}],"version-history":[{"count":1,"href":"https:\/\/moverdb.com\/es\/wp-json\/wp\/v2\/pages\/11560\/revisions"}],"predecessor-version":[{"id":11561,"href":"https:\/\/moverdb.com\/es\/wp-json\/wp\/v2\/pages\/11560\/revisions\/11561"}],"up":[{"embeddable":true,"href":"https:\/\/moverdb.com\/es\/wp-json\/wp\/v2\/pages\/190"}],"wp:featuredmedia":[{"embeddable":true,"href":"https:\/\/moverdb.com\/es\/wp-json\/wp\/v2\/media\/11305"}],"wp:attachment":[{"href":"https:\/\/moverdb.com\/es\/wp-json\/wp\/v2\/media?parent=11560"}],"curies":[{"name":"wp","href":"https:\/\/api.w.org\/{rel}","templated":true}]}}