{"id":11558,"date":"2023-11-29T10:29:34","date_gmt":"2023-11-29T10:29:34","guid":{"rendered":"https:\/\/moverdb.com\/?page_id=11558"},"modified":"2026-01-08T15:24:12","modified_gmt":"2026-01-08T15:24:12","slug":"moving-companies-us-danbury","status":"publish","type":"page","link":"https:\/\/moverdb.com\/es\/moving-companies\/moving-companies-us-danbury\/","title":{"rendered":"3 Mejores Empresas de Mudanzas Internacionales en Danbury"},"content":{"rendered":"<p>Planificar y gestionar su mudanza puede ser estresante, por lo que conseguir un <a href=\"https:\/\/moverdb.com\/es\/moving-companies\/\" data-internallinksmanager029f6b8e52c=\"79\" title=\"Las 25 mejores empresas de mudanzas internacionales en l\u00ednea\">empresa de mudanzas<\/a> para embalar y transportar sus pertenencias puede aliviar la presi\u00f3n. A continuaci\u00f3n hemos recopilado una lista de empresas con sede en Danbury <a href=\"https:\/\/moverdb.com\/es\/international-removals\/\" data-internallinksmanager029f6b8e52c=\"27\" title=\"36 mejores empresas de mudanzas internacionales del Reino Unido\">empresas de mudanzas<\/a> que son miembros de la <a href=\"https:\/\/moverdb.com\/es\/iam\/\" data-internallinksmanager029f6b8e52c=\"23\" title=\"Explicaci\u00f3n de la Asociaci\u00f3n Internacional de Empresas de Mudanzas (IAM)\">Asociaci\u00f3n Internacional de Empresas de Mudanzas<\/a> (IAM) y\/o <a href=\"https:\/\/moverdb.com\/es\/fidi-faim\/\" data-internallinksmanager029f6b8e52c=\"16\" title=\"Explicaci\u00f3n del FIDI y del FAIM (FIDI Accredited International Mover)\">FIDI<\/a> Empresa de mudanzas internacionales acreditada (FAIM) que podr\u00eda ayudarle con su mudanza.<\/p>\n<h2><strong>1. Continuum Internacional<\/strong><\/h2>\n<p><img loading=\"lazy\" decoding=\"async\" class=\"alignnone size-full wp-image-11296\" src=\"https:\/\/moverdb.com\/wp-content\/uploads\/Continuum-International-moving-company.png\" alt=\"Empresa de mudanzas Continuum International\" width=\"1440\" height=\"677\" data-wp-pid=\"11296\" srcset=\"https:\/\/moverdb.com\/wp-content\/uploads\/Continuum-International-moving-company.png 1440w, https:\/\/moverdb.com\/wp-content\/uploads\/Continuum-International-moving-company-300x141.png 300w, https:\/\/moverdb.com\/wp-content\/uploads\/Continuum-International-moving-company-1024x481.png 1024w, https:\/\/moverdb.com\/wp-content\/uploads\/Continuum-International-moving-company-18x8.png 18w, https:\/\/moverdb.com\/wp-content\/uploads\/Continuum-International-moving-company-600x282.png 600w\" sizes=\"auto, (max-width: 1440px) 100vw, 1440px\" \/><\/p>\n<ul>\n<li>Desplazamientos nacionales<\/li>\n<li>Desplazamientos internacionales<\/li>\n<li>Desplazamientos de empresas<\/li>\n<li>Servicio puerta a puerta<\/li>\n<li>Servicios a medida<\/li>\n<li>Servicio de embalaje<\/li>\n<li>Transporte por aire, mar o cami\u00f3n<\/li>\n<li>Preparaci\u00f3n de documentos<\/li>\n<li>Seguro de tr\u00e1nsito<\/li>\n<li>Instalaciones de almacenamiento<\/li>\n<\/ul>\n<p>Continuum International es una empresa de servicios globales de reubicaci\u00f3n y gesti\u00f3n de asignaciones que opera desde hace m\u00e1s de 20 a\u00f1os y tiene sedes en Danbury y Brookfield. Cuentan con asociaciones globales que les permiten prestar sus servicios a escala internacional. Son miembros de IAM con 24 a\u00f1os de experiencia.<\/p>\n<p>Continuum International ofrece servicios personalizados de mudanza y reubicaci\u00f3n puerta a puerta con un asesor de reubicaci\u00f3n asignado. Ofrecen un estudio previo a la mudanza para evaluar sus necesidades de traslado y crear un plan de mudanza. Embalar\u00e1n sus pertenencias asegur\u00e1ndose de que los materiales de embalaje son adecuados para el modo de transporte y el destino.<\/p>\n<p>P\u00e1gina web: <a href=\"https:\/\/www.continuumrelo.com\/\" target=\"_blank\" rel=\"noopener\">https:\/\/www.continuumrelo.com\/<\/a><\/p>\n<h2><strong>2. Interconex<\/strong><\/h2>\n<p><img loading=\"lazy\" decoding=\"async\" class=\"alignnone size-full wp-image-11345\" src=\"https:\/\/moverdb.com\/wp-content\/uploads\/Interconex-international-moving-company.png\" alt=\"Empresa de mudanzas internacionales Interconex\" width=\"1440\" height=\"678\" data-wp-pid=\"11345\" srcset=\"https:\/\/moverdb.com\/wp-content\/uploads\/Interconex-international-moving-company.png 1440w, https:\/\/moverdb.com\/wp-content\/uploads\/Interconex-international-moving-company-300x141.png 300w, https:\/\/moverdb.com\/wp-content\/uploads\/Interconex-international-moving-company-1024x482.png 1024w, https:\/\/moverdb.com\/wp-content\/uploads\/Interconex-international-moving-company-18x8.png 18w, https:\/\/moverdb.com\/wp-content\/uploads\/Interconex-international-moving-company-600x283.png 600w\" sizes=\"auto, (max-width: 1440px) 100vw, 1440px\" \/><\/p>\n<ul>\n<li>Movimientos nacionales<\/li>\n<li>Traslados internacionales<\/li>\n<li>Mudanzas dom\u00e9sticas<\/li>\n<li>Movimientos corporativos<\/li>\n<li>Servicio puerta a puerta<\/li>\n<li>Servicio de embalaje<\/li>\n<li>Medios de transporte<\/li>\n<li>Despacho de aduanas<\/li>\n<li>Traslado de mascotas<\/li>\n<li>Servicios de almacenamiento seguro<\/li>\n<\/ul>\n<p>Interconex es una empresa de servicios integrales de mudanzas de enseres dom\u00e9sticos fundada en 1969 y con sede en Danbury. Trabajan con socios internacionales cuidadosamente seleccionados para prestar sus servicios en todo el mundo. Est\u00e1n acreditados por la FIDI.<\/p>\n<p>Interconex ofrece un estudio inicial para determinar sus necesidades de mudanza. Proporcionan un servicio de embalaje que utiliza materiales de embalaje de la mejor calidad y embaladores cualificados para proteger sus pertenencias. Esto puede incluir materiales de embalaje especializados y cajas hechas a medida. Ofrecen servicios adicionales que incluyen transporte al aeropuerto, servicios de conserjer\u00eda, asistencia de manitas, servicio de limpieza, alojamiento temporal, servicios de destino, traslado de mascotas, seguro a todo riesgo y almacenamiento.<\/p>\n<p>P\u00e1gina web: <a href=\"https:\/\/www.interconex.com\/\" target=\"_blank\" rel=\"noopener\">https:\/\/www.interconex.com\/<\/a><\/p>\n<h2><strong>3. Intermove Ltd<\/strong><\/h2>\n<p><img loading=\"lazy\" decoding=\"async\" class=\"alignnone size-full wp-image-11346\" src=\"https:\/\/moverdb.com\/wp-content\/uploads\/Intermove-Danbury-international-moving-company.png\" alt=\"Intermove Danbury empresa de mudanzas internacionales\" width=\"1440\" height=\"680\" data-wp-pid=\"11346\" srcset=\"https:\/\/moverdb.com\/wp-content\/uploads\/Intermove-Danbury-international-moving-company.png 1440w, https:\/\/moverdb.com\/wp-content\/uploads\/Intermove-Danbury-international-moving-company-300x142.png 300w, https:\/\/moverdb.com\/wp-content\/uploads\/Intermove-Danbury-international-moving-company-1024x484.png 1024w, https:\/\/moverdb.com\/wp-content\/uploads\/Intermove-Danbury-international-moving-company-18x9.png 18w, https:\/\/moverdb.com\/wp-content\/uploads\/Intermove-Danbury-international-moving-company-600x283.png 600w\" sizes=\"auto, (max-width: 1440px) 100vw, 1440px\" \/><\/p>\n<ul>\n<li>Desplazamientos internacionales<\/li>\n<li>Traslado de hogares<\/li>\n<li>Desplazamientos de empresas<\/li>\n<li>Servicio puerta a puerta<\/li>\n<li>Presupuesto gratuito<\/li>\n<li>Asistencia virtual e in situ<\/li>\n<li>Transporte a\u00e9reo, mar\u00edtimo y terrestre<\/li>\n<li>Soporte documental<\/li>\n<li>Seguros<\/li>\n<\/ul>\n<p>Intermove Ltd es una empresa de mudanzas y traslados internacionales fundada en 1977 y con sede en Danbury. Cuenta con una red de empresas de mudanzas internacionales de confianza que le ayudan a prestar servicios puerta a puerta en todo el mundo. Es miembro de IAM y cuenta con 46 a\u00f1os de experiencia.<\/p>\n<p>Intermove Ltd ofrece un presupuesto gratuito con asesoramiento y apoyo de sus especialistas en mudanzas internacionales, ya sea virtualmente o in situ para mudanzas internacionales. Organizar\u00e1n el transporte seguro de sus pertenencias por aire, mar o tierra y le ayudar\u00e1n con la documentaci\u00f3n. Proporcionan cobertura de seguro para cargas embaladas profesionalmente.<\/p>\n<p>P\u00e1gina web: <a href=\"https:\/\/www.intermove.com\/\" target=\"_blank\" rel=\"noopener\">https:\/\/www.intermove.com\/<\/a><\/p>","protected":false},"excerpt":{"rendered":"<p>Planning and managing your move can be stressful so getting a moving company in to pack and transport your belongings can ease the pressure. Below we have compiled a list of Danbury based removal companies that are members of the International Association of Movers (IAM) and\/or FIDI Accredited International Mover (FAIM) who could assist you [&hellip;]<\/p>\n","protected":false},"author":4,"featured_media":11296,"parent":190,"menu_order":0,"comment_status":"closed","ping_status":"closed","template":"","meta":{"_genesis_hide_title":false,"_genesis_hide_breadcrumbs":false,"_genesis_hide_singular_image":false,"_genesis_hide_footer_widgets":false,"_genesis_custom_body_class":"","_genesis_custom_post_class":"","_genesis_layout":"","footnotes":""},"class_list":{"0":"post-11558","1":"page","2":"type-page","3":"status-publish","4":"has-post-thumbnail","6":"entry"},"_links":{"self":[{"href":"https:\/\/moverdb.com\/es\/wp-json\/wp\/v2\/pages\/11558","targetHints":{"allow":["GET"]}}],"collection":[{"href":"https:\/\/moverdb.com\/es\/wp-json\/wp\/v2\/pages"}],"about":[{"href":"https:\/\/moverdb.com\/es\/wp-json\/wp\/v2\/types\/page"}],"author":[{"embeddable":true,"href":"https:\/\/moverdb.com\/es\/wp-json\/wp\/v2\/users\/4"}],"replies":[{"embeddable":true,"href":"https:\/\/moverdb.com\/es\/wp-json\/wp\/v2\/comments?post=11558"}],"version-history":[{"count":1,"href":"https:\/\/moverdb.com\/es\/wp-json\/wp\/v2\/pages\/11558\/revisions"}],"predecessor-version":[{"id":11559,"href":"https:\/\/moverdb.com\/es\/wp-json\/wp\/v2\/pages\/11558\/revisions\/11559"}],"up":[{"embeddable":true,"href":"https:\/\/moverdb.com\/es\/wp-json\/wp\/v2\/pages\/190"}],"wp:featuredmedia":[{"embeddable":true,"href":"https:\/\/moverdb.com\/es\/wp-json\/wp\/v2\/media\/11296"}],"wp:attachment":[{"href":"https:\/\/moverdb.com\/es\/wp-json\/wp\/v2\/media?parent=11558"}],"curies":[{"name":"wp","href":"https:\/\/api.w.org\/{rel}","templated":true}]}}