{"id":11556,"date":"2023-11-29T10:30:30","date_gmt":"2023-11-29T10:30:30","guid":{"rendered":"https:\/\/moverdb.com\/?page_id=11556"},"modified":"2026-01-08T15:24:11","modified_gmt":"2026-01-08T15:24:11","slug":"moving-companies-us-connecticut","status":"publish","type":"page","link":"https:\/\/moverdb.com\/es\/moving-companies\/moving-companies-us-connecticut\/","title":{"rendered":"3 Mejores Empresas de Mudanzas Internacionales en Connecticut"},"content":{"rendered":"<p>Si se va a mudar, puede que le interese contratar los servicios de un <a href=\"https:\/\/moverdb.com\/es\/moving-companies\/\" data-internallinksmanager029f6b8e52c=\"79\" title=\"Las 25 mejores empresas de mudanzas internacionales en l\u00ednea\">empresa de mudanzas<\/a> para apoyar y aligerar la carga. Pueden ayudarle a planificar la mudanza, embalar sus pertenencias, organizar el transporte y gestionar los tr\u00e1mites aduaneros en mudanzas internacionales. A continuaci\u00f3n hemos recopilado una lista de <a href=\"https:\/\/moverdb.com\/es\/moving-to-the-united-states\/moving-to-connecticut\/\" data-internallinksmanager029f6b8e52c=\"444\" title=\"\u00bfSe muda a Connecticut? 2026 Coste de la vida y consejos de reubicaci\u00f3n\">Connecticut<\/a> basado en <a href=\"https:\/\/moverdb.com\/es\/international-removals\/\" data-internallinksmanager029f6b8e52c=\"27\" title=\"36 mejores empresas de mudanzas internacionales del Reino Unido\">empresas de mudanzas<\/a> que son miembros de la <a href=\"https:\/\/moverdb.com\/es\/iam\/\" data-internallinksmanager029f6b8e52c=\"23\" title=\"Explicaci\u00f3n de la Asociaci\u00f3n Internacional de Empresas de Mudanzas (IAM)\">Asociaci\u00f3n Internacional de Empresas de Mudanzas<\/a> (IAM) y\/o <a href=\"https:\/\/moverdb.com\/es\/fidi-faim\/\" data-internallinksmanager029f6b8e52c=\"16\" title=\"Explicaci\u00f3n del FIDI y del FAIM (FIDI Accredited International Mover)\">FIDI<\/a> Empresa de mudanzas internacionales acreditada (FAIM) que podr\u00eda ayudarle con su mudanza.<\/p>\n<h2><strong>1. Traslado de Brimar<\/strong><\/h2>\n<p><img loading=\"lazy\" decoding=\"async\" class=\"alignnone size-full wp-image-11277\" src=\"https:\/\/moverdb.com\/wp-content\/uploads\/Brimar-Relocations-international-moving-company.png\" alt=\"Brimar Relocations empresa de mudanzas internacionales\" width=\"1440\" height=\"679\" data-wp-pid=\"11277\" srcset=\"https:\/\/moverdb.com\/wp-content\/uploads\/Brimar-Relocations-international-moving-company.png 1440w, https:\/\/moverdb.com\/wp-content\/uploads\/Brimar-Relocations-international-moving-company-300x141.png 300w, https:\/\/moverdb.com\/wp-content\/uploads\/Brimar-Relocations-international-moving-company-1024x483.png 1024w, https:\/\/moverdb.com\/wp-content\/uploads\/Brimar-Relocations-international-moving-company-18x8.png 18w, https:\/\/moverdb.com\/wp-content\/uploads\/Brimar-Relocations-international-moving-company-600x283.png 600w\" sizes=\"auto, (max-width: 1440px) 100vw, 1440px\" \/><\/p>\n<ul>\n<li>Movimientos nacionales<\/li>\n<li>Traslados internacionales<\/li>\n<li>Mudanzas dom\u00e9sticas<\/li>\n<li>Desplazamientos de empresas<\/li>\n<li>Servicio puerta a puerta<\/li>\n<li>Medios de transporte<\/li>\n<li>Apoyo aduanero<\/li>\n<li>Manipulaci\u00f3n de obras de arte<\/li>\n<li>Seguros<\/li>\n<li>Instalaciones de almacenamiento<\/li>\n<\/ul>\n<p>Brimar Relocations es una empresa de mudanzas internacionales fundada en 2007 que tiene su sede en Stamford y una oficina en <a href=\"https:\/\/moverdb.com\/es\/moving-to-france\/moving-to-paris\/\" data-internallinksmanager029f6b8e52c=\"407\" title=\"\u00bfSe muda a Par\u00eds? 2026 Coste de la vida y consejos para el traslado\">Par\u00eds<\/a>. Disponen de una red desarrollada de agentes en todo el mundo que les ayudan en la ejecuci\u00f3n de mudanzas internacionales. Son miembros de IAM con 14 a\u00f1os de experiencia.<\/p>\n<p>Brimar Relocation ofrece servicios de mudanzas y traslados nacionales e internacionales, est\u00e1 especializada en traslados de empresas y puede ocuparse de obras de arte. Proporcionan servicios de mudanza puerta a puerta en los que se encargan de organizar el transporte de sus pertenencias hasta su destino, lo que puede incluir el embalaje y el almacenamiento, as\u00ed como la cobertura b\u00e1sica del seguro.<\/p>\n<p>P\u00e1gina web: <a href=\"http:\/\/www.brimarrelo.com\" target=\"_blank\" rel=\"noopener\">http:\/\/www.brimarrelo.com<\/a><\/p>\n<h2><strong>2. Meyer<\/strong><\/h2>\n<p><img loading=\"lazy\" decoding=\"async\" class=\"alignnone size-full wp-image-11376\" src=\"https:\/\/moverdb.com\/wp-content\/uploads\/Meyer-international-moving-company.png\" alt=\"Empresa de mudanzas internacionales Meyer\" width=\"1440\" height=\"680\" data-wp-pid=\"11376\" srcset=\"https:\/\/moverdb.com\/wp-content\/uploads\/Meyer-international-moving-company.png 1440w, https:\/\/moverdb.com\/wp-content\/uploads\/Meyer-international-moving-company-300x142.png 300w, https:\/\/moverdb.com\/wp-content\/uploads\/Meyer-international-moving-company-1024x484.png 1024w, https:\/\/moverdb.com\/wp-content\/uploads\/Meyer-international-moving-company-18x9.png 18w, https:\/\/moverdb.com\/wp-content\/uploads\/Meyer-international-moving-company-600x283.png 600w\" sizes=\"auto, (max-width: 1440px) 100vw, 1440px\" \/><\/p>\n<ul>\n<li>Mudanzas locales y de larga distancia<\/li>\n<li>Desplazamientos internacionales<\/li>\n<li>Traslado de viviendas<\/li>\n<li>Traslado de oficinas<\/li>\n<li>Desplazamientos de empresas<\/li>\n<li>Servicio puerta a puerta<\/li>\n<li>Coordinador de mudanzas dedicado<\/li>\n<li>Opciones de embalaje<\/li>\n<li><a href=\"https:\/\/moverdb.com\/es\/car-transport-shipping\/\" data-internallinksmanager029f6b8e52c=\"2\" title=\"2026 Cotizaciones de transporte internacional de coches y env\u00edo de veh\u00edculos\">Env\u00edo de veh\u00edculos<\/a><\/li>\n<li>Soluciones de almacenamiento<\/li>\n<\/ul>\n<p>Meyer es una empresa de soluciones de log\u00edstica, reubicaci\u00f3n y almacenamiento fundada en 1915 y con sede en Stratford. Forman parte de la red United Van Lines, lo que les permite acceder a empresas de mudanzas que les ayudan a prestar sus servicios. Es miembro de IAM y cuenta con 108 a\u00f1os de experiencia.<\/p>\n<p>Meyer ofrece un servicio de consulta para evaluar sus necesidades y volumen de mudanza. Proporcionan un coordinador de mudanzas dedicado como \u00fanico punto de contacto que gestionar\u00e1 todos los aspectos de su mudanza. Buscar\u00e1n la mejor soluci\u00f3n de mudanza para sus necesidades y le proporcionar\u00e1n un servicio puerta a puerta con la opci\u00f3n de servicio de embalaje completo o autoembalaje.<\/p>\n<p>P\u00e1gina web: <a href=\"http:\/\/www.williambmeyer.com\" target=\"_blank\" rel=\"noopener\">http:\/\/www.williambmeyer.com<\/a><\/p>\n<h2><strong>3. WorldCare Pet Transport<\/strong><\/h2>\n<p><img loading=\"lazy\" decoding=\"async\" class=\"alignnone size-full wp-image-11481\" src=\"https:\/\/moverdb.com\/wp-content\/uploads\/WorldCare-Pet-Transport-international-moving-company.png\" alt=\"WorldCare Pet Transport empresa de mudanzas internacionales\" width=\"1440\" height=\"683\" data-wp-pid=\"11481\" srcset=\"https:\/\/moverdb.com\/wp-content\/uploads\/WorldCare-Pet-Transport-international-moving-company.png 1440w, https:\/\/moverdb.com\/wp-content\/uploads\/WorldCare-Pet-Transport-international-moving-company-300x142.png 300w, https:\/\/moverdb.com\/wp-content\/uploads\/WorldCare-Pet-Transport-international-moving-company-1024x486.png 1024w, https:\/\/moverdb.com\/wp-content\/uploads\/WorldCare-Pet-Transport-international-moving-company-18x9.png 18w, https:\/\/moverdb.com\/wp-content\/uploads\/WorldCare-Pet-Transport-international-moving-company-600x285.png 600w\" sizes=\"auto, (max-width: 1440px) 100vw, 1440px\" \/><\/p>\n<ul>\n<li>Servicio nacional<\/li>\n<li>Servicio internacional<\/li>\n<li>Traslados privados de mascotas<\/li>\n<li>Traslado de animales de compa\u00f1\u00eda<\/li>\n<li>Servicio integral<\/li>\n<li>Servicio puerta a puerta<\/li>\n<li>Atiende a todo tipo de mascotas<\/li>\n<li>Organizaci\u00f3n de un transporte eficaz<\/li>\n<li>Compa\u00f1\u00edas a\u00e9reas<\/li>\n<li>Servicios veterinarios<\/li>\n<\/ul>\n<p>WorldCare Pet Transport es una empresa internacional de transporte de mascotas que opera desde hace m\u00e1s de 10 a\u00f1os. Trabajan con empresas de mudanzas de enseres dom\u00e9sticos, empresas de gesti\u00f3n de traslados y responsables de recursos humanos. Est\u00e1n registrados en la USDA como transportistas inmediatos. Son miembros de IAM con 22 a\u00f1os de experiencia.<\/p>\n<p>WorldCare Pet Transport ofrece un servicio integral de traslado de mascotas, recogiendo y entregando a su mascota en cualquier parte del mundo. Se encargan de todos los preparativos del viaje, garantizando los vuelos m\u00e1s directos y rentables, adem\u00e1s de proporcionar transportines homologados de todos los tama\u00f1os. Organizan servicios veterinarios que incluyen ex\u00e1menes m\u00e9dicos, muestras de sangre, certificados y microchips.<\/p>\n<p>P\u00e1gina web: <a href=\"http:\/\/www.WorldCarePet.com\" target=\"_blank\" rel=\"noopener\">http:\/\/www.WorldCarePet.com<\/a><\/p>","protected":false},"excerpt":{"rendered":"<p>If you are moving, you may want to employ the services of a moving company to support and lessen the load. They can help with planning the move, packing your belongings, arranging transport and handling customs for international moves. Below we have compiled a list of Connecticut based removal companies that are members of the [&hellip;]<\/p>\n","protected":false},"author":4,"featured_media":11277,"parent":190,"menu_order":0,"comment_status":"closed","ping_status":"closed","template":"","meta":{"_genesis_hide_title":false,"_genesis_hide_breadcrumbs":false,"_genesis_hide_singular_image":false,"_genesis_hide_footer_widgets":false,"_genesis_custom_body_class":"","_genesis_custom_post_class":"","_genesis_layout":"","footnotes":""},"class_list":{"0":"post-11556","1":"page","2":"type-page","3":"status-publish","4":"has-post-thumbnail","6":"entry"},"_links":{"self":[{"href":"https:\/\/moverdb.com\/es\/wp-json\/wp\/v2\/pages\/11556","targetHints":{"allow":["GET"]}}],"collection":[{"href":"https:\/\/moverdb.com\/es\/wp-json\/wp\/v2\/pages"}],"about":[{"href":"https:\/\/moverdb.com\/es\/wp-json\/wp\/v2\/types\/page"}],"author":[{"embeddable":true,"href":"https:\/\/moverdb.com\/es\/wp-json\/wp\/v2\/users\/4"}],"replies":[{"embeddable":true,"href":"https:\/\/moverdb.com\/es\/wp-json\/wp\/v2\/comments?post=11556"}],"version-history":[{"count":1,"href":"https:\/\/moverdb.com\/es\/wp-json\/wp\/v2\/pages\/11556\/revisions"}],"predecessor-version":[{"id":11557,"href":"https:\/\/moverdb.com\/es\/wp-json\/wp\/v2\/pages\/11556\/revisions\/11557"}],"up":[{"embeddable":true,"href":"https:\/\/moverdb.com\/es\/wp-json\/wp\/v2\/pages\/190"}],"wp:featuredmedia":[{"embeddable":true,"href":"https:\/\/moverdb.com\/es\/wp-json\/wp\/v2\/media\/11277"}],"wp:attachment":[{"href":"https:\/\/moverdb.com\/es\/wp-json\/wp\/v2\/media?parent=11556"}],"curies":[{"name":"wp","href":"https:\/\/api.w.org\/{rel}","templated":true}]}}