{"id":11554,"date":"2023-11-29T10:46:40","date_gmt":"2023-11-29T10:46:40","guid":{"rendered":"https:\/\/moverdb.com\/?page_id=11554"},"modified":"2026-01-08T15:25:05","modified_gmt":"2026-01-08T15:25:05","slug":"moving-companies-us-colorado","status":"publish","type":"page","link":"https:\/\/moverdb.com\/es\/moving-companies\/moving-companies-us-colorado\/","title":{"rendered":"5 Mejores Empresas de Mudanzas Internacionales en Colorado"},"content":{"rendered":"<p>Una mudanza puede ser un momento estresante con tantas cosas que organizar y hacer, por lo que contratar los servicios de un <a href=\"https:\/\/moverdb.com\/es\/moving-companies\/\" data-internallinksmanager029f6b8e52c=\"79\" title=\"Las 25 mejores empresas de mudanzas internacionales en l\u00ednea\">empresa de mudanzas<\/a> pueden ayudar a reducir la carga. Pueden ayudarle con la planificaci\u00f3n, el embalaje, los tr\u00e1mites aduaneros y el transporte. A continuaci\u00f3n hemos recopilado una lista de <a href=\"https:\/\/moverdb.com\/es\/moving-to-the-united-states\/moving-to-colorado\/\" data-internallinksmanager029f6b8e52c=\"399\" title=\"\u00bfSe muda a Colorado? 2026 Coste de vida y consejos de reubicaci\u00f3n\">Colorado<\/a> basado en <a href=\"https:\/\/moverdb.com\/es\/international-removals\/\" data-internallinksmanager029f6b8e52c=\"27\" title=\"36 mejores empresas de mudanzas internacionales del Reino Unido\">empresas de mudanzas<\/a> que son miembros de la <a href=\"https:\/\/moverdb.com\/es\/iam\/\" data-internallinksmanager029f6b8e52c=\"23\" title=\"Explicaci\u00f3n de la Asociaci\u00f3n Internacional de Empresas de Mudanzas (IAM)\">Asociaci\u00f3n Internacional de Empresas de Mudanzas<\/a> (IAM) y\/o <a href=\"https:\/\/moverdb.com\/es\/fidi-faim\/\" data-internallinksmanager029f6b8e52c=\"16\" title=\"Explicaci\u00f3n del FIDI y del FAIM (FIDI Accredited International Mover)\">FIDI<\/a> Empresa de mudanzas internacionales acreditada (FAIM) que podr\u00eda ayudarle con su mudanza.<\/p>\n<div id=\"ez-toc-container\" class=\"ez-toc-v2_0_82_2 ez-toc-wrap-left counter-hierarchy ez-toc-counter ez-toc-transparent ez-toc-container-direction\">\n<div class=\"ez-toc-title-container\">\n<p class=\"ez-toc-title\" style=\"cursor:inherit\">Secciones<\/p>\n<span class=\"ez-toc-title-toggle\"><a href=\"#\" class=\"ez-toc-pull-right ez-toc-btn ez-toc-btn-xs ez-toc-btn-default ez-toc-toggle\" aria-label=\"Alternar tabla de contenidos\"><span class=\"ez-toc-js-icon-con\"><span class=\"\"><span class=\"eztoc-hide\" style=\"display:none;\">Toggle<\/span><span class=\"ez-toc-icon-toggle-span\"><svg style=\"fill: #999;color:#999\" xmlns=\"http:\/\/www.w3.org\/2000\/svg\" class=\"list-377408\" width=\"20px\" height=\"20px\" viewbox=\"0 0 24 24\" fill=\"none\"><path d=\"M6 6H4v2h2V6zm14 0H8v2h12V6zM4 11h2v2H4v-2zm16 0H8v2h12v-2zM4 16h2v2H4v-2zm16 0H8v2h12v-2z\" fill=\"currentColor\"><\/path><\/svg><svg style=\"fill: #999;color:#999\" class=\"arrow-unsorted-368013\" xmlns=\"http:\/\/www.w3.org\/2000\/svg\" width=\"10px\" height=\"10px\" viewbox=\"0 0 24 24\" version=\"1.2\" baseprofile=\"tiny\"><path d=\"M18.2 9.3l-6.2-6.3-6.2 6.3c-.2.2-.3.4-.3.7s.1.5.3.7c.2.2.4.3.7.3h11c.3 0 .5-.1.7-.3.2-.2.3-.5.3-.7s-.1-.5-.3-.7zM5.8 14.7l6.2 6.3 6.2-6.3c.2-.2.3-.5.3-.7s-.1-.5-.3-.7c-.2-.2-.4-.3-.7-.3h-11c-.3 0-.5.1-.7.3-.2.2-.3.5-.3.7s.1.5.3.7z\"\/><\/svg><\/span><\/span><\/span><\/a><\/span><\/div>\n<nav><ul class='ez-toc-list ez-toc-list-level-1 eztoc-toggle-hide-by-default' ><li class='ez-toc-page-1 ez-toc-heading-level-2'><a class=\"ez-toc-link ez-toc-heading-1\" href=\"https:\/\/moverdb.com\/es\/moving-companies\/moving-companies-us-colorado\/#1_Atlantic_Relocation_Systems\" >1. Atlantic Relocation Systems<\/a><\/li><li class='ez-toc-page-1 ez-toc-heading-level-2'><a class=\"ez-toc-link ez-toc-heading-2\" href=\"https:\/\/moverdb.com\/es\/moving-companies\/moving-companies-us-colorado\/#2_Baileys_Moving_Storage\" >2. Bailey's Moving &amp; Storage<\/a><\/li><li class='ez-toc-page-1 ez-toc-heading-level-2'><a class=\"ez-toc-link ez-toc-heading-3\" href=\"https:\/\/moverdb.com\/es\/moving-companies\/moving-companies-us-colorado\/#3_Gallagher_Transport\" >3. Transporte Gallagher<\/a><\/li><li class='ez-toc-page-1 ez-toc-heading-level-2'><a class=\"ez-toc-link ez-toc-heading-4\" href=\"https:\/\/moverdb.com\/es\/moving-companies\/moving-companies-us-colorado\/#4_Graebel\" >4. Graebel<\/a><\/li><li class='ez-toc-page-1 ez-toc-heading-level-2'><a class=\"ez-toc-link ez-toc-heading-5\" href=\"https:\/\/moverdb.com\/es\/moving-companies\/moving-companies-us-colorado\/#5_Johnson_Storage_Moving\" >5. Johnson Storage &amp; Moving<\/a><\/li><\/ul><\/nav><\/div>\n<h2><span class=\"ez-toc-section\" id=\"1_Atlantic_Relocation_Systems\"><\/span><strong>1. Atlantic Relocation Systems<\/strong><span class=\"ez-toc-section-end\"><\/span><\/h2>\n<p><img loading=\"lazy\" decoding=\"async\" class=\"alignnone size-full wp-image-11262\" src=\"https:\/\/moverdb.com\/wp-content\/uploads\/Atlantic-Relocation-Systems-international-moving-company.png\" alt=\"Atlantic Relocation Systems empresa de mudanzas internacionales\" width=\"1440\" height=\"677\" data-wp-pid=\"11262\" srcset=\"https:\/\/moverdb.com\/wp-content\/uploads\/Atlantic-Relocation-Systems-international-moving-company.png 1440w, https:\/\/moverdb.com\/wp-content\/uploads\/Atlantic-Relocation-Systems-international-moving-company-300x141.png 300w, https:\/\/moverdb.com\/wp-content\/uploads\/Atlantic-Relocation-Systems-international-moving-company-1024x481.png 1024w, https:\/\/moverdb.com\/wp-content\/uploads\/Atlantic-Relocation-Systems-international-moving-company-18x8.png 18w, https:\/\/moverdb.com\/wp-content\/uploads\/Atlantic-Relocation-Systems-international-moving-company-600x282.png 600w\" sizes=\"auto, (max-width: 1440px) 100vw, 1440px\" \/><\/p>\n<ul>\n<li>Mudanzas locales y de larga distancia<\/li>\n<li>Traslados internacionales<\/li>\n<li>Mudanzas residenciales<\/li>\n<li>Mudanzas comerciales y de oficinas<\/li>\n<li>Coordinador de mudanzas internacionales<\/li>\n<li>Servicio de embalaje<\/li>\n<li>Transporte terrestre, a\u00e9reo y mar\u00edtimo<\/li>\n<li>Soporte documental<\/li>\n<li>Manipulaci\u00f3n de obras de arte<\/li>\n<li>Instalaciones de almacenamiento<\/li>\n<\/ul>\n<p>Atlantic Relocation Systems es una empresa de mudanzas residenciales y empresariales fundada en 1984 en <a href=\"https:\/\/moverdb.com\/es\/moving-to-denver\/\" data-internallinksmanager029f6b8e52c=\"42\" title=\"\u00bfSe muda a Denver? 2026 Costes de vida y consejos de reubicaci\u00f3n\">Denver<\/a> con sedes en <a href=\"https:\/\/moverdb.com\/es\/moving-to-the-united-states\/moving-to-california\/\" data-internallinksmanager029f6b8e52c=\"330\" title=\"\u00bfMudarse a California? 2026 Coste de la vida y consejos para la reubicaci\u00f3n\">California<\/a>, <a href=\"https:\/\/moverdb.com\/es\/moving-to-the-united-states\/moving-to-illinois\/\" data-internallinksmanager029f6b8e52c=\"401\" title=\"\u00bfMudarse a Illinois? 2026 Coste de la vida y consejos para la reubicaci\u00f3n\">Illinois<\/a>, <a href=\"https:\/\/moverdb.com\/es\/moving-to-the-united-states\/moving-to-arizona\/\" data-internallinksmanager029f6b8e52c=\"385\" title=\"\u00bfSe muda a Arizona? 2026 Costes de vida y consejos de reubicaci\u00f3n\">Arizona<\/a>, <a href=\"https:\/\/moverdb.com\/es\/moving-to-the-united-states\/moving-to-florida\/\" data-internallinksmanager029f6b8e52c=\"331\" title=\"\u00bfMudarse a Florida? 2026 Coste de la vida y consejos de reubicaci\u00f3n\">Florida<\/a>, <a href=\"https:\/\/moverdb.com\/es\/moving-to-the-united-states\/moving-to-texas\/\" data-internallinksmanager029f6b8e52c=\"397\" title=\"\u00bfMudarse a Texas? 2026 Coste de la vida y consejos para la reubicaci\u00f3n\">Texas<\/a> y <a href=\"https:\/\/moverdb.com\/es\/moving-to-the-united-states\/moving-to-georgia\/\" data-internallinksmanager029f6b8e52c=\"402\" title=\"\u00bfMudarse a Georgia? 2026 Coste de la vida y consejos para la reubicaci\u00f3n\">Georgia<\/a>. Son un agente de Atlas Van Lines y tienen una red de agentes de mudanzas internacionales para ayudarles con las mudanzas a nivel nacional e internacional. Son miembros de IAM con 26 a\u00f1os de experiencia.<\/p>\n<p>Atlantic Relocation Systems ofrece un presupuesto gratuito a domicilio para mudanzas locales y asigna un coordinador de mudanzas internacionales para mudanzas internacionales. Sus coordinadores de mudanzas organizar\u00e1n toda la log\u00edstica de su mudanza, incluidos los preparativos del transporte y la documentaci\u00f3n de apoyo.<\/p>\n<p>P\u00e1gina web: <a href=\"http:\/\/www.atlanticrelocation.com\/denver\/\" target=\"_blank\" rel=\"noopener\">http:\/\/www.atlanticrelocation.com\/denver\/<\/a><\/p>\n<h2><span class=\"ez-toc-section\" id=\"2_Baileys_Moving_Storage\"><\/span><strong>2. Bailey's Moving &amp; Storage<\/strong><span class=\"ez-toc-section-end\"><\/span><\/h2>\n<p><img loading=\"lazy\" decoding=\"async\" class=\"alignnone size-full wp-image-11266\" src=\"https:\/\/moverdb.com\/wp-content\/uploads\/Baileys-Moving-Storage-international-moving-company.png\" alt=\"Baileys Moving &amp; Storage empresa de mudanzas internacionales\" width=\"1440\" height=\"680\" data-wp-pid=\"11266\" srcset=\"https:\/\/moverdb.com\/wp-content\/uploads\/Baileys-Moving-Storage-international-moving-company.png 1440w, https:\/\/moverdb.com\/wp-content\/uploads\/Baileys-Moving-Storage-international-moving-company-300x142.png 300w, https:\/\/moverdb.com\/wp-content\/uploads\/Baileys-Moving-Storage-international-moving-company-1024x484.png 1024w, https:\/\/moverdb.com\/wp-content\/uploads\/Baileys-Moving-Storage-international-moving-company-18x9.png 18w, https:\/\/moverdb.com\/wp-content\/uploads\/Baileys-Moving-Storage-international-moving-company-600x283.png 600w\" sizes=\"auto, (max-width: 1440px) 100vw, 1440px\" \/><\/p>\n<ul>\n<li>Mudanzas locales y de larga distancia<\/li>\n<li>Traslados internacionales<\/li>\n<li>Mudanzas dom\u00e9sticas<\/li>\n<li>Movimientos de negocios<\/li>\n<li>Gesti\u00f3n de la mudanza<\/li>\n<li>Servicio de embalaje<\/li>\n<li>Medios de transporte<\/li>\n<li>Apoyo aduanero<\/li>\n<li>Seguros<\/li>\n<li>Almacenamiento seguro a corto y largo plazo<\/li>\n<\/ul>\n<p>Bailey's Moving &amp; Storage es una empresa de mudanzas con sede en <a href=\"https:\/\/moverdb.com\/es\/moving-to-the-united-states\/moving-to-utah\/\" data-internallinksmanager029f6b8e52c=\"439\" title=\"\u00bfSe muda a Utah? 2026 Coste de la vida y consejos de reubicaci\u00f3n\">Utah<\/a> y Colorado formada en 1952. Tienen una red nacional e internacional de agentes de mudanzas para apoyarles con la prestaci\u00f3n de sus servicios y son un agente de Allied Van Lines. Son miembros de IAM con 71 a\u00f1os de experiencia.<\/p>\n<p>Bailey's Moving &amp; Storage ofrece un presupuesto de mudanza gratuito y le proporcionar\u00e1n la mudanza al mejor precio posible. Proporcionan un servicio de embalaje con empaquetadores profesionalmente formados que utilizan materiales de embalaje adecuados para proteger sus art\u00edculos. Ellos organizaran el transporte de sus pertenencias a su destino ya sea local, interestatal o internacional.<\/p>\n<p>P\u00e1gina web: <a href=\"https:\/\/baileysallied.com\" target=\"_blank\" rel=\"noopener\">https:\/\/baileysallied.com<\/a><\/p>\n<h2><span class=\"ez-toc-section\" id=\"3_Gallagher_Transport\"><\/span><strong>3. Transporte Gallagher<\/strong><span class=\"ez-toc-section-end\"><\/span><\/h2>\n<p><img loading=\"lazy\" decoding=\"async\" class=\"alignnone size-full wp-image-11324\" src=\"https:\/\/moverdb.com\/wp-content\/uploads\/Gallagher-Transport-international-moving-company.png\" alt=\"Gallagher Transport empresa de mudanzas internacionales\" width=\"1440\" height=\"669\" data-wp-pid=\"11324\" srcset=\"https:\/\/moverdb.com\/wp-content\/uploads\/Gallagher-Transport-international-moving-company.png 1440w, https:\/\/moverdb.com\/wp-content\/uploads\/Gallagher-Transport-international-moving-company-300x139.png 300w, https:\/\/moverdb.com\/wp-content\/uploads\/Gallagher-Transport-international-moving-company-1024x476.png 1024w, https:\/\/moverdb.com\/wp-content\/uploads\/Gallagher-Transport-international-moving-company-18x8.png 18w, https:\/\/moverdb.com\/wp-content\/uploads\/Gallagher-Transport-international-moving-company-600x279.png 600w\" sizes=\"auto, (max-width: 1440px) 100vw, 1440px\" \/><\/p>\n<ul>\n<li>Transporte nacional de mercanc\u00edas<\/li>\n<li>Transporte internacional de mercanc\u00edas<\/li>\n<li>Gesti\u00f3n log\u00edstica<\/li>\n<li>Soluciones personalizadas<\/li>\n<li>Entrega puerta a puerta<\/li>\n<li>Transporte a\u00e9reo, terrestre y mar\u00edtimo<\/li>\n<li>Seguimiento del env\u00edo<\/li>\n<li>Despacho de aduanas<\/li>\n<li>Seguros<\/li>\n<li>Instalaciones de almacenamiento<\/li>\n<\/ul>\n<p>Gallagher Transport es un agente de aduanas y <a href=\"https:\/\/moverdb.com\/es\/freight-forwarder\/\" data-internallinksmanager029f6b8e52c=\"17\" title=\"Gu\u00eda de empresas y costes internacionales de transitarios y NVOCC\">transportista<\/a> fundada en 1990 en <a href=\"https:\/\/moverdb.com\/es\/moving-to-the-united-states\/moving-to-oregon\/\" data-internallinksmanager029f6b8e52c=\"395\" title=\"\u00bfMudarse a Oreg\u00f3n? 2026 Coste de la vida y consejos para la reubicaci\u00f3n\">Oreg\u00f3n<\/a> con oficinas en Denver, <a href=\"https:\/\/moverdb.com\/es\/moving-to-houston\/\" data-internallinksmanager029f6b8e52c=\"47\" title=\"\u00bfSe muda a Houston? 2026 Costes de vida y consejos de reubicaci\u00f3n\">Houston<\/a>, <a href=\"https:\/\/moverdb.com\/es\/moving-to-los-angeles\/\" data-internallinksmanager029f6b8e52c=\"51\" title=\"\u00bfSe muda a Los \u00c1ngeles? 2026 Coste de la vida en Los \u00c1ngeles y consejos de reubicaci\u00f3n\">Los \u00c1ngeles<\/a>Portland y <a href=\"https:\/\/moverdb.com\/es\/moving-to-san-francisco\/\" data-internallinksmanager029f6b8e52c=\"63\" title=\"\u00bfSe muda a San Francisco? 2026 Costes de vida y consejos de reubicaci\u00f3n\">San Francisco<\/a>. Son miembros de IAM con 29 a\u00f1os de experiencia, lo que les proporciona acceso a una red internacional de proveedores de mudanzas para ayudarles.<\/p>\n<p>Gallagher Transport presta servicios de expedici\u00f3n de mercanc\u00edas que incluyen el despacho de aduanas, pero no incluye ning\u00fan servicio de embalaje. Gestionar\u00e1n la log\u00edstica del traslado de sus pertenencias de un destino a otro de puerta a puerta por tierra, mar o aire. Rastrear\u00e1n el env\u00edo y se asegurar\u00e1n de que pasa la aduana y est\u00e1 asegurado.<\/p>\n<p>P\u00e1gina web: <a href=\"http:\/\/www.gallaghertransport.com\" target=\"_blank\" rel=\"noopener\">http:\/\/www.gallaghertransport.com<\/a><\/p>\n<h2><span class=\"ez-toc-section\" id=\"4_Graebel\"><\/span><strong>4. Graebel<\/strong><span class=\"ez-toc-section-end\"><\/span><\/h2>\n<p><img loading=\"lazy\" decoding=\"async\" class=\"alignnone size-full wp-image-11333\" src=\"https:\/\/moverdb.com\/wp-content\/uploads\/Graebel-international-moving-company.png\" alt=\"Graebel empresa de mudanzas internacionales\" width=\"1440\" height=\"678\" data-wp-pid=\"11333\" srcset=\"https:\/\/moverdb.com\/wp-content\/uploads\/Graebel-international-moving-company.png 1440w, https:\/\/moverdb.com\/wp-content\/uploads\/Graebel-international-moving-company-300x141.png 300w, https:\/\/moverdb.com\/wp-content\/uploads\/Graebel-international-moving-company-1024x482.png 1024w, https:\/\/moverdb.com\/wp-content\/uploads\/Graebel-international-moving-company-18x8.png 18w, https:\/\/moverdb.com\/wp-content\/uploads\/Graebel-international-moving-company-600x283.png 600w\" sizes=\"auto, (max-width: 1440px) 100vw, 1440px\" \/><\/p>\n<ul>\n<li>Desplazamientos internacionales<\/li>\n<li>Traslado de hogares<\/li>\n<li>Desplazamientos de empresas<\/li>\n<li>Servicio personalizado<\/li>\n<li>Servicios de embalaje<\/li>\n<li>Servicios de salida<\/li>\n<li>Servicios en destino<\/li>\n<li>Servicios de instalaci\u00f3n<\/li>\n<li>B\u00fasquedas en domicilios y centros escolares<\/li>\n<li>Servicios de repatriaci\u00f3n<\/li>\n<\/ul>\n<p>Graebel es una empresa de servicios integrales de gesti\u00f3n de traslados fundada en 1950 con 16 sedes en todo el mundo, incluida su sede central en Denver. Trabajan con una amplia gama de socios de servicios para trasladar enseres dom\u00e9sticos por todo el mundo a m\u00e1s de 165 pa\u00edses de seis continentes. Es miembro de IAM y cuenta con 69 a\u00f1os de experiencia.<\/p>\n<p>Graebel est\u00e1 especializada en el traslado de empleados y en apoyar a las empresas con sus programas de movilidad global. Prestan servicios de salida a los empleados, incluida la gesti\u00f3n de la venta de su vivienda o la cancelaci\u00f3n de su contrato de alquiler, el embalaje y los servicios de visado e inmigraci\u00f3n. Sus servicios de destino incluyen orientaci\u00f3n, b\u00fasqueda de vivienda y escuela, servicios de alquiler, servicios de instalaci\u00f3n y desembalaje.<\/p>\n<p>P\u00e1gina web: <a href=\"http:\/\/www.graebel.com\" target=\"_blank\" rel=\"noopener\">http:\/\/www.graebel.com<\/a><\/p>\n<h2><span class=\"ez-toc-section\" id=\"5_Johnson_Storage_Moving\"><\/span><strong>5. Johnson Storage &amp; Moving<\/strong><span class=\"ez-toc-section-end\"><\/span><\/h2>\n<p><img loading=\"lazy\" decoding=\"async\" class=\"alignnone size-full wp-image-11356\" src=\"https:\/\/moverdb.com\/wp-content\/uploads\/Johnson-Storage-Moving-international-moving-company.png\" alt=\"Johnson Storage &amp; Moving empresa de mudanzas internacionales\" width=\"1440\" height=\"677\" data-wp-pid=\"11356\" srcset=\"https:\/\/moverdb.com\/wp-content\/uploads\/Johnson-Storage-Moving-international-moving-company.png 1440w, https:\/\/moverdb.com\/wp-content\/uploads\/Johnson-Storage-Moving-international-moving-company-300x141.png 300w, https:\/\/moverdb.com\/wp-content\/uploads\/Johnson-Storage-Moving-international-moving-company-1024x481.png 1024w, https:\/\/moverdb.com\/wp-content\/uploads\/Johnson-Storage-Moving-international-moving-company-18x8.png 18w, https:\/\/moverdb.com\/wp-content\/uploads\/Johnson-Storage-Moving-international-moving-company-600x282.png 600w\" sizes=\"auto, (max-width: 1440px) 100vw, 1440px\" \/><\/p>\n<ul>\n<li>Mudanzas locales y de larga distancia<\/li>\n<li>Traslados internacionales<\/li>\n<li>Mudanzas residenciales<\/li>\n<li>Mudanzas comerciales y de oficinas<\/li>\n<li>Desplazamientos de empresas<\/li>\n<li>Asesor de mudanzas personales<\/li>\n<li>Servicio de embalaje<\/li>\n<li>Medios de transporte<\/li>\n<li>Despacho de aduanas<\/li>\n<li>Instalaciones de almacenamiento<\/li>\n<\/ul>\n<p>Johnson Storage &amp; Moving es una empresa de log\u00edstica global fundada en 1900 en Denver con sedes en Colorado y California, <a href=\"https:\/\/moverdb.com\/es\/moving-to-the-united-states\/moving-to-kansas\/\" data-internallinksmanager029f6b8e52c=\"464\" title=\"\u00bfMudarse a Kansas? 2026 Coste de vida y consejos de reubicaci\u00f3n\">Kansas<\/a>, <a href=\"https:\/\/moverdb.com\/es\/moving-to-the-united-states\/moving-to-new-mexico\/\" data-internallinksmanager029f6b8e52c=\"455\" title=\"\u00bfSe muda a Nuevo M\u00e9xico? 2026 Costos de vida y consejos de reubicaci\u00f3n\">Nuevo M\u00e9xico<\/a>Texas, <a href=\"https:\/\/moverdb.com\/es\/moving-to-the-united-states\/moving-to-wyoming\/\" data-internallinksmanager029f6b8e52c=\"449\" title=\"\u00bfSe muda a Wyoming? 2026 Coste de la vida y consejos de reubicaci\u00f3n\">Wyoming<\/a> y <a href=\"https:\/\/moverdb.com\/es\/moving-to-the-united-states\/moving-to-missouri\/\" data-internallinksmanager029f6b8e52c=\"460\" title=\"\u00bfMudarse a Missouri? 2026 Coste de vida y consejos de reubicaci\u00f3n\">Missouri<\/a>. Son miembros de United Van Lines y Mayflower Transit proporcionando una mayor cobertura en todo el <a href=\"https:\/\/moverdb.com\/es\/moving-to-the-united-states\/\" data-internallinksmanager029f6b8e52c=\"94\" title=\"\u00bfSe muda a Estados Unidos? 2026 Costes de vida y consejos de reubicaci\u00f3n\">EE.UU.<\/a>. Son miembros de IAM con 123 a\u00f1os de experiencia y est\u00e1n acreditados por FIDI.<\/p>\n<p>Johnson Storage &amp; Moving le ofrece un presupuesto gratuito a domicilio o virtual y le proporcionar\u00e1 un asesor personal de mudanzas para ayudarle en cada paso del camino. Crear\u00e1n un plan de mudanza personal que se adapte a sus necesidades. Ofrecen un servicio completo de embalaje y se encargan del despacho de aduanas.<\/p>\n<p>P\u00e1gina web: <a href=\"https:\/\/www.johnsonstorage.com\" target=\"_blank\" rel=\"noopener\">https:\/\/www.johnsonstorage.com<\/a><\/p>","protected":false},"excerpt":{"rendered":"<p>Moving can be a stressful time with so many things to organise and do, so engaging the services of a moving company could help reduce the load. They can assist with planning, packing, customs arrangements and transportation. Below we have compiled a list of Colorado based removal companies that are members of the International Association [&hellip;]<\/p>\n","protected":false},"author":4,"featured_media":11262,"parent":190,"menu_order":0,"comment_status":"closed","ping_status":"closed","template":"","meta":{"_genesis_hide_title":false,"_genesis_hide_breadcrumbs":false,"_genesis_hide_singular_image":false,"_genesis_hide_footer_widgets":false,"_genesis_custom_body_class":"","_genesis_custom_post_class":"","_genesis_layout":"","footnotes":""},"class_list":{"0":"post-11554","1":"page","2":"type-page","3":"status-publish","4":"has-post-thumbnail","6":"entry"},"_links":{"self":[{"href":"https:\/\/moverdb.com\/es\/wp-json\/wp\/v2\/pages\/11554","targetHints":{"allow":["GET"]}}],"collection":[{"href":"https:\/\/moverdb.com\/es\/wp-json\/wp\/v2\/pages"}],"about":[{"href":"https:\/\/moverdb.com\/es\/wp-json\/wp\/v2\/types\/page"}],"author":[{"embeddable":true,"href":"https:\/\/moverdb.com\/es\/wp-json\/wp\/v2\/users\/4"}],"replies":[{"embeddable":true,"href":"https:\/\/moverdb.com\/es\/wp-json\/wp\/v2\/comments?post=11554"}],"version-history":[{"count":1,"href":"https:\/\/moverdb.com\/es\/wp-json\/wp\/v2\/pages\/11554\/revisions"}],"predecessor-version":[{"id":11555,"href":"https:\/\/moverdb.com\/es\/wp-json\/wp\/v2\/pages\/11554\/revisions\/11555"}],"up":[{"embeddable":true,"href":"https:\/\/moverdb.com\/es\/wp-json\/wp\/v2\/pages\/190"}],"wp:featuredmedia":[{"embeddable":true,"href":"https:\/\/moverdb.com\/es\/wp-json\/wp\/v2\/media\/11262"}],"wp:attachment":[{"href":"https:\/\/moverdb.com\/es\/wp-json\/wp\/v2\/media?parent=11554"}],"curies":[{"name":"wp","href":"https:\/\/api.w.org\/{rel}","templated":true}]}}