{"id":11550,"date":"2023-11-29T10:24:26","date_gmt":"2023-11-29T10:24:26","guid":{"rendered":"https:\/\/moverdb.com\/?page_id=11550"},"modified":"2026-01-08T15:23:37","modified_gmt":"2026-01-08T15:23:37","slug":"moving-companies-us-arizona","status":"publish","type":"page","link":"https:\/\/moverdb.com\/es\/moving-companies\/moving-companies-us-arizona\/","title":{"rendered":"2 Mejores Empresas de Mudanzas Internacionales en Arizona"},"content":{"rendered":"<p>La mudanza puede ser uno de los momentos m\u00e1s estresantes de nuestra vida, as\u00ed que \u00bfpor qu\u00e9 intentar hacerlo todo solo? <a href=\"https:\/\/moverdb.com\/es\/moving-companies\/\" data-internallinksmanager029f6b8e52c=\"79\" title=\"Las 25 mejores empresas de mudanzas internacionales en l\u00ednea\">Empresas de mudanzas<\/a> puede ayudarle con la organizaci\u00f3n, el embalaje, el transporte y las aduanas si lo necesita. A continuaci\u00f3n hemos recopilado una lista de <a href=\"https:\/\/moverdb.com\/es\/moving-to-the-united-states\/moving-to-arizona\/\" data-internallinksmanager029f6b8e52c=\"385\" title=\"\u00bfSe muda a Arizona? 2026 Costes de vida y consejos de reubicaci\u00f3n\">Arizona<\/a> basado en <a href=\"https:\/\/moverdb.com\/es\/international-removals\/\" data-internallinksmanager029f6b8e52c=\"27\" title=\"36 mejores empresas de mudanzas internacionales del Reino Unido\">empresas de mudanzas<\/a> que son miembros de la <a href=\"https:\/\/moverdb.com\/es\/iam\/\" data-internallinksmanager029f6b8e52c=\"23\" title=\"Explicaci\u00f3n de la Asociaci\u00f3n Internacional de Empresas de Mudanzas (IAM)\">Asociaci\u00f3n Internacional de Empresas de Mudanzas<\/a> (IAM) y\/o <a href=\"https:\/\/moverdb.com\/es\/fidi-faim\/\" data-internallinksmanager029f6b8e52c=\"16\" title=\"Explicaci\u00f3n del FIDI y del FAIM (FIDI Accredited International Mover)\">FIDI<\/a> Empresa de mudanzas internacionales acreditada (FAIM) que podr\u00eda ayudarle con su mudanza.<\/p>\n<h2><strong>1. Atlantic Relocation Systems<\/strong><\/h2>\n<p><img loading=\"lazy\" decoding=\"async\" class=\"alignnone size-full wp-image-11262\" src=\"https:\/\/moverdb.com\/wp-content\/uploads\/Atlantic-Relocation-Systems-international-moving-company.png\" alt=\"Atlantic Relocation Systems empresa de mudanzas internacionales\" width=\"1440\" height=\"677\" data-wp-pid=\"11262\" srcset=\"https:\/\/moverdb.com\/wp-content\/uploads\/Atlantic-Relocation-Systems-international-moving-company.png 1440w, https:\/\/moverdb.com\/wp-content\/uploads\/Atlantic-Relocation-Systems-international-moving-company-300x141.png 300w, https:\/\/moverdb.com\/wp-content\/uploads\/Atlantic-Relocation-Systems-international-moving-company-1024x481.png 1024w, https:\/\/moverdb.com\/wp-content\/uploads\/Atlantic-Relocation-Systems-international-moving-company-18x8.png 18w, https:\/\/moverdb.com\/wp-content\/uploads\/Atlantic-Relocation-Systems-international-moving-company-600x282.png 600w\" sizes=\"auto, (max-width: 1440px) 100vw, 1440px\" \/><\/p>\n<ul>\n<li>Mudanzas locales y de larga distancia<\/li>\n<li>Traslados internacionales<\/li>\n<li>Mudanzas residenciales<\/li>\n<li>Mudanzas comerciales y de oficinas<\/li>\n<li>Coordinador de reubicaci\u00f3n internacional<\/li>\n<li>Servicios de embalaje<\/li>\n<li>Transporte por carretera, aire y mar<\/li>\n<li>Apoyo con documentaci\u00f3n<\/li>\n<li>Manipulaci\u00f3n de obras de arte<\/li>\n<li>Almacenamiento seguro<\/li>\n<\/ul>\n<p>Atlantic Relocation Systems es una empresa de mudanzas creada en 1984 con 13 sedes en <a href=\"https:\/\/moverdb.com\/es\/moving-to-phoenix\/\" data-internallinksmanager029f6b8e52c=\"62\" title=\"\u00bfSe muda a Phoenix? 2026 Costes de vida y consejos de reubicaci\u00f3n\">Phoenix<\/a> as\u00ed como <a href=\"https:\/\/moverdb.com\/es\/moving-to-the-united-states\/moving-to-georgia\/\" data-internallinksmanager029f6b8e52c=\"402\" title=\"\u00bfMudarse a Georgia? 2026 Coste de la vida y consejos para la reubicaci\u00f3n\">Georgia<\/a>, <a href=\"https:\/\/moverdb.com\/es\/moving-to-the-united-states\/moving-to-florida\/\" data-internallinksmanager029f6b8e52c=\"331\" title=\"\u00bfMudarse a Florida? 2026 Coste de la vida y consejos de reubicaci\u00f3n\">Florida<\/a>, <a href=\"https:\/\/moverdb.com\/es\/moving-to-the-united-states\/moving-to-illinois\/\" data-internallinksmanager029f6b8e52c=\"401\" title=\"\u00bfMudarse a Illinois? 2026 Coste de la vida y consejos para la reubicaci\u00f3n\">Illinois<\/a>, <a href=\"https:\/\/moverdb.com\/es\/moving-to-the-united-states\/moving-to-colorado\/\" data-internallinksmanager029f6b8e52c=\"399\" title=\"\u00bfSe muda a Colorado? 2026 Coste de vida y consejos de reubicaci\u00f3n\">Colorado<\/a>, <a href=\"https:\/\/moverdb.com\/es\/moving-to-the-united-states\/moving-to-texas\/\" data-internallinksmanager029f6b8e52c=\"397\" title=\"\u00bfMudarse a Texas? 2026 Coste de la vida y consejos para la reubicaci\u00f3n\">Texas<\/a>, <a href=\"https:\/\/moverdb.com\/es\/moving-to-the-united-states\/moving-to-indiana\/\" data-internallinksmanager029f6b8e52c=\"445\" title=\"\u00bfMudarse a Indiana? 2026 Coste de vida y consejos de reubicaci\u00f3n\">Indiana<\/a> y Washington. Forman parte de Atlas Van Lines proporcionando cobertura en todo el <a href=\"https:\/\/moverdb.com\/es\/moving-to-the-united-states\/\" data-internallinksmanager029f6b8e52c=\"94\" title=\"\u00bfSe muda a Estados Unidos? 2026 Costes de vida y consejos de reubicaci\u00f3n\">EE.UU.<\/a> y disponen de una red internacional de agentes de mudanzas. Son miembros de IAM con 33 a\u00f1os de experiencia.<\/p>\n<p>Atlantic Relocation Systems ofrece un presupuesto gratuito a domicilio para mudanzas locales. Disponen de un coordinador de mudanzas internacionales que ser\u00e1 su \u00fanico punto de contacto y gestionar\u00e1 todos los aspectos de su mudanza. Organizar\u00e1n el embalaje y la carga de sus pertenencias para que lleguen a salvo a su destino.<\/p>\n<p>P\u00e1gina web: <a href=\"http:\/\/www.atlanticrelocation.com\/phoenix\/\" target=\"_blank\" rel=\"noopener\">http:\/\/www.atlanticrelocation.com\/phoenix\/<\/a><\/p>\n<h2><strong>2. Soluciones de movilidad global<\/strong><\/h2>\n<p><img loading=\"lazy\" decoding=\"async\" class=\"alignnone size-full wp-image-11326\" src=\"https:\/\/moverdb.com\/wp-content\/uploads\/Global-Mobility-Solutions-international-moving-company.png\" alt=\"Global Mobility Solutions empresa de mudanzas internacionales\" width=\"1440\" height=\"676\" data-wp-pid=\"11326\" srcset=\"https:\/\/moverdb.com\/wp-content\/uploads\/Global-Mobility-Solutions-international-moving-company.png 1440w, https:\/\/moverdb.com\/wp-content\/uploads\/Global-Mobility-Solutions-international-moving-company-300x141.png 300w, https:\/\/moverdb.com\/wp-content\/uploads\/Global-Mobility-Solutions-international-moving-company-1024x481.png 1024w, https:\/\/moverdb.com\/wp-content\/uploads\/Global-Mobility-Solutions-international-moving-company-18x8.png 18w, https:\/\/moverdb.com\/wp-content\/uploads\/Global-Mobility-Solutions-international-moving-company-600x282.png 600w\" sizes=\"auto, (max-width: 1440px) 100vw, 1440px\" \/><\/p>\n<ul>\n<li>Traslados locales e interestatales<\/li>\n<li>Desplazamientos internacionales<\/li>\n<li>Desplazamientos de empresas<\/li>\n<li>Programas de movilidad mundial<\/li>\n<li>Servicios a medida<\/li>\n<li>Apoyo previo a la asignaci\u00f3n<\/li>\n<li>Servicios de mudanza<\/li>\n<li>Servicios de instalaci\u00f3n<\/li>\n<li>Transporte de mascotas<\/li>\n<li>Tecnolog\u00eda de seguimiento<\/li>\n<\/ul>\n<p>Global Mobility Solutions es una empresa de gesti\u00f3n de reubicaciones fundada en 1987 y con sede en Scottsdale. Pueden prestar servicios de reubicaci\u00f3n en m\u00e1s de 140 pa\u00edses de todo el mundo y son miembros de IAM con 36 a\u00f1os de experiencia.<\/p>\n<p>Global Mobility Solutions ofrece servicios integrales de reubicaci\u00f3n a medida. Los servicios previos a la asignaci\u00f3n incluyen visados e inmigraci\u00f3n, orientaci\u00f3n y b\u00fasqueda de vivienda. Los servicios previos al viaje incluyen formaci\u00f3n cultural y ling\u00fc\u00edstica, transporte de mascotas y env\u00edo de mercanc\u00edas. Los servicios de traslado incluyen servicio de instalaci\u00f3n, apoyo a socios y colocaci\u00f3n en colegios. Proporcionan la tecnolog\u00eda MyRelocation, que permite a los empresarios gestionar y hacer un seguimiento de los traslados y ayuda a agilizar los traslados de las empresas.<\/p>\n<p>P\u00e1gina web: <a href=\"https:\/\/gmsmobility.com\/\" target=\"_blank\" rel=\"noopener\">https:\/\/gmsmobility.com\/<\/a><\/p>","protected":false},"excerpt":{"rendered":"<p>Moving can be one of the most stressful times in our lives, so why try to do it all on your own? Moving companies can help with organisation, packing, transportation and customs if required. Below we have compiled a list of Arizona based removal companies that are members of the International Association of Movers (IAM) [&hellip;]<\/p>\n","protected":false},"author":4,"featured_media":11262,"parent":190,"menu_order":0,"comment_status":"closed","ping_status":"closed","template":"","meta":{"_genesis_hide_title":false,"_genesis_hide_breadcrumbs":false,"_genesis_hide_singular_image":false,"_genesis_hide_footer_widgets":false,"_genesis_custom_body_class":"","_genesis_custom_post_class":"","_genesis_layout":"","footnotes":""},"class_list":{"0":"post-11550","1":"page","2":"type-page","3":"status-publish","4":"has-post-thumbnail","6":"entry"},"_links":{"self":[{"href":"https:\/\/moverdb.com\/es\/wp-json\/wp\/v2\/pages\/11550","targetHints":{"allow":["GET"]}}],"collection":[{"href":"https:\/\/moverdb.com\/es\/wp-json\/wp\/v2\/pages"}],"about":[{"href":"https:\/\/moverdb.com\/es\/wp-json\/wp\/v2\/types\/page"}],"author":[{"embeddable":true,"href":"https:\/\/moverdb.com\/es\/wp-json\/wp\/v2\/users\/4"}],"replies":[{"embeddable":true,"href":"https:\/\/moverdb.com\/es\/wp-json\/wp\/v2\/comments?post=11550"}],"version-history":[{"count":1,"href":"https:\/\/moverdb.com\/es\/wp-json\/wp\/v2\/pages\/11550\/revisions"}],"predecessor-version":[{"id":11551,"href":"https:\/\/moverdb.com\/es\/wp-json\/wp\/v2\/pages\/11550\/revisions\/11551"}],"up":[{"embeddable":true,"href":"https:\/\/moverdb.com\/es\/wp-json\/wp\/v2\/pages\/190"}],"wp:featuredmedia":[{"embeddable":true,"href":"https:\/\/moverdb.com\/es\/wp-json\/wp\/v2\/media\/11262"}],"wp:attachment":[{"href":"https:\/\/moverdb.com\/es\/wp-json\/wp\/v2\/media?parent=11550"}],"curies":[{"name":"wp","href":"https:\/\/api.w.org\/{rel}","templated":true}]}}