{"id":11548,"date":"2023-11-29T10:41:59","date_gmt":"2023-11-29T10:41:59","guid":{"rendered":"https:\/\/moverdb.com\/?page_id=11548"},"modified":"2026-01-08T15:24:37","modified_gmt":"2026-01-08T15:24:37","slug":"moving-companies-us-alexandria","status":"publish","type":"page","link":"https:\/\/moverdb.com\/es\/moving-companies\/moving-companies-us-alexandria\/","title":{"rendered":"4 Mejores Empresas de Mudanzas Internacionales en Alexandria"},"content":{"rendered":"<p>Una mudanza puede ser un momento muy ajetreado, con tantas cosas que organizar, que mucha gente se <a href=\"https:\/\/moverdb.com\/es\/moving-companies\/\" data-internallinksmanager029f6b8e52c=\"79\" title=\"Las 25 mejores empresas de mudanzas internacionales en l\u00ednea\">empresa de mudanzas<\/a> ya que pueden embalar sus objetos, cargarlos, transportarlos y descargarlos en el lugar de destino. A continuaci\u00f3n hemos recopilado una lista de empresas con sede en Alexandria <a href=\"https:\/\/moverdb.com\/es\/international-removals\/\" data-internallinksmanager029f6b8e52c=\"27\" title=\"36 mejores empresas de mudanzas internacionales del Reino Unido\">empresas de mudanzas<\/a> que son miembros de la <a href=\"https:\/\/moverdb.com\/es\/iam\/\" data-internallinksmanager029f6b8e52c=\"23\" title=\"Explicaci\u00f3n de la Asociaci\u00f3n Internacional de Empresas de Mudanzas (IAM)\">Asociaci\u00f3n Internacional de Empresas de Mudanzas<\/a> (IAM) y\/o <a href=\"https:\/\/moverdb.com\/es\/fidi-faim\/\" data-internallinksmanager029f6b8e52c=\"16\" title=\"Explicaci\u00f3n del FIDI y del FAIM (FIDI Accredited International Mover)\">FIDI<\/a> Empresa de mudanzas internacionales acreditada (FAIM) que podr\u00eda ayudarle con su mudanza.<\/p>\n<div id=\"ez-toc-container\" class=\"ez-toc-v2_0_82_2 ez-toc-wrap-left counter-hierarchy ez-toc-counter ez-toc-transparent ez-toc-container-direction\">\n<div class=\"ez-toc-title-container\">\n<p class=\"ez-toc-title\" style=\"cursor:inherit\">Secciones<\/p>\n<span class=\"ez-toc-title-toggle\"><a href=\"#\" class=\"ez-toc-pull-right ez-toc-btn ez-toc-btn-xs ez-toc-btn-default ez-toc-toggle\" aria-label=\"Alternar tabla de contenidos\"><span class=\"ez-toc-js-icon-con\"><span class=\"\"><span class=\"eztoc-hide\" style=\"display:none;\">Toggle<\/span><span class=\"ez-toc-icon-toggle-span\"><svg style=\"fill: #999;color:#999\" xmlns=\"http:\/\/www.w3.org\/2000\/svg\" class=\"list-377408\" width=\"20px\" height=\"20px\" viewbox=\"0 0 24 24\" fill=\"none\"><path d=\"M6 6H4v2h2V6zm14 0H8v2h12V6zM4 11h2v2H4v-2zm16 0H8v2h12v-2zM4 16h2v2H4v-2zm16 0H8v2h12v-2z\" fill=\"currentColor\"><\/path><\/svg><svg style=\"fill: #999;color:#999\" class=\"arrow-unsorted-368013\" xmlns=\"http:\/\/www.w3.org\/2000\/svg\" width=\"10px\" height=\"10px\" viewbox=\"0 0 24 24\" version=\"1.2\" baseprofile=\"tiny\"><path d=\"M18.2 9.3l-6.2-6.3-6.2 6.3c-.2.2-.3.4-.3.7s.1.5.3.7c.2.2.4.3.7.3h11c.3 0 .5-.1.7-.3.2-.2.3-.5.3-.7s-.1-.5-.3-.7zM5.8 14.7l6.2 6.3 6.2-6.3c.2-.2.3-.5.3-.7s-.1-.5-.3-.7c-.2-.2-.4-.3-.7-.3h-11c-.3 0-.5.1-.7.3-.2.2-.3.5-.3.7s.1.5.3.7z\"\/><\/svg><\/span><\/span><\/span><\/a><\/span><\/div>\n<nav><ul class='ez-toc-list ez-toc-list-level-1 eztoc-toggle-hide-by-default' ><li class='ez-toc-page-1 ez-toc-heading-level-2'><a class=\"ez-toc-link ez-toc-heading-1\" href=\"https:\/\/moverdb.com\/es\/moving-companies\/moving-companies-us-alexandria\/#1_International_Moving_Service\" >1. Servicio de mudanzas internacionales<\/a><\/li><li class='ez-toc-page-1 ez-toc-heading-level-2'><a class=\"ez-toc-link ez-toc-heading-2\" href=\"https:\/\/moverdb.com\/es\/moving-companies\/moving-companies-us-alexandria\/#2_Kinetix_International_Logistics\" >2. Kinetix Log\u00edstica Internacional<\/a><\/li><li class='ez-toc-page-1 ez-toc-heading-level-2'><a class=\"ez-toc-link ez-toc-heading-3\" href=\"https:\/\/moverdb.com\/es\/moving-companies\/moving-companies-us-alexandria\/#3_Knopf_International\" >3. Knopf Internacional<\/a><\/li><li class='ez-toc-page-1 ez-toc-heading-level-2'><a class=\"ez-toc-link ez-toc-heading-4\" href=\"https:\/\/moverdb.com\/es\/moving-companies\/moving-companies-us-alexandria\/#4_Victory_Van_Corporation\" >4. Victory Van Corporation<\/a><\/li><\/ul><\/nav><\/div>\n<h2><span class=\"ez-toc-section\" id=\"1_International_Moving_Service\"><\/span><strong>1. Servicio de mudanzas internacionales<\/strong><span class=\"ez-toc-section-end\"><\/span><\/h2>\n<p><img loading=\"lazy\" decoding=\"async\" class=\"alignnone size-full wp-image-8331\" src=\"https:\/\/moverdb.com\/wp-content\/uploads\/International-Moving-Services-moving-company.png\" alt=\"Servicios de mudanzas internacionales empresa de mudanzas\" width=\"1440\" height=\"681\" data-wp-pid=\"8331\" srcset=\"https:\/\/moverdb.com\/wp-content\/uploads\/International-Moving-Services-moving-company.png 1440w, https:\/\/moverdb.com\/wp-content\/uploads\/International-Moving-Services-moving-company-300x142.png 300w, https:\/\/moverdb.com\/wp-content\/uploads\/International-Moving-Services-moving-company-1024x484.png 1024w, https:\/\/moverdb.com\/wp-content\/uploads\/International-Moving-Services-moving-company-18x9.png 18w, https:\/\/moverdb.com\/wp-content\/uploads\/International-Moving-Services-moving-company-600x284.png 600w\" sizes=\"auto, (max-width: 1440px) 100vw, 1440px\" \/><\/p>\n<ul>\n<li>Movimientos nacionales<\/li>\n<li>Traslados internacionales<\/li>\n<li>Mudanzas residenciales<\/li>\n<li>Movimientos corporativos<\/li>\n<li>Servicio puerta a puerta<\/li>\n<li>Servicio de embalaje<\/li>\n<li>Medios de transporte<\/li>\n<li>Transporte de veh\u00edculos<\/li>\n<li>Seguros<\/li>\n<li>Almacenamiento seguro a corto y largo plazo<\/li>\n<\/ul>\n<p>International Moving Service es una empresa internacional de transporte de mercanc\u00edas y mudanzas fundada en 1974. Su sede central est\u00e1 en Alejandr\u00eda, con sucursales en Jersey y Norfolk. Trabajan con agentes de destino en todo el mundo para prestar servicios puerta a puerta a cualquier lugar. Son miembros de IAM y cuentan con 49 a\u00f1os de experiencia.<\/p>\n<p>International Moving Service ofrece un servicio integral de mudanzas que incluye la instalaci\u00f3n en su nueva residencia y, si lo necesita, el almacenamiento a corto o largo plazo en instalaciones seguras. Ofrecen un servicio personalizado puerta a puerta que incluye material de embalaje de alta calidad y cajas de madera a medida para los objetos fr\u00e1giles.<\/p>\n<p>P\u00e1gina web: <a href=\"http:\/\/www.imsmover.com\" target=\"_blank\" rel=\"noopener\">http:\/\/www.imsmover.com<\/a><\/p>\n<h2><span class=\"ez-toc-section\" id=\"2_Kinetix_International_Logistics\"><\/span><strong>2. Kinetix Log\u00edstica Internacional<\/strong><span class=\"ez-toc-section-end\"><\/span><\/h2>\n<p><img loading=\"lazy\" decoding=\"async\" class=\"alignnone size-full wp-image-11358\" src=\"https:\/\/moverdb.com\/wp-content\/uploads\/Kinetix-International-Logistics-moving-company.png\" alt=\"Empresa de mudanzas Kinetix International Logistics\" width=\"1440\" height=\"683\" data-wp-pid=\"11358\" srcset=\"https:\/\/moverdb.com\/wp-content\/uploads\/Kinetix-International-Logistics-moving-company.png 1440w, https:\/\/moverdb.com\/wp-content\/uploads\/Kinetix-International-Logistics-moving-company-300x142.png 300w, https:\/\/moverdb.com\/wp-content\/uploads\/Kinetix-International-Logistics-moving-company-1024x486.png 1024w, https:\/\/moverdb.com\/wp-content\/uploads\/Kinetix-International-Logistics-moving-company-18x9.png 18w, https:\/\/moverdb.com\/wp-content\/uploads\/Kinetix-International-Logistics-moving-company-600x285.png 600w\" sizes=\"auto, (max-width: 1440px) 100vw, 1440px\" \/><\/p>\n<ul>\n<li>Movimientos nacionales<\/li>\n<li>Traslados internacionales<\/li>\n<li>Mudanzas dom\u00e9sticas<\/li>\n<li>Desplazamientos de empresas<\/li>\n<li>Servicio puerta a puerta<\/li>\n<li>Servicio de embalaje<\/li>\n<li>Transporte por carretera, mar\u00edtimo y a\u00e9reo<\/li>\n<li>Despacho de aduanas<\/li>\n<li><a href=\"https:\/\/moverdb.com\/es\/car-transport-shipping\/\" data-internallinksmanager029f6b8e52c=\"2\" title=\"2026 Cotizaciones de transporte internacional de coches y env\u00edo de veh\u00edculos\">Env\u00edo de veh\u00edculos<\/a><\/li>\n<li>Instalaciones de almacenamiento<\/li>\n<\/ul>\n<p>Kinetix International Logistics es una empresa de log\u00edstica de proyectos y movilidad global fundada en 1986 con sedes en Alejandr\u00eda, <a href=\"https:\/\/moverdb.com\/es\/moving-to-the-united-states\/moving-to-new-york\/\" data-internallinksmanager029f6b8e52c=\"332\" title=\"\u00bfSe muda a Nueva York? 2026 Coste de vida y consejos de reubicaci\u00f3n\">Nueva York<\/a> y <a href=\"https:\/\/moverdb.com\/es\/moving-to-san-francisco\/\" data-internallinksmanager029f6b8e52c=\"63\" title=\"\u00bfSe muda a San Francisco? 2026 Costes de vida y consejos de reubicaci\u00f3n\">San Francisco<\/a>. Utilizan una red independiente de agentes de mudanzas y destinos para prestar sus servicios a escala internacional en m\u00e1s de 140 pa\u00edses. Son miembros de IAM y cuentan con 13 a\u00f1os de experiencia.<\/p>\n<p>Kinetix International Logistics ofrece servicios puerta a puerta con un estudio previo para evaluar sus necesidades de mudanza. Proporcionan un servicio de embalaje que empaquetar\u00e1 y embalar\u00e1 sus art\u00edculos de forma segura para enviarlos a su destino. Proporcionan transporte por carretera, aire y mar, desde env\u00edos sencillos hasta contenedores de 20 pies.<\/p>\n<p>P\u00e1gina web: <a href=\"https:\/\/kinetixlogistics.com\/\" target=\"_blank\" rel=\"noopener\">https:\/\/kinetixlogistics.com\/<\/a><\/p>\n<h2><span class=\"ez-toc-section\" id=\"3_Knopf_International\"><\/span><strong>3. Knopf Internacional<\/strong><span class=\"ez-toc-section-end\"><\/span><\/h2>\n<p><img loading=\"lazy\" decoding=\"async\" class=\"alignnone size-full wp-image-11359\" src=\"https:\/\/moverdb.com\/wp-content\/uploads\/Knopf-International-moving-company.png\" alt=\"Knopf Empresa internacional de mudanzas\" width=\"1440\" height=\"681\" data-wp-pid=\"11359\" srcset=\"https:\/\/moverdb.com\/wp-content\/uploads\/Knopf-International-moving-company.png 1440w, https:\/\/moverdb.com\/wp-content\/uploads\/Knopf-International-moving-company-300x142.png 300w, https:\/\/moverdb.com\/wp-content\/uploads\/Knopf-International-moving-company-1024x484.png 1024w, https:\/\/moverdb.com\/wp-content\/uploads\/Knopf-International-moving-company-18x9.png 18w, https:\/\/moverdb.com\/wp-content\/uploads\/Knopf-International-moving-company-600x284.png 600w\" sizes=\"auto, (max-width: 1440px) 100vw, 1440px\" \/><\/p>\n<ul>\n<li>Traslados locales y nacionales<\/li>\n<li>Desplazamientos internacionales<\/li>\n<li>Mudanzas residenciales<\/li>\n<li>Desplazamientos de empresas<\/li>\n<li>Servicio puerta a puerta<\/li>\n<li>Servicio personal<\/li>\n<li>Servicio de embalaje<\/li>\n<li>Transporte terrestre, mar\u00edtimo y a\u00e9reo<\/li>\n<li>Opciones de contenedores<\/li>\n<li>Instalaciones de almacenamiento<\/li>\n<\/ul>\n<p>Knopf International es una empresa de mudanzas con sede en Alejandr\u00eda. Cuenta con una red internacional de empresas de mudanzas que le ayudan a realizar traslados por todo el mundo. Es miembro de IAM y cuenta con 44 a\u00f1os de experiencia.<\/p>\n<p>Knopf International ofrece un servicio de mudanzas puerta a puerta para trasladar los hogares de particulares y empleados de empresas. Ofrecen un servicio de embalaje que utiliza empaquetadores expertos y materiales de embalaje de la mejor calidad, as\u00ed como cajas de madera hechas a medida para proteger los objetos fr\u00e1giles durante la mudanza. Har\u00e1n un inventario y etiquetar\u00e1n sus cajas. Ofrecen transporte por tierra, mar y aire, incluidos contenedores de 20 \u00f3 40 pies.<\/p>\n<p>P\u00e1gina web: <a href=\"http:\/\/knopfinternational.com\" target=\"_blank\" rel=\"noopener\">http:\/\/knopfinternational.com<\/a><\/p>\n<h2><span class=\"ez-toc-section\" id=\"4_Victory_Van_Corporation\"><\/span><strong>4. Victory Van Corporation<\/strong><span class=\"ez-toc-section-end\"><\/span><\/h2>\n<p><img loading=\"lazy\" decoding=\"async\" class=\"alignnone size-full wp-image-11471\" src=\"https:\/\/moverdb.com\/wp-content\/uploads\/Victory-Van-Corporation-international-moving-company.png\" alt=\"Victory Van Corporation empresa de mudanzas internacionales\" width=\"1440\" height=\"678\" data-wp-pid=\"11471\" srcset=\"https:\/\/moverdb.com\/wp-content\/uploads\/Victory-Van-Corporation-international-moving-company.png 1440w, https:\/\/moverdb.com\/wp-content\/uploads\/Victory-Van-Corporation-international-moving-company-300x141.png 300w, https:\/\/moverdb.com\/wp-content\/uploads\/Victory-Van-Corporation-international-moving-company-1024x482.png 1024w, https:\/\/moverdb.com\/wp-content\/uploads\/Victory-Van-Corporation-international-moving-company-18x8.png 18w, https:\/\/moverdb.com\/wp-content\/uploads\/Victory-Van-Corporation-international-moving-company-600x283.png 600w\" sizes=\"auto, (max-width: 1440px) 100vw, 1440px\" \/><\/p>\n<ul>\n<li>Mudanzas locales e interestatales<\/li>\n<li>Traslados internacionales<\/li>\n<li>Mudanzas residenciales<\/li>\n<li>Traslado de oficinas<\/li>\n<li>Coordinador de mudanzas<\/li>\n<li>Soluci\u00f3n integral<\/li>\n<li>Servicio de embalaje<\/li>\n<li>Transporte a\u00e9reo, ferroviario, terrestre y mar\u00edtimo<\/li>\n<li>Tr\u00e1mites aduaneros<\/li>\n<li>Almacenamiento a corto y largo plazo<\/li>\n<\/ul>\n<p>Victory Van Corporation es una empresa de mudanzas y guardamuebles fundada en 1928 y con sedes en Alexandria, <a href=\"https:\/\/moverdb.com\/es\/moving-to-the-united-states\/moving-to-maryland\/\" data-internallinksmanager029f6b8e52c=\"467\" title=\"\u00bfSe muda a Maryland? 2026 Coste de la vida y consejos de reubicaci\u00f3n\">Maryland<\/a>, <a href=\"https:\/\/moverdb.com\/es\/moving-to-the-united-states\/moving-to-florida\/\" data-internallinksmanager029f6b8e52c=\"331\" title=\"\u00bfMudarse a Florida? 2026 Coste de la vida y consejos de reubicaci\u00f3n\">Florida<\/a> y Norte <a href=\"https:\/\/moverdb.com\/es\/moving-to-the-united-states\/moving-to-virginia\/\" data-internallinksmanager029f6b8e52c=\"442\" title=\"\u00bfMudarse a Virginia? 2026 Coste de la vida y consejos para la reubicaci\u00f3n\">Virginia<\/a>. Son un agente de Allied Van Lines que les da acceso a una red m\u00e1s amplia de agentes de mudanzas en todo el mundo para apoyarlos con mudanzas internacionales. Son miembros de IAM con 95 a\u00f1os de experiencia.<\/p>\n<p>Los coordinadores de mudanzas de Victory Van Corporation le ayudaran a planear cada paso de su mudanza local o de larga distancia. Ofrecen una estimaci\u00f3n de mudanza virtual o en casa y pueden proporcionar una soluci\u00f3n de servicio completo y un plan de mudanza personalizado que le mantiene dentro del presupuesto.<\/p>\n<p>P\u00e1gina web: <a href=\"http:\/\/www.victoryvan.com\" target=\"_blank\" rel=\"noopener\">http:\/\/www.victoryvan.com<\/a><\/p>","protected":false},"excerpt":{"rendered":"<p>Moving can be a busy time with so many things to organise which is why so many people get a moving company involved as they can pack your items, load and transport them and unload them at the destination. Below we have compiled a list of Alexandria based removal companies that are members of the [&hellip;]<\/p>\n","protected":false},"author":4,"featured_media":11349,"parent":190,"menu_order":0,"comment_status":"closed","ping_status":"closed","template":"","meta":{"_genesis_hide_title":false,"_genesis_hide_breadcrumbs":false,"_genesis_hide_singular_image":false,"_genesis_hide_footer_widgets":false,"_genesis_custom_body_class":"","_genesis_custom_post_class":"","_genesis_layout":"","footnotes":""},"class_list":{"0":"post-11548","1":"page","2":"type-page","3":"status-publish","4":"has-post-thumbnail","6":"entry"},"_links":{"self":[{"href":"https:\/\/moverdb.com\/es\/wp-json\/wp\/v2\/pages\/11548","targetHints":{"allow":["GET"]}}],"collection":[{"href":"https:\/\/moverdb.com\/es\/wp-json\/wp\/v2\/pages"}],"about":[{"href":"https:\/\/moverdb.com\/es\/wp-json\/wp\/v2\/types\/page"}],"author":[{"embeddable":true,"href":"https:\/\/moverdb.com\/es\/wp-json\/wp\/v2\/users\/4"}],"replies":[{"embeddable":true,"href":"https:\/\/moverdb.com\/es\/wp-json\/wp\/v2\/comments?post=11548"}],"version-history":[{"count":1,"href":"https:\/\/moverdb.com\/es\/wp-json\/wp\/v2\/pages\/11548\/revisions"}],"predecessor-version":[{"id":11549,"href":"https:\/\/moverdb.com\/es\/wp-json\/wp\/v2\/pages\/11548\/revisions\/11549"}],"up":[{"embeddable":true,"href":"https:\/\/moverdb.com\/es\/wp-json\/wp\/v2\/pages\/190"}],"wp:featuredmedia":[{"embeddable":true,"href":"https:\/\/moverdb.com\/es\/wp-json\/wp\/v2\/media\/11349"}],"wp:attachment":[{"href":"https:\/\/moverdb.com\/es\/wp-json\/wp\/v2\/media?parent=11548"}],"curies":[{"name":"wp","href":"https:\/\/api.w.org\/{rel}","templated":true}]}}