{"id":1076,"date":"2016-08-05T14:53:04","date_gmt":"2016-08-05T14:53:04","guid":{"rendered":"http:\/\/moverdb.com\/?page_id=1076"},"modified":"2026-01-08T15:30:39","modified_gmt":"2026-01-08T15:30:39","slug":"wheaton","status":"publish","type":"page","link":"https:\/\/moverdb.com\/es\/wheaton\/","title":{"rendered":"Wheaton World Wide Moving: Servicios Internacionales y Rese\u00f1as"},"content":{"rendered":"<p>Wheaton World Wide Moving (antes Wheaton Van Lines) ofrece a sus clientes una serie de servicios que van desde las mudanzas internacionales hasta las locales. A continuaci\u00f3n se enumeran estos servicios, junto con un perfil de la empresa y opiniones.<\/p>\n<p><strong>Mudanzas internacionales y asistencia para la reubicaci\u00f3n<\/strong><\/p>\n<ul>\n<li> Traslado de puerta a puerta<\/li>\n<li> Embalaje: h\u00e1galo usted mismo, art\u00edculos fr\u00e1giles o servicio completo de embalaje<\/li>\n<li> Desmontaje y montaje de muebles<\/li>\n<li> Traslado de mascotas<\/li>\n<li> <a href=\"https:\/\/moverdb.com\/es\/transporte-embarque-de-coches\/\">Env\u00edo y traslado de veh\u00edculos<\/a><\/li>\n<li> Servicios de inmigraci\u00f3n<\/li>\n<li> Formaci\u00f3n intercultural<\/li>\n<li> Formaci\u00f3n ling\u00fc\u00edstica<\/li>\n<li> Servicios de venta de viviendas<\/li>\n<li> Gesti\u00f3n de la propiedad<\/li>\n<li> Previsi\u00f3n de servicios de viaje<\/li>\n<li> Asistencia en la b\u00fasqueda de vivienda<\/li>\n<li> B\u00fasqueda de escuelas<\/li>\n<li> Orientaciones posteriores a la llegada<\/li>\n<li> Apoyo a la carrera de los socios<\/li>\n<li> Servicios de manutenci\u00f3n y ayuda dom\u00e9stica<\/li>\n<li> Alquiler de muebles<\/li>\n<li> Apoyo en el momento de la asignaci\u00f3n<\/li>\n<\/ul>\n<p><strong>Mudanzas corporativas<\/strong><\/p>\n<ul>\n<li> Los socios de Wheaton, Crown Relocation, ayudan en las mudanzas<\/li>\n<\/ul>\n<p><strong>Movimientos gubernamentales y militares<\/strong><\/p>\n<p><strong>Mudanzas dom\u00e9sticas<\/strong><\/p>\n<ul>\n<li> Red de 350 agentes en el <a href=\"https:\/\/moverdb.com\/es\/moving-to-the-united-states\/\" data-internallinksmanager029f6b8e52c=\"94\" title=\"\u00bfSe muda a Estados Unidos? 2026 Costes de vida y consejos de reubicaci\u00f3n\">Estados Unidos<\/a><\/li>\n<li> Embalaje y desembalaje<\/li>\n<li> Embalaje especial para productos electr\u00f3nicos sensibles<\/li>\n<li> Transporte<\/li>\n<li> Almacenamiento si es necesario<\/li>\n<\/ul>\n<p><strong>Mudanzas especializadas y comerciales<\/strong><\/p>\n<ul>\n<li> Oficinas e industria<\/li>\n<li> Hospitalidad<\/li>\n<li> Producto especial<\/li>\n<li> Mudanzas comerciales<\/li>\n<\/ul>\n<p><strong>Almacenamiento<\/strong><\/p>\n<ul>\n<li> A largo plazo<\/li>\n<li> A corto plazo<\/li>\n<li> 207 almacenes de \u00faltima generaci\u00f3n en 58 pa\u00edses<\/li>\n<\/ul>\n<h2>Perfil de la empresa de mudanzas Wheaton Worldwide<\/h2>\n<p>Wheaton Van Lines fue fundada en 1945 por Earnest S. Wheaton y originalmente se llamaba Clipper Van Lines. La empresa comenz\u00f3 dando servicio a 22 estados del este de los Estados Unidos, pero durante la d\u00e9cada de 1950, la expansi\u00f3n signific\u00f3 que no s\u00f3lo se cubr\u00eda todo el pa\u00eds, sino que tambi\u00e9n se iniciaron las mudanzas internacionales.<\/p>\n<p>Durante la d\u00e9cada de 1980, Wheaton Van Lines cambi\u00f3 su nombre por el de Wheaton Worldwide Moving. La empresa tiene su sede en Indian\u00e1polis, IN. Wheaton tiene como objetivo mantener sus est\u00e1ndares excepcionalmente altos y hacer un seguimiento y an\u00e1lisis de los datos a tal efecto. Tambi\u00e9n se toman muy en serio las opiniones de sus clientes y llevan 25 a\u00f1os recogiendo sus comentarios para mantenerse en lo m\u00e1s alto.<\/p>\n<p>Wheaton Worldwide Moving retribuye a la comunidad a trav\u00e9s de varias organizaciones ben\u00e9ficas. Tambi\u00e9n es una empresa que se esfuerza constantemente por reducir su huella de carbono.<\/p>\n<p>Wheaton Worldwide Moving cuenta con las siguientes acreditaciones y afiliaciones:<\/p>\n<ul>\n<li> <a href=\"https:\/\/moverdb.com\/es\/amsa\/\">Asociaci\u00f3n Americana de Mudanzas y Almacenamiento<\/a> (<a href=\"https:\/\/moverdb.com\/es\/amsa\/\" data-internallinksmanager029f6b8e52c=\"5\" title=\"Explicaci\u00f3n de la Asociaci\u00f3n Americana de Mudanzas y Almacenamiento (AMSA)\">AMSA<\/a>) - <a href=\"https:\/\/moverdb.com\/es\/rim-promover\/\">ProMover<\/a><\/li>\n<li> Asociaci\u00f3n Nacional de Gestores de Mudanzas Senior (NASMM)<\/li>\n<li> Empresa acreditada por el Better Business Bureau (BBB) A+<\/li>\n<\/ul>\n<h2>Opiniones de Wheaton Worldwide Moving<\/h2>\n<p><strong>Positivo:<\/strong><\/p>\n<ul>\n<li> \"<em>Buena compa\u00f1\u00eda. Buena relaci\u00f3n calidad-precio. Volver\u00eda a utilizarla\".<\/em> - David X v\u00eda <a href=\"http:\/\/www.yelp.com\/biz\/wheaton-world-wide-moving-indianapolis-5?hrid=i8pH5fVrzdWhgdFkPaCnlQ&#038;utm_campaign=www_review_share_popup&#038;utm_medium=copy_link&#038;utm_source=(direct)\" target=\"_blank\" rel=\"noopener\">Yelp<\/a><\/li>\n<li> \"<em>El personal de Wheaton en <a href=\"https:\/\/moverdb.com\/es\/mudanza-a-houston\/\">Houston<\/a> se convirtieron en mis \u00e1ngeles en un momento muy dif\u00edcil de mi vida\".<\/em> - Bonnie M v\u00eda <a href=\"http:\/\/www.bbb.org\/indy\/business-reviews\/movers\/wheaton-world-wide-moving-in-indianapolis-in-22485\/customer-reviews\" target=\"_blank\" rel=\"noopener\">BBB<\/a> <\/li>\n<li> \"<em>S\u00f3lo fueron los mejores de principio a fin\".<\/em> - Judith v\u00eda <a href=\"http:\/\/www.mymovingreviews.com\/movers\/wheaton-van-lines-255#54528\" target=\"_blank\" rel=\"noopener\">MyMovingReviews.com<\/a><\/li>\n<li> \"<em>Ya hab\u00edamos utilizado Wheaton moving antes y tuvimos una muy buena mudanza, as\u00ed que cuando lleg\u00f3 el momento de volver a mudarnos, sab\u00edamos a qui\u00e9n llamar\".<\/em> - Freddy Lancaster v\u00eda <a href=\"http:\/\/reviewamover.com\/review\/Moving-Companies-Reviews\/WHEATON-WORLD-WIDE-53.php?PHPSESSID=a21a9bd572e803d73fcb5f1f02487590\" target=\"_blank\" rel=\"noopener\">Review-A-Mover<\/a> <\/li>\n<\/ul>\n<p><strong>Negativo:<\/strong><\/p>\n<ul>\n<li> <em>\"Wheaton se niega de nuevo a aceptar la responsabilidad de los art\u00edculos destruidos. Est\u00e1n lanzando una excusa tras otra y cada una tiene menos sentido que la anterior\".<\/em> - Amy T v\u00eda <a href=\"http:\/\/www.yelp.com\/biz\/wheaton-world-wide-moving-indianapolis-5?hrid=vRowN7GuFHy3k0yM5ijpgA&#038;utm_campaign=www_review_share_popup&#038;utm_medium=copy_link&#038;utm_source=(direct)\" target=\"_blank\" rel=\"noopener\">Yelp<\/a> <\/li>\n<li> \"<em>De principio a fin esta empresa fue la peor <a href=\"https:\/\/moverdb.com\/es\/moving-companies\/\" data-internallinksmanager029f6b8e52c=\"79\" title=\"Las 25 mejores empresas de mudanzas internacionales en l\u00ednea\">empresa de mudanzas<\/a> que hemos tratado y hemos tenido m\u00e1s de 6 mudanzas profesionales en nuestro matrimonio\".<\/em> - Nikki F v\u00eda <a href=\"http:\/\/www.bbb.org\/indy\/business-reviews\/movers\/wheaton-world-wide-moving-in-indianapolis-in-22485\/customer-reviews\" target=\"_blank\" rel=\"noopener\">BBB<\/a><\/li>\n<li> \"<em>Nos dijeron que el volumen de nuestro hogar requer\u00eda todo el remolque y que eso era lo que se les pagaba. En lugar de eso, metieron una segunda carga junto con la nuestra, lo que provoc\u00f3 que los art\u00edculos se quedaran atr\u00e1s y que los contenedores y los electrodom\u00e9sticos se aplastaran, se da\u00f1aran, se perdieran y se destruyeran...\"<\/em> - Anthony a trav\u00e9s de <a href=\"http:\/\/www.mymovingreviews.com\/movers\/wheaton-van-lines-255#51475\" target=\"_blank\" rel=\"noopener\">MyMovingReviews.com<\/a> <\/li>\n<li> <em>\"Tengan cuidado, huyan antes de contratar a esta empresa\".<\/em> - David Guti\u00e9rrez v\u00eda <a href=\"http:\/\/reviewamover.com\/review\/reviewer\/davidrafael770.php?PHPSESSID=e2ea8ab20529fed2960f446a83923af0\" target=\"_blank\" rel=\"noopener\">Review-A-Mover<\/a> <\/li>\n<\/ul>\n<div itemprop=\"review\" itemscope itemtype=\"http:\/\/schema.org\/Review\">\n<span itemprop=\"author\" itemscope=\"\" itemtype=\"http:\/\/schema.org\/Organization\"><span itemprop=\"name\">MoverDB.com<\/span><\/span> Revisi\u00f3n del sitio web en l\u00ednea para <span itemprop=\"itemreviewed\" itemscope=\"\" itemtype=\"http:\/\/schema.org\/Brand\"><span itemprop=\"name\">Wheaton Worldwide Moving<\/span><\/span>:<\/p>\n<ol>\n<li> Datos de contacto claros en el sitio web (incluido el n\u00famero de tel\u00e9fono): <strong>S\u00ed<\/strong><\/li>\n<li> F\u00e1cil de conseguir <a href=\"https:\/\/moverdb.com\/es\/citas\/\">presupuestos de mudanzas internacionales<\/a>? (Formulario de solicitud de presupuesto en l\u00ednea): <strong>S\u00ed<\/strong><\/li>\n<li> Informaci\u00f3n clara en el sitio web: <strong>S\u00ed,<\/strong> hay muchas gu\u00edas y recursos en el sitio.<\/li>\n<li> Pertenencia a organizaciones de mudanzas reconocidas internacionalmente: <strong>S\u00ed<\/strong>, v\u00e9ase m\u00e1s arriba<\/li>\n<li> Lista de clientes y\/o testimonios de clientes anteriores. <strong>S\u00ed,<\/strong> Las opiniones y los testimonios de los clientes son muy importantes para la empresa.<\/li>\n<\/ol>\n<div itemprop=\"reviewRating\" itemscope itemtype=\"http:\/\/schema.org\/Rating\"><meta itemprop=\"worstRating\" content = \"0\" \/><meta itemprop=\"bestRating\" content=\"5\" \/><meta itemprop=\"ratingValue\" content=\"5\"><\/div>\n<p><strong>Puntuaci\u00f3n global: 5\/5<\/strong><br \/>\n<strong>Fecha de revisi\u00f3n:<\/strong> <span itemprop=\"datePublished\" content=\"2016-08-05\">05\/08\/2016<\/span>\n<\/div>\n<p>M\u00e1s informaci\u00f3n <a href=\"https:\/\/moverdb.com\/es\/empresas-de-mudanzas\/\">empresas de mudanzas internacionales<\/a>, <a href=\"https:\/\/moverdb.com\/es\/us-canada-movers\/\">Empresas de mudanzas de Estados Unidos y Canad\u00e1<\/a> y nuestro <a href=\"https:\/\/moverdb.com\/es\/resenas\/\">proceso de revisi\u00f3n<\/a>.<\/p>\n<p><strong>P\u00e1gina web:<\/strong> <a href=\"https:\/\/www.wheatonworldwide.com\/\" target=\"_blank\" rel=\"noopener\">https:\/\/www.wheatonworldwide.com<\/a><\/p>","protected":false},"excerpt":{"rendered":"<p>Wheaton World Wide Moving (formerly Wheaton Van Lines) offers its clients a range of services from international moves to local moves. These are listed below, together with a company profile and reviews. International Moves and Relocation Assistance Door to door moving Packing &#8211; do it yourself, fragile items or full service packing Disassembling and reassembling [&hellip;]<\/p>\n","protected":false},"author":1,"featured_media":0,"parent":0,"menu_order":0,"comment_status":"closed","ping_status":"closed","template":"","meta":{"_genesis_hide_title":false,"_genesis_hide_breadcrumbs":false,"_genesis_hide_singular_image":false,"_genesis_hide_footer_widgets":false,"_genesis_custom_body_class":"","_genesis_custom_post_class":"","_genesis_layout":"","footnotes":""},"class_list":{"0":"post-1076","1":"page","2":"type-page","3":"status-publish","5":"entry"},"_links":{"self":[{"href":"https:\/\/moverdb.com\/es\/wp-json\/wp\/v2\/pages\/1076","targetHints":{"allow":["GET"]}}],"collection":[{"href":"https:\/\/moverdb.com\/es\/wp-json\/wp\/v2\/pages"}],"about":[{"href":"https:\/\/moverdb.com\/es\/wp-json\/wp\/v2\/types\/page"}],"author":[{"embeddable":true,"href":"https:\/\/moverdb.com\/es\/wp-json\/wp\/v2\/users\/1"}],"replies":[{"embeddable":true,"href":"https:\/\/moverdb.com\/es\/wp-json\/wp\/v2\/comments?post=1076"}],"version-history":[{"count":7,"href":"https:\/\/moverdb.com\/es\/wp-json\/wp\/v2\/pages\/1076\/revisions"}],"predecessor-version":[{"id":6251,"href":"https:\/\/moverdb.com\/es\/wp-json\/wp\/v2\/pages\/1076\/revisions\/6251"}],"wp:attachment":[{"href":"https:\/\/moverdb.com\/es\/wp-json\/wp\/v2\/media?parent=1076"}],"curies":[{"name":"wp","href":"https:\/\/api.w.org\/{rel}","templated":true}]}}