{"id":1075,"date":"2016-08-04T14:25:42","date_gmt":"2016-08-04T14:25:42","guid":{"rendered":"http:\/\/moverdb.com\/?page_id=1075"},"modified":"2026-01-08T15:20:29","modified_gmt":"2026-01-08T15:20:29","slug":"north-american-van-lines","status":"publish","type":"page","link":"https:\/\/moverdb.com\/es\/north-american-van-lines\/","title":{"rendered":"North American Van Lines: Rese\u00f1as de Mudanzas Internacionales"},"content":{"rendered":"<p>North American Van Lines ofrece a sus clientes servicios de mudanzas internacionales, corporativas y nacionales. A continuaci\u00f3n se ofrece una lista de estos servicios, junto con un perfil de la empresa y rese\u00f1as.<\/p>\n<p><strong>Mudanzas internacionales para particulares y empresas<\/strong><\/p>\n<ul>\n<li> Servicio puerta a puerta<\/li>\n<li> Embalaje, acolchado y protecci\u00f3n de las pertenencias<\/li>\n<li> Desmontaje de muebles<\/li>\n<li> <a href=\"https:\/\/moverdb.com\/es\/transporte-de-contenedores\/\">Contenedores de barco<\/a> para cada aplicaci\u00f3n<\/li>\n<li> Consejos sobre lo que hay que empaquetar y lo que hay que vender para que sea rentable<\/li>\n<li> Ayuda en el despacho de aduanas<\/li>\n<li> Entrega y montaje de muebles<\/li>\n<li> Seguimiento del env\u00edo en l\u00ednea 24\/7<\/li>\n<li> Programa de protecci\u00f3n de valores<\/li>\n<li> Almacenamiento a corto y a largo plazo<\/li>\n<\/ul>\n<p><strong>Servicios especiales de reubicaci\u00f3n<\/strong><\/p>\n<ul>\n<li> Compra de vivienda y ayuda temporal a la vivienda<\/li>\n<li> Asistencia financiera y de proveedores de seguros<\/li>\n<li> Formaci\u00f3n intercultural<\/li>\n<li> Formaci\u00f3n ling\u00fc\u00edstica<\/li>\n<li> Referencias de guarder\u00edas y escuelas<\/li>\n<li> Atenci\u00f3n m\u00e9dica y reposici\u00f3n de recetas<\/li>\n<li> Compra de autom\u00f3viles y servicios<\/li>\n<li> Clases de conducci\u00f3n<\/li>\n<\/ul>\n<p><strong>Mudanzas corporativas<\/strong><\/p>\n<ul>\n<li> Empaquetado y embalaje<\/li>\n<li> Almacenamiento<\/li>\n<li> Env\u00edo<\/li>\n<li> Coordinador personal de traslados<\/li>\n<li> Ayuda a la compra y venta de viviendas<\/li>\n<li> Orientaci\u00f3n de la zona<\/li>\n<li> Asistencia conyugal<\/li>\n<li> Servicios hipotecarios<\/li>\n<li> Instalaci\u00f3n de los servicios<\/li>\n<\/ul>\n<p><strong>Servicios de mudanza<\/strong><\/p>\n<ul>\n<li> Embalaje y desembalaje: h\u00e1galo usted mismo, s\u00f3lo art\u00edculos fr\u00e1giles o embalaje completo<\/li>\n<li> Gran selecci\u00f3n de materiales de embalaje<\/li>\n<li> Desmontaje y montaje de muebles<\/li>\n<li> Descargando<\/li>\n<li> Desembalaje si es necesario<\/li>\n<li> Eliminaci\u00f3n de residuos<\/li>\n<li> Almacenamiento a largo y corto plazo<\/li>\n<li> Mudanza dom\u00e9stica<\/li>\n<li> Mudanza local<\/li>\n<li> Mudanzas de larga distancia<\/li>\n<li> Mudanza militar<\/li>\n<li> Mudanza a campo traviesa<\/li>\n<li> Mudanzas interestatales<\/li>\n<li> Env\u00edo expr\u00e9s de peque\u00f1as cantidades<\/li>\n<li> Mudanzas nacionales<\/li>\n<\/ul>\n<p><strong>Movimientos especializados<\/strong><\/p>\n<ul>\n<li> Pianos<\/li>\n<li> Arte y antig\u00fcedades<\/li>\n<li> Barcos<\/li>\n<li> <a href=\"https:\/\/moverdb.com\/es\/transporte-embarque-de-coches\/\">Veh\u00edculos<\/a><\/li>\n<li> Contenedores<\/li>\n<\/ul>\n<h2>Perfil de la empresa North American Van Lines<\/h2>\n<p>North American Van Lines comenz\u00f3 sus actividades de transporte en 1933 con 12 agentes. Cinco a\u00f1os despu\u00e9s contaba con m\u00e1s de 120 agentes. La empresa se ocupa de las mudanzas de casas y oficinas, tanto a nivel local como nacional e internacional. North American Van Lines se convirti\u00f3 en una filial de SIRVA Inc. en 1998. <\/p>\n<p>La empresa tiene casi 8.000 empleados y opera <strong>1.694 camiones<\/strong>. Se estima que sus veh\u00edculos han viajado <strong>37.256.707 millas<\/strong>.<\/p>\n<p>North American Van Lines tiene m\u00e1s de 500 agentes en Norteam\u00e9rica. Tienen seguimiento por sat\u00e9lite para localizar todos los env\u00edos en todo momento. Tambi\u00e9n utilizan furgonetas con gr\u00faa, lo que les permite cargar y descargar art\u00edculos grandes sin necesidad de un muelle de carga. <\/p>\n<p>La empresa ha puesto en marcha un programa de calidad para formar a todos los empleados y agentes al m\u00e1s alto nivel posible.<\/p>\n<p>Acreditaciones y afiliaciones de North American Van Lines:<\/p>\n<ul>\n<li> Conforme a la Asociaci\u00f3n Aduanera y Comercial contra el Terrorismo (C-TPAT)<\/li>\n<li> <a href=\"https:\/\/moverdb.com\/es\/amsa\/\">Asociaci\u00f3n Americana de Mudanzas y Almacenamiento<\/a> (<a href=\"https:\/\/moverdb.com\/es\/amsa\/\" data-internallinksmanager029f6b8e52c=\"5\" title=\"Explicaci\u00f3n de la Asociaci\u00f3n Americana de Mudanzas y Almacenamiento (AMSA)\">AMSA<\/a>) - <a href=\"https:\/\/moverdb.com\/es\/rim-promover\/\">ProMover<\/a><\/li>\n<li> Empresa acreditada por el BBB<\/li>\n<li> <a href=\"https:\/\/moverdb.com\/es\/canadian-association-of-movers\/\">Asociaci\u00f3n canadiense de empresas de mudanzas<\/a> (<a href=\"https:\/\/moverdb.com\/es\/canadian-association-of-movers\/\" data-internallinksmanager029f6b8e52c=\"11\" title=\"Explicaci\u00f3n de la Asociaci\u00f3n Canadiense de Empresas de Mudanzas (CAM)\">CAM<\/a>)<\/li>\n<\/ul>\n<h2>Opiniones de North American Van Lines<\/h2>\n<p><strong>Positivo:<\/strong><\/p>\n<ul>\n<li>  <em>\"Nos mudamos todo el tiempo y esta fue la mejor mudanza que tuvimos. Nunca hemos tenido una mudanza en la que las cosas hayan ido tan bien. Todo fue simplemente maravilloso\".<\/em> - Justin P cliente <a href=\"https:\/\/www.northamerican.com\/\" target=\"_blank\" rel=\"noopener\">testimonio de su sitio web<\/a>.<\/li>\n<li> <em>\"Siempre a tiempo, eficiente, amable y muy servicial. Nos sorprendi\u00f3 gratamente que despu\u00e9s de cargar y pesar nuestros trastos nos cobraran menos de lo presupuestado. Definitivamente los recomiendo.<\/em>\" - Candace v\u00eda <a href=\"http:\/\/www.bbb.org\/northernindiana\/business-reviews\/movers\/north-american-van-lines-in-fort-wayne-in-90077877\/customer-reviews\" target=\"_blank\" rel=\"noopener\">BBB<\/a><\/li>\n<li> <em>\"Mudarse de una casa con un camino de entrada largo, ventoso y estrecho a otra a cientos de kil\u00f3metros de distancia no era tarea f\u00e1cil para ninguna empresa de mudanzas. Pero North American Van Lines nos proporcion\u00f3 una experiencia maravillosa que hizo que la mudanza fuera menos estresante... y me atrevo a decir que divertida\".<\/em> - Phyllis v\u00eda <a href=\"https:\/\/www.facebook.com\/northAmericanVL\/reviews#\" target=\"_blank\" rel=\"noopener\">Facebook<\/a><\/li>\n<\/ul>\n<p><strong>Negativo:<\/strong><\/p>\n<ul>\n<li> <em>\"Una experiencia horrible con esta empresa. Los utilic\u00e9 para mudarme de Baltimore a <a href=\"https:\/\/moverdb.com\/es\/mudanza-a-san-francisco\/\">San Francisco<\/a>.  Utilizan los locales <a href=\"https:\/\/moverdb.com\/es\/moving-companies\/\" data-internallinksmanager029f6b8e52c=\"79\" title=\"Las 25 mejores empresas de mudanzas internacionales en l\u00ednea\">empresas de mudanzas<\/a> contratado con North American para recoger y dejar sus cosas\".<\/em> - Nick v\u00eda <a href=\"http:\/\/www.mymovingreviews.com\/movers\/north-american-van-lines-287#33438\" target=\"_blank\" rel=\"noopener\">MyMovingReviews<\/a><\/li>\n<li> <em>\"Pasar de <a href=\"https:\/\/moverdb.com\/es\/moving-companies\/moving-companies-peru\/\" data-internallinksmanager029f6b8e52c=\"273\" title=\"9 Mejores Empresas de Mudanzas Internacionales en Per\u00fa\">Per\u00fa<\/a> a <a href=\"https:\/\/moverdb.com\/es\/moving-to-the-united-states\/moving-to-iowa\/\" data-internallinksmanager029f6b8e52c=\"463\" title=\"\u00bfSe muda a Iowa? 2026 Coste de la vida y consejos para el traslado\">Iowa<\/a> fue una pesadilla. Lo peor fue tener el cami\u00f3n descargado por \"profesionales\" de North American Van Lines\".<\/em> - Arthur a trav\u00e9s de <a href=\"https:\/\/www.consumeraffairs.com\/movers\/north_american.htm\" target=\"_blank\" rel=\"noopener\">Asuntos de los consumidores<\/a><\/li>\n<li> <em>\"Han pasado 10 d\u00edas desde que recogieron mis cosas de <a href=\"https:\/\/moverdb.com\/es\/moving-to-the-united-states\/moving-to-oklahoma\/\" data-internallinksmanager029f6b8e52c=\"453\" title=\"\u00bfSe muda a Oklahoma? 2026 Costes de vida y consejos para la reubicaci\u00f3n\">Oklahoma<\/a>S\u00f3lo quedan 2 d\u00edas laborables en el plazo de entrega y acaban de descubrir que el CONDUCTOR NUNCA HA RECOGIDO MIS COSAS\".<\/em> - a trav\u00e9s de <a href=\"http:\/\/north-american-van-lines.pissedconsumer.com\/left-my-stuff-behind-20160401821464.html\" target=\"_blank\" rel=\"noopener\">Consumidor cabreado<\/a><\/li>\n<\/ul>\n<div itemprop=\"review\" itemscope itemtype=\"http:\/\/schema.org\/Review\">\n<span itemprop=\"author\" itemscope=\"\" itemtype=\"http:\/\/schema.org\/Organization\"><span itemprop=\"name\">MoverDB.com<\/span><\/span> Revisi\u00f3n del sitio web en l\u00ednea para <span itemprop=\"itemreviewed\" itemscope=\"\" itemtype=\"http:\/\/schema.org\/Brand\"><span itemprop=\"name\">North American Van Lines<\/span><\/span>:<\/p>\n<ol>\n<li> Datos de contacto claros en el sitio web (incluido el n\u00famero de tel\u00e9fono): <strong>S\u00ed<\/strong><\/li>\n<li> F\u00e1cil de conseguir <a href=\"https:\/\/moverdb.com\/es\/citas\/\">presupuestos de mudanzas internacionales<\/a>? (Formulario de solicitud de presupuesto en l\u00ednea): <strong>S\u00ed<\/strong><\/li>\n<li> Informaci\u00f3n clara en el sitio web: <strong>S\u00ed<\/strong>, mucha informaci\u00f3n sobre las mudanzas nacionales e internacionales.<\/li>\n<li> Pertenencia a organizaciones de mudanzas reconocidas internacionalmente: <strong>S\u00ed<\/strong>, v\u00e9ase m\u00e1s arriba<\/li>\n<li> Lista de clientes y\/o testimonios de clientes anteriores. <strong>S\u00ed,<\/strong> hay muchos testimonios en la p\u00e1gina, pero la mayor\u00eda son bastante cortos.<\/li>\n<\/ol>\n<div itemprop=\"reviewRating\" itemscope itemtype=\"http:\/\/schema.org\/Rating\"><meta itemprop=\"worstRating\" content = \"0\" \/><meta itemprop=\"bestRating\" content=\"4.5\" \/><meta itemprop=\"ratingValue\" content=\"5\"><\/div>\n<p><strong>Puntuaci\u00f3n global: 4,5\/5<\/strong><br \/>\n<strong>Fecha de revisi\u00f3n:<\/strong> <span itemprop=\"datePublished\" content=\"2016-08-24\">04\/08\/2016<\/span>\n<\/div>\n<p>M\u00e1s informaci\u00f3n <a href=\"https:\/\/moverdb.com\/es\/empresas-de-mudanzas\/\">mudanzas internacionales<\/a>, <a href=\"https:\/\/moverdb.com\/es\/us-canada-movers\/\">Mudanzas canadienses y estadounidenses<\/a> y nuestro <a href=\"https:\/\/moverdb.com\/es\/resenas\/\">proceso de revisi\u00f3n de la mudanza<\/a>.<\/p>\n<p><strong>P\u00e1ginas web:<\/strong><br \/>\n<a href=\"https:\/\/moverdb.com\/es\/moving-to-the-united-states\/\" data-internallinksmanager029f6b8e52c=\"94\" title=\"\u00bfSe muda a Estados Unidos? 2026 Costes de vida y consejos de reubicaci\u00f3n\">EE.UU.<\/a>: <a href=\"https:\/\/www.northamerican.com\/\" target=\"_blank\" rel=\"noopener\">https:\/\/www.northamerican.com\/<\/a><br \/>\n<a href=\"https:\/\/moverdb.com\/es\/moving-to-canada\/\" data-internallinksmanager029f6b8e52c=\"265\" title=\"\u00bfMudarse a Canad\u00e1? 2026 Coste de la vida y consejos para la reubicaci\u00f3n\">Canad\u00e1<\/a>: <a href=\"http:\/\/www.northamericanvanlines.ca\/\" target=\"_blank\" rel=\"noopener\">http:\/\/www.northamericanvanlines.ca\/<\/a><\/p>","protected":false},"excerpt":{"rendered":"<p>North American Van Lines offer their customers services for international, corporate and domestic moves. A list of these services follows, together with a company profile and reviews. International Moving for Individuals and Companies Door to door service Packing, padding and protecting belongings Disassembling furniture Ship containers for every application Advice on what to pack and [&hellip;]<\/p>\n","protected":false},"author":1,"featured_media":0,"parent":0,"menu_order":0,"comment_status":"closed","ping_status":"closed","template":"","meta":{"_genesis_hide_title":false,"_genesis_hide_breadcrumbs":false,"_genesis_hide_singular_image":false,"_genesis_hide_footer_widgets":false,"_genesis_custom_body_class":"","_genesis_custom_post_class":"","_genesis_layout":"","footnotes":""},"class_list":{"0":"post-1075","1":"page","2":"type-page","3":"status-publish","5":"entry"},"_links":{"self":[{"href":"https:\/\/moverdb.com\/es\/wp-json\/wp\/v2\/pages\/1075","targetHints":{"allow":["GET"]}}],"collection":[{"href":"https:\/\/moverdb.com\/es\/wp-json\/wp\/v2\/pages"}],"about":[{"href":"https:\/\/moverdb.com\/es\/wp-json\/wp\/v2\/types\/page"}],"author":[{"embeddable":true,"href":"https:\/\/moverdb.com\/es\/wp-json\/wp\/v2\/users\/1"}],"replies":[{"embeddable":true,"href":"https:\/\/moverdb.com\/es\/wp-json\/wp\/v2\/comments?post=1075"}],"version-history":[{"count":11,"href":"https:\/\/moverdb.com\/es\/wp-json\/wp\/v2\/pages\/1075\/revisions"}],"predecessor-version":[{"id":6227,"href":"https:\/\/moverdb.com\/es\/wp-json\/wp\/v2\/pages\/1075\/revisions\/6227"}],"wp:attachment":[{"href":"https:\/\/moverdb.com\/es\/wp-json\/wp\/v2\/media?parent=1075"}],"curies":[{"name":"wp","href":"https:\/\/api.w.org\/{rel}","templated":true}]}}