{"id":1065,"date":"2016-08-09T14:39:24","date_gmt":"2016-08-09T14:39:24","guid":{"rendered":"http:\/\/moverdb.com\/?page_id=1065"},"modified":"2026-01-08T14:47:45","modified_gmt":"2026-01-08T14:47:45","slug":"bekins-van-lines","status":"publish","type":"page","link":"https:\/\/moverdb.com\/es\/bekins-van-lines\/","title":{"rendered":"Bekins Van Lines: Servicios de Mudanzas Internacionales y Rese\u00f1as"},"content":{"rendered":"<p>Bekins Van Lines tiene su sede en Indian\u00e1polis IN. Ofrecen a sus clientes una variedad de servicios que se enumeran a continuaci\u00f3n, junto con un perfil de la empresa y comentarios.<\/p>\n<p><strong>Mudanzas internacionales<\/strong><\/p>\n<ul>\n<li> Servicio personalizado junto con Crown Relocations<\/li>\n<li> Servicio puerta a puerta<\/li>\n<li> Embalaje: h\u00e1galo usted mismo, art\u00edculos seleccionados o servicio completo<\/li>\n<li> Almacenamiento - a corto y largo plazo<\/li>\n<li> Traslado de mascotas<\/li>\n<li> Servicios de inmigraci\u00f3n<\/li>\n<li> Formaci\u00f3n intercultural<\/li>\n<li> Formaci\u00f3n ling\u00fc\u00edstica<\/li>\n<li> Servicios de venta de viviendas<\/li>\n<li> Gesti\u00f3n de la propiedad<\/li>\n<li> Previsi\u00f3n de servicios de viaje<\/li>\n<li> Asistencia en la b\u00fasqueda de vivienda<\/li>\n<li> B\u00fasqueda de escuelas<\/li>\n<li> Orientaci\u00f3n posterior a la llegada<\/li>\n<li> Apoyo a la carrera de los socios<\/li>\n<li> Servicios de manutenci\u00f3n y ayuda dom\u00e9stica<\/li>\n<li> Alquiler de muebles<\/li>\n<li> Apoyo en el momento de la asignaci\u00f3n<\/li>\n<\/ul>\n<p><strong>Embalaje y almacenamiento<\/strong><\/p>\n<ul>\n<li> Almacenamiento a corto y largo plazo<\/li>\n<li> Instalaciones seguras<\/li>\n<li> Aviso de 24 horas para el acceso<\/li>\n<li> H\u00e1galo usted mismo, art\u00edculos seleccionados o servicio completo de embalaje<\/li>\n<li> Cartones y cajas suministrados<\/li>\n<li> Envoltura protectora suministrada<\/li>\n<li> Cinta adhesiva, etiquetas y rotuladores<\/li>\n<\/ul>\n<p><strong>Servicios de mudanzas gubernamentales y militares<\/strong><\/p>\n<ul>\n<li> Proveedor de servicios de transporte GSA<\/li>\n<li> Calificado bajo y apoya a CHAMP<\/li>\n<li> De puerta a puerta<\/li>\n<\/ul>\n<p><strong>Reubicaci\u00f3n de empleados<\/strong><\/p>\n<ul>\n<li> Gestor de mudanzas dedicado<\/li>\n<li> De puerta a puerta<\/li>\n<\/ul>\n<p><strong>Mudanzas residenciales<\/strong><\/p>\n<ul>\n<li> De puerta a puerta<\/li>\n<li> En casa <a href=\"https:\/\/moverdb.com\/es\/quotes\/\" data-internallinksmanager029f6b8e52c=\"26\" title=\"Presupuestos de mudanzas internacionales: 12 preguntas que debe hacer a su empresa de mudanzas\">presupuesto de mudanza<\/a><\/li>\n<li> Servicio completo de embalaje, carga y descarga<\/li>\n<li> Embalaje: h\u00e1galo usted mismo, art\u00edculos fr\u00e1giles o servicio completo<\/li>\n<li> Material de embalaje suministrado<\/li>\n<li> Almacenamiento disponible<\/li>\n<li> Desmontaje y montaje de muebles<\/li>\n<li> Trasladar el mobiliario, las instalaciones y el equipo<\/li>\n<li> Mover los pianos, <a href=\"https:\/\/moverdb.com\/es\/transporte-embarque-de-coches\/\">veh\u00edculos<\/a>, barcos y m\u00e1s<\/li>\n<li> Protecci\u00f3n en movimiento<\/li>\n<\/ul>\n<p><strong>Servicios especializados de mudanza<\/strong><\/p>\n<ul>\n<li> Transporte de equipos m\u00e9dicos<\/li>\n<li> Transporte de maquinaria pesada<\/li>\n<li> Transporte FFE<\/li>\n<li> Equipo de oficina<\/li>\n<li> Ordenadores y equipos inform\u00e1ticos<\/li>\n<li> Muebles \u00fanicos<\/li>\n<li> Mudanza de electrodom\u00e9sticos<\/li>\n<li> Accesorios de la tienda<\/li>\n<li> Servicios de mudanza en la hosteler\u00eda<\/li>\n<\/ul>\n<h2>Perfil de la empresa Bekins Van Lines<\/h2>\n<p>Bekins Van Lines fue fundada hace 125 a\u00f1os por John y Martin Bekins en Sioux City, <a href=\"https:\/\/moverdb.com\/es\/moving-to-the-united-states\/moving-to-iowa\/\" data-internallinksmanager029f6b8e52c=\"463\" title=\"\u00bfSe muda a Iowa? 2026 Coste de la vida y consejos para el traslado\">Iowa<\/a>. Ten\u00eda 3 veh\u00edculos tirados por caballos y 12 empleados. Ahora es la cuarta empresa de furgonetas m\u00e1s grande del mundo. <a href=\"https:\/\/moverdb.com\/es\/moving-to-the-united-states\/\" data-internallinksmanager029f6b8e52c=\"94\" title=\"\u00bfSe muda a Estados Unidos? 2026 Costes de vida y consejos de reubicaci\u00f3n\">Estados Unidos<\/a> y sirve a m\u00e1s de 95% del pa\u00eds. Bekins Van Lines est\u00e1 especializada en <a href=\"https:\/\/moverdb.com\/es\/transporte-de-contenedores\/\" target=\"_blank\" rel=\"noopener\">env\u00edos internacionales<\/a>Traslados y mudanzas de objetos de gran valor.<\/p>\n<p>Bekins Van Lines es ahora propiedad de <a href=\"https:\/\/moverdb.com\/es\/wheaton\/\" target=\"_blank\" rel=\"noopener\">Wheaton Van Lines<\/a>. Sigue ofreciendo mudanzas dom\u00e9sticas, corporativas, internacionales y militares. <\/p>\n<p>Bekins, junto con Wheaton Van Lines, se ha asociado con Crown Relocations para ayudar a los clientes en sus traslados internacionales. Bekins cuenta con 350 agentes y son estos los que permiten a la empresa operar como un servicio completo <a href=\"https:\/\/moverdb.com\/es\/moving-companies\/\" data-internallinksmanager029f6b8e52c=\"79\" title=\"Las 25 mejores empresas de mudanzas internacionales en l\u00ednea\">empresa de mudanzas<\/a>.<\/p>\n<p>Afiliaciones y acreditaciones de Bekins Van Lines:<\/p>\n<ul>\n<li> <a href=\"https:\/\/moverdb.com\/es\/amsa\/\" target=\"_blank\" rel=\"noopener\">Asociaci\u00f3n Americana de Mudanzas y Almacenamiento<\/a> (<a href=\"https:\/\/moverdb.com\/es\/amsa\/\" data-internallinksmanager029f6b8e52c=\"5\" title=\"Explicaci\u00f3n de la Asociaci\u00f3n Americana de Mudanzas y Almacenamiento (AMSA)\">AMSA<\/a>) - <a href=\"https:\/\/moverdb.com\/es\/rim-promover\/\" target=\"_blank\" rel=\"noopener\">ProMover<\/a><\/li>\n<li> Asociaci\u00f3n Nacional de Gestores de Mudanzas Senior (NASMM)<\/li>\n<li> Empresa acreditada por el Better Business Bureau (BBB) A+<\/li>\n<\/ul>\n<h2>Opiniones de Bekins Van Lines<\/h2>\n<p><strong>Positivo:<\/strong><\/p>\n<ul>\n<li> <em>\"Me aterrorizaba utilizar cualquier empresa de mudanzas para mi traslado de <a href=\"https:\/\/moverdb.com\/es\/mudanza-a-san-jose\/\">San Jos\u00e9<\/a> a <a href=\"https:\/\/moverdb.com\/es\/moving-to-the-united-states\/moving-to-oregon\/\" data-internallinksmanager029f6b8e52c=\"395\" title=\"\u00bfMudarse a Oreg\u00f3n? 2026 Coste de la vida y consejos para la reubicaci\u00f3n\">Oreg\u00f3n<\/a>. Investigu\u00e9 mucho en Internet y al final eleg\u00ed Bekins por dos recomendaciones personales y por su presupuesto cerrado. Fue un proceso f\u00e1cil, los encargados de la mudanza cuidaron mucho mis objetos y me los entregaron cuando dijeron que lo har\u00edan.\"<\/em> - S. N. v\u00eda <a href=\"http:\/\/www.yelp.com\/biz\/bekins-van-lines-indianapolis-4?hrid=sAKPuUdvUtx9Pe5VoZlhZQ&#038;utm_campaign=www_review_share_popup&#038;utm_medium=copy_link&#038;utm_source=(direct)\" target=\"_blank\" rel=\"noopener\">Yelp<\/a><\/li>\n<li> <em>\"Obtuvimos los presupuestos habituales para el traslado de nuestras oficinas, y Bekins vino con el mejor y m\u00e1s detallado presupuesto\".<\/em> - Wanda de Tampa v\u00eda <a href=\"https:\/\/www.consumeraffairs.com\/movers\/bekins_van_lines.htm\" target=\"_blank\" rel=\"noopener\">Asuntos de los consumidores<\/a><\/li>\n<li> <em>\"Este cliente recomendar\u00eda el negocio a un amigo, familiar, vecino o colega\".<\/em> - Cindy R v\u00eda <a href=\"http:\/\/www.bbb.org\/indy\/business-reviews\/movers\/bekins-van-lines-inc-in-indianapolis-in-90013818\/Customer-Reviews\" target=\"_blank\" rel=\"noopener\">BBB<\/a><\/li>\n<li> <em>\"Todo el equipo de la mudanza fue fant\u00e1stico. Los estimadores y coordinadores fueron muy atentos\".<\/em> - Paul D v\u00eda <a href=\"http:\/\/www.mymovingreviews.com\/movers\/bekins-van-lines-303#54527\" target=\"_blank\" rel=\"noopener\">MiVivirRevisiones.com<\/a><\/li>\n<\/ul>\n<p><strong>Negativo:<\/strong><\/p>\n<ul>\n<li> \"<em>Una experiencia realmente horrible: muchos productos da\u00f1ados y un servicio poco profesional\". <\/em>Kelly H v\u00eda <a href=\"http:\/\/www.yelp.com\/biz\/bekins-van-lines-indianapolis-4?hrid=mPlbHKmtD2adpffBELLyBA&#038;utm_campaign=www_review_share_popup&#038;utm_medium=copy_link&#038;utm_source=(direct)\" target=\"_blank\" rel=\"noopener\">Yelp<\/a> <\/li>\n<li> <em>\"La jugada perfecta descrita por el agente se convirti\u00f3 en una pesadilla\".<\/em> - Marcel de Lake Park a trav\u00e9s de <a href=\"https:\/\/www.consumeraffairs.com\/movers\/bekins_van_lines.htm\" target=\"_blank\" rel=\"noopener\">Asuntos de los consumidores<\/a> <\/li>\n<li> <em>\"Hubo varias cosas negativas en esta experiencia\".<\/em> - David S v\u00eda <a href=\"http:\/\/www.bbb.org\/indy\/business-reviews\/movers\/bekins-van-lines-inc-in-indianapolis-in-90013818\/Customer-Reviews\" target=\"_blank\" rel=\"noopener\">BBB<\/a> <\/li>\n<li> \"<em>He comprobado que Bekins moving and storage no es fiable\". <\/em> D Langdon v\u00eda <a href=\"http:\/\/www.mymovingreviews.com\/movers\/bekins-van-lines-303#37287\" target=\"_blank\" rel=\"noopener\">MiVivirRevisiones.com<\/a><\/li>\n<\/ul>\n<div itemprop=\"review\" itemscope itemtype=\"http:\/\/schema.org\/Review\">\n<span itemprop=\"author\" itemscope=\"\" itemtype=\"http:\/\/schema.org\/Organization\"><span itemprop=\"name\">MoverDB.com<\/span><\/span> Revisi\u00f3n del sitio web en l\u00ednea para <span itemprop=\"itemreviewed\" itemscope=\"\" itemtype=\"http:\/\/schema.org\/Brand\"><span itemprop=\"name\">Bekins Van Lines<\/span><\/span>:<\/p>\n<ol>\n<li> Datos de contacto claros en el sitio web (incluido el n\u00famero de tel\u00e9fono): <strong>S\u00ed<\/strong><\/li>\n<li> F\u00e1cil de conseguir <a href=\"https:\/\/moverdb.com\/es\/citas\/\">presupuestos de mudanzas internacionales<\/a>? (Formulario de solicitud de presupuesto en l\u00ednea): <strong>S\u00ed<\/strong><\/li>\n<li> Informaci\u00f3n clara en el sitio web: <strong>S\u00ed,<\/strong> hay muchas gu\u00edas, v\u00eddeos y otros recursos en el sitio.<\/li>\n<li> Pertenencia a organizaciones de mudanzas reconocidas internacionalmente: <strong>S\u00ed<\/strong>, v\u00e9ase m\u00e1s arriba<\/li>\n<li> Lista de clientes y\/o testimonios de clientes anteriores. <strong>S\u00ed,<\/strong> tienen su propio <a href=\"https:\/\/www.bekins.com\/why-bekins\/reviews-testimonials\/\" target=\"_blank\" rel=\"noopener\">p\u00e1gina de rese\u00f1as y testimonios.<\/a><\/li>\n<\/ol>\n<div itemprop=\"reviewRating\" itemscope itemtype=\"http:\/\/schema.org\/Rating\"><meta itemprop=\"worstRating\" content = \"0\" \/><meta itemprop=\"bestRating\" content=\"5\" \/><meta itemprop=\"ratingValue\" content=\"5\"><\/div>\n<p><strong>Puntuaci\u00f3n global: 5\/5<\/strong><br \/>\n<strong>Fecha de revisi\u00f3n:<\/strong> <span itemprop=\"datePublished\" content=\"2016-08-08\">08\/08\/2016<\/span>\n<\/div>\n<p>M\u00e1s informaci\u00f3n <a href=\"https:\/\/moverdb.com\/es\/empresas-de-mudanzas\/\">empresas de mudanzas internacionales<\/a>, <a href=\"https:\/\/moverdb.com\/es\/us-canada-movers\/\">Mudanzas en Estados Unidos<\/a> y nuestro <a href=\"https:\/\/moverdb.com\/es\/resenas\/\">proceso de revisi\u00f3n<\/a>.<\/p>\n<p><strong>P\u00e1gina web:<\/strong> <a href=\"https:\/\/www.bekins.com\/\" target=\"_blank\" rel=\"noopener\">https:\/\/www.bekins.com<\/a><\/p>","protected":false},"excerpt":{"rendered":"<p>Bekins Van Lines are based in Indianapolis IN. They offer their customers a variety of services which are listed below, together with a company profile and reviews. International Moving Personalised service together with Crown Relocations Door to door service Packing &#8211; do it yourself, selected items or full service Storage &#8211; short and long term [&hellip;]<\/p>\n","protected":false},"author":1,"featured_media":0,"parent":0,"menu_order":0,"comment_status":"closed","ping_status":"closed","template":"","meta":{"_genesis_hide_title":false,"_genesis_hide_breadcrumbs":false,"_genesis_hide_singular_image":false,"_genesis_hide_footer_widgets":false,"_genesis_custom_body_class":"","_genesis_custom_post_class":"","_genesis_layout":"","footnotes":""},"class_list":{"0":"post-1065","1":"page","2":"type-page","3":"status-publish","5":"entry"},"_links":{"self":[{"href":"https:\/\/moverdb.com\/es\/wp-json\/wp\/v2\/pages\/1065","targetHints":{"allow":["GET"]}}],"collection":[{"href":"https:\/\/moverdb.com\/es\/wp-json\/wp\/v2\/pages"}],"about":[{"href":"https:\/\/moverdb.com\/es\/wp-json\/wp\/v2\/types\/page"}],"author":[{"embeddable":true,"href":"https:\/\/moverdb.com\/es\/wp-json\/wp\/v2\/users\/1"}],"replies":[{"embeddable":true,"href":"https:\/\/moverdb.com\/es\/wp-json\/wp\/v2\/comments?post=1065"}],"version-history":[{"count":9,"href":"https:\/\/moverdb.com\/es\/wp-json\/wp\/v2\/pages\/1065\/revisions"}],"predecessor-version":[{"id":6181,"href":"https:\/\/moverdb.com\/es\/wp-json\/wp\/v2\/pages\/1065\/revisions\/6181"}],"wp:attachment":[{"href":"https:\/\/moverdb.com\/es\/wp-json\/wp\/v2\/media?parent=1065"}],"curies":[{"name":"wp","href":"https:\/\/api.w.org\/{rel}","templated":true}]}}