{"id":1064,"date":"2016-08-12T14:50:41","date_gmt":"2016-08-12T14:50:41","guid":{"rendered":"http:\/\/moverdb.com\/?page_id=1064"},"modified":"2026-01-08T13:18:24","modified_gmt":"2026-01-08T13:18:24","slug":"graebel-van-lines","status":"publish","type":"page","link":"https:\/\/moverdb.com\/es\/graebel-van-lines\/","title":{"rendered":"Graebel Van Lines: Servicios de Mudanzas Internacionales y Rese\u00f1as"},"content":{"rendered":"<p>Graebel Van Lines tiene su sede en Aurora, CO. La empresa ofrece a sus clientes una amplia gama de servicios que se enumeran a continuaci\u00f3n. Tambi\u00e9n sigue un perfil de la empresa y comentarios.<\/p>\n<p><strong>Mudanzas internacionales<\/strong><\/p>\n<ul>\n<li> Se asigna un coordinador del servicio de atenci\u00f3n al cliente<\/li>\n<li> Encuesta detallada a domicilio<\/li>\n<li> Plan de mudanza personalizado<\/li>\n<li> De puerta a puerta<\/li>\n<li> Empaquetadores y cargadores con formaci\u00f3n internacional<\/li>\n<li> Materiales de embalaje de la mejor calidad<\/li>\n<li> Embalaje a medida<\/li>\n<li> Coordinaci\u00f3n con los principales transportistas mundiales con licencia<\/li>\n<li> Instalaciones de almacenamiento - algunas climatizadas<\/li>\n<li> Despacho de aduanas<\/li>\n<li> Entrega y desembalaje<\/li>\n<\/ul>\n<p><strong>Mudanzas residenciales<\/strong><\/p>\n<ul>\n<li> Servicio puerta a puerta<\/li>\n<li> Un \u00fanico punto de contacto durante toda la mudanza<\/li>\n<li> Embalaje y desembalaje si es necesario<\/li>\n<li> Mudanzas locales, de larga distancia e internacionales<\/li>\n<li> Instalaciones de almacenamiento a corto y largo plazo<\/li>\n<\/ul>\n<p><strong>Mudanza del espacio de trabajo<\/strong><\/p>\n<ul>\n<li> Antes y despu\u00e9s del plano de la planta<\/li>\n<li> Inventario detallado<\/li>\n<li> Almacenamiento a corto y largo plazo<\/li>\n<li> Desconexi\u00f3n y reconexi\u00f3n de sistemas inform\u00e1ticos<\/li>\n<li> Desmontaje y montaje de muebles<\/li>\n<li> Disposici\u00f3n responsable de los activos<\/li>\n<li> Mudanzas de sedes corporativas, de oficinas y de oficinas puntuales.<\/li>\n<li> Coordinaci\u00f3n de subcontratistas, datos, telefon\u00eda y electricidad.<\/li>\n<li> Estimaciones precisas de la mudanza de oficinas en cuanto a equipos, personas, materiales y costes totales.<\/li>\n<li> Gesti\u00f3n de movimientos-a\u00f1adidos-cambios (MAC).<\/li>\n<li> Listas de comprobaci\u00f3n, planificaci\u00f3n y procesos de mudanza de oficinas de eficacia probada.<\/li>\n<li> Almacenamiento y eliminaci\u00f3n de registros.<\/li>\n<li> Sistemas de archivo y soluciones de almacenamiento de alta densidad.<\/li>\n<li> <a href=\"https:\/\/moverdb.com\/es\/british-association-of-removers\/\" data-internallinksmanager029f6b8e52c=\"9\" title=\"Explicaci\u00f3n de la Asociaci\u00f3n Brit\u00e1nica de Empresas de Mudanzas (BAR)\">Bar<\/a>-gesti\u00f3n de inventarios codificados.<\/li>\n<li> Transporte en todo el mundo, incluyendo servicios de carga parcial, carga de cami\u00f3n y furgoneta acolchada.<\/li>\n<li> Servicios de almacenamiento y distribuci\u00f3n.<\/li>\n<li> Servicios de entrega \"justo a tiempo\".<\/li>\n<li> Servicios de log\u00edstica y gesti\u00f3n de una sola fuente.<\/li>\n<li> Transporte, entrega, instalaci\u00f3n y reconfiguraci\u00f3n del mobiliario de sistemas.<\/li>\n<li> Servicios de mobiliario, instalaciones y equipos para el sector de la hosteler\u00eda (FF&amp;E).<\/li>\n<li> Servicios de mudanza en el sector sanitario.<\/li>\n<\/ul>\n<p><strong>Movimientos empresariales, gubernamentales y militares<\/strong><\/p>\n<ul>\n<li> Oficina de Prisiones<\/li>\n<li> Servicio de Alguaciles<\/li>\n<li> Administraci\u00f3n para el Control de Drogas (DEA)<\/li>\n<li> Departamento de Asuntos de los Veteranos (VA)<\/li>\n<li> Oficina Federal de Investigaci\u00f3n (FBI)<\/li>\n<li> Oficina del Censo<\/li>\n<li> Centros de Control y Prevenci\u00f3n de Enfermedades (CDC)<\/li>\n<li> Servicio de Impuestos Internos (IRS)<\/li>\n<\/ul>\n<h2>Perfil de la empresa Graebel Van Lines<\/h2>\n<p>Graebel Van Lines es la mayor empresa privada <a href=\"https:\/\/moverdb.com\/es\/moving-companies\/\" data-internallinksmanager029f6b8e52c=\"79\" title=\"Las 25 mejores empresas de mudanzas internacionales en l\u00ednea\">empresa de mudanzas<\/a> en el <a href=\"https:\/\/moverdb.com\/es\/moving-to-the-united-states\/\" data-internallinksmanager029f6b8e52c=\"94\" title=\"\u00bfSe muda a Estados Unidos? 2026 Costes de vida y consejos de reubicaci\u00f3n\">Estados Unidos<\/a> y tiene su sede en Aurora, CO. La empresa lleva 66 a\u00f1os trasladando a familias, empresas, personal gubernamental y militar por todo el mundo y dentro de los Estados Unidos. <\/p>\n<p>La empresa ofrece soluciones de servicio completo para las necesidades de cada cliente, tanto si se trata de un peque\u00f1o trabajo, como la reforma de una oficina, como de una tarea de gran envergadura, como el traslado de un hospital a unas nuevas instalaciones.<\/p>\n<p>Graebel Van Lines cuenta con 4 millones de pies cuadrados de espacio de almacenamiento en todo el pa\u00eds y opera 828 veh\u00edculos de mudanza. Todo el personal de la empresa est\u00e1 formado con los m\u00e1s altos est\u00e1ndares.<\/p>\n<p>Afiliaciones y acreditaciones de Graebel Van Lines:<\/p>\n<ul>\n<li> <a href=\"https:\/\/moverdb.com\/es\/rim-promover\/\">ProMover<\/a><\/li>\n<li> <a href=\"https:\/\/moverdb.com\/es\/amsa\/\" target=\"_blank\" rel=\"noopener\">Asociaci\u00f3n Americana de Mudanzas y Almacenamiento<\/a> (<a href=\"https:\/\/moverdb.com\/es\/amsa\/\" data-internallinksmanager029f6b8e52c=\"5\" title=\"Explicaci\u00f3n de la Asociaci\u00f3n Americana de Mudanzas y Almacenamiento (AMSA)\">AMSA<\/a>)<\/li>\n<li> Instituto Internacional de Mudanzas de Oficina (IOMI)<\/li>\n<\/ul>\n<h2>Opiniones de Graebel Van Lines<\/h2>\n<p><strong>Positivo:<\/strong><\/p>\n<ul>\n<li> <em>\"Graebel Van Lines hizo un trabajo excepcional con mi mudanza. Me trasladaron con poca antelaci\u00f3n, a tiempo y todo aterriz\u00f3 donde lo necesitaba\". <\/em> - Michelle T v\u00eda <a href=\"https:\/\/www.yelp.com\/biz\/graebel-van-lines-kent\" target=\"_blank\" rel=\"noopener\">Yelp<\/a><\/li>\n<li>  <em>\"Pongo esto porque he visto muchas malas cr\u00edticas de Graebel's y mi experiencia fue positiva\".<\/em> - Sue Sok v\u00eda <a href=\"http:\/\/www.mymovingreviews.com\/movers\/graebel-406#28293\" target=\"_blank\" rel=\"noopener\">MyMovingReviews.com<\/a><\/li>\n<\/ul>\n<p><strong>Negativo:<\/strong><\/p>\n<ul>\n<li> \"<em>He utilizado Graebel's durante tres mudanzas y cada experiencia es peor\".<\/em> - Michael C v\u00eda <a href=\"http:\/\/www.yelp.com\/biz\/graebel-van-lines-san-jose?hrid=KdToWSepoqbs7wLCd4UE0A&#038;utm_campaign=www_review_share_popup&#038;utm_medium=copy_link&#038;utm_source=(direct)\" target=\"_blank\" rel=\"noopener\">Yelp<\/a> <\/li>\n<li> \"<em>No recomiendo esta empresa!!!\"<\/em> Don Mcnasby v\u00eda <a href=\"http:\/\/www.mymovingreviews.com\/movers\/graebel-406#47223\" target=\"_blank\" rel=\"noopener\">MyMovingReviews.com<\/a><\/li>\n<\/ul>\n<div itemprop=\"review\" itemscope itemtype=\"http:\/\/schema.org\/Review\">\n<span itemprop=\"author\" itemscope=\"\" itemtype=\"http:\/\/schema.org\/Organization\"><span itemprop=\"name\">MoverDB.com<\/span><\/span> Revisi\u00f3n del sitio web en l\u00ednea para <span itemprop=\"itemreviewed\" itemscope=\"\" itemtype=\"http:\/\/schema.org\/Brand\"><span itemprop=\"name\">Graebel Van Lines<\/span><\/span>:<\/p>\n<ol>\n<li> Datos de contacto claros en el sitio web (incluido el n\u00famero de tel\u00e9fono): <strong>S\u00ed<\/strong><\/li>\n<li> F\u00e1cil de conseguir <a href=\"https:\/\/moverdb.com\/es\/citas\/\">presupuestos de mudanzas internacionales<\/a>? (Formulario de solicitud de presupuesto en l\u00ednea): <strong>S\u00ed<\/strong><\/li>\n<li> Informaci\u00f3n clara en el sitio web: <strong>Algunos<\/strong>El sitio web no contiene mucha informaci\u00f3n detallada. Se supone que \u00e9sta se suministrar\u00e1 con el plan personalizado.<\/li>\n<li> Pertenencia a organizaciones de mudanzas reconocidas internacionalmente: <strong>S\u00ed<\/strong>(v\u00e9ase m\u00e1s arriba)<\/li>\n<li> Lista de clientes y\/o testimonios de clientes anteriores: <strong>No<\/strong> Sin embargo, el sitio web menciona que son uno de los motores favoritos del gobierno y de las empresas de la lista Fortune 500.<\/li>\n<\/ol>\n<div itemprop=\"reviewRating\" itemscope itemtype=\"http:\/\/schema.org\/Rating\"><meta itemprop=\"worstRating\" content = \"0\" \/><meta itemprop=\"bestRating\" content=\"5\" \/><meta itemprop=\"ratingValue\" content=\"3.5\"><\/div>\n<p><strong>Puntuaci\u00f3n global: 3,5\/5<\/strong><br \/>\n<strong>Fecha de revisi\u00f3n:<\/strong> <span itemprop=\"datePublished\" content=\"2016-08-11\">11\/08\/2016<\/span>\n<\/div>\n<p>M\u00e1s informaci\u00f3n <a href=\"https:\/\/moverdb.com\/es\/empresas-de-mudanzas\/\">mudanzas internacionales<\/a>, <a href=\"https:\/\/moverdb.com\/es\/us-canada-movers\/\">Empresas de mudanzas americanas<\/a> y nuestro <a href=\"https:\/\/moverdb.com\/es\/resenas\/\">proceso de revisi\u00f3n<\/a>.<\/p>\n<p><strong>P\u00e1gina web:<\/strong> <a href=\"https:\/\/www.graebelmoving.com\" target=\"_blank\" rel=\"noopener\">https:\/\/www.graebelmoving.com<\/a><\/p>","protected":false},"excerpt":{"rendered":"<p>Graebel Van Lines is headquartered in Aurora, CO. The company offers its customers a wide range of services which are listed below. There also follows a company profile and reviews. International Moving A dedicated customer service coordinator is assigned Detailed in-home survey Customised move plan Door to door Internationally trained packers and loaders Finest quality [&hellip;]<\/p>\n","protected":false},"author":1,"featured_media":0,"parent":0,"menu_order":0,"comment_status":"closed","ping_status":"closed","template":"","meta":{"_genesis_hide_title":false,"_genesis_hide_breadcrumbs":false,"_genesis_hide_singular_image":false,"_genesis_hide_footer_widgets":false,"_genesis_custom_body_class":"","_genesis_custom_post_class":"","_genesis_layout":"","footnotes":""},"class_list":{"0":"post-1064","1":"page","2":"type-page","3":"status-publish","5":"entry"},"_links":{"self":[{"href":"https:\/\/moverdb.com\/es\/wp-json\/wp\/v2\/pages\/1064","targetHints":{"allow":["GET"]}}],"collection":[{"href":"https:\/\/moverdb.com\/es\/wp-json\/wp\/v2\/pages"}],"about":[{"href":"https:\/\/moverdb.com\/es\/wp-json\/wp\/v2\/types\/page"}],"author":[{"embeddable":true,"href":"https:\/\/moverdb.com\/es\/wp-json\/wp\/v2\/users\/1"}],"replies":[{"embeddable":true,"href":"https:\/\/moverdb.com\/es\/wp-json\/wp\/v2\/comments?post=1064"}],"version-history":[{"count":6,"href":"https:\/\/moverdb.com\/es\/wp-json\/wp\/v2\/pages\/1064\/revisions"}],"predecessor-version":[{"id":6216,"href":"https:\/\/moverdb.com\/es\/wp-json\/wp\/v2\/pages\/1064\/revisions\/6216"}],"wp:attachment":[{"href":"https:\/\/moverdb.com\/es\/wp-json\/wp\/v2\/media?parent=1064"}],"curies":[{"name":"wp","href":"https:\/\/api.w.org\/{rel}","templated":true}]}}