{"id":1062,"date":"2016-08-21T19:46:49","date_gmt":"2016-08-21T19:46:49","guid":{"rendered":"http:\/\/moverdb.com\/?page_id=1062"},"modified":"2026-01-08T14:47:31","modified_gmt":"2026-01-08T14:47:31","slug":"amj-campbell-van-lines","status":"publish","type":"page","link":"https:\/\/moverdb.com\/es\/amj-campbell-van-lines\/","title":{"rendered":"AMJ Campbell Van Lines: Servicios de Mudanzas Internacionales y Rese\u00f1as"},"content":{"rendered":"<p>AMJ Campbell Van Lines tiene su sede en <a href=\"https:\/\/moverdb.com\/es\/mudanza-a-toronto\/\">Toronto<\/a>, <a href=\"https:\/\/moverdb.com\/es\/moving-to-canada\/\" data-internallinksmanager029f6b8e52c=\"265\" title=\"\u00bfMudarse a Canad\u00e1? 2026 Coste de la vida y consejos para la reubicaci\u00f3n\">Canad\u00e1<\/a> y ofrece a sus clientes diversos servicios de mudanzas y guardamuebles que se enumeran a continuaci\u00f3n. Tambi\u00e9n hay un perfil de la empresa y opiniones para su informaci\u00f3n.<\/p>\n<p><strong>Mudanzas internacionales<\/strong><\/p>\n<ul>\n<li> Servicio completo puerta a puerta<\/li>\n<li> Embalaje y desembalaje profesional<\/li>\n<li> Materiales de embalaje de la m\u00e1s alta calidad<\/li>\n<li> Gesti\u00f3n de inventarios<\/li>\n<li> <a href=\"https:\/\/moverdb.com\/es\/transporte-de-contenedores\/\">Transporte por carretera, mar\u00edtimo y a\u00e9reo<\/a><\/li>\n<li> Sistemas de gesti\u00f3n de movimientos de vanguardia<\/li>\n<\/ul>\n<p><strong>Servicios de reubicaci\u00f3n transfronteriza<\/strong><\/p>\n<ul>\n<li> Canad\u00e1 a la <a href=\"https:\/\/moverdb.com\/es\/moving-to-the-united-states\/\" data-internallinksmanager029f6b8e52c=\"94\" title=\"\u00bfSe muda a Estados Unidos? 2026 Costes de vida y consejos de reubicaci\u00f3n\">EE.UU.<\/a> y viceversa<\/li>\n<\/ul>\n<p><strong>Mudanza residencial - Local o de larga distancia<\/strong><\/p>\n<ul>\n<li> Cumplimiento de los plazos<\/li>\n<li> Una cita escrita<\/li>\n<li> Una llamada telef\u00f3nica el d\u00eda antes de la mudanza para confirmar los detalles<\/li>\n<li> Liquidaci\u00f3n de cualquier reclamaci\u00f3n por da\u00f1os en un plazo de 30 d\u00edas<\/li>\n<li> Protecci\u00f3n para todos sus muebles tapizados<\/li>\n<li> Montaje de cualquier mueble desmontado<\/li>\n<li> Protecci\u00f3n de suelos y barandillas<\/li>\n<li> Equipos de trabajo profesionales y amables<\/li>\n<li> Excelente servicio al cliente<\/li>\n<\/ul>\n<p><strong>Servicios de reubicaci\u00f3n de empresas<\/strong><\/p>\n<ul>\n<li> Servicio completo de embalaje<\/li>\n<li> Descargando<\/li>\n<li> Desembalaje con servicio completo<\/li>\n<\/ul>\n<p><strong>Mudanza de oficinas<\/strong><\/p>\n<ul>\n<li> Servicio de planificaci\u00f3n de mudanzas<\/li>\n<li> Etiquetado cuidadoso de todos los art\u00edculos<\/li>\n<li> Embalaje experto<\/li>\n<li> Traslado experto de equipos y ordenadores sensibles<\/li>\n<\/ul>\n<p><strong>Servicios especializados<\/strong><\/p>\n<ul>\n<li> Interiores de oficinas<\/li>\n<li> Desplazamiento del almac\u00e9n<\/li>\n<li> Instalaci\u00f3n del mobiliario<\/li>\n<li> Trituraci\u00f3n<\/li>\n<\/ul>\n<p><strong>Almacenamiento<\/strong><\/p>\n<ul>\n<li> Corto plazo, hasta 60 d\u00edas<\/li>\n<li> A largo plazo<\/li>\n<li> Instalaciones limpias, seguras y bien gestionadas<\/li>\n<li> Sofisticados dispositivos de seguimiento<\/li>\n<li> Autoalmacenamiento<\/li>\n<li> Almacenamiento de documentos comerciales<\/li>\n<\/ul>\n<h2>Perfil de la empresa AMJ Campbell Van Lines<\/h2>\n<p>AMJ Campbell Van Lines abri\u00f3 sus puertas en 1934 como MJ Campbell and Moving y era una empresa familiar. La empresa se concentraba en el traslado de personas entre provincias de Canad\u00e1 y entre Estados Unidos y Canad\u00e1. Desde entonces ha crecido hasta convertirse en la mayor <a href=\"https:\/\/moverdb.com\/es\/moving-companies\/\" data-internallinksmanager029f6b8e52c=\"79\" title=\"Las 25 mejores empresas de mudanzas internacionales en l\u00ednea\">empresa de mudanzas<\/a> en Canad\u00e1, trasladando a las personas a nivel local e internacional.<\/p>\n<p>Campbell's emplea a m\u00e1s de 2.800 personas repartidas en 50 localidades diferentes de Canad\u00e1. Actualmente es una empresa privada, que sali\u00f3 a bolsa en la d\u00e9cada de 1980, y es una empresa multimillonaria. <\/p>\n<p>Acreditaciones y afiliaciones de AMJ Campbell:<\/p>\n<ul>\n<li> <a href=\"https:\/\/moverdb.com\/es\/fidi-faim\/\">FIDI<\/a><\/li>\n<li> <a href=\"https:\/\/moverdb.com\/es\/fidi-faim\/\" data-internallinksmanager029f6b8e52c=\"16\" title=\"Explicaci\u00f3n del FIDI y del FAIM (FIDI Accredited International Mover)\">FAIM<\/a><\/li>\n<li> <a href=\"https:\/\/moverdb.com\/es\/canadian-association-of-movers\/\">Asociaci\u00f3n Canadiense de Mudanzas al Extranjero<\/a> (COMA) <\/li>\n<li> <a href=\"https:\/\/moverdb.com\/es\/lacma\/\">Asociaci\u00f3n de empresas de mudanzas de Am\u00e9rica Latina y el Caribe<\/a> (<a href=\"https:\/\/moverdb.com\/es\/lacma\/\" data-internallinksmanager029f6b8e52c=\"28\" title=\"Asociaci\u00f3n de empresas de mudanzas internacionales de Am\u00e9rica Latina y el Caribe (LACMA)\">LACMA<\/a>)<\/li>\n<li> Householders Goods Forwarders of America (HAGFAA)<\/li>\n<li> Negocio acreditado por BBB A+<\/li>\n<\/ul>\n<h2>Opiniones de AMJ Campbell Van Lines<\/h2>\n<p><strong>Positivo:<\/strong><\/p>\n<ul>\n<li> <em>Quedamos muy impresionados con la actitud, la cooperaci\u00f3n y el placer general de trabajar con un grupo de personas tan bueno.<\/em> - v\u00eda AMJ Campbell <a href=\"http:\/\/www.amjcampbell.com\/about-us-2\/customer-reviews\/\" target=\"_blank\" rel=\"noopener\">opiniones de los clientes<\/a><\/li>\n<li> <em>\"Contact\u00e9 con AMJ para mi mudanza de ciudad a ciudad y qued\u00e9 muy satisfecho con toda la experiencia\".<\/em> - Rebecca G v\u00eda <a href=\"https:\/\/homestars.com\/companies\/195139-amj-campbell\/reviews\/309471\" target=\"_blank\" rel=\"noopener\">HomeStars<\/a><\/li>\n<li> <em>\"Eleg\u00ed a AMJ Campbell para trasladar mis muebles de <a href=\"https:\/\/moverdb.com\/es\/moving-to-toronto\/\" data-internallinksmanager029f6b8e52c=\"71\" title=\"\u00bfSe muda a Toronto? 2026 Costes de vida y consejos de reubicaci\u00f3n\">Toronto<\/a> a <a href=\"https:\/\/moverdb.com\/es\/moving-to-canada\/moving-to-montreal\/\" data-internallinksmanager029f6b8e52c=\"410\" title=\"\u00bfSe muda a Montreal? 2026 Coste de la vida y consejos para el traslado\">Montreal<\/a> en 2013. No cre\u00eda que la mudanza fuera a ser tan f\u00e1cil como la han hecho\".<\/em> - Reem v\u00eda <a href=\"http:\/\/www.mymovingreviews.com\/movers\/amj-campbell-van-lines-1281#15661\" target=\"_blank\" rel=\"noopener\">MyMovingReviews.com<\/a> <\/li>\n<li> <em>AMJ nos ayud\u00f3 a mi marido y a m\u00ed a mudarnos el D\u00eda de Canad\u00e1, as\u00ed que, aunque pagamos una prima por mudarnos en el d\u00eda festivo, vali\u00f3 la pena cada c\u00e9ntimo.<\/em> - Renee M. v\u00eda <a href=\"http:\/\/www.yelp.co.uk\/biz\/amj-campbell-van-lines-vancouver?hrid=g252Zt8_i0oO1eStByhl0A&#038;utm_campaign=www_review_share_popup&#038;utm_medium=copy_link&#038;utm_source=(direct)\" target=\"_blank\" rel=\"noopener\">Yelp<\/a><\/li>\n<\/ul>\n<p><strong>Negativo:<\/strong><\/p>\n<ul>\n<li> <em>\"Ahorra tu cordura y tu dinero. Todo el equipo de AMJ Campbell es lo peor\".<\/em> - Muy disgustado en <a href=\"https:\/\/moverdb.com\/es\/moving-to-canada\/moving-to-vancouver\/\" data-internallinksmanager029f6b8e52c=\"438\" title=\"\u00bfTe mudas a Vancouver? 2026 Coste de la vida y consejos para el traslado\">Vancouver<\/a> a trav\u00e9s de <a href=\"https:\/\/homestars.com\/companies\/195139-amj-campbell\/reviews\/450056\" target=\"_blank\" rel=\"noopener\">HomeStars<\/a><\/li>\n<li> <em>\"Fue realmente lamentable tratar con esta empresa deshonesta\".<\/em> - Maher v\u00eda <a href=\"http:\/\/www.mymovingreviews.com\/movers\/amj-campbell-van-lines-1281#54125\" target=\"_blank\" rel=\"noopener\">MyMovingReviews.com<\/a> <\/li>\n<li> <em>Su conductor era extremadamente escaso y poco profesional.<\/em> - SA S. v\u00eda <a href=\"http:\/\/www.yelp.co.uk\/biz\/amj-campbell-van-lines-vancouver?hrid=8M5PJ1TTLqQx72k6lEsKLA&#038;utm_campaign=www_review_share_popup&#038;utm_medium=copy_link&#038;utm_source=(direct)\" target=\"_blank\" rel=\"noopener\">Yelp<\/a><\/li>\n<\/ul>\n<div itemprop=\"review\" itemscope itemtype=\"http:\/\/schema.org\/Review\">\n<span itemprop=\"author\" itemscope=\"\" itemtype=\"http:\/\/schema.org\/Organization\"><span itemprop=\"name\">MoverDB.com<\/span><\/span> Revisi\u00f3n del sitio web en l\u00ednea para <span itemprop=\"itemreviewed\" itemscope=\"\" itemtype=\"http:\/\/schema.org\/Brand\"><span itemprop=\"name\">AMJ Campbell Van Lines<\/span><\/span>:<\/p>\n<ol>\n<li> Datos de contacto claros en el sitio web (incluido el n\u00famero de tel\u00e9fono): <strong>S\u00ed<\/strong><\/li>\n<li> F\u00e1cil de conseguir <a href=\"https:\/\/moverdb.com\/es\/citas\/\">presupuestos de mudanzas internacionales<\/a>? (Formulario de solicitud de presupuesto en l\u00ednea): <strong>S\u00ed<\/strong><\/li>\n<li> Informaci\u00f3n clara en el sitio web: <strong>S\u00ed<\/strong>Aunque no siempre son los m\u00e1s f\u00e1ciles de encontrar.<\/li>\n<li> Pertenencia a organizaciones de mudanzas reconocidas internacionalmente: <strong>S\u00ed<\/strong>(v\u00e9ase m\u00e1s arriba)<\/li>\n<li> Lista de clientes y\/o testimonios de clientes anteriores. <strong>S\u00ed,<\/strong> ambos sitios web contienen testimonios y opiniones de clientes.<\/li>\n<\/ol>\n<div itemprop=\"reviewRating\" itemscope itemtype=\"http:\/\/schema.org\/Rating\"><meta itemprop=\"worstRating\" content = \"0\" \/><meta itemprop=\"bestRating\" content=\"5\" \/><meta itemprop=\"ratingValue\" content=\"4.5\"><\/div>\n<p><strong>Puntuaci\u00f3n global: 4,5\/5<\/strong><br \/>\n<strong>Fecha de revisi\u00f3n:<\/strong> <span itemprop=\"datePublished\" content=\"2016-08-21\">21\/08\/2016<\/span>\n<\/div>\n<p>M\u00e1s informaci\u00f3n <a href=\"https:\/\/moverdb.com\/es\/empresas-de-mudanzas\/\">empresas de mudanzas internacionales<\/a>, <a href=\"https:\/\/moverdb.com\/es\/us-canada-movers\/\">Empresas de mudanzas canadienses<\/a> y nuestro <a href=\"https:\/\/moverdb.com\/es\/resenas\/\">proceso de revisi\u00f3n<\/a>.<\/p>\n<p><strong>P\u00e1gina web:<\/strong> Dom\u00e9stico: <a href=\"http:\/\/www.amjcampbell.com\" target=\"_blank\" rel=\"noopener\">http:\/\/www.amjcampbell.com<\/a>, Internacional: <a href=\"http:\/\/amj-international.com\" target=\"_blank\" rel=\"noopener\">http:\/\/amj-international.com<\/a><\/p>","protected":false},"excerpt":{"rendered":"<p>AMJ Campbell Van Lines is based in Toronto, Canada and it offers its customers various moving and storage services which are listed below. There is also a company profile and reviews for your information. International Moving Door to door full service Professional packing and unpacking Highest quality packing materials Inventory management Road, sea and air [&hellip;]<\/p>\n","protected":false},"author":1,"featured_media":0,"parent":0,"menu_order":0,"comment_status":"closed","ping_status":"closed","template":"","meta":{"_genesis_hide_title":false,"_genesis_hide_breadcrumbs":false,"_genesis_hide_singular_image":false,"_genesis_hide_footer_widgets":false,"_genesis_custom_body_class":"","_genesis_custom_post_class":"","_genesis_layout":"","footnotes":""},"class_list":{"0":"post-1062","1":"page","2":"type-page","3":"status-publish","5":"entry"},"_links":{"self":[{"href":"https:\/\/moverdb.com\/es\/wp-json\/wp\/v2\/pages\/1062","targetHints":{"allow":["GET"]}}],"collection":[{"href":"https:\/\/moverdb.com\/es\/wp-json\/wp\/v2\/pages"}],"about":[{"href":"https:\/\/moverdb.com\/es\/wp-json\/wp\/v2\/types\/page"}],"author":[{"embeddable":true,"href":"https:\/\/moverdb.com\/es\/wp-json\/wp\/v2\/users\/1"}],"replies":[{"embeddable":true,"href":"https:\/\/moverdb.com\/es\/wp-json\/wp\/v2\/comments?post=1062"}],"version-history":[{"count":6,"href":"https:\/\/moverdb.com\/es\/wp-json\/wp\/v2\/pages\/1062\/revisions"}],"predecessor-version":[{"id":6172,"href":"https:\/\/moverdb.com\/es\/wp-json\/wp\/v2\/pages\/1062\/revisions\/6172"}],"wp:attachment":[{"href":"https:\/\/moverdb.com\/es\/wp-json\/wp\/v2\/media?parent=1062"}],"curies":[{"name":"wp","href":"https:\/\/api.w.org\/{rel}","templated":true}]}}