{"id":1061,"date":"2016-07-25T20:41:24","date_gmt":"2016-07-25T20:41:24","guid":{"rendered":"http:\/\/moverdb.com\/?page_id=1061"},"modified":"2026-01-08T15:30:30","modified_gmt":"2026-01-08T15:30:30","slug":"u-pack-moving","status":"publish","type":"page","link":"https:\/\/moverdb.com\/es\/u-pack-moving\/","title":{"rendered":"U-Pack Moving: Servicios de Mudanzas Internacionales y Rese\u00f1as"},"content":{"rendered":"<p>ABF U-Pack Moving ofrece a sus clientes una variedad de servicios de mudanza y de autoempaquetado y desempaquetado dentro de la <a href=\"https:\/\/moverdb.com\/es\/moving-to-the-united-states\/\" data-internallinksmanager029f6b8e52c=\"94\" title=\"\u00bfSe muda a Estados Unidos? 2026 Costes de vida y consejos de reubicaci\u00f3n\">EE.UU.<\/a>, <a href=\"https:\/\/moverdb.com\/es\/moving-to-canada\/\" data-internallinksmanager029f6b8e52c=\"265\" title=\"\u00bfMudarse a Canad\u00e1? 2026 Coste de la vida y consejos para la reubicaci\u00f3n\">Canad\u00e1<\/a> y Puerto Rico. <\/p>\n<p>Estos servicios se enumeran a continuaci\u00f3n, junto con el perfil de la empresa y las rese\u00f1as.<\/p>\n<p><strong>Tipos de mudanzas que se ofrecen<\/strong><\/p>\n<ul>\n<li> Mudanza transfronteriza<\/li>\n<li> Mudanzas de larga distancia - Estados Unidos, Canad\u00e1, Puerto Rico<\/li>\n<li> Traslado de puerta a puerta<\/li>\n<li> Autodesplazamiento<\/li>\n<li> Contratar cargadores por horas <\/li>\n<li> Mudanza militar<\/li>\n<li> Mudanza universitaria<\/li>\n<li> Peque\u00f1os movimientos<\/li>\n<\/ul>\n<p><strong>Equipo de mudanza<\/strong><\/p>\n<ul>\n<li> Remolques de mudanza<\/li>\n<li> Mudanza y <a href=\"https:\/\/moverdb.com\/es\/transporte-de-contenedores\/\" target=\"_blank\" rel=\"noopener\">Contenedores mar\u00edtimos<\/a><\/li>\n<\/ul>\n<p><strong>Almacenamiento<\/strong><\/p>\n<ul>\n<li> Almacenamiento de remolques<\/li>\n<li> Almacenamiento ReloCube<\/li>\n<li> Almacenamiento in situ<\/li>\n<li> Almacenamiento port\u00e1til<\/li>\n<\/ul>\n<h2>Perfil de la empresa de mudanzas U-Pack<\/h2>\n<p>ABF U-Pack abri\u00f3 sus puertas el 1 de<sup>st<\/sup> octubre de 1997 y forma parte de ABF Freight. El objetivo de la empresa era hacer que las mudanzas fueran m\u00e1s asequibles ofreciendo a los clientes la opci\u00f3n \"usted empaca, nosotros conducimos\". Los clientes empaquetan sus propias pertenencias y las cargan en un remolque o contenedor que les proporciona la empresa. <\/p>\n<p>A continuaci\u00f3n, un conductor de U-Pack lleva la mercanc\u00eda a su destino, donde el cliente la descarga y desempaqueta. Los clientes pueden hacer un seguimiento de su mercanc\u00eda a trav\u00e9s de un sistema de seguimiento en l\u00ednea.<\/p>\n<p>Desde sus inicios en 1997, ABF Moving U-Pack ha trasladado a m\u00e1s de 850.000 familias y ha recorrido m\u00e1s de mil millones de kil\u00f3metros. La empresa ofrece un enlace directo a casi todas las ciudades de Estados Unidos, Canad\u00e1 y Puerto Rico que tienen una poblaci\u00f3n superior a 30.000 habitantes, lo que supone 44.000 comunidades diferentes.<\/p>\n<p><strong>Acreditaciones y afiliaciones de AFB U-Pack:<\/strong><\/p>\n<ul>\n<li> Negocio acreditado por BBB A+<\/li>\n<\/ul>\n<h2>Opiniones de U-Pack Moving<\/h2>\n<p><strong>Positivo<\/strong><\/p>\n<ul>\n<li> \"<em>Para cruzar la frontera (Estados Unidos\/Canad\u00e1) recomiendo encarecidamente U-Pack\".<\/em> - Laura J v\u00eda <a href=\"http:\/\/www.yelp.com\/user_details?userid=MFsoomxJ9wmWksnuhEbsWQ\" target=\"_blank\" rel=\"noopener\">Yelp<\/a> <\/li>\n<li> \"<em>Al considerar mis opciones de Upack vs Uhaul con el transportador de coches, sin duda Upack es el mejor camino a seguir\".<\/em> - Lee v\u00eda <a href=\"http:\/\/www.mymovingreviews.com\/movers\/u-pack-2041#54792\" target=\"_blank\" rel=\"noopener\">MyMovingReviews.com<\/a><\/li>\n<li> \"<em>Gran satisfacci\u00f3n general del cliente junto con el mejor precio, puntualidad y profesionalidad.\"<\/em> - B Anderson v\u00eda <a href=\"https:\/\/www.trustpilot.com\/users\/563a175f0000ff0001e81099\" target=\"_blank\" rel=\"noopener\">Trustpilot<\/a> <\/li>\n<li> \"<em>Mejor <a href=\"https:\/\/moverdb.com\/es\/moving-companies\/\" data-internallinksmanager029f6b8e52c=\"79\" title=\"Las 25 mejores empresas de mudanzas internacionales en l\u00ednea\">empresa de mudanzas<\/a> Se lo recomendar\u00eda a cualquiera\".<\/em> - Beatrice F v\u00eda <a href=\"https:\/\/www.sitejabber.com\/reviews\/www.upack.com#6\" target=\"_blank\" rel=\"noopener\">SiteJabber<\/a> <\/li>\n<\/ul>\n<p><strong>Negativo<\/strong><\/p>\n<ul>\n<li> \"<em>No utilice esta empresa. Se arrepentir\u00e1. El peor error que he cometido. Me cost\u00f3 m\u00e1s dinero del que deb\u00eda ahorrar\".<\/em> - Christina a trav\u00e9s de <a href=\"http:\/\/www.yelp.com\/user_details?userid=h6i4pikiNvzwmw8VvAOvrw\" target=\"_blank\" rel=\"noopener\">Yelp<\/a> <\/li>\n<li> \"<em>Nos mudamos toda la vida a trav\u00e9s de los Estados Unidos. Cuando fuimos a recoger nuestras cosas hab\u00eda tantos da\u00f1os que era irreal\".<\/em> - Sarah v\u00eda <a href=\"http:\/\/www.mymovingreviews.com\/movers\/u-pack-2041#54608\" target=\"_blank\" rel=\"noopener\">MyMovingReviews.com<\/a> <\/li>\n<li> \"<em>El cami\u00f3n deb\u00eda llegar entre las 2 y las 6 de la tarde. Contrat\u00e9 a personal de mudanza para que me ayudara a las 5 de la tarde. El cami\u00f3n no apareci\u00f3 a las 6 de la tarde\". <\/em> - Cliff Gragg v\u00eda <a href=\"https:\/\/www.trustpilot.com\/users\/561008750000ff0001e06238\" target=\"_blank\" rel=\"noopener\">TrustPilot<\/a> <\/li>\n<li> \"<em>Poco profesional. Todav\u00eda estamos en medio de una mudanza con U-Pack\".<\/em> - Karen W v\u00eda <a href=\"https:\/\/www.sitejabber.com\/reviews\/www.upack.com#5\" target=\"_blank\" rel=\"noopener\">SiteJabber<\/a> <\/li>\n<\/ul>\n<div itemprop=\"review\" itemscope itemtype=\"http:\/\/schema.org\/Review\">\n<span itemprop=\"author\" itemscope=\"\" itemtype=\"http:\/\/schema.org\/Organization\"><span itemprop=\"name\">MoverDB.com<\/span><\/span> Revisi\u00f3n del sitio web en l\u00ednea para <span itemprop=\"itemreviewed\" itemscope=\"\" itemtype=\"http:\/\/schema.org\/Brand\"><span itemprop=\"name\">Mudanzas U-Pack<\/span><\/span>:<\/p>\n<ol>\n<li> Datos de contacto claros en el sitio web (incluido el n\u00famero de tel\u00e9fono): <strong>S\u00ed<\/strong><\/li>\n<li> F\u00e1cil de conseguir <a href=\"https:\/\/moverdb.com\/es\/citas\/\">presupuestos de mudanzas internacionales<\/a>? (Formulario de solicitud de presupuesto en l\u00ednea): <strong>S\u00ed<\/strong><\/li>\n<li> Informaci\u00f3n clara en el sitio web: <strong>S\u00ed,<\/strong> El sitio web ofrece una excelente visi\u00f3n general de todo lo que ofrece la empresa.<\/li>\n<li> Pertenencia a organizaciones de mudanzas reconocidas internacionalmente: <strong>S\u00ed<\/strong>, v\u00e9ase m\u00e1s arriba<\/li>\n<li> Lista de clientes y\/o testimonios de clientes anteriores: <strong>S\u00ed,<\/strong> Hay muchos comentarios de clientes en el sitio.<\/li>\n<\/ol>\n<div itemprop=\"reviewRating\" itemscope itemtype=\"http:\/\/schema.org\/Rating\"><meta itemprop=\"worstRating\" content = \"0\" \/><meta itemprop=\"bestRating\" content=\"5\" \/><meta itemprop=\"ratingValue\" content=\"5\"><\/div>\n<p><strong>Puntuaci\u00f3n global: 5\/5<\/strong><br \/>\n<strong>Fecha de revisi\u00f3n:<\/strong> <span itemprop=\"datePublished\" content=\"2016-07-25\">25\/07\/2016<\/span>\n<\/div>\n<p>M\u00e1s informaci\u00f3n sobre otros <a href=\"https:\/\/moverdb.com\/es\/empresas-de-mudanzas\/\">empresas de mudanzas internacionales<\/a>, <a href=\"https:\/\/moverdb.com\/es\/us-canada-movers\/\">Empresas de mudanzas en Estados Unidos<\/a> y nuestro <a href=\"https:\/\/moverdb.com\/es\/resenas\/\">explicaci\u00f3n del proceso de revisi\u00f3n<\/a>.<\/p>\n<p><strong>P\u00e1gina web:<\/strong> <a href=\"http:\/\/www.upack.com\" target=\"_blank\" rel=\"noopener\">http:\/\/www.upack.com<\/a><\/p>","protected":false},"excerpt":{"rendered":"<p>ABF U-Pack Moving offers its customers a variety of services for moving and self-packing and unpacking within the US, Canada and Puerto Rico. These services are listed below, together with a company profile and reviews. Types of Moves on Offer Cross-country moving Long distance moving &#8211; US, Canada, Puerto Rico Door to door moving Self-moving [&hellip;]<\/p>\n","protected":false},"author":1,"featured_media":0,"parent":0,"menu_order":0,"comment_status":"closed","ping_status":"closed","template":"","meta":{"_genesis_hide_title":false,"_genesis_hide_breadcrumbs":false,"_genesis_hide_singular_image":false,"_genesis_hide_footer_widgets":false,"_genesis_custom_body_class":"","_genesis_custom_post_class":"","_genesis_layout":"","footnotes":""},"class_list":{"0":"post-1061","1":"page","2":"type-page","3":"status-publish","5":"entry"},"_links":{"self":[{"href":"https:\/\/moverdb.com\/es\/wp-json\/wp\/v2\/pages\/1061","targetHints":{"allow":["GET"]}}],"collection":[{"href":"https:\/\/moverdb.com\/es\/wp-json\/wp\/v2\/pages"}],"about":[{"href":"https:\/\/moverdb.com\/es\/wp-json\/wp\/v2\/types\/page"}],"author":[{"embeddable":true,"href":"https:\/\/moverdb.com\/es\/wp-json\/wp\/v2\/users\/1"}],"replies":[{"embeddable":true,"href":"https:\/\/moverdb.com\/es\/wp-json\/wp\/v2\/comments?post=1061"}],"version-history":[{"count":6,"href":"https:\/\/moverdb.com\/es\/wp-json\/wp\/v2\/pages\/1061\/revisions"}],"predecessor-version":[{"id":6248,"href":"https:\/\/moverdb.com\/es\/wp-json\/wp\/v2\/pages\/1061\/revisions\/6248"}],"wp:attachment":[{"href":"https:\/\/moverdb.com\/es\/wp-json\/wp\/v2\/media?parent=1061"}],"curies":[{"name":"wp","href":"https:\/\/api.w.org\/{rel}","templated":true}]}}