{"id":1060,"date":"2016-08-21T20:38:32","date_gmt":"2016-08-21T20:38:32","guid":{"rendered":"http:\/\/moverdb.com\/?page_id=1060"},"modified":"2026-01-08T15:20:47","modified_gmt":"2026-01-08T15:20:47","slug":"suddath","status":"publish","type":"page","link":"https:\/\/moverdb.com\/es\/suddath\/","title":{"rendered":"Suddath: Rese\u00f1as de Mudanzas y Reubicaciones Internacionales"},"content":{"rendered":"<p>Suddath ofrece a sus clientes servicios completos de mudanza y almacenamiento tanto a nivel internacional como local. A continuaci\u00f3n se enumeran estos servicios, junto con un perfil de la empresa y rese\u00f1as.<\/p>\n<p><strong>Mudanza y almacenamiento internacional<\/strong><\/p>\n<ul>\n<li> Env\u00edo de enseres dom\u00e9sticos<\/li>\n<li> Consejero de mudanza asignado<\/li>\n<li> Kit de pre-mudanza<\/li>\n<li> Informaci\u00f3n y asesoramiento aduanero<\/li>\n<li> Informaci\u00f3n sobre el destino<\/li>\n<li> Instalaciones de almacenamiento<\/li>\n<li> Valoraci\u00f3n o asesoramiento en materia de seguros<\/li>\n<\/ul>\n<p><strong>Gesti\u00f3n de la pol\u00edtica y el programa de reubicaci\u00f3n de la empresa<\/strong><\/p>\n<ul>\n<li> Revisi\u00f3n y\/o desarrollo de la pol\u00edtica de reubicaci\u00f3n<\/li>\n<li> Administraci\u00f3n de la pol\u00edtica<\/li>\n<li> Equipo de gesti\u00f3n de cuentas dedicado y con experiencia<\/li>\n<li> Programa de garant\u00eda de calidad con m\u00e9tricas medibles<\/li>\n<li> Acceso o informes en l\u00ednea y seguimiento de los env\u00edos<\/li>\n<\/ul>\n<p><strong>Otros servicios de movilidad global<\/strong><\/p>\n<ul>\n<li> Referencia, revisi\u00f3n y desarrollo de la pol\u00edtica global<\/li>\n<li> Servicios de salida y venta de viviendas<\/li>\n<li> Proyecciones de costes<\/li>\n<li> Evaluaci\u00f3n de los candidatos<\/li>\n<li> Asesoramiento fiscal y de seguridad social<\/li>\n<li> Servicios de asignaci\u00f3n continua<\/li>\n<li> Viaje de preasignaci\u00f3n<\/li>\n<li> Formaci\u00f3n intercultural, empresarial y ling\u00fc\u00edstica<\/li>\n<li> Arrendamiento o financiaci\u00f3n de coches<\/li>\n<li> B\u00fasqueda de escuelas<\/li>\n<li> Programa de repatriaci\u00f3n<\/li>\n<\/ul>\n<p><strong>Mudanza y almacenamiento gubernamental en todo el mundo<\/strong><\/p>\n<ul>\n<li> Servicio completo de mudanzas para el gobierno y el ej\u00e9rcito<\/li>\n<\/ul>\n<p><strong><a href=\"https:\/\/moverdb.com\/es\/moving-to-the-united-states\/\" data-internallinksmanager029f6b8e52c=\"94\" title=\"\u00bfSe muda a Estados Unidos? 2026 Costes de vida y consejos de reubicaci\u00f3n\">EE.UU.<\/a> Mudanza y almacenamiento residencial<\/strong><\/p>\n<p><strong>Traslado de empresas<\/strong><\/p>\n<ul>\n<li> Evaluaci\u00f3n y consulta de la pol\u00edtica de mudanzas<\/li>\n<li> Gesti\u00f3n de la mudanza<\/li>\n<li> Movimientos de grupo<\/li>\n<li> Punto de contacto \u00fanico<\/li>\n<li> Transporte de enseres dom\u00e9sticos<\/li>\n<li> Otros servicios de reubicaci\u00f3n (incluidos los servicios relacionados con la propiedad inmobiliaria, las hipotecas, la b\u00fasqueda de vivienda, los servicios de destino)<\/li>\n<\/ul>\n<p><strong>Residencial, reubicaci\u00f3n privada<\/strong><\/p>\n<ul>\n<li> Presupuesto previo a la mudanza<\/li>\n<li> Coordinador de mudanzas dedicado<\/li>\n<li> Servicios de embalaje (en origen y en destino)<\/li>\n<li> Material de embalaje<\/li>\n<li> Seguimiento del env\u00edo<\/li>\n<li> Servicios de almacenamiento<\/li>\n<li> Servicios de reubicaci\u00f3n y relacionados con la propiedad inmobiliaria<\/li>\n<\/ul>\n<h2>Perfil de la empresa Suddath<\/h2>\n<p>Suddath, Suddath Van Lines y Suddath Relocations Systems son una familia de empresas que comenz\u00f3 en 1919 en Jacksonville, <a href=\"https:\/\/moverdb.com\/es\/moving-to-the-united-states\/moving-to-florida\/\" data-internallinksmanager029f6b8e52c=\"331\" title=\"\u00bfMudarse a Florida? 2026 Coste de la vida y consejos de reubicaci\u00f3n\">Florida<\/a> por Carl Suddath, que fund\u00f3 la empresa con una furgoneta, dos mulas y dos coches de turismo para dar servicio a la nueva industria cinematogr\u00e1fica. Ahora tienen oficinas en EE.UU. y <a href=\"https:\/\/moverdb.com\/es\/moving-to-canada\/\" data-internallinksmanager029f6b8e52c=\"265\" title=\"\u00bfMudarse a Canad\u00e1? 2026 Coste de la vida y consejos para la reubicaci\u00f3n\">Canad\u00e1<\/a> y una amplia red de agentes en todo el mundo.<\/p>\n<p>Suddath gestiona m\u00e1s de 75.000 mudanzas al a\u00f1o, a nivel internacional y local, para particulares, empresas, gobiernos y militares. <\/p>\n<p>Se enorgullece de contar con algunas de las empresas de la lista Fortune 500 como algunos de sus principales clientes, junto con el gobierno de los Estados Unidos. Suddath ofrece un servicio completo, desde el primer presupuesto hasta el desembalaje y los servicios de reubicaci\u00f3n.<\/p>\n<p>Suddath cuenta con las siguientes acreditaciones y afiliaciones:<\/p>\n<ul>\n<li> <a href=\"https:\/\/moverdb.com\/es\/fidi-faim\/\">FIDI<\/a><\/li>\n<li> Red Internacional de Mudanzas en el Extranjero (OMNI)<\/li>\n<li> <a href=\"https:\/\/moverdb.com\/es\/soy\/\">Asociaci\u00f3n Internacional de Empresas de Mudanzas<\/a> (<a href=\"https:\/\/moverdb.com\/es\/iam\/\" data-internallinksmanager029f6b8e52c=\"23\" title=\"Explicaci\u00f3n de la Asociaci\u00f3n Internacional de Empresas de Mudanzas (IAM)\">IAM<\/a>)<\/li>\n<li> <a href=\"https:\/\/moverdb.com\/es\/lacma\/\" target=\"_blank\" rel=\"noopener\">Asociaci\u00f3n de empresas de mudanzas internacionales de Am\u00e9rica Latina y el Caribe<\/a> (<a href=\"https:\/\/moverdb.com\/es\/lacma\/\" data-internallinksmanager029f6b8e52c=\"28\" title=\"Asociaci\u00f3n de empresas de mudanzas internacionales de Am\u00e9rica Latina y el Caribe (LACMA)\">LACMA<\/a>)<\/li>\n<li> Asociaci\u00f3n Panamericana de Mudanzas Internacionales (PAIMA)<\/li>\n<li> <a href=\"https:\/\/moverdb.com\/es\/british-association-of-removers\/\" target=\"_blank\" rel=\"noopener\">Asociaci\u00f3n Brit\u00e1nica de Empresas de Mudanzas<\/a> (<a href=\"https:\/\/moverdb.com\/es\/british-association-of-removers\/\" data-internallinksmanager029f6b8e52c=\"9\" title=\"Explicaci\u00f3n de la Asociaci\u00f3n Brit\u00e1nica de Empresas de Mudanzas (BAR)\">BAR<\/a>)<\/li>\n<li> <a href=\"https:\/\/moverdb.com\/es\/consejo-de-reubicacion-de-empleados\/\" target=\"_blank\" rel=\"noopener\">ERC en todo el mundo<\/a><\/li>\n<li> Sociedad de Gesti\u00f3n de Recursos Humanos (SHRM)<\/li>\n<li> Asociaci\u00f3n Comercial de Clientes contra el Terrorismo (C-TPAT)<\/li>\n<li> <a href=\"https:\/\/moverdb.com\/es\/iata\/\" target=\"_blank\" rel=\"noopener\">IATA<\/a><\/li>\n<li> Better Business Bureau (BBB)<\/li>\n<li> ISO 9001-2008<\/li>\n<li> Brookfield Global Relocation Services<\/li>\n<li> <a href=\"https:\/\/moverdb.com\/es\/fidi-faim\/\" data-internallinksmanager029f6b8e52c=\"16\" title=\"Explicaci\u00f3n del FIDI y del FAIM (FIDI Accredited International Mover)\">FAIM<\/a> M\u00e1s<\/li>\n<li> Certified Office Mover - Instituto Internacional de Mudanzas de Oficina<\/li>\n<li> <a href=\"https:\/\/moverdb.com\/es\/rim-promover\/\" target=\"_blank\" rel=\"noopener\">ProMover<\/a><\/li>\n<li> Administraci\u00f3n de Servicios Generales (GSA)<\/li>\n<\/ul>\n<p><strong>Rese\u00f1as de Mudanzas Suddath<\/strong><\/p>\n<p><strong>Positivo:<\/strong><\/p>\n<ul>\n<li> <em>\"Me ayudaron en todos y cada uno de los pasos de mi proceso de mudanza\".<\/em> - Alan H v\u00eda <a href=\"http:\/\/www.yelp.com\/biz\/suddath-relocation-systems-jacksonville-3?hrid=aZPhVuYjTxAl3ImKZTmp1A&#038;utm_campaign=www_review_share_popup&#038;utm_medium=copy_link&#038;utm_source=(direct)\" target=\"_blank\" rel=\"noopener\">Yelp<\/a><\/li>\n<li> <em>\"Suddath hizo un trabajo excelente desde el principio hasta el final: desde el contacto hasta el estudio, pasando por la carga y la descarga, y cumplieron los plazos. Un agradecimiento especial para los 4 chicos y el conductor que hacen el trabajo pesado\".<\/em> - Wayne Ernest v\u00eda <a href=\"http:\/\/reviews.birdeye.com\/suddath-relocation-systems-388913888\" target=\"_blank\" rel=\"noopener\">Vista de p\u00e1jaro<\/a> <\/li>\n<\/ul>\n<p><strong>Negativo:<\/strong><\/p>\n<ul>\n<li> <em>\"Despu\u00e9s de varios correos electr\u00f3nicos, la buena gente de Suddath me ofreci\u00f3 $2.350 por mis $7.500 que faltaban\". <\/em>Aaron C v\u00eda <a href=\"http:\/\/www.yelp.com\/biz\/suddath-relocation-systems-jacksonville-3?hrid=NyswOKGKwwPmsuorvGtzew&#038;utm_campaign=www_review_share_popup&#038;utm_medium=copy_link&#038;utm_source=(direct)\" target=\"_blank\" rel=\"noopener\">Yelp<\/a> <\/li>\n<li> \"Me he mudado varias veces en los \u00faltimos 15 a\u00f1os y \u00e9sta ha sido la peor de todas. <a href=\"https:\/\/moverdb.com\/es\/moving-companies\/\" data-internallinksmanager029f6b8e52c=\"79\" title=\"Las 25 mejores empresas de mudanzas internacionales en l\u00ednea\">empresa de mudanzas<\/a> con el que he tratado\". - Peter Burgess v\u00eda <a href=\"http:\/\/www.mymovingreviews.com\/movers\/suddath-120#26803\" target=\"_blank\" rel=\"noopener\">MyMovingReviews.com<\/a><\/li>\n<\/ul>\n<div itemprop=\"review\" itemscope itemtype=\"http:\/\/schema.org\/Review\">\n<span itemprop=\"author\" itemscope=\"\" itemtype=\"http:\/\/schema.org\/Organization\"><span itemprop=\"name\">MoverDB.com<\/span><\/span> Revisi\u00f3n del sitio web en l\u00ednea para <span itemprop=\"itemreviewed\" itemscope=\"\" itemtype=\"http:\/\/schema.org\/Brand\"><span itemprop=\"name\">Suddath<\/span><\/span>:<\/p>\n<ol>\n<li> Datos de contacto claros en el sitio web (incluido el n\u00famero de tel\u00e9fono): <strong>S\u00ed<\/strong><\/li>\n<li> F\u00e1cil de conseguir <a href=\"https:\/\/moverdb.com\/es\/citas\/\">presupuestos de mudanzas internacionales<\/a>? (Formulario de solicitud de presupuesto en l\u00ednea): <strong>S\u00ed<\/strong><\/li>\n<li> Informaci\u00f3n clara en el sitio web: <strong>Parcialmente<\/strong>El sitio web contiene muchas p\u00e1ginas, pero la mayor parte de la informaci\u00f3n es bastante gen\u00e9rica.<\/li>\n<li> Pertenencia a organizaciones de mudanzas reconocidas internacionalmente: <strong>S\u00ed<\/strong>, muchos, ver arriba<\/li>\n<li> Lista de clientes y\/o testimonios de clientes anteriores: <strong>Algunos,<\/strong> tiene estudios de casos, pero no rese\u00f1as detalladas ni testimonios.<\/li>\n<\/ol>\n<div itemprop=\"reviewRating\" itemscope itemtype=\"http:\/\/schema.org\/Rating\"><meta itemprop=\"worstRating\" content = \"0\" \/><meta itemprop=\"bestRating\" content=\"5\" \/><meta itemprop=\"ratingValue\" content=\"4\"><\/div>\n<p><strong>Puntuaci\u00f3n global: 4\/5<\/strong><br \/>\n<strong>Fecha de revisi\u00f3n:<\/strong> <span itemprop=\"datePublished\" content=\"2016-08-21\">21\/08\/2016<\/span>\n<\/div>\n<p>M\u00e1s informaci\u00f3n <a href=\"https:\/\/moverdb.com\/es\/empresas-de-mudanzas\/\">mudanzas internacionales<\/a>, <a href=\"https:\/\/moverdb.com\/es\/us-canada-movers\/\">Mudanzas en Am\u00e9rica del Norte<\/a> y nuestro <a href=\"https:\/\/moverdb.com\/es\/resenas\/\">proceso de revisi\u00f3n<\/a>.<\/p>\n<p><strong>P\u00e1gina web:<\/strong> <a href=\"http:\/\/suddath.com\" target=\"_blank\" rel=\"noopener\">http:\/\/suddath.com<\/a><\/p>","protected":false},"excerpt":{"rendered":"<p>Suddath offers its clients full service moving and storage both internationally and locally. These are listed below, together with a company profile and reviews. International Moving and Storage Shipment of household goods Assigned move counsellor Pre-move kit Customs information and counselling Destination information Storage facilities Valuation or insurance counselling Corporate relocation policy and program management [&hellip;]<\/p>\n","protected":false},"author":1,"featured_media":0,"parent":0,"menu_order":0,"comment_status":"closed","ping_status":"closed","template":"","meta":{"_genesis_hide_title":false,"_genesis_hide_breadcrumbs":false,"_genesis_hide_singular_image":false,"_genesis_hide_footer_widgets":false,"_genesis_custom_body_class":"","_genesis_custom_post_class":"","_genesis_layout":"","footnotes":""},"class_list":{"0":"post-1060","1":"page","2":"type-page","3":"status-publish","5":"entry"},"_links":{"self":[{"href":"https:\/\/moverdb.com\/es\/wp-json\/wp\/v2\/pages\/1060","targetHints":{"allow":["GET"]}}],"collection":[{"href":"https:\/\/moverdb.com\/es\/wp-json\/wp\/v2\/pages"}],"about":[{"href":"https:\/\/moverdb.com\/es\/wp-json\/wp\/v2\/types\/page"}],"author":[{"embeddable":true,"href":"https:\/\/moverdb.com\/es\/wp-json\/wp\/v2\/users\/1"}],"replies":[{"embeddable":true,"href":"https:\/\/moverdb.com\/es\/wp-json\/wp\/v2\/comments?post=1060"}],"version-history":[{"count":6,"href":"https:\/\/moverdb.com\/es\/wp-json\/wp\/v2\/pages\/1060\/revisions"}],"predecessor-version":[{"id":6242,"href":"https:\/\/moverdb.com\/es\/wp-json\/wp\/v2\/pages\/1060\/revisions\/6242"}],"wp:attachment":[{"href":"https:\/\/moverdb.com\/es\/wp-json\/wp\/v2\/media?parent=1060"}],"curies":[{"name":"wp","href":"https:\/\/api.w.org\/{rel}","templated":true}]}}