{"id":1058,"date":"2016-07-25T21:05:23","date_gmt":"2016-07-25T21:05:23","guid":{"rendered":"http:\/\/moverdb.com\/?page_id=1058"},"modified":"2026-01-08T14:40:09","modified_gmt":"2026-01-08T14:40:09","slug":"mayflower-transit","status":"publish","type":"page","link":"https:\/\/moverdb.com\/es\/mayflower-transit\/","title":{"rendered":"Mayflower Transit: Servicios de Mudanzas Internacionales y Rese\u00f1as"},"content":{"rendered":"<p>Mayflower Transit ofrece a sus clientes una serie de servicios de mudanzas nacionales e internacionales, que se enumeran a continuaci\u00f3n. Tambi\u00e9n sigue un perfil de la empresa y opiniones.<\/p>\n<p><strong>Mudanzas internacionales<\/strong><\/p>\n<p>Servicios de preasignaci\u00f3n<\/p>\n<ul>\n<li> Servicios de visado e inmigraci\u00f3n<\/li>\n<li> Viaje previo y orientaci\u00f3n de la zona<\/li>\n<li> Informaci\u00f3n sobre el pa\u00eds y la cultura<\/li>\n<\/ul>\n<p>Servicios de mudanza<\/p>\n<ul>\n<li> Planificaci\u00f3n previa a la mudanza<\/li>\n<li> Transporte de pertenencias<\/li>\n<li> Gesti\u00f3n de la mudanza<\/li>\n<li> Seguimiento del env\u00edo<\/li>\n<\/ul>\n<p>Servicios de destino internacional<\/p>\n<ul>\n<li> Formaci\u00f3n cultural y ling\u00fc\u00edstica<\/li>\n<li> Asistencia escolar<\/li>\n<li> Apoyo de la pareja\/del c\u00f3nyuge<\/li>\n<li> Instalaci\u00f3n en el servicio<\/li>\n<li> Asistencia a la salida<\/li>\n<\/ul>\n<p>Servicios de protecci\u00f3n<\/p>\n<ul>\n<li> Multiplicador de peso<\/li>\n<li> Inventario de alto valor<\/li>\n<li> Inventario valorado pormenorizadamente<\/li>\n<\/ul>\n<p>Ayuda a la vivienda<\/p>\n<ul>\n<li> Servicios de b\u00fasqueda de vivienda<\/li>\n<li> Alojamiento temporal<\/li>\n<li> Gesti\u00f3n de la propiedad y del arrendamiento<\/li>\n<\/ul>\n<p><strong><a href=\"https:\/\/moverdb.com\/es\/moving-to-canada\/\" data-internallinksmanager029f6b8e52c=\"265\" title=\"\u00bfMudarse a Canad\u00e1? 2026 Coste de la vida y consejos para la reubicaci\u00f3n\">Mudarse a Canad\u00e1<\/a><\/strong><\/p>\n<ul>\n<li> Documentaci\u00f3n requerida y normativa<\/li>\n<li> Informaci\u00f3n sobre el env\u00edo de pertenencias<\/li>\n<li> Informaci\u00f3n sobre <a href=\"https:\/\/moverdb.com\/es\/transporte-embarque-de-coches\/\">veh\u00edculos de transporte<\/a><\/li>\n<\/ul>\n<p><strong>Tipos de movimientos<\/strong><\/p>\n<ul>\n<li> Mudanzas dom\u00e9sticas de corta y larga distancia<\/li>\n<li> Mudanzas locales<\/li>\n<li> Mudanzas de empresas<\/li>\n<li> Mudanzas militares y gubernamentales<\/li>\n<li> <a href=\"https:\/\/moverdb.com\/es\/empresas-de-mudanzas\/\" target=\"_blank\" rel=\"noopener\">Mudanzas internacionales<\/a><\/li>\n<\/ul>\n<p><strong>Servicios de mudanza<\/strong><\/p>\n<ul>\n<li> Embalaje y desembalaje<\/li>\n<li> Protecci\u00f3n en movimiento<\/li>\n<li> Transporte de autom\u00f3viles<\/li>\n<li> Almacenamiento<\/li>\n<li> Servicio de limpieza<\/li>\n<li> Recogida de residuos<\/li>\n<li> Instalaci\u00f3n de sistema de cine en casa y\/o ordenadores<\/li>\n<li> Servicio de jardiner\u00eda<\/li>\n<li> Servicios inmobiliarios<\/li>\n<\/ul>\n<h2>Perfil de la empresa Mayflower Transit<\/h2>\n<p>Mayflower Transit fue fundada en 1927 por Conrad M. Gentry y Don F. Kenworthy en Indian\u00e1polis. Los socios fundadores quer\u00edan dar a la gente una alternativa al traslado de sus pertenencias por ferrocarril. <\/p>\n<p>A finales de la Segunda Guerra Mundial, la empresa se hab\u00eda ampliado y ahora inclu\u00eda servicios como el traslado de empleados de la empresa y la instalaci\u00f3n de ferias comerciales. <\/p>\n<p>En 1995, Mayflower Transit se uni\u00f3 a UniGroup, que es una <strong>$1,7 mil millones<\/strong> empresa que ofrece servicios de mudanza, transporte y almacenamiento en todo el mundo. Mayflower Transit ofrece una amplia variedad de servicios que van desde la mudanza y el almacenamiento \"h\u00e1galo usted mismo\" hasta el servicio completo a medida. <\/p>\n<p><strong>Afiliaciones y acreditaciones de Mayflower Transit:<\/strong><\/p>\n<ul>\n<li> Garant\u00eda nacional de calidad <a href=\"https:\/\/moverdb.com\/es\/moving-to-the-united-states\/\" data-internallinksmanager029f6b8e52c=\"94\" title=\"\u00bfSe muda a Estados Unidos? 2026 Costes de vida y consejos de reubicaci\u00f3n\">EE.UU.<\/a> (NQA) ISO 9001:2008<\/li>\n<li> <a href=\"https:\/\/moverdb.com\/es\/amsa\/\">Asociaci\u00f3n Americana de Mudanzas y Almacenamiento<\/a> (<a href=\"https:\/\/moverdb.com\/es\/amsa\/\" data-internallinksmanager029f6b8e52c=\"5\" title=\"Explicaci\u00f3n de la Asociaci\u00f3n Americana de Mudanzas y Almacenamiento (AMSA)\">AMSA<\/a>) - <a href=\"https:\/\/moverdb.com\/es\/rim-promover\/\">ProMover<\/a><\/li>\n<\/ul>\n<h2>Rese\u00f1as de Mayflower Transit<\/h2>\n<p><strong>Positivo:<\/strong><\/p>\n<ul>\n<li> \"<em>\u00a1\u00a1\u00a1Se presentaron a tiempo, llegaron a nuestra nueva direcci\u00f3n a tiempo, y el precio final que pagamos fue EXACTAMENTE lo que nos cotizaron desde el principio !!! \"<\/em> - Paul I a trav\u00e9s de <a href=\"http:\/\/www.mymovingreviews.com\/movers\/mayflower-movers-181#38117\" target=\"_blank\" rel=\"noopener\">MyMovingReviews.com<\/a> <\/li>\n<li> \"<em>Hicieron un trabajo excelente para nosotros, montando las camas, volviendo a montar los muebles que tuvieron que desmontar para el embalaje. Mi mujer y yo quedamos muy contentos con la mudanza\".<\/em> - Jon v\u00eda <a href=\"https:\/\/www.consumeraffairs.com\/movers\/mayflower.html?page=3\" target=\"_blank\" rel=\"noopener\">Asuntos de los consumidores<\/a> <\/li>\n<\/ul>\n<p><strong>Negativo:<\/strong><\/p>\n<ul>\n<li> \"<em>Si pudiera dar 0 estrellas, lo har\u00eda absolutamente\".<\/em> - Bill M. v\u00eda <a href=\"http:\/\/www.mymovingreviews.com\/movers\/mayflower-movers-181#41675\" target=\"_blank\" rel=\"noopener\">MyMovingReviews.com<\/a><\/li>\n<li> \"<em>Ojal\u00e1 hubi\u00e9ramos le\u00eddo los comentarios antes de nuestra mudanza. La experiencia fue terrible de principio a fin\" <\/em> - Alison v\u00eda <a href=\"https:\/\/www.consumeraffairs.com\/movers\/mayflower.html?page=3\" target=\"_blank\" rel=\"noopener\">Asuntos de los consumidores<\/a><\/li>\n<\/ul>\n<div itemprop=\"review\" itemscope itemtype=\"http:\/\/schema.org\/Review\">\n<span itemprop=\"author\" itemscope=\"\" itemtype=\"http:\/\/schema.org\/Organization\"><span itemprop=\"name\">MoverDB.com<\/span><\/span> Revisi\u00f3n del sitio web en l\u00ednea para <span itemprop=\"itemreviewed\" itemscope=\"\" itemtype=\"http:\/\/schema.org\/Brand\"><span itemprop=\"name\">Tr\u00e1nsito Mayflower<\/span><\/span>:<\/p>\n<ol>\n<li> Datos de contacto claros en el sitio web (incluido el n\u00famero de tel\u00e9fono): <strong>S\u00ed<\/strong><\/li>\n<li> F\u00e1cil de conseguir <a href=\"https:\/\/moverdb.com\/es\/citas\/\">presupuestos de mudanzas internacionales<\/a>? (Formulario de solicitud de presupuesto en l\u00ednea): <strong>S\u00ed<\/strong><\/li>\n<li> Informaci\u00f3n clara en el sitio web: <strong>S\u00ed.<\/strong> El sitio web contiene mucha informaci\u00f3n y se puede obtener m\u00e1s al solicitar un presupuesto.<\/li>\n<li> Pertenencia a organizaciones de mudanzas reconocidas internacionalmente: <strong>S\u00ed<\/strong>, v\u00e9ase m\u00e1s arriba.<\/li>\n<li> Lista de clientes y\/o testimonios de clientes anteriores: <strong>S\u00ed<\/strong>En la p\u00e1gina web hay muchos comentarios positivos de los clientes.<\/li>\n<\/ol>\n<div itemprop=\"reviewRating\" itemscope itemtype=\"http:\/\/schema.org\/Rating\"><meta itemprop=\"worstRating\" content = \"0\" \/><meta itemprop=\"bestRating\" content=\"5\" \/><meta itemprop=\"ratingValue\" content=\"4.5\"><\/div>\n<p><strong>Puntuaci\u00f3n global: 4,5\/5<\/strong><br \/>\n<strong>Fecha de revisi\u00f3n:<\/strong> <span itemprop=\"datePublished\" content=\"2016-07-25\">25\/07\/2016<\/span>\n<\/div>\n<p>M\u00e1s informaci\u00f3n <a href=\"https:\/\/moverdb.com\/es\/empresas-de-mudanzas\/\">empresas de mudanzas internacionales<\/a>, <a href=\"https:\/\/moverdb.com\/es\/us-canada-movers\/\">Mudanzas nacionales de Estados Unidos<\/a> y conozca m\u00e1s sobre nuestro <a href=\"https:\/\/moverdb.com\/es\/resenas\/\">proceso de revisi\u00f3n<\/a>.<\/p>\n<p><strong>P\u00e1gina web:<\/strong> <a href=\"http:\/\/www.mayflower.com\/\" target=\"_blank\" rel=\"noopener\">http:\/\/www.mayflower.com<\/a><\/p>","protected":false},"excerpt":{"rendered":"<p>Mayflower Transit offers its customers a range of domestic and international moving services, which are listed below. There also follows a company profile and reviews. International Movers Pre-assignment Services Visa and immigration services Preview trip and area orientation Country and culture information Moving Services Pre-move planning Transportation of belongings Managing the move Shipment tracking International [&hellip;]<\/p>\n","protected":false},"author":1,"featured_media":0,"parent":0,"menu_order":0,"comment_status":"closed","ping_status":"closed","template":"","meta":{"_genesis_hide_title":false,"_genesis_hide_breadcrumbs":false,"_genesis_hide_singular_image":false,"_genesis_hide_footer_widgets":false,"_genesis_custom_body_class":"","_genesis_custom_post_class":"","_genesis_layout":"","footnotes":""},"class_list":{"0":"post-1058","1":"page","2":"type-page","3":"status-publish","5":"entry"},"_links":{"self":[{"href":"https:\/\/moverdb.com\/es\/wp-json\/wp\/v2\/pages\/1058","targetHints":{"allow":["GET"]}}],"collection":[{"href":"https:\/\/moverdb.com\/es\/wp-json\/wp\/v2\/pages"}],"about":[{"href":"https:\/\/moverdb.com\/es\/wp-json\/wp\/v2\/types\/page"}],"author":[{"embeddable":true,"href":"https:\/\/moverdb.com\/es\/wp-json\/wp\/v2\/users\/1"}],"replies":[{"embeddable":true,"href":"https:\/\/moverdb.com\/es\/wp-json\/wp\/v2\/comments?post=1058"}],"version-history":[{"count":7,"href":"https:\/\/moverdb.com\/es\/wp-json\/wp\/v2\/pages\/1058\/revisions"}],"predecessor-version":[{"id":13174,"href":"https:\/\/moverdb.com\/es\/wp-json\/wp\/v2\/pages\/1058\/revisions\/13174"}],"wp:attachment":[{"href":"https:\/\/moverdb.com\/es\/wp-json\/wp\/v2\/media?parent=1058"}],"curies":[{"name":"wp","href":"https:\/\/api.w.org\/{rel}","templated":true}]}}