{"id":1057,"date":"2016-08-21T14:07:37","date_gmt":"2016-08-21T14:07:37","guid":{"rendered":"http:\/\/moverdb.com\/?page_id=1057"},"modified":"2026-01-08T15:20:46","modified_gmt":"2026-01-08T15:20:46","slug":"stevens-worldwide-van-lines","status":"publish","type":"page","link":"https:\/\/moverdb.com\/es\/stevens-worldwide-van-lines\/","title":{"rendered":"Stevens Worldwide Van Lines: Rese\u00f1as sobre mudanzas internacionales"},"content":{"rendered":"<p>Stevens Worldwide Van Lines tiene su sede en Saginaw MI. La empresa ofrece a sus clientes una amplia gama de servicios que se enumeran a continuaci\u00f3n. Tambi\u00e9n sigue un perfil de la empresa y comentarios.<\/p>\n<p><strong>Mudanzas internacionales<\/strong><\/p>\n<ul>\n<li> Mudanza personal del hogar<\/li>\n<li> Mudanza internacional del Departamento de Defensa<\/li>\n<li> Mudanzas internacionales GSA<\/li>\n<li> Mudanza corporativa<\/li>\n<li> <a href=\"https:\/\/moverdb.com\/es\/transitario\/\">Transporte de mercanc\u00edas<\/a><\/li>\n<li> Servicio completo puerta a puerta<\/li>\n<li> Stevens Especialistas en reubicaci\u00f3n internacional para cada pa\u00eds.<\/li>\n<li> Ayudar a determinar las necesidades del cliente<\/li>\n<li> Explicar todos los servicios de mudanza y traslado internacional disponibles, como el embalaje, la mudanza, el reenv\u00edo, <a href=\"https:\/\/moverdb.com\/es\/transporte-de-contenedores\/\">env\u00edo<\/a>, almacenamiento y seguro<\/li>\n<li> Describir las obligaciones de Stevens International y las responsabilidades del cliente antes, durante y despu\u00e9s de un traslado<\/li>\n<li> Proporcionar un <a href=\"https:\/\/moverdb.com\/es\/citas\/\">estimaci\u00f3n precisa<\/a><\/li>\n<li> Planificar toda la log\u00edstica de la mudanza<\/li>\n<li> Negociar el <a href=\"https:\/\/moverdb.com\/es\/gastos-de-mudanza\/\">las mejores tarifas<\/a><\/li>\n<li> Supervisar a los transportistas y agentes utilizados, y controlar cada fase del traslado<\/li>\n<li> Aseg\u00farese de que toda la documentaci\u00f3n se cumplimenta y se presenta con exactitud y a tiempo<\/li>\n<li> Seguir siendo responsable del mantenimiento del env\u00edo de acuerdo con las instrucciones del asesor de env\u00edos o del agente en el extranjero<\/li>\n<li> Enviar el material, la mano de obra y el equipo adecuados<\/li>\n<\/ul>\n<p><strong>Coordinadores de traslados internacionales Stevens<\/strong><\/p>\n<ul>\n<li> Tienen experiencia en el transporte internacional y en el sector de las mudanzas<\/li>\n<li> Tener capacidad multiling\u00fce<\/li>\n<li> Est\u00e1n familiarizados con la normativa aduanera y otra informaci\u00f3n importante y pueden ayudar en la gesti\u00f3n y tramitaci\u00f3n de los documentos<\/li>\n<li> Proporcionar un control de servicio \u00fanico<\/li>\n<li> Proporcionar asesoramiento previo a la mudanza y continuo<\/li>\n<li> Puede ayudar con la informaci\u00f3n sobre el pa\u00eds de destino y las aduanas<\/li>\n<li> Proporcionar una comunicaci\u00f3n continua y un seguimiento del servicio<\/li>\n<li> Seguir procedimientos de preparaci\u00f3n y manipulaci\u00f3n claramente definidos<\/li>\n<li> Utilizar pr\u00e1cticas de liquidaci\u00f3n de siniestros completas, r\u00e1pidas y justas<\/li>\n<\/ul>\n<p><strong>Mudanzas dom\u00e9sticas<\/strong><\/p>\n<ul>\n<li> Mudanza local<\/li>\n<li> Mudanza fuera del estado<\/li>\n<li> Mudanzas de larga distancia<\/li>\n<li> Mudanzas interestatales<\/li>\n<li> Mudanza a campo traviesa<\/li>\n<li> Programa de peque\u00f1as mudanzas<\/li>\n<li> Embalaje y desembalaje<\/li>\n<li> Cajas y materiales de embalaje suministrados<\/li>\n<li> Almacenamiento a corto y largo plazo disponible<\/li>\n<\/ul>\n<p><strong>Mudanzas corporativas<\/strong><\/p>\n<ul>\n<li> Servicio completo disponible<\/li>\n<li> Consultor de reubicaci\u00f3n dedicado<\/li>\n<li> Traslado de sistemas inform\u00e1ticos<\/li>\n<li> Gesti\u00f3n de proyectos<\/li>\n<li> Mudanzas de oficinas e industriales<\/li>\n<li> Gesti\u00f3n de activos\/almacenamiento<\/li>\n<li> Gesti\u00f3n de mudanzas nacionales<\/li>\n<li> Servicios MAC<\/li>\n<li> Gesti\u00f3n de registros<\/li>\n<li> Movimientos de equipos<\/li>\n<li> Reubicaci\u00f3n de archivos<\/li>\n<li> Movimientos de laboratorio<\/li>\n<\/ul>\n<p><strong>Mudanzas gubernamentales y militares<\/strong><\/p>\n<p><strong>Mudanza del clero<\/strong><\/p>\n<h2>Perfil de la empresa Stevens Worldwide Van Lines<\/h2>\n<p>Frederick H. Stevens Jr. fund\u00f3 Stevens Worldwide Van Lines en 1905. Utilizaba un caballo y una carreta para trasladar el equipaje de los <a href=\"https:\/\/moverdb.com\/es\/moving-to-the-united-states\/moving-to-michigan\/\" data-internallinksmanager029f6b8e52c=\"414\" title=\"\u00bfMudarse a Michigan? 2026 Coste de la vida y consejos para la reubicaci\u00f3n\">Michigan<\/a> Central de Pasajeros de Saginaw. En la actualidad, Stevens cuenta con 125 agentes repartidos por todo el <a href=\"https:\/\/moverdb.com\/es\/moving-to-the-united-states\/\" data-internallinksmanager029f6b8e52c=\"94\" title=\"\u00bfSe muda a Estados Unidos? 2026 Costes de vida y consejos de reubicaci\u00f3n\">Estados Unidos<\/a> y una amplia divisi\u00f3n internacional. La empresa cuenta con la cuarta y quinta generaci\u00f3n de Stevens que ocupan cargos ejecutivos en ella.<\/p>\n<p>Stevens Worldwide Van Lines traslada hogares, empresas, personal gubernamental y militar y cl\u00e9rigos dentro de los Estados Unidos y en todo el mundo. La empresa ha puesto en marcha muchas iniciativas ecol\u00f3gicas para reducir su huella de carbono. Tambi\u00e9n apoya a varias organizaciones ben\u00e9ficas, tanto a nivel internacional como local.<\/p>\n<p>Stevens Worldwide Van Lines cuenta con las siguientes acreditaciones y afiliaciones:<\/p>\n<ul>\n<li> ISO 9001<\/li>\n<li> <a href=\"https:\/\/moverdb.com\/es\/fidi-faim\/\">FIDI<\/a><\/li>\n<li> <a href=\"https:\/\/moverdb.com\/es\/fidi-faim\/\" data-internallinksmanager029f6b8e52c=\"16\" title=\"Explicaci\u00f3n del FIDI y del FAIM (FIDI Accredited International Mover)\">FAIM<\/a><\/li>\n<li> <a href=\"https:\/\/moverdb.com\/es\/soy\/\">Asociaci\u00f3n Internacional de Empresas de Mudanzas<\/a> (<a href=\"https:\/\/moverdb.com\/es\/iam\/\" data-internallinksmanager029f6b8e52c=\"23\" title=\"Explicaci\u00f3n de la Asociaci\u00f3n Internacional de Empresas de Mudanzas (IAM)\">IAM<\/a>)<\/li>\n<li> <a href=\"https:\/\/moverdb.com\/es\/lacma\/\">Asociaci\u00f3n de empresas de mudanzas internacionales de Am\u00e9rica Latina y el Caribe<\/a> (<a href=\"https:\/\/moverdb.com\/es\/lacma\/\" data-internallinksmanager029f6b8e52c=\"28\" title=\"Asociaci\u00f3n de empresas de mudanzas internacionales de Am\u00e9rica Latina y el Caribe (LACMA)\">LACMA<\/a>)<\/li>\n<li> <a href=\"https:\/\/moverdb.com\/es\/amsa\/\">Asociaci\u00f3n Americana de Mudanzas y Almacenamiento<\/a> (<a href=\"https:\/\/moverdb.com\/es\/amsa\/\" data-internallinksmanager029f6b8e52c=\"5\" title=\"Explicaci\u00f3n de la Asociaci\u00f3n Americana de Mudanzas y Almacenamiento (AMSA)\">AMSA<\/a>) - <a href=\"https:\/\/moverdb.com\/es\/rim-promover\/\">ProMover<\/a><\/li>\n<li> BBB A+<\/li>\n<\/ul>\n<h2>Opiniones de Stevens Worldwide Van Lines<\/h2>\n<p><strong>Positivo:<\/strong><\/p>\n<ul>\n<li> <em>\"\u00a1De principio a fin, nuestra experiencia de mudanza con Stevens fue excepcional!\"<\/em> - Martin v\u00eda <a href=\"http:\/\/stevensworldwide.com\/testimonials\" target=\"_blank\" rel=\"noopener\">Testimonios de clientes de Stevens<\/a><\/li>\n<li> \"<em>Nuestra experiencia con Stevens Worldwide fue de primera clase de principio a fin\". <\/em> - Michael v\u00eda <a href=\"http:\/\/www.yelp.com\/biz\/stevens-worldwide-van-lines-saginaw-4?hrid=IQoARxOFSez8PQ9c5gUSmQ&#038;utm_campaign=www_review_share_popup&#038;utm_medium=copy_link&#038;utm_source=(direct)\" target=\"_blank\" rel=\"noopener\">Yelp<\/a><\/li>\n<li> \"<em>La experiencia super\u00f3 las expectativas. Muy importante, el presupuesto de venta se ajustaba al precio real. En segundo lugar, est\u00e1bamos desbordados con el embalaje. La empresa de mudanzas nos pidi\u00f3 que les cont\u00e1ramos nuestras necesidades el d\u00eda anterior y nos proporcionaron la mano de obra para que todo estuviera hecho. \"<\/em> - Bill Counts v\u00eda <a href=\"http:\/\/www.mymovingreviews.com\/movers\/stevens-van-lines-825#49902\" target=\"_blank\" rel=\"noopener\">MyMovingReviews.com<\/a><\/li>\n<li> \"<em>Personal muy amable\".<\/em> - Un usuario de Google a trav\u00e9s de <a href=\"http:\/\/reviews.birdeye.com\/stevens-worldwide-van-lines-951509696\" target=\"_blank\" rel=\"noopener\">Vista de p\u00e1jaro<\/a> <\/li>\n<\/ul>\n<p><strong>Negativo:<\/strong><\/p>\n<ul>\n<li> <em>\"Una estrella es incluso demasiado para ellos\".<\/em> - Michael M v\u00eda <a href=\"http:\/\/www.yelp.com\/biz\/stevens-worldwide-van-lines-saginaw-4?hrid=7erY_4bReACOHR_0idQdUQ&#038;utm_campaign=www_review_share_popup&#038;utm_medium=copy_link&#038;utm_source=(direct)\" target=\"_blank\" rel=\"noopener\">Yelp<\/a><\/li>\n<li> <em>\"El conductor aficionado con 3 ayudantes in\u00fatiles tard\u00f3 14 horas en cargar una casa de 2 dormitorios con s\u00f3tano\".<\/em> - Steve a trav\u00e9s de <a href=\"http:\/\/www.mymovingreviews.com\/movers\/stevens-van-lines-825#55538\" target=\"_blank\" rel=\"noopener\">MyMovingReviews.com<\/a> <\/li>\n<li> \"<em>No podr\u00edamos haber tenido una experiencia m\u00e1s desagradable\".<\/em> - Brian Gibson v\u00eda <a href=\"http:\/\/reviews.birdeye.com\/stevens-worldwide-van-lines-951509696\" target=\"_blank\" rel=\"noopener\">Vista de p\u00e1jaro<\/a> <\/li>\n<\/ul>\n<div itemprop=\"review\" itemscope itemtype=\"http:\/\/schema.org\/Review\">\n<span itemprop=\"author\" itemscope=\"\" itemtype=\"http:\/\/schema.org\/Organization\"><span itemprop=\"name\">MoverDB.com<\/span><\/span> Revisi\u00f3n del sitio web en l\u00ednea para <span itemprop=\"itemreviewed\" itemscope=\"\" itemtype=\"http:\/\/schema.org\/Brand\"><span itemprop=\"name\">Stevens Worldwide Van Lines<\/span><\/span>:<\/p>\n<ol>\n<li> Datos de contacto claros en el sitio web (incluido el n\u00famero de tel\u00e9fono): <strong>S\u00ed<\/strong><\/li>\n<li> F\u00e1cil de conseguir <a href=\"https:\/\/moverdb.com\/es\/citas\/\">presupuestos de mudanzas internacionales<\/a>? (Formulario de solicitud de presupuesto en l\u00ednea): <strong>S\u00ed<\/strong><\/li>\n<li> Informaci\u00f3n clara en el sitio web: <strong>S\u00ed,<\/strong> una buena cantidad de informaci\u00f3n sobre qu\u00e9 hacer antes de la mudanza.<\/li>\n<li> Pertenencia a organizaciones de mudanzas reconocidas internacionalmente: <strong>S\u00ed<\/strong>, muchos ven arriba<\/li>\n<li> Lista de clientes y\/o testimonios de clientes anteriores. <strong>S\u00ed,<\/strong> Hay muchas opiniones y testimonios positivos de clientes en el sitio.<\/li>\n<\/ol>\n<div itemprop=\"reviewRating\" itemscope itemtype=\"http:\/\/schema.org\/Rating\"><meta itemprop=\"worstRating\" content = \"0\" \/><meta itemprop=\"bestRating\" content=\"5\" \/><meta itemprop=\"ratingValue\" content=\"4.5\"><\/div>\n<p><strong>Puntuaci\u00f3n global: 4,5\/5<\/strong><br \/>\n<strong>Fecha de revisi\u00f3n:<\/strong> <span itemprop=\"datePublished\" content=\"2016-08-21\">21\/08\/2016<\/span>\n<\/div>\n<p>M\u00e1s informaci\u00f3n <a href=\"https:\/\/moverdb.com\/es\/empresas-de-mudanzas\/\">empresas de mudanzas internacionales<\/a>, <a href=\"https:\/\/moverdb.com\/es\/us-canada-movers\/\">Empresas de mudanzas en Estados Unidos<\/a> y nuestro <a href=\"https:\/\/moverdb.com\/es\/resenas\/\">proceso de revisi\u00f3n explicado<\/a>.<\/p>\n<p><strong>P\u00e1gina web:<\/strong> <a href=\"http:\/\/stevensworldwide.com\/\" target=\"_blank\" rel=\"noopener\">http:\/\/stevensworldwide.com<\/a><\/p>","protected":false},"excerpt":{"rendered":"<p>Stevens Worldwide Van Lines is based in Saginaw MI. The company offers its customers a wide range of services which are listed below. There also follows a company profile and reviews. International Moving Personal household moving DOD international moving GSA international moving Corporate moving Freight forwarding Full door to door service Stevens International relocation specialists [&hellip;]<\/p>\n","protected":false},"author":1,"featured_media":0,"parent":0,"menu_order":0,"comment_status":"closed","ping_status":"closed","template":"","meta":{"_genesis_hide_title":false,"_genesis_hide_breadcrumbs":false,"_genesis_hide_singular_image":false,"_genesis_hide_footer_widgets":false,"_genesis_custom_body_class":"","_genesis_custom_post_class":"","_genesis_layout":"","footnotes":""},"class_list":{"0":"post-1057","1":"page","2":"type-page","3":"status-publish","5":"entry"},"_links":{"self":[{"href":"https:\/\/moverdb.com\/es\/wp-json\/wp\/v2\/pages\/1057","targetHints":{"allow":["GET"]}}],"collection":[{"href":"https:\/\/moverdb.com\/es\/wp-json\/wp\/v2\/pages"}],"about":[{"href":"https:\/\/moverdb.com\/es\/wp-json\/wp\/v2\/types\/page"}],"author":[{"embeddable":true,"href":"https:\/\/moverdb.com\/es\/wp-json\/wp\/v2\/users\/1"}],"replies":[{"embeddable":true,"href":"https:\/\/moverdb.com\/es\/wp-json\/wp\/v2\/comments?post=1057"}],"version-history":[{"count":7,"href":"https:\/\/moverdb.com\/es\/wp-json\/wp\/v2\/pages\/1057\/revisions"}],"predecessor-version":[{"id":6241,"href":"https:\/\/moverdb.com\/es\/wp-json\/wp\/v2\/pages\/1057\/revisions\/6241"}],"wp:attachment":[{"href":"https:\/\/moverdb.com\/es\/wp-json\/wp\/v2\/media?parent=1057"}],"curies":[{"name":"wp","href":"https:\/\/api.w.org\/{rel}","templated":true}]}}