{"id":1042,"date":"2016-10-24T05:23:18","date_gmt":"2016-10-24T05:23:18","guid":{"rendered":"http:\/\/moverdb.com\/?page_id=1042"},"modified":"2026-01-08T14:48:06","modified_gmt":"2026-01-08T14:48:06","slug":"covan-mundo","status":"publish","type":"page","link":"https:\/\/moverdb.com\/es\/covan-world-wide\/","title":{"rendered":"Covan Worldwide Moving: Rese\u00f1as de Mudanzas Internacionales"},"content":{"rendered":"<p>Covan Worldwide Moving ofrece a sus clientes una amplia gama de servicios. Estos se enumeran a continuaci\u00f3n, junto con un perfil de la empresa y rese\u00f1as.<\/p>\n<p><strong>Mudanzas internacionales<\/strong><\/p>\n<ul>\n<li> Presupuesto gratuito a domicilio<\/li>\n<li> Servicio completo de embalaje o embalaje s\u00f3lo para productos fr\u00e1giles<\/li>\n<li> Embalaje a medida<\/li>\n<li> <a href=\"https:\/\/moverdb.com\/es\/transporte-embarque-de-coches\/\">Env\u00edo de veh\u00edculos<\/a> (en el marco de una mudanza y\/o de forma independiente)<\/li>\n<li> Env\u00edo de pianos (como parte de una mudanza dom\u00e9stica y\/o de forma independiente)<\/li>\n<li> Envoltura de muebles gratuita; protecci\u00f3n de puertas y suelos<\/li>\n<li> Transporte a\u00e9reo de mercanc\u00edas<\/li>\n<li> Despacho de aduanas<\/li>\n<li> Servicios en destino (desmontaje\/remontaje, etc.)<\/li>\n<li> Seguimiento de env\u00edos en l\u00ednea<\/li>\n<li> Opciones de seguro de valoraci\u00f3n<\/li>\n<li> Servicios de almacenamiento a largo o corto plazo<\/li>\n<\/ul>\n<p><strong>Traslado de empresas<\/strong><\/p>\n<ul>\n<li> Presupuestos gratuitos a domicilio<\/li>\n<li> Encuesta previa a la mudanza<\/li>\n<li> Contacto con una sola fuente<\/li>\n<li> Servicio completo de embalaje o embalaje parcial<\/li>\n<li> Embalaje a medida<\/li>\n<li> Desembalaje\/descubrimiento<\/li>\n<li> Servicios de desmontaje\/remontaje de electrodom\u00e9sticos - relojes de pie, aparatos de gimnasia, etc.<\/li>\n<li> Mudanza de pianos (Nota: Tambi\u00e9n se puede realizar independientemente de una mudanza dom\u00e9stica)<\/li>\n<li> Mudanza de veh\u00edculos (Nota: Tambi\u00e9n se puede realizar independientemente de una mudanza dom\u00e9stica)<\/li>\n<li> Opciones de almacenamiento a largo o corto plazo<\/li>\n<li> Seguimiento de env\u00edos en l\u00ednea<\/li>\n<li> Gesti\u00f3n de traslados<\/li>\n<li> Opciones de seguro de valoraci\u00f3n<\/li>\n<li> Ayuda para el despacho de aduanas en las mudanzas al extranjero<\/li>\n<li> Servicios en destino<\/li>\n<\/ul>\n<p><strong>Gobierno y militares<\/strong><\/p>\n<ul>\n<li> Presupuesto gratuito a domicilio<\/li>\n<li> Servicio completo de embalaje<\/li>\n<li> Venta de materiales de embalaje<\/li>\n<li> <a href=\"https:\/\/moverdb.com\/es\/car-transport-shipping\/\" data-internallinksmanager029f6b8e52c=\"2\" title=\"2026 Cotizaciones de transporte internacional de coches y env\u00edo de veh\u00edculos\">Env\u00edo de veh\u00edculos<\/a><\/li>\n<li> Env\u00edo de pianos<\/li>\n<li> Servicios de almacenamiento a largo o corto plazo<\/li>\n<li> Servicios a terceros (realizamos todo tipo de montaje\/desmontaje - lavavajillas, frigor\u00edfico, luces, televisores, equipos de m\u00fasica, cuadros, camas, armarios, etc.)<\/li>\n<li> Seguimiento de env\u00edos en l\u00ednea para mudanzas de larga distancia<\/li>\n<li> Opciones de seguro de valoraci\u00f3n<\/li>\n<\/ul>\n<p><strong>Mudanzas comerciales<\/strong><\/p>\n<ul>\n<li> Mudanzas industriales<\/li>\n<li> Mudanza de oficinas<\/li>\n<li> El gobierno se mueve<\/li>\n<li> Mudanza de ordenadores\/electr\u00f3nica<\/li>\n<li> Traslado de empresas - servicio completo<\/li>\n<\/ul>\n<p><strong>Mudanzas nacionales<\/strong><\/p>\n<ul>\n<li> Presupuesto y plan de pre-mudanza<\/li>\n<li> Embalaje - servicio completo, art\u00edculos fr\u00e1giles o auto-embalaje<\/li>\n<li> Descarga, desembalaje y ordenaci\u00f3n de los enseres<\/li>\n<li> Mueve cualquier objeto: piano, coche, barco y mucho m\u00e1s<\/li>\n<\/ul>\n<h2>Perfil de la empresa Covan Worldwide Moving<\/h2>\n<p>Covan Worldwide Moving comenz\u00f3 en 1914 en Hutchinson, KS, bajo el nombre de Merchants Transfer and Storage. J.M. Coleman, el fundador de la empresa, empez\u00f3 con cuatro vagones y ocho caballos. Hoy cuenta con 50 oficinas y m\u00e1s de 400 agentes en todo el mundo. <\/p>\n<p>Covan cuenta con m\u00e1s de 200 unidades operativas interestatales y 600 para traslados locales. Su misi\u00f3n es ser el l\u00edder en servicios de transporte internacional y lograr la satisfacci\u00f3n del cliente 100%.<\/p>\n<p>Covan World-Wide Moving tiene las siguientes afiliaciones y acreditaciones:<\/p>\n<ul>\n<li> <a href=\"https:\/\/moverdb.com\/es\/amsa\/\">Asociaci\u00f3n Americana de Mudanzas y Almacenamiento<\/a> (<a href=\"https:\/\/moverdb.com\/es\/amsa\/\" data-internallinksmanager029f6b8e52c=\"5\" title=\"Explicaci\u00f3n de la Asociaci\u00f3n Americana de Mudanzas y Almacenamiento (AMSA)\">AMSA<\/a>)<\/li>\n<li> <a href=\"https:\/\/moverdb.com\/es\/rim-promover\/\">ProMover<\/a><\/li>\n<li> <a href=\"https:\/\/moverdb.com\/es\/soy\/\">Asociaci\u00f3n Internacional de Empresas de Mudanzas<\/a> (<a href=\"https:\/\/moverdb.com\/es\/iam\/\" data-internallinksmanager029f6b8e52c=\"23\" title=\"Explicaci\u00f3n de la Asociaci\u00f3n Internacional de Empresas de Mudanzas (IAM)\">IAM<\/a>)<\/li>\n<li> <a href=\"https:\/\/moverdb.com\/es\/rim-promover\/\">Empresa de mudanzas internacional registrada<\/a> (<a href=\"https:\/\/moverdb.com\/es\/rim-promover\/\" data-internallinksmanager029f6b8e52c=\"76\" title=\"Explicaci\u00f3n de la certificaci\u00f3n internacional ProMover de RIM\">RIM<\/a>)<\/li>\n<li> Acreditaci\u00f3n BBB<\/li>\n<\/ul>\n<p><strong>Opiniones de Covan Worldwide Moving<\/strong><\/p>\n<p><strong>Positivo:<\/strong><\/p>\n<ul>\n<li> <em>\"Hicimos que Covan empacara nuestros art\u00edculos en Norfolk VA para ser enviados a trav\u00e9s del mundo a Guam. Hab\u00eda escuchado historias de horror de tener empresas de mudanzas que empacan art\u00edculos y que los art\u00edculos llegan rotos y\/o perdidos. Todos nuestros art\u00edculos fueron contabilizados y en gran condici\u00f3n NADA estaba roto o deformado de ninguna manera!!!\"<\/em> - David S <a href=\"http:\/\/www.covan.com\/moving-reviews\/alabama-2519665061024629999\/\" target=\"_blank\" rel=\"noopener\">testimonio de un cliente<\/a><\/li>\n<li> <em>\"No puedo creer que reci\u00e9n ahora est\u00e9 haciendo esto, pero quer\u00eda compartir algunos comentarios positivos sobre el <a href=\"https:\/\/moverdb.com\/es\/moving-companies\/\" data-internallinksmanager029f6b8e52c=\"79\" title=\"Las 25 mejores empresas de mudanzas internacionales en l\u00ednea\">empresa de mudanzas<\/a> Covan Worldwide Moving. Fueron muy respetuosos e hicieron que el proceso de embalaje fuera fluido, \u00a1e incluso divertido!\"<\/em> - Emily S v\u00eda <a href=\"https:\/\/www.yelp.com\/biz\/covan-world-wide-moving-kapolei?hrid=ehsMVfnz3q1xKBP5KHJCxg&#038;utm_campaign=www_review_share_popup&#038;utm_medium=copy_link&#038;utm_source=(direct)\" target=\"_blank\" rel=\"noopener\">Yelp<\/a><\/li>\n<\/ul>\n<p><strong>Negativo:<\/strong><\/p>\n<ul>\n<li> <em>\"Si fuera posible no dar ninguna estrella lo har\u00eda. Nunca he dejado una mala cr\u00edtica para nadie porque no soy un quejica, pero esta es, con mucho, la peor mudanza de PCS que he experimentado. \u00bfPor d\u00f3nde empiezo?\"<\/em> - Lillian H. v\u00eda <a href=\"https:\/\/www.yelp.com\/biz\/covan-world-wide-moving-kapolei?hrid=rRlVAPr2uu0AYHtD7q-oBw&#038;utm_campaign=www_review_share_popup&#038;utm_medium=copy_link&#038;utm_source=(direct)\" target=\"_blank\" rel=\"noopener\">Yelp<\/a>.\n<\/ul>\n<div itemprop=\"review\" itemscope itemtype=\"http:\/\/schema.org\/Review\">\n<span itemprop=\"author\" itemscope=\"\" itemtype=\"http:\/\/schema.org\/Organization\"><span itemprop=\"name\">MoverDB.com<\/span><\/span> Revisi\u00f3n del sitio web en l\u00ednea para <span itemprop=\"itemreviewed\" itemscope=\"\" itemtype=\"http:\/\/schema.org\/Brand\"><span itemprop=\"name\">Covan Worldwide Moving<\/span><\/span>:<\/p>\n<ol>\n<li> Datos de contacto claros en el sitio web (incluido el n\u00famero de tel\u00e9fono): <strong>S\u00ed<\/strong><\/li>\n<li> F\u00e1cil de conseguir <a href=\"https:\/\/moverdb.com\/es\/citas\/\">presupuestos de mudanzas internacionales<\/a>? (Formulario de solicitud de presupuesto en l\u00ednea): <strong>S\u00ed<\/strong><\/li>\n<li> Informaci\u00f3n clara en el sitio web: <strong>S\u00ed<\/strong>El sitio web da a los clientes una buena idea de lo que pueden esperar de la empresa.<\/li>\n<li> Pertenencia a organizaciones de mudanzas reconocidas internacionalmente: <strong>S\u00ed<\/strong>, v\u00e9ase m\u00e1s arriba<\/li>\n<li> Lista de clientes y\/o testimonios de clientes anteriores: <strong>S\u00ed<\/strong>Hay muchos testimonios positivos de clientes en el sitio, pero las cr\u00edticas en el resto de la web parecen ser mayoritariamente negativas.<\/li>\n<\/ol>\n<div itemprop=\"reviewRating\" itemscope itemtype=\"http:\/\/schema.org\/Rating\"><meta itemprop=\"worstRating\" content = \"0\" \/><meta itemprop=\"bestRating\" content=\"5\" \/><meta itemprop=\"ratingValue\" content=\"4\"><\/div>\n<p><strong>Puntuaci\u00f3n global: 4\/5<\/strong><br \/>\n<strong>Fecha de revisi\u00f3n:<\/strong> <span itemprop=\"datePublished\" content=\"2016-10-24\">24\/10\/2016<\/span>\n<\/div>\n<p>M\u00e1s informaci\u00f3n <a href=\"https:\/\/moverdb.com\/es\/empresas-de-mudanzas\/\">empresas de mudanzas internacionales<\/a>, <a href=\"https:\/\/moverdb.com\/es\/us-canada-movers\/\">Mudanzas americanas<\/a> y nuestro <a href=\"https:\/\/moverdb.com\/es\/resenas\/\">proceso de revisi\u00f3n<\/a>.<\/p>\n<p><strong>P\u00e1gina web:<\/strong> <a href=\"http:\/\/www.covan.com\" target=\"_blank\" rel=\"noopener\">http:\/\/www.covan.com<\/a><\/p>","protected":false},"excerpt":{"rendered":"<p>Covan Worldwide Moving offers its clients a wide range of services. These are listed below, together with a company profile and reviews. International Movers Free In-Home Estimate Full-Service Packing OR Fragile-Only Packing Custom Crating Vehicle Shipping (as part of a household move and\/or independently of one) Piano Shipping (as part of a household move and\/or [&hellip;]<\/p>\n","protected":false},"author":1,"featured_media":0,"parent":0,"menu_order":0,"comment_status":"closed","ping_status":"closed","template":"","meta":{"_genesis_hide_title":false,"_genesis_hide_breadcrumbs":false,"_genesis_hide_singular_image":false,"_genesis_hide_footer_widgets":false,"_genesis_custom_body_class":"","_genesis_custom_post_class":"","_genesis_layout":"","footnotes":""},"class_list":{"0":"post-1042","1":"page","2":"type-page","3":"status-publish","5":"entry"},"_links":{"self":[{"href":"https:\/\/moverdb.com\/es\/wp-json\/wp\/v2\/pages\/1042","targetHints":{"allow":["GET"]}}],"collection":[{"href":"https:\/\/moverdb.com\/es\/wp-json\/wp\/v2\/pages"}],"about":[{"href":"https:\/\/moverdb.com\/es\/wp-json\/wp\/v2\/types\/page"}],"author":[{"embeddable":true,"href":"https:\/\/moverdb.com\/es\/wp-json\/wp\/v2\/users\/1"}],"replies":[{"embeddable":true,"href":"https:\/\/moverdb.com\/es\/wp-json\/wp\/v2\/comments?post=1042"}],"version-history":[{"count":5,"href":"https:\/\/moverdb.com\/es\/wp-json\/wp\/v2\/pages\/1042\/revisions"}],"predecessor-version":[{"id":6197,"href":"https:\/\/moverdb.com\/es\/wp-json\/wp\/v2\/pages\/1042\/revisions\/6197"}],"wp:attachment":[{"href":"https:\/\/moverdb.com\/es\/wp-json\/wp\/v2\/media?parent=1042"}],"curies":[{"name":"wp","href":"https:\/\/api.w.org\/{rel}","templated":true}]}}