{"id":1041,"date":"2016-10-25T05:39:31","date_gmt":"2016-10-25T05:39:31","guid":{"rendered":"http:\/\/moverdb.com\/?page_id=1041"},"modified":"2026-01-08T14:47:33","modified_gmt":"2026-01-08T14:47:33","slug":"armstrong-relocation","status":"publish","type":"page","link":"https:\/\/moverdb.com\/es\/armstrong-relocation\/","title":{"rendered":"Armstrong Relocation: Rese\u00f1as sobre mudanzas internacionales"},"content":{"rendered":"<p>Armstrong Relocation cuenta con una gran cantidad de servicios de mudanza que ofrece a sus clientes. Estos se enumeran a continuaci\u00f3n, junto con un perfil de la empresa y opiniones.<\/p>\n<p><strong>Servicios de mudanzas internacionales<\/strong><\/p>\n<ul>\n<li> Planificaci\u00f3n previa a la mudanza<\/li>\n<li> Gesti\u00f3n de mudanzas personales y planificaci\u00f3n de mudanzas a medida<\/li>\n<li> Paquete gratuito de preparaci\u00f3n de la mudanza<\/li>\n<li> Embalaje\/desembalaje total o parcial<\/li>\n<li> Empaquetado y embalaje especial<\/li>\n<li> Protecci\u00f3n de la propiedad<\/li>\n<li> Transporte a\u00e9reo, mar\u00edtimo y\/o terrestre<\/li>\n<li> Documentaci\u00f3n de exportaci\u00f3n o importaci\u00f3n<\/li>\n<li> <a href=\"https:\/\/moverdb.com\/es\/transitario\/\">Transporte de mercanc\u00edas<\/a><\/li>\n<li> Despacho de aduanas<\/li>\n<li> Servicios en destino<\/li>\n<li> Seguimiento de la mudanza en l\u00ednea<\/li>\n<li> Cobertura de la valoraci\u00f3n<\/li>\n<li> Gesti\u00f3n de siniestros<\/li>\n<li> Almacenamiento a corto y largo plazo<\/li>\n<li> Eliminaci\u00f3n de residuos<\/li>\n<\/ul>\n<p><strong>Servicios de destino internacional<\/strong><\/p>\n<ul>\n<li> Orientaci\u00f3n<\/li>\n<li> Consulta previa a la decisi\u00f3n<\/li>\n<li> Asistencia para la seguridad social y el permiso de conducir<\/li>\n<li> Asistencia a la firma del contrato de arrendamiento<\/li>\n<li> Asistencia en la inspecci\u00f3n de la mudanza<\/li>\n<li> Programa previo\/viaje de familiarizaci\u00f3n<\/li>\n<li> Ayuda a la compra de vivienda<\/li>\n<li> Servicio completo de b\u00fasqueda de viviendas<\/li>\n<li> Visitas guiadas de alquiler<\/li>\n<li> An\u00e1lisis del coste de la vida (COLA)<\/li>\n<li> Asistencia escolar<\/li>\n<li> Asistencia para la instalaci\u00f3n<\/li>\n<li> Servicios de salida<\/li>\n<\/ul>\n<p><strong>Mudanzas corporativas<\/strong><\/p>\n<ul>\n<li> Consultor\u00eda y desarrollo de pol\u00edticas<\/li>\n<li> Gesti\u00f3n de la mudanza de enseres dom\u00e9sticos<\/li>\n<li> Grupo en movimiento<\/li>\n<li> Suma global<\/li>\n<li> Movimiento de enseres dom\u00e9sticos<\/li>\n<li> <a href=\"https:\/\/moverdb.com\/es\/transporte-de-contenedores\/\">Servicio completo de env\u00edo de contenedores<\/a><\/li>\n<li> Informes personalizados<\/li>\n<li> Seguimiento de la mudanza en l\u00ednea<\/li>\n<li> Cobertura de la valoraci\u00f3n<\/li>\n<li> Gesti\u00f3n de siniestros<\/li>\n<li> Almacenamiento a corto y largo plazo<\/li>\n<li> Empaquetado y embalaje especial<\/li>\n<li> Servicios de conserjer\u00eda de nivel ejecutivo<\/li>\n<li> Declaracion, puesta en escena y organizacion<\/li>\n<li> Servicios de conexi\u00f3n a los servicios p\u00fablicos<\/li>\n<li> Selecci\u00f3n de agente inmobiliario y plan de comercializaci\u00f3n de la vivienda<\/li>\n<li> Reembolso en efectivo por la venta y la compra de una vivienda<\/li>\n<li> Paquete de informaci\u00f3n de destino gratuito<\/li>\n<li> Vida temporal<\/li>\n<li> Ayuda hipotecaria<\/li>\n<\/ul>\n<p><strong>Mudanzas residenciales<\/strong><\/p>\n<ul>\n<li> Presupuesto gratuito<\/li>\n<li> Gesti\u00f3n y planificaci\u00f3n de mudanzas<\/li>\n<li> Coordinador de mudanzas dedicado<\/li>\n<li> Embalaje\/desembalaje total o parcial<\/li>\n<li> Protecci\u00f3n de la propiedad<\/li>\n<li> Materiales de embalaje<\/li>\n<li> Movimiento de enseres dom\u00e9sticos<\/li>\n<li> Cobertura del seguro<\/li>\n<li> Almacenamiento a corto\/largo plazo<\/li>\n<li> Servicios de embalaje<\/li>\n<li> Opci\u00f3n de servicio completo de mudanza<\/li>\n<li> Servicio de conexi\u00f3n de servicios p\u00fablicos<\/li>\n<li> Planes de compraventa de viviendas con devoluci\u00f3n de dinero<\/li>\n<li> Puesta en escena y organizaci\u00f3n<\/li>\n<\/ul>\n<p><strong>Traslado de instalaciones<\/strong><\/p>\n<ul>\n<li> Oficina<\/li>\n<li> Industrial<\/li>\n<li> Sanidad<\/li>\n<li> Gobierno<\/li>\n<\/ul>\n<h2>Perfil de la empresa Armstrong Relocation<\/h2>\n<p>Armstrong Transfer and Storage se fund\u00f3 en 1922 y en 1957 fue comprada por los cu\u00f1ados Clyde Springer y Jim Watson, que iniciaron sus operaciones en Memphis, <a href=\"https:\/\/moverdb.com\/es\/moving-to-the-united-states\/moving-to-tennessee\/\" data-internallinksmanager029f6b8e52c=\"406\" title=\"\u00bfMudarse a Tennessee? 2026 Coste de la vida y consejos para la reubicaci\u00f3n\">Tennessee<\/a> y llamaron a la empresa Armstrong Relocation. Hoy en d\u00eda sigue siendo una empresa familiar dirigida por la tercera generaci\u00f3n de estos dos caballeros. <\/p>\n<p>Armstrong Relocation es hoy el mayor agente de mercanc\u00edas de <a href=\"https:\/\/moverdb.com\/es\/united-van-lines\/\">United Van Lines<\/a> y tiene 22 oficinas en el <a href=\"https:\/\/moverdb.com\/es\/moving-to-the-united-states\/\" data-internallinksmanager029f6b8e52c=\"94\" title=\"\u00bfSe muda a Estados Unidos? 2026 Costes de vida y consejos de reubicaci\u00f3n\">EE.UU.<\/a>, adem\u00e1s de una cadena de agentes en todo el mundo para atender a sus clientes internacionales. La misi\u00f3n de Armstrong Relocation incluye ofrecer excelencia en la calidad y lograr la satisfacci\u00f3n del cliente.<\/p>\n<p>Armstrong Relocation tiene las siguientes afiliaciones y acreditaciones:<\/p>\n<ul>\n<li> <a href=\"https:\/\/moverdb.com\/es\/british-association-of-removers\/\">Asociaci\u00f3n Brit\u00e1nica de Empresas de Mudanzas<\/a> (<a href=\"https:\/\/moverdb.com\/es\/british-association-of-removers\/\" data-internallinksmanager029f6b8e52c=\"9\" title=\"Explicaci\u00f3n de la Asociaci\u00f3n Brit\u00e1nica de Empresas de Mudanzas (BAR)\">BAR<\/a>)<\/li>\n<li> <a href=\"https:\/\/moverdb.com\/es\/fidi-faim\/\">Federaci\u00f3n de Empresas de Mudanzas Internacionales<\/a> (<a href=\"https:\/\/moverdb.com\/es\/fidi-faim\/\" data-internallinksmanager029f6b8e52c=\"16\" title=\"Explicaci\u00f3n del FIDI y del FAIM (FIDI Accredited International Mover)\">FIDI<\/a>)<\/li>\n<li> Foro de Gesti\u00f3n de Expatriados<\/li>\n<li> Transporte a\u00e9reo indirecto<\/li>\n<li> <a href=\"https:\/\/moverdb.com\/es\/iata\/\">Asociaci\u00f3n Internacional de Transporte A\u00e9reo<\/a> (<a href=\"https:\/\/moverdb.com\/es\/iata\/\" data-internallinksmanager029f6b8e52c=\"22\" title=\"Explicaci\u00f3n de la Asociaci\u00f3n Internacional de Transporte A\u00e9reo (IATA)\">IATA<\/a>)<\/li>\n<li> <a href=\"https:\/\/moverdb.com\/es\/soy\/\">Asociaci\u00f3n Internacional de Empresas de Mudanzas<\/a> (<a href=\"https:\/\/moverdb.com\/es\/iam\/\" data-internallinksmanager029f6b8e52c=\"23\" title=\"Explicaci\u00f3n de la Asociaci\u00f3n Internacional de Empresas de Mudanzas (IAM)\">IAM<\/a>)<\/li>\n<li> Asociaci\u00f3n Internacional de Facility Management<\/li>\n<li> Organizaci\u00f3n Internacional de Normalizaci\u00f3n<\/li>\n<li> <a href=\"https:\/\/moverdb.com\/es\/lacma\/\">Asociaci\u00f3n de empresas de mudanzas internacionales de Am\u00e9rica Latina y el Caribe<\/a> (<a href=\"https:\/\/moverdb.com\/es\/lacma\/\" data-internallinksmanager029f6b8e52c=\"28\" title=\"Asociaci\u00f3n de empresas de mudanzas internacionales de Am\u00e9rica Latina y el Caribe (LACMA)\">LACMA<\/a>)<\/li>\n<li> Red Internacional de Mudanzas en el Extranjero (OMNI)<\/li>\n<li> Overseas Shippers Association (OSA) - Miembro fundador<\/li>\n<li> Sociedad de Gesti\u00f3n de Recursos Humanos<\/li>\n<li> Aduanas y Protecci\u00f3n de Fronteras de los Estados Unidos<\/li>\n<li> <a href=\"https:\/\/moverdb.com\/es\/consejo-de-reubicacion-de-empleados\/\">Consejo Mundial de Reubicaci\u00f3n de Empleados<\/a><\/li>\n<li> Smartway<\/li>\n<li> <a href=\"https:\/\/moverdb.com\/es\/united-van-lines\/\">United Van Lines<\/a><\/li>\n<\/ul>\n<h2>Opiniones de Armstrong Relocation<\/h2>\n<p><strong>Positivo:<\/strong><\/p>\n<ul>\n<li> <em>\"\u00a1El equipo de Armstrong realmente hizo de la mudanza una experiencia placentera!\"<\/em> Kay T v\u00eda <a href=\"https:\/\/www.yelp.com\/biz\/armstrong-relocation-carrollton-4?hrid=LJyHKGw95UdYmBHHZwyr5Q&#038;utm_campaign=www_review_share_popup&#038;utm_medium=copy_link&#038;utm_source=(direct)\" target=\"_blank\" rel=\"noopener\">Yelp<\/a><\/li>\n<li> <em>\"No puedo creer lo f\u00e1cil que fue mi traslado. Fue f\u00e1cil y no me estres\u00e9. Erin se asegur\u00f3 de que tuviera toda la informaci\u00f3n que necesitaba en todo momento y me llam\u00f3 para comprobarlo con frecuencia. Si alguna vez me veo en la situaci\u00f3n de tener que volver a trasladarme, \u00a1sin duda utilizar\u00e9 a Armstrong Relation para que me lleve hasta all\u00ed!\"<\/em> - Bfunte v\u00eda <a href=\"http:\/\/www.mymovingreviews.com\/movers\/armstrong-relocation-2671#50688\" target=\"_blank\" rel=\"noopener\">MyMovingReviews.com<\/a> <\/li>\n<li> <em>\"Nuestro equipo de Armstrong fue excepcional. Proporcionaron un excelente servicio al cliente y fueron amables, serviciales, bien organizados, eficientes y profesionales. Fueron el mejor equipo de mudanza que hemos tenido!\"<\/em> - Testimonio de un cliente de M.M del sitio web de Armstrong<\/li>\n<\/ul>\n<p><strong>Negativo:<\/strong><\/p>\n<ul>\n<li> \"<em>Me gustar\u00eda poder darles cero estrellas. Fue la peor experiencia de mi vida\".<\/em> Natalie M v\u00eda <a href=\"https:\/\/www.yelp.com\/biz\/armstrong-relocation-carrollton-4?hrid=caooXxcr-ZmkltnMtL6R_g&#038;utm_campaign=www_review_share_popup&#038;utm_medium=copy_link&#038;utm_source=(direct)\" target=\"_blank\" rel=\"noopener\">Yelp<\/a><\/li>\n<li> <em>\"Creo que, para una mudanza local, Armstrong puede ser una opci\u00f3n razonable. Sin embargo, para mudanzas m\u00e1s largas, tienen que hacer un mejor trabajo de estimaci\u00f3n de la ventana de entrega y de comunicaci\u00f3n con el agente en el extremo de la entrega.\"<\/em> - a trav\u00e9s de <a href=\"http:\/\/www.bbb.org\/chicago\/business-reviews\/movers\/armstrong-relocation-co-in-glendale-hts-il-12008868\/customer-reviews\" target=\"_blank\" rel=\"noopener\">BBB<\/a><\/li>\n<li> <em>\"Estoy muy molesta con ellos. Han deshecho todas mis cosas que ten\u00eda en el \u00e1tico. Lo cual est\u00e1 bien porque no quiero que se rompa. Pero todo estaba mezclado\".<\/em> - Mistie v\u00eda <a href=\"https:\/\/www.facebook.com\/ArmstrongRelocationDallas\/reviews\/\" target=\"_blank\" rel=\"noopener\">Facebook<\/a><\/li>\n<\/ul>\n<div itemprop=\"review\" itemscope itemtype=\"http:\/\/schema.org\/Review\">\n<span itemprop=\"author\" itemscope=\"\" itemtype=\"http:\/\/schema.org\/Organization\"><span itemprop=\"name\">MoverDB.com<\/span><\/span> Revisi\u00f3n del sitio web en l\u00ednea para <span itemprop=\"itemreviewed\" itemscope=\"\" itemtype=\"http:\/\/schema.org\/Brand\"><span itemprop=\"name\">Reubicaci\u00f3n de Armstrong<\/span><\/span>:<\/p>\n<ol>\n<li> Datos de contacto claros en el sitio web (incluido el n\u00famero de tel\u00e9fono): <strong>S\u00ed<\/strong><\/li>\n<li> F\u00e1cil de conseguir <a href=\"https:\/\/moverdb.com\/es\/citas\/\">presupuestos de mudanzas internacionales<\/a>? (Formulario de solicitud de presupuesto en l\u00ednea): <strong>S\u00ed<\/strong><\/li>\n<li> Informaci\u00f3n clara en el sitio web: <strong>S\u00ed<\/strong>El sitio web da a los clientes una buena idea de lo que pueden esperar de la empresa.<\/li>\n<li> Pertenencia a organizaciones de mudanzas reconocidas internacionalmente: <strong>S\u00ed<\/strong>, muchos, ver arriba<\/li>\n<li> Lista de clientes y\/o testimonios de clientes anteriores: <strong>S\u00ed<\/strong>pero se encuentran dispersos por el sitio web y no en una p\u00e1gina de destino espec\u00edfica. Adem\u00e1s, los comentarios de la web son un poco contradictorios.<\/li>\n<\/ol>\n<div itemprop=\"reviewRating\" itemscope itemtype=\"http:\/\/schema.org\/Rating\"><meta itemprop=\"worstRating\" content = \"0\" \/><meta itemprop=\"bestRating\" content=\"5\" \/><meta itemprop=\"ratingValue\" content=\"4\"><\/div>\n<p><strong>Puntuaci\u00f3n global: 4\/5<\/strong><br \/>\n<strong>Fecha de revisi\u00f3n:<\/strong> <span itemprop=\"datePublished\" content=\"2016-10-25\">25\/10\/2016<\/span>\n<\/div>\n<p>M\u00e1s informaci\u00f3n <a href=\"https:\/\/moverdb.com\/es\/empresas-de-mudanzas\/\">empresas de mudanzas internacionales<\/a>, <a href=\"https:\/\/moverdb.com\/es\/us-canada-movers\/\">Mudanzas de larga distancia e interestatales<\/a> y nuestro <a href=\"https:\/\/moverdb.com\/es\/resenas\/\">proceso de revisi\u00f3n<\/a>.<\/p>\n<p><strong>P\u00e1gina web:<\/strong> <a href=\"http:\/\/www.armstrongrelocation.com\" target=\"_blank\" rel=\"noopener\">http:\/\/www.armstrongrelocation.com<\/a><\/p>","protected":false},"excerpt":{"rendered":"<p>Armstrong Relocation has an abundance of moving services which it offers its customers. These are listed below together with a company profile and reviews. International Moving Services Pre-move planning Personal move management and custom-designed move planning Free move preparation packet Full or partial packing\/unpacking Crating and specialty packing Property protection Air, ocean and\/or land transportation [&hellip;]<\/p>\n","protected":false},"author":1,"featured_media":0,"parent":0,"menu_order":0,"comment_status":"closed","ping_status":"closed","template":"","meta":{"_genesis_hide_title":false,"_genesis_hide_breadcrumbs":false,"_genesis_hide_singular_image":false,"_genesis_hide_footer_widgets":false,"_genesis_custom_body_class":"","_genesis_custom_post_class":"","_genesis_layout":"","footnotes":""},"class_list":{"0":"post-1041","1":"page","2":"type-page","3":"status-publish","5":"entry"},"_links":{"self":[{"href":"https:\/\/moverdb.com\/es\/wp-json\/wp\/v2\/pages\/1041","targetHints":{"allow":["GET"]}}],"collection":[{"href":"https:\/\/moverdb.com\/es\/wp-json\/wp\/v2\/pages"}],"about":[{"href":"https:\/\/moverdb.com\/es\/wp-json\/wp\/v2\/types\/page"}],"author":[{"embeddable":true,"href":"https:\/\/moverdb.com\/es\/wp-json\/wp\/v2\/users\/1"}],"replies":[{"embeddable":true,"href":"https:\/\/moverdb.com\/es\/wp-json\/wp\/v2\/comments?post=1041"}],"version-history":[{"count":3,"href":"https:\/\/moverdb.com\/es\/wp-json\/wp\/v2\/pages\/1041\/revisions"}],"predecessor-version":[{"id":6174,"href":"https:\/\/moverdb.com\/es\/wp-json\/wp\/v2\/pages\/1041\/revisions\/6174"}],"wp:attachment":[{"href":"https:\/\/moverdb.com\/es\/wp-json\/wp\/v2\/media?parent=1041"}],"curies":[{"name":"wp","href":"https:\/\/api.w.org\/{rel}","templated":true}]}}