{"id":1038,"date":"2016-11-05T17:02:13","date_gmt":"2016-11-05T17:02:13","guid":{"rendered":"http:\/\/moverdb.com\/?page_id=1038"},"modified":"2026-01-08T15:20:27","modified_gmt":"2026-01-08T15:20:27","slug":"national-van-lines","status":"publish","type":"page","link":"https:\/\/moverdb.com\/es\/national-van-lines\/","title":{"rendered":"National Van Lines: Rese\u00f1as de Mudanzas Internacionales"},"content":{"rendered":"<p>National Van Lines ofrece a sus clientes una amplia gama de servicios de mudanza. Estos se enumeran a continuaci\u00f3n junto con el perfil de la empresa y las rese\u00f1as.<\/p>\n<p><strong>Mudanzas internacionales<\/strong><\/p>\n<ul>\n<li> Particulares y empresas<\/li>\n<li> Coordinador de mudanzas dedicado<\/li>\n<li> Asesoramiento sobre todos los aspectos del proceso de mudanza<\/li>\n<li> Orientaci\u00f3n sobre los requisitos de documentaci\u00f3n<\/li>\n<li> <a href=\"https:\/\/moverdb.com\/es\/citas\/\">Estimaciones de costes puerta a puerta<\/a> para <a href=\"https:\/\/moverdb.com\/es\/transporte-de-contenedores\/\">env\u00edo por v\u00eda mar\u00edtima o a\u00e9rea<\/a><\/li>\n<li> Seguimiento para garantizar que el env\u00edo llega a buen puerto<\/li>\n<li> Coordinaci\u00f3n de cada paso de la mudanza<\/li>\n<li> Asistencia en el improbable caso de un siniestro<\/li>\n<\/ul>\n<p><strong>Movimientos de especialidad<\/strong><\/p>\n<ul>\n<li> Accesorios de la tienda<\/li>\n<li> Electr\u00f3nica<\/li>\n<li> Ferias comerciales<\/li>\n<li> Equipos de juego<\/li>\n<li> M\u00e1quinas tragaperras<\/li>\n<li> Transporte de autom\u00f3viles<\/li>\n<li> Mudanza de pianos<\/li>\n<li> Arte en movimiento<\/li>\n<li> Mudanzas de relojes de pie y antig\u00fcedades<\/li>\n<li> Mudanzas de mesas de billar<\/li>\n<\/ul>\n<p><strong>Traslado de empresas<\/strong><\/p>\n<ul>\n<li> Internacional y local<\/li>\n<li> Un empleado o toda la oficina<\/li>\n<li> Mudanzas de ordenadores y aparatos electr\u00f3nicos<\/li>\n<li> Traslados de equipos m\u00e9dicos y de laboratorio<\/li>\n<\/ul>\n<p><strong>Mudanzas dom\u00e9sticas<\/strong><\/p>\n<ul>\n<li> Traslados locales<\/li>\n<li> Mudanzas de larga distancia<\/li>\n<li> Campo a trav\u00e9s<\/li>\n<li> Interstate<\/li>\n<li> En el interior del pa\u00eds<\/li>\n<li> Nacional<\/li>\n<li> Puerta a puerta<\/li>\n<li> Servicio completo ofrecido<\/li>\n<\/ul>\n<p><strong>Almacenamiento<\/strong><\/p>\n<ul>\n<li> A largo y corto plazo<\/li>\n<li> Climatizado<\/li>\n<li> Seguridad 24\/7<\/li>\n<\/ul>\n<h2>Perfil de la empresa National Van Lines<\/h2>\n<p>La actual directora general de National Van Lines, Maureen Beal, es la nieta de su fundador, F. J. McKee. McKee inici\u00f3 el negocio en <a href=\"https:\/\/moverdb.com\/es\/mudanza-a-chicago\/\">Chicago<\/a> en 1901 con un carro y un poni para repartir hielo y carb\u00f3n. <\/p>\n<p>La empresa ha prosperado desde entonces y ahora traslada a personas, empresas y personal militar a nivel local y mundial. Cuenta con m\u00e1s de 400 agentes para ayudar en este proceso.<\/p>\n<p>El lema de la empresa es \"Moving Your Memories\", que recuerda tanto al personal como al cliente que las pertenencias personales son preciosas y siempre se tratar\u00e1n con cuidado.<\/p>\n<p>National Van Lines cuenta con las siguientes acreditaciones y afiliaciones:<\/p>\n<ul>\n<li> <a href=\"https:\/\/moverdb.com\/es\/rim-promover\/\">Certificado ProMover<\/a><\/li>\n<li> Acreditado por el Better Business Bureau (BBB)<\/li>\n<li> Movers.Com Verified Mover<\/li>\n<li> <a href=\"https:\/\/moverdb.com\/es\/fidi-faim\/\">FIDI<\/a><\/li>\n<\/ul>\n<h2>Opiniones de National Van Lines<\/h2>\n<p><strong>Positivo:<\/strong><\/p>\n<ul>\n<li> <em>\"Qued\u00e9 muy satisfecho con la recogida y entrega de mis muebles. Dave tambi\u00e9n fue muy profesional y me proporcion\u00f3 un presupuesto justo\".<\/em> - Bari a trav\u00e9s de la p\u00e1gina de testimonios de la empresa<\/li>\n<li> <em>\"National Van Lines recogi\u00f3 a tiempo, entreg\u00f3 a tiempo y no se perdi\u00f3 ni se rompi\u00f3 nada\".<\/em> - Gail v\u00eda <a href=\"https:\/\/www.yelp.co.uk\/biz\/national-van-lines-broadview?hrid=xrO9qdjtpdZ-DKkGynhkBw&#038;utm_campaign=www_review_share_popup&#038;utm_medium=copy_link&#038;utm_source=(direct)\" target=\"_blank\" rel=\"noopener\">Yelp<\/a><\/li>\n<li> <em>\"S\u00f3lo tengo una palabra que decir. \u00a1ASOMBROSO!\"<\/em> - Lori v\u00eda <a href=\"http:\/\/www.mymovingreviews.com\/movers\/national-van-lines-256#59528\" target=\"_blank\" rel=\"noopener\">MyMovingReviews.com<\/a><\/li>\n<\/ul>\n<p><strong>Negativo:<\/strong><\/p>\n<ul>\n<li> <em>\"En los \u00faltimos 8 a\u00f1os, me he mudado 5 o 6 veces y nunca he tenido una experiencia como esta\".<\/em> - Cindy v\u00eda <a href=\"https:\/\/www.consumeraffairs.com\/movers\/national.htm\" target=\"_blank\" rel=\"noopener\">Asuntos de los consumidores<\/a><\/li>\n<li> <em>\"National Van Lines no entreg\u00f3 mis enseres dom\u00e9sticos en la fecha que me dijo el conductor. Me dijeron que mi factura me daba la fecha pero el problema fue que nunca recib\u00ed una factura. Al momento de la entrega faltaban m\u00e1s de la mitad de mis art\u00edculos\".<\/em> - Franchon v\u00eda <a href=\"http:\/\/www.bbb.org\/chicago\/business-reviews\/movers\/national-van-lines-inc-in-broadview-il-5114\/customer-reviews\" target=\"_blank\" rel=\"noopener\">BBB<\/a><\/li>\n<li> <em>\"Nuestra experiencia con National Van Lines fue una pesadilla. El representante que firm\u00f3 <a href=\"https:\/\/moverdb.com\/es\/moving-to-the-united-states\/\" data-internallinksmanager029f6b8e52c=\"94\" title=\"\u00bfSe muda a Estados Unidos? 2026 Costes de vida y consejos de reubicaci\u00f3n\">us<\/a> up parec\u00eda tan profesional y eficiente cuando la conocimos. Nunca nos imaginamos que nos met\u00edamos en un l\u00edo terrible\".<\/em> - a trav\u00e9s de <a href=\"http:\/\/moving-companies.credio.com\/l\/21\/National-Van-Lines\" target=\"_blank\" rel=\"noopener\">Credio<\/a><\/li>\n<\/ul>\n<div itemprop=\"review\" itemscope itemtype=\"http:\/\/schema.org\/Review\">\n<span itemprop=\"author\" itemscope=\"\" itemtype=\"http:\/\/schema.org\/Organization\"><span itemprop=\"name\">MoverDB.com<\/span><\/span> Revisi\u00f3n del sitio web en l\u00ednea para <span itemprop=\"itemreviewed\" itemscope=\"\" itemtype=\"http:\/\/schema.org\/Brand\"><span itemprop=\"name\">National Van Lines<\/span><\/span>:<\/p>\n<ol>\n<li> Datos de contacto claros en el sitio web (incluido el n\u00famero de tel\u00e9fono): <strong>S\u00ed<\/strong><\/li>\n<li> F\u00e1cil de conseguir <a href=\"https:\/\/moverdb.com\/es\/citas\/\">presupuestos de mudanzas internacionales<\/a>? (Formulario de solicitud de presupuesto en l\u00ednea): <strong>S\u00ed<\/strong><\/li>\n<li> Informaci\u00f3n clara en el sitio web: <strong>S\u00ed<\/strong> el sitio web describe sus servicios y tambi\u00e9n ofrece gu\u00edas \u00fatiles.<\/li>\n<li> Pertenencia a organizaciones de mudanzas reconocidas internacionalmente: <strong>S\u00ed<\/strong><\/li>\n<li> Lista de clientes y\/o testimonios de clientes anteriores: <strong>S\u00ed<\/strong> Hay testimonios positivos de clientes en el sitio, pero unos cuantos negativos en el resto de Internet.<\/li>\n<\/ol>\n<div itemprop=\"reviewRating\" itemscope itemtype=\"http:\/\/schema.org\/Rating\"><meta itemprop=\"worstRating\" content = \"0\" \/><meta itemprop=\"bestRating\" content=\"5\" \/><meta itemprop=\"ratingValue\" content=\"4.5\"><\/div>\n<p><strong>Puntuaci\u00f3n global: 4,5\/5<\/strong><br \/>\n<strong>Fecha de revisi\u00f3n:<\/strong> <span itemprop=\"datePublished\" content=\"2016-11-05\">05\/11\/2016<\/span>\n<\/div>\n<p>M\u00e1s informaci\u00f3n <a href=\"https:\/\/moverdb.com\/es\/empresas-de-mudanzas\/\">las mejores empresas de mudanzas internacionales<\/a>, <a href=\"https:\/\/moverdb.com\/es\/us-canada-movers\/\">Mudanzas en Estados Unidos<\/a> y nuestro <a href=\"https:\/\/moverdb.com\/es\/resenas\/\">proceso de revisi\u00f3n<\/a>.<\/p>\n<p><strong>P\u00e1gina web:<\/strong> <a href=\"http:\/\/www.nationalvanlines.com\/\" target=\"_blank\" rel=\"noopener\">http:\/\/www.nationalvanlines.com\/<\/a><\/p>","protected":false},"excerpt":{"rendered":"<p>National Van Lines offers its customers a wide range of moving services. These are listed below together with a company profile and reviews. International Moves Individual and corporate Dedicated move coordinator Counselling on all aspects of the moving process Guidance on documentation requirements Door-to-door cost estimates for shipping by ocean or air Tracking to ensure [&hellip;]<\/p>\n","protected":false},"author":1,"featured_media":0,"parent":0,"menu_order":0,"comment_status":"closed","ping_status":"closed","template":"","meta":{"_genesis_hide_title":false,"_genesis_hide_breadcrumbs":false,"_genesis_hide_singular_image":false,"_genesis_hide_footer_widgets":false,"_genesis_custom_body_class":"","_genesis_custom_post_class":"","_genesis_layout":"","footnotes":""},"class_list":{"0":"post-1038","1":"page","2":"type-page","3":"status-publish","5":"entry"},"_links":{"self":[{"href":"https:\/\/moverdb.com\/es\/wp-json\/wp\/v2\/pages\/1038","targetHints":{"allow":["GET"]}}],"collection":[{"href":"https:\/\/moverdb.com\/es\/wp-json\/wp\/v2\/pages"}],"about":[{"href":"https:\/\/moverdb.com\/es\/wp-json\/wp\/v2\/types\/page"}],"author":[{"embeddable":true,"href":"https:\/\/moverdb.com\/es\/wp-json\/wp\/v2\/users\/1"}],"replies":[{"embeddable":true,"href":"https:\/\/moverdb.com\/es\/wp-json\/wp\/v2\/comments?post=1038"}],"version-history":[{"count":6,"href":"https:\/\/moverdb.com\/es\/wp-json\/wp\/v2\/pages\/1038\/revisions"}],"predecessor-version":[{"id":6225,"href":"https:\/\/moverdb.com\/es\/wp-json\/wp\/v2\/pages\/1038\/revisions\/6225"}],"wp:attachment":[{"href":"https:\/\/moverdb.com\/es\/wp-json\/wp\/v2\/media?parent=1038"}],"curies":[{"name":"wp","href":"https:\/\/api.w.org\/{rel}","templated":true}]}}