{"id":1037,"date":"2016-11-21T06:45:07","date_gmt":"2016-11-21T06:45:07","guid":{"rendered":"http:\/\/moverdb.com\/?page_id=1037"},"modified":"2026-01-08T14:47:47","modified_gmt":"2026-01-08T14:47:47","slug":"berger-allied","status":"publish","type":"page","link":"https:\/\/moverdb.com\/es\/berger-allied\/","title":{"rendered":"Berger Allied (Transferencia y Almacenamiento): Rese\u00f1as sobre mudanzas internacionales"},"content":{"rendered":"<p>Berger Allied (oficialmente Berger Transfer &amp; Storage) tiene su sede en St. Paul, MN. Paul. Ofrece a sus clientes una serie de servicios de mudanza que se enumeran a continuaci\u00f3n, junto con un perfil de la empresa y opiniones.<\/p>\n<p><strong>Mudanzas internacionales<\/strong><\/p>\n<ul>\n<li> Preparaci\u00f3n de la mudanza<\/li>\n<li> Consulta y encuesta<\/li>\n<li> Documentaci\u00f3n<\/li>\n<li> Consideraciones de seguridad<\/li>\n<li> Embalaje y carga<\/li>\n<li> Live carga sus art\u00edculos directamente en un contenedor de transporte<\/li>\n<li> Despacho de aduanas<\/li>\n<li> Entrega y desembalaje<\/li>\n<\/ul>\n<p><strong>Mudanza residencial<\/strong><\/p>\n<ul>\n<li> Planificaci\u00f3n de la mudanza<\/li>\n<li> Mudanzas de larga distancia<\/li>\n<li> Servicio completo de embalaje<\/li>\n<li> Autoenvasado<\/li>\n<li> <a href=\"https:\/\/moverdb.com\/es\/transporte-embarque-de-coches\/\">Veh\u00edculo<\/a>Transporte de embarcaciones y motocicletas<\/li>\n<li> Montaje\/desmontaje<\/li>\n<li> Reconexi\u00f3n\/desconexi\u00f3n de aparatos<\/li>\n<li> Desembalaje y desescombro<\/li>\n<li> Seguimiento del env\u00edo en l\u00ednea<\/li>\n<li> Servicios de mudanza para personas mayores<\/li>\n<\/ul>\n<p><strong>Servicios de reubicaci\u00f3n de empresas<\/strong><\/p>\n<ul>\n<li> Consultores de reubicaci\u00f3n<\/li>\n<li> Programa de reubicaci\u00f3n que se adapta a la cultura, las pol\u00edticas y los objetivos presupuestarios propios de su empresa.<\/li>\n<li> Coordinadores de mudanzas dedicados <\/li>\n<\/ul>\n<p><strong>Servicios de mudanza comercial<\/strong><\/p>\n<ul>\n<li> Mudanza de oficinas<\/li>\n<li> Almacenamiento de registros<\/li>\n<li> Almacenamiento<\/li>\n<li> Transporte especializado<\/li>\n<li> Gesti\u00f3n de activos<\/li>\n<li> Planificaci\u00f3n del espacio CAD<\/li>\n<li> Gesti\u00f3n de proyectos in situ<\/li>\n<\/ul>\n<h2>Perfil de la empresa Berger Allied<\/h2>\n<p>Berger Transfer and Storage lleva operando desde 1910. Trabajan con particulares, empresas y organismos p\u00fablicos. Creen que su mayor fortaleza es el enfoque en la calidad del servicio al cliente.<\/p>\n<p>Disponen de una flota de m\u00e1s de 600 furgonetas y camiones y coordinan unas 24.000 mudanzas familiares al a\u00f1o. Tambi\u00e9n ayudan a recaudar fondos para United Way, Junior Achievements, Boy Scouts y Girl Scouts of America, March of Dimes, Special Olympics y Move For Hunger.<\/p>\n<p>Berger Transfer and Storage cuenta con las siguientes acreditaciones y afiliaciones:<\/p>\n<ul>\n<li> <a href=\"https:\/\/moverdb.com\/es\/amsa\/\">AMSA<\/a><\/li>\n<li> AHFA<\/li>\n<li> <a href=\"https:\/\/moverdb.com\/es\/soy\/\">IAM<\/a><\/li>\n<li> ATA<\/li>\n<li> <a href=\"https:\/\/moverdb.com\/es\/rim-promover\/\">Promover<\/a><\/li>\n<li> <a href=\"https:\/\/moverdb.com\/es\/consejo-de-reubicacion-de-empleados\/\">ERC en todo el mundo<\/a><\/li>\n<li> PSA<\/li>\n<li> Mu\u00e9vete por el hambre<\/li>\n<li> Empresa acreditada por el BBB<\/li>\n<\/ul>\n<h2>Opiniones de Berger Allied (Transferencia y Almacenamiento)<\/h2>\n<p><strong>Positivo:<\/strong><\/p>\n<ul>\n<li> <em>\"\u00a1Nuestra experiencia en la mudanza transfronteriza con Berger Allied fue tan buena como puede ser!\"<\/em> - Paul M v\u00eda <a href=\"https:\/\/www.yelp.com\/biz\/berger-allied-van-lines-austin?hrid=r3MbhX4j_6c1VOPPSbKe_g&#038;utm_campaign=www_review_share_popup&#038;utm_medium=copy_link&#038;utm_source=(direct)\" target=\"_blank\" rel=\"noopener\">Yelp<\/a> <\/li>\n<li> <em>\"El equipo de Berger en Las Vegas es simplemente incre\u00edble. No solo son competentes y agradables, sino que su servicio de atenci\u00f3n al cliente es posiblemente el mejor que he encontrado JAM\u00c1S\".<\/em> - Viki v\u00eda <a href=\"https:\/\/www.facebook.com\/pg\/bergermoving\/reviews\/\" target=\"_blank\" rel=\"noopener\">Facebook<\/a><\/li>\n<li> <em>\"Se presentaron a tiempo. Envolvieron todos los muebles con almohadillas y se tomaron un tiempo extra para asegurarse de que todo estaba bien hecho. Se tomaron el tiempo necesario para asegurarse de que no se da\u00f1ara ninguna pared\".<\/em> - Daniel v\u00eda <a href=\"http:\/\/www.movingcompanyreviews.com\/MN\/St-Paul\/berger-transfer-storage-60973\" target=\"_blank\" rel=\"noopener\">MovingCompanyReviews.com<\/a><\/li>\n<\/ul>\n<p><strong>Negativo:<\/strong><\/p>\n<ul>\n<li> <em>\"Por recomendaci\u00f3n contrat\u00e9 a Berger para un traslado de <a href=\"https:\/\/moverdb.com\/es\/moving-to-the-united-states\/moving-to-minnesota\/\" data-internallinksmanager029f6b8e52c=\"443\" title=\"\u00bfMudarse a Minnesota? 2026 Coste de la vida y consejos para la reubicaci\u00f3n\">Minnesota<\/a> a <a href=\"https:\/\/moverdb.com\/es\/moving-to-the-united-states\/moving-to-california\/\" data-internallinksmanager029f6b8e52c=\"330\" title=\"\u00bfMudarse a California? 2026 Coste de la vida y consejos para la reubicaci\u00f3n\">California<\/a>. Hab\u00eda buscado otras empresas y presupuestos, lamentablemente eleg\u00ed Berger bas\u00e1ndome en la persona que realiz\u00f3 el presupuesto.\"<\/em> - V\u00eda <a href=\"https:\/\/www.bbb.org\/minnesota\/business-reviews\/movers\/berger-transfer-storage-inc-in-saint-paul-mn-103\/reviews-and-complaints\" target=\"_blank\" rel=\"noopener\">BBB wesbite<\/a><\/li>\n<li> <em>\"El peor servicio de atenci\u00f3n al cliente de la historia. Despu\u00e9s de seis meses de recibir una factura incorrecta y de innumerables correos electr\u00f3nicos y llamadas telef\u00f3nicas para intentar resolverlo, me dijeron que mis art\u00edculos se est\u00e1n subastando.\"<\/em> - Kyle vi <a href=\"https:\/\/www.facebook.com\/pg\/bergermoving\/reviews\/\" target=\"_blank\" rel=\"noopener\">Facebook<\/a><\/li>\n<\/li> <li>\n<li> <em>\"Berger Allied Van Lines hizo el peor trabajo de embalaje, mudanza y almacenamiento para <a href=\"https:\/\/moverdb.com\/es\/moving-to-the-united-states\/\" data-internallinksmanager029f6b8e52c=\"94\" title=\"\u00bfSe muda a Estados Unidos? 2026 Costes de vida y consejos de reubicaci\u00f3n\">us<\/a>.\"<\/em> - Letty v\u00eda <a href=\"https:\/\/www.yelp.com\/biz\/berger-allied-van-lines-austin?hrid=AMtotqlDmWIUelyZT7YKAw&#038;utm_campaign=www_review_share_popup&#038;utm_medium=copy_link&#038;utm_source=(direct)\" target=\"_blank\" rel=\"noopener\">Yelp<\/a><\/li>\n<\/ul>\n<div itemprop=\"review\" itemscope itemtype=\"http:\/\/schema.org\/Review\">\n<span itemprop=\"author\" itemscope=\"\" itemtype=\"http:\/\/schema.org\/Organization\"><span itemprop=\"name\">MoverDB.com<\/span><\/span> Revisi\u00f3n del sitio web en l\u00ednea para <span itemprop=\"itemreviewed\" itemscope=\"\" itemtype=\"http:\/\/schema.org\/Brand\"><span itemprop=\"name\">Berger Allied<\/span><\/span>:<\/p>\n<ol>\n<li> Datos de contacto claros en el sitio web (incluido el n\u00famero de tel\u00e9fono): <strong>S\u00ed<\/strong><\/li>\n<li> F\u00e1cil de conseguir <a href=\"https:\/\/moverdb.com\/es\/citas\/\">presupuestos de mudanzas internacionales<\/a>? (Formulario de solicitud de presupuesto en l\u00ednea): <strong>S\u00ed<\/strong><\/li>\n<li> Informaci\u00f3n clara en el sitio web: <strong>Parcialmente<\/strong>En la p\u00e1gina web de la empresa, hay una buena cantidad de informaci\u00f3n general sobre la mudanza, pero no hay nada demasiado espec\u00edfico.<\/li>\n<li> Pertenencia a organizaciones de mudanzas reconocidas internacionalmente: <strong>S\u00ed<\/strong>, muchos, ver arriba<\/li>\n<li> Lista de clientes y\/o testimonios de clientes anteriores: <strong>No<\/strong>No hay testimonios en el sitio web, que hayamos podido encontrar, y los comentarios de la web son un poco contradictorios. <\/li>\n<\/ol>\n<div itemprop=\"reviewRating\" itemscope itemtype=\"http:\/\/schema.org\/Rating\"><meta itemprop=\"worstRating\" content = \"0\" \/><meta itemprop=\"bestRating\" content=\"5\" \/><meta itemprop=\"ratingValue\" content=\"3.5\"><\/div>\n<p><strong>Puntuaci\u00f3n global: 3,5\/5<\/strong><br \/>\n<strong>Fecha de revisi\u00f3n:<\/strong> <span itemprop=\"datePublished\" content=\"2016-11-21\">21\/11\/2016<\/span>\n<\/div>\n<p>M\u00e1s informaci\u00f3n <a href=\"https:\/\/moverdb.com\/es\/empresas-de-mudanzas\/\">empresas de mudanzas internacionales<\/a>, <a href=\"https:\/\/moverdb.com\/es\/us-canada-movers\/\">Mudanzas en Estados Unidos<\/a> y nuestro <a href=\"https:\/\/moverdb.com\/es\/resenas\/\">proceso de revisi\u00f3n<\/a>.<\/p>\n<p><strong>P\u00e1gina web:<\/strong> <a href=\"https:\/\/www.bergerallied.com\" target=\"_blank\" rel=\"noopener\">https:\/\/www.bergerallied.com<\/a><\/p>","protected":false},"excerpt":{"rendered":"<p>Berger Allied (officially Berger Transfer &#038; Storage) is based in St. Paul, MN. It offers its customers a range of moving services which are listed below, together with a company profile and reviews. International Moving Move Preparation Consultation and Survey Documentation Safety Considerations Packing and Loading Live loads your items directly into a shipping container [&hellip;]<\/p>\n","protected":false},"author":1,"featured_media":0,"parent":0,"menu_order":0,"comment_status":"closed","ping_status":"closed","template":"","meta":{"_genesis_hide_title":false,"_genesis_hide_breadcrumbs":false,"_genesis_hide_singular_image":false,"_genesis_hide_footer_widgets":false,"_genesis_custom_body_class":"","_genesis_custom_post_class":"","_genesis_layout":"","footnotes":""},"class_list":{"0":"post-1037","1":"page","2":"type-page","3":"status-publish","5":"entry"},"_links":{"self":[{"href":"https:\/\/moverdb.com\/es\/wp-json\/wp\/v2\/pages\/1037","targetHints":{"allow":["GET"]}}],"collection":[{"href":"https:\/\/moverdb.com\/es\/wp-json\/wp\/v2\/pages"}],"about":[{"href":"https:\/\/moverdb.com\/es\/wp-json\/wp\/v2\/types\/page"}],"author":[{"embeddable":true,"href":"https:\/\/moverdb.com\/es\/wp-json\/wp\/v2\/users\/1"}],"replies":[{"embeddable":true,"href":"https:\/\/moverdb.com\/es\/wp-json\/wp\/v2\/comments?post=1037"}],"version-history":[{"count":6,"href":"https:\/\/moverdb.com\/es\/wp-json\/wp\/v2\/pages\/1037\/revisions"}],"predecessor-version":[{"id":6183,"href":"https:\/\/moverdb.com\/es\/wp-json\/wp\/v2\/pages\/1037\/revisions\/6183"}],"wp:attachment":[{"href":"https:\/\/moverdb.com\/es\/wp-json\/wp\/v2\/media?parent=1037"}],"curies":[{"name":"wp","href":"https:\/\/api.w.org\/{rel}","templated":true}]}}