{"id":1036,"date":"2016-11-05T16:39:46","date_gmt":"2016-11-05T16:39:46","guid":{"rendered":"http:\/\/moverdb.com\/?page_id=1036"},"modified":"2026-01-08T14:47:46","modified_gmt":"2026-01-08T14:47:46","slug":"beltmann-reubicacion","status":"publish","type":"page","link":"https:\/\/moverdb.com\/es\/beltmann-relocation\/","title":{"rendered":"Beltmann Relocation Group: Rese\u00f1as sobre mudanzas internacionales"},"content":{"rendered":"<p>Beltmann Relocation Group ofrece a sus clientes una variedad de servicios de mudanza a nivel internacional y local. Estos servicios se enumeran a continuaci\u00f3n, junto con un perfil de la empresa y rese\u00f1as.<\/p>\n<p><strong>Mudanzas internacionales<\/strong><\/p>\n<ul>\n<li> Mudanzas internacionales de empresas<\/li>\n<li> Movimientos individuales<\/li>\n<li> Naciones Unidas<\/li>\n<li> Asistencia y orientaci\u00f3n en materia de aduanas e inmigraci\u00f3n<\/li>\n<li> Asistencia para el traslado de mascotas<\/li>\n<li> Puerta a puerta<\/li>\n<li> Gestor de traslados asignado<\/li>\n<li> Servicio completo disponible<\/li>\n<li> Seguro contratado<\/li>\n<\/ul>\n<p><strong>Mudanzas de oficinas e industriales<\/strong><\/p>\n<ul>\n<li> Traslado de oficinas local y de larga distancia<\/li>\n<li> Mudanza interdepartamental<\/li>\n<li> Mudanza de ordenadores y aparatos electr\u00f3nicos<\/li>\n<li> Planificaci\u00f3n y dise\u00f1o del espacio<\/li>\n<li> Reuniones de planificaci\u00f3n previas a la mudanza<\/li>\n<li> Supervisi\u00f3n in situ<\/li>\n<li> Servicios posteriores a la mudanza<\/li>\n<li> Asistencia a la mudanza industrial<\/li>\n<li> Mudanza de alta seguridad<\/li>\n<li> Traslado de informaci\u00f3n sensible<\/li>\n<li> Seguro contratado<\/li>\n<\/ul>\n<p><strong>Traslado de empresas<\/strong><\/p>\n<ul>\n<li> Servicios de reubicaci\u00f3n de ejecutivos de alto nivel<\/li>\n<li> Gestor de mudanzas <\/li>\n<li> Puerta a puerta<\/li>\n<li> Embalaje y desembalaje<\/li>\n<li> Seguimiento del env\u00edo<\/li>\n<li> Seguro contratado<\/li>\n<\/ul>\n<p><strong>Mudanzas dom\u00e9sticas<\/strong><\/p>\n<ul>\n<li> Traslados locales<\/li>\n<li> Mudanzas de larga distancia<\/li>\n<li> Puerta a puerta<\/li>\n<li> Embalaje y desembalaje<\/li>\n<li> Seguro contratado<\/li>\n<\/ul>\n<p><strong>Almacenamiento<\/strong><\/p>\n<ul>\n<li> A largo o corto plazo<\/li>\n<li> Almac\u00e9n con calefacci\u00f3n <\/li>\n<li> Guardado en b\u00f3veda de almacenamiento sellada<\/li>\n<li> CCTV<\/li>\n<li> Protecci\u00f3n contra incendios y plagas<\/li>\n<\/ul>\n<h2>Perfil de la empresa Beltmann Relocation<\/h2>\n<p>El Grupo Beltmann fue fundado por la familia Battina en 1955 y sigue siendo una empresa familiar. Es uno de los mayores y m\u00e1s antiguos agentes de <a href=\"https:\/\/moverdb.com\/es\/north-american-van-lines\/\">North American Van Lines<\/a> y su sede est\u00e1 en <a href=\"https:\/\/moverdb.com\/es\/mudanza-a-minneapolis\/\">Minneapolis<\/a>. <\/p>\n<p>El Grupo Beltmann se enorgullece de poseer una flota de m\u00e1s de 700 veh\u00edculos de mudanzas de diversa \u00edndole y cuenta con 14 sucursales.<\/p>\n<p>El compromiso de Beltmann es \"Ser el cliente\". Se anima a todos los empleados a que se pongan en el lugar del cliente y le traten como a \u00e9l le gustar\u00eda ser tratado. La empresa est\u00e1 orgullosa de apoyar a Habitat for Humanity.<\/p>\n<p>Beltmann Relocation tiene las siguientes afiliaciones y acreditaciones:<\/p>\n<ul>\n<li> <a href=\"https:\/\/moverdb.com\/es\/rim-promover\/\">Empresa de mudanzas internacional registrada<\/a> (<a href=\"https:\/\/moverdb.com\/es\/rim-promover\/\" data-internallinksmanager029f6b8e52c=\"76\" title=\"Explicaci\u00f3n de la certificaci\u00f3n internacional ProMover de RIM\">RIM<\/a>)<\/li>\n<li> <a href=\"https:\/\/moverdb.com\/es\/rim-promover\/\">ProMover<\/a><\/li>\n<li> <a href=\"https:\/\/moverdb.com\/es\/amsa\/\">Asociaci\u00f3n Americana de Mudanzas y Almacenamiento<\/a> (<a href=\"https:\/\/moverdb.com\/es\/amsa\/\" data-internallinksmanager029f6b8e52c=\"5\" title=\"Explicaci\u00f3n de la Asociaci\u00f3n Americana de Mudanzas y Almacenamiento (AMSA)\">AMSA<\/a>)<\/li>\n<li> Ganador del Premio a la Calidad de Am\u00e9rica del Norte<\/li>\n<li> Acreditado por el Better Business Bureau (BBB)<\/li>\n<\/ul>\n<p><strong>Opiniones de Beltmann Relocation<\/strong><\/p>\n<p><strong>Positivo:<\/strong><\/p>\n<ul>\n<li> <em>\"Todo fue muy bien con nuestra mudanza. El conductor y el equipo de ambos lados trabajaron bien\".<\/em> - Craig a trav\u00e9s de la p\u00e1gina de testimonios de Beltmann<\/li>\n<li> <em>\"Nos hemos mudado varias veces a lo largo de los a\u00f1os y tengo que decir que Beltman ha sido la mejor con diferencia. El cuidado que tuvieron en el embalaje y la carga de nuestras pertenencias hasta la entrega fue notable.\"<\/em> - Abby v\u00eda <a href=\"https:\/\/www.facebook.com\/pg\/BeltmannRelocation\/reviews\/\" target=\"_blank\" rel=\"noopener\">Facebook<\/a><\/li>\n<\/ul>\n<p><strong>Negativo:<\/strong><\/p>\n<ul>\n<li> <em>\"No llevamos ni un tercio del proceso de desembalaje y ya tenemos una lista de al menos 15 art\u00edculos da\u00f1ados o rotos. Algunas cajas tienen cosas simplemente tiradas, sin envolver ni asegurar\".<\/em> Amy v\u00eda <a href=\"https:\/\/www.facebook.com\/pg\/BeltmannRelocation\/reviews\/\" target=\"_blank\" rel=\"noopener\">Facebook<\/a><\/li>\n<li> <em>\"H\u00e1gase un favor. No utilice esta empresa. Borra su n\u00famero, bloquea que te llamen. La parte del proceso de cotizaci\u00f3n (ya sabes que est\u00e1n tratando de ganar tu negocio) fue genial. Recogida de mercanc\u00edas- pulgares arriba.Entrega de cosas- grandes pulgares abajo\".<\/em> - Kim v\u00eda <a href=\"https:\/\/www.yelp.com\/biz\/beltmann-relocation-group-glendale-heights?hrid=tJAoAv--s6WetooAeYOQew&#038;utm_campaign=www_review_share_popup&#038;utm_medium=copy_link&#038;utm_source=(direct)\" target=\"_blank\" rel=\"noopener\">Yelp<\/a><\/li>\n<\/ul>\n<div itemprop=\"review\" itemscope itemtype=\"http:\/\/schema.org\/Review\">\n<span itemprop=\"author\" itemscope=\"\" itemtype=\"http:\/\/schema.org\/Organization\"><span itemprop=\"name\">MoverDB.com<\/span><\/span> Revisi\u00f3n del sitio web en l\u00ednea para <span itemprop=\"itemreviewed\" itemscope=\"\" itemtype=\"http:\/\/schema.org\/Brand\"><span itemprop=\"name\">Beltmann Relocation Group<\/span><\/span>:<\/p>\n<ol>\n<li> Datos de contacto claros en el sitio web (incluido el n\u00famero de tel\u00e9fono): <strong>S\u00ed<\/strong><\/li>\n<li> F\u00e1cil de conseguir <a href=\"https:\/\/moverdb.com\/es\/citas\/\">presupuestos de mudanzas internacionales<\/a>? (Formulario de solicitud de presupuesto en l\u00ednea): <strong>S\u00ed<\/strong><\/li>\n<li> Informaci\u00f3n clara en el sitio web: <strong>S\u00ed<\/strong>El sitio web contiene recursos \u00fatiles para las mudanzas, como preguntas frecuentes y consejos.<\/li>\n<li> Pertenencia a organizaciones de mudanzas reconocidas internacionalmente: <strong>S\u00ed<\/strong>, muchos, ver arriba<\/li>\n<li> Lista de clientes y\/o testimonios de clientes anteriores: <strong>S\u00ed,<\/strong> Hay testimonios positivos en el sitio web, pero las cr\u00edticas de la red son un poco m\u00e1s variadas.<\/li>\n<\/ol>\n<div itemprop=\"reviewRating\" itemscope itemtype=\"http:\/\/schema.org\/Rating\"><meta itemprop=\"worstRating\" content = \"0\" \/><meta itemprop=\"bestRating\" content=\"5\" \/><meta itemprop=\"ratingValue\" content=\"4.5\"><\/div>\n<p><strong>Puntuaci\u00f3n global: 4,5\/5<\/strong><br \/>\n<strong>Fecha de revisi\u00f3n:<\/strong> <span itemprop=\"datePublished\" content=\"2016-11-05\">05\/11\/2016<\/span>\n<\/div>\n<p>M\u00e1s informaci\u00f3n <a href=\"https:\/\/moverdb.com\/es\/empresas-de-mudanzas\/\">mudanzas internacionales<\/a>, <a href=\"https:\/\/moverdb.com\/es\/us-canada-movers\/\">Mudanzas nacionales de Estados Unidos<\/a> y nuestro <a href=\"https:\/\/moverdb.com\/es\/resenas\/\">proceso de revisi\u00f3n<\/a>.<\/p>\n<p><strong>P\u00e1gina web:<\/strong> <a href=\"http:\/\/www.beltmann.com\/\" target=\"_blank\" rel=\"noopener\">http:\/\/www.beltmann.com\/<\/a><\/p>","protected":false},"excerpt":{"rendered":"<p>The Beltmann Relocation Group offers its customers a variety of moving services internationally and locally. These services are listed below together with a company profile and reviews. International Moves International corporate moves Individual moves United Nations Assistance and guidance with customs and immigration Assistance with pet relocation Door-to-door Move manager allocated Full service available Insurance [&hellip;]<\/p>\n","protected":false},"author":1,"featured_media":0,"parent":0,"menu_order":0,"comment_status":"closed","ping_status":"closed","template":"","meta":{"_genesis_hide_title":false,"_genesis_hide_breadcrumbs":false,"_genesis_hide_singular_image":false,"_genesis_hide_footer_widgets":false,"_genesis_custom_body_class":"","_genesis_custom_post_class":"","_genesis_layout":"","footnotes":""},"class_list":{"0":"post-1036","1":"page","2":"type-page","3":"status-publish","5":"entry"},"_links":{"self":[{"href":"https:\/\/moverdb.com\/es\/wp-json\/wp\/v2\/pages\/1036","targetHints":{"allow":["GET"]}}],"collection":[{"href":"https:\/\/moverdb.com\/es\/wp-json\/wp\/v2\/pages"}],"about":[{"href":"https:\/\/moverdb.com\/es\/wp-json\/wp\/v2\/types\/page"}],"author":[{"embeddable":true,"href":"https:\/\/moverdb.com\/es\/wp-json\/wp\/v2\/users\/1"}],"replies":[{"embeddable":true,"href":"https:\/\/moverdb.com\/es\/wp-json\/wp\/v2\/comments?post=1036"}],"version-history":[{"count":6,"href":"https:\/\/moverdb.com\/es\/wp-json\/wp\/v2\/pages\/1036\/revisions"}],"predecessor-version":[{"id":6182,"href":"https:\/\/moverdb.com\/es\/wp-json\/wp\/v2\/pages\/1036\/revisions\/6182"}],"wp:attachment":[{"href":"https:\/\/moverdb.com\/es\/wp-json\/wp\/v2\/media?parent=1036"}],"curies":[{"name":"wp","href":"https:\/\/api.w.org\/{rel}","templated":true}]}}