{"id":1034,"date":"2017-01-10T06:29:27","date_gmt":"2017-01-10T06:29:27","guid":{"rendered":"http:\/\/moverdb.com\/?page_id=1034"},"modified":"2026-05-15T14:59:54","modified_gmt":"2026-05-15T14:59:54","slug":"hilldrup-moving-storage","status":"publish","type":"page","link":"https:\/\/moverdb.com\/es\/hilldrup-moving-storage\/","title":{"rendered":"Hilldrup Moving &amp; Storage: Rese\u00f1as de Mudanzas Internacionales"},"content":{"rendered":"<p>Hilldrup Moving and Storage tiene su sede en Stafford VA. La empresa ofrece a su cliente una variedad de servicios que se enumeran a continuaci\u00f3n, junto con un perfil de la empresa y los comentarios.<\/p>\n<p><strong>Servicios de mudanzas internacionales<\/strong><\/p>\n<p>Ayuda a la reubicaci\u00f3n<\/p>\n<ul>\n<li> Consultor\u00eda de recursos humanos y planificaci\u00f3n estrat\u00e9gica<\/li>\n<li> Asistencia a la comercializaci\u00f3n<\/li>\n<li> Programa de venta de viviendas<\/li>\n<li> Administraci\u00f3n de gastos<\/li>\n<li> Acuerdo de vida temporal<\/li>\n<li> Servicios de asignaci\u00f3n internacional<\/li>\n<li> Servicios de destino e instalaci\u00f3n<\/li>\n<li> Programas de gesti\u00f3n de mudanzas<\/li>\n<li> Consideraciones sobre la remuneraci\u00f3n, los impuestos y la n\u00f3mina<\/li>\n<li> Informes personalizados<\/li>\n<li> Administraci\u00f3n a tanto alzado<\/li>\n<\/ul>\n<p>Gesti\u00f3n de traslados<\/p>\n<ul>\n<li> Asesor especializado en mudanzas internacionales<\/li>\n<li> Gestionar todos los transportes terrestres y mar\u00edtimos y a\u00e9reos<\/li>\n<li> Asistencia con el pasaporte, los visados y la aduana<\/li>\n<\/ul>\n<p>Capacidades de almacenamiento<\/p>\n<ul>\n<li> Almacenamiento a largo y corto plazo<\/li>\n<li> Acceso ilimitado a los almacenes de todo el mundo<\/li>\n<li> Seguridad 24\/7<\/li>\n<li> Rociadores y sistemas de extinci\u00f3n de incendios<\/li>\n<li> Certificado por el DOD<\/li>\n<li> 200.000 pies cuadrados de almacenamiento con climatizaci\u00f3n disponible<\/li>\n<li> Autom\u00f3viles, barcos y veh\u00edculos recreativos<\/li>\n<li> Mantenimiento de veh\u00edculos en dep\u00f3sito de larga duraci\u00f3n.<\/li>\n<\/ul>\n<p><strong>Mudanzas corporativas - Internacionales y locales<\/strong><\/p>\n<p>Servicios de salida<\/p>\n<ul>\n<li> Asistencia de marketing en el hogar<\/li>\n<li> Gesti\u00f3n de la propiedad<\/li>\n<li> Env\u00edo de enseres dom\u00e9sticos<\/li>\n<li> Asistencia en viaje<\/li>\n<\/ul>\n<p>Servicios en destino<\/p>\n<ul>\n<li> Orientaci\u00f3n del destino<\/li>\n<li> Asistencia en la b\u00fasqueda de vivienda<\/li>\n<li> Asistencia hipotecaria<\/li>\n<li> Alojamiento temporal<\/li>\n<li> Ayuda al alquiler<\/li>\n<li> Ayuda a la transici\u00f3n familiar<\/li>\n<\/ul>\n<p>Asignaci\u00f3n global<\/p>\n<ul>\n<li> Orientaci\u00f3n del \u00e1rea<\/li>\n<li> Vida temporal<\/li>\n<li> Formaci\u00f3n ling\u00fc\u00edstica<\/li>\n<li> Servicios de visado e inmigraci\u00f3n<\/li>\n<li> Gesti\u00f3n de alquileres<\/li>\n<li> Proyecciones de costes<\/li>\n<li> Hallazgo en el hogar<\/li>\n<li> Servicios de instalaci\u00f3n<\/li>\n<li> Formaci\u00f3n intercultural<\/li>\n<li> Asistencia en la b\u00fasqueda de escuelas y educaci\u00f3n<\/li>\n<li> Programas de apoyo al c\u00f3nyuge\/pareja<\/li>\n<\/ul>\n<p><strong>Gobierno y militares<\/strong><\/p>\n<ul>\n<li> CHAMP<\/li>\n<li> Mudanzas del Departamento de Defensa<\/li>\n<li> Calendario de suministros federales para la reubicaci\u00f3n completa<\/li>\n<li> Reubicaci\u00f3n de la oficina calendario federal de suministros<\/li>\n<\/ul>\n<p><strong>Servicios de mudanza residencial<\/strong><\/p>\n<ul>\n<li> Puerta a puerta<\/li>\n<li> Servicio completo disponible<\/li>\n<li> Almacenamiento a corto y largo plazo disponible<\/li>\n<li> Embalaje y desembalaje<\/li>\n<li> Seguro contratado<\/li>\n<li> Transporte de autom\u00f3viles<\/li>\n<\/ul>\n<p><strong>Servicios de mudanza comercial<\/strong><\/p>\n<ul>\n<li> Gesti\u00f3n de traslados en todo el mundo<\/li>\n<li> Traslado de oficinas a nivel nacional<\/li>\n<li> Configuraci\u00f3n del campus<\/li>\n<li> An\u00e1lisis presupuestario\/de costes<\/li>\n<li> Instalaci\u00f3n<\/li>\n<li> Reconfiguraci\u00f3n<\/li>\n<li> Gesti\u00f3n de activos<\/li>\n<li> Almacenamiento<\/li>\n<li> Desconexi\u00f3n\/reconexi\u00f3n inform\u00e1tica<\/li>\n<li> An\u00e1lisis de las necesidades de dise\u00f1o a medida para TI<\/li>\n<li> Liquidaci\u00f3n por Internet<\/li>\n<\/ul>\n<h2>Perfil de la empresa Hilldrup Moving &amp; Storage<\/h2>\n<p>El Sr. R. G. Hilldrup fund\u00f3 en 1903 la empresa que ahora es Hilldrup Moving and Storage Company. En la d\u00e9cada de 1940 la empresa fue vendida a uno de sus empleados, el Sr. C B McDaniel. En 1964, Hilldrup se asoci\u00f3 con <a href=\"https:\/\/moverdb.com\/es\/united-van-lines\/\">United Van Lines<\/a> que permiti\u00f3 a la empresa ampliar considerablemente sus servicios. La empresa ofrece ahora mudanzas locales, nacionales e internacionales a particulares y empresas, adem\u00e1s de amplias instalaciones de almacenamiento. <\/p>\n<p>Hilldrup est\u00e1 dirigida ahora por la tercera generaci\u00f3n de McDaniel y la empresa cree firmemente en la fuerza de la familia. Este es el esp\u00edritu que transmiten a sus clientes. A Hilldrup le gusta retribuir y apoya a muchas organizaciones ben\u00e9ficas dentro de sus comunidades.<\/p>\n<p>Hilldrup Moving and Storage cuenta con las siguientes acreditaciones y afiliaciones:<\/p>\n<ul>\n<li> <a href=\"https:\/\/moverdb.com\/es\/amsa\/\">Asociaci\u00f3n Americana de Mudanzas y Almacenamiento<\/a> (<a href=\"https:\/\/moverdb.com\/es\/amsa\/\" data-internallinksmanager029f6b8e52c=\"5\" title=\"Explicaci\u00f3n de la Asociaci\u00f3n Americana de Mudanzas y Almacenamiento (AMSA)\">AMSA<\/a>)<\/li>\n<li> <a href=\"https:\/\/moverdb.com\/es\/rim-promover\/\">Certificaci\u00f3n de AMSA para empresas de mudanzas internacionales registradas (RIM)<\/a><\/li>\n<li> Asociaci\u00f3n Americana de Camiones (ATA)<\/li>\n<li> Better Business Bureau para todas las sucursales<\/li>\n<li> Centro de Gesti\u00f3n de Asignaciones Internacionales (CIAM)<\/li>\n<li> Programa de Gesti\u00f3n Centralizada del Tr\u00e1fico de Enseres Dom\u00e9sticos (CHAMP)<\/li>\n<li> Designaciones de profesionales certificados en reubicaci\u00f3n (CRP)<\/li>\n<li> CoreNet Global<\/li>\n<li> <a href=\"https:\/\/moverdb.com\/es\/consejo-de-reubicacion-de-empleados\/\">Consejo de Reubicaci\u00f3n de Empleados<\/a> (<a href=\"https:\/\/moverdb.com\/es\/employee-relocation-council\/\" data-internallinksmanager029f6b8e52c=\"83\" title=\"Explicaci\u00f3n del Consejo Mundial de Reubicaci\u00f3n de Empleados (ERC)\">ERC<\/a>)<\/li>\n<li> Comisi\u00f3n Federal Mar\u00edtima<\/li>\n<li> <a href=\"https:\/\/moverdb.com\/es\/fidi-faim\/\">F\u00e9d\u00e9ration Internationale des D\u00e9m\u00e9nageurs Internationaux \/ Federation of International Moving Companies<\/a> (<a href=\"https:\/\/moverdb.com\/es\/fidi-faim\/\" data-internallinksmanager029f6b8e52c=\"16\" title=\"Explicaci\u00f3n del FIDI y del FAIM (FIDI Accredited International Mover)\">FIDI<\/a>)<\/li>\n<li> Certificaci\u00f3n FIDI FAIM\/ISO<\/li>\n<li> Designaciones de Especialista en Movilidad Global (GMS)<\/li>\n<li> <a href=\"https:\/\/moverdb.com\/es\/hgfaa\/\">Asociaci\u00f3n de Transitarios del Hogar<\/a> (HHGFA)<\/li>\n<li> <a href=\"https:\/\/moverdb.com\/es\/iata\/\">Asociaci\u00f3n Internacional de Transporte A\u00e9reo<\/a> (<a href=\"https:\/\/moverdb.com\/es\/iata\/\" data-internallinksmanager029f6b8e52c=\"22\" title=\"Explicaci\u00f3n de la Asociaci\u00f3n Internacional de Transporte A\u00e9reo (IATA)\">IATA<\/a>)<\/li>\n<li> <a href=\"https:\/\/moverdb.com\/es\/soy\/\">Asociaci\u00f3n Internacional de Empresas de Mudanzas<\/a> (<a href=\"https:\/\/moverdb.com\/es\/iam\/\" data-internallinksmanager029f6b8e52c=\"23\" title=\"Explicaci\u00f3n de la Asociaci\u00f3n Internacional de Empresas de Mudanzas (IAM)\">IAM<\/a>)<\/li>\n<li> Asociaci\u00f3n Internacional de Gesti\u00f3n de Instalaciones (IFMA)<\/li>\n<li> Certificaci\u00f3n ISO 9001:2000<\/li>\n<li> <a href=\"https:\/\/moverdb.com\/es\/lacma\/\">Asociaci\u00f3n de empresas de mudanzas de Am\u00e9rica Latina y el Caribe<\/a> (<a href=\"https:\/\/moverdb.com\/es\/lacma\/\" data-internallinksmanager029f6b8e52c=\"28\" title=\"Asociaci\u00f3n de empresas de mudanzas internacionales de Am\u00e9rica Latina y el Caribe (LACMA)\">LACMA<\/a>)<\/li>\n<li> Consejo Internacional de Reubicaci\u00f3n de Empleados Profesionales (PERC International)<\/li>\n<li> <a href=\"https:\/\/moverdb.com\/es\/rim-promover\/\">ProMover<\/a><\/li>\n<li> Agente Transitario Internacional Certificado de UniGroup Worldwide<\/li>\n<li> Agente Transitario de UniGroup Worldwide UTS<\/li>\n<\/ul>\n<h2>Rese\u00f1as de Hilldrup Moving &amp; Storage<\/h2>\n<p><strong>Positivo:<\/strong><\/p>\n<ul>\n<li> <em>\"Lo han trasladado todo y han hecho un gran trabajo.  La oficina de apoyo tambi\u00e9n fue bastante maravillosa respondiendo a las preguntas y asegur\u00e1ndose de que sab\u00edamos todo sobre la mudanza.\"<\/em> - Michael S. v\u00eda <a href=\"https:\/\/www.yelp.co.uk\/biz\/hilldrup-moving-and-storage-stafford?hrid=hESxKCc7GvTBdlp-kN4udw&#038;utm_campaign=www_review_share_popup&#038;utm_medium=copy_link&#038;utm_source=(direct)\" target=\"_blank\" rel=\"noopener\">Yelp<\/a>.<\/li>\n<li> <em>\"No podr\u00edamos haber estado m\u00e1s contentos con esta empresa, desde el presupuesto hasta la entrega final fueron puntuales, profesionales, corteses y muy amables.\"<\/em> - Los Yarbs v\u00eda <a href=\"https:\/\/www.bbb.org\/richmond\/business-reviews\/movers\/hilldrup-moving-storage-in-stafford-va-37026248\/reviews-and-complaints\" target=\"_blank\" rel=\"noopener\">BBB<\/a><\/li>\n<\/ul>\n<p><strong>Negativo:<\/strong><\/p>\n<ul>\n<li> <em>\"Estos tipos son terribles. S\u00e9 que cuando se contrata a unos profesionales de la mudanza se espera que algunas cosas se rompan, eso forma parte del proceso. El problema es que encontramos cosas rotas por errores realmente est\u00fapidos\".<\/em> - Nick T. v\u00eda <a href=\"https:\/\/www.yelp.co.uk\/biz\/hilldrup-moving-and-storage-stafford?hrid=tgu5ZfofrNJ6h_HXaIX9PQ&#038;utm_campaign=www_review_share_popup&#038;utm_medium=copy_link&#038;utm_source=(direct)\" target=\"_blank\" rel=\"noopener\">Yelp<\/a><\/li>\n<li> <em>\"As\u00ed que el conductor que vino de Hilldrup no ten\u00eda ninguna experiencia en la descarga y lleva las cosas a los edificios altos. Esto es muy malo y muy poco profesional\".<\/em> - Sharad v\u00eda <a href=\"https:\/\/www.mymovingreviews.com\/movers\/hilldrup-3657\" target=\"_blank\" rel=\"noopener\">MyMoingReviews.com<\/a><\/li>\n<\/ul>\n<div itemprop=\"review\" itemscope itemtype=\"http:\/\/schema.org\/Review\">\n<span itemprop=\"author\" itemscope=\"\" itemtype=\"http:\/\/schema.org\/Organization\"><span itemprop=\"name\">MoverDB.com<\/span><\/span> Revisi\u00f3n del sitio web en l\u00ednea para <span itemprop=\"itemreviewed\" itemscope=\"\" itemtype=\"http:\/\/schema.org\/Brand\"><span itemprop=\"name\">Hilldrup Mudanzas y Guardamuebles<\/span><\/span>:<\/p>\n<ol>\n<li> Datos de contacto claros en el sitio web (incluido el n\u00famero de tel\u00e9fono): <strong>S\u00ed<\/strong><\/li>\n<li> F\u00e1cil de conseguir <a href=\"https:\/\/moverdb.com\/es\/citas\/\">presupuestos de mudanzas internacionales<\/a>? (Formulario de solicitud de presupuesto en l\u00ednea): <strong>S\u00ed<\/strong><\/li>\n<li> Informaci\u00f3n clara en el sitio web: <strong>S\u00ed,<\/strong> El sitio web est\u00e1 bien dise\u00f1ado y describe claramente los productos y servicios que ofrece.<\/li>\n<li> Pertenencia a organizaciones de mudanzas reconocidas internacionalmente: <strong>S\u00ed<\/strong>, muchos, ver arriba<\/li>\n<li> Lista de clientes y\/o testimonios de clientes anteriores. <strong>S\u00ed,<\/strong> Aunque en su sitio web se enumeran sus premios y afiliaciones, no hemos podido encontrar una lista de testimonios de clientes. Sin embargo, en general tienen comentarios de post\u00edn de toda la web.<\/li>\n<\/ol>\n<div itemprop=\"reviewRating\" itemscope itemtype=\"http:\/\/schema.org\/Rating\"><meta itemprop=\"worstRating\" content = \"0\" \/><meta itemprop=\"bestRating\" content=\"5\" \/><meta itemprop=\"ratingValue\" content=\"4.5\"><\/div>\n<p><strong>Puntuaci\u00f3n global: 4,5\/5<\/strong><br \/>\n<strong>Fecha de revisi\u00f3n:<\/strong> <span itemprop=\"datePublished\" content=\"2017-01-10\">10\/01\/2017<\/span>\n<\/div>\n<p>M\u00e1s informaci\u00f3n <a href=\"https:\/\/moverdb.com\/es\/empresas-de-mudanzas\/\">empresas de mudanzas internacionales<\/a>, <a href=\"https:\/\/moverdb.com\/es\/us-canada-movers\/\">empresas de mudanzas nacionales<\/a> y nuestro <a href=\"https:\/\/moverdb.com\/es\/resenas\/\">proceso de revisi\u00f3n explicado<\/a>.<\/p>\n<p><strong>P\u00e1gina web:<\/strong> <a href=\"https:\/\/www.hilldrup.com\/\" target=\"_blank\" rel=\"noopener\">https:\/\/www.hilldrup.com\/<\/a><\/p>","protected":false},"excerpt":{"rendered":"<p>Hilldrup Moving and Storage is based in Stafford VA. The company offers its client a variety of services which are listed below, together with a company profile and reviews. International Moving Services Relocation Assistance Human Resource Consulting and Strategic Planning Marketing Assistance Home Sales Program Expense Administration Temporary Living Arrangement International Assignment Services Destination and [&hellip;]<\/p>\n","protected":false},"author":1,"featured_media":0,"parent":0,"menu_order":0,"comment_status":"closed","ping_status":"closed","template":"","meta":{"_genesis_hide_title":false,"_genesis_hide_breadcrumbs":false,"_genesis_hide_singular_image":false,"_genesis_hide_footer_widgets":false,"_genesis_custom_body_class":"","_genesis_custom_post_class":"","_genesis_layout":"","footnotes":""},"class_list":{"0":"post-1034","1":"page","2":"type-page","3":"status-publish","5":"entry"},"_links":{"self":[{"href":"https:\/\/moverdb.com\/es\/wp-json\/wp\/v2\/pages\/1034","targetHints":{"allow":["GET"]}}],"collection":[{"href":"https:\/\/moverdb.com\/es\/wp-json\/wp\/v2\/pages"}],"about":[{"href":"https:\/\/moverdb.com\/es\/wp-json\/wp\/v2\/types\/page"}],"author":[{"embeddable":true,"href":"https:\/\/moverdb.com\/es\/wp-json\/wp\/v2\/users\/1"}],"replies":[{"embeddable":true,"href":"https:\/\/moverdb.com\/es\/wp-json\/wp\/v2\/comments?post=1034"}],"version-history":[{"count":3,"href":"https:\/\/moverdb.com\/es\/wp-json\/wp\/v2\/pages\/1034\/revisions"}],"predecessor-version":[{"id":6220,"href":"https:\/\/moverdb.com\/es\/wp-json\/wp\/v2\/pages\/1034\/revisions\/6220"}],"wp:attachment":[{"href":"https:\/\/moverdb.com\/es\/wp-json\/wp\/v2\/media?parent=1034"}],"curies":[{"name":"wp","href":"https:\/\/api.w.org\/{rel}","templated":true}]}}