{"id":1032,"date":"2016-11-24T06:36:56","date_gmt":"2016-11-24T06:36:56","guid":{"rendered":"http:\/\/moverdb.com\/?page_id=1032"},"modified":"2026-01-08T14:47:59","modified_gmt":"2026-01-08T14:47:59","slug":"coleman-mundo-movimiento","status":"publish","type":"page","link":"https:\/\/moverdb.com\/es\/coleman-worldwide-moving\/","title":{"rendered":"Coleman Worldwide Moving: Rese\u00f1as sobre mudanzas internacionales"},"content":{"rendered":"<p>Coleman Worldwide Moving tambi\u00e9n conocido como Coleman American Moving Services &amp; Coleman Allied ofrece muchos servicios de mudanzas internacionales. Estos se enumeran a continuaci\u00f3n, junto con un perfil de la empresa y opiniones.<\/p>\n<p><strong>Mudanzas internacionales<\/strong><\/p>\n<ul>\n<li> Servicio completo de embalaje<\/li>\n<li> Coordinador de mudanzas personales<\/li>\n<li> Embalaje a medida<\/li>\n<li> <a href=\"https:\/\/moverdb.com\/es\/transporte-embarque-de-coches\/\">Env\u00edo de veh\u00edculos<\/a><\/li>\n<li> Seguimiento del env\u00edo en l\u00ednea<\/li>\n<li> Almacenamiento a corto y largo plazo<\/li>\n<li> Desembalaje<\/li>\n<li> Eliminaci\u00f3n de residuos<\/li>\n<\/ul>\n<p><strong>Traslado de empresas<\/strong><\/p>\n<ul>\n<li> Servicio completo de embalaje<\/li>\n<li> Coordinador de mudanzas personales<\/li>\n<li> De un empleado a toda la plantilla<\/li>\n<li> Desembalaje<\/li>\n<li> <a href=\"https:\/\/moverdb.com\/es\/car-transport-shipping\/\" data-internallinksmanager029f6b8e52c=\"2\" title=\"2026 Cotizaciones de transporte internacional de coches y env\u00edo de veh\u00edculos\">Env\u00edo de veh\u00edculos<\/a><\/li>\n<li> Desembalaje y desescombro<\/li>\n<li> Seguimiento del env\u00edo en l\u00ednea<\/li>\n<\/ul>\n<p><strong>Mudanzas comerciales<\/strong><\/p>\n<ul>\n<li> Mudanzas industriales<\/li>\n<li> El gobierno se mueve<\/li>\n<li> Mudanza de oficinas<\/li>\n<li> Mudanza de ordenadores y aparatos electr\u00f3nicos<\/li>\n<li> Traslado de empresas<\/li>\n<\/ul>\n<p><strong>Mudanzas gubernamentales y militares<\/strong><\/p>\n<ul>\n<li> Coordinador de mudanzas personales<\/li>\n<li> Servicio completo de embalaje<\/li>\n<li> Seguir protocolos de movimiento estrictos<\/li>\n<\/ul>\n<p><strong>Mudanzas dom\u00e9sticas<\/strong><\/p>\n<ul>\n<li> Coordinador de mudanzas personales<\/li>\n<li> Cualquier tama\u00f1o de trabajo<\/li>\n<li> Servicio completo ofrecido<\/li>\n<li> Embalaje y desembalaje<\/li>\n<li> Almacenamiento a corto y largo plazo<\/li>\n<\/ul>\n<h2>Perfil de la empresa Coleman Worldwide Moving<\/h2>\n<p>Coleman Worldwide Moving existe desde 1914 y ahora forma parte del Coleman World Group. Comenz\u00f3 su andadura con 8 caballos y dos carros, ahora la empresa se concentra en mudanzas internacionales, de larga distancia, locales y nacionales para particulares y empresas.<\/p>\n<p>Tambi\u00e9n se conoce como Coleman American Moving Services y forma parte del <a href=\"https:\/\/moverdb.com\/es\/allied-van-lines\/\">Allied Moving<\/a> empresas afiliadas al grupo.<\/p>\n<p>Coleman tiene m\u00e1s de 50 oficinas propias en el <a href=\"https:\/\/moverdb.com\/es\/moving-to-the-united-states\/\" data-internallinksmanager029f6b8e52c=\"94\" title=\"\u00bfSe muda a Estados Unidos? 2026 Costes de vida y consejos de reubicaci\u00f3n\">EE.UU.<\/a> y m\u00e1s de 400 agentes en 175 pa\u00edses de todo el mundo. Es una corporaci\u00f3n familiar que est\u00e1 decidida a dar el mismo servicio que sus fundadores en 1914. <\/p>\n<p>Coleman Worldwide Moving cuenta con las siguientes acreditaciones y afiliaciones:<\/p>\n<ul>\n<li> <a href=\"https:\/\/moverdb.com\/es\/rim-promover\/\">ProMover<\/a><\/li>\n<li> <a href=\"https:\/\/moverdb.com\/es\/amsa\/\">AMSA<\/a><\/li>\n<li> Acreditado por el BBB<\/li>\n<li> Ganador del Premio a la Calidad de Allied<\/li>\n<li> Mu\u00e9vete por el hambre<\/li>\n<\/ul>\n<p><strong>Rese\u00f1as de Coleman Worldwide Moving<\/strong><\/p>\n<p><strong>Positivo:<\/strong><\/p>\n<ul>\n<li> <em>\"Gran servicio... F\u00e1cil... Mudanza sin estr\u00e9s. Proporcion\u00f3 una estimaci\u00f3n precisa de la mudanza. Personal profesional en todo momento. Desde la estimaci\u00f3n hasta la entrega. Recogida, transporte y entrega profesionales y amables. Muchas gracias\".<\/em>  - Anthony a trav\u00e9s de <a href=\"http:\/\/www.colemanallied.com\/moving-reviews\/\" target=\"_blank\" rel=\"noopener\">sitio web de la empresa<\/a><\/li>\n<li> <em>\"Mi padre de 90 a\u00f1os y yo no podr\u00edamos estar m\u00e1s satisfechos con Coleman Worldwide Moving\".<\/em> - Tori v\u00eda <a href=\"https:\/\/www.yelp.com\/biz\/coleman-american-moving-services-san-diego?hrid=Ofenf__KAOD4xnvo73xHNw&#038;utm_campaign=www_review_share_popup&#038;utm_medium=copy_link&#038;utm_source=(direct)\" target=\"_blank\" rel=\"noopener\">Yelp<\/a> (para Coleman American Moving Services)<\/li>\n<li> <em>\"He estado en el negocio de las mudanzas pero esta era la primera vez que era cliente. Los chicos enviados a cargar fueron corteses, bien educados y trabajadores. Exactamente el tipo de chicos que yo mismo habr\u00eda contratado cuando buscaba ayuda local\".<\/em> - Donna v\u00eda <a href=\"https:\/\/www.facebook.com\/pg\/colemanallied\/reviews\/\" target=\"_blank\" rel=\"noopener\">P\u00e1gina de Facebook<\/a><\/li>\n<li> <em>\"Siempre he tenido buenas experiencias al mudarme con Allied, \u00a1pero esta mudanza super\u00f3 con creces a las dem\u00e1s! Fue realmente una mudanza sin estr\u00e9s para m\u00ed\".<\/em> - Marlena v\u00eda <a href=\"http:\/\/www.mymovingreviews.com\/movers\/coleman-worldwide-moving-3905#59102\" target=\"_blank\" rel=\"noopener\">MyMovingReviews<\/a><\/li>\n<\/ul>\n<p><strong>Negativo:<\/strong><\/p>\n<ul>\n<li> <em>\"Nuestra experiencia con Coleman\/Allied Worldwide manejando nuestra mudanza a trav\u00e9s del estado (<a href=\"https:\/\/moverdb.com\/es\/moving-to-the-united-states\/moving-to-alabama\/\" data-internallinksmanager029f6b8e52c=\"448\" title=\"\u00bfSe muda a Alabama? 2026 Coste de la vida y consejos de reubicaci\u00f3n\">Alabama<\/a> a <a href=\"https:\/\/moverdb.com\/es\/moving-to-the-united-states\/moving-to-north-carolina\/\" data-internallinksmanager029f6b8e52c=\"411\" title=\"\u00bfMudarse a Carolina del Norte? 2026 Coste de la vida y consejos para la reubicaci\u00f3n\">Carolina del Norte<\/a>) estaba plagado de problemas\".<\/em> - Sarah v\u00eda <a href=\"https:\/\/www.bbb.org\/csal\/business-reviews\/movers\/coleman-worldwide-moving-in-midland-city-al-4001673\/reviews-and-complaints\" target=\"_blank\" rel=\"noopener\">BBB<\/a><\/li>\n<li> <em>\"Ni siquiera he ara\u00f1ado la superficie con esta experiencia. Hay mucho m\u00e1s que contar, pero quer\u00eda al menos dejar constancia de lo peor de lo peor\".<\/em> - Kristin v\u00eda <a href=\"https:\/\/www.consumeraffairs.com\/movers\/allied_van_lines.htm\" target=\"_blank\" rel=\"noopener\">ConsumerAffairs<\/a><\/li>\n<li> <em>\"NO USE ESTO <a href=\"https:\/\/moverdb.com\/es\/moving-companies\/\" data-internallinksmanager029f6b8e52c=\"79\" title=\"Las 25 mejores empresas de mudanzas internacionales en l\u00ednea\">EMPRESA DE MUDANZAS<\/a>.  Insistieron en trasladarnos durante una tormenta tropical en St Pete despu\u00e9s de un comienzo muy retrasado en <a href=\"https:\/\/moverdb.com\/es\/mudanza-a-atlanta\/\">Atlanta<\/a>.\"<\/em> - Becky v\u00eda <a href=\"https:\/\/www.yelp.com\/biz\/coleman-worldwide-moving-fairburn\" target=\"_blank\" rel=\"noopener\">Yelp<\/a><\/li>\n<li> <em>\"El ej\u00e9rcito tiene que eliminar a esta empresa como transportista. Personalmente he tenido problemas con esta empresa desde el embalaje de mi casa hasta la entrega y los recibos.\"<\/em> - Shawni v\u00eda <a href=\"https:\/\/www.facebook.com\/pg\/colemanallied\/reviews\/\" target=\"_blank\" rel=\"noopener\">P\u00e1gina de Facebook<\/a><\/li>\n<\/ul>\n<div itemprop=\"review\" itemscope itemtype=\"http:\/\/schema.org\/Review\">\n<span itemprop=\"author\" itemscope=\"\" itemtype=\"http:\/\/schema.org\/Organization\"><span itemprop=\"name\">MoverDB.com<\/span><\/span> Revisi\u00f3n del sitio web en l\u00ednea para <span itemprop=\"itemreviewed\" itemscope=\"\" itemtype=\"http:\/\/schema.org\/Brand\"><span itemprop=\"name\">Coleman Worldwide Moving<\/span><\/span>:<\/p>\n<ol>\n<li> Datos de contacto claros en el sitio web (incluido el n\u00famero de tel\u00e9fono): <strong>S\u00ed<\/strong><\/li>\n<li> F\u00e1cil de conseguir <a href=\"https:\/\/moverdb.com\/es\/citas\/\">presupuestos de mudanzas internacionales<\/a>? (Formulario de solicitud de presupuesto en l\u00ednea): <strong>S\u00ed<\/strong><\/li>\n<li> Informaci\u00f3n clara en el sitio web: <strong>Algunos<\/strong>Si bien hay informaci\u00f3n sobre sus servicios, no hay mucho m\u00e1s.<\/li>\n<li> Pertenencia a organizaciones de mudanzas reconocidas internacionalmente: <strong>S\u00ed<\/strong>aunque no tanto como muchas otras empresas de mudanzas.<\/li>\n<li> Lista de clientes y\/o testimonios de clientes anteriores: <strong>S\u00ed<\/strong>Hay muchos testimonios positivos de clientes en el sitio web, aunque las opiniones del resto de la web son un poco m\u00e1s variadas.<\/li>\n<\/ol>\n<div itemprop=\"reviewRating\" itemscope itemtype=\"http:\/\/schema.org\/Rating\"><meta itemprop=\"worstRating\" content = \"0\" \/><meta itemprop=\"bestRating\" content=\"5\" \/><meta itemprop=\"ratingValue\" content=\"4\"><\/div>\n<p><strong>Puntuaci\u00f3n global: 4\/5<\/strong><br \/>\n<strong>Fecha de revisi\u00f3n:<\/strong> <span itemprop=\"datePublished\" content=\"2016-11-24\">24\/11\/2016<\/span>\n<\/div>\n<p>M\u00e1s informaci\u00f3n <a href=\"https:\/\/moverdb.com\/es\/empresas-de-mudanzas\/\">las mejores empresas de mudanzas internacionales<\/a>, <a href=\"https:\/\/moverdb.com\/es\/us-canada-movers\/\">mudanzas en Estados Unidos<\/a> y nuestro <a href=\"https:\/\/moverdb.com\/es\/resenas\/\">proceso de revisi\u00f3n<\/a>.<\/p>\n<p><strong>P\u00e1gina web:<\/strong> <a href=\"http:\/\/www.colemanallied.com\/\" target=\"_blank\" rel=\"noopener\">http:\/\/www.colemanallied.com\/<\/a><\/p>","protected":false},"excerpt":{"rendered":"<p>Coleman Worldwide Moving also known as Coleman American Moving Services &#038; Coleman Allied offers many international moving services. These are listed below, together with a company profile and reviews. International Movers Full service packing Personal move coordinator Custom crating Vehicle shipping On line shipment tracking Long and short term storage Unpacking Debris removal Corporate Relocation [&hellip;]<\/p>\n","protected":false},"author":1,"featured_media":0,"parent":0,"menu_order":0,"comment_status":"closed","ping_status":"closed","template":"","meta":{"_genesis_hide_title":false,"_genesis_hide_breadcrumbs":false,"_genesis_hide_singular_image":false,"_genesis_hide_footer_widgets":false,"_genesis_custom_body_class":"","_genesis_custom_post_class":"","_genesis_layout":"","footnotes":""},"class_list":{"0":"post-1032","1":"page","2":"type-page","3":"status-publish","5":"entry"},"_links":{"self":[{"href":"https:\/\/moverdb.com\/es\/wp-json\/wp\/v2\/pages\/1032","targetHints":{"allow":["GET"]}}],"collection":[{"href":"https:\/\/moverdb.com\/es\/wp-json\/wp\/v2\/pages"}],"about":[{"href":"https:\/\/moverdb.com\/es\/wp-json\/wp\/v2\/types\/page"}],"author":[{"embeddable":true,"href":"https:\/\/moverdb.com\/es\/wp-json\/wp\/v2\/users\/1"}],"replies":[{"embeddable":true,"href":"https:\/\/moverdb.com\/es\/wp-json\/wp\/v2\/comments?post=1032"}],"version-history":[{"count":5,"href":"https:\/\/moverdb.com\/es\/wp-json\/wp\/v2\/pages\/1032\/revisions"}],"predecessor-version":[{"id":6193,"href":"https:\/\/moverdb.com\/es\/wp-json\/wp\/v2\/pages\/1032\/revisions\/6193"}],"wp:attachment":[{"href":"https:\/\/moverdb.com\/es\/wp-json\/wp\/v2\/media?parent=1032"}],"curies":[{"name":"wp","href":"https:\/\/api.w.org\/{rel}","templated":true}]}}