{"id":10257,"date":"2023-06-22T15:34:17","date_gmt":"2023-06-22T15:34:17","guid":{"rendered":"https:\/\/moverdb.com\/?page_id=10257"},"modified":"2026-01-08T15:29:05","modified_gmt":"2026-01-08T15:29:05","slug":"moving-companies-vietnam","status":"publish","type":"page","link":"https:\/\/moverdb.com\/es\/moving-companies\/moving-companies-vietnam\/","title":{"rendered":"5 mejores empresas de mudanzas internacionales en Vietnam"},"content":{"rendered":"<p>\u00bfEst\u00e1 pensando en trasladarse a, desde o dentro de <a href=\"https:\/\/moverdb.com\/es\/moving-to-vietnam\/\" data-internallinksmanager029f6b8e52c=\"390\" title=\"\u00bfSe muda a Vietnam? 2026 Coste de la vida y consejos para el traslado\">Vietnam<\/a>? Conseguir un <a href=\"https:\/\/moverdb.com\/es\/moving-companies\/\" data-internallinksmanager029f6b8e52c=\"79\" title=\"Las 25 mejores empresas de mudanzas internacionales en l\u00ednea\">empresa de mudanzas<\/a> para ayudarle puede facilitarle el proceso, ya que pueden embalar sus efectos personales, organizar el transporte y gestionar los tr\u00e1mites aduaneros. A continuaci\u00f3n hemos recopilado una lista de empresas con sede en Vietnam <a href=\"https:\/\/moverdb.com\/es\/international-removals\/\" data-internallinksmanager029f6b8e52c=\"27\" title=\"36 mejores empresas de mudanzas internacionales del Reino Unido\">empresas de mudanzas<\/a> que son miembros de la <a href=\"https:\/\/moverdb.com\/es\/iam\/\" data-internallinksmanager029f6b8e52c=\"23\" title=\"Explicaci\u00f3n de la Asociaci\u00f3n Internacional de Empresas de Mudanzas (IAM)\">Asociaci\u00f3n Internacional de Empresas de Mudanzas<\/a> (IAM) y\/o <a href=\"https:\/\/moverdb.com\/es\/fidi-faim\/\" data-internallinksmanager029f6b8e52c=\"16\" title=\"Explicaci\u00f3n del FIDI y del FAIM (FIDI Accredited International Mover)\">FIDI<\/a> Empresa de mudanzas internacionales acreditada (FAIM) que podr\u00eda ayudarle con su mudanza.<\/p>\n<div id=\"ez-toc-container\" class=\"ez-toc-v2_0_82_2 ez-toc-wrap-left counter-hierarchy ez-toc-counter ez-toc-transparent ez-toc-container-direction\">\n<div class=\"ez-toc-title-container\">\n<p class=\"ez-toc-title\" style=\"cursor:inherit\">Secciones<\/p>\n<span class=\"ez-toc-title-toggle\"><a href=\"#\" class=\"ez-toc-pull-right ez-toc-btn ez-toc-btn-xs ez-toc-btn-default ez-toc-toggle\" aria-label=\"Alternar tabla de contenidos\"><span class=\"ez-toc-js-icon-con\"><span class=\"\"><span class=\"eztoc-hide\" style=\"display:none;\">Toggle<\/span><span class=\"ez-toc-icon-toggle-span\"><svg style=\"fill: #999;color:#999\" xmlns=\"http:\/\/www.w3.org\/2000\/svg\" class=\"list-377408\" width=\"20px\" height=\"20px\" viewbox=\"0 0 24 24\" fill=\"none\"><path d=\"M6 6H4v2h2V6zm14 0H8v2h12V6zM4 11h2v2H4v-2zm16 0H8v2h12v-2zM4 16h2v2H4v-2zm16 0H8v2h12v-2z\" fill=\"currentColor\"><\/path><\/svg><svg style=\"fill: #999;color:#999\" class=\"arrow-unsorted-368013\" xmlns=\"http:\/\/www.w3.org\/2000\/svg\" width=\"10px\" height=\"10px\" viewbox=\"0 0 24 24\" version=\"1.2\" baseprofile=\"tiny\"><path d=\"M18.2 9.3l-6.2-6.3-6.2 6.3c-.2.2-.3.4-.3.7s.1.5.3.7c.2.2.4.3.7.3h11c.3 0 .5-.1.7-.3.2-.2.3-.5.3-.7s-.1-.5-.3-.7zM5.8 14.7l6.2 6.3 6.2-6.3c.2-.2.3-.5.3-.7s-.1-.5-.3-.7c-.2-.2-.4-.3-.7-.3h-11c-.3 0-.5.1-.7.3-.2.2-.3.5-.3.7s.1.5.3.7z\"\/><\/svg><\/span><\/span><\/span><\/a><\/span><\/div>\n<nav><ul class='ez-toc-list ez-toc-list-level-1 eztoc-toggle-hide-by-default' ><li class='ez-toc-page-1 ez-toc-heading-level-2'><a class=\"ez-toc-link ez-toc-heading-1\" href=\"https:\/\/moverdb.com\/es\/moving-companies\/moving-companies-vietnam\/#1_EVo_Moves\" >1. Movimientos EVo<\/a><\/li><li class='ez-toc-page-1 ez-toc-heading-level-2'><a class=\"ez-toc-link ez-toc-heading-2\" href=\"https:\/\/moverdb.com\/es\/moving-companies\/moving-companies-vietnam\/#2_Prime_Relocations_Asia\" >2. Prime Relocations Asia<\/a><\/li><li class='ez-toc-page-1 ez-toc-heading-level-2'><a class=\"ez-toc-link ez-toc-heading-3\" href=\"https:\/\/moverdb.com\/es\/moving-companies\/moving-companies-vietnam\/#3_Logical_Moves\" >3. Movimientos l\u00f3gicos<\/a><\/li><li class='ez-toc-page-1 ez-toc-heading-level-2'><a class=\"ez-toc-link ez-toc-heading-4\" href=\"https:\/\/moverdb.com\/es\/moving-companies\/moving-companies-vietnam\/#4_Santa_Fe_Relocation\" >4. Traslado de Santa Fe<\/a><\/li><li class='ez-toc-page-1 ez-toc-heading-level-2'><a class=\"ez-toc-link ez-toc-heading-5\" href=\"https:\/\/moverdb.com\/es\/moving-companies\/moving-companies-vietnam\/#5_Saigon_Van\" >5. Saigon Van<\/a><\/li><li class='ez-toc-page-1 ez-toc-heading-level-2'><a class=\"ez-toc-link ez-toc-heading-6\" href=\"https:\/\/moverdb.com\/es\/moving-companies\/moving-companies-vietnam\/#Other_Useful_Guides_to_Vietnam\" >Otras gu\u00edas \u00fatiles sobre Vietnam<\/a><\/li><\/ul><\/nav><\/div>\n<h2><span class=\"ez-toc-section\" id=\"1_EVo_Moves\"><\/span><strong>1. Movimientos EVo<\/strong><span class=\"ez-toc-section-end\"><\/span><\/h2>\n<p><img loading=\"lazy\" decoding=\"async\" class=\"alignnone size-full wp-image-10115\" src=\"https:\/\/moverdb.com\/wp-content\/uploads\/EVo-Moves-international-moving-company.png\" alt=\"Empresa de mudanzas internacionales EVo Moves\" width=\"1440\" height=\"683\" data-wp-pid=\"10115\" srcset=\"https:\/\/moverdb.com\/wp-content\/uploads\/EVo-Moves-international-moving-company.png 1440w, https:\/\/moverdb.com\/wp-content\/uploads\/EVo-Moves-international-moving-company-300x142.png 300w, https:\/\/moverdb.com\/wp-content\/uploads\/EVo-Moves-international-moving-company-1024x486.png 1024w, https:\/\/moverdb.com\/wp-content\/uploads\/EVo-Moves-international-moving-company-18x9.png 18w, https:\/\/moverdb.com\/wp-content\/uploads\/EVo-Moves-international-moving-company-600x285.png 600w\" sizes=\"auto, (max-width: 1440px) 100vw, 1440px\" \/><\/p>\n<ul>\n<li>Movimientos nacionales<\/li>\n<li>Traslados internacionales<\/li>\n<li>Mudanzas dom\u00e9sticas<\/li>\n<li>Traslado de oficinas<\/li>\n<li>Servicio puerta a puerta<\/li>\n<li>Embalaje para exportaci\u00f3n<\/li>\n<li>Despacho de aduanas<\/li>\n<li>Transporte de mascotas<\/li>\n<li>Seguros<\/li>\n<li>Almacenamiento a corto y largo plazo<\/li>\n<\/ul>\n<p>EVo Moves es una empresa de mudanzas internacionales con sede en Ciudad Ho Chi Minh. Son miembros de IAM con cuatro a\u00f1os de experiencia, lo que significa que tienen acceso a una red internacional de empresas de mudanzas que pueden ayudarles.<\/p>\n<p>EVo Moves ofrece un estudio gratuito previo a la mudanza para que los vietnamitas eval\u00faen sus necesidades de mudanza y les faciliten un presupuesto puerta a puerta. Proporcionan un servicio de embalaje que cumple las normas internacionales y de calidad para proteger sus art\u00edculos en tr\u00e1nsito. Organizan el transporte internacional por mar o aire, con seguro mar\u00edtimo a todo riesgo y despacho de aduanas. Entre sus servicios adicionales se incluyen el transporte de mascotas, la fumigaci\u00f3n y el almacenamiento.<\/p>\n<p>P\u00e1gina web: <a href=\"http:\/\/www.evomoves.com\" target=\"_blank\" rel=\"noopener\">http:\/\/www.evomoves.com<\/a><\/p>\n<h2><span class=\"ez-toc-section\" id=\"2_Prime_Relocations_Asia\"><\/span><strong>2. Prime Relocations Asia<\/strong><span class=\"ez-toc-section-end\"><\/span><\/h2>\n<p><img loading=\"lazy\" decoding=\"async\" class=\"alignnone size-full wp-image-10170\" src=\"https:\/\/moverdb.com\/wp-content\/uploads\/Prime-Relocations-Asia-international-moving-company.png\" alt=\"Prime Relocations Empresa de mudanzas internacionales en Asia\" width=\"1440\" height=\"680\" data-wp-pid=\"10170\" srcset=\"https:\/\/moverdb.com\/wp-content\/uploads\/Prime-Relocations-Asia-international-moving-company.png 1440w, https:\/\/moverdb.com\/wp-content\/uploads\/Prime-Relocations-Asia-international-moving-company-300x142.png 300w, https:\/\/moverdb.com\/wp-content\/uploads\/Prime-Relocations-Asia-international-moving-company-1024x484.png 1024w, https:\/\/moverdb.com\/wp-content\/uploads\/Prime-Relocations-Asia-international-moving-company-18x9.png 18w, https:\/\/moverdb.com\/wp-content\/uploads\/Prime-Relocations-Asia-international-moving-company-600x283.png 600w\" sizes=\"auto, (max-width: 1440px) 100vw, 1440px\" \/><\/p>\n<ul>\n<li>Mudanzas locales y nacionales<\/li>\n<li>Mudanzas internacionales<\/li>\n<li>Mudanzas dom\u00e9sticas<\/li>\n<li>Mudanzas de empresas<\/li>\n<li>Servicio puerta a puerta<\/li>\n<li>Paquete completo de mudanza<\/li>\n<li>Traslado de mascotas y veh\u00edculos<\/li>\n<li>Servicio de manutenci\u00f3n<\/li>\n<li>Seguros<\/li>\n<li>Instalaciones de almacenamiento a corto y largo plazo<\/li>\n<\/ul>\n<p>Prime Relocations Asia es una empresa de mudanzas internacionales con oficinas en Hanoi y Ciudad Ho Chi Minh, Vietnam, as\u00ed como en Laos y Vietnam. <a href=\"https:\/\/moverdb.com\/es\/moving-to-cambodia\/\" data-internallinksmanager029f6b8e52c=\"340\" title=\"\u00bfSe muda a Camboya? 2026 Coste de la vida y consejos para el traslado\">Camboya<\/a>. Disponen de una red de socios y afiliados preferentes para realizar mudanzas al extranjero y gestionar la normativa aduanera. Son miembros de IAM y cuentan con 15 a\u00f1os de experiencia.<\/p>\n<p>Prime Relocations Asia ofrece un \u00fanico punto de contacto para gestionar su mudanza, que puede incluir el traslado de su casa o negocio, sus mascotas y veh\u00edculos, con un seguro de tr\u00e1nsito a todo riesgo. Proporcionan servicios adicionales que incluyen servicio de manitas, servicio de aparcacoches, servicio de limpieza, b\u00fasqueda de alojamiento, orientaci\u00f3n, ayuda a la salida y a la llegada.<\/p>\n<p>P\u00e1gina web: <a href=\"http:\/\/www.primerelo.asia\" target=\"_blank\" rel=\"noopener\">http:\/\/www.primerelo.asia<\/a><\/p>\n<h2><span class=\"ez-toc-section\" id=\"3_Logical_Moves\"><\/span><strong>3. Movimientos l\u00f3gicos<\/strong><span class=\"ez-toc-section-end\"><\/span><\/h2>\n<p><img loading=\"lazy\" decoding=\"async\" class=\"alignnone size-full wp-image-10149\" src=\"https:\/\/moverdb.com\/wp-content\/uploads\/Logical-Moves-international-moving-company.png\" alt=\"Empresa de mudanzas internacionales Logical Moves\" width=\"1440\" height=\"670\" data-wp-pid=\"10149\" srcset=\"https:\/\/moverdb.com\/wp-content\/uploads\/Logical-Moves-international-moving-company.png 1440w, https:\/\/moverdb.com\/wp-content\/uploads\/Logical-Moves-international-moving-company-300x140.png 300w, https:\/\/moverdb.com\/wp-content\/uploads\/Logical-Moves-international-moving-company-1024x476.png 1024w, https:\/\/moverdb.com\/wp-content\/uploads\/Logical-Moves-international-moving-company-18x8.png 18w, https:\/\/moverdb.com\/wp-content\/uploads\/Logical-Moves-international-moving-company-600x279.png 600w\" sizes=\"auto, (max-width: 1440px) 100vw, 1440px\" \/><\/p>\n<ul>\n<li>Traslados locales<\/li>\n<li>Traslados internacionales<\/li>\n<li>Mudanzas dom\u00e9sticas<\/li>\n<li>Movimientos corporativos<\/li>\n<li>Servicios de reubicaci\u00f3n<\/li>\n<li>Servicio de embalaje<\/li>\n<li>Despacho de aduanas<\/li>\n<li>Servicios de salida e instalaci\u00f3n<\/li>\n<li>Movimientos de mascotas<\/li>\n<li>Almacenamiento seguro<\/li>\n<\/ul>\n<p>Logical Moves es una empresa independiente de mudanzas internacionales fundada en 2005 y con sede en Ciudad Ho Chi Minh. Cuentan con una red global y recursos locales que les permiten ofrecer servicios de alta calidad para mudanzas locales e internacionales. Es miembro de IAM y cuenta con 18 a\u00f1os de experiencia.<\/p>\n<p>Logical Moves ofrece una consulta previa a la mudanza y un estudio del hogar para determinar sus necesidades de mudanza. Ofrecen un servicio de embalaje para garantizar la entrega segura de sus pertenencias y proporcionan protecci\u00f3n de env\u00edos y despacho de aduanas, y a la llegada, desembalan. Ofrecen servicios adicionales, como ayuda para visados e inmigraci\u00f3n, b\u00fasqueda de casa y escuela, ayuda para la salida, servicio de manitas y servicios de instalaci\u00f3n.<\/p>\n<p>P\u00e1gina web: <a href=\"http:\/\/www.logicalmoves.net\" target=\"_blank\" rel=\"noopener\">http:\/\/www.logicalmoves.net<\/a><\/p>\n<h2><span class=\"ez-toc-section\" id=\"4_Santa_Fe_Relocation\"><\/span><strong>4. Traslado de Santa Fe<\/strong><span class=\"ez-toc-section-end\"><\/span><\/h2>\n<p><img loading=\"lazy\" decoding=\"async\" class=\"alignnone size-full wp-image-10181\" src=\"https:\/\/moverdb.com\/wp-content\/uploads\/Santa-Fe-Relocations-Vietnam-international-moving-company.png\" alt=\"Santa Fe Relocations Vietnam empresa de mudanzas internacionales\" width=\"1440\" height=\"681\" data-wp-pid=\"10181\" srcset=\"https:\/\/moverdb.com\/wp-content\/uploads\/Santa-Fe-Relocations-Vietnam-international-moving-company.png 1440w, https:\/\/moverdb.com\/wp-content\/uploads\/Santa-Fe-Relocations-Vietnam-international-moving-company-300x142.png 300w, https:\/\/moverdb.com\/wp-content\/uploads\/Santa-Fe-Relocations-Vietnam-international-moving-company-1024x484.png 1024w, https:\/\/moverdb.com\/wp-content\/uploads\/Santa-Fe-Relocations-Vietnam-international-moving-company-18x9.png 18w, https:\/\/moverdb.com\/wp-content\/uploads\/Santa-Fe-Relocations-Vietnam-international-moving-company-600x284.png 600w\" sizes=\"auto, (max-width: 1440px) 100vw, 1440px\" \/><\/p>\n<ul>\n<li>Traslados locales y nacionales<\/li>\n<li>Desplazamientos internacionales<\/li>\n<li>Traslado de hogares<\/li>\n<li>Desplazamientos de empresas<\/li>\n<li>Servicio puerta a puerta<\/li>\n<li>Embalaje especializado<\/li>\n<li>Despacho de aduanas<\/li>\n<li>Visados e inmigraci\u00f3n<\/li>\n<li>Servicios en destino<\/li>\n<li>Almacenamiento seguro<\/li>\n<\/ul>\n<p>Santa Fe Relocation es una empresa internacional de mudanzas y traslados con m\u00e1s de 130 a\u00f1os de experiencia y cuenta con 64 oficinas en 38 pa\u00edses, incluidas Hanoi y Ciudad Ho Chi Minh en Vietnam. Son miembros de IAM con 17 a\u00f1os de experiencia y est\u00e1n acreditados por FIDI.<\/p>\n<p>Santa Fe Relocation ofrece servicios de mudanza puerta a puerta con un equipo profesional que le ayudar\u00e1 durante todo el proceso. Proporcionan un servicio de embalaje especializado para proteger sus pertenencias durante el traslado, pero tambi\u00e9n ofrecen planes integrales de protecci\u00f3n de env\u00edos. Ofrecen servicios adicionales que incluyen visados y servicios de inmigraci\u00f3n, b\u00fasqueda de vivienda y otros servicios de destino.<\/p>\n<p>P\u00e1gina web: <a href=\"https:\/\/www.santaferelo.com\/en\/contact\/our-offices\/vietnam-ho-chi-minh\/\" target=\"_blank\" rel=\"noopener\">https:\/\/www.santaferelo.com\/en\/contact\/our-offices\/vietnam-ho-chi-minh\/<\/a><\/p>\n<h2><span class=\"ez-toc-section\" id=\"5_Saigon_Van\"><\/span><strong>5. Saigon Van<\/strong><span class=\"ez-toc-section-end\"><\/span><\/h2>\n<p><img loading=\"lazy\" decoding=\"async\" class=\"alignnone size-full wp-image-10258\" src=\"https:\/\/moverdb.com\/wp-content\/uploads\/Saigon-Van-international-moving-company.png\" alt=\"Empresa de mudanzas internacionales Saigon Van\" width=\"1440\" height=\"700\" data-wp-pid=\"10258\" srcset=\"https:\/\/moverdb.com\/wp-content\/uploads\/Saigon-Van-international-moving-company.png 1440w, https:\/\/moverdb.com\/wp-content\/uploads\/Saigon-Van-international-moving-company-300x146.png 300w, https:\/\/moverdb.com\/wp-content\/uploads\/Saigon-Van-international-moving-company-1024x498.png 1024w, https:\/\/moverdb.com\/wp-content\/uploads\/Saigon-Van-international-moving-company-18x9.png 18w, https:\/\/moverdb.com\/wp-content\/uploads\/Saigon-Van-international-moving-company-600x292.png 600w\" sizes=\"auto, (max-width: 1440px) 100vw, 1440px\" \/><\/p>\n<ul>\n<li>Traslados locales y nacionales<\/li>\n<li>Traslados internacionales<\/li>\n<li>Mudanzas dom\u00e9sticas<\/li>\n<li>Traslado de oficinas<\/li>\n<li>Servicio de embalaje<\/li>\n<li>Despacho de aduanas<\/li>\n<li>Traslado de mascotas<\/li>\n<li>Servicio de manutenci\u00f3n<\/li>\n<li>Seguros<\/li>\n<li>Almacenamiento<\/li>\n<\/ul>\n<p>Saigon Van es una empresa de reubicaci\u00f3n internacional fundada en 1990, con sede en Ciudad Ho Chi Minh y una sucursal en Ha Noi. Trabajan con colegas internacionales para ayudarles a prestar servicios fuera de Vietnam. Son miembros de IAM con 33 a\u00f1os de experiencia y est\u00e1n acreditados por FIDI.<\/p>\n<p>Saigon Van ofrece servicios de mudanzas y traslados locales, nacionales e internacionales que comienzan con un estudio previo a la mudanza. Proporcionan un experimentado equipo de embalaje para envolver y proteger sus pertenencias. Organizan el transporte con despacho de aduanas y seguro. Sus servicios de reubicaci\u00f3n incluyen visados, matriculaci\u00f3n escolar, servicios de manitas, servicios de limpieza y almacenamiento.<\/p>\n<p>P\u00e1gina web: <a href=\"http:\/\/www.saigonvan.com\/\" target=\"_blank\" rel=\"noopener\">http:\/\/www.saigonvan.com\/<\/a><\/p>\n<h2><span class=\"ez-toc-section\" id=\"Other_Useful_Guides_to_Vietnam\"><\/span>Otras gu\u00edas \u00fatiles sobre Vietnam<span class=\"ez-toc-section-end\"><\/span><\/h2>\n<ul>\n<li> <a href=\"https:\/\/moverdb.com\/es\/transporte-de-contenedores\/vietnam\/\">2024 Tarifas de transporte mar\u00edtimo de contenedores desde y hacia Vietnam<\/a><\/li>\n<li> <a href=\"https:\/\/moverdb.com\/es\/moving-to-vietnam\/\">\u00bfSe muda a Vietnam? 2026 Coste de la vida y consejos para el traslado<\/a><\/li>\n<li> <a href=\"https:\/\/moverdb.com\/es\/moving-to-vietnam\/best-places-to-live-vietnam\/\">Los 12 mejores lugares para vivir en Vietnam<\/a><\/li>\n<\/ul>","protected":false},"excerpt":{"rendered":"<p>Are you thinking of moving to, from or within Vietnam? Getting a moving company to assist you can help ease the process as they can pack your effects, arrange transportation and manage customs procedures. Below we have compiled a list of Vietnam based removal companies that are members of the International Association of Movers (IAM) [&hellip;]<\/p>\n","protected":false},"author":4,"featured_media":10115,"parent":190,"menu_order":0,"comment_status":"closed","ping_status":"closed","template":"","meta":{"_genesis_hide_title":false,"_genesis_hide_breadcrumbs":false,"_genesis_hide_singular_image":false,"_genesis_hide_footer_widgets":false,"_genesis_custom_body_class":"","_genesis_custom_post_class":"","_genesis_layout":"","footnotes":""},"class_list":{"0":"post-10257","1":"page","2":"type-page","3":"status-publish","4":"has-post-thumbnail","6":"entry"},"_links":{"self":[{"href":"https:\/\/moverdb.com\/es\/wp-json\/wp\/v2\/pages\/10257","targetHints":{"allow":["GET"]}}],"collection":[{"href":"https:\/\/moverdb.com\/es\/wp-json\/wp\/v2\/pages"}],"about":[{"href":"https:\/\/moverdb.com\/es\/wp-json\/wp\/v2\/types\/page"}],"author":[{"embeddable":true,"href":"https:\/\/moverdb.com\/es\/wp-json\/wp\/v2\/users\/4"}],"replies":[{"embeddable":true,"href":"https:\/\/moverdb.com\/es\/wp-json\/wp\/v2\/comments?post=10257"}],"version-history":[{"count":3,"href":"https:\/\/moverdb.com\/es\/wp-json\/wp\/v2\/pages\/10257\/revisions"}],"predecessor-version":[{"id":16500,"href":"https:\/\/moverdb.com\/es\/wp-json\/wp\/v2\/pages\/10257\/revisions\/16500"}],"up":[{"embeddable":true,"href":"https:\/\/moverdb.com\/es\/wp-json\/wp\/v2\/pages\/190"}],"wp:featuredmedia":[{"embeddable":true,"href":"https:\/\/moverdb.com\/es\/wp-json\/wp\/v2\/media\/10115"}],"wp:attachment":[{"href":"https:\/\/moverdb.com\/es\/wp-json\/wp\/v2\/media?parent=10257"}],"curies":[{"name":"wp","href":"https:\/\/api.w.org\/{rel}","templated":true}]}}