{"id":10249,"date":"2023-06-22T15:38:39","date_gmt":"2023-06-22T15:38:39","guid":{"rendered":"https:\/\/moverdb.com\/?page_id=10249"},"modified":"2026-01-08T15:24:29","modified_gmt":"2026-01-08T15:24:29","slug":"moving-companies-uruguay","status":"publish","type":"page","link":"https:\/\/moverdb.com\/es\/moving-companies\/moving-companies-uruguay\/","title":{"rendered":"3 Mejores Empresas de Mudanzas Internacionales en Uruguay"},"content":{"rendered":"<p>Mudarse de casa o de empresa puede ser un momento agitado y estresante, con mucho que hacer y organizar. Aqu\u00ed es donde un <a href=\"https:\/\/moverdb.com\/es\/moving-companies\/\" data-internallinksmanager029f6b8e52c=\"79\" title=\"Las 25 mejores empresas de mudanzas internacionales en l\u00ednea\">empresa de mudanzas<\/a> puede ayudarle encarg\u00e1ndose de muchas de las tareas, como embalar, organizar el transporte y gestionar los tr\u00e1mites aduaneros de las mudanzas entre pa\u00edses. A continuaci\u00f3n hemos recopilado una lista de empresas con sede en Uruguay <a href=\"https:\/\/moverdb.com\/es\/international-removals\/\" data-internallinksmanager029f6b8e52c=\"27\" title=\"36 mejores empresas de mudanzas internacionales del Reino Unido\">empresas de mudanzas<\/a> que son miembros de la <a href=\"https:\/\/moverdb.com\/es\/iam\/\" data-internallinksmanager029f6b8e52c=\"23\" title=\"Explicaci\u00f3n de la Asociaci\u00f3n Internacional de Empresas de Mudanzas (IAM)\">Asociaci\u00f3n Internacional de Empresas de Mudanzas<\/a> (IAM) y\/o <a href=\"https:\/\/moverdb.com\/es\/fidi-faim\/\" data-internallinksmanager029f6b8e52c=\"16\" title=\"Explicaci\u00f3n del FIDI y del FAIM (FIDI Accredited International Mover)\">FIDI<\/a> Empresa de mudanzas internacionales acreditada (FAIM) que podr\u00eda ayudarle con su mudanza.<\/p>\n<h2><strong>1. Mudanza AB<\/strong><\/h2>\n<p><img loading=\"lazy\" decoding=\"async\" class=\"alignnone size-full wp-image-10064\" src=\"https:\/\/moverdb.com\/wp-content\/uploads\/AB-Moving-international-moving-company.png\" alt=\"AB Moving empresa de mudanzas internacionales\" width=\"1440\" height=\"679\" data-wp-pid=\"10064\" srcset=\"https:\/\/moverdb.com\/wp-content\/uploads\/AB-Moving-international-moving-company.png 1440w, https:\/\/moverdb.com\/wp-content\/uploads\/AB-Moving-international-moving-company-300x141.png 300w, https:\/\/moverdb.com\/wp-content\/uploads\/AB-Moving-international-moving-company-1024x483.png 1024w, https:\/\/moverdb.com\/wp-content\/uploads\/AB-Moving-international-moving-company-18x8.png 18w, https:\/\/moverdb.com\/wp-content\/uploads\/AB-Moving-international-moving-company-600x283.png 600w\" sizes=\"auto, (max-width: 1440px) 100vw, 1440px\" \/><\/p>\n<ul>\n<li>Movimientos nacionales<\/li>\n<li>Traslados internacionales<\/li>\n<li>Mudanzas dom\u00e9sticas<\/li>\n<li>Movimientos de negocios<\/li>\n<li>Servicios de reubicaci\u00f3n<\/li>\n<li>Embalaje profesional<\/li>\n<li>Transporte a\u00e9reo, mar\u00edtimo y terrestre<\/li>\n<li>Manejo del arte<\/li>\n<li>Traslado de mascotas<\/li>\n<li>Almacenamiento seguro<\/li>\n<\/ul>\n<p>AB Moving es una empresa de mudanzas y traslados internacionales con m\u00e1s de 25 a\u00f1os de experiencia y sede en Montevideo. Cuentan con una red de agentes en todo el mundo que les permite realizar mudanzas a cualquier parte del mundo. Son miembros de IAM con 15 a\u00f1os de servicio.<\/p>\n<p>AB Moving proporciona servicios personalizados que se adaptan a sus necesidades y ofrecen un servicio puerta a puerta. Proporcionan un servicio de embalaje profesional que utiliza materiales de alta calidad y esqueletos de madera hechos a medida para proteger sus objetos. Organizar\u00e1n el transporte por aire, mar o carretera con toda la documentaci\u00f3n necesaria.<\/p>\n<p>P\u00e1gina web: <a href=\"http:\/\/www.ab.com.uy\" target=\"_blank\" rel=\"noopener\">http:\/\/www.ab.com.uy<\/a><\/p>\n<h2><strong>2. Autogiro<\/strong><\/h2>\n<p><img loading=\"lazy\" decoding=\"async\" class=\"alignnone size-full wp-image-10085\" src=\"https:\/\/moverdb.com\/wp-content\/uploads\/Autogiro-international-moving-company.png\" alt=\"Autogiro empresa de mudanzas internacionales\" width=\"1440\" height=\"682\" data-wp-pid=\"10085\" srcset=\"https:\/\/moverdb.com\/wp-content\/uploads\/Autogiro-international-moving-company.png 1440w, https:\/\/moverdb.com\/wp-content\/uploads\/Autogiro-international-moving-company-300x142.png 300w, https:\/\/moverdb.com\/wp-content\/uploads\/Autogiro-international-moving-company-1024x485.png 1024w, https:\/\/moverdb.com\/wp-content\/uploads\/Autogiro-international-moving-company-18x9.png 18w, https:\/\/moverdb.com\/wp-content\/uploads\/Autogiro-international-moving-company-600x284.png 600w\" sizes=\"auto, (max-width: 1440px) 100vw, 1440px\" \/><\/p>\n<ul>\n<li>Movimientos nacionales<\/li>\n<li>Traslados internacionales<\/li>\n<li>Mudanzas residenciales<\/li>\n<li>Mudanzas de empresas<\/li>\n<li>Servicios de reubicaci\u00f3n<\/li>\n<li>Servicio de embalaje<\/li>\n<li>Medios de transporte<\/li>\n<li>Manipulaci\u00f3n de obras de arte<\/li>\n<li>Transporte de mascotas<\/li>\n<li>Almacenamiento seguro<\/li>\n<\/ul>\n<p>Autogiro es una empresa de mudanzas y transporte de cargas fundada en 1925 y con sede en Montevideo. Han creado lazos con agentes de todo el mundo que cumplen con altos est\u00e1ndares para ayudarles en la prestaci\u00f3n de servicios internacionales. Son miembros de IAM con 98 a\u00f1os de servicio y est\u00e1n acreditados por FIDI.<\/p>\n<p>Autogiro estimar\u00e1 primero el volumen de su mudanza y le proporcionar\u00e1 un presupuesto para una mudanza puerta a puerta con asesoramiento aduanero. Embalar\u00e1n sus efectos y los proteger\u00e1n en cajones de MDF y cumplir\u00e1n las normas internacionales para art\u00edculos fr\u00e1giles. Los cargar\u00e1n en un contenedor o en cajas de madera y los transportar\u00e1n a su destino facilit\u00e1ndole un inventario.<\/p>\n<p>P\u00e1gina web: <a href=\"http:\/\/www.autogiro.com.uy\" target=\"_blank\" rel=\"noopener\">http:\/\/www.autogiro.com.uy<\/a><\/p>\n<h2><strong>3. Uruvan<\/strong><\/h2>\n<p><img loading=\"lazy\" decoding=\"async\" class=\"alignnone size-full wp-image-10251\" src=\"https:\/\/moverdb.com\/wp-content\/uploads\/Uruvan-international-moving-company-1.png\" alt=\"Empresa de mudanzas internacionales Uruvan\" width=\"1440\" height=\"709\" data-wp-pid=\"10251\" srcset=\"https:\/\/moverdb.com\/wp-content\/uploads\/Uruvan-international-moving-company-1.png 1440w, https:\/\/moverdb.com\/wp-content\/uploads\/Uruvan-international-moving-company-1-300x148.png 300w, https:\/\/moverdb.com\/wp-content\/uploads\/Uruvan-international-moving-company-1-1024x504.png 1024w, https:\/\/moverdb.com\/wp-content\/uploads\/Uruvan-international-moving-company-1-18x9.png 18w, https:\/\/moverdb.com\/wp-content\/uploads\/Uruvan-international-moving-company-1-600x295.png 600w\" sizes=\"auto, (max-width: 1440px) 100vw, 1440px\" \/><\/p>\n<ul>\n<li>Mudanzas nacionales<\/li>\n<li>Mudanzas internacionales<\/li>\n<li>Mudanzas dom\u00e9sticas<\/li>\n<li>Mudanzas de empresas<\/li>\n<li>Servicios de reubicaci\u00f3n<\/li>\n<li>Servicio de embalaje<\/li>\n<li>Despacho de aduanas<\/li>\n<li>Transporte de arte<\/li>\n<li>Transporte de mascotas<\/li>\n<li>Instalaciones de almacenamiento<\/li>\n<\/ul>\n<p>Uruvan es una empresa de mudanzas nacionales e internacionales que ofrece servicios de transporte de carga y almacenamiento formada en 1982 y con sede en Montevideo y una oficina en Punta del Etse. Trabajan con agencias de todo el mundo para prestar servicios en Uruguay y a nivel internacional. Son miembros de IAM con 41 a\u00f1os de servicio y est\u00e1n acreditados por FIDI.<\/p>\n<p>Uruvan ofrece servicios de mudanza puerta a puerta, empezando por un estudio del hogar para evaluar sus necesidades y proporcionarle un presupuesto. Coordinar\u00e1n su mudanza y organizar\u00e1n el transporte, el embalaje y el despacho de aduanas. Su equipo profesional de mudanzas embalar\u00e1 sus efectos personales con los materiales de embalaje adecuados para protegerlos durante el traslado a su nuevo hogar.<\/p>\n<p>P\u00e1gina web: <a href=\"http:\/\/www.uruvan.com.uy\" target=\"_blank\" rel=\"noopener\">http:\/\/www.uruvan.com.uy<\/a><\/p>","protected":false},"excerpt":{"rendered":"<p>Moving home or your business can be a hectic and stressful time with a lot to do and arrange. This is where a moving company can help you by taking on many of the tasks such as packing, arranging transportation and handling customs arrangements for inter-country moves. Below we have compiled a list of Uruguay [&hellip;]<\/p>\n","protected":false},"author":4,"featured_media":10064,"parent":190,"menu_order":0,"comment_status":"closed","ping_status":"closed","template":"","meta":{"_genesis_hide_title":false,"_genesis_hide_breadcrumbs":false,"_genesis_hide_singular_image":false,"_genesis_hide_footer_widgets":false,"_genesis_custom_body_class":"","_genesis_custom_post_class":"","_genesis_layout":"","footnotes":""},"class_list":{"0":"post-10249","1":"page","2":"type-page","3":"status-publish","4":"has-post-thumbnail","6":"entry"},"_links":{"self":[{"href":"https:\/\/moverdb.com\/es\/wp-json\/wp\/v2\/pages\/10249","targetHints":{"allow":["GET"]}}],"collection":[{"href":"https:\/\/moverdb.com\/es\/wp-json\/wp\/v2\/pages"}],"about":[{"href":"https:\/\/moverdb.com\/es\/wp-json\/wp\/v2\/types\/page"}],"author":[{"embeddable":true,"href":"https:\/\/moverdb.com\/es\/wp-json\/wp\/v2\/users\/4"}],"replies":[{"embeddable":true,"href":"https:\/\/moverdb.com\/es\/wp-json\/wp\/v2\/comments?post=10249"}],"version-history":[{"count":1,"href":"https:\/\/moverdb.com\/es\/wp-json\/wp\/v2\/pages\/10249\/revisions"}],"predecessor-version":[{"id":10252,"href":"https:\/\/moverdb.com\/es\/wp-json\/wp\/v2\/pages\/10249\/revisions\/10252"}],"up":[{"embeddable":true,"href":"https:\/\/moverdb.com\/es\/wp-json\/wp\/v2\/pages\/190"}],"wp:featuredmedia":[{"embeddable":true,"href":"https:\/\/moverdb.com\/es\/wp-json\/wp\/v2\/media\/10064"}],"wp:attachment":[{"href":"https:\/\/moverdb.com\/es\/wp-json\/wp\/v2\/media?parent=10249"}],"curies":[{"name":"wp","href":"https:\/\/api.w.org\/{rel}","templated":true}]}}