{"id":10244,"date":"2023-06-22T15:42:03","date_gmt":"2023-06-22T15:42:03","guid":{"rendered":"https:\/\/moverdb.com\/?page_id=10244"},"modified":"2026-01-08T15:24:55","modified_gmt":"2026-01-08T15:24:55","slug":"moving-companies-ukraine","status":"publish","type":"page","link":"https:\/\/moverdb.com\/es\/moving-companies\/moving-companies-ukraine\/","title":{"rendered":"4 Mejores Empresas de Mudanzas Internacionales en Ucrania"},"content":{"rendered":"<p>Mudarse es complejo en cualquier momento, as\u00ed que si est\u00e1 planeando una mudanza desde, hacia o dentro de Ucrania, puede que quiera considerar la posibilidad de conseguir un <a href=\"https:\/\/moverdb.com\/es\/moving-companies\/\" data-internallinksmanager029f6b8e52c=\"79\" title=\"Las 25 mejores empresas de mudanzas internacionales en l\u00ednea\">empresa de mudanzas<\/a>. Pueden ayudarle con la planificaci\u00f3n, el embalaje y la log\u00edstica. A continuaci\u00f3n hemos recopilado una lista de ucranianos <a href=\"https:\/\/moverdb.com\/es\/international-removals\/\" data-internallinksmanager029f6b8e52c=\"27\" title=\"36 mejores empresas de mudanzas internacionales del Reino Unido\">empresas de mudanzas<\/a> que son miembros de la <a href=\"https:\/\/moverdb.com\/es\/iam\/\" data-internallinksmanager029f6b8e52c=\"23\" title=\"Explicaci\u00f3n de la Asociaci\u00f3n Internacional de Empresas de Mudanzas (IAM)\">Asociaci\u00f3n Internacional de Empresas de Mudanzas<\/a> (IAM) y\/o <a href=\"https:\/\/moverdb.com\/es\/fidi-faim\/\" data-internallinksmanager029f6b8e52c=\"16\" title=\"Explicaci\u00f3n del FIDI y del FAIM (FIDI Accredited International Mover)\">FIDI<\/a> Empresa de mudanzas internacionales acreditada (FAIM) que podr\u00eda ayudarle con su mudanza.<\/p>\n<div id=\"ez-toc-container\" class=\"ez-toc-v2_0_82_2 ez-toc-wrap-left counter-hierarchy ez-toc-counter ez-toc-transparent ez-toc-container-direction\">\n<div class=\"ez-toc-title-container\">\n<p class=\"ez-toc-title\" style=\"cursor:inherit\">Secciones<\/p>\n<span class=\"ez-toc-title-toggle\"><a href=\"#\" class=\"ez-toc-pull-right ez-toc-btn ez-toc-btn-xs ez-toc-btn-default ez-toc-toggle\" aria-label=\"Alternar tabla de contenidos\"><span class=\"ez-toc-js-icon-con\"><span class=\"\"><span class=\"eztoc-hide\" style=\"display:none;\">Toggle<\/span><span class=\"ez-toc-icon-toggle-span\"><svg style=\"fill: #999;color:#999\" xmlns=\"http:\/\/www.w3.org\/2000\/svg\" class=\"list-377408\" width=\"20px\" height=\"20px\" viewbox=\"0 0 24 24\" fill=\"none\"><path d=\"M6 6H4v2h2V6zm14 0H8v2h12V6zM4 11h2v2H4v-2zm16 0H8v2h12v-2zM4 16h2v2H4v-2zm16 0H8v2h12v-2z\" fill=\"currentColor\"><\/path><\/svg><svg style=\"fill: #999;color:#999\" class=\"arrow-unsorted-368013\" xmlns=\"http:\/\/www.w3.org\/2000\/svg\" width=\"10px\" height=\"10px\" viewbox=\"0 0 24 24\" version=\"1.2\" baseprofile=\"tiny\"><path d=\"M18.2 9.3l-6.2-6.3-6.2 6.3c-.2.2-.3.4-.3.7s.1.5.3.7c.2.2.4.3.7.3h11c.3 0 .5-.1.7-.3.2-.2.3-.5.3-.7s-.1-.5-.3-.7zM5.8 14.7l6.2 6.3 6.2-6.3c.2-.2.3-.5.3-.7s-.1-.5-.3-.7c-.2-.2-.4-.3-.7-.3h-11c-.3 0-.5.1-.7.3-.2.2-.3.5-.3.7s.1.5.3.7z\"\/><\/svg><\/span><\/span><\/span><\/a><\/span><\/div>\n<nav><ul class='ez-toc-list ez-toc-list-level-1 eztoc-toggle-hide-by-default' ><li class='ez-toc-page-1 ez-toc-heading-level-2'><a class=\"ez-toc-link ez-toc-heading-1\" href=\"https:\/\/moverdb.com\/es\/moving-companies\/moving-companies-ukraine\/#1_Eurodean_International_Movers\" >1. Mudanzas Internacionales Eurodean<\/a><\/li><li class='ez-toc-page-1 ez-toc-heading-level-2'><a class=\"ez-toc-link ez-toc-heading-2\" href=\"https:\/\/moverdb.com\/es\/moving-companies\/moving-companies-ukraine\/#2_Gosselin\" >2. Gosselin<\/a><\/li><li class='ez-toc-page-1 ez-toc-heading-level-2'><a class=\"ez-toc-link ez-toc-heading-3\" href=\"https:\/\/moverdb.com\/es\/moving-companies\/moving-companies-ukraine\/#3_KLS\" >3. KLS<\/a><\/li><li class='ez-toc-page-1 ez-toc-heading-level-2'><a class=\"ez-toc-link ez-toc-heading-4\" href=\"https:\/\/moverdb.com\/es\/moving-companies\/moving-companies-ukraine\/#4_Santa_Fe_Relocation\" >4. Traslado de Santa Fe<\/a><\/li><\/ul><\/nav><\/div>\n<h2><span class=\"ez-toc-section\" id=\"1_Eurodean_International_Movers\"><\/span><strong>1. Mudanzas Internacionales Eurodean<\/strong><span class=\"ez-toc-section-end\"><\/span><\/h2>\n<p><img loading=\"lazy\" decoding=\"async\" class=\"alignnone size-full wp-image-10114\" src=\"https:\/\/moverdb.com\/wp-content\/uploads\/Eurodean-International-Movers-moving-company.png\" alt=\"Empresa de mudanzas Eurodean International Movers\" width=\"1440\" height=\"680\" data-wp-pid=\"10114\" srcset=\"https:\/\/moverdb.com\/wp-content\/uploads\/Eurodean-International-Movers-moving-company.png 1440w, https:\/\/moverdb.com\/wp-content\/uploads\/Eurodean-International-Movers-moving-company-300x142.png 300w, https:\/\/moverdb.com\/wp-content\/uploads\/Eurodean-International-Movers-moving-company-1024x484.png 1024w, https:\/\/moverdb.com\/wp-content\/uploads\/Eurodean-International-Movers-moving-company-18x9.png 18w, https:\/\/moverdb.com\/wp-content\/uploads\/Eurodean-International-Movers-moving-company-600x283.png 600w\" sizes=\"auto, (max-width: 1440px) 100vw, 1440px\" \/><\/p>\n<ul>\n<li>Traslados internacionales<\/li>\n<li>Mudanzas dom\u00e9sticas<\/li>\n<li>Traslado de oficinas<\/li>\n<li>Servicio de embalaje<\/li>\n<li>Transporte de mercanc\u00edas por tierra, mar y aire<\/li>\n<li>Servicio de aduanas<\/li>\n<li>Manipulaci\u00f3n de obras de arte<\/li>\n<li>Traslado de mascotas<\/li>\n<li>Seguros<\/li>\n<li>Instalaciones de almacenamiento<\/li>\n<\/ul>\n<p>Eurodean International Movers es una empresa de mudanzas internacionales que opera en Ucrania desde el a\u00f1o 2000. Son miembros de IAM con 16 a\u00f1os de servicio, lo que significa que tienen acceso a una red internacional de empresas de mudanzas para apoyar mudanzas en todo el mundo.<\/p>\n<p>Eurodean International Movers ofrece servicios de mudanzas de puerta a puerta que incluyen el suministro de embaladores altamente cualificados que utilizar\u00e1n embalajes espec\u00edficamente dise\u00f1ados para los art\u00edculos. Tambi\u00e9n fabrican cajas de madera a medida para art\u00edculos fr\u00e1giles. Organizar\u00e1n el transporte de sus pertenencias por tierra, mar o aire con despacho de aduanas y tramitaci\u00f3n de permisos. Ofrecen servicios adicionales que incluyen el traslado de mascotas y la manipulaci\u00f3n de obras de arte.<\/p>\n<p>P\u00e1gina web: <a href=\"https:\/\/eurodean.ua\/\" target=\"_blank\" rel=\"noopener\">https:\/\/eurodean.ua\/<\/a><\/p>\n<h2><span class=\"ez-toc-section\" id=\"2_Gosselin\"><\/span><strong>2. Gosselin<\/strong><span class=\"ez-toc-section-end\"><\/span><\/h2>\n<p><img loading=\"lazy\" decoding=\"async\" class=\"alignnone size-full wp-image-10131\" src=\"https:\/\/moverdb.com\/wp-content\/uploads\/Gosselin-Ukraine-international-moving-company.png\" alt=\"Empresa de mudanzas internacionales Gosselin Ucrania\" width=\"1440\" height=\"681\" data-wp-pid=\"10131\" srcset=\"https:\/\/moverdb.com\/wp-content\/uploads\/Gosselin-Ukraine-international-moving-company.png 1440w, https:\/\/moverdb.com\/wp-content\/uploads\/Gosselin-Ukraine-international-moving-company-300x142.png 300w, https:\/\/moverdb.com\/wp-content\/uploads\/Gosselin-Ukraine-international-moving-company-1024x484.png 1024w, https:\/\/moverdb.com\/wp-content\/uploads\/Gosselin-Ukraine-international-moving-company-18x9.png 18w, https:\/\/moverdb.com\/wp-content\/uploads\/Gosselin-Ukraine-international-moving-company-600x284.png 600w\" sizes=\"auto, (max-width: 1440px) 100vw, 1440px\" \/><\/p>\n<ul>\n<li>Traslados internacionales<\/li>\n<li>Mudanzas residenciales<\/li>\n<li>Movimientos corporativos<\/li>\n<li>Servicio puerta a puerta<\/li>\n<li>Servicio de embalaje<\/li>\n<li>Organizaci\u00f3n del transporte<\/li>\n<li>Tramitaci\u00f3n aduanera<\/li>\n<li>Mascotas y <a href=\"https:\/\/moverdb.com\/es\/car-transport-shipping\/\" data-internallinksmanager029f6b8e52c=\"2\" title=\"2026 Cotizaciones de transporte internacional de coches y env\u00edo de veh\u00edculos\">transporte de coches<\/a><\/li>\n<li>Seguro de transporte<\/li>\n<li>Servicio de almacenamiento<\/li>\n<\/ul>\n<p>Gosselin es una empresa de mudanzas internacionales que tiene oficinas en 34 pa\u00edses de Europa, el C\u00e1ucaso y Asia Central, con su oficina de Ucrania en Kiev. Tambi\u00e9n cuenta con una red de socios de mudanzas de calidad que complementa su propia red para realizar mudanzas a casi cualquier lugar. Es miembro de IAM.<\/p>\n<p>Gosselin ofrece un servicio de mudanzas puerta a puerta desde y hacia Ucrania con profesionales de la mudanza. Su servicio de embalaje incluye el empaquetado seguro de sus pertenencias para el tr\u00e1nsito, el desmontaje y montaje de los muebles y el desembalaje a la llegada. Utilizan materiales de embalaje ecol\u00f3gicos y proporcionan seguro de transporte y ayuda con los tr\u00e1mites aduaneros.<\/p>\n<p>P\u00e1gina web: <a href=\"https:\/\/gosselin-moving.com\/en\/moving-to-ukraine\" target=\"_blank\" rel=\"noopener\">https:\/\/gosselin-moving.com\/en\/moving-to-ukraine<\/a><\/p>\n<h2><span class=\"ez-toc-section\" id=\"3_KLS\"><\/span><strong>3. KLS<\/strong><span class=\"ez-toc-section-end\"><\/span><\/h2>\n<p><img loading=\"lazy\" decoding=\"async\" class=\"alignnone size-full wp-image-10147\" src=\"https:\/\/moverdb.com\/wp-content\/uploads\/KLS-Ukraine-international-moving-company.png\" alt=\"KLS Ukraine empresa de mudanzas internacionales\" width=\"1440\" height=\"683\" data-wp-pid=\"10147\" srcset=\"https:\/\/moverdb.com\/wp-content\/uploads\/KLS-Ukraine-international-moving-company.png 1440w, https:\/\/moverdb.com\/wp-content\/uploads\/KLS-Ukraine-international-moving-company-300x142.png 300w, https:\/\/moverdb.com\/wp-content\/uploads\/KLS-Ukraine-international-moving-company-1024x486.png 1024w, https:\/\/moverdb.com\/wp-content\/uploads\/KLS-Ukraine-international-moving-company-18x9.png 18w, https:\/\/moverdb.com\/wp-content\/uploads\/KLS-Ukraine-international-moving-company-600x285.png 600w\" sizes=\"auto, (max-width: 1440px) 100vw, 1440px\" \/><\/p>\n<ul>\n<li>Traslados locales y nacionales<\/li>\n<li>Desplazamientos internacionales<\/li>\n<li>Transporte residencial<\/li>\n<li>Transporte de oficina<\/li>\n<li>Transporte de puerta a puerta<\/li>\n<li>Servicios de embalaje<\/li>\n<li>Transporte por carretera, mar\u00edtimo y a\u00e9reo<\/li>\n<li>Agente de aduanas<\/li>\n<li>Servicios de limpieza<\/li>\n<li>Instalaciones de almacenamiento<\/li>\n<\/ul>\n<p>KLS es una empresa especializada en mudanzas con sede en Kiev y oficinas de representaci\u00f3n en otras regiones de Ucrania y capitales de todo el mundo. Cuentan con socios estrat\u00e9gicos en todo el mundo que les ayudan a prestar sus servicios. Son miembros de IAM con 22 a\u00f1os de servicio.<\/p>\n<p>KLS evaluar\u00e1 y planificar\u00e1 su mudanza con uno de sus especialistas y le ofrecer\u00e1 un servicio puerta a puerta con el apoyo de un gestor personal. Ofrecen un servicio de embalaje que incluye el embalaje seguro de sus pertenencias, el desmontaje de muebles y, a su llegada, montar\u00e1n los muebles y desembalar\u00e1n. Organizar\u00e1n el transporte por carretera, mar o aire con despacho de aduanas.<\/p>\n<p>P\u00e1gina web: <a href=\"http:\/\/www.kls.ua\/\" target=\"_blank\" rel=\"noopener\">http:\/\/www.kls.ua\/<\/a><\/p>\n<h2><span class=\"ez-toc-section\" id=\"4_Santa_Fe_Relocation\"><\/span><strong>4. Traslado de Santa Fe<\/strong><span class=\"ez-toc-section-end\"><\/span><\/h2>\n<p><img loading=\"lazy\" decoding=\"async\" class=\"alignnone size-full wp-image-10179\" src=\"https:\/\/moverdb.com\/wp-content\/uploads\/Santa-Fe-Relocation-Ukraine-international-moving-company.png\" alt=\"Santa Fe Relocation Ucrania empresa de mudanzas internacionales\" width=\"1440\" height=\"681\" data-wp-pid=\"10179\" srcset=\"https:\/\/moverdb.com\/wp-content\/uploads\/Santa-Fe-Relocation-Ukraine-international-moving-company.png 1440w, https:\/\/moverdb.com\/wp-content\/uploads\/Santa-Fe-Relocation-Ukraine-international-moving-company-300x142.png 300w, https:\/\/moverdb.com\/wp-content\/uploads\/Santa-Fe-Relocation-Ukraine-international-moving-company-1024x484.png 1024w, https:\/\/moverdb.com\/wp-content\/uploads\/Santa-Fe-Relocation-Ukraine-international-moving-company-18x9.png 18w, https:\/\/moverdb.com\/wp-content\/uploads\/Santa-Fe-Relocation-Ukraine-international-moving-company-600x284.png 600w\" sizes=\"auto, (max-width: 1440px) 100vw, 1440px\" \/><\/p>\n<ul>\n<li>Traslados locales y nacionales<\/li>\n<li>Desplazamientos internacionales<\/li>\n<li>Mudanzas dom\u00e9sticas<\/li>\n<li>Desplazamientos de empresas<\/li>\n<li>Servicio puerta a puerta<\/li>\n<li>Servicio de embalaje<\/li>\n<li>Medios de transporte<\/li>\n<li>Despacho de aduanas<\/li>\n<li>Visados y servicios de inmigraci\u00f3n<\/li>\n<li>Instalaciones de almacenamiento<\/li>\n<\/ul>\n<p>Santa Fe Relocation es una empresa de reubicaci\u00f3n internacional con 64 oficinas en 38 pa\u00edses, incluida una oficina en Kiev que abri\u00f3 en 2002, aunque llevan prestando servicios en Ucrania desde 1992. Su red se extiende por muchos pa\u00edses y tienen socios que les ayudan a prestar servicios en otros pa\u00edses. Est\u00e1n acreditados por la FIDI.<\/p>\n<p>Santa Fe Relocation presta servicios de mudanzas y traslados puerta a puerta dentro de Ucrania, desde Ucrania y hacia Ucrania. Proporcionan un servicio de embalaje para proteger sus pertenencias en tr\u00e1nsito y organizan el transporte de sus pertenencias con despacho de aduanas. Tambi\u00e9n pueden ayudarle con visados, permisos de trabajo y otra documentaci\u00f3n.<\/p>\n<p>P\u00e1gina web: <a href=\"https:\/\/www.santaferelo.com\/en\/contact\/our-offices\/ukraine-kyiv\/\" target=\"_blank\" rel=\"noopener\">https:\/\/www.santaferelo.com\/en\/contact\/our-offices\/ukraine-kyiv\/<\/a><\/p>","protected":false},"excerpt":{"rendered":"<p>Moving is complex at any time so if you are planning a move from, to or within the Ukraine, you may want to consider getting a moving company. They can assist with planning, packing and logistics. Below we have compiled a list of Ukrainian removal companies that are members of the International Association of Movers [&hellip;]<\/p>\n","protected":false},"author":4,"featured_media":10114,"parent":190,"menu_order":0,"comment_status":"closed","ping_status":"closed","template":"","meta":{"_genesis_hide_title":false,"_genesis_hide_breadcrumbs":false,"_genesis_hide_singular_image":false,"_genesis_hide_footer_widgets":false,"_genesis_custom_body_class":"","_genesis_custom_post_class":"","_genesis_layout":"","footnotes":""},"class_list":{"0":"post-10244","1":"page","2":"type-page","3":"status-publish","4":"has-post-thumbnail","6":"entry"},"_links":{"self":[{"href":"https:\/\/moverdb.com\/es\/wp-json\/wp\/v2\/pages\/10244","targetHints":{"allow":["GET"]}}],"collection":[{"href":"https:\/\/moverdb.com\/es\/wp-json\/wp\/v2\/pages"}],"about":[{"href":"https:\/\/moverdb.com\/es\/wp-json\/wp\/v2\/types\/page"}],"author":[{"embeddable":true,"href":"https:\/\/moverdb.com\/es\/wp-json\/wp\/v2\/users\/4"}],"replies":[{"embeddable":true,"href":"https:\/\/moverdb.com\/es\/wp-json\/wp\/v2\/comments?post=10244"}],"version-history":[{"count":1,"href":"https:\/\/moverdb.com\/es\/wp-json\/wp\/v2\/pages\/10244\/revisions"}],"predecessor-version":[{"id":10245,"href":"https:\/\/moverdb.com\/es\/wp-json\/wp\/v2\/pages\/10244\/revisions\/10245"}],"up":[{"embeddable":true,"href":"https:\/\/moverdb.com\/es\/wp-json\/wp\/v2\/pages\/190"}],"wp:featuredmedia":[{"embeddable":true,"href":"https:\/\/moverdb.com\/es\/wp-json\/wp\/v2\/media\/10114"}],"wp:attachment":[{"href":"https:\/\/moverdb.com\/es\/wp-json\/wp\/v2\/media?parent=10244"}],"curies":[{"name":"wp","href":"https:\/\/api.w.org\/{rel}","templated":true}]}}