{"id":10223,"date":"2023-06-22T15:50:48","date_gmt":"2023-06-22T15:50:48","guid":{"rendered":"https:\/\/moverdb.com\/?page_id=10223"},"modified":"2026-01-08T15:30:17","modified_gmt":"2026-01-08T15:30:17","slug":"moving-companies-syria","status":"publish","type":"page","link":"https:\/\/moverdb.com\/es\/moving-companies\/moving-companies-syria\/","title":{"rendered":"Las mejores empresas de mudanzas internacionales en Siria"},"content":{"rendered":"<p>Una mudanza puede ser estresante y compleja si se traslada a otro pa\u00eds, por lo que contratar a un <a href=\"https:\/\/moverdb.com\/es\/moving-companies\/\" data-internallinksmanager029f6b8e52c=\"79\" title=\"Las 25 mejores empresas de mudanzas internacionales en l\u00ednea\">empresa de mudanzas<\/a> para asistirle puede ayudarle a aligerar su carga. A continuaci\u00f3n hemos recopilado una lista de sirios <a href=\"https:\/\/moverdb.com\/es\/international-removals\/\" data-internallinksmanager029f6b8e52c=\"27\" title=\"36 mejores empresas de mudanzas internacionales del Reino Unido\">empresas de mudanzas<\/a> que son miembros de la <a href=\"https:\/\/moverdb.com\/es\/iam\/\" data-internallinksmanager029f6b8e52c=\"23\" title=\"Explicaci\u00f3n de la Asociaci\u00f3n Internacional de Empresas de Mudanzas (IAM)\">Asociaci\u00f3n Internacional de Empresas de Mudanzas<\/a> (IAM) y\/o <a href=\"https:\/\/moverdb.com\/es\/fidi-faim\/\" data-internallinksmanager029f6b8e52c=\"16\" title=\"Explicaci\u00f3n del FIDI y del FAIM (FIDI Accredited International Mover)\">FIDI<\/a> Empresa de mudanzas internacionales acreditada (FAIM) que podr\u00eda ayudarle con su mudanza.<\/p>\n<h2><strong>Dahbar Internacional<\/strong><\/h2>\n<p><img loading=\"lazy\" decoding=\"async\" class=\"alignnone size-full wp-image-10096\" src=\"https:\/\/moverdb.com\/wp-content\/uploads\/Dahbar-International-moving-company.png\" alt=\"Dahbar Empresa de mudanzas internacionales\" width=\"1440\" height=\"882\" data-wp-pid=\"10096\" srcset=\"https:\/\/moverdb.com\/wp-content\/uploads\/Dahbar-International-moving-company.png 1440w, https:\/\/moverdb.com\/wp-content\/uploads\/Dahbar-International-moving-company-300x184.png 300w, https:\/\/moverdb.com\/wp-content\/uploads\/Dahbar-International-moving-company-1024x627.png 1024w, https:\/\/moverdb.com\/wp-content\/uploads\/Dahbar-International-moving-company-18x12.png 18w, https:\/\/moverdb.com\/wp-content\/uploads\/Dahbar-International-moving-company-600x368.png 600w\" sizes=\"auto, (max-width: 1440px) 100vw, 1440px\" \/><\/p>\n<ul>\n<li>Movimientos nacionales<\/li>\n<li>Traslados internacionales<\/li>\n<li>Mudanzas dom\u00e9sticas<\/li>\n<li>Coordinador de mudanzas designado<\/li>\n<li>Servicio puerta a puerta<\/li>\n<li>Servicio de embalaje<\/li>\n<li>Transporte mar\u00edtimo, a\u00e9reo y terrestre<\/li>\n<li>Despacho de aduanas<\/li>\n<li>Seguros<\/li>\n<li>Instalaciones de almacenamiento seguras<\/li>\n<\/ul>\n<p>Dahbar International es una empresa de mudanzas internacionales fundada en 1963 y con sede en Damasco. Cuentan con una red mundial de 900 socios de servicio en casi todas las grandes ciudades para ayudarles. Son miembros de IAM con 60 a\u00f1os de servicio.<\/p>\n<p>Dahbar International ofrece un servicio de mudanzas puerta a puerta y un coordinador de mudanzas designado que le asesorar\u00e1 en la planificaci\u00f3n individual. Ofrecen un servicio de embalaje para proteger sus pertenencias, incluidas cajas para art\u00edculos fr\u00e1giles, y etiquetan todo con c\u00f3digos de barras. Proporcionan transporte mar\u00edtimo, a\u00e9reo o terrestre con despacho de aduanas para importaciones y exportaciones.<\/p>\n<p>P\u00e1gina web: <a href=\"http:\/\/www.dahbar.com\" target=\"_blank\" rel=\"noopener\">http:\/\/www.dahbar.com<\/a><\/p>","protected":false},"excerpt":{"rendered":"<p>Moving can be stressful and complex if you are moving to another country so employing a moving company to assist you can help lighten your load. Below we have compiled a list of Syrian removal companies that are members of the International Association of Movers (IAM) and\/or FIDI Accredited International Mover (FAIM) who could help [&hellip;]<\/p>\n","protected":false},"author":4,"featured_media":10096,"parent":190,"menu_order":0,"comment_status":"closed","ping_status":"closed","template":"","meta":{"_genesis_hide_title":false,"_genesis_hide_breadcrumbs":false,"_genesis_hide_singular_image":false,"_genesis_hide_footer_widgets":false,"_genesis_custom_body_class":"","_genesis_custom_post_class":"","_genesis_layout":"","footnotes":""},"class_list":{"0":"post-10223","1":"page","2":"type-page","3":"status-publish","4":"has-post-thumbnail","6":"entry"},"_links":{"self":[{"href":"https:\/\/moverdb.com\/es\/wp-json\/wp\/v2\/pages\/10223","targetHints":{"allow":["GET"]}}],"collection":[{"href":"https:\/\/moverdb.com\/es\/wp-json\/wp\/v2\/pages"}],"about":[{"href":"https:\/\/moverdb.com\/es\/wp-json\/wp\/v2\/types\/page"}],"author":[{"embeddable":true,"href":"https:\/\/moverdb.com\/es\/wp-json\/wp\/v2\/users\/4"}],"replies":[{"embeddable":true,"href":"https:\/\/moverdb.com\/es\/wp-json\/wp\/v2\/comments?post=10223"}],"version-history":[{"count":1,"href":"https:\/\/moverdb.com\/es\/wp-json\/wp\/v2\/pages\/10223\/revisions"}],"predecessor-version":[{"id":10224,"href":"https:\/\/moverdb.com\/es\/wp-json\/wp\/v2\/pages\/10223\/revisions\/10224"}],"up":[{"embeddable":true,"href":"https:\/\/moverdb.com\/es\/wp-json\/wp\/v2\/pages\/190"}],"wp:featuredmedia":[{"embeddable":true,"href":"https:\/\/moverdb.com\/es\/wp-json\/wp\/v2\/media\/10096"}],"wp:attachment":[{"href":"https:\/\/moverdb.com\/es\/wp-json\/wp\/v2\/media?parent=10223"}],"curies":[{"name":"wp","href":"https:\/\/api.w.org\/{rel}","templated":true}]}}