{"id":10219,"date":"2023-06-22T15:52:47","date_gmt":"2023-06-22T15:52:47","guid":{"rendered":"https:\/\/moverdb.com\/?page_id=10219"},"modified":"2026-01-08T15:29:38","modified_gmt":"2026-01-08T15:29:38","slug":"moving-companies-sweden","status":"publish","type":"page","link":"https:\/\/moverdb.com\/es\/moving-companies\/moving-companies-sweden\/","title":{"rendered":"8 Mejores Empresas de Mudanzas Internacionales en Suecia"},"content":{"rendered":"<p>\u00bfTe mueves dentro, hacia o desde <a href=\"https:\/\/moverdb.com\/es\/moving-to-sweden\/\" data-internallinksmanager029f6b8e52c=\"326\" title=\"\u00bfSe muda a Suecia? 2026 Coste de la vida y consejos para el traslado\">Suecia<\/a>? Entonces quiz\u00e1 le interese contratar los servicios de una empresa de mudanzas que le ayude a planificar su traslado, incluido el embalaje, el transporte y los tr\u00e1mites aduaneros de las mudanzas internacionales. A continuaci\u00f3n hemos recopilado una lista de empresas suecas <a href=\"https:\/\/moverdb.com\/es\/moving-companies\/\" data-internallinksmanager029f6b8e52c=\"79\" title=\"Las 25 mejores empresas de mudanzas internacionales en l\u00ednea\">empresas de mudanzas<\/a> que son miembros de la <a href=\"https:\/\/moverdb.com\/es\/iam\/\" data-internallinksmanager029f6b8e52c=\"23\" title=\"Explicaci\u00f3n de la Asociaci\u00f3n Internacional de Empresas de Mudanzas (IAM)\">Asociaci\u00f3n Internacional de Empresas de Mudanzas<\/a> (IAM) y\/o <a href=\"https:\/\/moverdb.com\/es\/fidi-faim\/\" data-internallinksmanager029f6b8e52c=\"16\" title=\"Explicaci\u00f3n del FIDI y del FAIM (FIDI Accredited International Mover)\">FIDI<\/a> Empresa de mudanzas internacionales acreditada (FAIM) que podr\u00eda ayudarle con su mudanza.<\/p>\n<div id=\"ez-toc-container\" class=\"ez-toc-v2_0_82_2 ez-toc-wrap-left counter-hierarchy ez-toc-counter ez-toc-transparent ez-toc-container-direction\">\n<div class=\"ez-toc-title-container\">\n<p class=\"ez-toc-title\" style=\"cursor:inherit\">Secciones<\/p>\n<span class=\"ez-toc-title-toggle\"><a href=\"#\" class=\"ez-toc-pull-right ez-toc-btn ez-toc-btn-xs ez-toc-btn-default ez-toc-toggle\" aria-label=\"Alternar tabla de contenidos\"><span class=\"ez-toc-js-icon-con\"><span class=\"\"><span class=\"eztoc-hide\" style=\"display:none;\">Toggle<\/span><span class=\"ez-toc-icon-toggle-span\"><svg style=\"fill: #999;color:#999\" xmlns=\"http:\/\/www.w3.org\/2000\/svg\" class=\"list-377408\" width=\"20px\" height=\"20px\" viewbox=\"0 0 24 24\" fill=\"none\"><path d=\"M6 6H4v2h2V6zm14 0H8v2h12V6zM4 11h2v2H4v-2zm16 0H8v2h12v-2zM4 16h2v2H4v-2zm16 0H8v2h12v-2z\" fill=\"currentColor\"><\/path><\/svg><svg style=\"fill: #999;color:#999\" class=\"arrow-unsorted-368013\" xmlns=\"http:\/\/www.w3.org\/2000\/svg\" width=\"10px\" height=\"10px\" viewbox=\"0 0 24 24\" version=\"1.2\" baseprofile=\"tiny\"><path d=\"M18.2 9.3l-6.2-6.3-6.2 6.3c-.2.2-.3.4-.3.7s.1.5.3.7c.2.2.4.3.7.3h11c.3 0 .5-.1.7-.3.2-.2.3-.5.3-.7s-.1-.5-.3-.7zM5.8 14.7l6.2 6.3 6.2-6.3c.2-.2.3-.5.3-.7s-.1-.5-.3-.7c-.2-.2-.4-.3-.7-.3h-11c-.3 0-.5.1-.7.3-.2.2-.3.5-.3.7s.1.5.3.7z\"\/><\/svg><\/span><\/span><\/span><\/a><\/span><\/div>\n<nav><ul class='ez-toc-list ez-toc-list-level-1 eztoc-toggle-hide-by-default' ><li class='ez-toc-page-1 ez-toc-heading-level-2'><a class=\"ez-toc-link ez-toc-heading-1\" href=\"https:\/\/moverdb.com\/es\/moving-companies\/moving-companies-sweden\/#1_Alfa_Moving\" >1. Alfa Mudanzas<\/a><\/li><li class='ez-toc-page-1 ez-toc-heading-level-2'><a class=\"ez-toc-link ez-toc-heading-2\" href=\"https:\/\/moverdb.com\/es\/moving-companies\/moving-companies-sweden\/#2_Aspire_Mobility\" >2. Aspirar a la movilidad<\/a><\/li><li class='ez-toc-page-1 ez-toc-heading-level-2'><a class=\"ez-toc-link ez-toc-heading-3\" href=\"https:\/\/moverdb.com\/es\/moving-companies\/moving-companies-sweden\/#3_Freys_Express\" >3. Freys Express<\/a><\/li><li class='ez-toc-page-1 ez-toc-heading-level-2'><a class=\"ez-toc-link ez-toc-heading-4\" href=\"https:\/\/moverdb.com\/es\/moving-companies\/moving-companies-sweden\/#4_Future_Mobility\" >4. Movilidad futura<\/a><\/li><li class='ez-toc-page-1 ez-toc-heading-level-2'><a class=\"ez-toc-link ez-toc-heading-5\" href=\"https:\/\/moverdb.com\/es\/moving-companies\/moving-companies-sweden\/#5_GLC_Flytt\" >5. GLC Flytt<\/a><\/li><li class='ez-toc-page-1 ez-toc-heading-level-2'><a class=\"ez-toc-link ez-toc-heading-6\" href=\"https:\/\/moverdb.com\/es\/moving-companies\/moving-companies-sweden\/#6_Mirkka_International_Moving\" >6. Mudanzas internacionales Mirkka<\/a><\/li><li class='ez-toc-page-1 ez-toc-heading-level-2'><a class=\"ez-toc-link ez-toc-heading-7\" href=\"https:\/\/moverdb.com\/es\/moving-companies\/moving-companies-sweden\/#7_Stadsbudkontoret\" >7. Stadsbudkontoret<\/a><\/li><li class='ez-toc-page-1 ez-toc-heading-level-2'><a class=\"ez-toc-link ez-toc-heading-8\" href=\"https:\/\/moverdb.com\/es\/moving-companies\/moving-companies-sweden\/#8_TBA_Transporter\" >8. Transportador TBA<\/a><\/li><li class='ez-toc-page-1 ez-toc-heading-level-2'><a class=\"ez-toc-link ez-toc-heading-9\" href=\"https:\/\/moverdb.com\/es\/moving-companies\/moving-companies-sweden\/#Other_Useful_Guides_to_Sweden\" >Otras gu\u00edas \u00fatiles sobre Suecia<\/a><\/li><\/ul><\/nav><\/div>\n<h2><span class=\"ez-toc-section\" id=\"1_Alfa_Moving\"><\/span><strong>1. Alfa Mudanzas<\/strong><span class=\"ez-toc-section-end\"><\/span><\/h2>\n<p><img loading=\"lazy\" decoding=\"async\" class=\"alignnone size-full wp-image-10073\" src=\"https:\/\/moverdb.com\/wp-content\/uploads\/Alfa-Moving-international-moving-company.png\" alt=\"Alfa Moving empresa de mudanzas internacionales\" width=\"1440\" height=\"681\" data-wp-pid=\"10073\" srcset=\"https:\/\/moverdb.com\/wp-content\/uploads\/Alfa-Moving-international-moving-company.png 1440w, https:\/\/moverdb.com\/wp-content\/uploads\/Alfa-Moving-international-moving-company-300x142.png 300w, https:\/\/moverdb.com\/wp-content\/uploads\/Alfa-Moving-international-moving-company-1024x484.png 1024w, https:\/\/moverdb.com\/wp-content\/uploads\/Alfa-Moving-international-moving-company-18x9.png 18w, https:\/\/moverdb.com\/wp-content\/uploads\/Alfa-Moving-international-moving-company-600x284.png 600w\" sizes=\"auto, (max-width: 1440px) 100vw, 1440px\" \/><\/p>\n<ul>\n<li>Movimientos nacionales<\/li>\n<li>Traslados internacionales<\/li>\n<li>Mudanzas residenciales<\/li>\n<li>Movimientos corporativos<\/li>\n<li>Servicios de reubicaci\u00f3n<\/li>\n<li>Servicio puerta a puerta<\/li>\n<li>Medios de transporte<\/li>\n<li>Inmigraci\u00f3n y visados<\/li>\n<li>Seguros<\/li>\n<li>Instalaciones de almacenamiento<\/li>\n<\/ul>\n<p>Alfa Moving es un proveedor escandinavo de servicios de movilidad y asignaciones fundado en 1995 y con 10 oficinas en toda Suecia, <a href=\"https:\/\/moverdb.com\/es\/moving-to-norway\/\" data-internallinksmanager029f6b8e52c=\"325\" title=\"\u00bfSe muda a Noruega? 2026 Coste de la vida y consejos de reubicaci\u00f3n\">Noruega<\/a>, <a href=\"https:\/\/moverdb.com\/es\/moving-to-denmark\/\" data-internallinksmanager029f6b8e52c=\"335\" title=\"\u00bfSe muda a Dinamarca? 2026 Coste de la vida y consejos para el traslado\">Dinamarca<\/a> y <a href=\"https:\/\/moverdb.com\/es\/moving-to-finland\/\" data-internallinksmanager029f6b8e52c=\"345\" title=\"\u00bfSe muda a Finlandia? 2026 Coste de la vida y consejos para el traslado\">Finlandia<\/a>. Ofrecen servicios de mudanzas a 150 pa\u00edses a trav\u00e9s de sus redes internacionales. Son miembros de IAM con 28 a\u00f1os de servicio y est\u00e1n acreditados por FIDI.<\/p>\n<p>Alfa Moving ofrece un servicio puerta a puerta que incluye toda la planificaci\u00f3n y administraci\u00f3n de su mudanza. Seleccionar\u00e1n la mejor opci\u00f3n para su mudanza en funci\u00f3n del tama\u00f1o, contenido y destino de la misma. Tambi\u00e9n ofrecen servicios de reubicaci\u00f3n que incluyen b\u00fasqueda de vivienda y escuela, alojamiento temporal, orientaci\u00f3n, servicios de instalaci\u00f3n y formaci\u00f3n cultural y ling\u00fc\u00edstica.<\/p>\n<p>P\u00e1gina web: <a href=\"http:\/\/www.alfamoving.com\" target=\"_blank\" rel=\"noopener\">http:\/\/www.alfamoving.com<\/a><\/p>\n<h2><span class=\"ez-toc-section\" id=\"2_Aspire_Mobility\"><\/span><strong>2. Aspirar a la movilidad<\/strong><span class=\"ez-toc-section-end\"><\/span><\/h2>\n<p><img loading=\"lazy\" decoding=\"async\" class=\"alignnone size-full wp-image-10081\" src=\"https:\/\/moverdb.com\/wp-content\/uploads\/Aspire-Mobility-international-moving-company.png\" alt=\"Aspire Mobility empresa de mudanzas internacionales\" width=\"1440\" height=\"683\" data-wp-pid=\"10081\" srcset=\"https:\/\/moverdb.com\/wp-content\/uploads\/Aspire-Mobility-international-moving-company.png 1440w, https:\/\/moverdb.com\/wp-content\/uploads\/Aspire-Mobility-international-moving-company-300x142.png 300w, https:\/\/moverdb.com\/wp-content\/uploads\/Aspire-Mobility-international-moving-company-1024x486.png 1024w, https:\/\/moverdb.com\/wp-content\/uploads\/Aspire-Mobility-international-moving-company-18x9.png 18w, https:\/\/moverdb.com\/wp-content\/uploads\/Aspire-Mobility-international-moving-company-600x285.png 600w\" sizes=\"auto, (max-width: 1440px) 100vw, 1440px\" \/><\/p>\n<ul>\n<li>Traslados internacionales<\/li>\n<li>Mudanzas dom\u00e9sticas<\/li>\n<li>Servicios de reubicaci\u00f3n<\/li>\n<li>Asesor de mudanzas<\/li>\n<li>Servicio de embalaje<\/li>\n<li>Transporte mar\u00edtimo y a\u00e9reo<\/li>\n<li>Soporte documental<\/li>\n<li>Inmigraci\u00f3n<\/li>\n<li>Seguros<\/li>\n<li>Instalaciones de almacenamiento<\/li>\n<\/ul>\n<p>Aspire Mobility es una divisi\u00f3n de mudanzas y traslados internacionales de Mobeltransport Danmark fundada en 1879 con sedes en Copenhague, Estocolmo, Aarhus, Odense, Aalborg y Hillerod. Disponen de una red mundial de socios seleccionados para prestarles apoyo en m\u00e1s de 100 pa\u00edses. Son miembros de IAM con 12 a\u00f1os de servicio.<\/p>\n<p>Aspire Mobility pone a su disposici\u00f3n un asesor de mudanzas que realizar\u00e1 un estudio previo a la mudanza para determinar el tama\u00f1o y los requisitos de embalaje. Se encargar\u00e1 de embalar sus pertenencias, organizar el transporte internacional por mar o aire, desembalar y montar los muebles. Ofrecen servicios de reubicaci\u00f3n que incluyen b\u00fasqueda de vivienda y escuela, visados e inmigraci\u00f3n, servicios de instalaci\u00f3n y salida.<\/p>\n<p>P\u00e1gina web: <a href=\"http:\/\/www.aspiremobility.com\" target=\"_blank\" rel=\"noopener\">http:\/\/www.aspiremobility.com<\/a><\/p>\n<h2><span class=\"ez-toc-section\" id=\"3_Freys_Express\"><\/span><strong>3. Freys Express<\/strong><span class=\"ez-toc-section-end\"><\/span><\/h2>\n<p><img loading=\"lazy\" decoding=\"async\" class=\"alignnone size-full wp-image-10119\" src=\"https:\/\/moverdb.com\/wp-content\/uploads\/Freys-Express-international-moving-company.png\" alt=\"Empresa de mudanzas internacionales Freys Express\" width=\"1440\" height=\"674\" data-wp-pid=\"10119\" srcset=\"https:\/\/moverdb.com\/wp-content\/uploads\/Freys-Express-international-moving-company.png 1440w, https:\/\/moverdb.com\/wp-content\/uploads\/Freys-Express-international-moving-company-300x140.png 300w, https:\/\/moverdb.com\/wp-content\/uploads\/Freys-Express-international-moving-company-1024x479.png 1024w, https:\/\/moverdb.com\/wp-content\/uploads\/Freys-Express-international-moving-company-18x8.png 18w, https:\/\/moverdb.com\/wp-content\/uploads\/Freys-Express-international-moving-company-600x281.png 600w\" sizes=\"auto, (max-width: 1440px) 100vw, 1440px\" \/><\/p>\n<ul>\n<li>Movimientos nacionales<\/li>\n<li>Traslados internacionales<\/li>\n<li>Mudanzas dom\u00e9sticas<\/li>\n<li>Desplazamientos de empresas<\/li>\n<li>Servicio puerta a puerta<\/li>\n<li>Gesti\u00f3n de la mudanza<\/li>\n<li>Transporte por carretera, mar\u00edtimo y a\u00e9reo<\/li>\n<li>Despacho de aduanas<\/li>\n<li>Seguros<\/li>\n<li>Almacenamiento a corto y largo plazo<\/li>\n<\/ul>\n<p>Freys Express es una empresa de log\u00edstica de mudanzas fundada en 1896 con siete oficinas en Gotemburgo, Karlstad, Linkoping, Malmo, Estocolmo, Uppsala y Orebro. Han establecido contactos con socios internacionales que les ayudan con las mudanzas fuera de Suecia. Son miembros de IAM con 20 a\u00f1os de servicio y est\u00e1n acreditados por FIDI.<\/p>\n<p>Freys Express ofrece mudanzas puerta a puerta con una cadena ininterrumpida desde la planificaci\u00f3n de su mudanza hasta el desembalaje en su destino. Har\u00e1n un inventario de sus pertenencias para evaluar sus necesidades. Proporcionan un servicio de embalaje, etiquetado y transporte que garantizar\u00e1 que sus pertenencias lleguen sanas y salvas a su destino, incluyendo el despacho de aduanas y el desembalaje.<\/p>\n<p>P\u00e1gina web: <a href=\"http:\/\/gmoving.se\" target=\"_blank\" rel=\"noopener\">http:\/\/gmoving.se<\/a><\/p>\n<h2><span class=\"ez-toc-section\" id=\"4_Future_Mobility\"><\/span><strong>4. Movilidad futura<\/strong><span class=\"ez-toc-section-end\"><\/span><\/h2>\n<p><img loading=\"lazy\" decoding=\"async\" class=\"alignnone size-full wp-image-10122\" src=\"https:\/\/moverdb.com\/wp-content\/uploads\/Future-Mobility-international-moving-company.png\" alt=\"Empresa de mudanzas internacionales Future Mobility\" width=\"1440\" height=\"683\" data-wp-pid=\"10122\" srcset=\"https:\/\/moverdb.com\/wp-content\/uploads\/Future-Mobility-international-moving-company.png 1440w, https:\/\/moverdb.com\/wp-content\/uploads\/Future-Mobility-international-moving-company-300x142.png 300w, https:\/\/moverdb.com\/wp-content\/uploads\/Future-Mobility-international-moving-company-1024x486.png 1024w, https:\/\/moverdb.com\/wp-content\/uploads\/Future-Mobility-international-moving-company-18x9.png 18w, https:\/\/moverdb.com\/wp-content\/uploads\/Future-Mobility-international-moving-company-600x285.png 600w\" sizes=\"auto, (max-width: 1440px) 100vw, 1440px\" \/><\/p>\n<ul>\n<li>Mudanzas nacionales<\/li>\n<li><a href=\"https:\/\/moverdb.com\/es\/international-removals\/\" data-internallinksmanager029f6b8e52c=\"27\" title=\"36 mejores empresas de mudanzas internacionales del Reino Unido\">Mudanzas internacionales<\/a><\/li>\n<li>Mudanzas dom\u00e9sticas<\/li>\n<li>Mudanzas de empresas<\/li>\n<li>Movilidad de los trabajadores<\/li>\n<li>Env\u00edo urgente<\/li>\n<li>Inspecci\u00f3n gratuita<\/li>\n<li>Servicio de embalaje<\/li>\n<li>Organizaci\u00f3n del transporte<\/li>\n<li>Instalaciones de almacenamiento<\/li>\n<\/ul>\n<p>Future Mobility es una empresa de mudanzas internacionales con sede en Estocolmo. Son miembros de IAM con cuatro a\u00f1os de servicio, lo que les proporciona una red internacional de agentes de mudanzas que pueden respaldar sus servicios de mudanzas en el extranjero.<\/p>\n<p>Future Mobility ofrece traslados desde y hacia Suecia y le har\u00e1 una inspecci\u00f3n gratuita para crear un presupuesto a medida basado en sus vol\u00famenes y necesidades. Gestionar\u00e1n cada paso de su mudanza para facilitarle el traslado. Ofrecen servicios de embalaje y montaje para ahorrarle tiempo y proteger sus pertenencias en tr\u00e1nsito. Tambi\u00e9n ofrecen asistencia para la movilidad de los empleados y ayudan a las empresas a gestionar los traslados de sus empleados.<\/p>\n<p>P\u00e1gina web: <a href=\"http:\/\/www.futuremobility.nu\" target=\"_blank\" rel=\"noopener\">http:\/\/www.futuremobility.nu<\/a><\/p>\n<h2><span class=\"ez-toc-section\" id=\"5_GLC_Flytt\"><\/span><strong>5. GLC Flytt<\/strong><span class=\"ez-toc-section-end\"><\/span><\/h2>\n<p><img loading=\"lazy\" decoding=\"async\" class=\"alignnone size-full wp-image-10127\" src=\"https:\/\/moverdb.com\/wp-content\/uploads\/GLC-Flytt-international-moving-company.png\" alt=\"GLC Flytt empresa de mudanzas internacionales\" width=\"1440\" height=\"680\" data-wp-pid=\"10127\" srcset=\"https:\/\/moverdb.com\/wp-content\/uploads\/GLC-Flytt-international-moving-company.png 1440w, https:\/\/moverdb.com\/wp-content\/uploads\/GLC-Flytt-international-moving-company-300x142.png 300w, https:\/\/moverdb.com\/wp-content\/uploads\/GLC-Flytt-international-moving-company-1024x484.png 1024w, https:\/\/moverdb.com\/wp-content\/uploads\/GLC-Flytt-international-moving-company-18x9.png 18w, https:\/\/moverdb.com\/wp-content\/uploads\/GLC-Flytt-international-moving-company-600x283.png 600w\" sizes=\"auto, (max-width: 1440px) 100vw, 1440px\" \/><\/p>\n<ul>\n<li>Movimientos nacionales<\/li>\n<li>Traslados internacionales<\/li>\n<li>Mudanzas dom\u00e9sticas<\/li>\n<li>Mudanzas de oficinas e industriales<\/li>\n<li>Soluciones puerta a puerta<\/li>\n<li>Servicios de embalaje<\/li>\n<li>Medios de transporte<\/li>\n<li>Despacho de aduanas<\/li>\n<li>Seguros<\/li>\n<li>Instalaciones de almacenamiento<\/li>\n<\/ul>\n<p>GLC Flytt es una empresa de mudanzas que ofrece servicios de mudanzas y almacenaje a empresas y particulares. Tiene su sede en Gotemburgo y sus ra\u00edces se remontan a principios de los a\u00f1os ochenta. Utilizan una red internacional de agentes de mudanzas que les ayudan con traslados a todo el mundo. Es miembro de IAM, con 26 a\u00f1os de servicio.<\/p>\n<p>GLC Flytt ofrece mudanzas nacionales e internacionales puerta a puerta para particulares y empresas. Ofrecen opciones de embalaje que incluyen autoembalaje o servicio de embalaje completo que utiliza materiales de embalaje de calidad y cuidados especiales para bienes delicados. Planifican el transporte y gestionan las aduanas, adem\u00e1s de ofrecer servicios de limpieza y otros servicios auxiliares.<\/p>\n<p>P\u00e1gina web: <a href=\"http:\/\/www.glcflytt.se\" target=\"_blank\" rel=\"noopener\">http:\/\/www.glcflytt.se<\/a><\/p>\n<h2><span class=\"ez-toc-section\" id=\"6_Mirkka_International_Moving\"><\/span><strong>6. Mudanzas internacionales Mirkka<\/strong><span class=\"ez-toc-section-end\"><\/span><\/h2>\n<p><img loading=\"lazy\" decoding=\"async\" class=\"alignnone size-full wp-image-10156\" src=\"https:\/\/moverdb.com\/wp-content\/uploads\/Mirkka-International-Moving-company.png\" alt=\"Mirkka Empresa internacional de mudanzas\" width=\"1440\" height=\"680\" data-wp-pid=\"10156\" srcset=\"https:\/\/moverdb.com\/wp-content\/uploads\/Mirkka-International-Moving-company.png 1440w, https:\/\/moverdb.com\/wp-content\/uploads\/Mirkka-International-Moving-company-300x142.png 300w, https:\/\/moverdb.com\/wp-content\/uploads\/Mirkka-International-Moving-company-1024x484.png 1024w, https:\/\/moverdb.com\/wp-content\/uploads\/Mirkka-International-Moving-company-18x9.png 18w, https:\/\/moverdb.com\/wp-content\/uploads\/Mirkka-International-Moving-company-600x283.png 600w\" sizes=\"auto, (max-width: 1440px) 100vw, 1440px\" \/><\/p>\n<ul>\n<li>Mudanzas locales y nacionales<\/li>\n<li>Mudanzas internacionales<\/li>\n<li>Mudanzas dom\u00e9sticas<\/li>\n<li>Mudanzas de oficinas<\/li>\n<li>Soluciones a medida<\/li>\n<li>Mudanzas de peque\u00f1os objetos a casas completas<\/li>\n<li>Equipo profesional de mudanzas<\/li>\n<li>Transporte de mercanc\u00edas por carretera, a\u00e9reo y mar\u00edtimo<\/li>\n<li>Limpieza de la casa<\/li>\n<li>Instalaciones de almacenamiento a corto y largo plazo<\/li>\n<\/ul>\n<p>Mirkka International Moving es una empresa de mudanzas nacionales e internacionales con m\u00e1s de 40 a\u00f1os de experiencia y sede en Jonkoping. Son miembros de IAM con ocho a\u00f1os de servicio, lo que les da acceso a una red internacional de agentes de mudanzas para prestar servicios en todo el mundo.<\/p>\n<p>Mirkka International Moving ofrece servicios de mudanza a medida para un peque\u00f1o n\u00famero de objetos y mudanzas completas a escala local, nacional e internacional. Proporcionan servicios de mudanza con un equipo profesional que organizar\u00e1 su traslado por carretera, aire y mar. Tambi\u00e9n ofrecen servicios adicionales que incluyen servicios de limpieza del hogar.<\/p>\n<p>P\u00e1gina web: <a href=\"http:\/\/www.mirkkainternationalmoving.se\" target=\"_blank\" rel=\"noopener\">http:\/\/www.mirkkainternationalmoving.se<\/a><\/p>\n<h2><span class=\"ez-toc-section\" id=\"7_Stadsbudkontoret\"><\/span><strong>7. Stadsbudkontoret<\/strong><span class=\"ez-toc-section-end\"><\/span><\/h2>\n<p><img loading=\"lazy\" decoding=\"async\" class=\"alignnone size-full wp-image-10187\" src=\"https:\/\/moverdb.com\/wp-content\/uploads\/Stadsbudkontoret-international-moving-company.png\" alt=\"Stadsbudkontoret empresa de mudanzas internacionales\" width=\"1440\" height=\"677\" data-wp-pid=\"10187\" srcset=\"https:\/\/moverdb.com\/wp-content\/uploads\/Stadsbudkontoret-international-moving-company.png 1440w, https:\/\/moverdb.com\/wp-content\/uploads\/Stadsbudkontoret-international-moving-company-300x141.png 300w, https:\/\/moverdb.com\/wp-content\/uploads\/Stadsbudkontoret-international-moving-company-1024x481.png 1024w, https:\/\/moverdb.com\/wp-content\/uploads\/Stadsbudkontoret-international-moving-company-18x8.png 18w, https:\/\/moverdb.com\/wp-content\/uploads\/Stadsbudkontoret-international-moving-company-600x282.png 600w\" sizes=\"auto, (max-width: 1440px) 100vw, 1440px\" \/><\/p>\n<ul>\n<li>Movimientos nacionales<\/li>\n<li>Traslados internacionales<\/li>\n<li>Mudanzas dom\u00e9sticas<\/li>\n<li>La empresa se mueve<\/li>\n<li>Servicio puerta a puerta<\/li>\n<li>Servicio de embalaje<\/li>\n<li>Transporte a\u00e9reo, mar\u00edtimo y por cami\u00f3n<\/li>\n<li>Traslado de documentaci\u00f3n<\/li>\n<li>Seguros<\/li>\n<li>Almacenamiento temporal<\/li>\n<\/ul>\n<p>Stadsbudkontoret es un servicio de mudanzas que ayuda a empresas y particulares y fue fundado en 1888. Tiene oficinas en Estocolmo, Ornskoldsvik, Malmo, Gotemburgo, Harnosand y Cannes. Disponen de una amplia red de empresas de mudanzas profesionales para prestar sus servicios fuera de Suecia. Son miembros de IAM con 135 a\u00f1os de servicio y est\u00e1n acreditados por FIDI.<\/p>\n<p>El coordinador de mudanzas de Stadsbudkontoret se ocupar\u00e1 de todos los aspectos de su mudanza dentro de Suecia, hacia Suecia y desde Suecia, y se asegurar\u00e1 de que sus socios presten los servicios. Su servicio de puerta a puerta incluye encontrar el m\u00e9todo de mudanza m\u00e1s rentable y oportuno para sus necesidades. Se encargar\u00e1n de toda la documentaci\u00f3n necesaria para la importaci\u00f3n y exportaci\u00f3n.<\/p>\n<p>P\u00e1gina web: <a href=\"http:\/\/www.sbkmoving.com\" target=\"_blank\" rel=\"noopener\">http:\/\/www.sbkmoving.com<\/a><\/p>\n<h2><span class=\"ez-toc-section\" id=\"8_TBA_Transporter\"><\/span><strong>8. Transportador TBA<\/strong><span class=\"ez-toc-section-end\"><\/span><\/h2>\n<p><img loading=\"lazy\" decoding=\"async\" class=\"alignnone size-full wp-image-10192\" src=\"https:\/\/moverdb.com\/wp-content\/uploads\/TBA-Transporter-international-moving-company.png\" alt=\"TBA Transporter empresa de mudanzas internacionales\" width=\"1440\" height=\"628\" data-wp-pid=\"10192\" srcset=\"https:\/\/moverdb.com\/wp-content\/uploads\/TBA-Transporter-international-moving-company.png 1440w, https:\/\/moverdb.com\/wp-content\/uploads\/TBA-Transporter-international-moving-company-300x131.png 300w, https:\/\/moverdb.com\/wp-content\/uploads\/TBA-Transporter-international-moving-company-1024x447.png 1024w, https:\/\/moverdb.com\/wp-content\/uploads\/TBA-Transporter-international-moving-company-18x8.png 18w, https:\/\/moverdb.com\/wp-content\/uploads\/TBA-Transporter-international-moving-company-600x262.png 600w\" sizes=\"auto, (max-width: 1440px) 100vw, 1440px\" \/><\/p>\n<ul>\n<li>Traslados locales y nacionales<\/li>\n<li>Traslados internacionales<\/li>\n<li>Mudanzas dom\u00e9sticas<\/li>\n<li>Desplazamientos de empresas<\/li>\n<li>Servicio a medida<\/li>\n<li>Opciones de embalaje<\/li>\n<li>Env\u00edos por carretera, mar y aire<\/li>\n<li>Opciones de desembalaje<\/li>\n<li>Seguros<\/li>\n<li>Soluciones de almacenamiento<\/li>\n<\/ul>\n<p>TBA Transporter es una empresa de mudanzas fundada en 1995 y con sede en Estocolmo. Son miembros de IAM con 28 a\u00f1os de servicio, lo que les proporciona acceso a una red internacional de agentes de mudanzas que pueden prestarles apoyo.<\/p>\n<p>TBA Transporter ofrece un servicio de mudanzas puerta a puerta a medida para proyectos de mudanzas peque\u00f1os y grandes. Ofrecen una selecci\u00f3n de opciones de embalaje y desembalaje que le permiten hacer tanto o tan poco como desee. Son especialistas en embalaje de exportaci\u00f3n para env\u00edos a\u00e9reos y mar\u00edtimos, y pueden desmontar y montar muebles si es necesario.<\/p>\n<p>P\u00e1gina web: <a href=\"http:\/\/www.tbatransporter.com\" target=\"_blank\" rel=\"noopener\">http:\/\/www.tbatransporter.com<\/a><\/p>\n<h2><span class=\"ez-toc-section\" id=\"Other_Useful_Guides_to_Sweden\"><\/span>Otras gu\u00edas \u00fatiles sobre Suecia<span class=\"ez-toc-section-end\"><\/span><\/h2>\n<ul>\n<li> <a href=\"https:\/\/moverdb.com\/es\/transporte-de-contenedores\/suecia\/\">2024 Tarifas de transporte mar\u00edtimo de contenedores desde y hacia Suecia<\/a><\/li>\n<li> <a href=\"https:\/\/moverdb.com\/es\/moving-to-sweden\/\">\u00bfSe muda a Suecia? 2026 Coste de la vida y consejos para el traslado<\/a><\/li>\n<li> <a href=\"https:\/\/moverdb.com\/es\/moving-to-sweden\/best-places-to-live-sweden\/\">13 mejores lugares para vivir en Suecia<\/a><\/li>\n<li> <a href=\"https:\/\/moverdb.com\/es\/moving-to-sweden\/living-in-sweden\/\">21 secretos sobre la vida en Suecia que hay que saber antes de mudarse<\/a><\/li>\n<\/ul>","protected":false},"excerpt":{"rendered":"<p>Are you moving within, to or from Sweden? Then you may want to enlist the services of a moving company that can help you plan your move including packing, transportation and handling customs procedures for international moves. Below we have compiled a list of Swedish moving companies that are members of the International Association of [&hellip;]<\/p>\n","protected":false},"author":4,"featured_media":10073,"parent":190,"menu_order":0,"comment_status":"closed","ping_status":"closed","template":"","meta":{"_genesis_hide_title":false,"_genesis_hide_breadcrumbs":false,"_genesis_hide_singular_image":false,"_genesis_hide_footer_widgets":false,"_genesis_custom_body_class":"","_genesis_custom_post_class":"","_genesis_layout":"","footnotes":""},"class_list":{"0":"post-10219","1":"page","2":"type-page","3":"status-publish","4":"has-post-thumbnail","6":"entry"},"_links":{"self":[{"href":"https:\/\/moverdb.com\/es\/wp-json\/wp\/v2\/pages\/10219","targetHints":{"allow":["GET"]}}],"collection":[{"href":"https:\/\/moverdb.com\/es\/wp-json\/wp\/v2\/pages"}],"about":[{"href":"https:\/\/moverdb.com\/es\/wp-json\/wp\/v2\/types\/page"}],"author":[{"embeddable":true,"href":"https:\/\/moverdb.com\/es\/wp-json\/wp\/v2\/users\/4"}],"replies":[{"embeddable":true,"href":"https:\/\/moverdb.com\/es\/wp-json\/wp\/v2\/comments?post=10219"}],"version-history":[{"count":3,"href":"https:\/\/moverdb.com\/es\/wp-json\/wp\/v2\/pages\/10219\/revisions"}],"predecessor-version":[{"id":17110,"href":"https:\/\/moverdb.com\/es\/wp-json\/wp\/v2\/pages\/10219\/revisions\/17110"}],"up":[{"embeddable":true,"href":"https:\/\/moverdb.com\/es\/wp-json\/wp\/v2\/pages\/190"}],"wp:featuredmedia":[{"embeddable":true,"href":"https:\/\/moverdb.com\/es\/wp-json\/wp\/v2\/media\/10073"}],"wp:attachment":[{"href":"https:\/\/moverdb.com\/es\/wp-json\/wp\/v2\/media?parent=10219"}],"curies":[{"name":"wp","href":"https:\/\/api.w.org\/{rel}","templated":true}]}}