{"id":1570,"date":"2017-02-24T09:05:40","date_gmt":"2017-02-24T09:05:40","guid":{"rendered":"http:\/\/moverdb.com\/?page_id=1570"},"modified":"2026-01-08T15:20:24","modified_gmt":"2026-01-08T15:20:24","slug":"mudanzas-gou","status":"publish","type":"page","link":"https:\/\/moverdb.com\/el\/mudanzas-gou\/","title":{"rendered":"Mudanzas Gou - \u0394\u03b9\u03b5\u03b8\u03bd\u03b5\u03af\u03c2 \u039a\u03c1\u03b9\u03c4\u03b9\u03ba\u03ad\u03c2 \u039c\u03b5\u03c4\u03b1\u03ba\u03cc\u03bc\u03b9\u03c3\u03b7\u03c2"},"content":{"rendered":"<p>\u0397 Mudanzas Gou \u03b5\u03af\u03bd\u03b1\u03b9 \u03bc\u03b5\u03be\u03b9\u03ba\u03b1\u03bd\u03b9\u03ba\u03ae <a href=\"https:\/\/moverdb.com\/el\/moving-companies\/\" data-internallinksmanager029f6b8e52c=\"79\" title=\"Top 25 \u0394\u03b9\u03b5\u03b8\u03bd\u03b5\u03af\u03c2 \u03b5\u03c4\u03b1\u03b9\u03c1\u03b5\u03af\u03b5\u03c2 \u03bc\u03b5\u03c4\u03b1\u03ba\u03cc\u03bc\u03b9\u03c3\u03b7\u03c2 \u03c3\u03b5 \u03b1\u03c0\u03b5\u03c5\u03b8\u03b5\u03af\u03b1\u03c2 \u03c3\u03cd\u03bd\u03b4\u03b5\u03c3\u03b7\">\u03b5\u03c4\u03b1\u03b9\u03c1\u03b5\u03af\u03b1 \u03bc\u03b5\u03c4\u03b1\u03ba\u03cc\u03bc\u03b9\u03c3\u03b7\u03c2<\/a> \u03b7 \u03bf\u03c0\u03bf\u03af\u03b1 \u03c0\u03c1\u03bf\u03c3\u03c6\u03ad\u03c1\u03b5\u03b9 \u03c3\u03c4\u03bf\u03c5\u03c2 \u03c0\u03b5\u03bb\u03ac\u03c4\u03b5\u03c2 \u03c4\u03b7\u03c2 \u03ad\u03bd\u03b1 \u03b5\u03c5\u03c1\u03cd \u03c6\u03ac\u03c3\u03bc\u03b1 \u03c5\u03c0\u03b7\u03c1\u03b5\u03c3\u03b9\u03ce\u03bd \u03c0\u03bf\u03c5 \u03c0\u03b1\u03c1\u03b1\u03c4\u03af\u03b8\u03b5\u03bd\u03c4\u03b1\u03b9 \u03c0\u03b1\u03c1\u03b1\u03ba\u03ac\u03c4\u03c9, \u03bc\u03b1\u03b6\u03af \u03bc\u03b5 \u03c4\u03bf \u03c0\u03c1\u03bf\u03c6\u03af\u03bb \u03c4\u03b7\u03c2 \u03b5\u03c4\u03b1\u03b9\u03c1\u03b5\u03af\u03b1\u03c2 \u03ba\u03b1\u03b9 \u03c4\u03b9\u03c2 \u03b1\u03be\u03b9\u03bf\u03bb\u03bf\u03b3\u03ae\u03c3\u03b5\u03b9\u03c2.<\/p>\n<p><strong>\u0394\u03b9\u03b5\u03b8\u03bd\u03b5\u03af\u03c2 \u03bc\u03b5\u03c4\u03b1\u03ba\u03b9\u03bd\u03ae\u03c3\u03b5\u03b9\u03c2<\/strong><\/p>\n<ul>\n<li> \u0391\u03c0\u03cc \u03c0\u03cc\u03c1\u03c4\u03b1 \u03c3\u03b5 \u03c0\u03cc\u03c1\u03c4\u03b1<\/li>\n<li> \u03a0\u03bb\u03ae\u03c1\u03b7\u03c2 \u03c5\u03c0\u03b7\u03c1\u03b5\u03c3\u03af\u03b1 \u03c3\u03c5\u03c3\u03ba\u03b5\u03c5\u03b1\u03c3\u03af\u03b1\u03c2, \u03b5\u03cd\u03b8\u03c1\u03b1\u03c5\u03c3\u03c4\u03b7 \u03c3\u03c5\u03c3\u03ba\u03b5\u03c5\u03b1\u03c3\u03af\u03b1 \u03ae DIY \u03c3\u03c5\u03c3\u03ba\u03b5\u03c5\u03b1\u03c3\u03af\u03b1<\/li>\n<li> \u0391\u03c0\u03bf\u03c3\u03c5\u03bd\u03b1\u03c1\u03bc\u03bf\u03bb\u03cc\u03b3\u03b7\u03c3\u03b7 \u03ba\u03b1\u03b9 \u03b5\u03c0\u03b1\u03bd\u03b1\u03c3\u03c5\u03bd\u03b1\u03c1\u03bc\u03bf\u03bb\u03cc\u03b3\u03b7\u03c3\u03b7 \u03b5\u03c0\u03af\u03c0\u03bb\u03c9\u03bd<\/li>\n<li> \u03a4\u03b5\u03bb\u03c9\u03bd\u03b5\u03b9\u03b1\u03ba\u03cc\u03c2 \u03b5\u03ba\u03c4\u03b5\u03bb\u03c9\u03bd\u03b9\u03c3\u03bc\u03cc\u03c2 \u03ba\u03b1\u03b9 \u03b2\u03bf\u03ae\u03b8\u03b5\u03b9\u03b1 \u03bc\u03b5 \u03c4\u03b7\u03bd \u03c4\u03b5\u03ba\u03bc\u03b7\u03c1\u03af\u03c9\u03c3\u03b7<\/li>\n<li> \u039a\u03b1\u03bd\u03bf\u03bd\u03b9\u03c3\u03bc\u03ad\u03bd\u03b7 \u03b1\u03c3\u03c6\u03ac\u03bb\u03b9\u03c3\u03b7<\/li>\n<li> \u0394\u03b9\u03b1\u03b8\u03ad\u03c3\u03b9\u03bc\u03b7 \u03c5\u03c0\u03b7\u03c1\u03b5\u03c3\u03af\u03b1 \u03b1\u03c0\u03bf\u03c3\u03c5\u03c3\u03ba\u03b5\u03c5\u03b1\u03c3\u03af\u03b1\u03c2<\/li>\n<li> \u0394\u03b9\u03b1\u03c4\u03af\u03b8\u03b5\u03c4\u03b1\u03b9 \u03b2\u03c1\u03b1\u03c7\u03c5\u03c0\u03c1\u03cc\u03b8\u03b5\u03c3\u03bc\u03b7 \u03ba\u03b1\u03b9 \u03bc\u03b1\u03ba\u03c1\u03bf\u03c0\u03c1\u03cc\u03b8\u03b5\u03c3\u03bc\u03b7 \u03b1\u03c0\u03bf\u03b8\u03ae\u03ba\u03b5\u03c5\u03c3\u03b7<\/li>\n<\/ul>\n<p><strong>\u039c\u03b5\u03c4\u03b1\u03ba\u03b9\u03bd\u03ae\u03c3\u03b5\u03b9\u03c2 \u03b5\u03c3\u03c9\u03c4\u03b5\u03c1\u03b9\u03ba\u03bf\u03cd \u03ba\u03b1\u03b9 \u03bc\u03b5\u03b3\u03ac\u03bb\u03c9\u03bd \u03b1\u03c0\u03bf\u03c3\u03c4\u03ac\u03c3\u03b5\u03c9\u03bd<\/strong><\/p>\n<ul>\n<li> \u0391\u03c0\u03cc \u03c0\u03cc\u03c1\u03c4\u03b1 \u03c3\u03b5 \u03c0\u03cc\u03c1\u03c4\u03b1<\/li>\n<li> \u03a0\u03bb\u03ae\u03c1\u03b7\u03c2 \u03c5\u03c0\u03b7\u03c1\u03b5\u03c3\u03af\u03b1 \u03c3\u03c5\u03c3\u03ba\u03b5\u03c5\u03b1\u03c3\u03af\u03b1\u03c2, \u03b5\u03cd\u03b8\u03c1\u03b1\u03c5\u03c3\u03c4\u03b7 \u03c3\u03c5\u03c3\u03ba\u03b5\u03c5\u03b1\u03c3\u03af\u03b1 \u03ae DIY \u03c3\u03c5\u03c3\u03ba\u03b5\u03c5\u03b1\u03c3\u03af\u03b1<\/li>\n<li> \u0391\u03c0\u03bf\u03c3\u03c5\u03bd\u03b1\u03c1\u03bc\u03bf\u03bb\u03cc\u03b3\u03b7\u03c3\u03b7 \u03ba\u03b1\u03b9 \u03b5\u03c0\u03b1\u03bd\u03b1\u03c3\u03c5\u03bd\u03b1\u03c1\u03bc\u03bf\u03bb\u03cc\u03b3\u03b7\u03c3\u03b7 \u03b5\u03c0\u03af\u03c0\u03bb\u03c9\u03bd<\/li>\n<li> \u039a\u03b1\u03bd\u03bf\u03bd\u03b9\u03c3\u03bc\u03ad\u03bd\u03b7 \u03b1\u03c3\u03c6\u03ac\u03bb\u03b9\u03c3\u03b7<\/li>\n<li> \u0394\u03b9\u03b1\u03b8\u03ad\u03c3\u03b9\u03bc\u03b7 \u03c5\u03c0\u03b7\u03c1\u03b5\u03c3\u03af\u03b1 \u03b1\u03c0\u03bf\u03c3\u03c5\u03c3\u03ba\u03b5\u03c5\u03b1\u03c3\u03af\u03b1\u03c2<\/li>\n<li> \u0394\u03b9\u03b1\u03c4\u03af\u03b8\u03b5\u03c4\u03b1\u03b9 \u03bc\u03b1\u03ba\u03c1\u03bf\u03c7\u03c1\u03cc\u03bd\u03b9\u03b1 \u03ba\u03b1\u03b9 \u03b2\u03c1\u03b1\u03c7\u03c5\u03c0\u03c1\u03cc\u03b8\u03b5\u03c3\u03bc\u03b7 \u03b1\u03c0\u03bf\u03b8\u03ae\u03ba\u03b5\u03c5\u03c3\u03b7<\/li>\n<\/ul>\n<p><strong>\u0395\u03bc\u03c0\u03bf\u03c1\u03b9\u03ba\u03ad\u03c2 \u03bc\u03b5\u03c4\u03b1\u03ba\u03b9\u03bd\u03ae\u03c3\u03b5\u03b9\u03c2<\/strong><\/p>\n<ul>\n<li> \u039c\u03b5\u03c4\u03b1\u03ba\u03af\u03bd\u03b7\u03c3\u03b7 \u03bc\u03b5\u03c4\u03ac \u03c4\u03b9\u03c2 \u03ce\u03c1\u03b5\u03c2<\/li>\n<li> \u03a3\u03c7\u03ad\u03b4\u03b9\u03bf \u03b5\u03c6\u03bf\u03b4\u03b9\u03b1\u03c3\u03c4\u03b9\u03ba\u03ae\u03c2<\/li>\n<li> \u039c\u03b5\u03c4\u03b1\u03ba\u03af\u03bd\u03b7\u03c3\u03b7 IT<\/li>\n<li> \u0391\u03c0\u03bf\u03c3\u03c5\u03bd\u03b1\u03c1\u03bc\u03bf\u03bb\u03cc\u03b3\u03b7\u03c3\u03b7 \u03ba\u03b1\u03b9 \u03b5\u03c0\u03b1\u03bd\u03b1\u03c3\u03c5\u03bd\u03b1\u03c1\u03bc\u03bf\u03bb\u03cc\u03b3\u03b7\u03c3\u03b7 \u03cc\u03bb\u03c9\u03bd \u03c4\u03c9\u03bd \u03b5\u03c0\u03af\u03c0\u03bb\u03c9\u03bd<\/li>\n<\/ul>\n<p><strong>\u0395\u03b9\u03b4\u03b9\u03ba\u03ad\u03c2 \u03bc\u03b5\u03c4\u03b1\u03c6\u03bf\u03c1\u03ad\u03c2 \u03ba\u03b1\u03b9 \u03b1\u03c0\u03bf\u03c3\u03c4\u03bf\u03bb\u03ae<\/strong><\/p>\n<ul>\n<li> <a href=\"https:\/\/moverdb.com\/el\/car-transport-shipping\/\">\u0391\u03c5\u03c4\u03bf\u03ba\u03af\u03bd\u03b7\u03c4\u03b1<\/a><\/li>\n<li> Vans<\/li>\n<li> \u039c\u03bf\u03c4\u03bf\u03c3\u03b9\u03ba\u03bb\u03ad\u03c4\u03b5\u03c2<\/li>\n<li> \u03a4\u03b5\u03b8\u03c9\u03c1\u03b1\u03ba\u03b9\u03c3\u03bc\u03ad\u03bd\u03b1 \u03bf\u03c7\u03ae\u03bc\u03b1\u03c4\u03b1<\/li>\n<li> \u039f\u03c7\u03ae\u03bc\u03b1\u03c4\u03b1 \u03c3\u03c5\u03bb\u03bb\u03bf\u03b3\u03ae\u03c2<\/li>\n<li> \u03a0\u03bf\u03b9\u03ba\u03af\u03bb\u03b1 \u03bc\u03b7\u03c7\u03b1\u03bd\u03ae\u03bc\u03b1\u03c4\u03b1<\/li>\n<li> \u0397\u03bb\u03b5\u03ba\u03c4\u03c1\u03b9\u03ba\u03ac \u03c3\u03ba\u03ac\u03c6\u03b7<\/li>\n<li> \u0399\u03c3\u03c4\u03b9\u03bf\u03c6\u03cc\u03c1\u03b1 \u03c3\u03ba\u03ac\u03c6\u03b7<\/li>\n<li> \u0399\u03b1\u03c4\u03c1\u03b9\u03ba\u03ad\u03c2 \u03c0\u03c1\u03bf\u03bc\u03ae\u03b8\u03b5\u03b9\u03b5\u03c2 \u03ba\u03b1\u03b9 \u03bd\u03bf\u03c3\u03bf\u03ba\u03bf\u03bc\u03b5\u03af\u03b1<\/li>\n<li> \u0395\u03ba\u03c0\u03b1\u03b9\u03b4\u03b5\u03c5\u03c4\u03b9\u03ba\u03ac \u03b9\u03b4\u03c1\u03cd\u03bc\u03b1\u03c4\u03b1<\/li>\n<li> \u03a4\u03ad\u03c7\u03bd\u03b7 \u03ba\u03b1\u03b9 \u03b1\u03bd\u03c4\u03af\u03ba\u03b5\u03c2<\/li>\n<li> \u0395\u03be\u03b5\u03b9\u03b4\u03b9\u03ba\u03b5\u03c5\u03bc\u03ad\u03bd\u03bf\u03c2 \u03b5\u03be\u03bf\u03c0\u03bb\u03b9\u03c3\u03bc\u03cc\u03c2<\/li>\n<\/ul>\n<p><strong>\u0391\u03c0\u03bf\u03b8\u03ae\u03ba\u03b5\u03c5\u03c3\u03b7<\/strong><\/p>\n<ul>\n<li> \u039c\u03b1\u03ba\u03c1\u03bf\u03c0\u03c1\u03cc\u03b8\u03b5\u03c3\u03bc\u03b1 \u03ba\u03b1\u03b9 \u03b2\u03c1\u03b1\u03c7\u03c5\u03c0\u03c1\u03cc\u03b8\u03b5\u03c3\u03bc\u03b1<\/li>\n<li> 24\/7 \u03b1\u03c3\u03c6\u03ac\u03bb\u03b5\u03b9\u03b1<\/li>\n<li> \u03a3\u03cd\u03c3\u03c4\u03b7\u03bc\u03b1 \u03b1\u03c0\u03bf\u03b3\u03c1\u03b1\u03c6\u03ae\u03c2<\/li>\n<li> \u0394\u03b9\u03b1\u03b8\u03ad\u03c3\u03b9\u03bc\u03bf \u03b5\u03bb\u03b5\u03b3\u03c7\u03cc\u03bc\u03b5\u03bd\u03bf \u03ba\u03bb\u03af\u03bc\u03b1<\/li>\n<li> \u039a\u03b1\u03c4\u03b1\u03c0\u03bf\u03bb\u03ad\u03bc\u03b7\u03c3\u03b7 \u03c0\u03b1\u03c1\u03b1\u03c3\u03af\u03c4\u03c9\u03bd<\/li>\n<li> \u03a3\u03cd\u03c3\u03c4\u03b7\u03bc\u03b1 \u03c0\u03c5\u03c1\u03cc\u03c3\u03b2\u03b5\u03c3\u03b7\u03c2<\/li>\n<li> \u0391\u03c0\u03bf\u03b8\u03ae\u03ba\u03b5\u03c5\u03c3\u03b7 \u03b1\u03c1\u03c7\u03b5\u03af\u03c9\u03bd<\/li>\n<\/ul>\n<h2>\u03a0\u03c1\u03bf\u03c6\u03af\u03bb \u03b5\u03c4\u03b1\u03b9\u03c1\u03b5\u03af\u03b1\u03c2 Mudanzas Gou<\/h2>\n<p>Mudanzas Gou \u03b5\u03af\u03bd\u03b1\u03b9 \u03ad\u03bd\u03b1 \u03b1\u03c0\u03cc \u03c4\u03b1 \u03c0\u03b1\u03bb\u03b1\u03b9\u03cc\u03c4\u03b5\u03c1\u03b1 <a href=\"https:\/\/moverdb.com\/el\/moving-companies\/moving-companies-mexico\/\" data-internallinksmanager029f6b8e52c=\"288\" title=\"18 \u039a\u03b1\u03bb\u03cd\u03c4\u03b5\u03c1\u03b5\u03c2 \u03b5\u03c4\u03b1\u03b9\u03c1\u03b5\u03af\u03b5\u03c2 \u03b4\u03b9\u03b5\u03b8\u03bd\u03ce\u03bd \u03bc\u03b5\u03c4\u03b1\u03ba\u03b9\u03bd\u03ae\u03c3\u03b5\u03c9\u03bd \u03c3\u03b5 \u039c\u03b5\u03be\u03b9\u03ba\u03cc\">\u03b5\u03c4\u03b1\u03b9\u03c1\u03b5\u03af\u03b5\u03c2 \u03bc\u03b5\u03c4\u03b1\u03ba\u03af\u03bd\u03b7\u03c3\u03b7\u03c2 \u03c3\u03c4\u03bf \u039c\u03b5\u03be\u03b9\u03ba\u03cc<\/a>, \u03cc\u03c0\u03bf\u03c5 \u03be\u03b5\u03ba\u03af\u03bd\u03b7\u03c3\u03b5 \u03c4\u03bf 1900. \u0394\u03b9\u03b1\u03b8\u03ad\u03c4\u03b5\u03b9 \u03c3\u03ae\u03bc\u03b5\u03c1\u03b1 10 \u03b3\u03c1\u03b1\u03c6\u03b5\u03af\u03b1 \u03c3\u03c4\u03bf \u039c\u03b5\u03be\u03b9\u03ba\u03cc \u03ba\u03b1\u03b9 \u03c3\u03c5\u03bd\u03b4\u03ad\u03c3\u03b5\u03b9\u03c2 \u03bc\u03b5 \u03b1\u03bd\u03c4\u03b9\u03c0\u03c1\u03bf\u03c3\u03ce\u03c0\u03bf\u03c5\u03c2 \u03c3\u03b5 \u03cc\u03bb\u03bf \u03c4\u03bf\u03bd \u03ba\u03cc\u03c3\u03bc\u03bf. \u0397 Gou \u03ae\u03c4\u03b1\u03bd \u03b9\u03b4\u03c1\u03c5\u03c4\u03b9\u03ba\u03cc \u03bc\u03ad\u03bb\u03bf\u03c2 \u03c4\u03b7\u03c2 <a href=\"https:\/\/moverdb.com\/el\/fidi-faim\/\" data-internallinksmanager029f6b8e52c=\"16\" title=\"FIDI &amp; FAIM (FIDI Accredited International Mover) \u0395\u03c0\u03b5\u03be\u03b7\u03b3\u03ae\u03c3\u03b5\u03b9\u03c2\">FIDI<\/a>, OMNI, <a href=\"https:\/\/moverdb.com\/el\/lacma\/\" data-internallinksmanager029f6b8e52c=\"28\" title=\"\u0388\u03bd\u03c9\u03c3\u03b7 \u0394\u03b9\u03b5\u03b8\u03bd\u03ce\u03bd \u039c\u03b5\u03c4\u03b1\u03ba\u03bf\u03bc\u03b9\u03c3\u03c4\u03ce\u03bd \u039b\u03b1\u03c4\u03b9\u03bd\u03b9\u03ba\u03ae\u03c2 \u0391\u03bc\u03b5\u03c1\u03b9\u03ba\u03ae\u03c2 \u03ba\u03b1\u03b9 \u039a\u03b1\u03c1\u03b1\u03ca\u03b2\u03b9\u03ba\u03ae\u03c2 (LACMA)\">LACMA<\/a>, AMI \u03ba\u03b1\u03b9 <a href=\"https:\/\/moverdb.com\/el\/amsa\/\" data-internallinksmanager029f6b8e52c=\"5\" title=\"\u0395\u03c0\u03b5\u03be\u03ae\u03b3\u03b7\u03c3\u03b7 \u03c4\u03b7\u03c2 \u0391\u03bc\u03b5\u03c1\u03b9\u03ba\u03b1\u03bd\u03b9\u03ba\u03ae\u03c2 \u0388\u03bd\u03c9\u03c3\u03b7\u03c2 \u039c\u03b5\u03c4\u03b1\u03ba\u03cc\u03bc\u03b9\u03c3\u03b7\u03c2 &amp; \u0391\u03c0\u03bf\u03b8\u03ae\u03ba\u03b5\u03c5\u03c3\u03b7\u03c2 (AMSA)\">AMSA<\/a>.<\/p>\n<p>\u0397 Gou \u03c5\u03c0\u03b5\u03c1\u03b7\u03c6\u03b1\u03bd\u03b5\u03cd\u03b5\u03c4\u03b1\u03b9 \u03b3\u03b9\u03b1 \u03c4\u03b7\u03bd \u03c0\u03c1\u03bf\u03c3\u03c9\u03c0\u03b9\u03ba\u03ae \u03b5\u03be\u03c5\u03c0\u03b7\u03c1\u03ad\u03c4\u03b7\u03c3\u03b7 \u03ba\u03b1\u03b9 \u03b5\u03c0\u03b9\u03bc\u03ad\u03bd\u03b5\u03b9 \u03bd\u03b1 \u03bc\u03b9\u03bb\u03ac\u03b5\u03b9 \u03bc\u03b5 \u03ba\u03ac\u03b8\u03b5 \u03c0\u03b5\u03bb\u03ac\u03c4\u03b7 \u03c0\u03c1\u03cc\u03c3\u03c9\u03c0\u03bf \u03bc\u03b5 \u03c0\u03c1\u03cc\u03c3\u03c9\u03c0\u03bf, \u03c0\u03c1\u03bf\u03ba\u03b5\u03b9\u03bc\u03ad\u03bd\u03bf\u03c5 \u03bd\u03b1 \u03c4\u03bf\u03c5 \u03c0\u03b1\u03c1\u03ad\u03c7\u03b5\u03b9 \u03c4\u03b7\u03bd \u03ba\u03b1\u03bb\u03cd\u03c4\u03b5\u03c1\u03b7 \u03b4\u03c5\u03bd\u03b1\u03c4\u03ae \u03b5\u03be\u03c5\u03c0\u03b7\u03c1\u03ad\u03c4\u03b7\u03c3\u03b7. \u038c\u03bb\u03b1 \u03c4\u03b1 \u03bf\u03c7\u03ae\u03bc\u03b1\u03c4\u03ac \u03c4\u03b7\u03c2 \u03b4\u03b9\u03b1\u03b8\u03ad\u03c4\u03bf\u03c5\u03bd \u03b4\u03bf\u03c1\u03c5\u03c6\u03bf\u03c1\u03b9\u03ba\u03ae \u03c0\u03b1\u03c1\u03b1\u03ba\u03bf\u03bb\u03bf\u03cd\u03b8\u03b7\u03c3\u03b7 \u03ba\u03b1\u03b9 \u03c6\u03bf\u03c1\u03c4\u03ce\u03bd\u03bf\u03bd\u03c4\u03b1\u03b9 \u03ba\u03b1\u03b9 \u03bf\u03b4\u03b7\u03b3\u03bf\u03cd\u03bd\u03c4\u03b1\u03b9 \u03b1\u03c0\u03cc \u03c4\u03bf \u03c0\u03c1\u03bf\u03c3\u03c9\u03c0\u03b9\u03ba\u03cc \u03c4\u03b7\u03c2.<\/p>\n<p>\u0397 Mudanzas Gou \u03ad\u03c7\u03b5\u03b9 \u03c4\u03b9\u03c2 \u03b1\u03ba\u03cc\u03bb\u03bf\u03c5\u03b8\u03b5\u03c2 \u03b4\u03b9\u03b1\u03c0\u03b9\u03c3\u03c4\u03b5\u03cd\u03c3\u03b5\u03b9\u03c2 \u03ba\u03b1\u03b9 \u03c3\u03c5\u03bd\u03b5\u03c1\u03b3\u03b1\u03c3\u03af\u03b5\u03c2:<\/p>\n<ul>\n<li> <a href=\"https:\/\/moverdb.com\/el\/fidi-faim\/\">F\u00e9d\u00e9ration Internationale des D\u00e9m\u00e9nageurs Internationaux<\/a> (FIDI)<\/li>\n<li> Overseas Moving Network International (OMNI)<\/li>\n<li> <a href=\"https:\/\/moverdb.com\/el\/lacma\/\">\u0388\u03bd\u03c9\u03c3\u03b7 \u0394\u03b9\u03b5\u03b8\u03bd\u03ce\u03bd \u039c\u03b5\u03c4\u03b1\u03ba\u03bf\u03bc\u03b9\u03c3\u03c4\u03ce\u03bd \u039b\u03b1\u03c4\u03b9\u03bd\u03b9\u03ba\u03ae\u03c2 \u0391\u03bc\u03b5\u03c1\u03b9\u03ba\u03ae\u03c2 \u03ba\u03b1\u03b9 \u039a\u03b1\u03c1\u03b1\u03ca\u03b2\u03b9\u03ba\u03ae\u03c2<\/a> (LACMA)<\/li>\n<li> <a href=\"https:\/\/moverdb.com\/el\/hgfaa\/\">\u0388\u03bd\u03c9\u03c3\u03b7 \u03b4\u03b9\u03b1\u03bc\u03b5\u03c4\u03b1\u03c6\u03bf\u03c1\u03ad\u03c9\u03bd \u03bf\u03b9\u03ba\u03b9\u03b1\u03ba\u03ce\u03bd \u03b1\u03b3\u03b1\u03b8\u03ce\u03bd \u03c4\u03b7\u03c2 \u0391\u03bc\u03b5\u03c1\u03b9\u03ba\u03ae\u03c2<\/a> (HHGFA)<\/li>\n<li> <a href=\"https:\/\/moverdb.com\/el\/amsa\/\" target=\"_blank\" rel=\"noopener\">\u0391\u03bc\u03b5\u03c1\u03b9\u03ba\u03b1\u03bd\u03b9\u03ba\u03ae \u0388\u03bd\u03c9\u03c3\u03b7 \u039c\u03b5\u03c4\u03b1\u03ba\u03af\u03bd\u03b7\u03c3\u03b7\u03c2 \u03ba\u03b1\u03b9 \u0391\u03c0\u03bf\u03b8\u03ae\u03ba\u03b5\u03c5\u03c3\u03b7\u03c2<\/a> (AMSA)<\/li>\n<li> \u03a0\u03b1\u03bd\u03b1\u03bc\u03b5\u03c1\u03b9\u03ba\u03b1\u03bd\u03b9\u03ba\u03ae \u0388\u03bd\u03c9\u03c3\u03b7 \u0394\u03b9\u03b5\u03b8\u03bd\u03ce\u03bd \u039c\u03b5\u03c4\u03b1\u03ba\u03b9\u03bd\u03ae\u03c3\u03b5\u03c9\u03bd (PAIMA)<\/li>\n<li> <a href=\"https:\/\/moverdb.com\/el\/fidi-faim\/\">FAIM<\/a><\/li>\n<li> \u03a3\u03cd\u03bc\u03c0\u03c1\u03b1\u03be\u03b7 \u03c4\u03b5\u03bb\u03c9\u03bd\u03b5\u03af\u03c9\u03bd \u03ba\u03b1\u03b9 \u03b5\u03bc\u03c0\u03bf\u03c1\u03af\u03bf\u03c5 \u03ba\u03b1\u03c4\u03ac \u03c4\u03b7\u03c2 \u03c4\u03c1\u03bf\u03bc\u03bf\u03ba\u03c1\u03b1\u03c4\u03af\u03b1\u03c2 (C-PAT)<\/li>\n<\/ul>\n<h2>Mudanzas Gou \u039a\u03c1\u03b9\u03c4\u03b9\u03ba\u03ad\u03c2<\/h2>\n<p>\u0394\u03b5\u03bd \u03bc\u03c0\u03bf\u03c1\u03ad\u03c3\u03b1\u03bc\u03b5 \u03bd\u03b1 \u03b2\u03c1\u03bf\u03cd\u03bc\u03b5 \u03c3\u03c7\u03cc\u03bb\u03b9\u03b1 \u03c3\u03c4\u03b7\u03bd \u03b1\u03b3\u03b3\u03bb\u03b9\u03ba\u03ae \u03b3\u03bb\u03ce\u03c3\u03c3\u03b1 \u03b3\u03b9\u03b1 \u03c4\u03bf Mudanzas Gou \u03c3\u03c4\u03bf \u03b4\u03b9\u03b1\u03b4\u03af\u03ba\u03c4\u03c5\u03bf, \u03bf\u03cd\u03c4\u03b5 \u03c6\u03b1\u03af\u03bd\u03b5\u03c4\u03b1\u03b9 \u03bd\u03b1 \u03ad\u03c7\u03bf\u03c5\u03bd \u03bc\u03b1\u03c1\u03c4\u03c5\u03c1\u03af\u03b5\u03c2 \u03c0\u03b5\u03bb\u03b1\u03c4\u03ce\u03bd \u03c3\u03c4\u03bf site.<\/p>\n<div itemprop=\"review\" itemscope itemtype=\"http:\/\/schema.org\/Review\">\n<span itemprop=\"author\" itemscope=\"\" itemtype=\"http:\/\/schema.org\/Organization\"><span itemprop=\"name\">MoverDB.com<\/span><\/span> Online \u03b1\u03bd\u03b1\u03b8\u03b5\u03ce\u03c1\u03b7\u03c3\u03b7 \u03b9\u03c3\u03c4\u03bf\u03c4\u03cc\u03c0\u03bf\u03c5 \u03b3\u03b9\u03b1 <span itemprop=\"itemreviewed\" itemscope=\"\" itemtype=\"http:\/\/schema.org\/Brand\"><span itemprop=\"name\">Mudanzas Gou<\/span><\/span>:<\/p>\n<ol>\n<li> \u03a3\u03b1\u03c6\u03ae \u03c3\u03c4\u03bf\u03b9\u03c7\u03b5\u03af\u03b1 \u03b5\u03c0\u03b9\u03ba\u03bf\u03b9\u03bd\u03c9\u03bd\u03af\u03b1\u03c2 \u03c3\u03c4\u03bf\u03bd \u03b9\u03c3\u03c4\u03cc\u03c4\u03bf\u03c0\u03bf (\u03c3\u03c5\u03bc\u03c0\u03b5\u03c1\u03b9\u03bb\u03b1\u03bc\u03b2\u03b1\u03bd\u03bf\u03bc\u03ad\u03bd\u03bf\u03c5 \u03c4\u03bf\u03c5 \u03b1\u03c1\u03b9\u03b8\u03bc\u03bf\u03cd \u03c4\u03b7\u03bb\u03b5\u03c6\u03ce\u03bd\u03bf\u03c5): <strong>\u039d\u03b1\u03b9<\/strong><\/li>\n<li> \u0395\u03cd\u03ba\u03bf\u03bb\u03bf \u03bd\u03b1 \u03b1\u03c0\u03bf\u03ba\u03c4\u03ae\u03c3\u03b5\u03c4\u03b5 <a href=\"https:\/\/moverdb.com\/el\/%ce%b5%ce%b9%cf%83%ce%b1%ce%b3%cf%89%ce%b3%ce%b9%ce%ba%ce%ac\/\">\u03ba\u03b9\u03bd\u03b7\u03c4\u03ac \u03b5\u03b9\u03c3\u03b1\u03b3\u03c9\u03b3\u03b9\u03ba\u03ac<\/a>? (Online \u03c6\u03cc\u03c1\u03bc\u03b1 \u03b1\u03af\u03c4\u03b7\u03c3\u03b7\u03c2 \u03b5\u03ba\u03c4\u03af\u03bc\u03b7\u03c3\u03b7\u03c2): <strong>\u039d\u03b1\u03b9<\/strong><\/li>\n<li> \u03a3\u03b1\u03c6\u03b5\u03af\u03c2 \u03c0\u03bb\u03b7\u03c1\u03bf\u03c6\u03bf\u03c1\u03af\u03b5\u03c2 \u03c3\u03c4\u03bf\u03bd \u03b9\u03c3\u03c4\u03cc\u03c4\u03bf\u03c0\u03bf: <strong>\u039d\u03b1\u03b9,<\/strong> \u03b5\u03bd\u03ce \u03b5\u03af\u03bd\u03b1\u03b9 \u03b2\u03b1\u03c3\u03b9\u03ba\u03cc, \u03c0\u03b5\u03c1\u03b9\u03b3\u03c1\u03ac\u03c6\u03b5\u03b9 \u03c4\u03b9\u03c2 \u03c5\u03c0\u03b7\u03c1\u03b5\u03c3\u03af\u03b5\u03c2 \u03c4\u03bf\u03c5\u03c2 \u03c4\u03cc\u03c3\u03bf \u03c3\u03c4\u03b1 \u03b1\u03b3\u03b3\u03bb\u03b9\u03ba\u03ac \u03cc\u03c3\u03bf \u03ba\u03b1\u03b9 \u03c3\u03c4\u03b1 \u03b9\u03c3\u03c0\u03b1\u03bd\u03b9\u03ba\u03ac.<\/li>\n<li> \u039c\u03ad\u03bb\u03bf\u03c2 \u03c3\u03b5 \u03b4\u03b9\u03b5\u03b8\u03bd\u03b5\u03af\u03c2 \u03b1\u03bd\u03b1\u03b3\u03bd\u03c9\u03c1\u03b9\u03c3\u03bc\u03ad\u03bd\u03bf\u03c5\u03c2 \u03bf\u03c1\u03b3\u03b1\u03bd\u03b9\u03c3\u03bc\u03bf\u03cd\u03c2 \u03bc\u03b5\u03c4\u03b1\u03ba\u03af\u03bd\u03b7\u03c3\u03b7\u03c2: <strong>\u039d\u03b1\u03b9<\/strong>, (\u03c0\u03bf\u03bb\u03bb\u03ac \u03b2\u03bb\u03ad\u03c0\u03b5 \u03c0\u03b1\u03c1\u03b1\u03c0\u03ac\u03bd\u03c9)<\/li>\n<li> \u039a\u03b1\u03c4\u03ac\u03bb\u03bf\u03b3\u03bf\u03c2 \u03c0\u03b5\u03bb\u03b1\u03c4\u03ce\u03bd \u03ae\/\u03ba\u03b1\u03b9 \u03c0\u03c1\u03bf\u03b7\u03b3\u03bf\u03cd\u03bc\u03b5\u03bd\u03b5\u03c2 \u03bc\u03b1\u03c1\u03c4\u03c5\u03c1\u03af\u03b5\u03c2 \u03c0\u03b5\u03bb\u03b1\u03c4\u03ce\u03bd: <strong>\u038c\u03c7\u03b9,<\/strong> \u03b4\u03b5\u03bd \u03bc\u03c0\u03bf\u03c1\u03ad\u03c3\u03b1\u03bc\u03b5 \u03bd\u03b1 \u03b2\u03c1\u03bf\u03cd\u03bc\u03b5 \u03c3\u03c7\u03cc\u03bb\u03b9\u03b1 \u03ae \u03bc\u03b1\u03c1\u03c4\u03c5\u03c1\u03af\u03b5\u03c2 \u03c0\u03b5\u03bb\u03b1\u03c4\u03ce\u03bd.<\/li>\n<\/ol>\n<div itemprop=\"reviewRating\" itemscope itemtype=\"http:\/\/schema.org\/Rating\"><meta itemprop=\"worstRating\" content = \"0\" \/><meta itemprop=\"bestRating\" content=\"5\" \/><meta itemprop=\"ratingValue\" content=\"4\"><\/div>\n<p><strong>\u03a3\u03c5\u03bd\u03bf\u03bb\u03b9\u03ba\u03ae \u03b2\u03b1\u03b8\u03bc\u03bf\u03bb\u03bf\u03b3\u03af\u03b1: 4\/5<\/strong><br \/>\n<strong>\u0397\u03bc\u03b5\u03c1\u03bf\u03bc\u03b7\u03bd\u03af\u03b1 \u03b1\u03bd\u03b1\u03b8\u03b5\u03ce\u03c1\u03b7\u03c3\u03b7\u03c2:<\/strong> <span itemprop=\"datePublished\" content=\"2017-02-24\">24\/02\/2017<\/span>\n<\/div>\n<p>\u0394\u03b9\u03b1\u03b2\u03ac\u03c3\u03c4\u03b5 \u03c0\u03b5\u03c1\u03b9\u03c3\u03c3\u03cc\u03c4\u03b5\u03c1\u03b1 \u03b3\u03b9\u03b1 <a href=\"https:\/\/moverdb.com\/el\/%ce%b5%cf%84%ce%b1%ce%b9%cf%81%ce%b5%ce%af%ce%b5%cf%82-%ce%bc%ce%b5%cf%84%ce%b1%ce%ba%ce%af%ce%bd%ce%b7%cf%83%ce%b7%cf%82\/\">\u03b4\u03b9\u03b5\u03b8\u03bd\u03b5\u03af\u03c2 \u03b5\u03c4\u03b1\u03b9\u03c1\u03b5\u03af\u03b5\u03c2 \u03bc\u03b5\u03c4\u03b1\u03ba\u03af\u03bd\u03b7\u03c3\u03b7\u03c2<\/a> \u03ba\u03b1\u03b9 \u03c4\u03bf <a href=\"https:\/\/moverdb.com\/el\/%ce%ba%cf%81%ce%b9%cf%84%ce%b9%ce%ba%ce%ad%cf%82\/\">\u03b4\u03b9\u03b1\u03b4\u03b9\u03ba\u03b1\u03c3\u03af\u03b1 \u03b1\u03bd\u03b1\u03b8\u03b5\u03ce\u03c1\u03b7\u03c3\u03b7\u03c2<\/a>.<\/p>\n<p><strong>\u0399\u03c3\u03c4\u03bf\u03c3\u03b5\u03bb\u03af\u03b4\u03b5\u03c2:<\/strong> \u0399\u03c3\u03c0\u03b1\u03bd\u03b9\u03ba\u03ac: <a href=\"http:\/\/www.mudanzasgou.com.mx\/\" target=\"_blank\" rel=\"noopener\">http:\/\/www.mudanzasgou.com.mx\/<\/a> \u0391\u03b3\u03b3\u03bb\u03b9\u03ba\u03ac: <a href=\"http:\/\/www.mudanzasgou.com\/\" target=\"_blank\" rel=\"noopener\">http:\/\/www.mudanzasgou.com\/<\/a><\/p>","protected":false},"excerpt":{"rendered":"<p>Mudanzas Gou is a Mexican moving company which offers its clients a wide range of services which are listed below, together with a company profile and reviews. International Moves Door to door Full packing service, fragile packing or DIY packing Disassembly and reassembly of furniture Customs clearance and assistance with documentation Insurance arranged Unpacking service [&hellip;]<\/p>\n","protected":false},"author":1,"featured_media":0,"parent":0,"menu_order":0,"comment_status":"closed","ping_status":"closed","template":"","meta":{"_genesis_hide_title":false,"_genesis_hide_breadcrumbs":false,"_genesis_hide_singular_image":false,"_genesis_hide_footer_widgets":false,"_genesis_custom_body_class":"","_genesis_custom_post_class":"","_genesis_layout":"","footnotes":""},"class_list":{"0":"post-1570","1":"page","2":"type-page","3":"status-publish","5":"entry"},"_links":{"self":[{"href":"https:\/\/moverdb.com\/el\/wp-json\/wp\/v2\/pages\/1570","targetHints":{"allow":["GET"]}}],"collection":[{"href":"https:\/\/moverdb.com\/el\/wp-json\/wp\/v2\/pages"}],"about":[{"href":"https:\/\/moverdb.com\/el\/wp-json\/wp\/v2\/types\/page"}],"author":[{"embeddable":true,"href":"https:\/\/moverdb.com\/el\/wp-json\/wp\/v2\/users\/1"}],"replies":[{"embeddable":true,"href":"https:\/\/moverdb.com\/el\/wp-json\/wp\/v2\/comments?post=1570"}],"version-history":[{"count":4,"href":"https:\/\/moverdb.com\/el\/wp-json\/wp\/v2\/pages\/1570\/revisions"}],"predecessor-version":[{"id":6222,"href":"https:\/\/moverdb.com\/el\/wp-json\/wp\/v2\/pages\/1570\/revisions\/6222"}],"wp:attachment":[{"href":"https:\/\/moverdb.com\/el\/wp-json\/wp\/v2\/media?parent=1570"}],"curies":[{"name":"wp","href":"https:\/\/api.w.org\/{rel}","templated":true}]}}