{"id":14021,"date":"2023-11-08T15:53:54","date_gmt":"2023-11-08T15:53:54","guid":{"rendered":"https:\/\/moverdb.com\/freight-forwarder\/freight-forwarding-uk\/stockton-on-tees-freight-forwarder\/"},"modified":"2026-01-08T14:58:35","modified_gmt":"2026-01-08T14:58:35","slug":"stockton-on-tees-freight-forwarder","status":"publish","type":"page","link":"https:\/\/moverdb.com\/el\/freight-forwarder\/freight-forwarding-uk\/stockton-on-tees-freight-forwarder\/","title":{"rendered":"2 \u039a\u03b1\u03bb\u03cd\u03c4\u03b5\u03c1\u03b5\u03c2 \u03b5\u03c4\u03b1\u03b9\u03c1\u03b5\u03af\u03b5\u03c2 \u03bc\u03b5\u03c4\u03b1\u03c6\u03bf\u03c1\u03ac\u03c2 \u03b5\u03bc\u03c0\u03bf\u03c1\u03b5\u03c5\u03bc\u03ac\u03c4\u03c9\u03bd Stockton-on-Tees (2024)"},"content":{"rendered":"<p>\u03a0\u03b1\u03c1\u03b1\u03ba\u03ac\u03c4\u03c9 \u03b5\u03be\u03b5\u03c4\u03ac\u03b6\u03bf\u03c5\u03bc\u03b5 \u03c4\u03b9\u03c2 2 <em>\"\u03c4\u03bf \u03ba\u03b1\u03bb\u03cd\u03c4\u03b5\u03c1\u03bf\"<\/em> \u039c\u03b5\u03c4\u03b1\u03c6\u03bf\u03c1\u03b9\u03ba\u03ad\u03c2 \u03b5\u03c4\u03b1\u03b9\u03c1\u03b5\u03af\u03b5\u03c2 \u03c3\u03b5 Stockton-on-Tees \u03b1\u03c0\u03cc 3.<\/p>\n<p>\u0393\u03b9\u03b1 \u03bd\u03b1 \u03bc\u03ac\u03b8\u03b5\u03c4\u03b5 \u03c0\u03b5\u03c1\u03b9\u03c3\u03c3\u03cc\u03c4\u03b5\u03c1\u03b1 \u03c3\u03c7\u03b5\u03c4\u03b9\u03ba\u03ac \u03bc\u03b5 \u03c4\u03bf \u03c0\u03ce\u03c2 \u03b5\u03c0\u03b9\u03bb\u03ad\u03be\u03b1\u03bc\u03b5 \u03c4\u03bf\u03c5\u03c2 \u03ba\u03b1\u03bb\u03cd\u03c4\u03b5\u03c1\u03bf\u03c5\u03c2, \u03c3\u03c5\u03bc\u03b2\u03bf\u03c5\u03bb\u03b5\u03c5\u03c4\u03b5\u03af\u03c4\u03b5 \u03c4\u03b7\u03bd \u03b5\u03bd\u03cc\u03c4\u03b7\u03c4\u03b1 \u03a3\u03c5\u03c7\u03bd\u03ad\u03c2 \u03b5\u03c1\u03c9\u03c4\u03ae\u03c3\u03b5\u03b9\u03c2 \u03c3\u03c4\u03bf \u03c4\u03ad\u03bb\u03bf\u03c2.<\/p>\n<p><em>\u03a0\u03b1\u03c1\u03b1\u03ba\u03b1\u03bb\u03bf\u03cd\u03bc\u03b5 \u03c3\u03b7\u03bc\u03b5\u03b9\u03ce\u03c3\u03c4\u03b5 \u03cc\u03c4\u03b9 \u03bf\u03b9 \u03c0\u03b1\u03c1\u03b1\u03ba\u03ac\u03c4\u03c9 \u03bb\u03af\u03c3\u03c4\u03b5\u03c2 \u03b4\u03b5\u03bd \u03ad\u03c7\u03bf\u03c5\u03bd \u03c3\u03c5\u03b3\u03ba\u03b5\u03ba\u03c1\u03b9\u03bc\u03ad\u03bd\u03b7 \u03c3\u03b5\u03b9\u03c1\u03ac \u03ba\u03b1\u03b9 \u03b4\u03b5\u03bd \u03ba\u03ac\u03bd\u03bf\u03c5\u03bc\u03b5 \u03c3\u03c5\u03c3\u03c4\u03ac\u03c3\u03b5\u03b9\u03c2 \u03b3\u03b9\u03b1 \u03ba\u03ac\u03c0\u03bf\u03b9\u03b1 \u03c3\u03c5\u03b3\u03ba\u03b5\u03ba\u03c1\u03b9\u03bc\u03ad\u03bd\u03b7 \u03b5\u03c4\u03b1\u03b9\u03c1\u03b5\u03af\u03b1.<\/em><\/p>\n<h2>Angolcsomag<\/h2>\n<p><img decoding=\"async\" src=\"https:\/\/moverdb.com\/wp-content\/uploads\/AF1QipOryNSdITJEMO39398cLDQZD5hyDZ4CQCNdQFI6w458-h240-k-no.jpg\" alt='Angolcsomag' class=\"aligncenter\"><\/p>\n<p><strong>\u03a0\u03b5\u03c1\u03b9\u03b3\u03c1\u03b1\u03c6\u03ae \u03b1\u03c0\u03cc \u03c4\u03b7\u03bd \u03b5\u03c0\u03b9\u03c7\u03b5\u03af\u03c1\u03b7\u03c3\u03b7: <\/strong>Nemzetk\u00c3\u00b6zi csomagsz\u00c3\u00a1ll\u00c3t\u00c3\u00a1s, k\u00c3\u00b6lt\u00c3\u00b6ztet\u00c3\u00a9s \u00c3\u00a9s rakt\u00c3\u00a1roz\u00c3\u00a1s kedvez\u00c5' \u00c3\u00a1rakon.<\/p>\n<p> Ha egy az olyan c\u00c3\u00a9get keres, aki t\u00c3\u00b6bb \u00c3\u00a9vtizedes tapasztalattal, probl\u00c3\u00a9mamentesen v\u00c3\u00a9gez csomagsz\u00c3IIl\u00c3t\u00c3\u00a1st, k\u00c3lt\u00c3\u00b6ztet\u00c3\u00a9st, akkor ne keresg\u00c3\u00a9ljen tov\u00c3\u00a1bb, hiszen vel\u00c3\u00bcnk biztosra megy! \u039a\u03ad\u03b9\u03c1\u03c4\u03b6\u03b5\u03bd, \u03b4\u03b5\u03bd \u03b8\u03b1 \u03c3\u03b5 \u03b1\u03c6\u03ae\u03c3\u03c9 \u03bd\u03b1 \u03c6\u03cd\u03b3\u03b5\u03b9\u03c2! C\u00c3\u00a9lunk az egym\u00c3\u00a1st\u00c3\u00b3l t\u00c3\u00a1vol\u00c3\u00a9l\u00c5l\u00c5' csal\u00c3\u00a1dtagok, ismer\u00c5's\u00c3\u00b6k \u00c3\u00b6sszek\u00c3\u00b6t\u00c3\u00a9se! Csomagot akar eljuttatni Angli\u00c3\u00a1ba, Ausztri\u00c3\u00a1ba, N\u00c3\u00a9metorsz\u00c3\u00a1gba, Belgiumba, or Hollandi\u00c3\u00a1ba? Megtal\u00c3lta a megold\u00c3st! Rugalmas megold\u00c3\u00a1sainkat az \u00c3-n ig\u00c3\u00a9nyeihez szabtuk.<\/p>\n<p> V\u00c3\u00a1lassza \u00c3-n is Magyarorsz\u00c3\u00a1g Anglia egyik legkedveltebb csomagsz\u00c3\u00a1ll\u00c3t\u00c3\u00b3j\u00c3\u00a1t \u00c3\u00a9s k\u00c3\u00b6lt\u00c3\u00b6ztet\u00c5'j\u00c3\u00a9t!<\/p>\n<p><strong>\u03a0\u03c1\u03cc\u03c3\u03b8\u03b5\u03c4\u03b5\u03c2 \u03c5\u03c0\u03b7\u03c1\u03b5\u03c3\u03af\u03b5\u03c2:<\/strong><\/p>\n<p>\u0394\u03b5\u03bd \u03ad\u03c7\u03b5\u03b9 \u03ba\u03b1\u03c4\u03b1\u03c7\u03c9\u03c1\u03b7\u03b8\u03b5\u03af<\/p>\n<p><strong>\u0394\u03b9\u03b5\u03cd\u03b8\u03c5\u03bd\u03c3\u03b7:<\/strong> 19 Redbrook Ave, Stockton-on-Tees TS19 9HJ<\/p>\n<p><a href=\"https:\/\/angolcsomag.hu\/\" target=\"_new\" rel=\"noopener\">\u0399\u03c3\u03c4\u03bf\u03c3\u03b5\u03bb\u03af\u03b4\u03b1 Angolcsomag<\/a><\/p>\n<p><strong>\u0392\u03b1\u03b8\u03bc\u03bf\u03bb\u03bf\u03b3\u03af\u03b1 \u03b1\u03bd\u03b1\u03b8\u03b5\u03ce\u03c1\u03b7\u03c3\u03b7\u03c2: <\/strong>4.3<br \/> <strong>\u0391\u03c1\u03b9\u03b8\u03bc\u03cc\u03c2 \u03ba\u03c1\u03b9\u03c4\u03b9\u03ba\u03ce\u03bd:<\/strong> 4<br \/><a href=\"https:\/\/www.google.co.uk\/maps?cid=4596175838503261878&#038;hl=en&#038;gl=GB\" target=\"_new\" rel=\"noopener\">\u0394\u03b9\u03b1\u03b2\u03ac\u03c3\u03c4\u03b5 \u039a\u03c1\u03b9\u03c4\u03b9\u03ba\u03ad\u03c2<\/a><\/p>\n<h2>\u03a0\u03bb\u03bf\u03af\u03b1 \u03bc\u03b5\u03c4\u03b1\u03c6\u03bf\u03c1\u03ac\u03c2 \u03b5\u03bc\u03c0\u03bf\u03c1\u03b5\u03c5\u03bc\u03b1\u03c4\u03bf\u03ba\u03b9\u03b2\u03c9\u03c4\u03af\u03c9\u03bd<\/h2>\n<p><img decoding=\"async\" src=\"https:\/\/moverdb.com\/wp-content\/uploads\/AF1QipMdrVos0_oLG82D58BbnH2sl2pgOv0-e6dvJqXKw408-h544-k-no.jpg\" alt='\u03a0\u03bb\u03bf\u03af\u03b1 \u03bc\u03b5\u03c4\u03b1\u03c6\u03bf\u03c1\u03ac\u03c2 \u03b5\u03bc\u03c0\u03bf\u03c1\u03b5\u03c5\u03bc\u03b1\u03c4\u03bf\u03ba\u03b9\u03b2\u03c9\u03c4\u03af\u03c9\u03bd' class=\"aligncenter\"><\/p>\n<p><strong>\u03a0\u03b5\u03c1\u03b9\u03b3\u03c1\u03b1\u03c6\u03ae \u03b1\u03c0\u03cc \u03c4\u03b7\u03bd \u03b5\u03c0\u03b9\u03c7\u03b5\u03af\u03c1\u03b7\u03c3\u03b7: <\/strong>\u0394\u03b5\u03bd \u03c0\u03b1\u03c1\u03ad\u03c7\u03b5\u03c4\u03b1\u03b9 \u03ba\u03b1\u03bc\u03af\u03b1<\/p>\n<p><strong>\u03a0\u03c1\u03cc\u03c3\u03b8\u03b5\u03c4\u03b5\u03c2 \u03c5\u03c0\u03b7\u03c1\u03b5\u03c3\u03af\u03b5\u03c2:<\/strong><\/p>\n<p>\u0394\u03b5\u03bd \u03ad\u03c7\u03b5\u03b9 \u03ba\u03b1\u03c4\u03b1\u03c7\u03c9\u03c1\u03b7\u03b8\u03b5\u03af<\/p>\n<p><strong>\u0394\u03b9\u03b5\u03cd\u03b8\u03c5\u03bd\u03c3\u03b7:<\/strong> Haverton Hill Rd, Stockton-on-Tees TS23 1PS<\/p>\n<p><a href=\"http:\/\/www.containerships.eu\/\" target=\"_new\" rel=\"noopener\">\u0399\u03c3\u03c4\u03bf\u03c3\u03b5\u03bb\u03af\u03b4\u03b1 Containerships<\/a><\/p>\n<p><strong>\u0392\u03b1\u03b8\u03bc\u03bf\u03bb\u03bf\u03b3\u03af\u03b1 \u03b1\u03bd\u03b1\u03b8\u03b5\u03ce\u03c1\u03b7\u03c3\u03b7\u03c2: <\/strong>4.3<br \/> <strong>\u0391\u03c1\u03b9\u03b8\u03bc\u03cc\u03c2 \u03ba\u03c1\u03b9\u03c4\u03b9\u03ba\u03ce\u03bd:<\/strong> 35<br \/><a href=\"https:\/\/www.google.co.uk\/maps?cid=21507042716909697&#038;hl=en&#038;gl=GB\" target=\"_new\" rel=\"noopener\">\u0394\u03b9\u03b1\u03b2\u03ac\u03c3\u03c4\u03b5 \u039a\u03c1\u03b9\u03c4\u03b9\u03ba\u03ad\u03c2<\/a><\/p>\n<h2>\u03a0\u03ce\u03c2 \u03b5\u03c0\u03b9\u03bb\u03ad\u03be\u03b1\u03bc\u03b5 \u03c4\u03b9\u03c2 \u03ba\u03b1\u03bb\u03cd\u03c4\u03b5\u03c1\u03b5\u03c2 \u03b5\u03c4\u03b1\u03b9\u03c1\u03b5\u03af\u03b5\u03c2 \u03bc\u03b5\u03c4\u03b1\u03c6\u03bf\u03c1\u03ac\u03c2 \u03b5\u03bc\u03c0\u03bf\u03c1\u03b5\u03c5\u03bc\u03ac\u03c4\u03c9\u03bd Stockton-on-Tees<\/h2>\n<p>\u039e\u03b5\u03ba\u03b9\u03bd\u03ae\u03c3\u03b1\u03bc\u03b5 \u03bc\u03b5 \u03ad\u03bd\u03b1 \u03c3\u03cd\u03bd\u03bf\u03bb\u03bf \u03b4\u03b5\u03b4\u03bf\u03bc\u03ad\u03bd\u03c9\u03bd \u03b1\u03c0\u03cc 3 \u03b5\u03c4\u03b1\u03b9\u03c1\u03b5\u03af\u03b5\u03c2 \u03bc\u03b5\u03c4\u03b1\u03c6\u03bf\u03c1\u03ac\u03c2 \u03b5\u03bc\u03c0\u03bf\u03c1\u03b5\u03c5\u03bc\u03ac\u03c4\u03c9\u03bd Stockton-on-Tees \u03c0\u03bf\u03c5 \u03bc\u03c0\u03bf\u03c1\u03ad\u03c3\u03b1\u03bc\u03b5 \u03bd\u03b1 \u03b2\u03c1\u03bf\u03cd\u03bc\u03b5 \u03bc\u03ad\u03c3\u03c9 \u03c4\u03bf\u03c5 Google Maps \u03ba\u03b1\u03b9 \u03c0\u03b5\u03c1\u03b9\u03bf\u03c1\u03af\u03c3\u03b1\u03bc\u03b5 \u03c4\u03b7\u03bd \u03b5\u03c0\u03b9\u03bb\u03bf\u03b3\u03ae \u03c3\u03c4\u03b9\u03c2 2 \u03ba\u03b1\u03bb\u03cd\u03c4\u03b5\u03c1\u03b5\u03c2.<\/p>\n<p>\u0393\u03b9\u03b1 \u03bd\u03b1 \u03c4\u03bf \u03ba\u03ac\u03bd\u03bf\u03c5\u03bc\u03b5 \u03b1\u03c5\u03c4\u03cc, \u03b1\u03c6\u03b1\u03b9\u03c1\u03ad\u03c3\u03b1\u03bc\u03b5 \u03ba\u03ac\u03b8\u03b5 \u03b5\u03c4\u03b1\u03b9\u03c1\u03b5\u03af\u03b1 \u03c0\u03bf\u03c5:<\/p>\n<ul>\n<li> \u0394\u03b5\u03bd \u03b5\u03af\u03c7\u03b5 \u03b9\u03c3\u03c4\u03bf\u03c3\u03b5\u03bb\u03af\u03b4\u03b1<\/li>\n<li> \u0394\u03b5\u03bd \u03b5\u03af\u03c7\u03b5 \u03ba\u03c1\u03b9\u03c4\u03b9\u03ba\u03ad\u03c2<\/li>\n<li> \u0395\u03af\u03c7\u03b1\u03bd \u03bc\u03ad\u03c3\u03bf \u03cc\u03c1\u03bf \u03b2\u03b1\u03b8\u03bc\u03bf\u03bb\u03bf\u03b3\u03af\u03b1\u03c2 \u03ba\u03c1\u03b9\u03c4\u03b9\u03ba\u03ae\u03c2 \u03ba\u03ac\u03c4\u03c9 \u03b1\u03c0\u03cc 2,0<\/li>\n<\/ul>\n<p>\u03a3\u03b5 \u03b1\u03c5\u03c4\u03cc \u03c4\u03bf \u03c3\u03b7\u03bc\u03b5\u03af\u03bf, \u03b1\u03bd \u03b5\u03af\u03c7\u03b1\u03bc\u03b5 17 \u03ae \u03bb\u03b9\u03b3\u03cc\u03c4\u03b5\u03c1\u03bf\u03c5\u03c2 \u03b1\u03c0\u03bf\u03c3\u03c4\u03bf\u03bb\u03b5\u03af\u03c2, \u03c4\u03bf\u03c5\u03c2 \u03b1\u03bd\u03b1\u03c6\u03ad\u03c1\u03b1\u03bc\u03b5 \u03cc\u03bb\u03bf\u03c5\u03c2.<\/p>\n<p>\u0393\u03b9\u03b1 \u03c4\u03b9\u03c2 \u03c0\u03cc\u03bb\u03b5\u03b9\u03c2 \u03c3\u03c4\u03b9\u03c2 \u03bf\u03c0\u03bf\u03af\u03b5\u03c2 \u03c0\u03b1\u03c1\u03ad\u03bc\u03b5\u03bd\u03b1\u03bd \u03c0\u03b5\u03c1\u03b9\u03c3\u03c3\u03cc\u03c4\u03b5\u03c1\u03bf\u03b9 \u03b1\u03c0\u03cc 17 \u03b1\u03c0\u03bf\u03c3\u03c4\u03bf\u03bb\u03b5\u03af\u03c2, \u03ba\u03ac\u03bd\u03b1\u03bc\u03b5 \u03c0\u03b5\u03c1\u03b1\u03b9\u03c4\u03ad\u03c1\u03c9 \u03b1\u03bd\u03b1\u03b8\u03b5\u03c9\u03c1\u03ae\u03c3\u03b5\u03b9\u03c2 \u03b5\u03af\u03c4\u03b5 \u03b1\u03c5\u03be\u03ac\u03bd\u03bf\u03bd\u03c4\u03b1\u03c2 \u03c4\u03b7\u03bd \u03b1\u03c0\u03b1\u03b9\u03c4\u03bf\u03cd\u03bc\u03b5\u03bd\u03b7 \u03b2\u03b1\u03b8\u03bc\u03bf\u03bb\u03bf\u03b3\u03af\u03b1 \u03b1\u03bd\u03b1\u03b8\u03b5\u03ce\u03c1\u03b7\u03c3\u03b7\u03c2 (\u03c0.\u03c7. \u03b1\u03c0\u03cc \u03c4\u03bf\u03c5\u03bb\u03ac\u03c7\u03b9\u03c3\u03c4\u03bf\u03bd 2,0 \u03c3\u03b5 4,0) \u03ae\/\u03ba\u03b1\u03b9 \u03b1\u03c5\u03be\u03ac\u03bd\u03bf\u03bd\u03c4\u03b1\u03c2 \u03c4\u03bf\u03bd \u03b5\u03bb\u03ac\u03c7\u03b9\u03c3\u03c4\u03bf \u03b1\u03c1\u03b9\u03b8\u03bc\u03cc \u03c4\u03c9\u03bd \u03b1\u03c0\u03b1\u03b9\u03c4\u03bf\u03cd\u03bc\u03b5\u03bd\u03c9\u03bd \u03b1\u03bd\u03b1\u03b8\u03b5\u03c9\u03c1\u03ae\u03c3\u03b5\u03c9\u03bd (\u03c0.\u03c7. \u03b1\u03c0\u03cc \u03c4\u03bf\u03c5\u03bb\u03ac\u03c7\u03b9\u03c3\u03c4\u03bf\u03bd 1 \u03b1\u03bd\u03b1\u03b8\u03b5\u03ce\u03c1\u03b7\u03c3\u03b7 \u03c3\u03b5 \u03c4\u03bf\u03c5\u03bb\u03ac\u03c7\u03b9\u03c3\u03c4\u03bf\u03bd 10).<\/p>\n<p>\u03a3\u03b7\u03bc\u03b5\u03b9\u03ce\u03c3\u03c4\u03b5 \u03cc\u03c4\u03b9 \u03c7\u03c1\u03b7\u03c3\u03b9\u03bc\u03bf\u03c0\u03bf\u03b9\u03ae\u03c3\u03b1\u03bc\u03b5 \u03bc\u03cc\u03bd\u03bf \u03b4\u03b5\u03b4\u03bf\u03bc\u03ad\u03bd\u03b1 \u03b1\u03bd\u03b1\u03b8\u03b5\u03ce\u03c1\u03b7\u03c3\u03b7\u03c2 \u03b1\u03c0\u03cc \u03c4\u03bf Google Maps \u03ba\u03b1\u03b9 \u03cc\u03c7\u03b9 \u03b1\u03c0\u03cc \u03ac\u03bb\u03bb\u03bf\u03c5\u03c2 \u03b9\u03c3\u03c4\u03cc\u03c4\u03bf\u03c0\u03bf\u03c5\u03c2 \u03c4\u03c1\u03af\u03c4\u03c9\u03bd.<\/p>\n<p>\u03a0\u03b5\u03c1\u03b9\u03c3\u03c3\u03cc\u03c4\u03b5\u03c1\u03b5\u03c2 \u03c0\u03cc\u03bb\u03b5\u03b9\u03c2:<\/p>\n<p><a href=\"https:\/\/moverdb.com\/el\/%ce%bc%ce%b5%cf%84%ce%b1%cf%86%ce%bf%cf%81%ce%ad%ce%b1%cf%82-%ce%bc%ce%b5%cf%84%ce%b1%cf%86%ce%bf%cf%81%ce%ad%ce%b1%cf%82\/freight-forwarding-uk\/middlesex-freight-forwarder\/\">Middlesex \u039c\u03b5\u03c4\u03b1\u03c6\u03bf\u03c1\u03ad\u03b1\u03c2 \u03b5\u03bc\u03c0\u03bf\u03c1\u03b5\u03c5\u03bc\u03ac\u03c4\u03c9\u03bd<\/a><br \/><a href=\"https:\/\/moverdb.com\/el\/%ce%bc%ce%b5%cf%84%ce%b1%cf%86%ce%bf%cf%81%ce%ad%ce%b1%cf%82-%ce%bc%ce%b5%cf%84%ce%b1%cf%86%ce%bf%cf%81%ce%ad%ce%b1%cf%82\/freight-forwarding-uk\/wisbech-freight-forwarder\/\">Wisbech \u039c\u03b5\u03c4\u03b1\u03c6\u03bf\u03c1\u03ad\u03b1\u03c2 \u03b5\u03bc\u03c0\u03bf\u03c1\u03b5\u03c5\u03bc\u03ac\u03c4\u03c9\u03bd<\/a><br \/><a href=\"https:\/\/moverdb.com\/el\/%ce%bc%ce%b5%cf%84%ce%b1%cf%86%ce%bf%cf%81%ce%ad%ce%b1%cf%82-%ce%bc%ce%b5%cf%84%ce%b1%cf%86%ce%bf%cf%81%ce%ad%ce%b1%cf%82\/freight-forwarding-uk\/east-cowes-freight-forwarder\/\">East Cowes \u039c\u03b5\u03c4\u03b1\u03c6\u03bf\u03c1\u03ad\u03b1\u03c2 \u03b5\u03bc\u03c0\u03bf\u03c1\u03b5\u03c5\u03bc\u03ac\u03c4\u03c9\u03bd<\/a><br \/><a href=\"https:\/\/moverdb.com\/el\/%ce%bc%ce%b5%cf%84%ce%b1%cf%86%ce%bf%cf%81%ce%ad%ce%b1%cf%82-%ce%bc%ce%b5%cf%84%ce%b1%cf%86%ce%bf%cf%81%ce%ad%ce%b1%cf%82\/freight-forwarding-uk\/bury-freight-forwarder\/\">Bury \u039c\u03b5\u03c4\u03b1\u03c6\u03bf\u03c1\u03ad\u03b1\u03c2 \u03b5\u03bc\u03c0\u03bf\u03c1\u03b5\u03c5\u03bc\u03ac\u03c4\u03c9\u03bd<\/a><br \/><a href=\"https:\/\/moverdb.com\/el\/%ce%bc%ce%b5%cf%84%ce%b1%cf%86%ce%bf%cf%81%ce%ad%ce%b1%cf%82-%ce%bc%ce%b5%cf%84%ce%b1%cf%86%ce%bf%cf%81%ce%ad%ce%b1%cf%82\/freight-forwarding-uk\/newcastle-upon-tyne-freight-forwarder\/\">Newcastle upon Tyne \u039c\u03b5\u03c4\u03b1\u03c6\u03bf\u03c1\u03ad\u03b1\u03c2 \u03b5\u03bc\u03c0\u03bf\u03c1\u03b5\u03c5\u03bc\u03ac\u03c4\u03c9\u03bd<\/a><\/p>","protected":false},"excerpt":{"rendered":"<p>Below we look at the 2 &#8220;best&#8221; Freight Forwarding companies in Stockton-on-Tees out of 3. To learn more about how we chose the best please consult our FAQ section at the end. Please not the following listings are in no particular order and we are not making any recommendations for any particular company. Angolcsomag Description [&hellip;]<\/p>\n","protected":false},"author":1,"featured_media":0,"parent":13427,"menu_order":0,"comment_status":"open","ping_status":"open","template":"","meta":{"_genesis_hide_title":false,"_genesis_hide_breadcrumbs":false,"_genesis_hide_singular_image":false,"_genesis_hide_footer_widgets":false,"_genesis_custom_body_class":"","_genesis_custom_post_class":"","_genesis_layout":"","footnotes":""},"class_list":{"0":"post-14021","1":"page","2":"type-page","3":"status-publish","5":"entry"},"_links":{"self":[{"href":"https:\/\/moverdb.com\/el\/wp-json\/wp\/v2\/pages\/14021","targetHints":{"allow":["GET"]}}],"collection":[{"href":"https:\/\/moverdb.com\/el\/wp-json\/wp\/v2\/pages"}],"about":[{"href":"https:\/\/moverdb.com\/el\/wp-json\/wp\/v2\/types\/page"}],"author":[{"embeddable":true,"href":"https:\/\/moverdb.com\/el\/wp-json\/wp\/v2\/users\/1"}],"replies":[{"embeddable":true,"href":"https:\/\/moverdb.com\/el\/wp-json\/wp\/v2\/comments?post=14021"}],"version-history":[{"count":1,"href":"https:\/\/moverdb.com\/el\/wp-json\/wp\/v2\/pages\/14021\/revisions"}],"predecessor-version":[{"id":15749,"href":"https:\/\/moverdb.com\/el\/wp-json\/wp\/v2\/pages\/14021\/revisions\/15749"}],"up":[{"embeddable":true,"href":"https:\/\/moverdb.com\/el\/wp-json\/wp\/v2\/pages\/13427"}],"wp:attachment":[{"href":"https:\/\/moverdb.com\/el\/wp-json\/wp\/v2\/media?parent=14021"}],"curies":[{"name":"wp","href":"https:\/\/api.w.org\/{rel}","templated":true}]}}