{"id":988,"date":"2017-02-24T08:48:27","date_gmt":"2017-02-24T08:48:27","guid":{"rendered":"http:\/\/moverdb.com\/?page_id=988"},"modified":"2026-01-08T14:40:00","modified_gmt":"2026-01-08T14:40:00","slug":"island-movers","status":"publish","type":"page","link":"https:\/\/moverdb.com\/de\/island-movers\/","title":{"rendered":"Island Movers - Internationaler Umzug Bewertungen"},"content":{"rendered":"<p>Island Movers hat seinen Sitz in Honolulu und bietet seinen Kunden eine Reihe von Umzugsdienstleistungen an, die unten aufgef\u00fchrt sind, zusammen mit einem Firmenprofil und Bewertungen. <\/p>\n<p><strong>Internationale Umz\u00fcge - <a href=\"https:\/\/moverdb.com\/de\/moving-to-the-united-states\/\" data-internallinksmanager029f6b8e52c=\"94\" title=\"Umzug in die Vereinigten Staaten? 2026 Lebenshaltungskosten &amp; Umzugstipps\">US<\/a> und die Welt<\/strong><\/p>\n<ul>\n<li> Pers\u00f6nlicher Umzugskoordinator<\/li>\n<li> Dienst von T\u00fcr zu T\u00fcr<\/li>\n<li> Selbstverpackung oder vollst\u00e4ndiger Verpackungsservice<\/li>\n<li> Mitgelieferte Kartons<\/li>\n<li> Auspackservice<\/li>\n<li> Seefracht und Luftfracht<\/li>\n<li> Unterst\u00fctzung beim Zoll<\/li>\n<li> Versicherung abgeschlossen<\/li>\n<\/ul>\n<p><strong>Pers\u00f6nliche Umz\u00fcge<\/strong><\/p>\n<ul>\n<li> Innerhalb der gleichen Insel - Kosten nach Zeit<\/li>\n<li> Auf eine andere Insel - Kosten je nach Gewicht<\/li>\n<li> Weltweit<\/li>\n<li> Selbstverpackung oder vollst\u00e4ndiger Verpackungsservice<\/li>\n<li> Mitgelieferte Kartons<\/li>\n<li> Auspackservice<\/li>\n<li> Lang- und kurzfristige Lagerung m\u00f6glich<\/li>\n<li> Tragbares Lager verf\u00fcgbar<\/li>\n<\/ul>\n<p><strong>Gesch\u00e4ftliche Umz\u00fcge<\/strong><\/p>\n<ul>\n<li> Kleine oder gro\u00dfe Umz\u00fcge<\/li>\n<li> Einpacken eigener Dokumente empfohlen<\/li>\n<li> Langfristige und kurzfristige Lagerung m\u00f6glich<\/li>\n<li> Tragbares Lager verf\u00fcgbar<\/li>\n<li> Demontage und Wiedermontage von M\u00f6beln<\/li>\n<\/ul>\n<p><strong>Andere Dienstleistungen<\/strong><\/p>\n<ul>\n<li> Lagerr\u00e4ume und Lagereinheiten<\/li>\n<li> Lkw-Transport und Speditionsdienste<\/li>\n<li> Konsolidierte Fracht zwischen den Inseln<\/li>\n<li> Lager- und Vertriebsdienstleistungen<\/li>\n<li> US-Zoll und Landwirtschaft - Zentrale Pr\u00fcfungsstation<\/li>\n<li> Renovierung des Hotels <\/li>\n<li> Vertragliche Hauslieferdienste<\/li>\n<li> Internationale Tagungsdienste<\/li>\n<li> Pro-File Record Systeme<\/li>\n<li> Kurierdienste und gepanzerte Fahrzeuge<\/li>\n<li> Lagerung und Verkauf von Containern<\/li>\n<\/ul>\n<h2>Island Movers Unternehmensprofil<\/h2>\n<p>Island Movers Inc ist ein Familienunternehmen in <a href=\"https:\/\/moverdb.com\/de\/moving-to-the-united-states\/moving-to-hawaii\/\" data-internallinksmanager029f6b8e52c=\"403\" title=\"Umzug nach Hawaii? 2026 Lebenshaltungskosten &amp; Umzugstipps\">Hawaii<\/a> die im Jahr 1958 gegr\u00fcndet wurde. In den 1960er Jahren wurde das Unternehmen von Donald Takaki \u00fcbernommen und ist seither in Familienbesitz geblieben. Es ist ein stolzes hawaiianisches Unternehmen mit starken Verbindungen zum Festland und auf internationaler Ebene. Island Movers geh\u00f6rt zu den Top 250 Unternehmen im Bundesstaat Hawaii. Sie sind das gr\u00f6\u00dfte diversifizierte Transportunternehmen in der Region. <\/p>\n<p>Island Movers ist spezialisiert auf allgemeine LKW-Transporte, Hausumz\u00fcge (sowohl lokal als auch international) und Hauslieferungen. Island Movers ist Teil der Hawktree International Group und besch\u00e4ftigt \u00fcber 250 Mitarbeiter. Der Gro\u00dfteil des Gesch\u00e4fts von Island Movers entf\u00e4llt auf Unternehmen, einschlie\u00dflich internationaler Umz\u00fcge von Mitarbeitern. Internationale Umz\u00fcge werden \u00fcber globale Partnerschaften abgewickelt. <\/p>\n<p>Island Movers Inc hat die folgenden Akkreditierungen und Zugeh\u00f6rigkeiten:<\/p>\n<ul>\n<li> Pan American International Movers Association (PAIMA)<\/li>\n<li> <a href=\"https:\/\/moverdb.com\/de\/ich-bin\/\">Verband internationaler Spediteure<\/a> (<a href=\"https:\/\/moverdb.com\/de\/iam\/\" data-internallinksmanager029f6b8e52c=\"23\" title=\"International Association of Movers (IAM) erkl\u00e4rt\">IAM<\/a>)<\/li>\n<li> <a href=\"https:\/\/moverdb.com\/de\/amsa\/\">Amerikanische Vereinigung f\u00fcr Umz\u00fcge und Lagerung<\/a> (<a href=\"https:\/\/moverdb.com\/de\/amsa\/\" data-internallinksmanager029f6b8e52c=\"5\" title=\"American Moving &amp; Storage Association (AMSA) erkl\u00e4rt\">AMSA<\/a>)<\/li>\n<li> Better Business Bureau (BBB)<\/li>\n<\/ul>\n<h2>Island Movers Bewertungen<\/h2>\n<p><strong>Positiv:<\/strong><\/p>\n<ul>\n<li> <em>\"Unser unglaublicher Stress und unsere Sorgen bez\u00fcglich unseres transpazifischen Umzugs wurden gemildert, als Island Movers unseren Umzug \u00fcbernahm und uns bei der \u00dcberwachung des Festlands half. <a href=\"https:\/\/moverdb.com\/de\/moving-companies\/\" data-internallinksmanager029f6b8e52c=\"79\" title=\"Top 25 Internationale Umzugsunternehmen Online\">Umzugsunternehmen<\/a> sowie die gute Beratung, die Kompetenz, der herzliche Kundenservice und die P\u00fcnktlichkeit. Ich bin nicht nur von der Professionalit\u00e4t und der Vertrauensw\u00fcrdigkeit von Island Movers beeindruckt, sondern auch von dem herzlichen Aloha-Geist aller Island Movers-Mitarbeiter, die uns beim Umzug geholfen haben!\"<\/em> - Jackie <a href=\"http:\/\/www.islandmovers.com\/personal-moves\/customer-testimonials\/\" target=\"_blank\" rel=\"noopener\">Kundenreferenz<\/a><\/li>\n<li> <em>\"Wirklich hervorragender Service!  Ich bin so froh, dass ich mich f\u00fcr Hawaiis Beste entschieden habe!\"<\/em> - Gifford \u00fcber <a href=\"https:\/\/www.yelp.com\/biz\/island-movers-inc-honolulu-4?hrid=Ew3UirYLCqyK2kHDFhwl1A&#038;utm_campaign=www_review_share_popup&#038;utm_medium=copy_link&#038;utm_source=(direct)\" target=\"_blank\" rel=\"noopener\">Yelp<\/a><\/li>\n<\/ul>\n<p><strong>Negativ:<\/strong><\/p>\n<ul>\n<li> <em>\"Ich glaube nicht, dass ich sie jemals anrufen w\u00fcrde, um mich auszuliefern oder umzuziehen, aber insgesamt war die Erfahrung ok.<\/em> - Angela \u00fcber <a href=\"https:\/\/www.yelp.com\/biz\/island-movers-inc-honolulu-4?hrid=TFkdEA1IDuuzBJ-Psl0q_w&#038;utm_campaign=www_review_share_popup&#038;utm_medium=copy_link&#038;utm_source=(direct)\" target=\"_blank\" rel=\"noopener\">Yelp<\/a><\/li>\n<\/ul>\n<div itemprop=\"review\" itemscope itemtype=\"http:\/\/schema.org\/Review\">\n<span itemprop=\"author\" itemscope=\"\" itemtype=\"http:\/\/schema.org\/Organization\"><span itemprop=\"name\">MoverDB.com<\/span><\/span> Online Website \u00dcberpr\u00fcfung f\u00fcr <span itemprop=\"itemreviewed\" itemscope=\"\" itemtype=\"http:\/\/schema.org\/Brand\"><span itemprop=\"name\">Insel-Mover<\/span><\/span>:<\/p>\n<ol>\n<li> Klare Kontaktangaben auf der Website (einschlie\u00dflich Telefonnummer): <strong>Ja<\/strong><\/li>\n<li> Leicht zu bekommen <a href=\"https:\/\/moverdb.com\/de\/zitate\/\">Umzugskostenvoranschl\u00e4ge<\/a>? (Online-Formular f\u00fcr Kostenvoranschl\u00e4ge): <strong>Ja<\/strong><\/li>\n<li> Klare Informationen auf der Website: <strong>Ja,<\/strong> Die Website listet die angebotenen Dienstleistungen auf, geht aber nicht sehr ins Detail.<\/li>\n<li> Mitgliedschaft in international anerkannten Umzugsorganisationen: <strong>Ja<\/strong>(siehe oben)<\/li>\n<li> Liste der Kunden und\/oder Zeugnisse von fr\u00fcheren Kunden: <strong>Ja,<\/strong> allerdings nur wenige auf ihrer Website. Die Bewertungen im Internet sind im Allgemeinen positiv.<\/li>\n<\/ol>\n<div itemprop=\"reviewRating\" itemscope itemtype=\"http:\/\/schema.org\/Rating\"><meta itemprop=\"worstRating\" content = \"0\" \/><meta itemprop=\"bestRating\" content=\"5\" \/><meta itemprop=\"ratingValue\" content=\"4.5\"><\/div>\n<p><strong>Gesamtbewertung: 4.5\/5<\/strong><br \/>\n<strong>Datum der \u00dcberpr\u00fcfung:<\/strong> <span itemprop=\"datePublished\" content=\"2017-02-24\">24\/02\/2017<\/span>\n<\/div>\n<p>Lesen Sie mehr \u00fcber <a href=\"https:\/\/moverdb.com\/de\/umzugsunternehmen\/\">internationale Umzugsunternehmen<\/a> und unsere <a href=\"https:\/\/moverdb.com\/de\/bewertungen\/\">\u00dcberpr\u00fcfungsprozess<\/a>.<\/p>\n<p><strong>Website:<\/strong> <a href=\"http:\/\/www.islandmovers.com\/\" target=\"_blank\" rel=\"noopener\">http:\/\/www.islandmovers.com\/<\/a><\/p>","protected":false},"excerpt":{"rendered":"<p>Island Movers is based in Honolulu and offers its customers a range of moving services which are list below, together with a company profile and reviews. International Moves &#8211; US and the World Personal move coordinator Door to door service Self-packing or full packing service Cartons provided Unpacking service Sea freight and air freight Assistance [&hellip;]<\/p>\n","protected":false},"author":1,"featured_media":0,"parent":0,"menu_order":0,"comment_status":"closed","ping_status":"closed","template":"","meta":{"_genesis_hide_title":false,"_genesis_hide_breadcrumbs":false,"_genesis_hide_singular_image":false,"_genesis_hide_footer_widgets":false,"_genesis_custom_body_class":"","_genesis_custom_post_class":"","_genesis_layout":"","footnotes":""},"class_list":{"0":"post-988","1":"page","2":"type-page","3":"status-publish","5":"entry"},"_links":{"self":[{"href":"https:\/\/moverdb.com\/de\/wp-json\/wp\/v2\/pages\/988","targetHints":{"allow":["GET"]}}],"collection":[{"href":"https:\/\/moverdb.com\/de\/wp-json\/wp\/v2\/pages"}],"about":[{"href":"https:\/\/moverdb.com\/de\/wp-json\/wp\/v2\/types\/page"}],"author":[{"embeddable":true,"href":"https:\/\/moverdb.com\/de\/wp-json\/wp\/v2\/users\/1"}],"replies":[{"embeddable":true,"href":"https:\/\/moverdb.com\/de\/wp-json\/wp\/v2\/comments?post=988"}],"version-history":[{"count":4,"href":"https:\/\/moverdb.com\/de\/wp-json\/wp\/v2\/pages\/988\/revisions"}],"predecessor-version":[{"id":13166,"href":"https:\/\/moverdb.com\/de\/wp-json\/wp\/v2\/pages\/988\/revisions\/13166"}],"wp:attachment":[{"href":"https:\/\/moverdb.com\/de\/wp-json\/wp\/v2\/media?parent=988"}],"curies":[{"name":"wp","href":"https:\/\/api.w.org\/{rel}","templated":true}]}}