{"id":955,"date":"2016-07-24T19:52:53","date_gmt":"2016-07-24T19:52:53","guid":{"rendered":"http:\/\/moverdb.com\/?page_id=955"},"modified":"2026-01-08T15:21:02","modified_gmt":"2026-01-08T15:21:02","slug":"us-kanada-umzuge","status":"publish","type":"page","link":"https:\/\/moverdb.com\/de\/us-canada-movers\/","title":{"rendered":"Top 100 Inlands- und Auslandsumz\u00fcge in den USA und Kanada"},"content":{"rendered":"<p>Nachstehend finden Sie eine Liste der 100 gr\u00f6\u00dften inl\u00e4ndischen und <a href=\"https:\/\/moverdb.com\/de\/umzugsunternehmen\/\">internationale Umzugsunternehmen<\/a> die <a href=\"https:\/\/moverdb.com\/de\/moving-to-the-united-states\/\" data-internallinksmanager029f6b8e52c=\"94\" title=\"Umzug in die Vereinigten Staaten? 2026 Lebenshaltungskosten &amp; Umzugstipps\">Vereinigte Staaten<\/a> und <a href=\"https:\/\/moverdb.com\/de\/moving-to-canada\/\" data-internallinksmanager029f6b8e52c=\"265\" title=\"Umzug nach Kanada? 2026 Lebenshaltungskosten &amp; Umzugstipps\">Kanada<\/a> auf der Grundlage der Anzahl der zugelassenen Lkw in ihrer Flotte. <\/p>\n<p>Eines dieser Unternehmen ist wahrscheinlich das richtige f\u00fcr Ihren internationalen, Langstrecken- und\/oder zwischenstaatlichen Umzug.<\/p>\n<p><img loading=\"lazy\" decoding=\"async\" width=\"720\" height=\"480\" src=\"https:\/\/moverdb.com\/wp-content\/uploads\/Moving-truck.jpeg\" alt=\"Umzugswagen\" class=\"aligncenter size-full wp-image-1083\" srcset=\"https:\/\/moverdb.com\/wp-content\/uploads\/Moving-truck.jpeg 720w, https:\/\/moverdb.com\/wp-content\/uploads\/Moving-truck-300x200.jpeg 300w, https:\/\/moverdb.com\/wp-content\/uploads\/Moving-truck-600x400.jpeg 600w\" sizes=\"auto, (max-width: 720px) 100vw, 720px\" \/><\/p>\n<p>Die Daten stammen von <a href=\"http:\/\/www.movingcompanyreviews.com\/100-largest-moving-companies-of-the-us-and-canada\" target=\"_blank\" rel=\"noopener\">MovingCompanyReviews.com<\/a> die die aktuellen Flottengr\u00f6\u00dfen und auch den Hauptsitz jedes Unternehmens anzeigt.<\/p>\n<p>Nachstehend k\u00f6nnen Sie die Profile der einzelnen Unternehmen lesen: <\/p>\n<ol>\n<li> <a href=\"https:\/\/moverdb.com\/de\/united-van-lines\/\"><strong>Vereinigte Van Lines<\/strong><\/a> - Bietet sowohl Inlandsumz\u00fcge innerhalb der Vereinigten Staaten und Kanadas als auch internationale Umz\u00fcge auf der ganzen Welt an.<\/li>\n<li> <a href=\"https:\/\/moverdb.com\/de\/u-pack-umzug\/\"><strong>U-Pack Umzug<\/strong><\/a> - ABF U-Pack Moving bietet seinen Kunden eine Vielzahl von Dienstleistungen f\u00fcr den Umzug und das Ein- und Auspacken innerhalb der USA, Kanada und Puerto Rico. <\/li>\n<li> <a href=\"https:\/\/moverdb.com\/de\/atlas-van-lines-international\/\"><strong>Atlas Van Lines<\/strong><\/a> - Bietet nationale Umz\u00fcge unter der Marke Atlas Van Lines und internationale Umz\u00fcge unter Atlas Van Lines International an. Beide sind Eigentum der Atlas World Group.<\/li>\n<li> <a href=\"https:\/\/moverdb.com\/de\/mayflower-transit\/\"><strong>Mayflower Transit<\/strong><\/a> - Mayflower Transit bietet eine breite Palette von Dienstleistungen an, die von Do-it-yourself-Umz\u00fcgen und -Lagerung bis hin zu einem ma\u00dfgeschneiderten internationalen Vollservice reichen. <\/li>\n<li> <a href=\"https:\/\/moverdb.com\/de\/allied-van-lines\/\"><strong>Allied Van Lines<\/strong><\/a> - Allied Van Lines Inc. hat seinen Sitz in Fort Wayne, IN, und bietet seinen Kunden eine Vielzahl von Dienstleistungen an, darunter 24\/7 Sendungsverfolgung, Hilfe bei der Zollabfertigung, englischsprachiges Personal an beiden Enden des Umzugs und Entfernung von Verpackungsmaterial.<\/li>\n<li> <a href=\"https:\/\/moverdb.com\/de\/nord-amerikanische-van-lines\/\"><strong>North American Van Lines<\/strong><\/a> - North American Van Lines bietet seinen Kunden Dienstleistungen f\u00fcr internationale, Unternehmens- und Inlandsumz\u00fcge.<\/li>\n<li> <a href=\"https:\/\/moverdb.com\/de\/wheaton\/\"><strong>Wheaton World Wide Moving<\/strong><\/a> - Wheaton World Wide Moving (ehemals Wheaton Van Lines) bietet seinen Kunden eine Reihe von Dienstleistungen an, von internationalen Umz\u00fcgen bis hin zu lokalen Umz\u00fcgen.<\/li>\n<li> <a href=\"https:\/\/moverdb.com\/de\/bekins-van-lines\/\"><strong>Bekins Van Lines<\/strong><\/a> - Bekins Van Lines hat seinen Sitz in Indianapolis IN. Sie bieten ihren Kunden eine Vielzahl von Umzugsdienstleistungen an, darunter internationale Umz\u00fcge und Umz\u00fcge mit hohem Wert.<\/li>\n<li> <a href=\"https:\/\/moverdb.com\/de\/graebel-van-lines\/\"><strong>Graebel Van Lines<\/strong><\/a> - Graebel Van Lines hat seinen Hauptsitz in Aurora, CO, und zu seinen Kunden geh\u00f6ren Fortune-500-Unternehmen sowie DEA, FBI, IRS und CDC.<\/li>\n<li> <a href=\"https:\/\/moverdb.com\/de\/arpin-van-lines\/\"><strong>Arpin Van Lines<\/strong><\/a> - Arpin Van Lines hat seinen Sitz in West Warwick, RI, und f\u00fchrt Milit\u00e4r- und Haushaltsumz\u00fcge sowohl im Inland als auch international durch. Sie bieten auch Lagerungsdienste wie klimatisierte Lagerung und Lagerung in Containern an.<\/li>\n<li> <a href=\"https:\/\/moverdb.com\/de\/stevens-weltweit-van-lines\/\">Stevens Worldwide Van Lines<\/a> - Stevens Worldwide Van Lines hat seinen Sitz in Saginaw MI und bietet lokale, Out of State-, Langstrecken- und internationale Umz\u00fcge f\u00fcr Haushalte, Unternehmen, das Milit\u00e4r und den Klerus an.<\/li>\n<li> <a href=\"https:\/\/moverdb.com\/de\/amj-campbell-van-lines\/\">AMJ Campbell Van Lines<\/a> - AMJ Campbell Van Lines ist ans\u00e4ssig in <a href=\"https:\/\/moverdb.com\/de\/umziehen-nach-oronto\/\">Toronto<\/a>Kanada und ist eine der gr\u00f6\u00dften kanadischen <a href=\"https:\/\/moverdb.com\/de\/moving-companies\/\" data-internallinksmanager029f6b8e52c=\"79\" title=\"Top 25 Internationale Umzugsunternehmen Online\">Umzugsunternehmen<\/a> sowohl f\u00fcr nationale als auch f\u00fcr internationale Umz\u00fcge.<\/li>\n<li> <a href=\"https:\/\/moverdb.com\/de\/suddath\/\">Suddath<\/a> - Eine Unternehmensfamilie, die eine Reihe von nationalen und internationalen Umzugsdienstleistungen anbietet, darunter Umz\u00fcge von Privathaushalten, Unternehmen und Beh\u00f6rden.<\/li>\n<li> <a href=\"https:\/\/moverdb.com\/de\/covan-weltweit\/\">Covan WorldWide Moving<\/a> - Covan verf\u00fcgt \u00fcber 200 zwischenstaatliche und 600 lokale Einheiten. Das Unternehmen hat sich zum Ziel gesetzt, der f\u00fchrende Anbieter von internationalen Transportdienstleistungen zu sein.<\/li>\n<li> <a href=\"https:\/\/moverdb.com\/de\/armstrong-relocation\/\">Armstrong-Umzug<\/a> - Armstrong Relocation ist heute der gr\u00f6\u00dfte Warenvermittler f\u00fcr United Van Lines und hat 22 Niederlassungen in den USA.<\/li>\n<li> <a href=\"https:\/\/moverdb.com\/de\/williams-moving-storage\/\">Williams Umzug &amp; Lagerung<\/a> - Williams Moving and Storage ist ein kanadisches Umzugsunternehmen, das Privatpersonen und Unternehmen sowohl lokal als auch international umzieht.<\/li>\n<li> <a href=\"https:\/\/moverdb.com\/de\/beltmann-relocation\/\">Beltmann Relocation Gruppe<\/a> - Das Unternehmen wurde 1955 von der Familie Battina gegr\u00fcndet und ist noch immer in Familienbesitz und -betrieb. Es ist einer der gr\u00f6\u00dften und \u00e4ltesten Vertreter f\u00fcr North American Van Lines.<\/li>\n<li> <a href=\"https:\/\/moverdb.com\/de\/national-van-lines\/\">Nationale Van-Linien<\/a> - Das Motto des Unternehmens lautet \"Moving Your Memories\", was sowohl die Mitarbeiter als auch die Kunden daran erinnert, dass pers\u00f6nliche Gegenst\u00e4nde wertvoll sind und stets mit Sorgfalt behandelt werden.<\/li>\n<li> <a href=\"https:\/\/moverdb.com\/de\/berger-allied\/\">Berger Allied (Umschlag und Lagerung)<\/a> - Berger Transfer and Storage ist seit 1910 t\u00e4tig. Das Unternehmen arbeitet mit Privatpersonen, Unternehmen und Regierungsbeh\u00f6rden zusammen. <\/li>\n<li> Lawrence Transport Systeme<\/li>\n<li> <a href=\"https:\/\/moverdb.com\/de\/mccollisters-umzug\/\">McCollisters Transport Gruppe<\/a> - McCollister's ist ein privates Unternehmen, das f\u00fcr die UniGroup Inc. arbeitet, zu der United Van Lines und Mayflower Transit geh\u00f6ren. (siehe oben)<\/li>\n<li> <a href=\"https:\/\/moverdb.com\/de\/coleman-weltweit-umziehen\/\">Coleman Worldwide Moving<\/a> - Coleman Worldwide Moving, auch bekannt als Coleman American Moving Services &amp; Coleman Allied, bietet sowohl inneramerikanische als auch internationale Umz\u00fcge an.<\/li>\n<li> <a href=\"https:\/\/moverdb.com\/de\/hilldrup-umzug-lagerung\/\">Hilldrup Umzug &amp; Lagerung<\/a> - Bietet Dienstleistungen wie Umzugshilfe, Umzugsmanagement, Lagerung, Abreise- und Bestimmungsdienste und mehr.<\/li>\n<li> <a href=\"https:\/\/moverdb.com\/de\/american-red-ball-transit\/\">American Red Ball Transit Company<\/a> - Das Unternehmen hat seinen Sitz in Indianapolis und konzentriert sich auf Inlandsdienste innerhalb der USA.<\/li>\n<li> Neue Welt Van Lines<\/li>\n<li> Palmer Umzug &amp; Lagerung<\/li>\n<li> Mergenthaler Transfer und Lagerung<\/li>\n<li> Scobey Umzug und Lagerung LTD<\/li>\n<li> Corrigan Umzugssysteme<\/li>\n<li> Tri Star Freight System<\/li>\n<li> Hungernde Studenten<\/li>\n<li> A-1 Freeman Umzugsunternehmen<\/li>\n<li> Daryl Flood Umz\u00fcge und Logistik<\/li>\n<li> JK Umzug &amp; Lagerung<\/li>\n<li> Ace Relocation Systeme<\/li>\n<li> Ford Lagerung &amp; Umzugsunternehmen<\/li>\n<li> Budd Van Lines<\/li>\n<li> Planes Umzug und Lagerung<\/li>\n<li> Sanfter Riese Umzugsunternehmen<\/li>\n<li> <a href=\"https:\/\/moverdb.com\/de\/island-movers\/\">Insel-Mover<\/a> - Bietet Umzugsdienste von und zu den hawaiianischen Inseln sowohl aus den Vereinigten Staaten als auch international an.<\/li>\n<li> Mesa Umzug &amp; Lagerung<\/li>\n<li> Amerikanische internationale Spediteure<\/li>\n<li> Amerikanische Spediteure<\/li>\n<li> Arnoff Umzug &amp; Lagerung,<\/li>\n<li> Fidelity Umzug &amp; Lagerung Unternehmen<\/li>\n<li> Lile Internationale Unternehmen<\/li>\n<li> Carlyle Van Lines<\/li>\n<li> Der richtige Spediteur<\/li>\n<li> Andrews Van Lines<\/li>\n<li> Sherwood Van Lines<\/li>\n<li> Bisson Umzug &amp; Lagerung<\/li>\n<li> Bohren's Umzug &amp; Lagerung,<\/li>\n<li> Select Van &amp; Storage<\/li>\n<li> Broadway Express<\/li>\n<li> FlatRate Umzug<\/li>\n<li> Smith Dray Line &amp; Lagerung<\/li>\n<li> Sauerteig-Express<\/li>\n<li> South Hills Umzugsunternehmen<\/li>\n<li> Fischer Nordamerikanisch<\/li>\n<li> Interstate Van Lines\/Interstate Worldwide<\/li>\n<li> Ward Nordamerikanisch<\/li>\n<li> Ost <a href=\"https:\/\/moverdb.com\/de\/moving-to-the-united-states\/moving-to-tennessee\/\" data-internallinksmanager029f6b8e52c=\"406\" title=\"Umzug nach Tennessee? 2026 Lebenshaltungskosten &amp; Umzugstipps\">Tennessee<\/a> Umzug\/Zwei M\u00e4nner und ein Lastwagen<\/li>\n<li> Gruppe Imlach<\/li>\n<li> Air Van Umzug<\/li>\n<li> Legacy Transport Services<\/li>\n<li> Tippet-Richardson<\/li>\n<li> Atlantische Umzugsunternehmen<\/li>\n<li> Carey Umzug &amp; Lagerung<\/li>\n<li> A Arnold Weltklasse-Umzug<\/li>\n<li> William B. Meyer<\/li>\n<li> Horizon Moving Systems<\/li>\n<li> Parks Umzug &amp; Lagerung<\/li>\n<li> Highland Umzug &amp; Lagerung<\/li>\n<li> Delancey Street Umzug und Transport<\/li>\n<li> Armstrong-Umzug<\/li>\n<li> Bundesunternehmen<\/li>\n<li> Hoyt's Umzug &amp; Lagerung<\/li>\n<li> Johnson Lagerung und Umzug<\/li>\n<li> Nor-Cal Umzugsdienste<\/li>\n<li> <a href=\"https:\/\/moverdb.com\/de\/royal-hawaiian-movers\/\">Royal Hawaiian Umzugsunternehmen<\/a> - Royal Hawaiian Movers ist Teil der DeWitt Unternehmensgruppe und bietet seinen Kunden verschiedene lokale, insel\u00fcbergreifende, kontinentale und internationale Umz\u00fcge an.<\/li>\n<li> Central Van &amp; Storage,<\/li>\n<li> <a href=\"https:\/\/moverdb.com\/de\/kronenverschiebung\/\">Crown Umzug Co<\/a> - Jetzt geschlossen, mit Sitz in <a href=\"https:\/\/moverdb.com\/de\/moving-to-seattle\/\" data-internallinksmanager029f6b8e52c=\"65\" title=\"Umzug nach Seattle? 2026 Lebenshaltungskosten &amp; Umzugstipps\">Seattle<\/a>.<\/li>\n<li> Fry-Wagner Umzug und Lagerung Co<\/li>\n<li> B. Von <a href=\"https:\/\/moverdb.com\/de\/moving-to-france\/moving-to-paris\/\" data-internallinksmanager029f6b8e52c=\"407\" title=\"Umzug nach Paris? 2026 Lebenshaltungskosten &amp; Umzugstipps\">Paris<\/a> Umzug und Lagerung<\/li>\n<li> O'Brien's Umzug &amp; Lagerung<\/li>\n<li> Piqua Transfer &amp; Lagerung Unternehmen<\/li>\n<li> Joyce Van Lines,<\/li>\n<li> Plycon Transport Gruppe<\/li>\n<li> AAA Umzug &amp; Lagerung<\/li>\n<li> Aaction Umzug &amp; Lagerung<\/li>\n<li> Alero Umzug und Lagerung<\/li>\n<li> DMS Bewegliche Systeme<\/li>\n<li> George Umzug &amp; Lagerung<\/li>\n<li> Glen Ellyn Speicher Gesellschaft<\/li>\n<li> Piepho Umzug und Lagerung<\/li>\n<li> Eagle Van Lines<\/li>\n<li> Roadrunner Umzug und Lagerung<\/li>\n<li> Lint Van Lines<\/li>\n<li> Pazifik-Transfer<\/li>\n<li> Paxton Van Lines<\/li>\n<\/ol>","protected":false},"excerpt":{"rendered":"<p>Below you will find a list of the top 100 largest domestic and international moving companies the United States and Canada based on the number of registered trucks in their fleet. One of these companies is likely to be the right one for your international, long distance and\/or interstate move. The data comes from MovingCompanyReviews.com [&hellip;]<\/p>\n","protected":false},"author":1,"featured_media":1083,"parent":0,"menu_order":0,"comment_status":"closed","ping_status":"closed","template":"","meta":{"_genesis_hide_title":false,"_genesis_hide_breadcrumbs":false,"_genesis_hide_singular_image":false,"_genesis_hide_footer_widgets":false,"_genesis_custom_body_class":"","_genesis_custom_post_class":"","_genesis_layout":"","footnotes":""},"class_list":{"0":"post-955","1":"page","2":"type-page","3":"status-publish","4":"has-post-thumbnail","6":"entry"},"_links":{"self":[{"href":"https:\/\/moverdb.com\/de\/wp-json\/wp\/v2\/pages\/955","targetHints":{"allow":["GET"]}}],"collection":[{"href":"https:\/\/moverdb.com\/de\/wp-json\/wp\/v2\/pages"}],"about":[{"href":"https:\/\/moverdb.com\/de\/wp-json\/wp\/v2\/types\/page"}],"author":[{"embeddable":true,"href":"https:\/\/moverdb.com\/de\/wp-json\/wp\/v2\/users\/1"}],"replies":[{"embeddable":true,"href":"https:\/\/moverdb.com\/de\/wp-json\/wp\/v2\/comments?post=955"}],"version-history":[{"count":40,"href":"https:\/\/moverdb.com\/de\/wp-json\/wp\/v2\/pages\/955\/revisions"}],"predecessor-version":[{"id":6247,"href":"https:\/\/moverdb.com\/de\/wp-json\/wp\/v2\/pages\/955\/revisions\/6247"}],"wp:featuredmedia":[{"embeddable":true,"href":"https:\/\/moverdb.com\/de\/wp-json\/wp\/v2\/media\/1083"}],"wp:attachment":[{"href":"https:\/\/moverdb.com\/de\/wp-json\/wp\/v2\/media?parent=955"}],"curies":[{"name":"wp","href":"https:\/\/api.w.org\/{rel}","templated":true}]}}