{"id":9525,"date":"2023-06-08T12:37:11","date_gmt":"2023-06-08T12:37:11","guid":{"rendered":"https:\/\/moverdb.com\/?page_id=9525"},"modified":"2026-01-08T15:24:26","modified_gmt":"2026-01-08T15:24:26","slug":"moving-companies-slovenia","status":"publish","type":"page","link":"https:\/\/moverdb.com\/de\/moving-companies\/moving-companies-slovenia\/","title":{"rendered":"Die 3 besten internationalen Umzugsunternehmen in Slowenien"},"content":{"rendered":"<p>Ein Umzug kann eine stressige Zeit sein, in der viele Dinge zu regeln sind, besonders wenn Sie ins Ausland umziehen. Wenn Sie einen Umzug innerhalb, nach oder von <a href=\"https:\/\/moverdb.com\/de\/moving-to-slovenia\/\" data-internallinksmanager029f6b8e52c=\"392\" title=\"Umzug nach Slowenien? 2026 Lebenshaltungskosten &amp; Umzugstipps\">Slowenien<\/a> dann die Inanspruchnahme der Dienste eines <a href=\"https:\/\/moverdb.com\/de\/moving-companies\/\" data-internallinksmanager029f6b8e52c=\"79\" title=\"Top 25 Internationale Umzugsunternehmen Online\">Umzugsunternehmen<\/a> k\u00f6nnen helfen, die Last zu erleichtern. Im Folgenden haben wir eine Liste der in Slowenien ans\u00e4ssigen <a href=\"https:\/\/moverdb.com\/de\/international-removals\/\" data-internallinksmanager029f6b8e52c=\"27\" title=\"36 Beste internationale Umzugsunternehmen in Gro\u00dfbritannien\">Umzugsunternehmen<\/a> die Mitglieder der <a href=\"https:\/\/moverdb.com\/de\/iam\/\" data-internallinksmanager029f6b8e52c=\"23\" title=\"International Association of Movers (IAM) erkl\u00e4rt\">Internationaler Verband der M\u00f6belspediteure<\/a> (IAM) und\/oder <a href=\"https:\/\/moverdb.com\/de\/fidi-faim\/\" data-internallinksmanager029f6b8e52c=\"16\" title=\"FIDI &amp; FAIM (FIDI Accredited International Mover) Erl\u00e4utert\">FIDI<\/a> Accredited International Mover (FAIM), die Ihnen bei Ihrem Umzug helfen k\u00f6nnen.<\/p>\n<h2><strong>1. DB Schenker<\/strong><\/h2>\n<p><img loading=\"lazy\" decoding=\"async\" class=\"alignnone size-full wp-image-9351\" src=\"https:\/\/moverdb.com\/wp-content\/uploads\/DB-Schenker-Slovenvia-international-moving-company.png\" alt=\"DB Schenker Slovenvia internationales Umzugsunternehmen\" width=\"1440\" height=\"673\" data-wp-pid=\"9351\" srcset=\"https:\/\/moverdb.com\/wp-content\/uploads\/DB-Schenker-Slovenvia-international-moving-company.png 1440w, https:\/\/moverdb.com\/wp-content\/uploads\/DB-Schenker-Slovenvia-international-moving-company-300x140.png 300w, https:\/\/moverdb.com\/wp-content\/uploads\/DB-Schenker-Slovenvia-international-moving-company-1024x479.png 1024w, https:\/\/moverdb.com\/wp-content\/uploads\/DB-Schenker-Slovenvia-international-moving-company-18x8.png 18w, https:\/\/moverdb.com\/wp-content\/uploads\/DB-Schenker-Slovenvia-international-moving-company-600x280.png 600w\" sizes=\"auto, (max-width: 1440px) 100vw, 1440px\" \/><\/p>\n<ul>\n<li>Nationale Umz\u00fcge<\/li>\n<li>Internationale Umz\u00fcge<\/li>\n<li>Umz\u00fcge im Haushalt<\/li>\n<li>Unternehmen zieht um<\/li>\n<li>Ma\u00dfgeschneiderte Verpackung<\/li>\n<li>Land-, Schienen-, Luft- und Seefracht<\/li>\n<li>Zollabfertigung<\/li>\n<li>Umgang mit Kunstwerken<\/li>\n<li>Spezialisierter Fuhrpark und Ausr\u00fcstung<\/li>\n<li>Lagereinrichtungen<\/li>\n<\/ul>\n<p>DB Schenker ist ein globaler Logistikdienstleister mit ca. 1.850 Standorten weltweit, der seit 1872 t\u00e4tig ist und in der Schweiz gegr\u00fcndet wurde. <a href=\"https:\/\/moverdb.com\/de\/moving-to-austria\/\" data-internallinksmanager029f6b8e52c=\"343\" title=\"Umzug nach \u00d6sterreich? 2026 Lebenshaltungskosten &amp; Umzugstipps\">\u00d6sterreich<\/a>. Sie haben mehrere Standorte in Slowenien, darunter Ljubljana, Maribor, Koper, Brnik und Skofja Loka. Sie sind Mitglied der IAM.<\/p>\n<p>DB Schenker bietet Umz\u00fcge und Relocation Services innerhalb, nach und aus Slowenien an. Die Dienstleistungen umfassen einen professionellen Verpackungsservice mit ma\u00dfgeschneiderten, umweltfreundlichen Verpackungen. Das Unternehmen verf\u00fcgt \u00fcber eine eigene Flotte von luftgefederten Umzugsfahrzeugen und Hebeb\u00fchnen, um Ihr Hab und Gut zu transportieren. Sie organisieren den Transport auf dem Land-, Schienen-, Luft- und Seeweg und k\u00fcmmern sich um die Zollabfertigung bei Umzugspl\u00e4nen.<\/p>\n<p>Website: <a href=\"https:\/\/www.dbschenker.com\/si-en\/products\/removals\" target=\"_blank\" rel=\"noopener\">https:\/\/www.dbschenker.com\/si-en\/products\/removals<\/a><\/p>\n<h2><strong>2. Umz\u00fcge GmbH<\/strong><\/h2>\n<p><img loading=\"lazy\" decoding=\"async\" class=\"alignnone size-full wp-image-9417\" src=\"https:\/\/moverdb.com\/wp-content\/uploads\/Relocations-Ltd-international-moving-company.png\" alt=\"Relocations Ltd internationales Umzugsunternehmen\" width=\"1440\" height=\"673\" data-wp-pid=\"9417\" srcset=\"https:\/\/moverdb.com\/wp-content\/uploads\/Relocations-Ltd-international-moving-company.png 1440w, https:\/\/moverdb.com\/wp-content\/uploads\/Relocations-Ltd-international-moving-company-300x140.png 300w, https:\/\/moverdb.com\/wp-content\/uploads\/Relocations-Ltd-international-moving-company-1024x479.png 1024w, https:\/\/moverdb.com\/wp-content\/uploads\/Relocations-Ltd-international-moving-company-18x8.png 18w, https:\/\/moverdb.com\/wp-content\/uploads\/Relocations-Ltd-international-moving-company-600x280.png 600w\" sizes=\"auto, (max-width: 1440px) 100vw, 1440px\" \/><\/p>\n<ul>\n<li>Nationale Umz\u00fcge<\/li>\n<li>Internationale Umz\u00fcge<\/li>\n<li>Umz\u00fcge im Haushalt<\/li>\n<li>Firmenumz\u00fcge<\/li>\n<li>Hochwertige Verpackung<\/li>\n<li>Vorkehrungen f\u00fcr den Transport<\/li>\n<li>Zollabfertigung<\/li>\n<li>Fahrzeugtransport<\/li>\n<li>Einwanderungsdienste<\/li>\n<li>Lagereinrichtungen<\/li>\n<\/ul>\n<p>Relocations Ltd ist ein im Jahr 2006 gegr\u00fcndetes Umzugsunternehmen mit Sitz in Ljubljana. Sie verf\u00fcgen \u00fcber ein Team von Umzugsprofis in Slowenien und arbeiten mit verifizierten Partnern im Ausland zusammen, die unabh\u00e4ngige Umzugsmanagement-Koordinationsdienste anbieten. Das Unternehmen ist Mitglied der IAM.<\/p>\n<p>Relocations Ltd bietet eine Auswahl an lokaler Unterst\u00fctzung oder einen kompletten Umzugsservice f\u00fcr Umz\u00fcge innerhalb, nach oder aus Slowenien. Sie bieten Dienstleistungen f\u00fcr Haushalte und Unternehmen, einschlie\u00dflich Fahrzeugtransport und Einwanderungsdienste. Sie arrangieren den Transport Ihres Eigentums mit Zollabfertigung. Sie bieten zus\u00e4tzliche Dienstleistungen wie Eingew\u00f6hnung, Abreise, Wohnungs- und Schulsuche, Orientierung, kulturelles Training und Handwerkerdienste.<\/p>\n<p>Website: <a href=\"http:\/\/www.relocations.si\" target=\"_blank\" rel=\"noopener\">http:\/\/www.relocations.si<\/a><\/p>\n<h2><strong>3. Vatovec<\/strong><\/h2>\n<p><img loading=\"lazy\" decoding=\"async\" class=\"alignnone size-full wp-image-9443\" src=\"https:\/\/moverdb.com\/wp-content\/uploads\/Vatovec-international-moving-company.png\" alt=\"Vatovec internationales Umzugsunternehmen\" width=\"1440\" height=\"680\" data-wp-pid=\"9443\" srcset=\"https:\/\/moverdb.com\/wp-content\/uploads\/Vatovec-international-moving-company.png 1440w, https:\/\/moverdb.com\/wp-content\/uploads\/Vatovec-international-moving-company-300x142.png 300w, https:\/\/moverdb.com\/wp-content\/uploads\/Vatovec-international-moving-company-1024x484.png 1024w, https:\/\/moverdb.com\/wp-content\/uploads\/Vatovec-international-moving-company-18x9.png 18w, https:\/\/moverdb.com\/wp-content\/uploads\/Vatovec-international-moving-company-600x283.png 600w\" sizes=\"auto, (max-width: 1440px) 100vw, 1440px\" \/><\/p>\n<ul>\n<li>Nationale Umz\u00fcge<\/li>\n<li>Internationale Verlagerungen<\/li>\n<li>Umz\u00fcge von Haushalten<\/li>\n<li>B\u00fcroverlagerungen<\/li>\n<li>Professioneller Verpackungsdienst<\/li>\n<li>Transport auf dem Land-, Luft- und Seeweg<\/li>\n<li>Zollformalit\u00e4ten<\/li>\n<li>Bewegte Kunstobjekte<\/li>\n<li>Transport von Kleintieren<\/li>\n<li>Lagereinrichtungen<\/li>\n<\/ul>\n<p>Vatovec ist ein 1998 gegr\u00fcndetes Umzugsunternehmen mit Sitz in Ljubljana. Das Unternehmen verf\u00fcgt \u00fcber ein Netz hochwertiger internationaler Partner in der ganzen Welt, die bei internationalen Umz\u00fcgen helfen. Vatovec ist seit 25 Jahren Mitglied der IAM und ist von der FIDI akkreditiert.<\/p>\n<p>Vatovec bietet Umzugs- und Relocation-Dienstleistungen innerhalb, nach und aus Slowenien an. Sie bieten professionelle Verpackungsdienste, die daf\u00fcr sorgen, dass Ihr Hab und Gut sicher verpackt und auf dem Land-, Luft- oder Seeweg zu Ihrem Zielort transportiert wird, wobei die Zollformalit\u00e4ten erledigt werden. Zu ihren Umzugsdienstleistungen geh\u00f6ren Aufenthalts- und Arbeitsgenehmigungen, Wohnungs- und Schulsuche, Orientierung sowie die Suche nach Handwerkern und Dienstleistern.<\/p>\n<p>Website: <a href=\"http:\/\/www.vatovec.si\" target=\"_blank\" rel=\"noopener\">http:\/\/www.vatovec.si<\/a><\/p>","protected":false},"excerpt":{"rendered":"<p>Moving can be a stressful time with a lot of things to arrange especially if you are moving overseas. If you are planning a move within, to or from Slovenia then employing the services of a moving company can help lighten the load. Below we have compiled a list of Slovenia based removal companies that [&hellip;]<\/p>\n","protected":false},"author":4,"featured_media":9351,"parent":190,"menu_order":0,"comment_status":"closed","ping_status":"closed","template":"","meta":{"_genesis_hide_title":false,"_genesis_hide_breadcrumbs":false,"_genesis_hide_singular_image":false,"_genesis_hide_footer_widgets":false,"_genesis_custom_body_class":"","_genesis_custom_post_class":"","_genesis_layout":"","footnotes":""},"class_list":{"0":"post-9525","1":"page","2":"type-page","3":"status-publish","4":"has-post-thumbnail","6":"entry"},"_links":{"self":[{"href":"https:\/\/moverdb.com\/de\/wp-json\/wp\/v2\/pages\/9525","targetHints":{"allow":["GET"]}}],"collection":[{"href":"https:\/\/moverdb.com\/de\/wp-json\/wp\/v2\/pages"}],"about":[{"href":"https:\/\/moverdb.com\/de\/wp-json\/wp\/v2\/types\/page"}],"author":[{"embeddable":true,"href":"https:\/\/moverdb.com\/de\/wp-json\/wp\/v2\/users\/4"}],"replies":[{"embeddable":true,"href":"https:\/\/moverdb.com\/de\/wp-json\/wp\/v2\/comments?post=9525"}],"version-history":[{"count":1,"href":"https:\/\/moverdb.com\/de\/wp-json\/wp\/v2\/pages\/9525\/revisions"}],"predecessor-version":[{"id":9526,"href":"https:\/\/moverdb.com\/de\/wp-json\/wp\/v2\/pages\/9525\/revisions\/9526"}],"up":[{"embeddable":true,"href":"https:\/\/moverdb.com\/de\/wp-json\/wp\/v2\/pages\/190"}],"wp:featuredmedia":[{"embeddable":true,"href":"https:\/\/moverdb.com\/de\/wp-json\/wp\/v2\/media\/9351"}],"wp:attachment":[{"href":"https:\/\/moverdb.com\/de\/wp-json\/wp\/v2\/media?parent=9525"}],"curies":[{"name":"wp","href":"https:\/\/api.w.org\/{rel}","templated":true}]}}