{"id":9523,"date":"2023-06-08T12:38:02","date_gmt":"2023-06-08T12:38:02","guid":{"rendered":"https:\/\/moverdb.com\/?page_id=9523"},"modified":"2026-01-08T15:30:15","modified_gmt":"2026-01-08T15:30:15","slug":"moving-companies-slovakia","status":"publish","type":"page","link":"https:\/\/moverdb.com\/de\/moving-companies\/moving-companies-slovakia\/","title":{"rendered":"Die besten internationalen Umzugsunternehmen in der Slowakei"},"content":{"rendered":"<p>Denken Sie \u00fcber einen Umzug Ihres Wohnsitzes oder Ihres Unternehmens innerhalb von, nach oder von <a href=\"https:\/\/moverdb.com\/de\/moving-to-slovakia\/\" data-internallinksmanager029f6b8e52c=\"338\" title=\"Umzug in die Slowakei? 2026 Lebenshaltungskosten &amp; Umzugstipps\">Slowakei<\/a>? Dann sollten Sie die Dienste eines Umzugsunternehmens in Anspruch nehmen, um den Arbeitsaufwand und den Stress zu verringern. Im Folgenden haben wir eine Liste von slowakischen <a href=\"https:\/\/moverdb.com\/de\/international-removals\/\" data-internallinksmanager029f6b8e52c=\"27\" title=\"36 Beste internationale Umzugsunternehmen in Gro\u00dfbritannien\">Umzugsunternehmen<\/a> die Mitglieder der <a href=\"https:\/\/moverdb.com\/de\/iam\/\" data-internallinksmanager029f6b8e52c=\"23\" title=\"International Association of Movers (IAM) erkl\u00e4rt\">Internationaler Verband der M\u00f6belspediteure<\/a> (IAM) und\/oder <a href=\"https:\/\/moverdb.com\/de\/fidi-faim\/\" data-internallinksmanager029f6b8e52c=\"16\" title=\"FIDI &amp; FAIM (FIDI Accredited International Mover) Erl\u00e4utert\">FIDI<\/a> Accredited International Mover (FAIM), die Sie bei Ihrem Umzug unterst\u00fctzen k\u00f6nnen.<\/p>\n<h2><strong>Santa Fe Umzug<\/strong><\/h2>\n<p><img loading=\"lazy\" decoding=\"async\" class=\"alignnone size-full wp-image-9422\" src=\"https:\/\/moverdb.com\/wp-content\/uploads\/Santa-Fe-Relocation-Slovakia-international-moving-company.png\" alt=\"Santa Fe Relocation Slowakei internationales Umzugsunternehmen\" width=\"1440\" height=\"677\" data-wp-pid=\"9422\" srcset=\"https:\/\/moverdb.com\/wp-content\/uploads\/Santa-Fe-Relocation-Slovakia-international-moving-company.png 1440w, https:\/\/moverdb.com\/wp-content\/uploads\/Santa-Fe-Relocation-Slovakia-international-moving-company-300x141.png 300w, https:\/\/moverdb.com\/wp-content\/uploads\/Santa-Fe-Relocation-Slovakia-international-moving-company-1024x481.png 1024w, https:\/\/moverdb.com\/wp-content\/uploads\/Santa-Fe-Relocation-Slovakia-international-moving-company-18x8.png 18w, https:\/\/moverdb.com\/wp-content\/uploads\/Santa-Fe-Relocation-Slovakia-international-moving-company-600x282.png 600w\" sizes=\"auto, (max-width: 1440px) 100vw, 1440px\" \/><\/p>\n<ul>\n<li>Nationaler Umzug<\/li>\n<li>Internationale Verlagerungen<\/li>\n<li>Umz\u00fcge von Haushalten<\/li>\n<li>Unternehmensverlagerungen<\/li>\n<li>Verpackungsservice<\/li>\n<li>Luft-, See- und Stra\u00dfenverkehr<\/li>\n<li>Zollabfertigung<\/li>\n<li>Umsiedlung von Haustieren<\/li>\n<li>Visum und Einwanderung<\/li>\n<li>Kurz- und Langzeitlagerung<\/li>\n<\/ul>\n<p>Santa Fe Relocation ist ein internationales Umzugsunternehmen, das 64 B\u00fcros in 38 L\u00e4ndern unterh\u00e4lt. Ihr slowakisches B\u00fcro er\u00f6ffnete sie 2002 in Bratislava. Santa Fe Relocation ist seit 21 Jahren Mitglied der IAM und ist von der FIDI akkreditiert.<\/p>\n<p>Santa Fe Relocation bietet Ihnen die Wahl zwischen einer Hausbesichtigung oder einer Videobesichtigung und einer Beratung vor dem Umzug, um Ihre Bed\u00fcrfnisse zu ermitteln. Sie bieten einen Verpackungsservice f\u00fcr Ihre Gegenst\u00e4nde und M\u00f6bel und organisieren den Transport per Flugzeug, Schiff oder Stra\u00dfe mit Zollabfertigung.  Das Unternehmen bietet eine Reihe von Zusatzleistungen an, darunter Transportschutz, Lagerung, Wohnungs- und Schulsuche, Eingew\u00f6hnungshilfe, Unterst\u00fctzung bei der Abreise und Umzug von Haustieren, <a href=\"https:\/\/moverdb.com\/de\/car-transport-shipping\/\" data-internallinksmanager029f6b8e52c=\"2\" title=\"2026 Internationale Autotransporte &amp; Angebote f\u00fcr Fahrzeugtransporte\">Fahrzeugverschiffung<\/a>sowie Unterst\u00fctzung bei der Visumserteilung und Einwanderung.<\/p>\n<p>Website: <a href=\"https:\/\/www.santaferelo.com\/en\/contact\/our-offices\/slovakia-bratislava\/\" target=\"_blank\" rel=\"noopener\">https:\/\/www.santaferelo.com\/en\/contact\/our-offices\/slovakia-bratislava\/<\/a><\/p>\n<h2>Andere n\u00fctzliche Reisef\u00fchrer f\u00fcr die Slowakei<\/h2>\n<ul>\n<li> <a href=\"https:\/\/moverdb.com\/de\/moving-to-slovakia\/moving-to-slovakia-from-the-uk\/\">Umzug von Gro\u00dfbritannien in die Slowakei<\/a><\/li>\n<li> <a href=\"https:\/\/moverdb.com\/de\/moving-to-slovakia\/\">Umzug in die Slowakei? 2024 Lebenshaltungskosten &amp; Umzugstipps<\/a><\/li>\n<\/ul>","protected":false},"excerpt":{"rendered":"<p>Are you thinking of moving home or your business within, to or from Slovakia? If you are then you may want to enlist the services of a moving agent to reduce the work involved and the stress. Below we have compiled a list of Slovakian removal companies that are members of the International Association of [&hellip;]<\/p>\n","protected":false},"author":4,"featured_media":9422,"parent":190,"menu_order":0,"comment_status":"closed","ping_status":"closed","template":"","meta":{"_genesis_hide_title":false,"_genesis_hide_breadcrumbs":false,"_genesis_hide_singular_image":false,"_genesis_hide_footer_widgets":false,"_genesis_custom_body_class":"","_genesis_custom_post_class":"","_genesis_layout":"","footnotes":""},"class_list":{"0":"post-9523","1":"page","2":"type-page","3":"status-publish","4":"has-post-thumbnail","6":"entry"},"_links":{"self":[{"href":"https:\/\/moverdb.com\/de\/wp-json\/wp\/v2\/pages\/9523","targetHints":{"allow":["GET"]}}],"collection":[{"href":"https:\/\/moverdb.com\/de\/wp-json\/wp\/v2\/pages"}],"about":[{"href":"https:\/\/moverdb.com\/de\/wp-json\/wp\/v2\/types\/page"}],"author":[{"embeddable":true,"href":"https:\/\/moverdb.com\/de\/wp-json\/wp\/v2\/users\/4"}],"replies":[{"embeddable":true,"href":"https:\/\/moverdb.com\/de\/wp-json\/wp\/v2\/comments?post=9523"}],"version-history":[{"count":3,"href":"https:\/\/moverdb.com\/de\/wp-json\/wp\/v2\/pages\/9523\/revisions"}],"predecessor-version":[{"id":17867,"href":"https:\/\/moverdb.com\/de\/wp-json\/wp\/v2\/pages\/9523\/revisions\/17867"}],"up":[{"embeddable":true,"href":"https:\/\/moverdb.com\/de\/wp-json\/wp\/v2\/pages\/190"}],"wp:featuredmedia":[{"embeddable":true,"href":"https:\/\/moverdb.com\/de\/wp-json\/wp\/v2\/media\/9422"}],"wp:attachment":[{"href":"https:\/\/moverdb.com\/de\/wp-json\/wp\/v2\/media?parent=9523"}],"curies":[{"name":"wp","href":"https:\/\/api.w.org\/{rel}","templated":true}]}}